{"id":168512,"date":"2025-06-17T17:37:49","date_gmt":"2025-06-17T15:37:49","guid":{"rendered":"https:\/\/thetreecbd.com\/cbd\/kleine-mac-cbd-knospe"},"modified":"2025-06-27T13:32:34","modified_gmt":"2025-06-27T11:32:34","slug":"kleine-mac-cbd-knospe","status":"publish","type":"product","link":"https:\/\/thetreecbd.com\/de\/cbd\/kleine-mac-cbd-knospe","title":{"rendered":"Kleine MAC-CBD-Knospe"},"content":{"rendered":"<p>The Tree CBD bringt Ihnen kleine <strong>CBD-Knospen<\/strong> der <strong>MAC CBD<\/strong>-Sorte, eine einzigartige Genetik, die in jeder Bl\u00fcte eine gro\u00dfe Menge CBD bietet. Der Name MAC steht f\u00fcr das bekannte K\u00fcrzel <strong>Miracle Alien Cookies<\/strong>, dessen Geschmack wirklich an einen Keks erinnert. Wenn Sie ein Fan von Cookies sind, sollten Sie dieser Sch\u00f6nheit eine Chance geben.<\/p>\n<p>Diese CBD-Knospen stammen aus einer <strong>legend\u00e4ren Genetik<\/strong>, die aus der Kreuzung von <strong>Fragolina x Finolla x Lavanda<\/strong> hervorgegangen ist.<\/p>\n<p>Die Bl\u00fcten von <strong>MAC CBD<\/strong>, eine exklusive Genetik von <strong>The Tree<\/strong>, sind einzigartig und unvergleichlich. Sie zeigen eine <strong>hellgr\u00fcne Farbe<\/strong>, die sich von anderen <strong>CBD-Knospen<\/strong> unterscheidet, mit fast wei\u00dfen <strong>Pistillen<\/strong>, wodurch sie f\u00fcr erfahrene Nutzer leicht erkennbar sind und auch von Anf\u00e4ngern in der <strong>legalen Cannabiswelt<\/strong> gut angenommen werden. Die Kombination aus einer <strong>dichten, harz\u00fcberzogenen Bl\u00fcte<\/strong> und ihrem <strong>starken Duft<\/strong> macht sie heute zu einer der <strong>besten und begehrtesten Sorten<\/strong>.<\/p>\n<p>Es ist eine ziemlich <strong>hybride Pflanze<\/strong>, die sich perfekt zum <strong>Sozialisieren<\/strong> eignet und gleichzeitig f\u00fcr <strong>vollst\u00e4ndige Entspannung<\/strong> sorgt. Ihr Aroma ist <strong>stark und intensiv<\/strong>, mit <strong>s\u00fc\u00dfen und blumigen Noten<\/strong>, vielleicht sogar leicht <strong>w\u00fcrzig<\/strong>, aber ihr charakteristischstes und eindringlichstes Aroma erinnert an <strong>Erde und Gas<\/strong>, was diese Sorte f\u00fcr Terpenliebhaber <strong>unvergesslich<\/strong> macht.<\/p>\n<p>Unsere <strong>MAC CBD-Knospen<\/strong> stammen aus von der <strong>EU ausgew\u00e4hlten Samen<\/strong> und werden <strong>100% nat\u00fcrlich indoor<\/strong> angebaut, ohne <strong>Zus\u00e4tze oder Pestizide<\/strong>, um unser Hauptziel zu erf\u00fcllen: <strong>stets hochwertige Produkte anzubieten<\/strong>.<\/p>\n<p>Diese <strong>CBD-Bl\u00fcten<\/strong> haben eine <strong>noch st\u00e4rkere entspannende Wirkung<\/strong>, dank ihres <strong>hohen CBD-Gehalts von 14% bis 16%<\/strong>.<\/p>\n<p>Dar\u00fcber hinaus sind sie durch den <strong>geringen THC-Gehalt von unter 0,20%<\/strong> <strong>in ganz Europa legal<\/strong> und haben <strong>keine psychoaktiven Effekte<\/strong>.<\/p>\n","protected":false},"excerpt":{"rendered":"<p>CBD-Bl\u00fcten in Spanien sind laut geltendem Rechtsrahmen ausschlie\u00dflich f\u00fcr dekorativen, aromatischen und\/oder Sammlerzweck bestimmt.<\/p>\n<p>In anderen L\u00e4ndern wie den Vereinigten Staaten und Kanada, der Schweiz, Luxemburg oder der Tschechischen Republik ist der Verkauf von CBD-Cannabis zum Rauchen oder Verdampfen erlaubt. Aus diesem Grund nutzen heutzutage viele Anwender diese Konsumform von Cannabidiol, um von den ihm zugeschriebenen Vorteilen zu profitieren, ohne die psychotropen Wirkungen von THC zu erfahren, die herk\u00f6mmliches Freizeit-Cannabis mit sich bringt.<\/p>\n<p>In L\u00e4ndern, in denen das Rauchen von CBD legal ist, sagen Nutzer, dass der Hauptvorteil dieser Konsummethode die schnelle Wirkung sei. Allerdings ist es schwer, die tats\u00e4chlich absorbierte Menge an Cannabidiol genau zu messen, und die Wirkung h\u00e4lt meist weniger lange an.<\/p>\n<p>Es ist wichtig klarzustellen, dass das Rauchen von CBD, gem\u00e4\u00df den in bestimmten L\u00e4ndern (nicht in Spanien) geltenden gesetzlichen Bestimmungen, keine psychotropen Effekte verursacht, also nicht das \u201eHigh\u201c-Gef\u00fchl wie THC-haltiges Cannabis.<\/p>\n","protected":false},"featured_media":176531,"template":"","meta":{"_acf_changed":false},"product_brand":[],"class_list":{"0":"post-168512","1":"product","2":"type-product","3":"status-publish","4":"has-post-thumbnail","6":"product_cat-bluten","7":"product_cat-kleine-cbd-bluten-popcorn-buds","9":"first","10":"instock","11":"taxable","12":"shipping-taxable","13":"purchasable","14":"product-type-variable"},"acf":[],"yoast_head":"<!-- This site is optimized with the Yoast SEO plugin v26.3 - https:\/\/yoast.com\/wordpress\/plugins\/seo\/ -->\n<title>Kleine MAC-CBD-Knospe16% CBD. Cannabis Legal - The Tree CBD<\/title>\n<meta name=\"description\" content=\"Exklusive MAC-CBD-Bl\u00fcte, mit einer dichten und starken Knospe, bietet ein starkes und intensives Aroma mit s\u00fc\u00dfen und blumigen Noten, Erde und Gas. MAC CBD zwischen 14-16% CBD.\" \/>\n<meta name=\"robots\" content=\"index, follow, max-snippet:-1, max-image-preview:large, max-video-preview:-1\" \/>\n<link rel=\"canonical\" href=\"https:\/\/thetreecbd.com\/de\/cbd\/kleine-mac-cbd-knospe\" \/>\n<meta property=\"og:locale\" content=\"de_DE\" \/>\n<meta property=\"og:type\" content=\"article\" \/>\n<meta property=\"og:title\" content=\"Kleine MAC-CBD-Knospe16% CBD. Cannabis Legal - The Tree CBD\" \/>\n<meta property=\"og:description\" content=\"Exklusive MAC-CBD-Bl\u00fcte, mit einer dichten und starken Knospe, bietet ein starkes und intensives Aroma mit s\u00fc\u00dfen und blumigen Noten, Erde und Gas. MAC CBD zwischen 14-16% CBD.\" \/>\n<meta property=\"og:url\" content=\"https:\/\/thetreecbd.com\/de\/cbd\/kleine-mac-cbd-knospe\" \/>\n<meta property=\"og:site_name\" content=\"The Tree CBD\" \/>\n<meta property=\"article:publisher\" content=\"https:\/\/www.facebook.com\/thetreeCBD\/\" \/>\n<meta property=\"article:modified_time\" content=\"2025-06-27T11:32:34+00:00\" \/>\n<meta property=\"og:image\" content=\"https:\/\/thetreecbd.com\/wp-content\/uploads\/2025\/06\/MAC-thetreecbd.jpg\" \/>\n\t<meta property=\"og:image:width\" content=\"1080\" \/>\n\t<meta property=\"og:image:height\" content=\"1350\" \/>\n\t<meta property=\"og:image:type\" content=\"image\/jpeg\" \/>\n<meta name=\"twitter:card\" content=\"summary_large_image\" \/>\n<meta name=\"twitter:site\" content=\"@TheTreeCBD_EU\" \/>\n<meta name=\"twitter:label1\" content=\"Gesch\u00e4tzte Lesezeit\" \/>\n\t<meta name=\"twitter:data1\" content=\"1\u00a0Minute\" \/>\n<script type=\"application\/ld+json\" class=\"yoast-schema-graph\">{\"@context\":\"https:\/\/schema.org\",\"@graph\":[{\"@type\":[\"WebPage\",\"ItemPage\"],\"@id\":\"https:\/\/thetreecbd.com\/de\/cbd\/kleine-mac-cbd-knospe\",\"url\":\"https:\/\/thetreecbd.com\/de\/cbd\/kleine-mac-cbd-knospe\",\"name\":\"Kleine MAC-CBD-Knospe16% CBD. Cannabis Legal - The Tree CBD\",\"isPartOf\":{\"@id\":\"https:\/\/thetreecbd.com\/de#website\"},\"primaryImageOfPage\":{\"@id\":\"https:\/\/thetreecbd.com\/de\/cbd\/kleine-mac-cbd-knospe#primaryimage\"},\"image\":{\"@id\":\"https:\/\/thetreecbd.com\/de\/cbd\/kleine-mac-cbd-knospe#primaryimage\"},\"thumbnailUrl\":\"https:\/\/thetreecbd.com\/wp-content\/uploads\/2025\/06\/MAC-thetreecbd.jpg\",\"datePublished\":\"2025-06-17T15:37:49+00:00\",\"dateModified\":\"2025-06-27T11:32:34+00:00\",\"description\":\"Exklusive MAC-CBD-Bl\u00fcte, mit einer dichten und starken Knospe, bietet ein starkes und intensives Aroma mit s\u00fc\u00dfen und blumigen Noten, Erde und Gas. MAC CBD zwischen 14-16% CBD.\",\"breadcrumb\":{\"@id\":\"https:\/\/thetreecbd.com\/de\/cbd\/kleine-mac-cbd-knospe#breadcrumb\"},\"inLanguage\":\"de\",\"potentialAction\":[{\"@type\":\"ReadAction\",\"target\":[\"https:\/\/thetreecbd.com\/de\/cbd\/kleine-mac-cbd-knospe\"]}]},{\"@type\":\"ImageObject\",\"inLanguage\":\"de\",\"@id\":\"https:\/\/thetreecbd.com\/de\/cbd\/kleine-mac-cbd-knospe#primaryimage\",\"url\":\"https:\/\/thetreecbd.com\/wp-content\/uploads\/2025\/06\/MAC-thetreecbd.jpg\",\"contentUrl\":\"https:\/\/thetreecbd.com\/wp-content\/uploads\/2025\/06\/MAC-thetreecbd.jpg\",\"width\":1080,\"height\":1350},{\"@type\":\"BreadcrumbList\",\"@id\":\"https:\/\/thetreecbd.com\/de\/cbd\/kleine-mac-cbd-knospe#breadcrumb\",\"itemListElement\":[{\"@type\":\"ListItem\",\"position\":1,\"name\":\"The Tree\",\"item\":\"https:\/\/thetreecbd.com\/de\"},{\"@type\":\"ListItem\",\"position\":2,\"name\":\"CBD\",\"item\":\"https:\/\/thetreecbd.com\/es\/cbd\"},{\"@type\":\"ListItem\",\"position\":3,\"name\":\"CBD-Bl\u00fcten kaufen\",\"item\":\"https:\/\/thetreecbd.com\/de\/bluten\"},{\"@type\":\"ListItem\",\"position\":4,\"name\":\"Kleine CBD-Bl\u00fcten &amp; Popcorn-Buds\",\"item\":\"https:\/\/thetreecbd.com\/de\/bluten\/kleine-cbd-bluten-popcorn-buds\"},{\"@type\":\"ListItem\",\"position\":5,\"name\":\"Kleine MAC-CBD-Knospe\"}]},{\"@type\":\"WebSite\",\"@id\":\"https:\/\/thetreecbd.com\/de#website\",\"url\":\"https:\/\/thetreecbd.com\/de\",\"name\":\"The Tree CBD\",\"description\":\"Comprar CBD en Espa\u00f1a Online\",\"publisher\":{\"@id\":\"https:\/\/thetreecbd.com\/de#organization\"},\"potentialAction\":[{\"@type\":\"SearchAction\",\"target\":{\"@type\":\"EntryPoint\",\"urlTemplate\":\"https:\/\/thetreecbd.com\/de?s={search_term_string}\"},\"query-input\":{\"@type\":\"PropertyValueSpecification\",\"valueRequired\":true,\"valueName\":\"search_term_string\"}}],\"inLanguage\":\"de\"},{\"@type\":\"Organization\",\"@id\":\"https:\/\/thetreecbd.com\/de#organization\",\"name\":\"The Tree CBD\",\"url\":\"https:\/\/thetreecbd.com\/de\",\"logo\":{\"@type\":\"ImageObject\",\"inLanguage\":\"de\",\"@id\":\"https:\/\/thetreecbd.com\/de#\/schema\/logo\/image\/\",\"url\":\"https:\/\/thetreecbd.com\/wp-content\/uploads\/2022\/04\/logo-thetree.png\",\"contentUrl\":\"https:\/\/thetreecbd.com\/wp-content\/uploads\/2022\/04\/logo-thetree.png\",\"width\":172,\"height\":55,\"caption\":\"The Tree CBD\"},\"image\":{\"@id\":\"https:\/\/thetreecbd.com\/de#\/schema\/logo\/image\/\"},\"sameAs\":[\"https:\/\/www.facebook.com\/thetreeCBD\/\",\"https:\/\/x.com\/TheTreeCBD_EU\",\"https:\/\/www.instagram.com\/thetree.cbd\/\",\"https:\/\/es.trustpilot.com\/review\/thetreecbd.com\"]}]}<\/script>\n<!-- \/ Yoast SEO plugin. -->","yoast_head_json":{"title":"Kleine MAC-CBD-Knospe16% CBD. Cannabis Legal - The Tree CBD","description":"Exklusive MAC-CBD-Bl\u00fcte, mit einer dichten und starken Knospe, bietet ein starkes und intensives Aroma mit s\u00fc\u00dfen und blumigen Noten, Erde und Gas. MAC CBD zwischen 14-16% CBD.","robots":{"index":"index","follow":"follow","max-snippet":"max-snippet:-1","max-image-preview":"max-image-preview:large","max-video-preview":"max-video-preview:-1"},"canonical":"https:\/\/thetreecbd.com\/de\/cbd\/kleine-mac-cbd-knospe","og_locale":"de_DE","og_type":"article","og_title":"Kleine MAC-CBD-Knospe16% CBD. Cannabis Legal - The Tree CBD","og_description":"Exklusive MAC-CBD-Bl\u00fcte, mit einer dichten und starken Knospe, bietet ein starkes und intensives Aroma mit s\u00fc\u00dfen und blumigen Noten, Erde und Gas. MAC CBD zwischen 14-16% CBD.","og_url":"https:\/\/thetreecbd.com\/de\/cbd\/kleine-mac-cbd-knospe","og_site_name":"The Tree CBD","article_publisher":"https:\/\/www.facebook.com\/thetreeCBD\/","article_modified_time":"2025-06-27T11:32:34+00:00","og_image":[{"width":1080,"height":1350,"url":"https:\/\/thetreecbd.com\/wp-content\/uploads\/2025\/06\/MAC-thetreecbd.jpg","type":"image\/jpeg"}],"twitter_card":"summary_large_image","twitter_site":"@TheTreeCBD_EU","twitter_misc":{"Gesch\u00e4tzte Lesezeit":"1\u00a0Minute"},"schema":{"@context":"https:\/\/schema.org","@graph":[{"@type":["WebPage","ItemPage"],"@id":"https:\/\/thetreecbd.com\/de\/cbd\/kleine-mac-cbd-knospe","url":"https:\/\/thetreecbd.com\/de\/cbd\/kleine-mac-cbd-knospe","name":"Kleine MAC-CBD-Knospe16% CBD. Cannabis Legal - The Tree CBD","isPartOf":{"@id":"https:\/\/thetreecbd.com\/de#website"},"primaryImageOfPage":{"@id":"https:\/\/thetreecbd.com\/de\/cbd\/kleine-mac-cbd-knospe#primaryimage"},"image":{"@id":"https:\/\/thetreecbd.com\/de\/cbd\/kleine-mac-cbd-knospe#primaryimage"},"thumbnailUrl":"https:\/\/thetreecbd.com\/wp-content\/uploads\/2025\/06\/MAC-thetreecbd.jpg","datePublished":"2025-06-17T15:37:49+00:00","dateModified":"2025-06-27T11:32:34+00:00","description":"Exklusive MAC-CBD-Bl\u00fcte, mit einer dichten und starken Knospe, bietet ein starkes und intensives Aroma mit s\u00fc\u00dfen und blumigen Noten, Erde und Gas. MAC CBD zwischen 14-16% CBD.","breadcrumb":{"@id":"https:\/\/thetreecbd.com\/de\/cbd\/kleine-mac-cbd-knospe#breadcrumb"},"inLanguage":"de","potentialAction":[{"@type":"ReadAction","target":["https:\/\/thetreecbd.com\/de\/cbd\/kleine-mac-cbd-knospe"]}]},{"@type":"ImageObject","inLanguage":"de","@id":"https:\/\/thetreecbd.com\/de\/cbd\/kleine-mac-cbd-knospe#primaryimage","url":"https:\/\/thetreecbd.com\/wp-content\/uploads\/2025\/06\/MAC-thetreecbd.jpg","contentUrl":"https:\/\/thetreecbd.com\/wp-content\/uploads\/2025\/06\/MAC-thetreecbd.jpg","width":1080,"height":1350},{"@type":"BreadcrumbList","@id":"https:\/\/thetreecbd.com\/de\/cbd\/kleine-mac-cbd-knospe#breadcrumb","itemListElement":[{"@type":"ListItem","position":1,"name":"The Tree","item":"https:\/\/thetreecbd.com\/de"},{"@type":"ListItem","position":2,"name":"CBD","item":"https:\/\/thetreecbd.com\/es\/cbd"},{"@type":"ListItem","position":3,"name":"CBD-Bl\u00fcten kaufen","item":"https:\/\/thetreecbd.com\/de\/bluten"},{"@type":"ListItem","position":4,"name":"Kleine CBD-Bl\u00fcten &amp; Popcorn-Buds","item":"https:\/\/thetreecbd.com\/de\/bluten\/kleine-cbd-bluten-popcorn-buds"},{"@type":"ListItem","position":5,"name":"Kleine MAC-CBD-Knospe"}]},{"@type":"WebSite","@id":"https:\/\/thetreecbd.com\/de#website","url":"https:\/\/thetreecbd.com\/de","name":"The Tree CBD","description":"Comprar CBD en Espa\u00f1a Online","publisher":{"@id":"https:\/\/thetreecbd.com\/de#organization"},"potentialAction":[{"@type":"SearchAction","target":{"@type":"EntryPoint","urlTemplate":"https:\/\/thetreecbd.com\/de?s={search_term_string}"},"query-input":{"@type":"PropertyValueSpecification","valueRequired":true,"valueName":"search_term_string"}}],"inLanguage":"de"},{"@type":"Organization","@id":"https:\/\/thetreecbd.com\/de#organization","name":"The Tree CBD","url":"https:\/\/thetreecbd.com\/de","logo":{"@type":"ImageObject","inLanguage":"de","@id":"https:\/\/thetreecbd.com\/de#\/schema\/logo\/image\/","url":"https:\/\/thetreecbd.com\/wp-content\/uploads\/2022\/04\/logo-thetree.png","contentUrl":"https:\/\/thetreecbd.com\/wp-content\/uploads\/2022\/04\/logo-thetree.png","width":172,"height":55,"caption":"The Tree CBD"},"image":{"@id":"https:\/\/thetreecbd.com\/de#\/schema\/logo\/image\/"},"sameAs":["https:\/\/www.facebook.com\/thetreeCBD\/","https:\/\/x.com\/TheTreeCBD_EU","https:\/\/www.instagram.com\/thetree.cbd\/","https:\/\/es.trustpilot.com\/review\/thetreecbd.com"]}]}},"_links":{"self":[{"href":"https:\/\/thetreecbd.com\/de\/wp-json\/wp\/v2\/product\/168512","targetHints":{"allow":["GET"]}}],"collection":[{"href":"https:\/\/thetreecbd.com\/de\/wp-json\/wp\/v2\/product"}],"about":[{"href":"https:\/\/thetreecbd.com\/de\/wp-json\/wp\/v2\/types\/product"}],"version-history":[{"count":0,"href":"https:\/\/thetreecbd.com\/de\/wp-json\/wp\/v2\/product\/168512\/revisions"}],"wp:featuredmedia":[{"embeddable":true,"href":"https:\/\/thetreecbd.com\/de\/wp-json\/wp\/v2\/media\/176531"}],"wp:attachment":[{"href":"https:\/\/thetreecbd.com\/de\/wp-json\/wp\/v2\/media?parent=168512"}],"wp:term":[{"taxonomy":"product_brand","embeddable":true,"href":"https:\/\/thetreecbd.com\/de\/wp-json\/wp\/v2\/product_brand?post=168512"}],"curies":[{"name":"wp","href":"https:\/\/api.w.org\/{rel}","templated":true}]}}