{"id":168591,"date":"2025-06-18T12:09:58","date_gmt":"2025-06-18T10:09:58","guid":{"rendered":"https:\/\/thetreecbd.com\/cbd\/kleiner-og-kush-cbd-bud"},"modified":"2025-06-27T13:23:50","modified_gmt":"2025-06-27T11:23:50","slug":"kleiner-og-kush-cbd-bud","status":"publish","type":"product","link":"https:\/\/thetreecbd.com\/de\/cbd\/kleiner-og-kush-cbd-bud","title":{"rendered":"Kleiner OG Kush CBD Bud"},"content":{"rendered":"<p>The Tree CBD bringt Ihnen die <strong>kleinen CBD-Bl\u00fcten<\/strong> der legalen Marihuana-Sorte <strong>OG Kush CBD<\/strong>, mit einer einzigartigen Genetik, die eine hohe Menge an CBD in jeder Bl\u00fcte bietet.<\/p>\n<p>Diese Bl\u00fcten stammen aus einer Kreuzung zwischen <strong>Kush x Pure CBD<\/strong>, die in Innenr\u00e4umen <strong>100 % nat\u00fcrlich<\/strong> angebaut wurden, ohne den Einsatz von Zusatzstoffen oder Pestiziden jeglicher Art.<\/p>\n<p>W\u00e4hrend <strong>Haze<\/strong>-Sorten die <strong>Sativa-Hybriden<\/strong> dominieren, sind <strong>Kush<\/strong>-Sorten f\u00fchrend in der <strong>Indica-Welt<\/strong>. \u00dcberraschenderweise ist die Grenze zwischen <strong>Indica und Sativa<\/strong> verschwommen, und es gibt mittlerweile <strong>Kush-Sorten mit Sativa-Dominanz<\/strong>. Nicht alle <strong>Kush-Genetiken<\/strong> tragen diesen Namen; einige sind unter der Bezeichnung <strong>OG Kush<\/strong> bekannt, w\u00e4hrend andere v\u00f6llig unterschiedliche Namen wie <strong>White Widow<\/strong> haben.<\/p>\n<h3><strong>Aussehen und Aroma \u2013 Unvergleichlich<\/strong><\/h3>\n<p>Die <strong>OG Kush CBD<\/strong> Bl\u00fcte bietet ein erdiges, krautiges und holziges Aroma. Ihr Duft ist eines der herausragendsten Merkmale dieser Bl\u00fcte. Es ist eine aromatische Blume, die alle CBD-Liebhaber begeistern wird. Die Mischung verspricht Intensit\u00e4t durch eine Kombination aus <strong>Holz-, Zitronen- und Kr\u00e4uternoten<\/strong>.<\/p>\n<p><strong>OG Kush CBD bietet eine entspannende Wirkung<\/strong>, dank seines hohen CBD-Gehalts, der zwischen <strong>10 % und 11 %<\/strong> liegt.<\/p>\n<p>Diese Hanfbl\u00fcte ist eine <strong>nicht psychoaktive Version<\/strong> einer klassischen Marihuana-Sorte.<\/p>\n<p>Da sie <strong>weniger als 0,20 % THC<\/strong> enth\u00e4lt, ist sie <strong>in ganz Europa vollkommen legal<\/strong> und hat <strong>keine psychoaktiven Effekte<\/strong>.<\/p>\n<h3><strong>Eigenschaften des legalen OG Kush CBD Cannabis<\/strong><\/h3>\n<ul>\n<li>Hanfbl\u00fcten<\/li>\n<li>Weniger als 0,20 % <strong>THC<\/strong><\/li>\n<li>10 % bis 11 % <strong>CBD<\/strong><\/li>\n<li><strong>Genetik<\/strong>: Kush x Pure CBD<\/li>\n<li>Sativa 40 % \/ Indica 60 %<\/li>\n<li>Keine psychoaktiven Effekte<\/li>\n<li>Biologisch angebaut<\/li>\n<li>GVO-frei<\/li>\n<li>Pestizidfrei<\/li>\n<\/ul>\n<h3><strong>OG Kush CBD Aroma<\/strong><\/h3>\n<p>Terpene kommen in den meisten \u00e4therischen \u00d6len vieler Pflanzen, Blumen und Fr\u00fcchte vor und sind f\u00fcr Duft und Geschmack verantwortlich. Cannabis enth\u00e4lt ein breites Terpenprofil.<\/p>\n<p>Die <strong>OG Kush CBD<\/strong> von <strong>The Tree<\/strong> hat ein Aroma, das an das Betreten eines <strong>Pinienwaldes<\/strong> erinnert, mit <strong>krautigen und leicht holzigen<\/strong> Noten, dazu eine Spur <strong>w\u00fcrziger, zitroniger Nuancen und eine leichte Diesel-Note<\/strong> \u2013 ein Erbe ihrer Vorfahren.<\/p>\n<h3><strong>Zielgruppe<\/strong><\/h3>\n<p><strong>CBD-Bl\u00fcten aus dem Gew\u00e4chshaus<\/strong> sind perfekt f\u00fcr diejenigen, die das <strong>beste Preis-Leistungs-Verh\u00e4ltnis<\/strong> suchen, da sie eine sehr <strong>gr\u00fcne Farbe<\/strong>, eine <strong>gute Qualit\u00e4t<\/strong> und einen <strong>niedrigeren Preis<\/strong> als Indoor-Bl\u00fcten bieten.<\/p>\n<p>Heutzutage gibt es sehr moderne <strong>Gew\u00e4chsh\u00e4user<\/strong>, die genauso effektiv sein k\u00f6nnen wie Indoor-Anbau. Sie erm\u00f6glichen eine <strong>Filterung des Sonnenlichts<\/strong>, teilweise mit <strong>zus\u00e4tzlicher Beleuchtung<\/strong>, sodass <strong>bis zu vier Ernten pro Jahr<\/strong> m\u00f6glich sind. So entscheiden sich CBD-Z\u00fcchter zunehmend f\u00fcr diese <strong>Mittelweg-L\u00f6sung<\/strong>, da sie <strong>das Klima kontrollieren<\/strong>, die Pflanzen weniger <strong>Sonnenbelastung<\/strong> haben und die <strong>Ertragsproduktion maximiert<\/strong> werden kann.<\/p>\n<h3><strong>Sicherheitsinformationen<\/strong><\/h3>\n<p>Bitte beachten Sie, dass die <strong>CBD-Bl\u00fcten von The Tree<\/strong> ein <strong>dekoratives, sammelbares und aromatisches Produkt<\/strong> sind. Sie sollten <strong>nicht w\u00e4hrend der Schwangerschaft oder Stillzeit verwendet werden<\/strong> und <strong>au\u00dferhalb der Reichweite von Kindern aufbewahrt werden<\/strong>.<\/p>\n<p>Unsere <strong>CBD-Bl\u00fcten k\u00f6nnen geringe Mengen THC enthalten<\/strong>, jedoch <strong>immer unter der EU-Grenze von 0,2 % THC<\/strong>.<\/p>\n<p>Die bereitgestellten Informationen dienen <strong>nur zu Bildungs- und Informationszwecken<\/strong> und ersetzen <strong>keine medizinische Beratung<\/strong> durch einen Arzt oder Apotheker. Unsere Texte sind <strong>nicht zur eigenst\u00e4ndigen Diagnose oder Behandlung von Krankheiten gedacht<\/strong>.<\/p>\n<p>Bei weiteren Fragen <strong>kontaktieren Sie uns gerne<\/strong>.<\/p>\n<h3><strong>Lagerung<\/strong><\/h3>\n<p>Die <strong>CBD-Bl\u00fcten von The Tree<\/strong> sollten idealerweise <strong>k\u00fchl, trocken und gesch\u00fctzt vor Licht und starken Ger\u00fcchen<\/strong> aufbewahrt werden, um eine <strong>Kontamination oder Qualit\u00e4tsminderung<\/strong> zu vermeiden. <strong>Direkte Sonneneinstrahlung und Hitze vermeiden<\/strong>.<\/p>\n<p><strong>Haltbarkeit:<\/strong> Ein Monat bei richtiger Lagerung.<\/p>\n","protected":false},"excerpt":{"rendered":"<ul>\n<li>Hanfbl\u00fcten<\/li>\n<li>Weniger als 0,20 % <strong>THC<\/strong><\/li>\n<li>10 % bis 11 % <strong>CBD<\/strong><\/li>\n<li><strong>Genetik<\/strong>: Kush x Pure CBD<\/li>\n<li>Sativa 40 % \/ Indica 60 %<\/li>\n<li>Keine psychoaktiven Effekte<\/li>\n<li>Biologisch angebaut<\/li>\n<li>GVO-frei<\/li>\n<li>Pestizidfrei<\/li>\n<\/ul>\n","protected":false},"featured_media":176512,"template":"","meta":{"_acf_changed":false},"product_brand":[],"class_list":{"0":"post-168591","1":"product","2":"type-product","3":"status-publish","4":"has-post-thumbnail","6":"product_cat-bluten","7":"product_cat-kleine-cbd-bluten-popcorn-buds","8":"product_cat-produkte-mit-10-cbd","10":"first","11":"instock","12":"taxable","13":"shipping-taxable","14":"purchasable","15":"product-type-variable"},"acf":[],"yoast_head":"<!-- This site is optimized with the Yoast SEO plugin v26.3 - https:\/\/yoast.com\/wordpress\/plugins\/seo\/ -->\n<title>Kleiner OG Kush CBD Bud11% CBD. Cannabis Legal - The Tree CBD<\/title>\n<meta name=\"description\" content=\"OG Kush CBD bietet ein erdiges, aromatisches Kr\u00e4uter- und Holzduft. Es enth\u00e4lt hohe Mengen an CBD (bis zu 11%) und weniger als 0,20% THC. Legales CBD.\" \/>\n<meta name=\"robots\" content=\"index, follow, max-snippet:-1, max-image-preview:large, max-video-preview:-1\" \/>\n<link rel=\"canonical\" href=\"https:\/\/thetreecbd.com\/de\/cbd\/kleiner-og-kush-cbd-bud\" \/>\n<meta property=\"og:locale\" content=\"de_DE\" \/>\n<meta property=\"og:type\" content=\"article\" \/>\n<meta property=\"og:title\" content=\"Kleiner OG Kush CBD Bud11% CBD. Cannabis Legal - The Tree CBD\" \/>\n<meta property=\"og:description\" content=\"OG Kush CBD bietet ein erdiges, aromatisches Kr\u00e4uter- und Holzduft. Es enth\u00e4lt hohe Mengen an CBD (bis zu 11%) und weniger als 0,20% THC. Legales CBD.\" \/>\n<meta property=\"og:url\" content=\"https:\/\/thetreecbd.com\/de\/cbd\/kleiner-og-kush-cbd-bud\" \/>\n<meta property=\"og:site_name\" content=\"The Tree CBD\" \/>\n<meta property=\"article:publisher\" content=\"https:\/\/www.facebook.com\/thetreeCBD\/\" \/>\n<meta property=\"article:modified_time\" content=\"2025-06-27T11:23:50+00:00\" \/>\n<meta property=\"og:image\" content=\"https:\/\/thetreecbd.com\/wp-content\/uploads\/2025\/06\/OG-Kush_thetreecbd.jpg\" \/>\n\t<meta property=\"og:image:width\" content=\"1080\" \/>\n\t<meta property=\"og:image:height\" content=\"1350\" \/>\n\t<meta property=\"og:image:type\" content=\"image\/jpeg\" \/>\n<meta name=\"twitter:card\" content=\"summary_large_image\" \/>\n<meta name=\"twitter:site\" content=\"@TheTreeCBD_EU\" \/>\n<meta name=\"twitter:label1\" content=\"Gesch\u00e4tzte Lesezeit\" \/>\n\t<meta name=\"twitter:data1\" content=\"3\u00a0Minuten\" \/>\n<script type=\"application\/ld+json\" class=\"yoast-schema-graph\">{\"@context\":\"https:\/\/schema.org\",\"@graph\":[{\"@type\":[\"WebPage\",\"ItemPage\"],\"@id\":\"https:\/\/thetreecbd.com\/de\/cbd\/kleiner-og-kush-cbd-bud\",\"url\":\"https:\/\/thetreecbd.com\/de\/cbd\/kleiner-og-kush-cbd-bud\",\"name\":\"Kleiner OG Kush CBD Bud11% CBD. Cannabis Legal - The Tree CBD\",\"isPartOf\":{\"@id\":\"https:\/\/thetreecbd.com\/de#website\"},\"primaryImageOfPage\":{\"@id\":\"https:\/\/thetreecbd.com\/de\/cbd\/kleiner-og-kush-cbd-bud#primaryimage\"},\"image\":{\"@id\":\"https:\/\/thetreecbd.com\/de\/cbd\/kleiner-og-kush-cbd-bud#primaryimage\"},\"thumbnailUrl\":\"https:\/\/thetreecbd.com\/wp-content\/uploads\/2025\/06\/OG-Kush_thetreecbd.jpg\",\"datePublished\":\"2025-06-18T10:09:58+00:00\",\"dateModified\":\"2025-06-27T11:23:50+00:00\",\"description\":\"OG Kush CBD bietet ein erdiges, aromatisches Kr\u00e4uter- und Holzduft. Es enth\u00e4lt hohe Mengen an CBD (bis zu 11%) und weniger als 0,20% THC. Legales CBD.\",\"breadcrumb\":{\"@id\":\"https:\/\/thetreecbd.com\/de\/cbd\/kleiner-og-kush-cbd-bud#breadcrumb\"},\"inLanguage\":\"de\",\"potentialAction\":[{\"@type\":\"ReadAction\",\"target\":[\"https:\/\/thetreecbd.com\/de\/cbd\/kleiner-og-kush-cbd-bud\"]}]},{\"@type\":\"ImageObject\",\"inLanguage\":\"de\",\"@id\":\"https:\/\/thetreecbd.com\/de\/cbd\/kleiner-og-kush-cbd-bud#primaryimage\",\"url\":\"https:\/\/thetreecbd.com\/wp-content\/uploads\/2025\/06\/OG-Kush_thetreecbd.jpg\",\"contentUrl\":\"https:\/\/thetreecbd.com\/wp-content\/uploads\/2025\/06\/OG-Kush_thetreecbd.jpg\",\"width\":1080,\"height\":1350},{\"@type\":\"BreadcrumbList\",\"@id\":\"https:\/\/thetreecbd.com\/de\/cbd\/kleiner-og-kush-cbd-bud#breadcrumb\",\"itemListElement\":[{\"@type\":\"ListItem\",\"position\":1,\"name\":\"The Tree\",\"item\":\"https:\/\/thetreecbd.com\/de\"},{\"@type\":\"ListItem\",\"position\":2,\"name\":\"CBD\",\"item\":\"https:\/\/thetreecbd.com\/es\/cbd\"},{\"@type\":\"ListItem\",\"position\":3,\"name\":\"CBD-Bl\u00fcten kaufen\",\"item\":\"https:\/\/thetreecbd.com\/de\/bluten\"},{\"@type\":\"ListItem\",\"position\":4,\"name\":\"Kleine CBD-Bl\u00fcten &amp; Popcorn-Buds\",\"item\":\"https:\/\/thetreecbd.com\/de\/bluten\/kleine-cbd-bluten-popcorn-buds\"},{\"@type\":\"ListItem\",\"position\":5,\"name\":\"Kleiner OG Kush CBD Bud\"}]},{\"@type\":\"WebSite\",\"@id\":\"https:\/\/thetreecbd.com\/de#website\",\"url\":\"https:\/\/thetreecbd.com\/de\",\"name\":\"The Tree CBD\",\"description\":\"Comprar CBD en Espa\u00f1a Online\",\"publisher\":{\"@id\":\"https:\/\/thetreecbd.com\/de#organization\"},\"potentialAction\":[{\"@type\":\"SearchAction\",\"target\":{\"@type\":\"EntryPoint\",\"urlTemplate\":\"https:\/\/thetreecbd.com\/de?s={search_term_string}\"},\"query-input\":{\"@type\":\"PropertyValueSpecification\",\"valueRequired\":true,\"valueName\":\"search_term_string\"}}],\"inLanguage\":\"de\"},{\"@type\":\"Organization\",\"@id\":\"https:\/\/thetreecbd.com\/de#organization\",\"name\":\"The Tree CBD\",\"url\":\"https:\/\/thetreecbd.com\/de\",\"logo\":{\"@type\":\"ImageObject\",\"inLanguage\":\"de\",\"@id\":\"https:\/\/thetreecbd.com\/de#\/schema\/logo\/image\/\",\"url\":\"https:\/\/thetreecbd.com\/wp-content\/uploads\/2022\/04\/logo-thetree.png\",\"contentUrl\":\"https:\/\/thetreecbd.com\/wp-content\/uploads\/2022\/04\/logo-thetree.png\",\"width\":172,\"height\":55,\"caption\":\"The Tree CBD\"},\"image\":{\"@id\":\"https:\/\/thetreecbd.com\/de#\/schema\/logo\/image\/\"},\"sameAs\":[\"https:\/\/www.facebook.com\/thetreeCBD\/\",\"https:\/\/x.com\/TheTreeCBD_EU\",\"https:\/\/www.instagram.com\/thetree.cbd\/\",\"https:\/\/es.trustpilot.com\/review\/thetreecbd.com\"]}]}<\/script>\n<!-- \/ Yoast SEO plugin. -->","yoast_head_json":{"title":"Kleiner OG Kush CBD Bud11% CBD. Cannabis Legal - The Tree CBD","description":"OG Kush CBD bietet ein erdiges, aromatisches Kr\u00e4uter- und Holzduft. Es enth\u00e4lt hohe Mengen an CBD (bis zu 11%) und weniger als 0,20% THC. Legales CBD.","robots":{"index":"index","follow":"follow","max-snippet":"max-snippet:-1","max-image-preview":"max-image-preview:large","max-video-preview":"max-video-preview:-1"},"canonical":"https:\/\/thetreecbd.com\/de\/cbd\/kleiner-og-kush-cbd-bud","og_locale":"de_DE","og_type":"article","og_title":"Kleiner OG Kush CBD Bud11% CBD. Cannabis Legal - The Tree CBD","og_description":"OG Kush CBD bietet ein erdiges, aromatisches Kr\u00e4uter- und Holzduft. Es enth\u00e4lt hohe Mengen an CBD (bis zu 11%) und weniger als 0,20% THC. Legales CBD.","og_url":"https:\/\/thetreecbd.com\/de\/cbd\/kleiner-og-kush-cbd-bud","og_site_name":"The Tree CBD","article_publisher":"https:\/\/www.facebook.com\/thetreeCBD\/","article_modified_time":"2025-06-27T11:23:50+00:00","og_image":[{"width":1080,"height":1350,"url":"https:\/\/thetreecbd.com\/wp-content\/uploads\/2025\/06\/OG-Kush_thetreecbd.jpg","type":"image\/jpeg"}],"twitter_card":"summary_large_image","twitter_site":"@TheTreeCBD_EU","twitter_misc":{"Gesch\u00e4tzte Lesezeit":"3\u00a0Minuten"},"schema":{"@context":"https:\/\/schema.org","@graph":[{"@type":["WebPage","ItemPage"],"@id":"https:\/\/thetreecbd.com\/de\/cbd\/kleiner-og-kush-cbd-bud","url":"https:\/\/thetreecbd.com\/de\/cbd\/kleiner-og-kush-cbd-bud","name":"Kleiner OG Kush CBD Bud11% CBD. Cannabis Legal - The Tree CBD","isPartOf":{"@id":"https:\/\/thetreecbd.com\/de#website"},"primaryImageOfPage":{"@id":"https:\/\/thetreecbd.com\/de\/cbd\/kleiner-og-kush-cbd-bud#primaryimage"},"image":{"@id":"https:\/\/thetreecbd.com\/de\/cbd\/kleiner-og-kush-cbd-bud#primaryimage"},"thumbnailUrl":"https:\/\/thetreecbd.com\/wp-content\/uploads\/2025\/06\/OG-Kush_thetreecbd.jpg","datePublished":"2025-06-18T10:09:58+00:00","dateModified":"2025-06-27T11:23:50+00:00","description":"OG Kush CBD bietet ein erdiges, aromatisches Kr\u00e4uter- und Holzduft. Es enth\u00e4lt hohe Mengen an CBD (bis zu 11%) und weniger als 0,20% THC. Legales CBD.","breadcrumb":{"@id":"https:\/\/thetreecbd.com\/de\/cbd\/kleiner-og-kush-cbd-bud#breadcrumb"},"inLanguage":"de","potentialAction":[{"@type":"ReadAction","target":["https:\/\/thetreecbd.com\/de\/cbd\/kleiner-og-kush-cbd-bud"]}]},{"@type":"ImageObject","inLanguage":"de","@id":"https:\/\/thetreecbd.com\/de\/cbd\/kleiner-og-kush-cbd-bud#primaryimage","url":"https:\/\/thetreecbd.com\/wp-content\/uploads\/2025\/06\/OG-Kush_thetreecbd.jpg","contentUrl":"https:\/\/thetreecbd.com\/wp-content\/uploads\/2025\/06\/OG-Kush_thetreecbd.jpg","width":1080,"height":1350},{"@type":"BreadcrumbList","@id":"https:\/\/thetreecbd.com\/de\/cbd\/kleiner-og-kush-cbd-bud#breadcrumb","itemListElement":[{"@type":"ListItem","position":1,"name":"The Tree","item":"https:\/\/thetreecbd.com\/de"},{"@type":"ListItem","position":2,"name":"CBD","item":"https:\/\/thetreecbd.com\/es\/cbd"},{"@type":"ListItem","position":3,"name":"CBD-Bl\u00fcten kaufen","item":"https:\/\/thetreecbd.com\/de\/bluten"},{"@type":"ListItem","position":4,"name":"Kleine CBD-Bl\u00fcten &amp; Popcorn-Buds","item":"https:\/\/thetreecbd.com\/de\/bluten\/kleine-cbd-bluten-popcorn-buds"},{"@type":"ListItem","position":5,"name":"Kleiner OG Kush CBD Bud"}]},{"@type":"WebSite","@id":"https:\/\/thetreecbd.com\/de#website","url":"https:\/\/thetreecbd.com\/de","name":"The Tree CBD","description":"Comprar CBD en Espa\u00f1a Online","publisher":{"@id":"https:\/\/thetreecbd.com\/de#organization"},"potentialAction":[{"@type":"SearchAction","target":{"@type":"EntryPoint","urlTemplate":"https:\/\/thetreecbd.com\/de?s={search_term_string}"},"query-input":{"@type":"PropertyValueSpecification","valueRequired":true,"valueName":"search_term_string"}}],"inLanguage":"de"},{"@type":"Organization","@id":"https:\/\/thetreecbd.com\/de#organization","name":"The Tree CBD","url":"https:\/\/thetreecbd.com\/de","logo":{"@type":"ImageObject","inLanguage":"de","@id":"https:\/\/thetreecbd.com\/de#\/schema\/logo\/image\/","url":"https:\/\/thetreecbd.com\/wp-content\/uploads\/2022\/04\/logo-thetree.png","contentUrl":"https:\/\/thetreecbd.com\/wp-content\/uploads\/2022\/04\/logo-thetree.png","width":172,"height":55,"caption":"The Tree CBD"},"image":{"@id":"https:\/\/thetreecbd.com\/de#\/schema\/logo\/image\/"},"sameAs":["https:\/\/www.facebook.com\/thetreeCBD\/","https:\/\/x.com\/TheTreeCBD_EU","https:\/\/www.instagram.com\/thetree.cbd\/","https:\/\/es.trustpilot.com\/review\/thetreecbd.com"]}]}},"_links":{"self":[{"href":"https:\/\/thetreecbd.com\/de\/wp-json\/wp\/v2\/product\/168591","targetHints":{"allow":["GET"]}}],"collection":[{"href":"https:\/\/thetreecbd.com\/de\/wp-json\/wp\/v2\/product"}],"about":[{"href":"https:\/\/thetreecbd.com\/de\/wp-json\/wp\/v2\/types\/product"}],"version-history":[{"count":0,"href":"https:\/\/thetreecbd.com\/de\/wp-json\/wp\/v2\/product\/168591\/revisions"}],"wp:featuredmedia":[{"embeddable":true,"href":"https:\/\/thetreecbd.com\/de\/wp-json\/wp\/v2\/media\/176512"}],"wp:attachment":[{"href":"https:\/\/thetreecbd.com\/de\/wp-json\/wp\/v2\/media?parent=168591"}],"wp:term":[{"taxonomy":"product_brand","embeddable":true,"href":"https:\/\/thetreecbd.com\/de\/wp-json\/wp\/v2\/product_brand?post=168591"}],"curies":[{"name":"wp","href":"https:\/\/api.w.org\/{rel}","templated":true}]}}