{"id":168671,"date":"2025-06-18T15:21:10","date_gmt":"2025-06-18T13:21:10","guid":{"rendered":"https:\/\/thetreecbd.com\/cbd\/kleiner-orange-cookies-cbd-bud"},"modified":"2025-09-02T00:00:36","modified_gmt":"2025-09-01T22:00:36","slug":"kleiner-orange-cookies-cbd-bud","status":"publish","type":"product","link":"https:\/\/thetreecbd.com\/de\/cbd\/kleiner-orange-cookies-cbd-bud","title":{"rendered":"Kleiner Orange Cookies CBD Bud"},"content":{"rendered":"<p data-sourcepos=\"7:1-7:346\">The Tree CBD bietet Ihnen die <strong>kleinen, legalen Hanfbl\u00fcten<\/strong> der Sorte <strong>Orange Cookies CBD<\/strong>, einer saftigen und sanften Sorte mit hohem CBD-Gehalt. Die Bl\u00fcten stammen aus einer genetischen Kreuzung zwischen <strong>Orange Cookies x CBD Pura<\/strong>, die <strong>zu 100 % nat\u00fcrlich im Innenbereich<\/strong> angebaut wird, ohne Zusatzstoffe oder Pestizide jeglicher Art.<\/p>\n<h3 data-sourcepos=\"9:1-9:54\">Aussehen und Aroma, das an Orange Cookies erinnert<\/h3>\n<p data-sourcepos=\"11:1-11:366\">Die <strong>Orange Cookies CBD<\/strong> ist eine <strong>s\u00fc\u00dfe, zitrusartige<\/strong> Blume mit gro\u00dfen und kompakten Knospen. Die Blume hat sowohl <strong>violette<\/strong> als auch <strong>gr\u00fcne<\/strong> T\u00f6ne, die von der Knospe selbst stammen, sowie <strong>orangefarbene<\/strong>, die an die Farbt\u00f6ne von Orangen-Cookies erinnern. Zusammen mit der hohen Konzentration an Trichomen macht dies die Bl\u00fcten auff\u00e4lliger und fotogener.<\/p>\n<p data-sourcepos=\"13:1-13:517\">Dar\u00fcber hinaus bietet diese Blume einen <strong>kr\u00e4ftigen und umh\u00fcllenden Duft<\/strong>. Ihr Aroma erinnert an frisch geschnittene, reine Orange, <strong>s\u00fc\u00df-zitronig<\/strong>. Im Allgemeinen hat diese CBD-Blume ein bitters\u00fc\u00dfes Aroma, das die S\u00e4ure der Orange mit Noten von Kush und die S\u00fc\u00dfe von sanften, blumigen Erdnoten verbindet. Daher ihr Name: s\u00fc\u00df von den Cookies und sauer von den Zitrusfr\u00fcchten. Wenn Sie sie probieren, wird der Geruch Ihre Geschmacksknospen erreichen und Sie werden ihre \u00c4hnlichkeit mit Cookies-Marihuana feststellen.<\/p>\n<p data-sourcepos=\"15:1-15:119\">Mit dieser CBD-Blume k\u00f6nnen Sie dank ihres <strong>hohen CBD-Gehalts<\/strong> von <strong>10 % bis 12 %<\/strong> die entspannende Wirkung sp\u00fcren.<\/p>\n<p data-sourcepos=\"17:1-17:140\">Da sie au\u00dferdem weniger als <strong>0,20 % THC<\/strong> enthalten, sind sie in ganz Europa <strong>vollkommen legal<\/strong> und haben keinerlei psychoaktive Wirkung.<\/p>\n<h3 data-sourcepos=\"19:1-19:53\">Eigenschaften von legalem Cannabis Orange Cookies<\/h3>\n<ul data-sourcepos=\"21:1-30:0\">\n<li data-sourcepos=\"21:1-21:13\">Hanfknospen<\/li>\n<li data-sourcepos=\"22:1-22:28\">Weniger als 0,20 % <strong>THC<\/strong><\/li>\n<li data-sourcepos=\"23:1-23:23\">10 % bis 12 % <strong>CBD<\/strong><\/li>\n<li data-sourcepos=\"24:1-24:45\">Genetik: Original Orange Cookies x CBD pura<\/li>\n<li data-sourcepos=\"25:1-25:25\">Sativa 40 % Indica 60 %<\/li>\n<li data-sourcepos=\"26:1-26:29\">Keine psychoaktiven Effekte<\/li>\n<li data-sourcepos=\"27:1-27:20\">Organisch angebaut<\/li>\n<li data-sourcepos=\"28:1-28:10\">GMO-frei<\/li>\n<li data-sourcepos=\"29:1-30:0\">Pestizidfrei<\/li>\n<\/ul>\n<h3 data-sourcepos=\"31:1-31:28\">Orange Cookies CBD Aroma<\/h3>\n<p data-sourcepos=\"33:1-33:196\"><strong>Terpene<\/strong> finden sich in den meisten \u00e4therischen \u00d6len vieler Pflanzen, Blumen und Fr\u00fcchte und sind f\u00fcr Geruch und Geschmack verantwortlich. Im Cannabis finden wir ein breites Profil an Terpenen.<\/p>\n<p data-sourcepos=\"35:1-35:231\">Die Orange Cookies CBD von The Tree ist ein Klassiker f\u00fcr alle, die Sorten mit Zitrusaroma lieben. Sie hat s\u00fc\u00dfe Noten, die an den Geruch von backenden Keksen erinnern, aber mit einem unverwechselbaren Orangen- oder Mandarinenaroma.<\/p>\n<h3 data-sourcepos=\"37:1-37:14\">Zielgruppe<\/h3>\n<p data-sourcepos=\"39:1-39:208\">CBD-Bl\u00fcten aus Gew\u00e4chsh\u00e4usern sind perfekt f\u00fcr diejenigen, die das beste Preis-Leistungs-Verh\u00e4ltnis suchen, da sie eine sehr gr\u00fcne Farbe und gute Qualit\u00e4t bieten, zu einem niedrigeren Preis als Indoor-Bl\u00fcten.<\/p>\n<p data-sourcepos=\"41:1-41:531\">Derzeit gibt es sehr gut ausgestattete Gew\u00e4chsh\u00e4user, die genauso effektiv sein k\u00f6nnen wie ein Indoor-Anbau, ohne die F\u00e4higkeit zu verlieren, Sonnenlicht zu filtern, und sogar mit Lichtunterst\u00fctzung, um den Anbau das ganze Jahr \u00fcber in bis zu vier Zyklen aufrechtzuerhalten. Auf diese Weise entscheiden sich CBD-Z\u00fcchter zunehmend f\u00fcr diese Zwischenl\u00f6sung, da sie das Klima kontrollieren k\u00f6nnen, die Sonnenstrahlen f\u00fcr die Pflanze nicht so aggressiv sind und sie den Produktionsertrag des Anbaus das ganze Jahr \u00fcber steigern k\u00f6nnen.<\/p>\n<p data-sourcepos=\"43:1-43:174\">Aus K\u00e4ufersicht sind <strong>Gew\u00e4chshaus- oder Greenhouse-Bl\u00fcten<\/strong>, wie bereits erw\u00e4hnt, die beste Option f\u00fcr diejenigen, die ein ausgezeichnetes Preis-Leistungs-Verh\u00e4ltnis suchen.<\/p>\n<h3 data-sourcepos=\"45:1-45:28\">Sicherheitsinformationen<\/h3>\n<p data-sourcepos=\"47:1-47:236\">Bitte beachten Sie, dass die CBD-Knospen von The Tree ein dekoratives Produkt zum Sammeln und Riechen sind. Sie sollten w\u00e4hrend der Schwangerschaft oder Stillzeit nicht verwendet werden. Au\u00dferhalb der Reichweite von Kindern aufbewahren.<\/p>\n<p data-sourcepos=\"49:1-49:118\">Unsere CBD-Knospen k\u00f6nnen eine gewisse Menge THC enthalten. Dies liegt nat\u00fcrlich unter dem EU-Grenzwert von 0,2 % THC.<\/p>\n<p data-sourcepos=\"51:1-51:260\">Der bereitgestellte Inhalt dient ausschlie\u00dflich Informations- und Schulungszwecken und ersetzt in keiner Weise die medizinische Beratung durch einen Arzt oder Apotheker. Unsere Texte sind nicht zur unabh\u00e4ngigen Diagnose und Behandlung von Krankheiten bestimmt.<\/p>\n<p data-sourcepos=\"53:1-53:58\">Z\u00f6gern Sie nicht, uns bei weiteren Fragen zu kontaktieren.<\/p>\n<h3 data-sourcepos=\"55:1-55:12\">Lagerung<\/h3>\n<p data-sourcepos=\"57:1-57:259\">Idealerweise sollten die CBD-Knospen von The Tree an einem k\u00fchlen und trockenen Ort gelagert werden, gesch\u00fctzt vor Licht und starken Ger\u00fcchen, um jegliche Art von Kontamination und\/oder Degradation zu vermeiden. Direkte Sonneneinstrahlung und Hitze vermeiden.<\/p>\n<p data-sourcepos=\"59:1-59:83\"><strong>Achtung:<\/strong> Die angegebene Haltbarkeit betr\u00e4gt einen Monat bei korrekter Lagerung.<\/p>\n","protected":false},"excerpt":{"rendered":"<ul data-sourcepos=\"21:1-30:0\">\n<li data-sourcepos=\"21:1-21:13\">Hanfknospen<\/li>\n<li data-sourcepos=\"22:1-22:28\">Weniger als 0,20 % <strong>THC<\/strong><\/li>\n<li data-sourcepos=\"23:1-23:23\">10 % bis 12 % <strong>CBD<\/strong><\/li>\n<li data-sourcepos=\"24:1-24:45\">Genetik: Original Orange Cookies x CBD pura<\/li>\n<li data-sourcepos=\"25:1-25:25\">Sativa 40 % Indica 60 %<\/li>\n<li data-sourcepos=\"26:1-26:29\">Keine psychoaktiven Effekte<\/li>\n<li data-sourcepos=\"27:1-27:20\">Organisch angebaut<\/li>\n<li data-sourcepos=\"28:1-28:10\">GMO-frei<\/li>\n<li data-sourcepos=\"29:1-30:0\">Pestizidfrei<\/li>\n<\/ul>\n","protected":false},"featured_media":183350,"template":"","meta":{"_acf_changed":false},"product_brand":[],"class_list":{"0":"post-168671","1":"product","2":"type-product","3":"status-publish","4":"has-post-thumbnail","6":"product_cat-bluten","7":"product_cat-kleine-cbd-bluten-popcorn-buds","9":"first","10":"instock","11":"taxable","12":"shipping-taxable","13":"purchasable","14":"product-type-variable"},"acf":[],"yoast_head":"<!-- This site is optimized with the Yoast SEO plugin v26.3 - https:\/\/yoast.com\/wordpress\/plugins\/seo\/ -->\n<title>Kleiner Orange Cookies CBD Bud- 12% CBD. Cannabis Legal - The Tree CBD<\/title>\n<meta name=\"description\" content=\"Probieren Sie Orange Cookies CBD. Diese Sorte bietet uns ein s\u00fc\u00dfes, zitrusartiges Aroma und einen CBD-Gehalt von bis zu 12 %. Legales Qualit\u00e4ts-CBD in Spanien und Europa.\" \/>\n<meta name=\"robots\" content=\"index, follow, max-snippet:-1, max-image-preview:large, max-video-preview:-1\" \/>\n<link rel=\"canonical\" href=\"https:\/\/thetreecbd.com\/de\/cbd\/kleiner-orange-cookies-cbd-bud\" \/>\n<meta property=\"og:locale\" content=\"de_DE\" \/>\n<meta property=\"og:type\" content=\"article\" \/>\n<meta property=\"og:title\" content=\"Kleiner Orange Cookies CBD Bud- 12% CBD. Cannabis Legal - The Tree CBD\" \/>\n<meta property=\"og:description\" content=\"Probieren Sie Orange Cookies CBD. Diese Sorte bietet uns ein s\u00fc\u00dfes, zitrusartiges Aroma und einen CBD-Gehalt von bis zu 12 %. Legales Qualit\u00e4ts-CBD in Spanien und Europa.\" \/>\n<meta property=\"og:url\" content=\"https:\/\/thetreecbd.com\/de\/cbd\/kleiner-orange-cookies-cbd-bud\" \/>\n<meta property=\"og:site_name\" content=\"The Tree CBD\" \/>\n<meta property=\"article:publisher\" content=\"https:\/\/www.facebook.com\/thetreeCBD\/\" \/>\n<meta property=\"article:modified_time\" content=\"2025-09-01T22:00:36+00:00\" \/>\n<meta property=\"og:image\" content=\"https:\/\/thetreecbd.com\/wp-content\/uploads\/2025\/06\/orange-cookies-thetreecbd-web.jpg\" \/>\n\t<meta property=\"og:image:width\" content=\"1080\" \/>\n\t<meta property=\"og:image:height\" content=\"1350\" \/>\n\t<meta property=\"og:image:type\" content=\"image\/jpeg\" \/>\n<meta name=\"twitter:card\" content=\"summary_large_image\" \/>\n<meta name=\"twitter:site\" content=\"@TheTreeCBD_EU\" \/>\n<meta name=\"twitter:label1\" content=\"Gesch\u00e4tzte Lesezeit\" \/>\n\t<meta name=\"twitter:data1\" content=\"3\u00a0Minuten\" \/>\n<script type=\"application\/ld+json\" class=\"yoast-schema-graph\">{\"@context\":\"https:\/\/schema.org\",\"@graph\":[{\"@type\":[\"WebPage\",\"ItemPage\"],\"@id\":\"https:\/\/thetreecbd.com\/de\/cbd\/kleiner-orange-cookies-cbd-bud\",\"url\":\"https:\/\/thetreecbd.com\/de\/cbd\/kleiner-orange-cookies-cbd-bud\",\"name\":\"Kleiner Orange Cookies CBD Bud- 12% CBD. Cannabis Legal - The Tree CBD\",\"isPartOf\":{\"@id\":\"https:\/\/thetreecbd.com\/de#website\"},\"primaryImageOfPage\":{\"@id\":\"https:\/\/thetreecbd.com\/de\/cbd\/kleiner-orange-cookies-cbd-bud#primaryimage\"},\"image\":{\"@id\":\"https:\/\/thetreecbd.com\/de\/cbd\/kleiner-orange-cookies-cbd-bud#primaryimage\"},\"thumbnailUrl\":\"https:\/\/thetreecbd.com\/wp-content\/uploads\/2025\/06\/orange-cookies-thetreecbd-web.jpg\",\"datePublished\":\"2025-06-18T13:21:10+00:00\",\"dateModified\":\"2025-09-01T22:00:36+00:00\",\"description\":\"Probieren Sie Orange Cookies CBD. Diese Sorte bietet uns ein s\u00fc\u00dfes, zitrusartiges Aroma und einen CBD-Gehalt von bis zu 12 %. Legales Qualit\u00e4ts-CBD in Spanien und Europa.\",\"breadcrumb\":{\"@id\":\"https:\/\/thetreecbd.com\/de\/cbd\/kleiner-orange-cookies-cbd-bud#breadcrumb\"},\"inLanguage\":\"de\",\"potentialAction\":[{\"@type\":\"ReadAction\",\"target\":[\"https:\/\/thetreecbd.com\/de\/cbd\/kleiner-orange-cookies-cbd-bud\"]}]},{\"@type\":\"ImageObject\",\"inLanguage\":\"de\",\"@id\":\"https:\/\/thetreecbd.com\/de\/cbd\/kleiner-orange-cookies-cbd-bud#primaryimage\",\"url\":\"https:\/\/thetreecbd.com\/wp-content\/uploads\/2025\/06\/orange-cookies-thetreecbd-web.jpg\",\"contentUrl\":\"https:\/\/thetreecbd.com\/wp-content\/uploads\/2025\/06\/orange-cookies-thetreecbd-web.jpg\",\"width\":1080,\"height\":1350},{\"@type\":\"BreadcrumbList\",\"@id\":\"https:\/\/thetreecbd.com\/de\/cbd\/kleiner-orange-cookies-cbd-bud#breadcrumb\",\"itemListElement\":[{\"@type\":\"ListItem\",\"position\":1,\"name\":\"The Tree\",\"item\":\"https:\/\/thetreecbd.com\/de\"},{\"@type\":\"ListItem\",\"position\":2,\"name\":\"CBD\",\"item\":\"https:\/\/thetreecbd.com\/es\/cbd\"},{\"@type\":\"ListItem\",\"position\":3,\"name\":\"CBD-Bl\u00fcten kaufen\",\"item\":\"https:\/\/thetreecbd.com\/de\/bluten\"},{\"@type\":\"ListItem\",\"position\":4,\"name\":\"Kleine CBD-Bl\u00fcten &amp; Popcorn-Buds\",\"item\":\"https:\/\/thetreecbd.com\/de\/bluten\/kleine-cbd-bluten-popcorn-buds\"},{\"@type\":\"ListItem\",\"position\":5,\"name\":\"Kleiner Orange Cookies CBD Bud\"}]},{\"@type\":\"WebSite\",\"@id\":\"https:\/\/thetreecbd.com\/de#website\",\"url\":\"https:\/\/thetreecbd.com\/de\",\"name\":\"The Tree CBD\",\"description\":\"Comprar CBD en Espa\u00f1a Online\",\"publisher\":{\"@id\":\"https:\/\/thetreecbd.com\/de#organization\"},\"potentialAction\":[{\"@type\":\"SearchAction\",\"target\":{\"@type\":\"EntryPoint\",\"urlTemplate\":\"https:\/\/thetreecbd.com\/de?s={search_term_string}\"},\"query-input\":{\"@type\":\"PropertyValueSpecification\",\"valueRequired\":true,\"valueName\":\"search_term_string\"}}],\"inLanguage\":\"de\"},{\"@type\":\"Organization\",\"@id\":\"https:\/\/thetreecbd.com\/de#organization\",\"name\":\"The Tree CBD\",\"url\":\"https:\/\/thetreecbd.com\/de\",\"logo\":{\"@type\":\"ImageObject\",\"inLanguage\":\"de\",\"@id\":\"https:\/\/thetreecbd.com\/de#\/schema\/logo\/image\/\",\"url\":\"https:\/\/thetreecbd.com\/wp-content\/uploads\/2022\/04\/logo-thetree.png\",\"contentUrl\":\"https:\/\/thetreecbd.com\/wp-content\/uploads\/2022\/04\/logo-thetree.png\",\"width\":172,\"height\":55,\"caption\":\"The Tree CBD\"},\"image\":{\"@id\":\"https:\/\/thetreecbd.com\/de#\/schema\/logo\/image\/\"},\"sameAs\":[\"https:\/\/www.facebook.com\/thetreeCBD\/\",\"https:\/\/x.com\/TheTreeCBD_EU\",\"https:\/\/www.instagram.com\/thetree.cbd\/\",\"https:\/\/es.trustpilot.com\/review\/thetreecbd.com\"]}]}<\/script>\n<!-- \/ Yoast SEO plugin. -->","yoast_head_json":{"title":"Kleiner Orange Cookies CBD Bud- 12% CBD. Cannabis Legal - The Tree CBD","description":"Probieren Sie Orange Cookies CBD. Diese Sorte bietet uns ein s\u00fc\u00dfes, zitrusartiges Aroma und einen CBD-Gehalt von bis zu 12 %. Legales Qualit\u00e4ts-CBD in Spanien und Europa.","robots":{"index":"index","follow":"follow","max-snippet":"max-snippet:-1","max-image-preview":"max-image-preview:large","max-video-preview":"max-video-preview:-1"},"canonical":"https:\/\/thetreecbd.com\/de\/cbd\/kleiner-orange-cookies-cbd-bud","og_locale":"de_DE","og_type":"article","og_title":"Kleiner Orange Cookies CBD Bud- 12% CBD. Cannabis Legal - The Tree CBD","og_description":"Probieren Sie Orange Cookies CBD. Diese Sorte bietet uns ein s\u00fc\u00dfes, zitrusartiges Aroma und einen CBD-Gehalt von bis zu 12 %. Legales Qualit\u00e4ts-CBD in Spanien und Europa.","og_url":"https:\/\/thetreecbd.com\/de\/cbd\/kleiner-orange-cookies-cbd-bud","og_site_name":"The Tree CBD","article_publisher":"https:\/\/www.facebook.com\/thetreeCBD\/","article_modified_time":"2025-09-01T22:00:36+00:00","og_image":[{"width":1080,"height":1350,"url":"https:\/\/thetreecbd.com\/wp-content\/uploads\/2025\/06\/orange-cookies-thetreecbd-web.jpg","type":"image\/jpeg"}],"twitter_card":"summary_large_image","twitter_site":"@TheTreeCBD_EU","twitter_misc":{"Gesch\u00e4tzte Lesezeit":"3\u00a0Minuten"},"schema":{"@context":"https:\/\/schema.org","@graph":[{"@type":["WebPage","ItemPage"],"@id":"https:\/\/thetreecbd.com\/de\/cbd\/kleiner-orange-cookies-cbd-bud","url":"https:\/\/thetreecbd.com\/de\/cbd\/kleiner-orange-cookies-cbd-bud","name":"Kleiner Orange Cookies CBD Bud- 12% CBD. Cannabis Legal - The Tree CBD","isPartOf":{"@id":"https:\/\/thetreecbd.com\/de#website"},"primaryImageOfPage":{"@id":"https:\/\/thetreecbd.com\/de\/cbd\/kleiner-orange-cookies-cbd-bud#primaryimage"},"image":{"@id":"https:\/\/thetreecbd.com\/de\/cbd\/kleiner-orange-cookies-cbd-bud#primaryimage"},"thumbnailUrl":"https:\/\/thetreecbd.com\/wp-content\/uploads\/2025\/06\/orange-cookies-thetreecbd-web.jpg","datePublished":"2025-06-18T13:21:10+00:00","dateModified":"2025-09-01T22:00:36+00:00","description":"Probieren Sie Orange Cookies CBD. Diese Sorte bietet uns ein s\u00fc\u00dfes, zitrusartiges Aroma und einen CBD-Gehalt von bis zu 12 %. Legales Qualit\u00e4ts-CBD in Spanien und Europa.","breadcrumb":{"@id":"https:\/\/thetreecbd.com\/de\/cbd\/kleiner-orange-cookies-cbd-bud#breadcrumb"},"inLanguage":"de","potentialAction":[{"@type":"ReadAction","target":["https:\/\/thetreecbd.com\/de\/cbd\/kleiner-orange-cookies-cbd-bud"]}]},{"@type":"ImageObject","inLanguage":"de","@id":"https:\/\/thetreecbd.com\/de\/cbd\/kleiner-orange-cookies-cbd-bud#primaryimage","url":"https:\/\/thetreecbd.com\/wp-content\/uploads\/2025\/06\/orange-cookies-thetreecbd-web.jpg","contentUrl":"https:\/\/thetreecbd.com\/wp-content\/uploads\/2025\/06\/orange-cookies-thetreecbd-web.jpg","width":1080,"height":1350},{"@type":"BreadcrumbList","@id":"https:\/\/thetreecbd.com\/de\/cbd\/kleiner-orange-cookies-cbd-bud#breadcrumb","itemListElement":[{"@type":"ListItem","position":1,"name":"The Tree","item":"https:\/\/thetreecbd.com\/de"},{"@type":"ListItem","position":2,"name":"CBD","item":"https:\/\/thetreecbd.com\/es\/cbd"},{"@type":"ListItem","position":3,"name":"CBD-Bl\u00fcten kaufen","item":"https:\/\/thetreecbd.com\/de\/bluten"},{"@type":"ListItem","position":4,"name":"Kleine CBD-Bl\u00fcten &amp; Popcorn-Buds","item":"https:\/\/thetreecbd.com\/de\/bluten\/kleine-cbd-bluten-popcorn-buds"},{"@type":"ListItem","position":5,"name":"Kleiner Orange Cookies CBD Bud"}]},{"@type":"WebSite","@id":"https:\/\/thetreecbd.com\/de#website","url":"https:\/\/thetreecbd.com\/de","name":"The Tree CBD","description":"Comprar CBD en Espa\u00f1a Online","publisher":{"@id":"https:\/\/thetreecbd.com\/de#organization"},"potentialAction":[{"@type":"SearchAction","target":{"@type":"EntryPoint","urlTemplate":"https:\/\/thetreecbd.com\/de?s={search_term_string}"},"query-input":{"@type":"PropertyValueSpecification","valueRequired":true,"valueName":"search_term_string"}}],"inLanguage":"de"},{"@type":"Organization","@id":"https:\/\/thetreecbd.com\/de#organization","name":"The Tree CBD","url":"https:\/\/thetreecbd.com\/de","logo":{"@type":"ImageObject","inLanguage":"de","@id":"https:\/\/thetreecbd.com\/de#\/schema\/logo\/image\/","url":"https:\/\/thetreecbd.com\/wp-content\/uploads\/2022\/04\/logo-thetree.png","contentUrl":"https:\/\/thetreecbd.com\/wp-content\/uploads\/2022\/04\/logo-thetree.png","width":172,"height":55,"caption":"The Tree CBD"},"image":{"@id":"https:\/\/thetreecbd.com\/de#\/schema\/logo\/image\/"},"sameAs":["https:\/\/www.facebook.com\/thetreeCBD\/","https:\/\/x.com\/TheTreeCBD_EU","https:\/\/www.instagram.com\/thetree.cbd\/","https:\/\/es.trustpilot.com\/review\/thetreecbd.com"]}]}},"_links":{"self":[{"href":"https:\/\/thetreecbd.com\/de\/wp-json\/wp\/v2\/product\/168671","targetHints":{"allow":["GET"]}}],"collection":[{"href":"https:\/\/thetreecbd.com\/de\/wp-json\/wp\/v2\/product"}],"about":[{"href":"https:\/\/thetreecbd.com\/de\/wp-json\/wp\/v2\/types\/product"}],"version-history":[{"count":0,"href":"https:\/\/thetreecbd.com\/de\/wp-json\/wp\/v2\/product\/168671\/revisions"}],"wp:featuredmedia":[{"embeddable":true,"href":"https:\/\/thetreecbd.com\/de\/wp-json\/wp\/v2\/media\/183350"}],"wp:attachment":[{"href":"https:\/\/thetreecbd.com\/de\/wp-json\/wp\/v2\/media?parent=168671"}],"wp:term":[{"taxonomy":"product_brand","embeddable":true,"href":"https:\/\/thetreecbd.com\/de\/wp-json\/wp\/v2\/product_brand?post=168671"}],"curies":[{"name":"wp","href":"https:\/\/api.w.org\/{rel}","templated":true}]}}