{"id":168753,"date":"2025-06-19T11:44:24","date_gmt":"2025-06-19T09:44:24","guid":{"rendered":"https:\/\/thetreecbd.com\/cbd\/kleine-royal-cheese-cbd-bluten"},"modified":"2025-09-02T00:00:33","modified_gmt":"2025-09-01T22:00:33","slug":"kleine-royal-cheese-cbd-bluten","status":"publish","type":"product","link":"https:\/\/thetreecbd.com\/de\/cbd\/kleine-royal-cheese-cbd-bluten","title":{"rendered":"Kleine Royal Cheese CBD Bl\u00fcten"},"content":{"rendered":"<p data-sourcepos=\"7:1-7:188\">The Tree CBD bringt Ihnen die kleinen, legalen <strong>Hanfbl\u00fcten<\/strong> der Sorte <strong>Royal Cheese CBD<\/strong> mit einer einzigartigen Genetik, die eine hohe Menge und Qualit\u00e4t an CBD in jeder Bl\u00fcte bietet.<\/p>\n<p data-sourcepos=\"9:1-9:119\">Diese <strong>CBD-Bl\u00fcten<\/strong> stammen aus einer genetischen Kreuzung zwischen Lambada x Kompolty x Kompolty 1 x Carmagnola Sell.<\/p>\n<p data-sourcepos=\"11:1-11:285\">Bei den <strong>Royal Cheese CBD<\/strong> Bl\u00fcten von The Tree k\u00f6nnen wir eine hellgr\u00fcne Farbe mit violetten T\u00f6nen beobachten; sie zeigen sich dicht und kompakt, was ihre Qualit\u00e4t und gute Trocknung beweist. Zusammen mit ihrem starken Aroma macht dies sie zu einer der begehrtesten Sorten \u00fcberhaupt.<\/p>\n<p data-sourcepos=\"13:1-13:521\">Der Ursprung dieser Genetik stammt von der klassischen Cheese ab, wurde aber verbessert. Es ist unm\u00f6glich, ihr bekanntes Skunk-Aroma zu \u00fcbersehen, das im Englischen &#8220;stinkend&#8221; bedeutet. Sie verstr\u00f6mt einen besonderen Geruch, der an bestimmten Cheddar- oder Blauschimmelk\u00e4se erinnert, was sie attraktiver macht als das Original. Das Aroma ist viel stechender als das ihrer Eltern, mit w\u00fcrzigen und bitters\u00fc\u00dfen Nuancen. Dies ist ihre Haupteigenschaft, die ihr weltweit Ruhm unter Terpen- und K\u00e4seliebhabern eingebracht hat.<\/p>\n<p data-sourcepos=\"15:1-15:191\"><strong>Royal Cheese CBD<\/strong> ist eine eher Sativa-lastige Hybridvariante, die ein Gef\u00fchl von Gl\u00fcckseligkeit hervorruft und sich perfekt f\u00fcr Momente eignet, in denen wir Kreativit\u00e4t aktivieren m\u00fcssen.<\/p>\n<p data-sourcepos=\"17:1-17:181\">Die <strong>CBD-Bl\u00fcten<\/strong> stammen aus von der EU ausgew\u00e4hlten Samen und werden zu 100 % nat\u00fcrlich in Innenr\u00e4umen angebaut, ohne den Einsatz von Zusatzstoffen oder Pestiziden jeglicher Art.<\/p>\n<p data-sourcepos=\"19:1-19:120\">Diese <strong>Royal Cheese CBD<\/strong> Bl\u00fcten haben dank ihres hohen CBD-Gehalts zwischen 12 % und 14 % ein noch intensiveres Aroma.<\/p>\n<p data-sourcepos=\"21:1-21:136\">Da sie au\u00dferdem weniger als 0,20 % THC enthalten, sind sie in ganz Europa <strong>vollkommen legal<\/strong> und haben keinerlei psychoaktive Wirkung.<\/p>\n<hr data-sourcepos=\"23:1-23:3\" \/>\n<h3 data-sourcepos=\"25:1-25:38\">Eigenschaften von Royal Cheese CBD<\/h3>\n<ul data-sourcepos=\"27:1-36:0\">\n<li data-sourcepos=\"27:1-27:12\">Hanfbl\u00fcten<\/li>\n<li data-sourcepos=\"28:1-28:28\">Weniger als 0,20 % <strong>THC<\/strong><\/li>\n<li data-sourcepos=\"29:1-29:23\">14 % bis 16 % <strong>CBD<\/strong><\/li>\n<li data-sourcepos=\"30:1-30:60\">Genetik: Lambada x Kompolty x Kompolty 1 x Carmagnola Sell<\/li>\n<li data-sourcepos=\"31:1-31:25\">Sativa 70 % Indica 30 %<\/li>\n<li data-sourcepos=\"32:1-32:29\">Keine psychoaktiven Effekte<\/li>\n<li data-sourcepos=\"33:1-33:20\">Organisch angebaut<\/li>\n<li data-sourcepos=\"34:1-34:10\">GMO-frei<\/li>\n<li data-sourcepos=\"35:1-36:0\">Pestizidfrei<\/li>\n<\/ul>\n<hr data-sourcepos=\"37:1-37:3\" \/>\n<h3 data-sourcepos=\"39:1-39:26\">Aroma Royal Cheese CBD<\/h3>\n<p data-sourcepos=\"41:1-41:197\"><strong>Terpene<\/strong> finden sich in den meisten \u00e4therischen \u00d6len vieler Pflanzen, Blumen und Fr\u00fcchte; sie sind f\u00fcr Geruch und Geschmack verantwortlich. Im Cannabis finden wir ein breites Profil an Terpenen.<\/p>\n<p data-sourcepos=\"43:1-43:253\">Die Royal Cheese CBD von The Tree hat in ihrer Linie niemand geringeren als Skunk #1, daher ihr so intensives Aroma, das sich mit dem eines sauren K\u00e4ses vermischt und uns an Milchprodukte erinnert, aber mit leicht s\u00fc\u00dfen, fruchtigen oder krautigen Noten.<\/p>\n<hr data-sourcepos=\"45:1-45:3\" \/>\n<h3 data-sourcepos=\"47:1-47:14\">Zielgruppe<\/h3>\n<p data-sourcepos=\"49:1-49:201\">Indoor angebaute <strong>CBD-Bl\u00fcten<\/strong> sind f\u00fcr diejenigen, die eine Qualit\u00e4tsgarantie suchen, da der Indoor-Anbau die Schaffung homogener Bl\u00fcten mit einer gr\u00fcnen Farbe und hoher CBD-Konzentration erm\u00f6glicht.<\/p>\n<p data-sourcepos=\"51:1-51:197\">Der Indoor-Anbau ist zweifellos eine viel technischere Anbaumethode, bei der das Medium, in dem eine Pflanze w\u00e4chst, kontrolliert werden kann, um die vom Z\u00fcchter bevorzugten Ergebnisse zu erzielen.<\/p>\n<p data-sourcepos=\"53:1-53:336\">Es ist die bevorzugte Methode f\u00fcr medizinische Zwecke, da auf diese Weise die Kontrolle von Klima und Licht erreicht werden kann, wodurch das Produkt so weit wie m\u00f6glich standardisiert wird; man darf nicht vergessen, dass die Variabilit\u00e4t des CBD-Prozentsatzes und anderer Cannabinoide stark vom Medium abh\u00e4ngt, in dem es angebaut wird.<\/p>\n<p data-sourcepos=\"55:1-55:228\">Mit einer Klima- und N\u00e4hrstoffkontrolle, sowohl bei der Wurzelunterst\u00fctzung als auch bei den Lichtstunden, stellen wir sicher, dass das Produkt homogen ist und wir immer eine Qualit\u00e4tsgarantie bei den Indoor-CBD-Bl\u00fcten erhalten.<\/p>\n<p data-sourcepos=\"57:1-57:234\">Aus der Perspektive der Verbraucher kann Indoor aus den oben genannten Gr\u00fcnden \u2013 Qualit\u00e4tsgarantie \u2013 besser sein, und Indoor-CBD-Bl\u00fcten sind auch f\u00fcr ihr Aussehen bekannt, normalerweise harziger und von einer lebhafteren gr\u00fcnen Farbe.<\/p>\n<hr data-sourcepos=\"59:1-59:3\" \/>\n<h3 data-sourcepos=\"61:1-61:28\">Sicherheitsinformationen<\/h3>\n<p data-sourcepos=\"63:1-63:240\">Bitte beachten Sie, dass die <strong>CBD-Knospen<\/strong> von The Tree ein dekoratives Produkt zum Sammeln und Riechen sind. Sie sollten w\u00e4hrend der Schwangerschaft oder Stillzeit nicht verwendet werden. Au\u00dferhalb der Reichweite von Kindern aufbewahren.<\/p>\n<p data-sourcepos=\"65:1-65:124\">Unsere <strong>CBD-Knospen<\/strong> k\u00f6nnen eine bestimmte Menge THC enthalten. Dies liegt nat\u00fcrlich unter dem EU-Grenzwert von 0,2 % THC.<\/p>\n<p data-sourcepos=\"67:1-67:260\">Der bereitgestellte Inhalt dient ausschlie\u00dflich Informations- und Schulungszwecken und ersetzt in keiner Weise die medizinische Beratung durch einen Arzt oder Apotheker. Unsere Texte sind nicht zur unabh\u00e4ngigen Diagnose und Behandlung von Krankheiten bestimmt.<\/p>\n<p data-sourcepos=\"69:1-69:58\">Z\u00f6gern Sie nicht, uns bei weiteren Fragen zu kontaktieren.<\/p>\n<hr data-sourcepos=\"71:1-71:3\" \/>\n<h3 data-sourcepos=\"73:1-73:12\">Lagerung<\/h3>\n<p data-sourcepos=\"75:1-75:263\">Idealerweise sollten die <strong>CBD-Knospen<\/strong> von The Tree an einem k\u00fchlen und trockenen Ort gelagert werden, gesch\u00fctzt vor Licht und starken Ger\u00fcchen, um jegliche Art von Kontamination und\/oder Degradation zu vermeiden. Direkte Sonneneinstrahlung und Hitze vermeiden.<\/p>\n<p data-sourcepos=\"77:1-77:83\"><strong>Achtung:<\/strong> Die angegebene Haltbarkeit betr\u00e4gt einen Monat bei korrekter Lagerung.<\/p>\n","protected":false},"excerpt":{"rendered":"<ul>\n<li data-sourcepos=\"27:1-27:12\">Hanfbl\u00fcten<\/li>\n<li data-sourcepos=\"28:1-28:28\">Weniger als 0,20 % <strong>THC<\/strong><\/li>\n<li data-sourcepos=\"29:1-29:23\">14 % bis 16 % <strong>CBD<\/strong><\/li>\n<li data-sourcepos=\"30:1-30:60\">Genetik: Lambada x Kompolty x Kompolty 1 x Carmagnola Sell<\/li>\n<li data-sourcepos=\"31:1-31:25\">Sativa 70 % Indica 30 %<\/li>\n<li data-sourcepos=\"32:1-32:29\">Keine psychoaktiven Effekte<\/li>\n<li data-sourcepos=\"33:1-33:20\">Organisch angebaut<\/li>\n<li data-sourcepos=\"34:1-34:10\">GMO-frei<\/li>\n<li data-sourcepos=\"35:1-36:0\">Pestizidfrei<\/li>\n<\/ul>\n","protected":false},"featured_media":165258,"template":"","meta":{"_acf_changed":false},"product_brand":[],"class_list":{"0":"post-168753","1":"product","2":"type-product","3":"status-publish","4":"has-post-thumbnail","6":"product_cat-bluten","7":"product_cat-kleine-cbd-bluten-popcorn-buds","9":"first","10":"instock","11":"taxable","12":"shipping-taxable","13":"purchasable","14":"product-type-variable"},"acf":[],"yoast_head":"<!-- This site is optimized with the Yoast SEO plugin v26.3 - https:\/\/yoast.com\/wordpress\/plugins\/seo\/ -->\n<title>Kleine Royal Cheese CBD Bl\u00fcten16% CBD. Cannabis Legal - The Tree CBD<\/title>\n<meta name=\"description\" content=\"Die Royal Cheese CBD ist eine Indica-Bl\u00fcte, die ein besonderes Aroma verstr\u00f6mt, das an Cheddar- oder Blauschimmelk\u00e4se erinnert, mit w\u00fcrzigen Nuancen. Probieren Sie sie aus!\" \/>\n<meta name=\"robots\" content=\"index, follow, max-snippet:-1, max-image-preview:large, max-video-preview:-1\" \/>\n<link rel=\"canonical\" href=\"https:\/\/thetreecbd.com\/de\/cbd\/kleine-royal-cheese-cbd-bluten\" \/>\n<meta property=\"og:locale\" content=\"de_DE\" \/>\n<meta property=\"og:type\" content=\"article\" \/>\n<meta property=\"og:title\" content=\"Kleine Royal Cheese CBD Bl\u00fcten16% CBD. Cannabis Legal - The Tree CBD\" \/>\n<meta property=\"og:description\" content=\"Die Royal Cheese CBD ist eine Indica-Bl\u00fcte, die ein besonderes Aroma verstr\u00f6mt, das an Cheddar- oder Blauschimmelk\u00e4se erinnert, mit w\u00fcrzigen Nuancen. Probieren Sie sie aus!\" \/>\n<meta property=\"og:url\" content=\"https:\/\/thetreecbd.com\/de\/cbd\/kleine-royal-cheese-cbd-bluten\" \/>\n<meta property=\"og:site_name\" content=\"The Tree CBD\" \/>\n<meta property=\"article:publisher\" content=\"https:\/\/www.facebook.com\/thetreeCBD\/\" \/>\n<meta property=\"article:modified_time\" content=\"2025-09-01T22:00:33+00:00\" \/>\n<meta property=\"og:image\" content=\"https:\/\/thetreecbd.com\/wp-content\/uploads\/2025\/01\/Malibu_Exotic_Heap_1.48.1-scaled-e1740645317417.jpeg\" \/>\n\t<meta property=\"og:image:width\" content=\"1152\" \/>\n\t<meta property=\"og:image:height\" content=\"1198\" \/>\n\t<meta property=\"og:image:type\" content=\"image\/jpeg\" \/>\n<meta name=\"twitter:card\" content=\"summary_large_image\" \/>\n<meta name=\"twitter:site\" content=\"@TheTreeCBD_EU\" \/>\n<meta name=\"twitter:label1\" content=\"Gesch\u00e4tzte Lesezeit\" \/>\n\t<meta name=\"twitter:data1\" content=\"4\u00a0Minuten\" \/>\n<script type=\"application\/ld+json\" class=\"yoast-schema-graph\">{\"@context\":\"https:\/\/schema.org\",\"@graph\":[{\"@type\":[\"WebPage\",\"ItemPage\"],\"@id\":\"https:\/\/thetreecbd.com\/de\/cbd\/kleine-royal-cheese-cbd-bluten\",\"url\":\"https:\/\/thetreecbd.com\/de\/cbd\/kleine-royal-cheese-cbd-bluten\",\"name\":\"Kleine Royal Cheese CBD Bl\u00fcten16% CBD. Cannabis Legal - The Tree CBD\",\"isPartOf\":{\"@id\":\"https:\/\/thetreecbd.com\/de#website\"},\"primaryImageOfPage\":{\"@id\":\"https:\/\/thetreecbd.com\/de\/cbd\/kleine-royal-cheese-cbd-bluten#primaryimage\"},\"image\":{\"@id\":\"https:\/\/thetreecbd.com\/de\/cbd\/kleine-royal-cheese-cbd-bluten#primaryimage\"},\"thumbnailUrl\":\"https:\/\/thetreecbd.com\/wp-content\/uploads\/2025\/01\/Malibu_Exotic_Heap_1.48.1-scaled-e1740645317417.jpeg\",\"datePublished\":\"2025-06-19T09:44:24+00:00\",\"dateModified\":\"2025-09-01T22:00:33+00:00\",\"description\":\"Die Royal Cheese CBD ist eine Indica-Bl\u00fcte, die ein besonderes Aroma verstr\u00f6mt, das an Cheddar- oder Blauschimmelk\u00e4se erinnert, mit w\u00fcrzigen Nuancen. Probieren Sie sie aus!\",\"breadcrumb\":{\"@id\":\"https:\/\/thetreecbd.com\/de\/cbd\/kleine-royal-cheese-cbd-bluten#breadcrumb\"},\"inLanguage\":\"de\",\"potentialAction\":[{\"@type\":\"ReadAction\",\"target\":[\"https:\/\/thetreecbd.com\/de\/cbd\/kleine-royal-cheese-cbd-bluten\"]}]},{\"@type\":\"ImageObject\",\"inLanguage\":\"de\",\"@id\":\"https:\/\/thetreecbd.com\/de\/cbd\/kleine-royal-cheese-cbd-bluten#primaryimage\",\"url\":\"https:\/\/thetreecbd.com\/wp-content\/uploads\/2025\/01\/Malibu_Exotic_Heap_1.48.1-scaled-e1740645317417.jpeg\",\"contentUrl\":\"https:\/\/thetreecbd.com\/wp-content\/uploads\/2025\/01\/Malibu_Exotic_Heap_1.48.1-scaled-e1740645317417.jpeg\",\"width\":1152,\"height\":1198},{\"@type\":\"BreadcrumbList\",\"@id\":\"https:\/\/thetreecbd.com\/de\/cbd\/kleine-royal-cheese-cbd-bluten#breadcrumb\",\"itemListElement\":[{\"@type\":\"ListItem\",\"position\":1,\"name\":\"The Tree\",\"item\":\"https:\/\/thetreecbd.com\/de\"},{\"@type\":\"ListItem\",\"position\":2,\"name\":\"CBD\",\"item\":\"https:\/\/thetreecbd.com\/es\/cbd\"},{\"@type\":\"ListItem\",\"position\":3,\"name\":\"CBD-Bl\u00fcten kaufen\",\"item\":\"https:\/\/thetreecbd.com\/de\/bluten\"},{\"@type\":\"ListItem\",\"position\":4,\"name\":\"Kleine CBD-Bl\u00fcten &amp; Popcorn-Buds\",\"item\":\"https:\/\/thetreecbd.com\/de\/bluten\/kleine-cbd-bluten-popcorn-buds\"},{\"@type\":\"ListItem\",\"position\":5,\"name\":\"Kleine Royal Cheese CBD Bl\u00fcten\"}]},{\"@type\":\"WebSite\",\"@id\":\"https:\/\/thetreecbd.com\/de#website\",\"url\":\"https:\/\/thetreecbd.com\/de\",\"name\":\"The Tree CBD\",\"description\":\"Comprar CBD en Espa\u00f1a Online\",\"publisher\":{\"@id\":\"https:\/\/thetreecbd.com\/de#organization\"},\"potentialAction\":[{\"@type\":\"SearchAction\",\"target\":{\"@type\":\"EntryPoint\",\"urlTemplate\":\"https:\/\/thetreecbd.com\/de?s={search_term_string}\"},\"query-input\":{\"@type\":\"PropertyValueSpecification\",\"valueRequired\":true,\"valueName\":\"search_term_string\"}}],\"inLanguage\":\"de\"},{\"@type\":\"Organization\",\"@id\":\"https:\/\/thetreecbd.com\/de#organization\",\"name\":\"The Tree CBD\",\"url\":\"https:\/\/thetreecbd.com\/de\",\"logo\":{\"@type\":\"ImageObject\",\"inLanguage\":\"de\",\"@id\":\"https:\/\/thetreecbd.com\/de#\/schema\/logo\/image\/\",\"url\":\"https:\/\/thetreecbd.com\/wp-content\/uploads\/2022\/04\/logo-thetree.png\",\"contentUrl\":\"https:\/\/thetreecbd.com\/wp-content\/uploads\/2022\/04\/logo-thetree.png\",\"width\":172,\"height\":55,\"caption\":\"The Tree CBD\"},\"image\":{\"@id\":\"https:\/\/thetreecbd.com\/de#\/schema\/logo\/image\/\"},\"sameAs\":[\"https:\/\/www.facebook.com\/thetreeCBD\/\",\"https:\/\/x.com\/TheTreeCBD_EU\",\"https:\/\/www.instagram.com\/thetree.cbd\/\",\"https:\/\/es.trustpilot.com\/review\/thetreecbd.com\"]}]}<\/script>\n<!-- \/ Yoast SEO plugin. -->","yoast_head_json":{"title":"Kleine Royal Cheese CBD Bl\u00fcten16% CBD. Cannabis Legal - The Tree CBD","description":"Die Royal Cheese CBD ist eine Indica-Bl\u00fcte, die ein besonderes Aroma verstr\u00f6mt, das an Cheddar- oder Blauschimmelk\u00e4se erinnert, mit w\u00fcrzigen Nuancen. Probieren Sie sie aus!","robots":{"index":"index","follow":"follow","max-snippet":"max-snippet:-1","max-image-preview":"max-image-preview:large","max-video-preview":"max-video-preview:-1"},"canonical":"https:\/\/thetreecbd.com\/de\/cbd\/kleine-royal-cheese-cbd-bluten","og_locale":"de_DE","og_type":"article","og_title":"Kleine Royal Cheese CBD Bl\u00fcten16% CBD. Cannabis Legal - The Tree CBD","og_description":"Die Royal Cheese CBD ist eine Indica-Bl\u00fcte, die ein besonderes Aroma verstr\u00f6mt, das an Cheddar- oder Blauschimmelk\u00e4se erinnert, mit w\u00fcrzigen Nuancen. Probieren Sie sie aus!","og_url":"https:\/\/thetreecbd.com\/de\/cbd\/kleine-royal-cheese-cbd-bluten","og_site_name":"The Tree CBD","article_publisher":"https:\/\/www.facebook.com\/thetreeCBD\/","article_modified_time":"2025-09-01T22:00:33+00:00","og_image":[{"width":1152,"height":1198,"url":"https:\/\/thetreecbd.com\/wp-content\/uploads\/2025\/01\/Malibu_Exotic_Heap_1.48.1-scaled-e1740645317417.jpeg","type":"image\/jpeg"}],"twitter_card":"summary_large_image","twitter_site":"@TheTreeCBD_EU","twitter_misc":{"Gesch\u00e4tzte Lesezeit":"4\u00a0Minuten"},"schema":{"@context":"https:\/\/schema.org","@graph":[{"@type":["WebPage","ItemPage"],"@id":"https:\/\/thetreecbd.com\/de\/cbd\/kleine-royal-cheese-cbd-bluten","url":"https:\/\/thetreecbd.com\/de\/cbd\/kleine-royal-cheese-cbd-bluten","name":"Kleine Royal Cheese CBD Bl\u00fcten16% CBD. Cannabis Legal - The Tree CBD","isPartOf":{"@id":"https:\/\/thetreecbd.com\/de#website"},"primaryImageOfPage":{"@id":"https:\/\/thetreecbd.com\/de\/cbd\/kleine-royal-cheese-cbd-bluten#primaryimage"},"image":{"@id":"https:\/\/thetreecbd.com\/de\/cbd\/kleine-royal-cheese-cbd-bluten#primaryimage"},"thumbnailUrl":"https:\/\/thetreecbd.com\/wp-content\/uploads\/2025\/01\/Malibu_Exotic_Heap_1.48.1-scaled-e1740645317417.jpeg","datePublished":"2025-06-19T09:44:24+00:00","dateModified":"2025-09-01T22:00:33+00:00","description":"Die Royal Cheese CBD ist eine Indica-Bl\u00fcte, die ein besonderes Aroma verstr\u00f6mt, das an Cheddar- oder Blauschimmelk\u00e4se erinnert, mit w\u00fcrzigen Nuancen. Probieren Sie sie aus!","breadcrumb":{"@id":"https:\/\/thetreecbd.com\/de\/cbd\/kleine-royal-cheese-cbd-bluten#breadcrumb"},"inLanguage":"de","potentialAction":[{"@type":"ReadAction","target":["https:\/\/thetreecbd.com\/de\/cbd\/kleine-royal-cheese-cbd-bluten"]}]},{"@type":"ImageObject","inLanguage":"de","@id":"https:\/\/thetreecbd.com\/de\/cbd\/kleine-royal-cheese-cbd-bluten#primaryimage","url":"https:\/\/thetreecbd.com\/wp-content\/uploads\/2025\/01\/Malibu_Exotic_Heap_1.48.1-scaled-e1740645317417.jpeg","contentUrl":"https:\/\/thetreecbd.com\/wp-content\/uploads\/2025\/01\/Malibu_Exotic_Heap_1.48.1-scaled-e1740645317417.jpeg","width":1152,"height":1198},{"@type":"BreadcrumbList","@id":"https:\/\/thetreecbd.com\/de\/cbd\/kleine-royal-cheese-cbd-bluten#breadcrumb","itemListElement":[{"@type":"ListItem","position":1,"name":"The Tree","item":"https:\/\/thetreecbd.com\/de"},{"@type":"ListItem","position":2,"name":"CBD","item":"https:\/\/thetreecbd.com\/es\/cbd"},{"@type":"ListItem","position":3,"name":"CBD-Bl\u00fcten kaufen","item":"https:\/\/thetreecbd.com\/de\/bluten"},{"@type":"ListItem","position":4,"name":"Kleine CBD-Bl\u00fcten &amp; Popcorn-Buds","item":"https:\/\/thetreecbd.com\/de\/bluten\/kleine-cbd-bluten-popcorn-buds"},{"@type":"ListItem","position":5,"name":"Kleine Royal Cheese CBD Bl\u00fcten"}]},{"@type":"WebSite","@id":"https:\/\/thetreecbd.com\/de#website","url":"https:\/\/thetreecbd.com\/de","name":"The Tree CBD","description":"Comprar CBD en Espa\u00f1a Online","publisher":{"@id":"https:\/\/thetreecbd.com\/de#organization"},"potentialAction":[{"@type":"SearchAction","target":{"@type":"EntryPoint","urlTemplate":"https:\/\/thetreecbd.com\/de?s={search_term_string}"},"query-input":{"@type":"PropertyValueSpecification","valueRequired":true,"valueName":"search_term_string"}}],"inLanguage":"de"},{"@type":"Organization","@id":"https:\/\/thetreecbd.com\/de#organization","name":"The Tree CBD","url":"https:\/\/thetreecbd.com\/de","logo":{"@type":"ImageObject","inLanguage":"de","@id":"https:\/\/thetreecbd.com\/de#\/schema\/logo\/image\/","url":"https:\/\/thetreecbd.com\/wp-content\/uploads\/2022\/04\/logo-thetree.png","contentUrl":"https:\/\/thetreecbd.com\/wp-content\/uploads\/2022\/04\/logo-thetree.png","width":172,"height":55,"caption":"The Tree CBD"},"image":{"@id":"https:\/\/thetreecbd.com\/de#\/schema\/logo\/image\/"},"sameAs":["https:\/\/www.facebook.com\/thetreeCBD\/","https:\/\/x.com\/TheTreeCBD_EU","https:\/\/www.instagram.com\/thetree.cbd\/","https:\/\/es.trustpilot.com\/review\/thetreecbd.com"]}]}},"_links":{"self":[{"href":"https:\/\/thetreecbd.com\/de\/wp-json\/wp\/v2\/product\/168753","targetHints":{"allow":["GET"]}}],"collection":[{"href":"https:\/\/thetreecbd.com\/de\/wp-json\/wp\/v2\/product"}],"about":[{"href":"https:\/\/thetreecbd.com\/de\/wp-json\/wp\/v2\/types\/product"}],"version-history":[{"count":0,"href":"https:\/\/thetreecbd.com\/de\/wp-json\/wp\/v2\/product\/168753\/revisions"}],"wp:featuredmedia":[{"embeddable":true,"href":"https:\/\/thetreecbd.com\/de\/wp-json\/wp\/v2\/media\/165258"}],"wp:attachment":[{"href":"https:\/\/thetreecbd.com\/de\/wp-json\/wp\/v2\/media?parent=168753"}],"wp:term":[{"taxonomy":"product_brand","embeddable":true,"href":"https:\/\/thetreecbd.com\/de\/wp-json\/wp\/v2\/product_brand?post=168753"}],"curies":[{"name":"wp","href":"https:\/\/api.w.org\/{rel}","templated":true}]}}