{"id":168781,"date":"2025-03-12T15:08:31","date_gmt":"2025-03-12T14:08:31","guid":{"rendered":"https:\/\/thetreecbd.com\/cbd\/kleine-somango-blute"},"modified":"2025-06-19T13:35:16","modified_gmt":"2025-06-19T11:35:16","slug":"kleine-somango-blute","status":"publish","type":"product","link":"https:\/\/thetreecbd.com\/de\/cbd\/kleine-somango-blute","title":{"rendered":"Kleine Somango-Bl\u00fcte"},"content":{"rendered":"<p data-sourcepos=\"85:1-85:429\"><strong>Somango von The Tree CBD<\/strong> ist eine <strong>hydroponische CBD-Bl\u00fcte<\/strong> aus dem Glashaus, die sich durch ihre lebendige Pr\u00e4senz, ihr optisch ansprechendes Aussehen und ein Terpenprofil auszeichnet, das zu einem umfassenden sensorischen Erlebnis einl\u00e4dt. Mit 18 % CBD stellt diese Bl\u00fcte eine sorgf\u00e4ltige Kombination aus fortschrittlicher Technologie und respektvollen Anbaumethoden dar, um ein Endprodukt von hoher Qualit\u00e4t zu erzielen.<\/p>\n<p data-sourcepos=\"87:1-87:787\">Schon auf den ersten Blick zieht <strong>Somango<\/strong> die Aufmerksamkeit mit ihrem robusten und auff\u00e4lligen Aussehen auf sich. Die Knospen sind kompakt und von bemerkenswerter Dichte, mit einer gut definierten Struktur, die die Sorgfalt in jeder Phase ihres hydroponischen Wachstums widerspiegelt. Ihre Farbe ist ein intensives, tiefes Gr\u00fcn, das sich mit leuchtend orangefarbenen Stempeln verflechtet. Diese warmen Farbt\u00f6ne schaffen einen sch\u00f6nen Kontrast, der die Frische und Qualit\u00e4t der Bl\u00fcte hervorhebt. Die Textur ist harzig und leicht klebrig, was die hohe Konzentration von Trichomen zeigt, die die Knospen bedecken und im Licht zu gl\u00e4nzen scheinen. Beim Ber\u00fchren sp\u00fcrt man ihre Festigkeit und Dichte, mit einer stabilen Struktur, die ihre Form beh\u00e4lt und ihren Premium-Ursprung offenbart.<\/p>\n<p data-sourcepos=\"89:1-89:733\">Das Aroma von Somango ist eines ihrer markantesten Merkmale. Beim Ann\u00e4hern nimmt man ein Bouquet tropischer D\u00fcfte wahr, die die Sinne sofort fesseln. Hervorzuheben sind die <strong>fruchtigen Noten<\/strong>, insbesondere der s\u00fc\u00dfe und saftige Duft reifer Mango, der ihr den Namen gibt. Dieses Profil mischt sich exquisit mit Noten von exotischen Fr\u00fcchten wie Ananas und Papaya und sorgt f\u00fcr ein erfrischendes und s\u00fc\u00dfes Gef\u00fchl. Dieses fruchtige Aroma wird perfekt durch einen leichten erdigen Hintergrund ausgeglichen, der Tiefe und Komplexit\u00e4t hinzuf\u00fcgt, ohne die Frische zu beeintr\u00e4chtigen. Insgesamt entsteht ein ausgewogenes und nat\u00fcrliches Geruchserlebnis, das in der Luft verweilt und dazu einl\u00e4dt, in eine Oase exotischer D\u00fcfte einzutauchen.<\/p>\n<p data-sourcepos=\"91:1-91:782\">Das Terpenprofil von <strong>Somango<\/strong> ist ein weiterer faszinierender Aspekt dieser Bl\u00fcte. Ihr hoher Myrcen-Gehalt, das Terpen, das f\u00fcr fruchtige und tropische Aromen verantwortlich ist, verleiht ihr diese s\u00fc\u00dfe und warme Essenz, die sie charakterisiert. Neben Myrcen enth\u00e4lt <strong>Somango<\/strong> einen <strong>bemerkenswerten Limonen-Gehalt<\/strong>, der eine zitrusartige und belebende Note hinzuf\u00fcgt, die die tropische S\u00fc\u00dfe erg\u00e4nzt. Dieses Terpen-Gleichgewicht bereichert nicht nur ihren Duft, sondern verbessert auch ihre Gesamtpr\u00e4sentation, was die Sorgfalt im Anbauprozess widerspiegelt, um diese nat\u00fcrlichen Verbindungen hervorzuheben. Schlie\u00dflich bringt <strong>Caryophyllen<\/strong> eine leichte w\u00fcrzige Note mit sich, die subtil mit dem tropischen Profil kontrastiert und eine zus\u00e4tzliche Schicht Tiefe hinzuf\u00fcgt.<\/p>\n<p data-sourcepos=\"93:1-93:622\">Auf struktureller Ebene sind Dichte und Qualit\u00e4t der Somango-Knospen ein Beweis f\u00fcr ihren exzellenten hydroponischen Anbau. Diese Anbaumethode im Glashaus erm\u00f6glicht eine pr\u00e4zise Kontrolle der Umgebung, was zu einer sauberen, reinen und au\u00dfergew\u00f6hnlich gleichm\u00e4\u00dfigen Bl\u00fcte f\u00fchrt. Jede Knospe beh\u00e4lt ihre Form und Struktur mit bemerkenswerter Festigkeit, was das Gleichgewicht zwischen Technologie und Natur in jeder Phase ihres Wachstums widerspiegelt. Ihre Pr\u00e4sentation ist bewundernswert: eine Bl\u00fcte in ihrer sch\u00f6nsten Form, bei der jedes Detail sorgf\u00e4ltig optimiert wurde, um eine \u00c4sthetik von hoher Qualit\u00e4t zu bieten.<\/p>\n<p data-sourcepos=\"95:1-95:414\">Die <strong>Somango von The Tree CBD<\/strong> ist eine herausragende CBD-Bl\u00fcte, sowohl wegen ihrer visuellen Sch\u00f6nheit als auch wegen ihres tropischen und komplexen Aromaprofils. Mit einer dichten und soliden Struktur, einem sorgf\u00e4ltig ausbalancierten Terpenprofil und einem fesselnden visuellen Erscheinungsbild pr\u00e4sentiert sich diese Bl\u00fcte als ideale Option f\u00fcr CBD-Kenner, die Qualit\u00e4t und Sorgfalt in jedem Detail sch\u00e4tzen.<\/p>\n<hr data-sourcepos=\"97:1-97:3\" \/>\n<h3 data-sourcepos=\"99:1-99:50\">Eigenschaften von legalem Cannabis Somango CBD<\/h3>\n<ul data-sourcepos=\"101:1-110:0\">\n<li data-sourcepos=\"101:1-101:12\">Hanfbl\u00fcten<\/li>\n<li data-sourcepos=\"102:1-102:35\">Fruchtige und zitrusartige Aromen<\/li>\n<li data-sourcepos=\"103:1-103:28\">Weniger als 0,20 % <strong>THC<\/strong><\/li>\n<li data-sourcepos=\"104:1-104:14\">18 % <strong>CBD<\/strong><\/li>\n<li data-sourcepos=\"105:1-105:35\">Genetik: Carmagnola x Super Skunk<\/li>\n<li data-sourcepos=\"106:1-106:29\">Keine psychoaktiven Effekte<\/li>\n<li data-sourcepos=\"107:1-107:20\">Organisch angebaut<\/li>\n<li data-sourcepos=\"108:1-108:10\">GVO-frei<\/li>\n<li data-sourcepos=\"109:1-110:0\">Pestizidfrei<\/li>\n<\/ul>\n<hr data-sourcepos=\"111:1-111:3\" \/>\n<h3 data-sourcepos=\"113:1-113:21\">Aroma Somango CBD<\/h3>\n<p data-sourcepos=\"115:1-115:328\">Das aromatische Profil von <strong>Somango CBD<\/strong> ist eine tropische und exotische Mischung, die sich besonders durch ihre s\u00fc\u00dfen und fruchtigen Noten auszeichnet. Die Hauptaromen, die in dieser Sorte wahrgenommen werden, sind reife Mango, die ihr ihren Namen gibt, zusammen mit Noten von Ananas, Papaya und anderen tropischen Fr\u00fcchten.<\/p>\n<p data-sourcepos=\"117:1-117:282\">Dieses fruchtprofil wird durch einen sanften erdigen Hintergrund ausgeglichen, der Tiefe und ein nat\u00fcrliches, ausgewogenes Gef\u00fchl verleiht. Somango enth\u00e4lt auch einen subtilen Hauch von Gew\u00fcrzen, aufgrund von Caryophyllen, der dem Aroma eine w\u00fcrzige Nuance und Komplexit\u00e4t verleiht.<\/p>\n<hr data-sourcepos=\"119:1-119:3\" \/>\n<h3 data-sourcepos=\"121:1-121:16\">Terpenprofil<\/h3>\n<p data-sourcepos=\"123:1-123:86\">Was die Terpene betrifft, so besteht das Profil von <strong>Somango CBD<\/strong> haupts\u00e4chlich aus:<\/p>\n<ul data-sourcepos=\"125:1-128:0\">\n<li data-sourcepos=\"125:1-125:95\"><strong>Myrcen<\/strong>: Verantwortlich f\u00fcr das s\u00fc\u00dfe und tropische Aroma, das in dieser Sorte vorherrscht.<\/li>\n<li data-sourcepos=\"126:1-126:96\"><strong>Limonen<\/strong>: F\u00fcgt eine zitrusartige und belebende Note hinzu, die die S\u00fc\u00dfe der Frucht erg\u00e4nzt.<\/li>\n<li data-sourcepos=\"127:1-128:0\"><strong>Caryophyllen<\/strong>: Mit einem leicht w\u00fcrzigen Aroma, das der tropischen Duftkomposition eine komplexere und w\u00e4rmere Dimension verleiht.<\/li>\n<\/ul>\n<hr data-sourcepos=\"129:1-129:3\" \/>\n<h3 data-sourcepos=\"131:1-131:14\">Zielgruppe<\/h3>\n<p data-sourcepos=\"133:1-133:352\">Hydroponisch im Glashaus angebaute Bl\u00fcten sind f\u00fcr diejenigen, die eine Qualit\u00e4tsgarantie suchen, aber nicht auf einen erschwinglichen Preis verzichten m\u00f6chten, da der hydroponische Anbau im Glashaus die Schaffung homogener Bl\u00fcten mit einer gr\u00fcnen Farbe und hoher CBD-Konzentration erm\u00f6glicht, jedoch zu geringeren Kosten als bei der Indoor-Produktion.<\/p>\n<p data-sourcepos=\"135:1-135:415\">Der <strong>Hanfanbau im hydroponischen Glashaus<\/strong> kombiniert die Vorteile moderner Gew\u00e4chsh\u00e4user und des hydroponischen Anbausystems, was eine hochpr\u00e4zise Kontrolle \u00fcber die Umgebung und die N\u00e4hrstoffe, die die Pflanzen erhalten, erm\u00f6glicht. Diese Methode zeichnet sich durch ihre Effizienz bei der Produktion hochwertiger Hanfbl\u00fcten aus, wodurch deren Reinheit, Cannabinoidkonzentration und Konsistenz maximiert werden.<\/p>\n<p data-sourcepos=\"137:1-137:217\">Aus der Sicht der Verbraucher ist der hydroponische Glashausanbau eine Qualit\u00e4tsgarantie, und hydroponische CBD-Bl\u00fcten sind auch f\u00fcr ihr Aussehen bekannt, normalerweise harziger und von einer lebhafteren gr\u00fcnen Farbe.<\/p>\n<hr data-sourcepos=\"139:1-139:3\" \/>\n<h3 data-sourcepos=\"141:1-141:28\">Sicherheitsinformationen<\/h3>\n<p data-sourcepos=\"143:1-143:236\">Bitte beachten Sie, dass die CBD-Knospen von The Tree ein dekoratives Produkt zum Sammeln und Riechen sind. Sie sollten w\u00e4hrend der Schwangerschaft oder Stillzeit nicht verwendet werden. Au\u00dferhalb der Reichweite von Kindern aufbewahren.<\/p>\n<p data-sourcepos=\"145:1-145:120\">Unsere CBD-Knospen k\u00f6nnen eine bestimmte Menge THC enthalten. Dies liegt nat\u00fcrlich unter dem EU-Grenzwert von 0,2 % THC.<\/p>\n<p data-sourcepos=\"147:1-147:260\">Der bereitgestellte Inhalt dient ausschlie\u00dflich Informations- und Schulungszwecken und ersetzt in keiner Weise die medizinische Beratung durch einen Arzt oder Apotheker. Unsere Texte sind nicht zur unabh\u00e4ngigen Diagnose und Behandlung von Krankheiten bestimmt.<\/p>\n<p data-sourcepos=\"149:1-149:58\">Z\u00f6gern Sie nicht, uns bei weiteren Fragen zu kontaktieren.<\/p>\n<hr data-sourcepos=\"151:1-151:3\" \/>\n<h3 data-sourcepos=\"153:1-153:12\">Lagerung<\/h3>\n<p data-sourcepos=\"155:1-155:259\">Idealerweise sollten die CBD-Knospen von The Tree an einem k\u00fchlen und trockenen Ort gelagert werden, gesch\u00fctzt vor Licht und starken Ger\u00fcchen, um jegliche Art von Kontamination und\/oder Degradation zu vermeiden. Direkte Sonneneinstrahlung und Hitze vermeiden.<\/p>\n<p data-sourcepos=\"157:1-157:83\"><strong>Achtung:<\/strong> Die angegebene Haltbarkeit betr\u00e4gt einen Monat bei korrekter Lagerung.<\/p>\n","protected":false},"excerpt":{"rendered":"<ul>\n<li data-sourcepos=\"101:1-101:12\">Hanfbl\u00fcten<\/li>\n<li data-sourcepos=\"102:1-102:35\">Fruchtige und zitrusartige Aromen<\/li>\n<li data-sourcepos=\"103:1-103:28\">Weniger als 0,20 % <strong>THC<\/strong><\/li>\n<li data-sourcepos=\"104:1-104:14\">18 % <strong>CBD<\/strong><\/li>\n<li data-sourcepos=\"105:1-105:35\">Genetik: Carmagnola x Super Skunk<\/li>\n<li data-sourcepos=\"106:1-106:29\">Keine psychoaktiven Effekte<\/li>\n<li data-sourcepos=\"107:1-107:20\">Organisch angebaut<\/li>\n<li data-sourcepos=\"108:1-108:10\">GVO-frei<\/li>\n<li data-sourcepos=\"109:1-110:0\">Pestizidfrei<\/li>\n<\/ul>\n","protected":false},"featured_media":183299,"template":"","meta":{"_acf_changed":false},"product_brand":[],"class_list":{"0":"post-168781","1":"product","2":"type-product","3":"status-publish","4":"has-post-thumbnail","6":"product_cat-bluten","7":"product_cat-kleine-cbd-bluten-popcorn-buds","8":"product_cat-produkte-mit-10-cbd","10":"first","11":"instock","12":"taxable","13":"shipping-taxable","14":"purchasable","15":"product-type-variable","16":"has-default-attributes"},"acf":[],"yoast_head":"<!-- This site is optimized with the Yoast SEO plugin v26.3 - https:\/\/yoast.com\/wordpress\/plugins\/seo\/ -->\n<title>Kleine Somango-Bl\u00fcte 18% de CBD. Cannabis legal| The Tree CBD<\/title>\n<meta name=\"description\" content=\"Entdecken Sie die Somango CBD-Bl\u00fcte von The Tree CBD, im hydroponischen Glashaus angebaut mit 18 % CBD. Entdecken Sie diese tropische und exotische Sch\u00f6nheit.\" \/>\n<meta name=\"robots\" content=\"index, follow, max-snippet:-1, max-image-preview:large, max-video-preview:-1\" \/>\n<link rel=\"canonical\" href=\"https:\/\/thetreecbd.com\/de\/cbd\/kleine-somango-blute\" \/>\n<meta property=\"og:locale\" content=\"de_DE\" \/>\n<meta property=\"og:type\" content=\"article\" \/>\n<meta property=\"og:title\" content=\"Kleine Somango-Bl\u00fcte 18% de CBD. Cannabis legal| The Tree CBD\" \/>\n<meta property=\"og:description\" content=\"Entdecken Sie die Somango CBD-Bl\u00fcte von The Tree CBD, im hydroponischen Glashaus angebaut mit 18 % CBD. Entdecken Sie diese tropische und exotische Sch\u00f6nheit.\" \/>\n<meta property=\"og:url\" content=\"https:\/\/thetreecbd.com\/de\/cbd\/kleine-somango-blute\" \/>\n<meta property=\"og:site_name\" content=\"The Tree CBD\" \/>\n<meta property=\"article:publisher\" content=\"https:\/\/www.facebook.com\/thetreeCBD\/\" \/>\n<meta property=\"article:modified_time\" content=\"2025-06-19T11:35:16+00:00\" \/>\n<meta property=\"og:image\" content=\"https:\/\/thetreecbd.com\/wp-content\/uploads\/2025\/03\/somango-thetreecbd-web.jpg\" \/>\n\t<meta property=\"og:image:width\" content=\"1080\" \/>\n\t<meta property=\"og:image:height\" content=\"1350\" \/>\n\t<meta property=\"og:image:type\" content=\"image\/jpeg\" \/>\n<meta name=\"twitter:card\" content=\"summary_large_image\" \/>\n<meta name=\"twitter:site\" content=\"@TheTreeCBD_EU\" \/>\n<meta name=\"twitter:label1\" content=\"Gesch\u00e4tzte Lesezeit\" \/>\n\t<meta name=\"twitter:data1\" content=\"5\u00a0Minuten\" \/>\n<script type=\"application\/ld+json\" class=\"yoast-schema-graph\">{\"@context\":\"https:\/\/schema.org\",\"@graph\":[{\"@type\":[\"WebPage\",\"ItemPage\"],\"@id\":\"https:\/\/thetreecbd.com\/de\/cbd\/kleine-somango-blute\",\"url\":\"https:\/\/thetreecbd.com\/de\/cbd\/kleine-somango-blute\",\"name\":\"Kleine Somango-Bl\u00fcte 18% de CBD. Cannabis legal| The Tree CBD\",\"isPartOf\":{\"@id\":\"https:\/\/thetreecbd.com\/de#website\"},\"primaryImageOfPage\":{\"@id\":\"https:\/\/thetreecbd.com\/de\/cbd\/kleine-somango-blute#primaryimage\"},\"image\":{\"@id\":\"https:\/\/thetreecbd.com\/de\/cbd\/kleine-somango-blute#primaryimage\"},\"thumbnailUrl\":\"https:\/\/thetreecbd.com\/wp-content\/uploads\/2025\/03\/somango-thetreecbd-web.jpg\",\"datePublished\":\"2025-03-12T14:08:31+00:00\",\"dateModified\":\"2025-06-19T11:35:16+00:00\",\"description\":\"Entdecken Sie die Somango CBD-Bl\u00fcte von The Tree CBD, im hydroponischen Glashaus angebaut mit 18 % CBD. Entdecken Sie diese tropische und exotische Sch\u00f6nheit.\",\"breadcrumb\":{\"@id\":\"https:\/\/thetreecbd.com\/de\/cbd\/kleine-somango-blute#breadcrumb\"},\"inLanguage\":\"de\",\"potentialAction\":[{\"@type\":\"ReadAction\",\"target\":[\"https:\/\/thetreecbd.com\/de\/cbd\/kleine-somango-blute\"]}]},{\"@type\":\"ImageObject\",\"inLanguage\":\"de\",\"@id\":\"https:\/\/thetreecbd.com\/de\/cbd\/kleine-somango-blute#primaryimage\",\"url\":\"https:\/\/thetreecbd.com\/wp-content\/uploads\/2025\/03\/somango-thetreecbd-web.jpg\",\"contentUrl\":\"https:\/\/thetreecbd.com\/wp-content\/uploads\/2025\/03\/somango-thetreecbd-web.jpg\",\"width\":1080,\"height\":1350},{\"@type\":\"BreadcrumbList\",\"@id\":\"https:\/\/thetreecbd.com\/de\/cbd\/kleine-somango-blute#breadcrumb\",\"itemListElement\":[{\"@type\":\"ListItem\",\"position\":1,\"name\":\"The Tree\",\"item\":\"https:\/\/thetreecbd.com\/de\"},{\"@type\":\"ListItem\",\"position\":2,\"name\":\"CBD\",\"item\":\"https:\/\/thetreecbd.com\/es\/cbd\"},{\"@type\":\"ListItem\",\"position\":3,\"name\":\"CBD-Bl\u00fcten kaufen\",\"item\":\"https:\/\/thetreecbd.com\/de\/bluten\"},{\"@type\":\"ListItem\",\"position\":4,\"name\":\"Kleine CBD-Bl\u00fcten &amp; Popcorn-Buds\",\"item\":\"https:\/\/thetreecbd.com\/de\/bluten\/kleine-cbd-bluten-popcorn-buds\"},{\"@type\":\"ListItem\",\"position\":5,\"name\":\"Kleine Somango-Bl\u00fcte\"}]},{\"@type\":\"WebSite\",\"@id\":\"https:\/\/thetreecbd.com\/de#website\",\"url\":\"https:\/\/thetreecbd.com\/de\",\"name\":\"The Tree CBD\",\"description\":\"Comprar CBD en Espa\u00f1a Online\",\"publisher\":{\"@id\":\"https:\/\/thetreecbd.com\/de#organization\"},\"potentialAction\":[{\"@type\":\"SearchAction\",\"target\":{\"@type\":\"EntryPoint\",\"urlTemplate\":\"https:\/\/thetreecbd.com\/de?s={search_term_string}\"},\"query-input\":{\"@type\":\"PropertyValueSpecification\",\"valueRequired\":true,\"valueName\":\"search_term_string\"}}],\"inLanguage\":\"de\"},{\"@type\":\"Organization\",\"@id\":\"https:\/\/thetreecbd.com\/de#organization\",\"name\":\"The Tree CBD\",\"url\":\"https:\/\/thetreecbd.com\/de\",\"logo\":{\"@type\":\"ImageObject\",\"inLanguage\":\"de\",\"@id\":\"https:\/\/thetreecbd.com\/de#\/schema\/logo\/image\/\",\"url\":\"https:\/\/thetreecbd.com\/wp-content\/uploads\/2022\/04\/logo-thetree.png\",\"contentUrl\":\"https:\/\/thetreecbd.com\/wp-content\/uploads\/2022\/04\/logo-thetree.png\",\"width\":172,\"height\":55,\"caption\":\"The Tree CBD\"},\"image\":{\"@id\":\"https:\/\/thetreecbd.com\/de#\/schema\/logo\/image\/\"},\"sameAs\":[\"https:\/\/www.facebook.com\/thetreeCBD\/\",\"https:\/\/x.com\/TheTreeCBD_EU\",\"https:\/\/www.instagram.com\/thetree.cbd\/\",\"https:\/\/es.trustpilot.com\/review\/thetreecbd.com\"]}]}<\/script>\n<!-- \/ Yoast SEO plugin. -->","yoast_head_json":{"title":"Kleine Somango-Bl\u00fcte 18% de CBD. Cannabis legal| The Tree CBD","description":"Entdecken Sie die Somango CBD-Bl\u00fcte von The Tree CBD, im hydroponischen Glashaus angebaut mit 18 % CBD. Entdecken Sie diese tropische und exotische Sch\u00f6nheit.","robots":{"index":"index","follow":"follow","max-snippet":"max-snippet:-1","max-image-preview":"max-image-preview:large","max-video-preview":"max-video-preview:-1"},"canonical":"https:\/\/thetreecbd.com\/de\/cbd\/kleine-somango-blute","og_locale":"de_DE","og_type":"article","og_title":"Kleine Somango-Bl\u00fcte 18% de CBD. Cannabis legal| The Tree CBD","og_description":"Entdecken Sie die Somango CBD-Bl\u00fcte von The Tree CBD, im hydroponischen Glashaus angebaut mit 18 % CBD. Entdecken Sie diese tropische und exotische Sch\u00f6nheit.","og_url":"https:\/\/thetreecbd.com\/de\/cbd\/kleine-somango-blute","og_site_name":"The Tree CBD","article_publisher":"https:\/\/www.facebook.com\/thetreeCBD\/","article_modified_time":"2025-06-19T11:35:16+00:00","og_image":[{"width":1080,"height":1350,"url":"https:\/\/thetreecbd.com\/wp-content\/uploads\/2025\/03\/somango-thetreecbd-web.jpg","type":"image\/jpeg"}],"twitter_card":"summary_large_image","twitter_site":"@TheTreeCBD_EU","twitter_misc":{"Gesch\u00e4tzte Lesezeit":"5\u00a0Minuten"},"schema":{"@context":"https:\/\/schema.org","@graph":[{"@type":["WebPage","ItemPage"],"@id":"https:\/\/thetreecbd.com\/de\/cbd\/kleine-somango-blute","url":"https:\/\/thetreecbd.com\/de\/cbd\/kleine-somango-blute","name":"Kleine Somango-Bl\u00fcte 18% de CBD. Cannabis legal| The Tree CBD","isPartOf":{"@id":"https:\/\/thetreecbd.com\/de#website"},"primaryImageOfPage":{"@id":"https:\/\/thetreecbd.com\/de\/cbd\/kleine-somango-blute#primaryimage"},"image":{"@id":"https:\/\/thetreecbd.com\/de\/cbd\/kleine-somango-blute#primaryimage"},"thumbnailUrl":"https:\/\/thetreecbd.com\/wp-content\/uploads\/2025\/03\/somango-thetreecbd-web.jpg","datePublished":"2025-03-12T14:08:31+00:00","dateModified":"2025-06-19T11:35:16+00:00","description":"Entdecken Sie die Somango CBD-Bl\u00fcte von The Tree CBD, im hydroponischen Glashaus angebaut mit 18 % CBD. Entdecken Sie diese tropische und exotische Sch\u00f6nheit.","breadcrumb":{"@id":"https:\/\/thetreecbd.com\/de\/cbd\/kleine-somango-blute#breadcrumb"},"inLanguage":"de","potentialAction":[{"@type":"ReadAction","target":["https:\/\/thetreecbd.com\/de\/cbd\/kleine-somango-blute"]}]},{"@type":"ImageObject","inLanguage":"de","@id":"https:\/\/thetreecbd.com\/de\/cbd\/kleine-somango-blute#primaryimage","url":"https:\/\/thetreecbd.com\/wp-content\/uploads\/2025\/03\/somango-thetreecbd-web.jpg","contentUrl":"https:\/\/thetreecbd.com\/wp-content\/uploads\/2025\/03\/somango-thetreecbd-web.jpg","width":1080,"height":1350},{"@type":"BreadcrumbList","@id":"https:\/\/thetreecbd.com\/de\/cbd\/kleine-somango-blute#breadcrumb","itemListElement":[{"@type":"ListItem","position":1,"name":"The Tree","item":"https:\/\/thetreecbd.com\/de"},{"@type":"ListItem","position":2,"name":"CBD","item":"https:\/\/thetreecbd.com\/es\/cbd"},{"@type":"ListItem","position":3,"name":"CBD-Bl\u00fcten kaufen","item":"https:\/\/thetreecbd.com\/de\/bluten"},{"@type":"ListItem","position":4,"name":"Kleine CBD-Bl\u00fcten &amp; Popcorn-Buds","item":"https:\/\/thetreecbd.com\/de\/bluten\/kleine-cbd-bluten-popcorn-buds"},{"@type":"ListItem","position":5,"name":"Kleine Somango-Bl\u00fcte"}]},{"@type":"WebSite","@id":"https:\/\/thetreecbd.com\/de#website","url":"https:\/\/thetreecbd.com\/de","name":"The Tree CBD","description":"Comprar CBD en Espa\u00f1a Online","publisher":{"@id":"https:\/\/thetreecbd.com\/de#organization"},"potentialAction":[{"@type":"SearchAction","target":{"@type":"EntryPoint","urlTemplate":"https:\/\/thetreecbd.com\/de?s={search_term_string}"},"query-input":{"@type":"PropertyValueSpecification","valueRequired":true,"valueName":"search_term_string"}}],"inLanguage":"de"},{"@type":"Organization","@id":"https:\/\/thetreecbd.com\/de#organization","name":"The Tree CBD","url":"https:\/\/thetreecbd.com\/de","logo":{"@type":"ImageObject","inLanguage":"de","@id":"https:\/\/thetreecbd.com\/de#\/schema\/logo\/image\/","url":"https:\/\/thetreecbd.com\/wp-content\/uploads\/2022\/04\/logo-thetree.png","contentUrl":"https:\/\/thetreecbd.com\/wp-content\/uploads\/2022\/04\/logo-thetree.png","width":172,"height":55,"caption":"The Tree CBD"},"image":{"@id":"https:\/\/thetreecbd.com\/de#\/schema\/logo\/image\/"},"sameAs":["https:\/\/www.facebook.com\/thetreeCBD\/","https:\/\/x.com\/TheTreeCBD_EU","https:\/\/www.instagram.com\/thetree.cbd\/","https:\/\/es.trustpilot.com\/review\/thetreecbd.com"]}]}},"_links":{"self":[{"href":"https:\/\/thetreecbd.com\/de\/wp-json\/wp\/v2\/product\/168781","targetHints":{"allow":["GET"]}}],"collection":[{"href":"https:\/\/thetreecbd.com\/de\/wp-json\/wp\/v2\/product"}],"about":[{"href":"https:\/\/thetreecbd.com\/de\/wp-json\/wp\/v2\/types\/product"}],"version-history":[{"count":0,"href":"https:\/\/thetreecbd.com\/de\/wp-json\/wp\/v2\/product\/168781\/revisions"}],"wp:featuredmedia":[{"embeddable":true,"href":"https:\/\/thetreecbd.com\/de\/wp-json\/wp\/v2\/media\/183299"}],"wp:attachment":[{"href":"https:\/\/thetreecbd.com\/de\/wp-json\/wp\/v2\/media?parent=168781"}],"wp:term":[{"taxonomy":"product_brand","embeddable":true,"href":"https:\/\/thetreecbd.com\/de\/wp-json\/wp\/v2\/product_brand?post=168781"}],"curies":[{"name":"wp","href":"https:\/\/api.w.org\/{rel}","templated":true}]}}