{"id":168900,"date":"2025-06-20T12:17:00","date_gmt":"2025-06-20T10:17:00","guid":{"rendered":"https:\/\/thetreecbd.com\/cbd\/kleine-blute-sundae-driver-cbd"},"modified":"2025-06-20T12:17:00","modified_gmt":"2025-06-20T10:17:00","slug":"kleine-blute-sundae-driver-cbd","status":"publish","type":"product","link":"https:\/\/thetreecbd.com\/de\/cbd\/kleine-blute-sundae-driver-cbd","title":{"rendered":"Kleine Bl\u00fcte Sundae Driver CBD"},"content":{"rendered":"<p data-sourcepos=\"226:1-226:178\">The Tree CBD bringt Ihnen die kleinen <strong>legalen Cannabisbl\u00fcten<\/strong> der Sorte <strong>Sundae Driver CBD<\/strong>, die derzeit zu den Genetik mit dem <strong>h\u00f6chsten CBD-Gehalt<\/strong> auf dem Markt geh\u00f6rt.<\/p>\n<p data-sourcepos=\"228:1-229:310\"><strong>Ein Sanftes und S\u00fc\u00dfes Aussehen und Aroma<\/strong> In diesem Format bietet Ihnen The Tree CBD eine Top-Sorte f\u00fcr diejenigen unter Ihnen, die nur das Beste vom Besten wollen. Die Bl\u00fcte bietet einen <strong>s\u00fc\u00dfen, cremigen, schokoladigen Geschmack<\/strong>, mit einem leicht zuckrigen und fruchtigen Abgang. Ein Aroma, das an ein s\u00fc\u00dfes Dessert mit Schokoladenst\u00fccken erinnert.<\/p>\n<p data-sourcepos=\"231:1-231:264\">Sundae Driver weist bei korrekter Z\u00fcchtung, Trocknung und Aush\u00e4rtung eine dichte Trichomschicht auf. Es ist eine Bl\u00fcte mit \u00fcppigen und ansprechenden Farben. Dank ihrer genetischen Herkunft enth\u00e4lt sie Nuancen verschiedener Farben wie R\u00f6tlich, Violett und Bl\u00e4ulich.<\/p>\n<p data-sourcepos=\"233:1-233:166\">Diese Bl\u00fcten stammen aus einer Kreuzung von EU-zertifizierten Genetiken, die <strong>100% biologisch<\/strong> in Innenr\u00e4umen angebaut werden, ohne jegliche Zus\u00e4tze oder Pestizide.<\/p>\n<p data-sourcepos=\"235:1-235:128\">Dar\u00fcber hinaus k\u00f6nnen Sie dank des hohen CBD-Gehalts von <strong>20% bis 23%<\/strong> eine <strong>k\u00f6rperliche und entspannende Wirkung<\/strong> genie\u00dfen.<\/p>\n<p data-sourcepos=\"237:1-237:132\">Da sie <strong>weniger als 0.19% THC<\/strong> enthalten, sind sie zudem <strong>in ganz Europa v\u00f6llig legal<\/strong> und haben keinerlei psychoaktive Wirkung.<\/p>\n<hr data-sourcepos=\"239:1-239:3\" \/>\n<h3 data-sourcepos=\"241:1-241:51\">Merkmale von Legalem Cannabis Sundae Driver CBD<\/h3>\n<ul data-sourcepos=\"243:1-252:0\">\n<li data-sourcepos=\"243:1-243:28\">Top-Qualit\u00e4t Indoor-Bl\u00fcten<\/li>\n<li data-sourcepos=\"244:1-244:12\">Hanfbl\u00fcten<\/li>\n<li data-sourcepos=\"245:1-245:27\">Weniger als 0.19% <strong>THC<\/strong><\/li>\n<li data-sourcepos=\"246:1-246:21\">20% bis 23% <strong>CBD<\/strong><\/li>\n<li data-sourcepos=\"247:1-247:34\">Genetik: EU-zertifizierter Samen<\/li>\n<li data-sourcepos=\"248:1-248:29\">Keine psychoaktiven Effekte<\/li>\n<li data-sourcepos=\"249:1-249:21\">Biologisch angebaut<\/li>\n<li data-sourcepos=\"250:1-250:10\">GVO-frei<\/li>\n<li data-sourcepos=\"251:1-252:0\">Pestizidfrei<\/li>\n<\/ul>\n<hr data-sourcepos=\"253:1-253:3\" \/>\n<h3 data-sourcepos=\"255:1-255:27\">Sundae Driver CBD Aroma<\/h3>\n<p data-sourcepos=\"257:1-257:190\">Terpene finden sich in den meisten \u00e4therischen \u00d6len vieler Pflanzen, Blumen und Fr\u00fcchte und sind f\u00fcr Geruch und Geschmack verantwortlich. Bei Cannabis ist ein breites Terpenprofil zu finden.<\/p>\n<p data-sourcepos=\"259:1-259:284\">The Trees Sundae Driver CBD ist einzigartig und richtet sich an diejenigen, die gerne neue Aromen in ihren Bl\u00fcten entdecken: ein bisschen Schokoladen- und Vanilleeis gemischt mit Fr\u00fcchten, s\u00fc\u00df und leicht krautig \u2013 eine Terpenkombination, die nicht leicht in jeder Sorte zu finden ist.<\/p>\n<hr data-sourcepos=\"261:1-261:3\" \/>\n<h3 data-sourcepos=\"263:1-263:14\">Zielgruppe<\/h3>\n<p data-sourcepos=\"265:1-265:199\">Indoor angebaute Bl\u00fcten sind f\u00fcr diejenigen, die eine Qualit\u00e4tsgarantie suchen, da der Indoor-Anbau die Schaffung homogener Bl\u00fcten mit einer gr\u00fcnen Farbe und einer hohen CBD-Konzentration erm\u00f6glicht.<\/p>\n<p data-sourcepos=\"267:1-267:199\">Der Indoor-Anbau ist zweifellos eine viel technischere Anbaumethode, bei der die Umgebung, in der eine Pflanze w\u00e4chst, kontrolliert werden kann, um die vom Z\u00fcchter bevorzugten Ergebnisse zu erzielen.<\/p>\n<p data-sourcepos=\"269:1-269:316\">Es ist die bevorzugte Methode f\u00fcr medizinische Zwecke, da auf diese Weise die Kontrolle von Klima und Licht erreicht werden kann, wodurch das Produkt so weit wie m\u00f6glich standardisiert wird; man darf nicht vergessen, dass die Variabilit\u00e4t des CBD-Prozentsatzes und anderer Cannabinoide stark vom Anbauumfeld abh\u00e4ngt.<\/p>\n<p data-sourcepos=\"271:1-271:224\">Mit einer Klima- und N\u00e4hrstoffkontrolle, sowohl bei der Wurzelunterst\u00fctzung als auch bei den Lichtstunden, stellen wir sicher, dass das Produkt homogen ist und wir immer eine Qualit\u00e4tsgarantie mit Indoor-CBD-Bl\u00fcten erhalten.<\/p>\n<p data-sourcepos=\"273:1-273:213\">Aus Verbrauchersicht kann Indoor aufgrund der zuvor genannten Qualit\u00e4tsgarantie besser sein, und Indoor-CBD-Bl\u00fcten sind auch f\u00fcr ihr Aussehen bekannt, normalerweise harziger und mit einer lebhafteren gr\u00fcnen Farbe.<\/p>\n<hr data-sourcepos=\"275:1-275:3\" \/>\n<h3 data-sourcepos=\"277:1-277:28\">Sicherheitsinformationen<\/h3>\n<p data-sourcepos=\"279:1-279:231\">Bitte beachten Sie, dass die CBD-Bl\u00fcten von The Tree ein Dekorations-, Sammler- und Aromaprodukt sind. Sie sollten w\u00e4hrend der Schwangerschaft oder Stillzeit nicht verwendet werden. Au\u00dferhalb der Reichweite von Kindern aufbewahren.<\/p>\n<p data-sourcepos=\"281:1-281:118\">Unsere CBD-Bl\u00fcten k\u00f6nnen eine bestimmte Menge THC enthalten. Dies liegt nat\u00fcrlich unter dem EU-Grenzwert von 0,2% THC.<\/p>\n<p data-sourcepos=\"283:1-283:262\">Der bereitgestellte Inhalt dient ausschlie\u00dflich Informations- und Schulungszwecken und ersetzt in keiner Weise die medizinische Beratung durch einen Arzt oder Apotheker. Unsere Texte sind nicht zur eigenst\u00e4ndigen Diagnose und Behandlung von Krankheiten bestimmt.<\/p>\n<p data-sourcepos=\"285:1-285:64\">Bitte z\u00f6gern Sie nicht, uns bei weiteren Fragen zu kontaktieren.<\/p>\n<hr data-sourcepos=\"287:1-287:3\" \/>\n<h3 data-sourcepos=\"289:1-289:12\">Lagerung<\/h3>\n<p data-sourcepos=\"291:1-291:258\">Idealerweise sollten die CBD-Bl\u00fcten von The Tree an einem k\u00fchlen und trockenen Ort gelagert werden, gesch\u00fctzt vor Licht und starken Ger\u00fcchen, um jegliche Art von Verunreinigung und\/oder Zersetzung zu vermeiden. Direkte Sonneneinstrahlung und Hitze vermeiden.<\/p>\n<p data-sourcepos=\"293:1-293:83\"><strong>Achtung:<\/strong> Die angegebene Haltbarkeit betr\u00e4gt bei korrekter Lagerung einen Monat.<\/p>\n","protected":false},"excerpt":{"rendered":"<ul>\n<li data-sourcepos=\"243:1-243:28\">Top-Qualit\u00e4t Indoor-Bl\u00fcten<\/li>\n<li data-sourcepos=\"244:1-244:12\">Hanfbl\u00fcten<\/li>\n<li data-sourcepos=\"245:1-245:27\">Weniger als 0.19% <strong>THC<\/strong><\/li>\n<li data-sourcepos=\"246:1-246:21\">20% bis 23% <strong>CBD<\/strong><\/li>\n<li data-sourcepos=\"247:1-247:34\">Genetik: EU-zertifizierter Samen<\/li>\n<li data-sourcepos=\"248:1-248:29\">Keine psychoaktiven Effekte<\/li>\n<li data-sourcepos=\"249:1-249:21\">Biologisch angebaut<\/li>\n<li data-sourcepos=\"250:1-250:10\">GVO-frei<\/li>\n<li data-sourcepos=\"251:1-252:0\">Pestizidfrei<\/li>\n<\/ul>\n","protected":false},"featured_media":183395,"template":"","meta":{"_acf_changed":false},"product_brand":[],"class_list":{"0":"post-168900","1":"product","2":"type-product","3":"status-publish","4":"has-post-thumbnail","6":"product_cat-bluten","7":"product_cat-kleine-cbd-bluten-popcorn-buds","9":"first","10":"instock","11":"taxable","12":"shipping-taxable","13":"purchasable","14":"product-type-variable"},"acf":[],"yoast_head":"<!-- This site is optimized with the Yoast SEO plugin v26.3 - https:\/\/yoast.com\/wordpress\/plugins\/seo\/ -->\n<title>Kleine Bl\u00fcte Sundae Driver CBD - 23% CBD. Cannabis Legal - The Tree CBD<\/title>\n<meta name=\"description\" content=\"Sundae Driver CBD bietet einen s\u00fc\u00dfen, cremigen und schokoladigen Geschmack. Mit entspannender Wirkung dank seines hohen CBD-Gehalts von bis zu 23%. Probieren Sie es aus!\" \/>\n<meta name=\"robots\" content=\"index, follow, max-snippet:-1, max-image-preview:large, max-video-preview:-1\" \/>\n<link rel=\"canonical\" href=\"https:\/\/thetreecbd.com\/de\/cbd\/kleine-blute-sundae-driver-cbd\" \/>\n<meta property=\"og:locale\" content=\"de_DE\" \/>\n<meta property=\"og:type\" content=\"article\" \/>\n<meta property=\"og:title\" content=\"Kleine Bl\u00fcte Sundae Driver CBD - 23% CBD. Cannabis Legal - The Tree CBD\" \/>\n<meta property=\"og:description\" content=\"Sundae Driver CBD bietet einen s\u00fc\u00dfen, cremigen und schokoladigen Geschmack. Mit entspannender Wirkung dank seines hohen CBD-Gehalts von bis zu 23%. Probieren Sie es aus!\" \/>\n<meta property=\"og:url\" content=\"https:\/\/thetreecbd.com\/de\/cbd\/kleine-blute-sundae-driver-cbd\" \/>\n<meta property=\"og:site_name\" content=\"The Tree CBD\" \/>\n<meta property=\"article:publisher\" content=\"https:\/\/www.facebook.com\/thetreeCBD\/\" \/>\n<meta property=\"og:image\" content=\"https:\/\/thetreecbd.com\/wp-content\/uploads\/2025\/06\/1sundae-drive-thetreecbd-web.jpg\" \/>\n\t<meta property=\"og:image:width\" content=\"1080\" \/>\n\t<meta property=\"og:image:height\" content=\"1350\" \/>\n\t<meta property=\"og:image:type\" content=\"image\/jpeg\" \/>\n<meta name=\"twitter:card\" content=\"summary_large_image\" \/>\n<meta name=\"twitter:site\" content=\"@TheTreeCBD_EU\" \/>\n<meta name=\"twitter:label1\" content=\"Gesch\u00e4tzte Lesezeit\" \/>\n\t<meta name=\"twitter:data1\" content=\"3\u00a0Minuten\" \/>\n<script type=\"application\/ld+json\" class=\"yoast-schema-graph\">{\"@context\":\"https:\/\/schema.org\",\"@graph\":[{\"@type\":[\"WebPage\",\"ItemPage\"],\"@id\":\"https:\/\/thetreecbd.com\/de\/cbd\/kleine-blute-sundae-driver-cbd\",\"url\":\"https:\/\/thetreecbd.com\/de\/cbd\/kleine-blute-sundae-driver-cbd\",\"name\":\"Kleine Bl\u00fcte Sundae Driver CBD - 23% CBD. Cannabis Legal - The Tree CBD\",\"isPartOf\":{\"@id\":\"https:\/\/thetreecbd.com\/de#website\"},\"primaryImageOfPage\":{\"@id\":\"https:\/\/thetreecbd.com\/de\/cbd\/kleine-blute-sundae-driver-cbd#primaryimage\"},\"image\":{\"@id\":\"https:\/\/thetreecbd.com\/de\/cbd\/kleine-blute-sundae-driver-cbd#primaryimage\"},\"thumbnailUrl\":\"https:\/\/thetreecbd.com\/wp-content\/uploads\/2025\/06\/1sundae-drive-thetreecbd-web.jpg\",\"datePublished\":\"2025-06-20T10:17:00+00:00\",\"description\":\"Sundae Driver CBD bietet einen s\u00fc\u00dfen, cremigen und schokoladigen Geschmack. Mit entspannender Wirkung dank seines hohen CBD-Gehalts von bis zu 23%. Probieren Sie es aus!\",\"breadcrumb\":{\"@id\":\"https:\/\/thetreecbd.com\/de\/cbd\/kleine-blute-sundae-driver-cbd#breadcrumb\"},\"inLanguage\":\"de\",\"potentialAction\":[{\"@type\":\"ReadAction\",\"target\":[\"https:\/\/thetreecbd.com\/de\/cbd\/kleine-blute-sundae-driver-cbd\"]}]},{\"@type\":\"ImageObject\",\"inLanguage\":\"de\",\"@id\":\"https:\/\/thetreecbd.com\/de\/cbd\/kleine-blute-sundae-driver-cbd#primaryimage\",\"url\":\"https:\/\/thetreecbd.com\/wp-content\/uploads\/2025\/06\/1sundae-drive-thetreecbd-web.jpg\",\"contentUrl\":\"https:\/\/thetreecbd.com\/wp-content\/uploads\/2025\/06\/1sundae-drive-thetreecbd-web.jpg\",\"width\":1080,\"height\":1350},{\"@type\":\"BreadcrumbList\",\"@id\":\"https:\/\/thetreecbd.com\/de\/cbd\/kleine-blute-sundae-driver-cbd#breadcrumb\",\"itemListElement\":[{\"@type\":\"ListItem\",\"position\":1,\"name\":\"The Tree\",\"item\":\"https:\/\/thetreecbd.com\/de\"},{\"@type\":\"ListItem\",\"position\":2,\"name\":\"CBD\",\"item\":\"https:\/\/thetreecbd.com\/es\/cbd\"},{\"@type\":\"ListItem\",\"position\":3,\"name\":\"CBD-Bl\u00fcten kaufen\",\"item\":\"https:\/\/thetreecbd.com\/de\/bluten\"},{\"@type\":\"ListItem\",\"position\":4,\"name\":\"Kleine CBD-Bl\u00fcten &amp; Popcorn-Buds\",\"item\":\"https:\/\/thetreecbd.com\/de\/bluten\/kleine-cbd-bluten-popcorn-buds\"},{\"@type\":\"ListItem\",\"position\":5,\"name\":\"Kleine Bl\u00fcte Sundae Driver CBD\"}]},{\"@type\":\"WebSite\",\"@id\":\"https:\/\/thetreecbd.com\/de#website\",\"url\":\"https:\/\/thetreecbd.com\/de\",\"name\":\"The Tree CBD\",\"description\":\"Comprar CBD en Espa\u00f1a Online\",\"publisher\":{\"@id\":\"https:\/\/thetreecbd.com\/de#organization\"},\"potentialAction\":[{\"@type\":\"SearchAction\",\"target\":{\"@type\":\"EntryPoint\",\"urlTemplate\":\"https:\/\/thetreecbd.com\/de?s={search_term_string}\"},\"query-input\":{\"@type\":\"PropertyValueSpecification\",\"valueRequired\":true,\"valueName\":\"search_term_string\"}}],\"inLanguage\":\"de\"},{\"@type\":\"Organization\",\"@id\":\"https:\/\/thetreecbd.com\/de#organization\",\"name\":\"The Tree CBD\",\"url\":\"https:\/\/thetreecbd.com\/de\",\"logo\":{\"@type\":\"ImageObject\",\"inLanguage\":\"de\",\"@id\":\"https:\/\/thetreecbd.com\/de#\/schema\/logo\/image\/\",\"url\":\"https:\/\/thetreecbd.com\/wp-content\/uploads\/2022\/04\/logo-thetree.png\",\"contentUrl\":\"https:\/\/thetreecbd.com\/wp-content\/uploads\/2022\/04\/logo-thetree.png\",\"width\":172,\"height\":55,\"caption\":\"The Tree CBD\"},\"image\":{\"@id\":\"https:\/\/thetreecbd.com\/de#\/schema\/logo\/image\/\"},\"sameAs\":[\"https:\/\/www.facebook.com\/thetreeCBD\/\",\"https:\/\/x.com\/TheTreeCBD_EU\",\"https:\/\/www.instagram.com\/thetree.cbd\/\",\"https:\/\/es.trustpilot.com\/review\/thetreecbd.com\"]}]}<\/script>\n<!-- \/ Yoast SEO plugin. -->","yoast_head_json":{"title":"Kleine Bl\u00fcte Sundae Driver CBD - 23% CBD. Cannabis Legal - The Tree CBD","description":"Sundae Driver CBD bietet einen s\u00fc\u00dfen, cremigen und schokoladigen Geschmack. Mit entspannender Wirkung dank seines hohen CBD-Gehalts von bis zu 23%. Probieren Sie es aus!","robots":{"index":"index","follow":"follow","max-snippet":"max-snippet:-1","max-image-preview":"max-image-preview:large","max-video-preview":"max-video-preview:-1"},"canonical":"https:\/\/thetreecbd.com\/de\/cbd\/kleine-blute-sundae-driver-cbd","og_locale":"de_DE","og_type":"article","og_title":"Kleine Bl\u00fcte Sundae Driver CBD - 23% CBD. Cannabis Legal - The Tree CBD","og_description":"Sundae Driver CBD bietet einen s\u00fc\u00dfen, cremigen und schokoladigen Geschmack. Mit entspannender Wirkung dank seines hohen CBD-Gehalts von bis zu 23%. Probieren Sie es aus!","og_url":"https:\/\/thetreecbd.com\/de\/cbd\/kleine-blute-sundae-driver-cbd","og_site_name":"The Tree CBD","article_publisher":"https:\/\/www.facebook.com\/thetreeCBD\/","og_image":[{"width":1080,"height":1350,"url":"https:\/\/thetreecbd.com\/wp-content\/uploads\/2025\/06\/1sundae-drive-thetreecbd-web.jpg","type":"image\/jpeg"}],"twitter_card":"summary_large_image","twitter_site":"@TheTreeCBD_EU","twitter_misc":{"Gesch\u00e4tzte Lesezeit":"3\u00a0Minuten"},"schema":{"@context":"https:\/\/schema.org","@graph":[{"@type":["WebPage","ItemPage"],"@id":"https:\/\/thetreecbd.com\/de\/cbd\/kleine-blute-sundae-driver-cbd","url":"https:\/\/thetreecbd.com\/de\/cbd\/kleine-blute-sundae-driver-cbd","name":"Kleine Bl\u00fcte Sundae Driver CBD - 23% CBD. Cannabis Legal - The Tree CBD","isPartOf":{"@id":"https:\/\/thetreecbd.com\/de#website"},"primaryImageOfPage":{"@id":"https:\/\/thetreecbd.com\/de\/cbd\/kleine-blute-sundae-driver-cbd#primaryimage"},"image":{"@id":"https:\/\/thetreecbd.com\/de\/cbd\/kleine-blute-sundae-driver-cbd#primaryimage"},"thumbnailUrl":"https:\/\/thetreecbd.com\/wp-content\/uploads\/2025\/06\/1sundae-drive-thetreecbd-web.jpg","datePublished":"2025-06-20T10:17:00+00:00","description":"Sundae Driver CBD bietet einen s\u00fc\u00dfen, cremigen und schokoladigen Geschmack. Mit entspannender Wirkung dank seines hohen CBD-Gehalts von bis zu 23%. Probieren Sie es aus!","breadcrumb":{"@id":"https:\/\/thetreecbd.com\/de\/cbd\/kleine-blute-sundae-driver-cbd#breadcrumb"},"inLanguage":"de","potentialAction":[{"@type":"ReadAction","target":["https:\/\/thetreecbd.com\/de\/cbd\/kleine-blute-sundae-driver-cbd"]}]},{"@type":"ImageObject","inLanguage":"de","@id":"https:\/\/thetreecbd.com\/de\/cbd\/kleine-blute-sundae-driver-cbd#primaryimage","url":"https:\/\/thetreecbd.com\/wp-content\/uploads\/2025\/06\/1sundae-drive-thetreecbd-web.jpg","contentUrl":"https:\/\/thetreecbd.com\/wp-content\/uploads\/2025\/06\/1sundae-drive-thetreecbd-web.jpg","width":1080,"height":1350},{"@type":"BreadcrumbList","@id":"https:\/\/thetreecbd.com\/de\/cbd\/kleine-blute-sundae-driver-cbd#breadcrumb","itemListElement":[{"@type":"ListItem","position":1,"name":"The Tree","item":"https:\/\/thetreecbd.com\/de"},{"@type":"ListItem","position":2,"name":"CBD","item":"https:\/\/thetreecbd.com\/es\/cbd"},{"@type":"ListItem","position":3,"name":"CBD-Bl\u00fcten kaufen","item":"https:\/\/thetreecbd.com\/de\/bluten"},{"@type":"ListItem","position":4,"name":"Kleine CBD-Bl\u00fcten &amp; Popcorn-Buds","item":"https:\/\/thetreecbd.com\/de\/bluten\/kleine-cbd-bluten-popcorn-buds"},{"@type":"ListItem","position":5,"name":"Kleine Bl\u00fcte Sundae Driver CBD"}]},{"@type":"WebSite","@id":"https:\/\/thetreecbd.com\/de#website","url":"https:\/\/thetreecbd.com\/de","name":"The Tree CBD","description":"Comprar CBD en Espa\u00f1a Online","publisher":{"@id":"https:\/\/thetreecbd.com\/de#organization"},"potentialAction":[{"@type":"SearchAction","target":{"@type":"EntryPoint","urlTemplate":"https:\/\/thetreecbd.com\/de?s={search_term_string}"},"query-input":{"@type":"PropertyValueSpecification","valueRequired":true,"valueName":"search_term_string"}}],"inLanguage":"de"},{"@type":"Organization","@id":"https:\/\/thetreecbd.com\/de#organization","name":"The Tree CBD","url":"https:\/\/thetreecbd.com\/de","logo":{"@type":"ImageObject","inLanguage":"de","@id":"https:\/\/thetreecbd.com\/de#\/schema\/logo\/image\/","url":"https:\/\/thetreecbd.com\/wp-content\/uploads\/2022\/04\/logo-thetree.png","contentUrl":"https:\/\/thetreecbd.com\/wp-content\/uploads\/2022\/04\/logo-thetree.png","width":172,"height":55,"caption":"The Tree CBD"},"image":{"@id":"https:\/\/thetreecbd.com\/de#\/schema\/logo\/image\/"},"sameAs":["https:\/\/www.facebook.com\/thetreeCBD\/","https:\/\/x.com\/TheTreeCBD_EU","https:\/\/www.instagram.com\/thetree.cbd\/","https:\/\/es.trustpilot.com\/review\/thetreecbd.com"]}]}},"_links":{"self":[{"href":"https:\/\/thetreecbd.com\/de\/wp-json\/wp\/v2\/product\/168900","targetHints":{"allow":["GET"]}}],"collection":[{"href":"https:\/\/thetreecbd.com\/de\/wp-json\/wp\/v2\/product"}],"about":[{"href":"https:\/\/thetreecbd.com\/de\/wp-json\/wp\/v2\/types\/product"}],"version-history":[{"count":0,"href":"https:\/\/thetreecbd.com\/de\/wp-json\/wp\/v2\/product\/168900\/revisions"}],"wp:featuredmedia":[{"embeddable":true,"href":"https:\/\/thetreecbd.com\/de\/wp-json\/wp\/v2\/media\/183395"}],"wp:attachment":[{"href":"https:\/\/thetreecbd.com\/de\/wp-json\/wp\/v2\/media?parent=168900"}],"wp:term":[{"taxonomy":"product_brand","embeddable":true,"href":"https:\/\/thetreecbd.com\/de\/wp-json\/wp\/v2\/product_brand?post=168900"}],"curies":[{"name":"wp","href":"https:\/\/api.w.org\/{rel}","templated":true}]}}