{"id":170055,"date":"2025-07-02T11:41:30","date_gmt":"2025-07-02T09:41:30","guid":{"rendered":"https:\/\/thetreecbd.com\/?post_type=product&#038;p=170055"},"modified":"2025-07-02T11:56:12","modified_gmt":"2025-07-02T09:56:12","slug":"kleine-blute-malibu-exotic","status":"publish","type":"product","link":"https:\/\/thetreecbd.com\/de\/cbd\/kleine-blute-malibu-exotic","title":{"rendered":"Kleine Bl\u00fcte Malibu Exotic"},"content":{"rendered":"<p><strong>The Tree CBD bringt dir die kleinen Bl\u00fcten der legalen Cannabissorte MALIBU EXOTIC CBD<\/strong>, eine einzigartige Genetik, die jede Bl\u00fcte mit einem hohen CBD-Gehalt ausstattet.<\/p>\n<p>Die <strong>MALIBU EXOTIC CBD<\/strong>-Bl\u00fcten von The Tree sind unverwechselbar: Ihre hellgr\u00fcne Farbe mit orangefarbenen Nuancen macht sie f\u00fcr Kenner leicht erkennbar. Sie besitzen sehr lange Stempel, was den Bl\u00fcten ein besonders attraktives Aussehen verleiht. Ihr intensiver Geruch macht sie zu einer der besten und exotischsten Sorten der heutigen Zeit.<\/p>\n<p><strong>MALIBU EXOTIC CBD<\/strong> von The Tree ist ein Hybridkraut, ideal zur F\u00f6rderung von Kreativit\u00e4t und Geselligkeit, w\u00e4hrend es gleichzeitig ein angenehmes Gef\u00fchl der Entspannung vermittelt \u2013 ohne dich an die Couch zu fesseln. F\u00fcr die Sinne bietet sie ein starkes, intensives Aroma mit s\u00fc\u00dfen und blumigen Noten. Der charakteristischste Duft ist fruchtig und erinnert stark an das \u00d6ffnen einer Papaya oder Mango \u2013 ein Highlight f\u00fcr Liebhaber exotischer Terpene.<\/p>\n<p>Die Bl\u00fcten unserer <strong>MALIBU EXOTIC CBD<\/strong> stammen aus von der EU zertifiziertem Saatgut und werden zu 100 % nat\u00fcrlich im Innenbereich angebaut \u2013 ohne Zusatzstoffe oder Pestizide. Bei The Tree ist es unser oberstes Ziel, stets Produkte von h\u00f6chster Qualit\u00e4t anzubieten.<\/p>\n<p>Diese CBD-Bl\u00fcten haben dank ihres hohen CBD-Gehalts von 14 % bis 16 % eine besonders entspannende Wirkung.<\/p>\n<p>Da sie weniger als 0,20 % THC enthalten, sind sie in ganz Europa vollst\u00e4ndig legal und haben keinerlei psychoaktive Wirkung.<\/p>\n<div><\/div>\n<p><strong>Eigenschaften von MALIBU EXOTIC CBD (legales Cannabis)<\/strong><\/p>\n<ul>\n<li>Hanfbl\u00fcten<\/li>\n<li>Weniger als 0,20 % THC<\/li>\n<li>14 % bis 16 % CBD<\/li>\n<li>50 % Sativa \/ 50 % Indica<\/li>\n<li>Keine psychoaktive Wirkung<\/li>\n<li>Organisch angebaut<\/li>\n<li>Gentechnikfrei (GMO-frei)<\/li>\n<li>Frei von Pestiziden<\/li>\n<li>CBD-Aroma<\/li>\n<\/ul>\n<p>Terpene sind in den meisten \u00e4therischen \u00d6len vieler Pflanzen, Blumen und Fr\u00fcchte enthalten. Sie sind f\u00fcr den Geruch und Geschmack verantwortlich. Cannabis besitzt ein breites Terpenprofil.<\/p>\n<p><strong>Dominantes Terpen in MALIBU EXOTIC CBD:<\/strong> Limonen<\/p>\n<div><\/div>\n<p><strong>Verpackung<\/strong><\/p>\n<p>Die legalen Cannabissorten von The Tree werden in biologisch abbaubaren Kunststoffbeuteln geliefert, die speziell entwickelt wurden, um die CBD-Bl\u00fcten optimal zu sch\u00fctzen und frisch zu halten. Die Beutel sind wiederverschlie\u00dfbar, damit die Bl\u00fcten ihr Aroma und ihre Frische bewahren.<\/p>\n<div><\/div>\n<p><strong>Formate<\/strong><\/p>\n<p>Die Sorte <strong>MALIBU EXOTIC CBD<\/strong> ist in folgenden Mengen erh\u00e4ltlich: 2 g, 5 g, 15 g und 25 g<\/p>\n<div><\/div>\n<p><strong>Lagerung<\/strong><\/p>\n<p>Die CBD-Bl\u00fcten von The Tree sollten idealerweise an einem k\u00fchlen, trockenen Ort gelagert werden, gesch\u00fctzt vor Licht und starken Ger\u00fcchen, um Kontamination oder Qualit\u00e4tsverlust zu vermeiden. Direkte Sonneneinstrahlung und Hitze sind zu vermeiden. Au\u00dferhalb der Reichweite von Kindern aufbewahren.<\/p>\n<p><strong>Hinweis:<\/strong> Die empfohlene Haltbarkeit betr\u00e4gt einen Monat bei sachgem\u00e4\u00dfer Lagerung.<\/p>\n<div><\/div>\n<p><strong>F\u00fcr wen ist es geeignet?<\/strong><\/p>\n<p>Unsere Hanfbl\u00fcten k\u00f6nnen von jeder vollj\u00e4hrigen Person (ab 18 Jahren) verwendet werden. Ihr einzigartiges Aroma macht selbst Skeptiker neugierig auf die Welt des CBD.<\/p>\n<div><\/div>\n<p><strong>Sicherheitshinweis<\/strong><\/p>\n<p>Bitte beachten: Die CBD-Bl\u00fcten von The Tree sind ein dekoratives, sammelbares und aromatisches Produkt. Sie sollten nicht w\u00e4hrend der Schwangerschaft oder Stillzeit verwendet werden. Au\u00dferhalb der Reichweite von Kindern aufbewahren.<\/p>\n<p>Unsere CBD-Bl\u00fcten k\u00f6nnen Spuren von THC enthalten, jedoch stets unter dem EU-Grenzwert von 0,2 %.<\/p>\n<p>Die bereitgestellten Informationen dienen ausschlie\u00dflich zu Informations- und Schulungszwecken und ersetzen nicht die medizinische Beratung durch einen Arzt oder Apotheker. Unsere Texte sind nicht zur Selbstdiagnose oder Behandlung von Krankheiten bestimmt.<\/p>\n","protected":false},"excerpt":{"rendered":"<p><strong>Eigenschaften von MALIBU EXOTIC CBD (legales Cannabis)<\/strong><\/p>\n<ul>\n<li>Hanfbl\u00fcten<\/li>\n<li>Weniger als 0,20 % THC<\/li>\n<li>14 % bis 16 % CBD<\/li>\n<li>50 % Sativa \/ 50 % Indica<\/li>\n<li>Keine psychoaktive Wirkung<\/li>\n<li>Organisch angebaut<\/li>\n<li>Gentechnikfrei (GMO-frei)<\/li>\n<li>Frei von Pestiziden<\/li>\n<li>CBD-Aroma<\/li>\n<\/ul>\n","protected":false},"featured_media":176525,"template":"","meta":{"_acf_changed":false},"product_brand":[],"class_list":{"0":"post-170055","1":"product","2":"type-product","3":"status-publish","4":"has-post-thumbnail","6":"product_cat-bluten","7":"product_cat-kleine-cbd-bluten-popcorn-buds","9":"first","10":"instock","11":"taxable","12":"shipping-taxable","13":"purchasable","14":"product-type-variable"},"acf":[],"yoast_head":"<!-- This site is optimized with the Yoast SEO plugin v26.3 - https:\/\/yoast.com\/wordpress\/plugins\/seo\/ -->\n<title>Kleine Bl\u00fcte Malibu Exotic | Malibu Exotic | The Tree CBD - The Tree CBD<\/title>\n<meta name=\"description\" content=\"Die kleine Bl\u00fcte von Malibu Exotic CBD \u2013 unverwechselbares Aroma und hoher CBD-Gehalt von bis zu 16 %. Du wirst nicht widerstehen k\u00f6nnen! Legales CBD.\" \/>\n<meta name=\"robots\" content=\"index, follow, max-snippet:-1, max-image-preview:large, max-video-preview:-1\" \/>\n<link rel=\"canonical\" href=\"https:\/\/thetreecbd.com\/de\/cbd\/kleine-blute-malibu-exotic\" \/>\n<meta property=\"og:locale\" content=\"de_DE\" \/>\n<meta property=\"og:type\" content=\"article\" \/>\n<meta property=\"og:title\" content=\"Kleine Bl\u00fcte Malibu Exotic | Malibu Exotic | The Tree CBD - The Tree CBD\" \/>\n<meta property=\"og:description\" content=\"Die kleine Bl\u00fcte von Malibu Exotic CBD \u2013 unverwechselbares Aroma und hoher CBD-Gehalt von bis zu 16 %. Du wirst nicht widerstehen k\u00f6nnen! Legales CBD.\" \/>\n<meta property=\"og:url\" content=\"https:\/\/thetreecbd.com\/de\/cbd\/kleine-blute-malibu-exotic\" \/>\n<meta property=\"og:site_name\" content=\"The Tree CBD\" \/>\n<meta property=\"article:publisher\" content=\"https:\/\/www.facebook.com\/thetreeCBD\/\" \/>\n<meta property=\"article:modified_time\" content=\"2025-07-02T09:56:12+00:00\" \/>\n<meta property=\"og:image\" content=\"https:\/\/thetreecbd.com\/wp-content\/uploads\/2025\/07\/Malibu-Exotic-thetreecbd.jpg\" \/>\n\t<meta property=\"og:image:width\" content=\"1080\" \/>\n\t<meta property=\"og:image:height\" content=\"1350\" \/>\n\t<meta property=\"og:image:type\" content=\"image\/jpeg\" \/>\n<meta name=\"twitter:card\" content=\"summary_large_image\" \/>\n<meta name=\"twitter:site\" content=\"@TheTreeCBD_EU\" \/>\n<meta name=\"twitter:label1\" content=\"Gesch\u00e4tzte Lesezeit\" \/>\n\t<meta name=\"twitter:data1\" content=\"3\u00a0Minuten\" \/>\n<script type=\"application\/ld+json\" class=\"yoast-schema-graph\">{\"@context\":\"https:\/\/schema.org\",\"@graph\":[{\"@type\":[\"WebPage\",\"ItemPage\"],\"@id\":\"https:\/\/thetreecbd.com\/de\/cbd\/kleine-blute-malibu-exotic\",\"url\":\"https:\/\/thetreecbd.com\/de\/cbd\/kleine-blute-malibu-exotic\",\"name\":\"Kleine Bl\u00fcte Malibu Exotic | Malibu Exotic | The Tree CBD - The Tree CBD\",\"isPartOf\":{\"@id\":\"https:\/\/thetreecbd.com\/de#website\"},\"primaryImageOfPage\":{\"@id\":\"https:\/\/thetreecbd.com\/de\/cbd\/kleine-blute-malibu-exotic#primaryimage\"},\"image\":{\"@id\":\"https:\/\/thetreecbd.com\/de\/cbd\/kleine-blute-malibu-exotic#primaryimage\"},\"thumbnailUrl\":\"https:\/\/thetreecbd.com\/wp-content\/uploads\/2025\/07\/Malibu-Exotic-thetreecbd.jpg\",\"datePublished\":\"2025-07-02T09:41:30+00:00\",\"dateModified\":\"2025-07-02T09:56:12+00:00\",\"description\":\"Die kleine Bl\u00fcte von Malibu Exotic CBD \u2013 unverwechselbares Aroma und hoher CBD-Gehalt von bis zu 16 %. Du wirst nicht widerstehen k\u00f6nnen! Legales CBD.\",\"breadcrumb\":{\"@id\":\"https:\/\/thetreecbd.com\/de\/cbd\/kleine-blute-malibu-exotic#breadcrumb\"},\"inLanguage\":\"de\",\"potentialAction\":[{\"@type\":\"ReadAction\",\"target\":[\"https:\/\/thetreecbd.com\/de\/cbd\/kleine-blute-malibu-exotic\"]}]},{\"@type\":\"ImageObject\",\"inLanguage\":\"de\",\"@id\":\"https:\/\/thetreecbd.com\/de\/cbd\/kleine-blute-malibu-exotic#primaryimage\",\"url\":\"https:\/\/thetreecbd.com\/wp-content\/uploads\/2025\/07\/Malibu-Exotic-thetreecbd.jpg\",\"contentUrl\":\"https:\/\/thetreecbd.com\/wp-content\/uploads\/2025\/07\/Malibu-Exotic-thetreecbd.jpg\",\"width\":1080,\"height\":1350},{\"@type\":\"BreadcrumbList\",\"@id\":\"https:\/\/thetreecbd.com\/de\/cbd\/kleine-blute-malibu-exotic#breadcrumb\",\"itemListElement\":[{\"@type\":\"ListItem\",\"position\":1,\"name\":\"The Tree\",\"item\":\"https:\/\/thetreecbd.com\/de\"},{\"@type\":\"ListItem\",\"position\":2,\"name\":\"CBD\",\"item\":\"https:\/\/thetreecbd.com\/es\/cbd\"},{\"@type\":\"ListItem\",\"position\":3,\"name\":\"CBD-Bl\u00fcten kaufen\",\"item\":\"https:\/\/thetreecbd.com\/de\/bluten\"},{\"@type\":\"ListItem\",\"position\":4,\"name\":\"Kleine CBD-Bl\u00fcten &amp; Popcorn-Buds\",\"item\":\"https:\/\/thetreecbd.com\/de\/bluten\/kleine-cbd-bluten-popcorn-buds\"},{\"@type\":\"ListItem\",\"position\":5,\"name\":\"Kleine Bl\u00fcte Malibu Exotic\"}]},{\"@type\":\"WebSite\",\"@id\":\"https:\/\/thetreecbd.com\/de#website\",\"url\":\"https:\/\/thetreecbd.com\/de\",\"name\":\"The Tree CBD\",\"description\":\"Comprar CBD en Espa\u00f1a Online\",\"publisher\":{\"@id\":\"https:\/\/thetreecbd.com\/de#organization\"},\"potentialAction\":[{\"@type\":\"SearchAction\",\"target\":{\"@type\":\"EntryPoint\",\"urlTemplate\":\"https:\/\/thetreecbd.com\/de?s={search_term_string}\"},\"query-input\":{\"@type\":\"PropertyValueSpecification\",\"valueRequired\":true,\"valueName\":\"search_term_string\"}}],\"inLanguage\":\"de\"},{\"@type\":\"Organization\",\"@id\":\"https:\/\/thetreecbd.com\/de#organization\",\"name\":\"The Tree CBD\",\"url\":\"https:\/\/thetreecbd.com\/de\",\"logo\":{\"@type\":\"ImageObject\",\"inLanguage\":\"de\",\"@id\":\"https:\/\/thetreecbd.com\/de#\/schema\/logo\/image\/\",\"url\":\"https:\/\/thetreecbd.com\/wp-content\/uploads\/2022\/04\/logo-thetree.png\",\"contentUrl\":\"https:\/\/thetreecbd.com\/wp-content\/uploads\/2022\/04\/logo-thetree.png\",\"width\":172,\"height\":55,\"caption\":\"The Tree CBD\"},\"image\":{\"@id\":\"https:\/\/thetreecbd.com\/de#\/schema\/logo\/image\/\"},\"sameAs\":[\"https:\/\/www.facebook.com\/thetreeCBD\/\",\"https:\/\/x.com\/TheTreeCBD_EU\",\"https:\/\/www.instagram.com\/thetree.cbd\/\",\"https:\/\/es.trustpilot.com\/review\/thetreecbd.com\"]}]}<\/script>\n<!-- \/ Yoast SEO plugin. -->","yoast_head_json":{"title":"Kleine Bl\u00fcte Malibu Exotic | Malibu Exotic | The Tree CBD - The Tree CBD","description":"Die kleine Bl\u00fcte von Malibu Exotic CBD \u2013 unverwechselbares Aroma und hoher CBD-Gehalt von bis zu 16 %. Du wirst nicht widerstehen k\u00f6nnen! Legales CBD.","robots":{"index":"index","follow":"follow","max-snippet":"max-snippet:-1","max-image-preview":"max-image-preview:large","max-video-preview":"max-video-preview:-1"},"canonical":"https:\/\/thetreecbd.com\/de\/cbd\/kleine-blute-malibu-exotic","og_locale":"de_DE","og_type":"article","og_title":"Kleine Bl\u00fcte Malibu Exotic | Malibu Exotic | The Tree CBD - The Tree CBD","og_description":"Die kleine Bl\u00fcte von Malibu Exotic CBD \u2013 unverwechselbares Aroma und hoher CBD-Gehalt von bis zu 16 %. Du wirst nicht widerstehen k\u00f6nnen! Legales CBD.","og_url":"https:\/\/thetreecbd.com\/de\/cbd\/kleine-blute-malibu-exotic","og_site_name":"The Tree CBD","article_publisher":"https:\/\/www.facebook.com\/thetreeCBD\/","article_modified_time":"2025-07-02T09:56:12+00:00","og_image":[{"width":1080,"height":1350,"url":"https:\/\/thetreecbd.com\/wp-content\/uploads\/2025\/07\/Malibu-Exotic-thetreecbd.jpg","type":"image\/jpeg"}],"twitter_card":"summary_large_image","twitter_site":"@TheTreeCBD_EU","twitter_misc":{"Gesch\u00e4tzte Lesezeit":"3\u00a0Minuten"},"schema":{"@context":"https:\/\/schema.org","@graph":[{"@type":["WebPage","ItemPage"],"@id":"https:\/\/thetreecbd.com\/de\/cbd\/kleine-blute-malibu-exotic","url":"https:\/\/thetreecbd.com\/de\/cbd\/kleine-blute-malibu-exotic","name":"Kleine Bl\u00fcte Malibu Exotic | Malibu Exotic | The Tree CBD - The Tree CBD","isPartOf":{"@id":"https:\/\/thetreecbd.com\/de#website"},"primaryImageOfPage":{"@id":"https:\/\/thetreecbd.com\/de\/cbd\/kleine-blute-malibu-exotic#primaryimage"},"image":{"@id":"https:\/\/thetreecbd.com\/de\/cbd\/kleine-blute-malibu-exotic#primaryimage"},"thumbnailUrl":"https:\/\/thetreecbd.com\/wp-content\/uploads\/2025\/07\/Malibu-Exotic-thetreecbd.jpg","datePublished":"2025-07-02T09:41:30+00:00","dateModified":"2025-07-02T09:56:12+00:00","description":"Die kleine Bl\u00fcte von Malibu Exotic CBD \u2013 unverwechselbares Aroma und hoher CBD-Gehalt von bis zu 16 %. Du wirst nicht widerstehen k\u00f6nnen! Legales CBD.","breadcrumb":{"@id":"https:\/\/thetreecbd.com\/de\/cbd\/kleine-blute-malibu-exotic#breadcrumb"},"inLanguage":"de","potentialAction":[{"@type":"ReadAction","target":["https:\/\/thetreecbd.com\/de\/cbd\/kleine-blute-malibu-exotic"]}]},{"@type":"ImageObject","inLanguage":"de","@id":"https:\/\/thetreecbd.com\/de\/cbd\/kleine-blute-malibu-exotic#primaryimage","url":"https:\/\/thetreecbd.com\/wp-content\/uploads\/2025\/07\/Malibu-Exotic-thetreecbd.jpg","contentUrl":"https:\/\/thetreecbd.com\/wp-content\/uploads\/2025\/07\/Malibu-Exotic-thetreecbd.jpg","width":1080,"height":1350},{"@type":"BreadcrumbList","@id":"https:\/\/thetreecbd.com\/de\/cbd\/kleine-blute-malibu-exotic#breadcrumb","itemListElement":[{"@type":"ListItem","position":1,"name":"The Tree","item":"https:\/\/thetreecbd.com\/de"},{"@type":"ListItem","position":2,"name":"CBD","item":"https:\/\/thetreecbd.com\/es\/cbd"},{"@type":"ListItem","position":3,"name":"CBD-Bl\u00fcten kaufen","item":"https:\/\/thetreecbd.com\/de\/bluten"},{"@type":"ListItem","position":4,"name":"Kleine CBD-Bl\u00fcten &amp; Popcorn-Buds","item":"https:\/\/thetreecbd.com\/de\/bluten\/kleine-cbd-bluten-popcorn-buds"},{"@type":"ListItem","position":5,"name":"Kleine Bl\u00fcte Malibu Exotic"}]},{"@type":"WebSite","@id":"https:\/\/thetreecbd.com\/de#website","url":"https:\/\/thetreecbd.com\/de","name":"The Tree CBD","description":"Comprar CBD en Espa\u00f1a Online","publisher":{"@id":"https:\/\/thetreecbd.com\/de#organization"},"potentialAction":[{"@type":"SearchAction","target":{"@type":"EntryPoint","urlTemplate":"https:\/\/thetreecbd.com\/de?s={search_term_string}"},"query-input":{"@type":"PropertyValueSpecification","valueRequired":true,"valueName":"search_term_string"}}],"inLanguage":"de"},{"@type":"Organization","@id":"https:\/\/thetreecbd.com\/de#organization","name":"The Tree CBD","url":"https:\/\/thetreecbd.com\/de","logo":{"@type":"ImageObject","inLanguage":"de","@id":"https:\/\/thetreecbd.com\/de#\/schema\/logo\/image\/","url":"https:\/\/thetreecbd.com\/wp-content\/uploads\/2022\/04\/logo-thetree.png","contentUrl":"https:\/\/thetreecbd.com\/wp-content\/uploads\/2022\/04\/logo-thetree.png","width":172,"height":55,"caption":"The Tree CBD"},"image":{"@id":"https:\/\/thetreecbd.com\/de#\/schema\/logo\/image\/"},"sameAs":["https:\/\/www.facebook.com\/thetreeCBD\/","https:\/\/x.com\/TheTreeCBD_EU","https:\/\/www.instagram.com\/thetree.cbd\/","https:\/\/es.trustpilot.com\/review\/thetreecbd.com"]}]}},"_links":{"self":[{"href":"https:\/\/thetreecbd.com\/de\/wp-json\/wp\/v2\/product\/170055","targetHints":{"allow":["GET"]}}],"collection":[{"href":"https:\/\/thetreecbd.com\/de\/wp-json\/wp\/v2\/product"}],"about":[{"href":"https:\/\/thetreecbd.com\/de\/wp-json\/wp\/v2\/types\/product"}],"version-history":[{"count":0,"href":"https:\/\/thetreecbd.com\/de\/wp-json\/wp\/v2\/product\/170055\/revisions"}],"wp:featuredmedia":[{"embeddable":true,"href":"https:\/\/thetreecbd.com\/de\/wp-json\/wp\/v2\/media\/176525"}],"wp:attachment":[{"href":"https:\/\/thetreecbd.com\/de\/wp-json\/wp\/v2\/media?parent=170055"}],"wp:term":[{"taxonomy":"product_brand","embeddable":true,"href":"https:\/\/thetreecbd.com\/de\/wp-json\/wp\/v2\/product_brand?post=170055"}],"curies":[{"name":"wp","href":"https:\/\/api.w.org\/{rel}","templated":true}]}}