{"id":171155,"date":"2023-08-05T00:00:20","date_gmt":"2023-08-04T22:00:20","guid":{"rendered":"https:\/\/thetreecbd.com\/cbd\/pack-sweet-kase-cbd-by-kase-o-limitierte-auflage-200-stuck"},"modified":"2023-08-05T00:00:20","modified_gmt":"2023-08-04T22:00:20","slug":"pack-sweet-kase-cbd-by-kase-o-limitierte-auflage-200-stuck","status":"publish","type":"product","link":"https:\/\/thetreecbd.com\/de\/cbd\/pack-sweet-kase-cbd-by-kase-o-limitierte-auflage-200-stuck","title":{"rendered":"Pack Sweet Kase CBD by Kase.O: Limitierte Auflage 200 St\u00fcck"},"content":{"rendered":"<p>The Tree CBD und Kase.O pr\u00e4sentieren Ihnen dieses <b>exklusive Sweet Kase Limited Edition Pack!<\/b> Dieses au\u00dfergew\u00f6hnliche Paket ist ein wahres Juwel, <b>bestehend aus nur 200 einzigartigen Einheiten.<\/b><\/p>\n<p>Jedes Sweet Kase Limited Edition Pack wird mit einer <b>eleganten Metallbox exklusiv vom K\u00fcnstler Kase.O<\/b> geliefert. Dieses Detail macht jede Box zu einem <b>Geschenk an sich, da es ein elegantes und einzigartiges St\u00fcck von Kase.O ist.<\/b><\/p>\n<p>Diese limitierte Auflage von 200 Einheiten ist eine Gelegenheit, die Sie sich nicht entgehen lassen sollten. <b>Sie erhalten nicht nur hochwertige CBD-Produkte aus der Sweet-Kollektion, sondern auch eine Designerbox des K\u00fcnstlers Kase.O.<\/b> Tauchen Sie ein in die Welt von &#8216;Sweet Kase&#8217;, einen Ort, an dem Wohlbefinden und Kunst in einem unvergleichlichen Erlebnis verschmelzen. Genie\u00dfen Sie die Gelassenheit, die CBD bietet, und die Inspiration, die Kase.Os Kunst weckt. Verpassen Sie nicht diese einzigartige Gelegenheit, ein weltweit einzigartiges St\u00fcck zu besitzen, das Ihre Sinne belebt und Ihr Leben auf au\u00dfergew\u00f6hnliche Weise bereichert.<\/p>\n<p>&nbsp;<\/p>\n<h3>Eigenschaften des Sweet Kase CBD Limited Edition<\/h3>\n<p>&nbsp;<\/p>\n<p>Eine Metallbox von Kase.O, die zus\u00e4tzlich ein Paket mit den Bl\u00fcten, dem <b>\u00d6l<\/b> und der Infusion der Sweet Kase Kollektion enth\u00e4lt. <b>Ein echtes Sammlerst\u00fcck f\u00fcr CBD- und Kase.O-Liebhaber, von dem es nur 200 Einheiten gibt.<\/b><\/p>\n<p>&nbsp;<\/p>\n<h4>Komponenten<\/h4>\n<p>&nbsp;<\/p>\n<ul>\n<li>Limitierte Sweet Kase Metallbox (200 Einheiten)<\/li>\n<li>1 Beutel Sweet Kase Bl\u00fcten 2\/5\/15\/25\/50gr<\/li>\n<li>1 Sweet Kase Full Spectrum \u00d6l mit CBD, CBG, Melisse und Honigaroma 10ml<\/li>\n<li>1 Entspannende Sweet Kase Infusion auf Hanf- und Rooibosbasis 50gr<\/li>\n<\/ul>\n<p>&nbsp;<\/p>\n<h4>Zielgruppe<\/h4>\n<p>&nbsp;<\/p>\n<p>Dieses Paket ist perfekt f\u00fcr diejenigen, die <b>etwas Einzigartiges suchen<\/b>, und richtet sich an diejenigen, die <b>nicht nur die Produkte der Sweet Kase-Reihe zu einem reduzierten Preis kaufen m\u00f6chten, sondern auch ein echtes Sammlerst\u00fcck<\/b> wie die Sweet Kase Metallbox, die weltweit einzigartig ist, erwerben m\u00f6chten.<\/p>\n<p>&nbsp;<\/p>\n<h3>Sicherheitsinformationen<\/h3>\n<p>&nbsp;<\/p>\n<p>Bitte beachten Sie, dass die CBD-Bl\u00fcten von The Tree ein Dekorations-, Sammler- und Aromaprodukt sind. Sie d\u00fcrfen w\u00e4hrend der Schwangerschaft oder Stillzeit nicht verwendet werden. Au\u00dferhalb der Reichweite von Kindern aufbewahren.<\/p>\n<p>Unsere CBD-Bl\u00fcten sind harzfreie und nicht psychoaktive Hanfbl\u00fcten, die aus zertifizierten Samen ohne Zus\u00e4tze angebaut werden, mit maximal 0,3% THC oder einem Psychoaktivit\u00e4tsindex unter 1. Cannabis Typ Faser gem\u00e4\u00df UN-Handbuch ST\/NAR 40 Nationen Unidas. Dekoratives, aromatisches und Sammlerprodukt. Einnahme, Inhalation oder therapeutische Anwendung sind verboten. Das Unternehmen \u00fcbernimmt keine Verantwortung f\u00fcr eine gesetzeswidrige oder diesen Anweisungen widersprechende Verwendung. Verkauf an Minderj\u00e4hrige verboten. Au\u00dferhalb der Reichweite von Kindern aufbewahren.<\/p>\n<p>Das Sweet Kase \u00d6l ist ein topisches Produkt und darf w\u00e4hrend der Schwangerschaft oder Stillzeit nicht verwendet werden. Au\u00dferhalb der Reichweite von Kindern aufbewahren.<\/p>\n<p>Der bereitgestellte Inhalt dient nur zu Informations- und Schulungszwecken und ersetzt in keiner Weise die medizinische Beratung durch einen Arzt oder Apotheker. Unsere Texte sind nicht zur eigenst\u00e4ndigen Diagnose und Behandlung von Krankheiten bestimmt.<\/p>\n<p>Z\u00f6gern Sie nicht, uns bei weiteren Fragen zu kontaktieren.<\/p>\n<p>&nbsp;<\/p>\n<h3>Lagerung<\/h3>\n<p>&nbsp;<\/p>\n<p>Idealerweise sollten die Produkte des Sweet Kase Packs an einem k\u00fchlen und trockenen Ort gelagert werden, gesch\u00fctzt vor Licht und starken Ger\u00fcchen, um jegliche Art von Kontamination zu vermeiden. Direkte Sonneneinstrahlung und Hitze vermeiden.<\/p>\n<p><b>Achtung:<\/b> Die angegebene Haltbarkeit betr\u00e4gt zwei Jahre bei korrekter Lagerung.<\/p>\n","protected":false},"excerpt":{"rendered":"<p><b>Exklusive Sweet Kase Metallbox<\/b>, die zus\u00e4tzlich ein Paket mit den Bl\u00fcten, dem \u00d6l und der Infusion der Sweet Kase Kollektion enth\u00e4lt. Ein Sammlerst\u00fcck f\u00fcr CBD- und Kase.O-Liebhaber, von dem es nur 200 Einheiten gibt.<\/p>\n","protected":false},"featured_media":171159,"template":"","meta":{"_acf_changed":false},"product_brand":[],"class_list":{"0":"post-171155","1":"product","2":"type-product","3":"status-publish","4":"has-post-thumbnail","6":"product_cat-cbd-ol","7":"product_cat-sweet-kase-cbd-de","9":"first","10":"outofstock","11":"taxable","12":"shipping-taxable","13":"purchasable","14":"product-type-variable","15":"has-default-attributes"},"acf":[],"yoast_head":"<!-- This site is optimized with the Yoast SEO plugin v26.3 - https:\/\/yoast.com\/wordpress\/plugins\/seo\/ -->\n<title>Pack Sweet Kase CBD by Kase.O: Limitierte Auflage 200 St\u00fcck | The Tree CBD<\/title>\n<meta name=\"description\" content=\"Pack Sweet Kase CBD by Kase.O f\u00fcr The Tree CBD. Nur 200 Einheiten mit exklusiver Metallbox. Sichern Sie sich Ihr Sweet Kase Pack!\" \/>\n<meta name=\"robots\" content=\"index, follow, max-snippet:-1, max-image-preview:large, max-video-preview:-1\" \/>\n<link rel=\"canonical\" href=\"https:\/\/thetreecbd.com\/de\/cbd\/pack-sweet-kase-cbd-by-kase-o-limitierte-auflage-200-stuck\" \/>\n<meta property=\"og:locale\" content=\"de_DE\" \/>\n<meta property=\"og:type\" content=\"article\" \/>\n<meta property=\"og:title\" content=\"Pack Sweet Kase CBD by Kase.O: Limitierte Auflage 200 St\u00fcck | The Tree CBD\" \/>\n<meta property=\"og:description\" content=\"Pack Sweet Kase CBD by Kase.O f\u00fcr The Tree CBD. Nur 200 Einheiten mit exklusiver Metallbox. Sichern Sie sich Ihr Sweet Kase Pack!\" \/>\n<meta property=\"og:url\" content=\"https:\/\/thetreecbd.com\/de\/cbd\/pack-sweet-kase-cbd-by-kase-o-limitierte-auflage-200-stuck\" \/>\n<meta property=\"og:site_name\" content=\"The Tree CBD\" \/>\n<meta property=\"article:publisher\" content=\"https:\/\/www.facebook.com\/thetreeCBD\/\" \/>\n<meta property=\"og:image\" content=\"https:\/\/thetreecbd.com\/wp-content\/uploads\/2023\/09\/pack-premium-sweet-kase-web.png\" \/>\n\t<meta property=\"og:image:width\" content=\"600\" \/>\n\t<meta property=\"og:image:height\" content=\"720\" \/>\n\t<meta property=\"og:image:type\" content=\"image\/png\" \/>\n<meta name=\"twitter:card\" content=\"summary_large_image\" \/>\n<meta name=\"twitter:site\" content=\"@TheTreeCBD_EU\" \/>\n<meta name=\"twitter:label1\" content=\"Gesch\u00e4tzte Lesezeit\" \/>\n\t<meta name=\"twitter:data1\" content=\"3\u00a0Minuten\" \/>\n<script type=\"application\/ld+json\" class=\"yoast-schema-graph\">{\"@context\":\"https:\/\/schema.org\",\"@graph\":[{\"@type\":[\"WebPage\",\"ItemPage\"],\"@id\":\"https:\/\/thetreecbd.com\/de\/cbd\/pack-sweet-kase-cbd-by-kase-o-limitierte-auflage-200-stuck\",\"url\":\"https:\/\/thetreecbd.com\/de\/cbd\/pack-sweet-kase-cbd-by-kase-o-limitierte-auflage-200-stuck\",\"name\":\"Pack Sweet Kase CBD by Kase.O: Limitierte Auflage 200 St\u00fcck | The Tree CBD\",\"isPartOf\":{\"@id\":\"https:\/\/thetreecbd.com\/de#website\"},\"primaryImageOfPage\":{\"@id\":\"https:\/\/thetreecbd.com\/de\/cbd\/pack-sweet-kase-cbd-by-kase-o-limitierte-auflage-200-stuck#primaryimage\"},\"image\":{\"@id\":\"https:\/\/thetreecbd.com\/de\/cbd\/pack-sweet-kase-cbd-by-kase-o-limitierte-auflage-200-stuck#primaryimage\"},\"thumbnailUrl\":\"https:\/\/thetreecbd.com\/wp-content\/uploads\/2023\/09\/pack-premium-sweet-kase-web.png\",\"datePublished\":\"2023-08-04T22:00:20+00:00\",\"description\":\"Pack Sweet Kase CBD by Kase.O f\u00fcr The Tree CBD. Nur 200 Einheiten mit exklusiver Metallbox. Sichern Sie sich Ihr Sweet Kase Pack!\",\"breadcrumb\":{\"@id\":\"https:\/\/thetreecbd.com\/de\/cbd\/pack-sweet-kase-cbd-by-kase-o-limitierte-auflage-200-stuck#breadcrumb\"},\"inLanguage\":\"de\",\"potentialAction\":[{\"@type\":\"ReadAction\",\"target\":[\"https:\/\/thetreecbd.com\/de\/cbd\/pack-sweet-kase-cbd-by-kase-o-limitierte-auflage-200-stuck\"]}]},{\"@type\":\"ImageObject\",\"inLanguage\":\"de\",\"@id\":\"https:\/\/thetreecbd.com\/de\/cbd\/pack-sweet-kase-cbd-by-kase-o-limitierte-auflage-200-stuck#primaryimage\",\"url\":\"https:\/\/thetreecbd.com\/wp-content\/uploads\/2023\/09\/pack-premium-sweet-kase-web.png\",\"contentUrl\":\"https:\/\/thetreecbd.com\/wp-content\/uploads\/2023\/09\/pack-premium-sweet-kase-web.png\",\"width\":600,\"height\":720},{\"@type\":\"BreadcrumbList\",\"@id\":\"https:\/\/thetreecbd.com\/de\/cbd\/pack-sweet-kase-cbd-by-kase-o-limitierte-auflage-200-stuck#breadcrumb\",\"itemListElement\":[{\"@type\":\"ListItem\",\"position\":1,\"name\":\"The Tree\",\"item\":\"https:\/\/thetreecbd.com\/de\"},{\"@type\":\"ListItem\",\"position\":2,\"name\":\"CBD\",\"item\":\"https:\/\/thetreecbd.com\/es\/cbd\"},{\"@type\":\"ListItem\",\"position\":3,\"name\":\"Sweet Kase CBD von Kase.O\",\"item\":\"https:\/\/thetreecbd.com\/de\/sweet-kase-cbd-de\"},{\"@type\":\"ListItem\",\"position\":4,\"name\":\"Pack Sweet Kase CBD by Kase.O: Limitierte Auflage 200 St\u00fcck\"}]},{\"@type\":\"WebSite\",\"@id\":\"https:\/\/thetreecbd.com\/de#website\",\"url\":\"https:\/\/thetreecbd.com\/de\",\"name\":\"The Tree CBD\",\"description\":\"Comprar CBD en Espa\u00f1a Online\",\"publisher\":{\"@id\":\"https:\/\/thetreecbd.com\/de#organization\"},\"potentialAction\":[{\"@type\":\"SearchAction\",\"target\":{\"@type\":\"EntryPoint\",\"urlTemplate\":\"https:\/\/thetreecbd.com\/de?s={search_term_string}\"},\"query-input\":{\"@type\":\"PropertyValueSpecification\",\"valueRequired\":true,\"valueName\":\"search_term_string\"}}],\"inLanguage\":\"de\"},{\"@type\":\"Organization\",\"@id\":\"https:\/\/thetreecbd.com\/de#organization\",\"name\":\"The Tree CBD\",\"url\":\"https:\/\/thetreecbd.com\/de\",\"logo\":{\"@type\":\"ImageObject\",\"inLanguage\":\"de\",\"@id\":\"https:\/\/thetreecbd.com\/de#\/schema\/logo\/image\/\",\"url\":\"https:\/\/thetreecbd.com\/wp-content\/uploads\/2022\/04\/logo-thetree.png\",\"contentUrl\":\"https:\/\/thetreecbd.com\/wp-content\/uploads\/2022\/04\/logo-thetree.png\",\"width\":172,\"height\":55,\"caption\":\"The Tree CBD\"},\"image\":{\"@id\":\"https:\/\/thetreecbd.com\/de#\/schema\/logo\/image\/\"},\"sameAs\":[\"https:\/\/www.facebook.com\/thetreeCBD\/\",\"https:\/\/x.com\/TheTreeCBD_EU\",\"https:\/\/www.instagram.com\/thetree.cbd\/\",\"https:\/\/es.trustpilot.com\/review\/thetreecbd.com\"]}]}<\/script>\n<!-- \/ Yoast SEO plugin. -->","yoast_head_json":{"title":"Pack Sweet Kase CBD by Kase.O: Limitierte Auflage 200 St\u00fcck | The Tree CBD","description":"Pack Sweet Kase CBD by Kase.O f\u00fcr The Tree CBD. Nur 200 Einheiten mit exklusiver Metallbox. Sichern Sie sich Ihr Sweet Kase Pack!","robots":{"index":"index","follow":"follow","max-snippet":"max-snippet:-1","max-image-preview":"max-image-preview:large","max-video-preview":"max-video-preview:-1"},"canonical":"https:\/\/thetreecbd.com\/de\/cbd\/pack-sweet-kase-cbd-by-kase-o-limitierte-auflage-200-stuck","og_locale":"de_DE","og_type":"article","og_title":"Pack Sweet Kase CBD by Kase.O: Limitierte Auflage 200 St\u00fcck | The Tree CBD","og_description":"Pack Sweet Kase CBD by Kase.O f\u00fcr The Tree CBD. Nur 200 Einheiten mit exklusiver Metallbox. Sichern Sie sich Ihr Sweet Kase Pack!","og_url":"https:\/\/thetreecbd.com\/de\/cbd\/pack-sweet-kase-cbd-by-kase-o-limitierte-auflage-200-stuck","og_site_name":"The Tree CBD","article_publisher":"https:\/\/www.facebook.com\/thetreeCBD\/","og_image":[{"width":600,"height":720,"url":"https:\/\/thetreecbd.com\/wp-content\/uploads\/2023\/09\/pack-premium-sweet-kase-web.png","type":"image\/png"}],"twitter_card":"summary_large_image","twitter_site":"@TheTreeCBD_EU","twitter_misc":{"Gesch\u00e4tzte Lesezeit":"3\u00a0Minuten"},"schema":{"@context":"https:\/\/schema.org","@graph":[{"@type":["WebPage","ItemPage"],"@id":"https:\/\/thetreecbd.com\/de\/cbd\/pack-sweet-kase-cbd-by-kase-o-limitierte-auflage-200-stuck","url":"https:\/\/thetreecbd.com\/de\/cbd\/pack-sweet-kase-cbd-by-kase-o-limitierte-auflage-200-stuck","name":"Pack Sweet Kase CBD by Kase.O: Limitierte Auflage 200 St\u00fcck | The Tree CBD","isPartOf":{"@id":"https:\/\/thetreecbd.com\/de#website"},"primaryImageOfPage":{"@id":"https:\/\/thetreecbd.com\/de\/cbd\/pack-sweet-kase-cbd-by-kase-o-limitierte-auflage-200-stuck#primaryimage"},"image":{"@id":"https:\/\/thetreecbd.com\/de\/cbd\/pack-sweet-kase-cbd-by-kase-o-limitierte-auflage-200-stuck#primaryimage"},"thumbnailUrl":"https:\/\/thetreecbd.com\/wp-content\/uploads\/2023\/09\/pack-premium-sweet-kase-web.png","datePublished":"2023-08-04T22:00:20+00:00","description":"Pack Sweet Kase CBD by Kase.O f\u00fcr The Tree CBD. Nur 200 Einheiten mit exklusiver Metallbox. Sichern Sie sich Ihr Sweet Kase Pack!","breadcrumb":{"@id":"https:\/\/thetreecbd.com\/de\/cbd\/pack-sweet-kase-cbd-by-kase-o-limitierte-auflage-200-stuck#breadcrumb"},"inLanguage":"de","potentialAction":[{"@type":"ReadAction","target":["https:\/\/thetreecbd.com\/de\/cbd\/pack-sweet-kase-cbd-by-kase-o-limitierte-auflage-200-stuck"]}]},{"@type":"ImageObject","inLanguage":"de","@id":"https:\/\/thetreecbd.com\/de\/cbd\/pack-sweet-kase-cbd-by-kase-o-limitierte-auflage-200-stuck#primaryimage","url":"https:\/\/thetreecbd.com\/wp-content\/uploads\/2023\/09\/pack-premium-sweet-kase-web.png","contentUrl":"https:\/\/thetreecbd.com\/wp-content\/uploads\/2023\/09\/pack-premium-sweet-kase-web.png","width":600,"height":720},{"@type":"BreadcrumbList","@id":"https:\/\/thetreecbd.com\/de\/cbd\/pack-sweet-kase-cbd-by-kase-o-limitierte-auflage-200-stuck#breadcrumb","itemListElement":[{"@type":"ListItem","position":1,"name":"The Tree","item":"https:\/\/thetreecbd.com\/de"},{"@type":"ListItem","position":2,"name":"CBD","item":"https:\/\/thetreecbd.com\/es\/cbd"},{"@type":"ListItem","position":3,"name":"Sweet Kase CBD von Kase.O","item":"https:\/\/thetreecbd.com\/de\/sweet-kase-cbd-de"},{"@type":"ListItem","position":4,"name":"Pack Sweet Kase CBD by Kase.O: Limitierte Auflage 200 St\u00fcck"}]},{"@type":"WebSite","@id":"https:\/\/thetreecbd.com\/de#website","url":"https:\/\/thetreecbd.com\/de","name":"The Tree CBD","description":"Comprar CBD en Espa\u00f1a Online","publisher":{"@id":"https:\/\/thetreecbd.com\/de#organization"},"potentialAction":[{"@type":"SearchAction","target":{"@type":"EntryPoint","urlTemplate":"https:\/\/thetreecbd.com\/de?s={search_term_string}"},"query-input":{"@type":"PropertyValueSpecification","valueRequired":true,"valueName":"search_term_string"}}],"inLanguage":"de"},{"@type":"Organization","@id":"https:\/\/thetreecbd.com\/de#organization","name":"The Tree CBD","url":"https:\/\/thetreecbd.com\/de","logo":{"@type":"ImageObject","inLanguage":"de","@id":"https:\/\/thetreecbd.com\/de#\/schema\/logo\/image\/","url":"https:\/\/thetreecbd.com\/wp-content\/uploads\/2022\/04\/logo-thetree.png","contentUrl":"https:\/\/thetreecbd.com\/wp-content\/uploads\/2022\/04\/logo-thetree.png","width":172,"height":55,"caption":"The Tree CBD"},"image":{"@id":"https:\/\/thetreecbd.com\/de#\/schema\/logo\/image\/"},"sameAs":["https:\/\/www.facebook.com\/thetreeCBD\/","https:\/\/x.com\/TheTreeCBD_EU","https:\/\/www.instagram.com\/thetree.cbd\/","https:\/\/es.trustpilot.com\/review\/thetreecbd.com"]}]}},"_links":{"self":[{"href":"https:\/\/thetreecbd.com\/de\/wp-json\/wp\/v2\/product\/171155","targetHints":{"allow":["GET"]}}],"collection":[{"href":"https:\/\/thetreecbd.com\/de\/wp-json\/wp\/v2\/product"}],"about":[{"href":"https:\/\/thetreecbd.com\/de\/wp-json\/wp\/v2\/types\/product"}],"version-history":[{"count":0,"href":"https:\/\/thetreecbd.com\/de\/wp-json\/wp\/v2\/product\/171155\/revisions"}],"wp:featuredmedia":[{"embeddable":true,"href":"https:\/\/thetreecbd.com\/de\/wp-json\/wp\/v2\/media\/171159"}],"wp:attachment":[{"href":"https:\/\/thetreecbd.com\/de\/wp-json\/wp\/v2\/media?parent=171155"}],"wp:term":[{"taxonomy":"product_brand","embeddable":true,"href":"https:\/\/thetreecbd.com\/de\/wp-json\/wp\/v2\/product_brand?post=171155"}],"curies":[{"name":"wp","href":"https:\/\/api.w.org\/{rel}","templated":true}]}}