{"id":174164,"date":"2021-05-19T15:53:55","date_gmt":"2021-05-19T13:53:55","guid":{"rendered":"https:\/\/thetreecbd.com\/cbd\/cbd-ol-20-raw"},"modified":"2021-05-19T15:53:55","modified_gmt":"2021-05-19T13:53:55","slug":"cbd-ol-20-raw","status":"publish","type":"product","link":"https:\/\/thetreecbd.com\/de\/cbd\/cbd-ol-20-raw","title":{"rendered":"CBD-\u00d6l 20% Raw"},"content":{"rendered":"<p>Das <b>CBD-\u00d6l 20% Raw<\/b> wird auf der <b>Basis von MCT-Kokos\u00f6l<\/b> hergestellt. Das \u00d6l enth\u00e4lt alle aktiven Bestandteile des Hanfs. Im Gegensatz zu Breitband- und Vollspektrum-\u00d6len ist dieses \u00d6l das reinste der 3, da es nicht gefiltert wird.<\/p>\n<p>Dieses <b>CBD-\u00d6l<\/b> wurde <b>ohne L\u00f6sungsmittel<\/b> hergestellt: frei von Alkoholen, Gasen oder anderen aggressiveren L\u00f6sungsmitteln f\u00fcr die Extraktion. W\u00e4hrend das Breitband-\u00d6l das THC der Pflanze nicht enth\u00e4lt, bewahrt dieses CBD-\u00d6l Raw das THC der Pflanze, jedoch immer unter 0,2%.<\/p>\n<p>&nbsp;<\/p>\n<h4><b>Bestandteile und Aussehen des \u00d6ls<\/b><\/h4>\n<p>&nbsp;<\/p>\n<p>Dar\u00fcber hinaus hat das <b>CBD-\u00d6l 20% Raw<\/b> auch ein anderes Aussehen als Breitband- und Vollspektrum-\u00d6le. Da es alle Bestandteile der Pflanze bewahrt und <b>nicht gefiltert<\/b> ist, ist seine Farbe <b>dunkel und dicht<\/b>, wodurch die Reinheit des \u00d6ls erhalten bleibt; im Vergleich zum Breitband-\u00d6l, das transparenter und klarer ist, oder zum Vollspektrum-\u00d6l, das eine <b>goldgelbe<\/b> Farbe hat.<\/p>\n<p>Andererseits wird dieses \u00d6l auf der <b>Basis von MCT-\u00d6l<\/b> oder mittelkettigen Triglyceriden hergestellt, einer Art ges\u00e4ttigtem Fett, das im Kokos\u00f6l vorkommen kann. Es ist eine der neuesten Entwicklungen in der CBD-\u00d6lbasis. Cannabinoide werden beim Abbau in Fett statt in Wasser gespeichert, d. h. sie sind fettl\u00f6slich. Aus diesem Grund erh\u00f6hen Cannabinoide ihre Wirksamkeit, wenn sie mit Fett konsumiert werden, obwohl dies von der Art des Fetts abh\u00e4ngt.<\/p>\n<p>Auf diese Weise bewahrt das \u00d6l von <b>The Tree CBD<\/b> alle Bestandteile der Hanfbl\u00fcte und ihre Eigenschaften, indem es haupts\u00e4chlich Cannabidiol (CBD) 20% und kleinere Teile von CBG, CBF, CBN, CBC und mehr als 40 nat\u00fcrlich im Hanf vorhandenen Terpenen liefert.<\/p>\n<p>&nbsp;<\/p>\n<h4><b>Warum dieses \u00d6l w\u00e4hlen?<\/b><\/h4>\n<p>&nbsp;<\/p>\n<p>Wenn Sie eine sanfte CBD-Dosis ben\u00f6tigen, ist unsere <b>20%-Formel perfekt<\/b>. Wir haben sie speziell f\u00fcr diejenigen entwickelt, die CBD bereits ausprobiert haben. Jede CBD-Flasche unterliegt einer strengen Qualit\u00e4tskontrolle und wird aus biologisch angebautem Hanf extrahiert. Dank anspruchsvoller CO\u2082-Extraktions- und Reinigungsverfahren sowie unabh\u00e4ngiger Tests enth\u00e4lt jede Flasche hochwertiges CBD und ist frei von unerw\u00fcnschten Nebenwirkungen, Zusatzstoffen und k\u00fcnstlichen Chemikalien.<\/p>\n<p>Unser \u00d6l wird <b>biologisch angebaut<\/b>, ist frei von Pestiziden, sch\u00e4dlichen Chemikalien und folgt den strengsten Qualit\u00e4tskontrollen, und hat <b>100% pflanzliche Inhaltsstoffe<\/b>.<\/p>\n<p>Dieses \u00d6l <b>enth\u00e4lt weniger als 0,2% THC<\/b>, hat keine psychoaktiven Effekte und ist <b>in ganz Europa legal<\/b>.<\/p>\n<p>&nbsp;<\/p>\n<h4><b>Eigenschaften von CBD-\u00d6l 20% Raw<\/b><\/h4>\n<p>&nbsp;<\/p>\n<ul>\n<li>\u00d6l auf Basis von <b>MCT-Kokos\u00f6l<\/b><\/li>\n<li><b>20% CBD<\/b> pro Tropfen (10mg pro Tropfen).<\/li>\n<li>Dosierflasche mit <b>10 ml<\/b>.<\/li>\n<li>Biologischer Anbau, frei von Pestiziden und sch\u00e4dlichen Chemikalien.<\/li>\n<li>Enth\u00e4lt weniger als 0,2% THC<\/li>\n<li>\u00c4u\u00dferliche Anwendung<\/li>\n<\/ul>\n<p>&nbsp;<\/p>\n<h4><b>Inhaltsstoffe von CBD-\u00d6l 20% Raw<\/b><\/h4>\n<p>&nbsp;<\/p>\n<p>\u00d6l auf Basis von MCT-Kokos\u00f6l und CO2-Hanfextraktion.<\/p>\n<p>&nbsp;<\/p>\n<h4><b>CBD-Aroma<\/b><\/h4>\n<p>&nbsp;<\/p>\n<p>Terpene finden sich in den meisten \u00e4therischen \u00d6len vieler Pflanzen, Blumen und Fr\u00fcchte, sie sind verantwortlich f\u00fcr Geruch und Geschmack. Im Cannabis finden wir ein breites Terpenprofil.<\/p>\n<p>CBD-\u00d6le, die aus hochwertigen Vollspektrum-Extrakten hergestellt werden, riechen nach Marihuana. Dies liegt daran, dass der gr\u00f6\u00dfte Teil des Geruchs von Cannabis das Ergebnis der <b>Terpene<\/b> ist.<\/p>\n<p>&nbsp;<\/p>\n<h4><b>Zielgruppe<\/b><\/h4>\n<p>&nbsp;<\/p>\n<p>CBD-\u00d6le mit einer Konzentration von 20% sind hochwirksam, da der CBD-Anteil ziemlich hoch ist. Sie sind ideal f\u00fcr Personen, die eine intensive Wirkung suchen oder viel Erfahrung mit der Verwendung dieses Cannabinoids haben.<\/p>\n<p>Dieses RAW-\u00d6l ist f\u00fcr Personen, die das reinste Produkt suchen, ohne Filterung oder Raffinierung, um alle Vorteile der Pflanze zu erhalten.<\/p>\n<p>&nbsp;<\/p>\n<h4><b>Sicherheitshinweis<\/b><\/h4>\n<p>&nbsp;<\/p>\n<p>Bitte beachten Sie, dass das CBD-\u00d6l 20% Vollspektrum von The Tree ein Produkt zur \u00e4u\u00dferlichen Anwendung ist. Es sollte nicht w\u00e4hrend der Schwangerschaft oder Stillzeit verwendet werden. Au\u00dferhalb der Reichweite von Kindern aufbewahren.<\/p>\n<p>Der bereitgestellte Inhalt dient nur zu Informations- und Schulungszwecken und ersetzt in keiner Weise den medizinischen Rat eines Arztes oder Apothekers. Unsere Texte sind nicht zur unabh\u00e4ngigen Diagnose und Behandlung von Krankheiten bestimmt.<\/p>\n<p>Z\u00f6gern Sie nicht, uns bei weiteren Fragen zu kontaktieren.<\/p>\n<p>&nbsp;<\/p>\n<h4><b>Lagerung<\/b><\/h4>\n<p>&nbsp;<\/p>\n<p>Idealerweise sollte das CBD-\u00d6l von The Tree an einem k\u00fchlen, trockenen Ort gelagert werden, gesch\u00fctzt vor Licht und starken Ger\u00fcchen, um jegliche Art von Verunreinigung zu vermeiden. Direkte Sonneneinstrahlung und Hitze vermeiden.<\/p>\n<p>An einem k\u00fchlen und trockenen Ort aufbewahren. Au\u00dferhalb der Reichweite von Kindern aufbewahren.<\/p>\n<p><strong>Achtung<\/strong>: Die angegebene Haltbarkeit betr\u00e4gt zwei Jahre bei ordnungsgem\u00e4\u00dfer Lagerung.<\/p>\n","protected":false},"excerpt":{"rendered":"<ul>\n<li>\u00d6l auf Basis von <b>MCT-Kokos\u00f6l<\/b><\/li>\n<li><b>20% CBD<\/b> pro Tropfen (10mg pro Tropfen).<\/li>\n<li>Dosierflasche mit <b>10 ml<\/b>.<\/li>\n<li>Biologischer Anbau, frei von Pestiziden und sch\u00e4dlichen Chemikalien.<\/li>\n<li>Enth\u00e4lt weniger als 0,2% THC<\/li>\n<li>\u00c4u\u00dferliche Anwendung<\/li>\n<\/ul>\n<p>&nbsp;<\/p>\n","protected":false},"featured_media":174165,"template":"","meta":{"_acf_changed":false},"product_brand":[],"class_list":{"0":"post-174164","1":"product","2":"type-product","3":"status-publish","4":"has-post-thumbnail","6":"product_cat-cbd-ol","7":"product_cat-cbd-ole-mit-20","8":"product_cat-produkte-mit-20-cbd","9":"product_cat-rohes","11":"first","12":"outofstock","13":"taxable","14":"shipping-taxable","15":"purchasable","16":"product-type-simple"},"acf":[],"yoast_head":"<!-- This site is optimized with the Yoast SEO plugin v26.3 - https:\/\/yoast.com\/wordpress\/plugins\/seo\/ -->\n<title>CBD-\u00d6l 20% Raw | The Tree CBD<\/title>\n<meta name=\"description\" content=\"Das CBD-\u00d6l 20% Raw ist das reinste, mit MCT-Basis, und enth\u00e4lt alle in der Pflanze gefundenen Komponenten. Mit 100% pflanzlichen Inhaltsstoffen!\" \/>\n<meta name=\"robots\" content=\"index, follow, max-snippet:-1, max-image-preview:large, max-video-preview:-1\" \/>\n<link rel=\"canonical\" href=\"https:\/\/thetreecbd.com\/de\/cbd\/cbd-ol-20-raw\" \/>\n<meta property=\"og:locale\" content=\"de_DE\" \/>\n<meta property=\"og:type\" content=\"article\" \/>\n<meta property=\"og:title\" content=\"CBD-\u00d6l 20% Raw | The Tree CBD\" \/>\n<meta property=\"og:description\" content=\"Das CBD-\u00d6l 20% Raw ist das reinste, mit MCT-Basis, und enth\u00e4lt alle in der Pflanze gefundenen Komponenten. Mit 100% pflanzlichen Inhaltsstoffen!\" \/>\n<meta property=\"og:url\" content=\"https:\/\/thetreecbd.com\/de\/cbd\/cbd-ol-20-raw\" \/>\n<meta property=\"og:site_name\" content=\"The Tree CBD\" \/>\n<meta property=\"article:publisher\" content=\"https:\/\/www.facebook.com\/thetreeCBD\/\" \/>\n<meta property=\"og:image\" content=\"https:\/\/thetreecbd.com\/wp-content\/uploads\/2021\/05\/aceite-raw-spectrum-20_1.jpg\" \/>\n\t<meta property=\"og:image:width\" content=\"600\" \/>\n\t<meta property=\"og:image:height\" content=\"720\" \/>\n\t<meta property=\"og:image:type\" content=\"image\/jpeg\" \/>\n<meta name=\"twitter:card\" content=\"summary_large_image\" \/>\n<meta name=\"twitter:site\" content=\"@TheTreeCBD_EU\" \/>\n<meta name=\"twitter:label1\" content=\"Gesch\u00e4tzte Lesezeit\" \/>\n\t<meta name=\"twitter:data1\" content=\"4\u00a0Minuten\" \/>\n<script type=\"application\/ld+json\" class=\"yoast-schema-graph\">{\"@context\":\"https:\/\/schema.org\",\"@graph\":[{\"@type\":[\"WebPage\",\"ItemPage\"],\"@id\":\"https:\/\/thetreecbd.com\/de\/cbd\/cbd-ol-20-raw\",\"url\":\"https:\/\/thetreecbd.com\/de\/cbd\/cbd-ol-20-raw\",\"name\":\"CBD-\u00d6l 20% Raw | The Tree CBD\",\"isPartOf\":{\"@id\":\"https:\/\/thetreecbd.com\/de#website\"},\"primaryImageOfPage\":{\"@id\":\"https:\/\/thetreecbd.com\/de\/cbd\/cbd-ol-20-raw#primaryimage\"},\"image\":{\"@id\":\"https:\/\/thetreecbd.com\/de\/cbd\/cbd-ol-20-raw#primaryimage\"},\"thumbnailUrl\":\"https:\/\/thetreecbd.com\/wp-content\/uploads\/2021\/05\/aceite-raw-spectrum-20_1.jpg\",\"datePublished\":\"2021-05-19T13:53:55+00:00\",\"description\":\"Das CBD-\u00d6l 20% Raw ist das reinste, mit MCT-Basis, und enth\u00e4lt alle in der Pflanze gefundenen Komponenten. Mit 100% pflanzlichen Inhaltsstoffen!\",\"breadcrumb\":{\"@id\":\"https:\/\/thetreecbd.com\/de\/cbd\/cbd-ol-20-raw#breadcrumb\"},\"inLanguage\":\"de\",\"potentialAction\":[{\"@type\":\"ReadAction\",\"target\":[\"https:\/\/thetreecbd.com\/de\/cbd\/cbd-ol-20-raw\"]}]},{\"@type\":\"ImageObject\",\"inLanguage\":\"de\",\"@id\":\"https:\/\/thetreecbd.com\/de\/cbd\/cbd-ol-20-raw#primaryimage\",\"url\":\"https:\/\/thetreecbd.com\/wp-content\/uploads\/2021\/05\/aceite-raw-spectrum-20_1.jpg\",\"contentUrl\":\"https:\/\/thetreecbd.com\/wp-content\/uploads\/2021\/05\/aceite-raw-spectrum-20_1.jpg\",\"width\":600,\"height\":720},{\"@type\":\"BreadcrumbList\",\"@id\":\"https:\/\/thetreecbd.com\/de\/cbd\/cbd-ol-20-raw#breadcrumb\",\"itemListElement\":[{\"@type\":\"ListItem\",\"position\":1,\"name\":\"The Tree\",\"item\":\"https:\/\/thetreecbd.com\/de\"},{\"@type\":\"ListItem\",\"position\":2,\"name\":\"CBD\",\"item\":\"https:\/\/thetreecbd.com\/es\/cbd\"},{\"@type\":\"ListItem\",\"position\":3,\"name\":\"CBD-\u00d6l\",\"item\":\"https:\/\/thetreecbd.com\/de\/cbd-ol\"},{\"@type\":\"ListItem\",\"position\":4,\"name\":\"CBD-\u00d6le mit 20\u202f%\",\"item\":\"https:\/\/thetreecbd.com\/de\/cbd-ol\/cbd-ole-mit-20\"},{\"@type\":\"ListItem\",\"position\":5,\"name\":\"CBD-\u00d6l 20% Raw\"}]},{\"@type\":\"WebSite\",\"@id\":\"https:\/\/thetreecbd.com\/de#website\",\"url\":\"https:\/\/thetreecbd.com\/de\",\"name\":\"The Tree CBD\",\"description\":\"Comprar CBD en Espa\u00f1a Online\",\"publisher\":{\"@id\":\"https:\/\/thetreecbd.com\/de#organization\"},\"potentialAction\":[{\"@type\":\"SearchAction\",\"target\":{\"@type\":\"EntryPoint\",\"urlTemplate\":\"https:\/\/thetreecbd.com\/de?s={search_term_string}\"},\"query-input\":{\"@type\":\"PropertyValueSpecification\",\"valueRequired\":true,\"valueName\":\"search_term_string\"}}],\"inLanguage\":\"de\"},{\"@type\":\"Organization\",\"@id\":\"https:\/\/thetreecbd.com\/de#organization\",\"name\":\"The Tree CBD\",\"url\":\"https:\/\/thetreecbd.com\/de\",\"logo\":{\"@type\":\"ImageObject\",\"inLanguage\":\"de\",\"@id\":\"https:\/\/thetreecbd.com\/de#\/schema\/logo\/image\/\",\"url\":\"https:\/\/thetreecbd.com\/wp-content\/uploads\/2022\/04\/logo-thetree.png\",\"contentUrl\":\"https:\/\/thetreecbd.com\/wp-content\/uploads\/2022\/04\/logo-thetree.png\",\"width\":172,\"height\":55,\"caption\":\"The Tree CBD\"},\"image\":{\"@id\":\"https:\/\/thetreecbd.com\/de#\/schema\/logo\/image\/\"},\"sameAs\":[\"https:\/\/www.facebook.com\/thetreeCBD\/\",\"https:\/\/x.com\/TheTreeCBD_EU\",\"https:\/\/www.instagram.com\/thetree.cbd\/\",\"https:\/\/es.trustpilot.com\/review\/thetreecbd.com\"]}]}<\/script>\n<!-- \/ Yoast SEO plugin. -->","yoast_head_json":{"title":"CBD-\u00d6l 20% Raw | The Tree CBD","description":"Das CBD-\u00d6l 20% Raw ist das reinste, mit MCT-Basis, und enth\u00e4lt alle in der Pflanze gefundenen Komponenten. Mit 100% pflanzlichen Inhaltsstoffen!","robots":{"index":"index","follow":"follow","max-snippet":"max-snippet:-1","max-image-preview":"max-image-preview:large","max-video-preview":"max-video-preview:-1"},"canonical":"https:\/\/thetreecbd.com\/de\/cbd\/cbd-ol-20-raw","og_locale":"de_DE","og_type":"article","og_title":"CBD-\u00d6l 20% Raw | The Tree CBD","og_description":"Das CBD-\u00d6l 20% Raw ist das reinste, mit MCT-Basis, und enth\u00e4lt alle in der Pflanze gefundenen Komponenten. Mit 100% pflanzlichen Inhaltsstoffen!","og_url":"https:\/\/thetreecbd.com\/de\/cbd\/cbd-ol-20-raw","og_site_name":"The Tree CBD","article_publisher":"https:\/\/www.facebook.com\/thetreeCBD\/","og_image":[{"width":600,"height":720,"url":"https:\/\/thetreecbd.com\/wp-content\/uploads\/2021\/05\/aceite-raw-spectrum-20_1.jpg","type":"image\/jpeg"}],"twitter_card":"summary_large_image","twitter_site":"@TheTreeCBD_EU","twitter_misc":{"Gesch\u00e4tzte Lesezeit":"4\u00a0Minuten"},"schema":{"@context":"https:\/\/schema.org","@graph":[{"@type":["WebPage","ItemPage"],"@id":"https:\/\/thetreecbd.com\/de\/cbd\/cbd-ol-20-raw","url":"https:\/\/thetreecbd.com\/de\/cbd\/cbd-ol-20-raw","name":"CBD-\u00d6l 20% Raw | The Tree CBD","isPartOf":{"@id":"https:\/\/thetreecbd.com\/de#website"},"primaryImageOfPage":{"@id":"https:\/\/thetreecbd.com\/de\/cbd\/cbd-ol-20-raw#primaryimage"},"image":{"@id":"https:\/\/thetreecbd.com\/de\/cbd\/cbd-ol-20-raw#primaryimage"},"thumbnailUrl":"https:\/\/thetreecbd.com\/wp-content\/uploads\/2021\/05\/aceite-raw-spectrum-20_1.jpg","datePublished":"2021-05-19T13:53:55+00:00","description":"Das CBD-\u00d6l 20% Raw ist das reinste, mit MCT-Basis, und enth\u00e4lt alle in der Pflanze gefundenen Komponenten. Mit 100% pflanzlichen Inhaltsstoffen!","breadcrumb":{"@id":"https:\/\/thetreecbd.com\/de\/cbd\/cbd-ol-20-raw#breadcrumb"},"inLanguage":"de","potentialAction":[{"@type":"ReadAction","target":["https:\/\/thetreecbd.com\/de\/cbd\/cbd-ol-20-raw"]}]},{"@type":"ImageObject","inLanguage":"de","@id":"https:\/\/thetreecbd.com\/de\/cbd\/cbd-ol-20-raw#primaryimage","url":"https:\/\/thetreecbd.com\/wp-content\/uploads\/2021\/05\/aceite-raw-spectrum-20_1.jpg","contentUrl":"https:\/\/thetreecbd.com\/wp-content\/uploads\/2021\/05\/aceite-raw-spectrum-20_1.jpg","width":600,"height":720},{"@type":"BreadcrumbList","@id":"https:\/\/thetreecbd.com\/de\/cbd\/cbd-ol-20-raw#breadcrumb","itemListElement":[{"@type":"ListItem","position":1,"name":"The Tree","item":"https:\/\/thetreecbd.com\/de"},{"@type":"ListItem","position":2,"name":"CBD","item":"https:\/\/thetreecbd.com\/es\/cbd"},{"@type":"ListItem","position":3,"name":"CBD-\u00d6l","item":"https:\/\/thetreecbd.com\/de\/cbd-ol"},{"@type":"ListItem","position":4,"name":"CBD-\u00d6le mit 20\u202f%","item":"https:\/\/thetreecbd.com\/de\/cbd-ol\/cbd-ole-mit-20"},{"@type":"ListItem","position":5,"name":"CBD-\u00d6l 20% Raw"}]},{"@type":"WebSite","@id":"https:\/\/thetreecbd.com\/de#website","url":"https:\/\/thetreecbd.com\/de","name":"The Tree CBD","description":"Comprar CBD en Espa\u00f1a Online","publisher":{"@id":"https:\/\/thetreecbd.com\/de#organization"},"potentialAction":[{"@type":"SearchAction","target":{"@type":"EntryPoint","urlTemplate":"https:\/\/thetreecbd.com\/de?s={search_term_string}"},"query-input":{"@type":"PropertyValueSpecification","valueRequired":true,"valueName":"search_term_string"}}],"inLanguage":"de"},{"@type":"Organization","@id":"https:\/\/thetreecbd.com\/de#organization","name":"The Tree CBD","url":"https:\/\/thetreecbd.com\/de","logo":{"@type":"ImageObject","inLanguage":"de","@id":"https:\/\/thetreecbd.com\/de#\/schema\/logo\/image\/","url":"https:\/\/thetreecbd.com\/wp-content\/uploads\/2022\/04\/logo-thetree.png","contentUrl":"https:\/\/thetreecbd.com\/wp-content\/uploads\/2022\/04\/logo-thetree.png","width":172,"height":55,"caption":"The Tree CBD"},"image":{"@id":"https:\/\/thetreecbd.com\/de#\/schema\/logo\/image\/"},"sameAs":["https:\/\/www.facebook.com\/thetreeCBD\/","https:\/\/x.com\/TheTreeCBD_EU","https:\/\/www.instagram.com\/thetree.cbd\/","https:\/\/es.trustpilot.com\/review\/thetreecbd.com"]}]}},"_links":{"self":[{"href":"https:\/\/thetreecbd.com\/de\/wp-json\/wp\/v2\/product\/174164","targetHints":{"allow":["GET"]}}],"collection":[{"href":"https:\/\/thetreecbd.com\/de\/wp-json\/wp\/v2\/product"}],"about":[{"href":"https:\/\/thetreecbd.com\/de\/wp-json\/wp\/v2\/types\/product"}],"version-history":[{"count":0,"href":"https:\/\/thetreecbd.com\/de\/wp-json\/wp\/v2\/product\/174164\/revisions"}],"wp:featuredmedia":[{"embeddable":true,"href":"https:\/\/thetreecbd.com\/de\/wp-json\/wp\/v2\/media\/174165"}],"wp:attachment":[{"href":"https:\/\/thetreecbd.com\/de\/wp-json\/wp\/v2\/media?parent=174164"}],"wp:term":[{"taxonomy":"product_brand","embeddable":true,"href":"https:\/\/thetreecbd.com\/de\/wp-json\/wp\/v2\/product_brand?post=174164"}],"curies":[{"name":"wp","href":"https:\/\/api.w.org\/{rel}","templated":true}]}}