{"id":174640,"date":"2025-08-07T11:29:42","date_gmt":"2025-08-07T09:29:42","guid":{"rendered":"https:\/\/thetreecbd.com\/?post_type=product&#038;p=174640"},"modified":"2025-08-07T16:31:02","modified_gmt":"2025-08-07T14:31:02","slug":"oil-the-tree-cbd-t-shirt-limitierte-auflage-x-venyason","status":"publish","type":"product","link":"https:\/\/thetreecbd.com\/de\/cbd\/oil-the-tree-cbd-t-shirt-limitierte-auflage-x-venyason","title":{"rendered":"Oil The Tree CBD T-Shirt \u2013 Limitierte Auflage x Venyason"},"content":{"rendered":"<h3>Eine illustrierte Hommage an The Trees klassisches CBD-\u00d6l.<\/h3>\n<p>Das <b>Oil The Tree CBD T-Shirt<\/b> ist ein exklusives Kleidungsst\u00fcck, das eines unserer emblematischsten Produkte feiert: CBD-\u00d6l. Entworfen von <b>Venyason<\/b>, kombiniert dieses T-Shirt Kunst, Komfort und Nachhaltigkeit auf einer <b>Creator 2.0<\/b>-Basis in der Farbe <b>Off White<\/b>, mit einem <b>unisex Medium-Fit-Schnitt<\/b>.<\/p>\n<p><b>Merkmale des Oil The Tree CBD T-Shirts:<\/b><\/p>\n<ul>\n<li><b>Exklusives Design:<\/b> Das The Tree CBD-Logo ist auf die Brust gedruckt, und auf dem R\u00fccken befindet sich eine Originalillustration von <b>Venyason<\/b> im <b>3-Farben-Siebdruck<\/b>, eine visuelle Hommage an das klassischste und bekannteste \u00d6l der Marke.<\/li>\n<li><b>Medium Fit:<\/b> Ein regul\u00e4rer Schnitt, der weder zu weit noch zu eng ist. Perfekt f\u00fcr diejenigen, die ein Gleichgewicht zwischen Komfort und Stil suchen.<\/li>\n<li><b>Nachhaltiges Material:<\/b> 100 % gek\u00e4mmte ringgesponnene Bio-Baumwolle (180 g\/m\u00b2, Single Jersey), vorgewaschen f\u00fcr mehr Haltbarkeit. F\u00fchlt sich weich an und ist umweltfreundlich.<\/li>\n<li><b>Unisex-Stil:<\/b> F\u00fcr alle Zielgruppen gedacht, mit einem vielseitigen und klaren Design.<\/li>\n<li><b>Verf\u00fcgbare Gr\u00f6\u00dfen:<\/b> S, M, L, XL<\/li>\n<\/ul>\n<p>Tragen Sie die Kunst, die Ihre Affinit\u00e4t zu CBD und bewusstem Stil repr\u00e4sentiert.<\/p>\n<p><strong>Limitierte Auflage<\/strong> \u2013 nur erh\u00e4ltlich, solange der Vorrat reicht.<\/p>\n","protected":false},"excerpt":{"rendered":"<ul>\n<li><b>Exklusives Design:<\/b> Das The Tree CBD-Logo ist auf die Brust gedruckt, und auf dem R\u00fccken befindet sich eine Originalillustration von <b>Venyason<\/b> im <b>3-Farben-Siebdruck<\/b>, eine visuelle Hommage an das klassischste und bekannteste \u00d6l der Marke.<\/li>\n<li><b>Medium Fit:<\/b> Ein regul\u00e4rer Schnitt, der weder zu weit noch zu eng ist. Perfekt f\u00fcr diejenigen, die ein Gleichgewicht zwischen Komfort und Stil suchen.<\/li>\n<li><b>Nachhaltiges Material:<\/b> 100 % gek\u00e4mmte ringgesponnene Bio-Baumwolle (180 g\/m\u00b2, Single Jersey), vorgewaschen f\u00fcr mehr Haltbarkeit. F\u00fchlt sich weich an und ist umweltfreundlich.<\/li>\n<li><b>Unisex-Stil:<\/b> F\u00fcr alle Zielgruppen gedacht, mit einem vielseitigen und klaren Design.<\/li>\n<li><b>Verf\u00fcgbare Gr\u00f6\u00dfen:<\/b> S, M, L, XL<\/li>\n<\/ul>\n","protected":false},"featured_media":174592,"template":"","meta":{"_acf_changed":false},"product_brand":[],"class_list":{"0":"post-174640","1":"product","2":"type-product","3":"status-publish","4":"has-post-thumbnail","6":"product_cat-cbd-gadgets-zubehor","7":"product_cat-cbd-ol","9":"first","10":"instock","11":"taxable","12":"shipping-taxable","13":"purchasable","14":"product-type-variable"},"acf":[],"yoast_head":"<!-- This site is optimized with the Yoast SEO plugin v26.3 - https:\/\/yoast.com\/wordpress\/plugins\/seo\/ -->\n<title>Oil The Tree CBD T-Shirt \u2013 Limitierte Auflage x Venyason - The Tree CBD<\/title>\n<meta name=\"description\" content=\"Tragen Sie die Kunst, die Ihre Affinit\u00e4t zu CBD und bewusstem Stil repr\u00e4sentiert, mit dem Oil T-Shirt von The Tree CBD by Venyason.\" \/>\n<meta name=\"robots\" content=\"index, follow, max-snippet:-1, max-image-preview:large, max-video-preview:-1\" \/>\n<link rel=\"canonical\" href=\"https:\/\/thetreecbd.com\/de\/cbd\/oil-the-tree-cbd-t-shirt-limitierte-auflage-x-venyason\" \/>\n<meta property=\"og:locale\" content=\"de_DE\" \/>\n<meta property=\"og:type\" content=\"article\" \/>\n<meta property=\"og:title\" content=\"Oil The Tree CBD T-Shirt \u2013 Limitierte Auflage x Venyason - The Tree CBD\" \/>\n<meta property=\"og:description\" content=\"Tragen Sie die Kunst, die Ihre Affinit\u00e4t zu CBD und bewusstem Stil repr\u00e4sentiert, mit dem Oil T-Shirt von The Tree CBD by Venyason.\" \/>\n<meta property=\"og:url\" content=\"https:\/\/thetreecbd.com\/de\/cbd\/oil-the-tree-cbd-t-shirt-limitierte-auflage-x-venyason\" \/>\n<meta property=\"og:site_name\" content=\"The Tree CBD\" \/>\n<meta property=\"article:publisher\" content=\"https:\/\/www.facebook.com\/thetreeCBD\/\" \/>\n<meta property=\"article:modified_time\" content=\"2025-08-07T14:31:02+00:00\" \/>\n<meta property=\"og:image\" content=\"https:\/\/thetreecbd.com\/wp-content\/uploads\/2025\/08\/oil1.jpg\" \/>\n\t<meta property=\"og:image:width\" content=\"1080\" \/>\n\t<meta property=\"og:image:height\" content=\"1350\" \/>\n\t<meta property=\"og:image:type\" content=\"image\/jpeg\" \/>\n<meta name=\"twitter:card\" content=\"summary_large_image\" \/>\n<meta name=\"twitter:site\" content=\"@TheTreeCBD_EU\" \/>\n<meta name=\"twitter:label1\" content=\"Gesch\u00e4tzte Lesezeit\" \/>\n\t<meta name=\"twitter:data1\" content=\"1\u00a0Minute\" \/>\n<script type=\"application\/ld+json\" class=\"yoast-schema-graph\">{\"@context\":\"https:\/\/schema.org\",\"@graph\":[{\"@type\":[\"WebPage\",\"ItemPage\"],\"@id\":\"https:\/\/thetreecbd.com\/de\/cbd\/oil-the-tree-cbd-t-shirt-limitierte-auflage-x-venyason\",\"url\":\"https:\/\/thetreecbd.com\/de\/cbd\/oil-the-tree-cbd-t-shirt-limitierte-auflage-x-venyason\",\"name\":\"Oil The Tree CBD T-Shirt \u2013 Limitierte Auflage x Venyason - The Tree CBD\",\"isPartOf\":{\"@id\":\"https:\/\/thetreecbd.com\/de#website\"},\"primaryImageOfPage\":{\"@id\":\"https:\/\/thetreecbd.com\/de\/cbd\/oil-the-tree-cbd-t-shirt-limitierte-auflage-x-venyason#primaryimage\"},\"image\":{\"@id\":\"https:\/\/thetreecbd.com\/de\/cbd\/oil-the-tree-cbd-t-shirt-limitierte-auflage-x-venyason#primaryimage\"},\"thumbnailUrl\":\"https:\/\/thetreecbd.com\/wp-content\/uploads\/2025\/08\/oil1.jpg\",\"datePublished\":\"2025-08-07T09:29:42+00:00\",\"dateModified\":\"2025-08-07T14:31:02+00:00\",\"description\":\"Tragen Sie die Kunst, die Ihre Affinit\u00e4t zu CBD und bewusstem Stil repr\u00e4sentiert, mit dem Oil T-Shirt von The Tree CBD by Venyason.\",\"breadcrumb\":{\"@id\":\"https:\/\/thetreecbd.com\/de\/cbd\/oil-the-tree-cbd-t-shirt-limitierte-auflage-x-venyason#breadcrumb\"},\"inLanguage\":\"de\",\"potentialAction\":[{\"@type\":\"ReadAction\",\"target\":[\"https:\/\/thetreecbd.com\/de\/cbd\/oil-the-tree-cbd-t-shirt-limitierte-auflage-x-venyason\"]}]},{\"@type\":\"ImageObject\",\"inLanguage\":\"de\",\"@id\":\"https:\/\/thetreecbd.com\/de\/cbd\/oil-the-tree-cbd-t-shirt-limitierte-auflage-x-venyason#primaryimage\",\"url\":\"https:\/\/thetreecbd.com\/wp-content\/uploads\/2025\/08\/oil1.jpg\",\"contentUrl\":\"https:\/\/thetreecbd.com\/wp-content\/uploads\/2025\/08\/oil1.jpg\",\"width\":1080,\"height\":1350},{\"@type\":\"BreadcrumbList\",\"@id\":\"https:\/\/thetreecbd.com\/de\/cbd\/oil-the-tree-cbd-t-shirt-limitierte-auflage-x-venyason#breadcrumb\",\"itemListElement\":[{\"@type\":\"ListItem\",\"position\":1,\"name\":\"The Tree\",\"item\":\"https:\/\/thetreecbd.com\/de\"},{\"@type\":\"ListItem\",\"position\":2,\"name\":\"CBD\",\"item\":\"https:\/\/thetreecbd.com\/es\/cbd\"},{\"@type\":\"ListItem\",\"position\":3,\"name\":\"CBD-Gadgets &amp; Zubeh\u00f6r\",\"item\":\"https:\/\/thetreecbd.com\/de\/cbd-gadgets-zubehor\"},{\"@type\":\"ListItem\",\"position\":4,\"name\":\"Oil The Tree CBD T-Shirt \u2013 Limitierte Auflage x Venyason\"}]},{\"@type\":\"WebSite\",\"@id\":\"https:\/\/thetreecbd.com\/de#website\",\"url\":\"https:\/\/thetreecbd.com\/de\",\"name\":\"The Tree CBD\",\"description\":\"Comprar CBD en Espa\u00f1a Online\",\"publisher\":{\"@id\":\"https:\/\/thetreecbd.com\/de#organization\"},\"potentialAction\":[{\"@type\":\"SearchAction\",\"target\":{\"@type\":\"EntryPoint\",\"urlTemplate\":\"https:\/\/thetreecbd.com\/de?s={search_term_string}\"},\"query-input\":{\"@type\":\"PropertyValueSpecification\",\"valueRequired\":true,\"valueName\":\"search_term_string\"}}],\"inLanguage\":\"de\"},{\"@type\":\"Organization\",\"@id\":\"https:\/\/thetreecbd.com\/de#organization\",\"name\":\"The Tree CBD\",\"url\":\"https:\/\/thetreecbd.com\/de\",\"logo\":{\"@type\":\"ImageObject\",\"inLanguage\":\"de\",\"@id\":\"https:\/\/thetreecbd.com\/de#\/schema\/logo\/image\/\",\"url\":\"https:\/\/thetreecbd.com\/wp-content\/uploads\/2022\/04\/logo-thetree.png\",\"contentUrl\":\"https:\/\/thetreecbd.com\/wp-content\/uploads\/2022\/04\/logo-thetree.png\",\"width\":172,\"height\":55,\"caption\":\"The Tree CBD\"},\"image\":{\"@id\":\"https:\/\/thetreecbd.com\/de#\/schema\/logo\/image\/\"},\"sameAs\":[\"https:\/\/www.facebook.com\/thetreeCBD\/\",\"https:\/\/x.com\/TheTreeCBD_EU\",\"https:\/\/www.instagram.com\/thetree.cbd\/\",\"https:\/\/es.trustpilot.com\/review\/thetreecbd.com\"]}]}<\/script>\n<!-- \/ Yoast SEO plugin. -->","yoast_head_json":{"title":"Oil The Tree CBD T-Shirt \u2013 Limitierte Auflage x Venyason - The Tree CBD","description":"Tragen Sie die Kunst, die Ihre Affinit\u00e4t zu CBD und bewusstem Stil repr\u00e4sentiert, mit dem Oil T-Shirt von The Tree CBD by Venyason.","robots":{"index":"index","follow":"follow","max-snippet":"max-snippet:-1","max-image-preview":"max-image-preview:large","max-video-preview":"max-video-preview:-1"},"canonical":"https:\/\/thetreecbd.com\/de\/cbd\/oil-the-tree-cbd-t-shirt-limitierte-auflage-x-venyason","og_locale":"de_DE","og_type":"article","og_title":"Oil The Tree CBD T-Shirt \u2013 Limitierte Auflage x Venyason - The Tree CBD","og_description":"Tragen Sie die Kunst, die Ihre Affinit\u00e4t zu CBD und bewusstem Stil repr\u00e4sentiert, mit dem Oil T-Shirt von The Tree CBD by Venyason.","og_url":"https:\/\/thetreecbd.com\/de\/cbd\/oil-the-tree-cbd-t-shirt-limitierte-auflage-x-venyason","og_site_name":"The Tree CBD","article_publisher":"https:\/\/www.facebook.com\/thetreeCBD\/","article_modified_time":"2025-08-07T14:31:02+00:00","og_image":[{"width":1080,"height":1350,"url":"https:\/\/thetreecbd.com\/wp-content\/uploads\/2025\/08\/oil1.jpg","type":"image\/jpeg"}],"twitter_card":"summary_large_image","twitter_site":"@TheTreeCBD_EU","twitter_misc":{"Gesch\u00e4tzte Lesezeit":"1\u00a0Minute"},"schema":{"@context":"https:\/\/schema.org","@graph":[{"@type":["WebPage","ItemPage"],"@id":"https:\/\/thetreecbd.com\/de\/cbd\/oil-the-tree-cbd-t-shirt-limitierte-auflage-x-venyason","url":"https:\/\/thetreecbd.com\/de\/cbd\/oil-the-tree-cbd-t-shirt-limitierte-auflage-x-venyason","name":"Oil The Tree CBD T-Shirt \u2013 Limitierte Auflage x Venyason - The Tree CBD","isPartOf":{"@id":"https:\/\/thetreecbd.com\/de#website"},"primaryImageOfPage":{"@id":"https:\/\/thetreecbd.com\/de\/cbd\/oil-the-tree-cbd-t-shirt-limitierte-auflage-x-venyason#primaryimage"},"image":{"@id":"https:\/\/thetreecbd.com\/de\/cbd\/oil-the-tree-cbd-t-shirt-limitierte-auflage-x-venyason#primaryimage"},"thumbnailUrl":"https:\/\/thetreecbd.com\/wp-content\/uploads\/2025\/08\/oil1.jpg","datePublished":"2025-08-07T09:29:42+00:00","dateModified":"2025-08-07T14:31:02+00:00","description":"Tragen Sie die Kunst, die Ihre Affinit\u00e4t zu CBD und bewusstem Stil repr\u00e4sentiert, mit dem Oil T-Shirt von The Tree CBD by Venyason.","breadcrumb":{"@id":"https:\/\/thetreecbd.com\/de\/cbd\/oil-the-tree-cbd-t-shirt-limitierte-auflage-x-venyason#breadcrumb"},"inLanguage":"de","potentialAction":[{"@type":"ReadAction","target":["https:\/\/thetreecbd.com\/de\/cbd\/oil-the-tree-cbd-t-shirt-limitierte-auflage-x-venyason"]}]},{"@type":"ImageObject","inLanguage":"de","@id":"https:\/\/thetreecbd.com\/de\/cbd\/oil-the-tree-cbd-t-shirt-limitierte-auflage-x-venyason#primaryimage","url":"https:\/\/thetreecbd.com\/wp-content\/uploads\/2025\/08\/oil1.jpg","contentUrl":"https:\/\/thetreecbd.com\/wp-content\/uploads\/2025\/08\/oil1.jpg","width":1080,"height":1350},{"@type":"BreadcrumbList","@id":"https:\/\/thetreecbd.com\/de\/cbd\/oil-the-tree-cbd-t-shirt-limitierte-auflage-x-venyason#breadcrumb","itemListElement":[{"@type":"ListItem","position":1,"name":"The Tree","item":"https:\/\/thetreecbd.com\/de"},{"@type":"ListItem","position":2,"name":"CBD","item":"https:\/\/thetreecbd.com\/es\/cbd"},{"@type":"ListItem","position":3,"name":"CBD-Gadgets &amp; Zubeh\u00f6r","item":"https:\/\/thetreecbd.com\/de\/cbd-gadgets-zubehor"},{"@type":"ListItem","position":4,"name":"Oil The Tree CBD T-Shirt \u2013 Limitierte Auflage x Venyason"}]},{"@type":"WebSite","@id":"https:\/\/thetreecbd.com\/de#website","url":"https:\/\/thetreecbd.com\/de","name":"The Tree CBD","description":"Comprar CBD en Espa\u00f1a Online","publisher":{"@id":"https:\/\/thetreecbd.com\/de#organization"},"potentialAction":[{"@type":"SearchAction","target":{"@type":"EntryPoint","urlTemplate":"https:\/\/thetreecbd.com\/de?s={search_term_string}"},"query-input":{"@type":"PropertyValueSpecification","valueRequired":true,"valueName":"search_term_string"}}],"inLanguage":"de"},{"@type":"Organization","@id":"https:\/\/thetreecbd.com\/de#organization","name":"The Tree CBD","url":"https:\/\/thetreecbd.com\/de","logo":{"@type":"ImageObject","inLanguage":"de","@id":"https:\/\/thetreecbd.com\/de#\/schema\/logo\/image\/","url":"https:\/\/thetreecbd.com\/wp-content\/uploads\/2022\/04\/logo-thetree.png","contentUrl":"https:\/\/thetreecbd.com\/wp-content\/uploads\/2022\/04\/logo-thetree.png","width":172,"height":55,"caption":"The Tree CBD"},"image":{"@id":"https:\/\/thetreecbd.com\/de#\/schema\/logo\/image\/"},"sameAs":["https:\/\/www.facebook.com\/thetreeCBD\/","https:\/\/x.com\/TheTreeCBD_EU","https:\/\/www.instagram.com\/thetree.cbd\/","https:\/\/es.trustpilot.com\/review\/thetreecbd.com"]}]}},"_links":{"self":[{"href":"https:\/\/thetreecbd.com\/de\/wp-json\/wp\/v2\/product\/174640","targetHints":{"allow":["GET"]}}],"collection":[{"href":"https:\/\/thetreecbd.com\/de\/wp-json\/wp\/v2\/product"}],"about":[{"href":"https:\/\/thetreecbd.com\/de\/wp-json\/wp\/v2\/types\/product"}],"version-history":[{"count":0,"href":"https:\/\/thetreecbd.com\/de\/wp-json\/wp\/v2\/product\/174640\/revisions"}],"wp:featuredmedia":[{"embeddable":true,"href":"https:\/\/thetreecbd.com\/de\/wp-json\/wp\/v2\/media\/174592"}],"wp:attachment":[{"href":"https:\/\/thetreecbd.com\/de\/wp-json\/wp\/v2\/media?parent=174640"}],"wp:term":[{"taxonomy":"product_brand","embeddable":true,"href":"https:\/\/thetreecbd.com\/de\/wp-json\/wp\/v2\/product_brand?post=174640"}],"curies":[{"name":"wp","href":"https:\/\/api.w.org\/{rel}","templated":true}]}}