{"id":174713,"date":"2025-08-07T11:37:44","date_gmt":"2025-08-07T09:37:44","guid":{"rendered":"https:\/\/thetreecbd.com\/?post_type=product&#038;p=174713"},"modified":"2025-08-07T16:24:37","modified_gmt":"2025-08-07T14:24:37","slug":"the-tree-cbd-t-shirt-limitierte-auflage-by-venyason","status":"publish","type":"product","link":"https:\/\/thetreecbd.com\/de\/cbd\/the-tree-cbd-t-shirt-limitierte-auflage-by-venyason","title":{"rendered":"The Tree CBD T-Shirt limitierte Auflage by Venyason"},"content":{"rendered":"<h2>Das Symbol unserer Essenz, umgesetzt in Textilkunst.<\/h2>\n<p>Das <b>The Tree CBD T-Shirt<\/b> ist ein exklusives St\u00fcck, das die Identit\u00e4t unserer Marke in ihrer reinsten Form einf\u00e4ngt. Entworfen von <b>Venyason<\/b> auf einer <b>Creator 2.0<\/b>-Basis in der Farbe <b>Off White<\/b>, kombiniert dieses T-Shirt Minimalismus, Natur und bewussten Stil. Das R\u00fcckendesign zeigt einen stilisierten Baum, das visuelle Symbol von The Tree CBD, gedruckt im <b>2-Farben-Siebdruck<\/b> mit unseren emblematischen Farben: Dunkelgr\u00fcn und Hellgr\u00fcn.<\/p>\n<p><b>Merkmale des The Tree CBD T-Shirts:<\/b><\/p>\n<ul>\n<li><b>Exklusives Design:<\/b> Das The Tree CBD-Logo auf der Brust und auf dem R\u00fccken eine k\u00fcnstlerische Darstellung unseres Baumes, von Venyason im zweifarbigen Siebdruck erstellt.<\/li>\n<li><b>Medium Fit:<\/b> Ein regul\u00e4rer Unisex-Schnitt, ideal f\u00fcr alle, die ein bequemes, ausgewogenes und vielseitiges T-Shirt suchen.<\/li>\n<li><b>Nachhaltiges Material:<\/b> Hergestellt aus <b>100 % gek\u00e4mmter ringgesponnener Bio-Baumwolle<\/b>, 180 g\/m\u00b2 (<i>Single Jersey<\/i>), vorgewaschen. Weich, langlebig und umweltfreundlich.<\/li>\n<li><b>Unisex-Stil:<\/b> Konzipiert f\u00fcr alle Zielgruppen und Stile, mit einer klaren und repr\u00e4sentativen \u00c4sthetik.<\/li>\n<li><b>Verf\u00fcgbare Gr\u00f6\u00dfen:<\/b> S, M, L, XL<\/li>\n<\/ul>\n<p>Tragen Sie das Emblem von The Tree CBD mit Stolz in einer limitierten Auflage, die von Wurzeln, Wachstum und Gemeinschaft spricht.<\/p>\n<p>Nur erh\u00e4ltlich, solange der Vorrat reicht.<\/p>\n","protected":false},"excerpt":{"rendered":"<ul>\n<li><b>Exklusives Design:<\/b> Das The Tree CBD-Logo auf der Brust und auf dem R\u00fccken eine k\u00fcnstlerische Darstellung unseres Baumes, von Venyason im zweifarbigen Siebdruck erstellt.<\/li>\n<li><b>Medium Fit:<\/b> Ein regul\u00e4rer Unisex-Schnitt, ideal f\u00fcr alle, die ein bequemes, ausgewogenes und vielseitiges T-Shirt suchen.<\/li>\n<li><b>Nachhaltiges Material:<\/b> Hergestellt aus <b>100 % gek\u00e4mmter ringgesponnener Bio-Baumwolle<\/b>, 180 g\/m\u00b2 (<i>Single Jersey<\/i>), vorgewaschen. Weich, langlebig und umweltfreundlich.<\/li>\n<li><b>Unisex-Stil:<\/b> Konzipiert f\u00fcr alle Zielgruppen und Stile, mit einer klaren und repr\u00e4sentativen \u00c4sthetik.<\/li>\n<li><b>Verf\u00fcgbare Gr\u00f6\u00dfen:<\/b> S, M, L, XL<\/li>\n<\/ul>\n","protected":false},"featured_media":174657,"template":"","meta":{"_acf_changed":false},"product_brand":[],"class_list":{"0":"post-174713","1":"product","2":"type-product","3":"status-publish","4":"has-post-thumbnail","6":"product_cat-cbd-gadgets-zubehor","8":"first","9":"instock","10":"taxable","11":"shipping-taxable","12":"purchasable","13":"product-type-variable"},"acf":[],"yoast_head":"<!-- This site is optimized with the Yoast SEO plugin v26.3 - https:\/\/yoast.com\/wordpress\/plugins\/seo\/ -->\n<title>The Tree CBD T-Shirt limitierte Auflage by Venyason - The Tree CBD<\/title>\n<meta name=\"description\" content=\"The Tree CBD T-Shirt: Tragen Sie das Emblem von The Tree CBD mit Stolz in einer limitierten Auflage, die von Wurzeln, Wachstum und Gemeinschaft spricht.\" \/>\n<meta name=\"robots\" content=\"index, follow, max-snippet:-1, max-image-preview:large, max-video-preview:-1\" \/>\n<link rel=\"canonical\" href=\"https:\/\/thetreecbd.com\/de\/cbd\/the-tree-cbd-t-shirt-limitierte-auflage-by-venyason\" \/>\n<meta property=\"og:locale\" content=\"de_DE\" \/>\n<meta property=\"og:type\" content=\"article\" \/>\n<meta property=\"og:title\" content=\"The Tree CBD T-Shirt limitierte Auflage by Venyason - The Tree CBD\" \/>\n<meta property=\"og:description\" content=\"The Tree CBD T-Shirt: Tragen Sie das Emblem von The Tree CBD mit Stolz in einer limitierten Auflage, die von Wurzeln, Wachstum und Gemeinschaft spricht.\" \/>\n<meta property=\"og:url\" content=\"https:\/\/thetreecbd.com\/de\/cbd\/the-tree-cbd-t-shirt-limitierte-auflage-by-venyason\" \/>\n<meta property=\"og:site_name\" content=\"The Tree CBD\" \/>\n<meta property=\"article:publisher\" content=\"https:\/\/www.facebook.com\/thetreeCBD\/\" \/>\n<meta property=\"article:modified_time\" content=\"2025-08-07T14:24:37+00:00\" \/>\n<meta property=\"og:image\" content=\"https:\/\/thetreecbd.com\/wp-content\/uploads\/2025\/08\/tree1.jpg\" \/>\n\t<meta property=\"og:image:width\" content=\"1080\" \/>\n\t<meta property=\"og:image:height\" content=\"1350\" \/>\n\t<meta property=\"og:image:type\" content=\"image\/jpeg\" \/>\n<meta name=\"twitter:card\" content=\"summary_large_image\" \/>\n<meta name=\"twitter:site\" content=\"@TheTreeCBD_EU\" \/>\n<meta name=\"twitter:label1\" content=\"Gesch\u00e4tzte Lesezeit\" \/>\n\t<meta name=\"twitter:data1\" content=\"1\u00a0Minute\" \/>\n<script type=\"application\/ld+json\" class=\"yoast-schema-graph\">{\"@context\":\"https:\/\/schema.org\",\"@graph\":[{\"@type\":[\"WebPage\",\"ItemPage\"],\"@id\":\"https:\/\/thetreecbd.com\/de\/cbd\/the-tree-cbd-t-shirt-limitierte-auflage-by-venyason\",\"url\":\"https:\/\/thetreecbd.com\/de\/cbd\/the-tree-cbd-t-shirt-limitierte-auflage-by-venyason\",\"name\":\"The Tree CBD T-Shirt limitierte Auflage by Venyason - The Tree CBD\",\"isPartOf\":{\"@id\":\"https:\/\/thetreecbd.com\/de#website\"},\"primaryImageOfPage\":{\"@id\":\"https:\/\/thetreecbd.com\/de\/cbd\/the-tree-cbd-t-shirt-limitierte-auflage-by-venyason#primaryimage\"},\"image\":{\"@id\":\"https:\/\/thetreecbd.com\/de\/cbd\/the-tree-cbd-t-shirt-limitierte-auflage-by-venyason#primaryimage\"},\"thumbnailUrl\":\"https:\/\/thetreecbd.com\/wp-content\/uploads\/2025\/08\/tree1.jpg\",\"datePublished\":\"2025-08-07T09:37:44+00:00\",\"dateModified\":\"2025-08-07T14:24:37+00:00\",\"description\":\"The Tree CBD T-Shirt: Tragen Sie das Emblem von The Tree CBD mit Stolz in einer limitierten Auflage, die von Wurzeln, Wachstum und Gemeinschaft spricht.\",\"breadcrumb\":{\"@id\":\"https:\/\/thetreecbd.com\/de\/cbd\/the-tree-cbd-t-shirt-limitierte-auflage-by-venyason#breadcrumb\"},\"inLanguage\":\"de\",\"potentialAction\":[{\"@type\":\"ReadAction\",\"target\":[\"https:\/\/thetreecbd.com\/de\/cbd\/the-tree-cbd-t-shirt-limitierte-auflage-by-venyason\"]}]},{\"@type\":\"ImageObject\",\"inLanguage\":\"de\",\"@id\":\"https:\/\/thetreecbd.com\/de\/cbd\/the-tree-cbd-t-shirt-limitierte-auflage-by-venyason#primaryimage\",\"url\":\"https:\/\/thetreecbd.com\/wp-content\/uploads\/2025\/08\/tree1.jpg\",\"contentUrl\":\"https:\/\/thetreecbd.com\/wp-content\/uploads\/2025\/08\/tree1.jpg\",\"width\":1080,\"height\":1350},{\"@type\":\"BreadcrumbList\",\"@id\":\"https:\/\/thetreecbd.com\/de\/cbd\/the-tree-cbd-t-shirt-limitierte-auflage-by-venyason#breadcrumb\",\"itemListElement\":[{\"@type\":\"ListItem\",\"position\":1,\"name\":\"The Tree\",\"item\":\"https:\/\/thetreecbd.com\/de\"},{\"@type\":\"ListItem\",\"position\":2,\"name\":\"CBD\",\"item\":\"https:\/\/thetreecbd.com\/es\/cbd\"},{\"@type\":\"ListItem\",\"position\":3,\"name\":\"CBD-\u00d6l\",\"item\":\"https:\/\/thetreecbd.com\/de\/cbd-ol\"},{\"@type\":\"ListItem\",\"position\":4,\"name\":\"Vollspektrum-CBD-\u00d6l\",\"item\":\"https:\/\/thetreecbd.com\/de\/cbd-ol\/vollspektrum\"},{\"@type\":\"ListItem\",\"position\":5,\"name\":\"The Tree CBD T-Shirt limitierte Auflage by Venyason\"}]},{\"@type\":\"WebSite\",\"@id\":\"https:\/\/thetreecbd.com\/de#website\",\"url\":\"https:\/\/thetreecbd.com\/de\",\"name\":\"The Tree CBD\",\"description\":\"Comprar CBD en Espa\u00f1a Online\",\"publisher\":{\"@id\":\"https:\/\/thetreecbd.com\/de#organization\"},\"potentialAction\":[{\"@type\":\"SearchAction\",\"target\":{\"@type\":\"EntryPoint\",\"urlTemplate\":\"https:\/\/thetreecbd.com\/de?s={search_term_string}\"},\"query-input\":{\"@type\":\"PropertyValueSpecification\",\"valueRequired\":true,\"valueName\":\"search_term_string\"}}],\"inLanguage\":\"de\"},{\"@type\":\"Organization\",\"@id\":\"https:\/\/thetreecbd.com\/de#organization\",\"name\":\"The Tree CBD\",\"url\":\"https:\/\/thetreecbd.com\/de\",\"logo\":{\"@type\":\"ImageObject\",\"inLanguage\":\"de\",\"@id\":\"https:\/\/thetreecbd.com\/de#\/schema\/logo\/image\/\",\"url\":\"https:\/\/thetreecbd.com\/wp-content\/uploads\/2022\/04\/logo-thetree.png\",\"contentUrl\":\"https:\/\/thetreecbd.com\/wp-content\/uploads\/2022\/04\/logo-thetree.png\",\"width\":172,\"height\":55,\"caption\":\"The Tree CBD\"},\"image\":{\"@id\":\"https:\/\/thetreecbd.com\/de#\/schema\/logo\/image\/\"},\"sameAs\":[\"https:\/\/www.facebook.com\/thetreeCBD\/\",\"https:\/\/x.com\/TheTreeCBD_EU\",\"https:\/\/www.instagram.com\/thetree.cbd\/\",\"https:\/\/es.trustpilot.com\/review\/thetreecbd.com\"]}]}<\/script>\n<!-- \/ Yoast SEO plugin. -->","yoast_head_json":{"title":"The Tree CBD T-Shirt limitierte Auflage by Venyason - The Tree CBD","description":"The Tree CBD T-Shirt: Tragen Sie das Emblem von The Tree CBD mit Stolz in einer limitierten Auflage, die von Wurzeln, Wachstum und Gemeinschaft spricht.","robots":{"index":"index","follow":"follow","max-snippet":"max-snippet:-1","max-image-preview":"max-image-preview:large","max-video-preview":"max-video-preview:-1"},"canonical":"https:\/\/thetreecbd.com\/de\/cbd\/the-tree-cbd-t-shirt-limitierte-auflage-by-venyason","og_locale":"de_DE","og_type":"article","og_title":"The Tree CBD T-Shirt limitierte Auflage by Venyason - The Tree CBD","og_description":"The Tree CBD T-Shirt: Tragen Sie das Emblem von The Tree CBD mit Stolz in einer limitierten Auflage, die von Wurzeln, Wachstum und Gemeinschaft spricht.","og_url":"https:\/\/thetreecbd.com\/de\/cbd\/the-tree-cbd-t-shirt-limitierte-auflage-by-venyason","og_site_name":"The Tree CBD","article_publisher":"https:\/\/www.facebook.com\/thetreeCBD\/","article_modified_time":"2025-08-07T14:24:37+00:00","og_image":[{"width":1080,"height":1350,"url":"https:\/\/thetreecbd.com\/wp-content\/uploads\/2025\/08\/tree1.jpg","type":"image\/jpeg"}],"twitter_card":"summary_large_image","twitter_site":"@TheTreeCBD_EU","twitter_misc":{"Gesch\u00e4tzte Lesezeit":"1\u00a0Minute"},"schema":{"@context":"https:\/\/schema.org","@graph":[{"@type":["WebPage","ItemPage"],"@id":"https:\/\/thetreecbd.com\/de\/cbd\/the-tree-cbd-t-shirt-limitierte-auflage-by-venyason","url":"https:\/\/thetreecbd.com\/de\/cbd\/the-tree-cbd-t-shirt-limitierte-auflage-by-venyason","name":"The Tree CBD T-Shirt limitierte Auflage by Venyason - The Tree CBD","isPartOf":{"@id":"https:\/\/thetreecbd.com\/de#website"},"primaryImageOfPage":{"@id":"https:\/\/thetreecbd.com\/de\/cbd\/the-tree-cbd-t-shirt-limitierte-auflage-by-venyason#primaryimage"},"image":{"@id":"https:\/\/thetreecbd.com\/de\/cbd\/the-tree-cbd-t-shirt-limitierte-auflage-by-venyason#primaryimage"},"thumbnailUrl":"https:\/\/thetreecbd.com\/wp-content\/uploads\/2025\/08\/tree1.jpg","datePublished":"2025-08-07T09:37:44+00:00","dateModified":"2025-08-07T14:24:37+00:00","description":"The Tree CBD T-Shirt: Tragen Sie das Emblem von The Tree CBD mit Stolz in einer limitierten Auflage, die von Wurzeln, Wachstum und Gemeinschaft spricht.","breadcrumb":{"@id":"https:\/\/thetreecbd.com\/de\/cbd\/the-tree-cbd-t-shirt-limitierte-auflage-by-venyason#breadcrumb"},"inLanguage":"de","potentialAction":[{"@type":"ReadAction","target":["https:\/\/thetreecbd.com\/de\/cbd\/the-tree-cbd-t-shirt-limitierte-auflage-by-venyason"]}]},{"@type":"ImageObject","inLanguage":"de","@id":"https:\/\/thetreecbd.com\/de\/cbd\/the-tree-cbd-t-shirt-limitierte-auflage-by-venyason#primaryimage","url":"https:\/\/thetreecbd.com\/wp-content\/uploads\/2025\/08\/tree1.jpg","contentUrl":"https:\/\/thetreecbd.com\/wp-content\/uploads\/2025\/08\/tree1.jpg","width":1080,"height":1350},{"@type":"BreadcrumbList","@id":"https:\/\/thetreecbd.com\/de\/cbd\/the-tree-cbd-t-shirt-limitierte-auflage-by-venyason#breadcrumb","itemListElement":[{"@type":"ListItem","position":1,"name":"The Tree","item":"https:\/\/thetreecbd.com\/de"},{"@type":"ListItem","position":2,"name":"CBD","item":"https:\/\/thetreecbd.com\/es\/cbd"},{"@type":"ListItem","position":3,"name":"CBD-\u00d6l","item":"https:\/\/thetreecbd.com\/de\/cbd-ol"},{"@type":"ListItem","position":4,"name":"Vollspektrum-CBD-\u00d6l","item":"https:\/\/thetreecbd.com\/de\/cbd-ol\/vollspektrum"},{"@type":"ListItem","position":5,"name":"The Tree CBD T-Shirt limitierte Auflage by Venyason"}]},{"@type":"WebSite","@id":"https:\/\/thetreecbd.com\/de#website","url":"https:\/\/thetreecbd.com\/de","name":"The Tree CBD","description":"Comprar CBD en Espa\u00f1a Online","publisher":{"@id":"https:\/\/thetreecbd.com\/de#organization"},"potentialAction":[{"@type":"SearchAction","target":{"@type":"EntryPoint","urlTemplate":"https:\/\/thetreecbd.com\/de?s={search_term_string}"},"query-input":{"@type":"PropertyValueSpecification","valueRequired":true,"valueName":"search_term_string"}}],"inLanguage":"de"},{"@type":"Organization","@id":"https:\/\/thetreecbd.com\/de#organization","name":"The Tree CBD","url":"https:\/\/thetreecbd.com\/de","logo":{"@type":"ImageObject","inLanguage":"de","@id":"https:\/\/thetreecbd.com\/de#\/schema\/logo\/image\/","url":"https:\/\/thetreecbd.com\/wp-content\/uploads\/2022\/04\/logo-thetree.png","contentUrl":"https:\/\/thetreecbd.com\/wp-content\/uploads\/2022\/04\/logo-thetree.png","width":172,"height":55,"caption":"The Tree CBD"},"image":{"@id":"https:\/\/thetreecbd.com\/de#\/schema\/logo\/image\/"},"sameAs":["https:\/\/www.facebook.com\/thetreeCBD\/","https:\/\/x.com\/TheTreeCBD_EU","https:\/\/www.instagram.com\/thetree.cbd\/","https:\/\/es.trustpilot.com\/review\/thetreecbd.com"]}]}},"_links":{"self":[{"href":"https:\/\/thetreecbd.com\/de\/wp-json\/wp\/v2\/product\/174713","targetHints":{"allow":["GET"]}}],"collection":[{"href":"https:\/\/thetreecbd.com\/de\/wp-json\/wp\/v2\/product"}],"about":[{"href":"https:\/\/thetreecbd.com\/de\/wp-json\/wp\/v2\/types\/product"}],"version-history":[{"count":0,"href":"https:\/\/thetreecbd.com\/de\/wp-json\/wp\/v2\/product\/174713\/revisions"}],"wp:featuredmedia":[{"embeddable":true,"href":"https:\/\/thetreecbd.com\/de\/wp-json\/wp\/v2\/media\/174657"}],"wp:attachment":[{"href":"https:\/\/thetreecbd.com\/de\/wp-json\/wp\/v2\/media?parent=174713"}],"wp:term":[{"taxonomy":"product_brand","embeddable":true,"href":"https:\/\/thetreecbd.com\/de\/wp-json\/wp\/v2\/product_brand?post=174713"}],"curies":[{"name":"wp","href":"https:\/\/api.w.org\/{rel}","templated":true}]}}