{"id":176614,"date":"2020-04-22T10:08:25","date_gmt":"2020-04-22T08:08:25","guid":{"rendered":"https:\/\/thetreecbd.com\/cbd\/cbd-pre-rolls"},"modified":"2026-05-08T16:27:30","modified_gmt":"2026-05-08T14:27:30","slug":"cbd-pre-rolls","status":"publish","type":"product","link":"https:\/\/thetreecbd.com\/de\/cbd\/cbd-pre-rolls","title":{"rendered":"CBD Pre-Rolls"},"content":{"rendered":"<p>F\u00fcr diejenigen, die nicht warten wollen, bietet The Tree CBD die schnellste Art, CBD-Bl\u00fcten zu genie\u00dfen: die <b>CBD Pre-Rolls<\/b>. Die, die wir anbieten, sind Vollspektrum-Produkte. Sie sind mit unserem Hanf in seiner nat\u00fcrlichsten Form und mit einer perfekten Kombination aus Top-Trim und gemahlenen <b>CBD-Buds<\/b> gef\u00fcllt.<\/p>\n<p>Jeder Pre-Roll, der aus rein nat\u00fcrlichem Hanf hergestellt wird, enth\u00e4lt ungef\u00e4hr 150 mg CBD. Au\u00dferdem wird er aus dem hochwertigsten CBD hergestellt, das die Natur zu bieten hat. Er ist von Dritten im Labor getestet, GMP-zertifiziert, frei von Zusatzstoffen und handverpackt.<\/p>\n<p>Hergestellt aus unseren 100% hochwertigen CBD-Bl\u00fcten, sind diese <b>Hanfbl\u00fcten-CBD-Pre-Rolls<\/b> der perfekte Weg, eine exquisite Mischung unserer meistverkauften Hanfsorten zu genie\u00dfen, darunter: <b>Amnesia<\/b>, <b>Strawberry<\/b>, <b>Lemon<\/b>, <b>Pistachio<\/b>, <b>Haze<\/b>, <b>Orange Cookies<\/b>, <b>OG Kush<\/b>, <b>Sundae Driver<\/b> und <b>Gelato<\/b>.<\/p>\n<p>Zus\u00e4tzlich wird jedes dieser Produkte mit Bio-Hanfpapier hergestellt und verf\u00fcgt \u00fcber einen hochwertigen Filter\/ein Mundst\u00fcck, um das sanfteste Raucherlebnis zu gew\u00e4hrleisten.<\/p>\n<p>Au\u00dferdem, egal ob du gerne in Gesellschaft oder allein rauchst, ist das Produkt, das wir anbieten, eine der beliebtesten Arten, Cannabis zu konsumieren. Die meisten Konsumenten kennen die THC-dominanten Pre-Rolls, aber diejenigen, die CBD enthalten, beginnen, die Cannabis-Industrie im Sturm zu erobern.<\/p>\n<p>The Tree CBD bietet die schnellste Methode zur CBD-Lieferung als nat\u00fcrliche, nikotin- und tabakfreie Alternative, perfekt, um sie zu genie\u00dfen, wenn du eine Pause oder sofortige Ruhe brauchst.<\/p>\n<p>&nbsp;<\/p>\n<h4>Eigenschaften der CBD Pre-Rolls<\/h4>\n<p>&nbsp;<\/p>\n<ul>\n<li>Pre-Rolls aus CBD-Bl\u00fcten<\/li>\n<li>Enth\u00e4lt keinen Tabak oder Nikotin<\/li>\n<li>Weniger als 0,19 % <b>THC<\/b><\/li>\n<li>20 % bis 23 % <b>CBD<\/b><\/li>\n<li>Keine psychoaktiven Effekte<\/li>\n<li>Biologisch angebaut<\/li>\n<li>GMO-frei<\/li>\n<li>Frei von Pestiziden<\/li>\n<\/ul>\n<p>&nbsp;<\/p>\n<h4>Aroma der CBD Pre-Rolls<\/h4>\n<p>&nbsp;<\/p>\n<p>Terpene finden sich in den meisten \u00e4therischen \u00d6len vieler Pflanzen, Blumen und Fr\u00fcchte und sind f\u00fcr Geruch und Geschmack verantwortlich. In Cannabis k\u00f6nnen wir ein breites Profil an Terpenen finden.<\/p>\n<p>Die Terpene, die du in den aromatischen Cones finden kannst, sind eine Mischung aus Terpenen, die von unserem Team bei der Erstellung des Trim-Mixes zum Bef\u00fcllen der Cones ausgew\u00e4hlt wurden.<\/p>\n<p>&nbsp;<\/p>\n<h4>Zielgruppe<\/h4>\n<p>&nbsp;<\/p>\n<p>Die CBD Pre-Rolls sind ideal f\u00fcr jene K\u00e4ufer, die die gewohnte Qualit\u00e4t zu einem niedrigeren Preis suchen.<\/p>\n<p>Da es sich um ein Nebenprodukt oder Verschnitt handelt, erm\u00f6glichen diese aromatischen Cones den Zugang zu einem Mix aus Top-Sorten zu einem sehr reduzierten Preis, wobei jedoch stets die gleiche Qualit\u00e4t von The Tree CBD erhalten bleibt.<\/p>\n<p>&nbsp;<\/p>\n<h4>Sicherheitsinformationen<\/h4>\n<p>&nbsp;<\/p>\n<p>Bitte beachte, dass die CBD Pre-Rolls von The Tree CBD ein dekoratives, Sammler- und Aromaprodukt sind. Sie sollten nicht w\u00e4hrend der Schwangerschaft oder Stillzeit verwendet werden. Au\u00dferhalb der Reichweite von Kindern aufbewahren.<\/p>\n<p>Unsere CBD Pre-Rolls k\u00f6nnen eine gewisse Menge an THC enthalten. Dies liegt nat\u00fcrlich unter dem EU-Grenzwert von 0,2 % THC.<\/p>\n<p>Der bereitgestellte Inhalt dient nur zu Informations- und Schulungszwecken und ersetzt in keiner Weise eine medizinische Beratung durch einen Arzt oder Apotheker. Unsere Texte sind nicht zur eigenst\u00e4ndigen Diagnose und Behandlung von Krankheiten bestimmt.<\/p>\n<p>Z\u00f6gere nicht, uns bei weiteren Fragen zu kontaktieren.<\/p>\n<p>&nbsp;<\/p>\n<h4>Lagerung<\/h4>\n<p>&nbsp;<\/p>\n<p>Idealerweise sollten die CBD-Buds von The Tree an einem k\u00fchlen, trockenen Ort gelagert werden, gesch\u00fctzt vor Licht und starken Ger\u00fcchen, um jegliche Art von Kontamination und\/oder Degradation zu vermeiden. Direkte Sonneneinstrahlung und Hitze vermeiden.<\/p>\n<p><b>Achtung<\/b>: Die angegebene Haltbarkeit betr\u00e4gt bei korrekter Lagerung einen Monat.<\/p>\n","protected":false},"excerpt":{"rendered":"<ul>\n<li>Pre-Rolls aus CBD-Bl\u00fcten<\/li>\n<li>Enth\u00e4lt keinen Tabak oder Nikotin<\/li>\n<li>Weniger als 0,19 % <b>THC<\/b><\/li>\n<li>20 % bis 23 % <b>CBD<\/b><\/li>\n<li>Keine psychoaktiven Effekte<\/li>\n<li>Biologisch angebaut<\/li>\n<li>GMO-frei<\/li>\n<li>Frei von Pestiziden<\/li>\n<\/ul>\n","protected":false},"featured_media":183374,"template":"","meta":{"_acf_changed":false},"product_brand":[],"class_list":{"0":"post-176614","1":"product","2":"type-product","3":"status-publish","4":"has-post-thumbnail","6":"product_cat-bluten","7":"product_cat-pre-rolls-de","8":"product_cat-produkte-mit-10-cbd","10":"first","11":"outofstock","12":"taxable","13":"shipping-taxable","14":"purchasable","15":"product-type-variable","16":"has-default-attributes"},"acf":[],"yoast_head":"<!-- This site is optimized with the Yoast SEO plugin v26.3 - https:\/\/yoast.com\/wordpress\/plugins\/seo\/ -->\n<title>CBD Pre-Rolls | The Tree CBD<\/title>\n<meta name=\"description\" content=\"Die CBD Pre-Rolls bieten die schnellste Methode, um CBD zu sich zu nehmen, als nat\u00fcrliche, nikotin- und tabakfreie Alternative.\" \/>\n<meta name=\"robots\" content=\"index, follow, max-snippet:-1, max-image-preview:large, max-video-preview:-1\" \/>\n<link rel=\"canonical\" href=\"https:\/\/thetreecbd.com\/de\/cbd\/cbd-pre-rolls\" \/>\n<meta property=\"og:locale\" content=\"de_DE\" \/>\n<meta property=\"og:type\" content=\"article\" \/>\n<meta property=\"og:title\" content=\"CBD Pre-Rolls | The Tree CBD\" \/>\n<meta property=\"og:description\" content=\"Die CBD Pre-Rolls bieten die schnellste Methode, um CBD zu sich zu nehmen, als nat\u00fcrliche, nikotin- und tabakfreie Alternative.\" \/>\n<meta property=\"og:url\" content=\"https:\/\/thetreecbd.com\/de\/cbd\/cbd-pre-rolls\" \/>\n<meta property=\"og:site_name\" content=\"The Tree CBD\" \/>\n<meta property=\"article:publisher\" content=\"https:\/\/www.facebook.com\/thetreeCBD\/\" \/>\n<meta property=\"article:modified_time\" content=\"2026-05-08T14:27:30+00:00\" \/>\n<meta property=\"og:image\" content=\"https:\/\/thetreecbd.com\/wp-content\/uploads\/2020\/04\/2preroll-thetreecbd-web.jpg\" \/>\n\t<meta property=\"og:image:width\" content=\"1080\" \/>\n\t<meta property=\"og:image:height\" content=\"1350\" \/>\n\t<meta property=\"og:image:type\" content=\"image\/jpeg\" \/>\n<meta name=\"twitter:card\" content=\"summary_large_image\" \/>\n<meta name=\"twitter:site\" content=\"@TheTreeCBD_EU\" \/>\n<meta name=\"twitter:label1\" content=\"Gesch\u00e4tzte Lesezeit\" \/>\n\t<meta name=\"twitter:data1\" content=\"3\u00a0Minuten\" \/>\n<script type=\"application\/ld+json\" class=\"yoast-schema-graph\">{\"@context\":\"https:\/\/schema.org\",\"@graph\":[{\"@type\":[\"WebPage\",\"ItemPage\"],\"@id\":\"https:\/\/thetreecbd.com\/de\/cbd\/cbd-pre-rolls\",\"url\":\"https:\/\/thetreecbd.com\/de\/cbd\/cbd-pre-rolls\",\"name\":\"CBD Pre-Rolls | The Tree CBD\",\"isPartOf\":{\"@id\":\"https:\/\/thetreecbd.com\/de#website\"},\"primaryImageOfPage\":{\"@id\":\"https:\/\/thetreecbd.com\/de\/cbd\/cbd-pre-rolls#primaryimage\"},\"image\":{\"@id\":\"https:\/\/thetreecbd.com\/de\/cbd\/cbd-pre-rolls#primaryimage\"},\"thumbnailUrl\":\"https:\/\/thetreecbd.com\/wp-content\/uploads\/2020\/04\/2preroll-thetreecbd-web.jpg\",\"datePublished\":\"2020-04-22T08:08:25+00:00\",\"dateModified\":\"2026-05-08T14:27:30+00:00\",\"description\":\"Die CBD Pre-Rolls bieten die schnellste Methode, um CBD zu sich zu nehmen, als nat\u00fcrliche, nikotin- und tabakfreie Alternative.\",\"breadcrumb\":{\"@id\":\"https:\/\/thetreecbd.com\/de\/cbd\/cbd-pre-rolls#breadcrumb\"},\"inLanguage\":\"de\",\"potentialAction\":[{\"@type\":\"ReadAction\",\"target\":[\"https:\/\/thetreecbd.com\/de\/cbd\/cbd-pre-rolls\"]}]},{\"@type\":\"ImageObject\",\"inLanguage\":\"de\",\"@id\":\"https:\/\/thetreecbd.com\/de\/cbd\/cbd-pre-rolls#primaryimage\",\"url\":\"https:\/\/thetreecbd.com\/wp-content\/uploads\/2020\/04\/2preroll-thetreecbd-web.jpg\",\"contentUrl\":\"https:\/\/thetreecbd.com\/wp-content\/uploads\/2020\/04\/2preroll-thetreecbd-web.jpg\",\"width\":1080,\"height\":1350},{\"@type\":\"BreadcrumbList\",\"@id\":\"https:\/\/thetreecbd.com\/de\/cbd\/cbd-pre-rolls#breadcrumb\",\"itemListElement\":[{\"@type\":\"ListItem\",\"position\":1,\"name\":\"The Tree\",\"item\":\"https:\/\/thetreecbd.com\/de\"},{\"@type\":\"ListItem\",\"position\":2,\"name\":\"CBD\",\"item\":\"https:\/\/thetreecbd.com\/es\/cbd\"},{\"@type\":\"ListItem\",\"position\":3,\"name\":\"CBD-Bl\u00fcten kaufen\",\"item\":\"https:\/\/thetreecbd.com\/de\/bluten\"},{\"@type\":\"ListItem\",\"position\":4,\"name\":\"CBD Pre-Rolls\"}]},{\"@type\":\"WebSite\",\"@id\":\"https:\/\/thetreecbd.com\/de#website\",\"url\":\"https:\/\/thetreecbd.com\/de\",\"name\":\"The Tree CBD\",\"description\":\"Comprar CBD en Espa\u00f1a Online\",\"publisher\":{\"@id\":\"https:\/\/thetreecbd.com\/de#organization\"},\"potentialAction\":[{\"@type\":\"SearchAction\",\"target\":{\"@type\":\"EntryPoint\",\"urlTemplate\":\"https:\/\/thetreecbd.com\/de?s={search_term_string}\"},\"query-input\":{\"@type\":\"PropertyValueSpecification\",\"valueRequired\":true,\"valueName\":\"search_term_string\"}}],\"inLanguage\":\"de\"},{\"@type\":\"Organization\",\"@id\":\"https:\/\/thetreecbd.com\/de#organization\",\"name\":\"The Tree CBD\",\"url\":\"https:\/\/thetreecbd.com\/de\",\"logo\":{\"@type\":\"ImageObject\",\"inLanguage\":\"de\",\"@id\":\"https:\/\/thetreecbd.com\/de#\/schema\/logo\/image\/\",\"url\":\"https:\/\/thetreecbd.com\/wp-content\/uploads\/2022\/04\/logo-thetree.png\",\"contentUrl\":\"https:\/\/thetreecbd.com\/wp-content\/uploads\/2022\/04\/logo-thetree.png\",\"width\":172,\"height\":55,\"caption\":\"The Tree CBD\"},\"image\":{\"@id\":\"https:\/\/thetreecbd.com\/de#\/schema\/logo\/image\/\"},\"sameAs\":[\"https:\/\/www.facebook.com\/thetreeCBD\/\",\"https:\/\/x.com\/TheTreeCBD_EU\",\"https:\/\/www.instagram.com\/thetree.cbd\/\",\"https:\/\/es.trustpilot.com\/review\/thetreecbd.com\"]}]}<\/script>\n<!-- \/ Yoast SEO plugin. -->","yoast_head_json":{"title":"CBD Pre-Rolls | The Tree CBD","description":"Die CBD Pre-Rolls bieten die schnellste Methode, um CBD zu sich zu nehmen, als nat\u00fcrliche, nikotin- und tabakfreie Alternative.","robots":{"index":"index","follow":"follow","max-snippet":"max-snippet:-1","max-image-preview":"max-image-preview:large","max-video-preview":"max-video-preview:-1"},"canonical":"https:\/\/thetreecbd.com\/de\/cbd\/cbd-pre-rolls","og_locale":"de_DE","og_type":"article","og_title":"CBD Pre-Rolls | The Tree CBD","og_description":"Die CBD Pre-Rolls bieten die schnellste Methode, um CBD zu sich zu nehmen, als nat\u00fcrliche, nikotin- und tabakfreie Alternative.","og_url":"https:\/\/thetreecbd.com\/de\/cbd\/cbd-pre-rolls","og_site_name":"The Tree CBD","article_publisher":"https:\/\/www.facebook.com\/thetreeCBD\/","article_modified_time":"2026-05-08T14:27:30+00:00","og_image":[{"width":1080,"height":1350,"url":"https:\/\/thetreecbd.com\/wp-content\/uploads\/2020\/04\/2preroll-thetreecbd-web.jpg","type":"image\/jpeg"}],"twitter_card":"summary_large_image","twitter_site":"@TheTreeCBD_EU","twitter_misc":{"Gesch\u00e4tzte Lesezeit":"3\u00a0Minuten"},"schema":{"@context":"https:\/\/schema.org","@graph":[{"@type":["WebPage","ItemPage"],"@id":"https:\/\/thetreecbd.com\/de\/cbd\/cbd-pre-rolls","url":"https:\/\/thetreecbd.com\/de\/cbd\/cbd-pre-rolls","name":"CBD Pre-Rolls | The Tree CBD","isPartOf":{"@id":"https:\/\/thetreecbd.com\/de#website"},"primaryImageOfPage":{"@id":"https:\/\/thetreecbd.com\/de\/cbd\/cbd-pre-rolls#primaryimage"},"image":{"@id":"https:\/\/thetreecbd.com\/de\/cbd\/cbd-pre-rolls#primaryimage"},"thumbnailUrl":"https:\/\/thetreecbd.com\/wp-content\/uploads\/2020\/04\/2preroll-thetreecbd-web.jpg","datePublished":"2020-04-22T08:08:25+00:00","dateModified":"2026-05-08T14:27:30+00:00","description":"Die CBD Pre-Rolls bieten die schnellste Methode, um CBD zu sich zu nehmen, als nat\u00fcrliche, nikotin- und tabakfreie Alternative.","breadcrumb":{"@id":"https:\/\/thetreecbd.com\/de\/cbd\/cbd-pre-rolls#breadcrumb"},"inLanguage":"de","potentialAction":[{"@type":"ReadAction","target":["https:\/\/thetreecbd.com\/de\/cbd\/cbd-pre-rolls"]}]},{"@type":"ImageObject","inLanguage":"de","@id":"https:\/\/thetreecbd.com\/de\/cbd\/cbd-pre-rolls#primaryimage","url":"https:\/\/thetreecbd.com\/wp-content\/uploads\/2020\/04\/2preroll-thetreecbd-web.jpg","contentUrl":"https:\/\/thetreecbd.com\/wp-content\/uploads\/2020\/04\/2preroll-thetreecbd-web.jpg","width":1080,"height":1350},{"@type":"BreadcrumbList","@id":"https:\/\/thetreecbd.com\/de\/cbd\/cbd-pre-rolls#breadcrumb","itemListElement":[{"@type":"ListItem","position":1,"name":"The Tree","item":"https:\/\/thetreecbd.com\/de"},{"@type":"ListItem","position":2,"name":"CBD","item":"https:\/\/thetreecbd.com\/es\/cbd"},{"@type":"ListItem","position":3,"name":"CBD-Bl\u00fcten kaufen","item":"https:\/\/thetreecbd.com\/de\/bluten"},{"@type":"ListItem","position":4,"name":"CBD Pre-Rolls"}]},{"@type":"WebSite","@id":"https:\/\/thetreecbd.com\/de#website","url":"https:\/\/thetreecbd.com\/de","name":"The Tree CBD","description":"Comprar CBD en Espa\u00f1a Online","publisher":{"@id":"https:\/\/thetreecbd.com\/de#organization"},"potentialAction":[{"@type":"SearchAction","target":{"@type":"EntryPoint","urlTemplate":"https:\/\/thetreecbd.com\/de?s={search_term_string}"},"query-input":{"@type":"PropertyValueSpecification","valueRequired":true,"valueName":"search_term_string"}}],"inLanguage":"de"},{"@type":"Organization","@id":"https:\/\/thetreecbd.com\/de#organization","name":"The Tree CBD","url":"https:\/\/thetreecbd.com\/de","logo":{"@type":"ImageObject","inLanguage":"de","@id":"https:\/\/thetreecbd.com\/de#\/schema\/logo\/image\/","url":"https:\/\/thetreecbd.com\/wp-content\/uploads\/2022\/04\/logo-thetree.png","contentUrl":"https:\/\/thetreecbd.com\/wp-content\/uploads\/2022\/04\/logo-thetree.png","width":172,"height":55,"caption":"The Tree CBD"},"image":{"@id":"https:\/\/thetreecbd.com\/de#\/schema\/logo\/image\/"},"sameAs":["https:\/\/www.facebook.com\/thetreeCBD\/","https:\/\/x.com\/TheTreeCBD_EU","https:\/\/www.instagram.com\/thetree.cbd\/","https:\/\/es.trustpilot.com\/review\/thetreecbd.com"]}]}},"_links":{"self":[{"href":"https:\/\/thetreecbd.com\/de\/wp-json\/wp\/v2\/product\/176614","targetHints":{"allow":["GET"]}}],"collection":[{"href":"https:\/\/thetreecbd.com\/de\/wp-json\/wp\/v2\/product"}],"about":[{"href":"https:\/\/thetreecbd.com\/de\/wp-json\/wp\/v2\/types\/product"}],"version-history":[{"count":0,"href":"https:\/\/thetreecbd.com\/de\/wp-json\/wp\/v2\/product\/176614\/revisions"}],"wp:featuredmedia":[{"embeddable":true,"href":"https:\/\/thetreecbd.com\/de\/wp-json\/wp\/v2\/media\/183374"}],"wp:attachment":[{"href":"https:\/\/thetreecbd.com\/de\/wp-json\/wp\/v2\/media?parent=176614"}],"wp:term":[{"taxonomy":"product_brand","embeddable":true,"href":"https:\/\/thetreecbd.com\/de\/wp-json\/wp\/v2\/product_brand?post=176614"}],"curies":[{"name":"wp","href":"https:\/\/api.w.org\/{rel}","templated":true}]}}