{"id":177179,"date":"2025-09-04T12:30:17","date_gmt":"2025-09-04T10:30:17","guid":{"rendered":"https:\/\/thetreecbd.com\/?post_type=product&#038;p=177179"},"modified":"2025-12-02T01:37:48","modified_gmt":"2025-12-02T00:37:48","slug":"special-sauce-cbd","status":"publish","type":"product","link":"https:\/\/thetreecbd.com\/de\/cbd\/special-sauce-cbd","title":{"rendered":"Special Sauce CBD"},"content":{"rendered":"<p>The Tree CBD bringt Ihnen die legalen Marihuana-Bl\u00fcten der Sorte Special Sauce CBD, die zur exklusiven Cali Weed-Linie geh\u00f6ren. Eine ausgew\u00e4hlte Genetik, die sich durch hochwertige Bl\u00fcten mit einem unverwechselbaren Aromaprofil auszeichnet. Die Bl\u00fcten der Special Sauce CBD haben einen intensiven Gr\u00fcnton mit Nuancen, die ihre gute Reifung unterstreichen. Ihre Struktur ist dicht und kompakt, was das Ergebnis einer sorgf\u00e4ltigen Kultivierung und einer optimalen Trocknung ist, die ihren gesamten aromatischen Charakter verst\u00e4rkt.<\/p>\n<p>Ihr Hauptmerkmal liegt in ihrem Terpen- und fruchtigen Geschmack, eine Kombination, die sie zu einer der begehrtesten Sorten f\u00fcr Liebhaber von s\u00fc\u00dfen und frischen Profilen macht. Ein intensives und nat\u00fcrliches Aroma mit Noten, die an reife Fr\u00fcchte erinnern und ein einzigartiges Erlebnis bieten.<\/p>\n<p>Die Special Sauce CBD ist eine ausgewogene Hybride, ideal f\u00fcr diejenigen, die eine entspannende Wirkung suchen, ohne auf positive Energie zu verzichten. Perfekt f\u00fcr Momente der Ruhe oder zum Entspannen.<\/p>\n<p>Diese CBD-Bl\u00fcten stammen aus von der EU ausgew\u00e4hlten Samen und werden im Innenbereich zu 100% nat\u00fcrlich, ohne Pestizide oder Zusatzstoffe angebaut, wodurch die gesamte Reinheit der Pflanze erhalten bleibt. Mit einem CBD-Gehalt zwischen 12% und 14% und weniger als 0,20% THC ist es ein in ganz Europa v\u00f6llig legales Produkt und frei von psychoaktiven Effekten.<\/p>\n<p>&nbsp;<\/p>\n<h2>Eigenschaften von Special Sauce CBD<\/h2>\n<p>&nbsp;<\/p>\n<ul>\n<li>Premium-Hanfbl\u00fcten<\/li>\n<li>Weniger als 0,20% THC<\/li>\n<li>Zwischen 12% und 14% CBD<\/li>\n<li>Hybrid<\/li>\n<li>Frei von psychoaktiven Effekten<\/li>\n<li>Biologisch angebaut<\/li>\n<li>GVO-frei<\/li>\n<li>Pestizidfrei<\/li>\n<\/ul>\n<p>&nbsp;<\/p>\n<h2>Aroma Special Sauce CBD<\/h2>\n<p>&nbsp;<\/p>\n<p>Terpene, die in den meisten Pflanzen und Bl\u00fcten vorkommen, sind f\u00fcr Geruch und Geschmack verantwortlich. Im Fall der Special Sauce CBD zeichnet sich ihr Profil durch ein fruchtiges und frisches Aroma aus, mit s\u00fc\u00dfen Nuancen, die zur Entspannung einladen. Ein wahrer Genuss innerhalb der Cali Weed-Linie.<\/p>\n<p>&nbsp;<\/p>\n<h2>Zielgruppe<\/h2>\n<p>&nbsp;<\/p>\n<p>Bl\u00fcten aus Indoor-Anbau sind f\u00fcr diejenigen, die eine Garantie f\u00fcr Qualit\u00e4t suchen, da der Indoor-Anbau es erm\u00f6glicht, homogene Bl\u00fcten mit einer gr\u00fcnen Farbe und einer hohen CBD-Konzentration zu erzeugen. Der Indoor-Anbau ist zweifellos eine viel technischere Anbaumethode, bei der die Umgebung, in der eine Pflanze w\u00e4chst, kontrolliert werden kann, um die vom Z\u00fcchter bevorzugten Ergebnisse zu erzielen. Es ist die bevorzugte Methode f\u00fcr medizinische Zwecke, da auf diese Weise die Kontrolle von Klima und Licht erreicht werden kann, wodurch das Produkt so weit wie m\u00f6glich standardisiert wird; es sollte nicht vergessen werden, dass die Variabilit\u00e4t in Bezug auf den Prozentsatz an CBD und anderen Cannabinoiden stark von der Umgebung abh\u00e4ngt, in der die Pflanze angebaut wird. Mit einer klimatischen und nutritiven Kontrolle, sowohl in der Wurzelunterst\u00fctzung als auch in den Lichtstunden, stellen wir sicher, dass das Produkt homogen ist und wir immer eine Qualit\u00e4tsgarantie mit Indoor-CBD-Bl\u00fcten erhalten. Aus der Sicht der Verbraucher kann Indoor-Anbau aus den oben genannten Gr\u00fcnden besser sein, n\u00e4mlich der Qualit\u00e4tsgarantie, und Indoor-CBD-Bl\u00fcten sind auch f\u00fcr ihr Aussehen bekannt, das normalerweise harziger und von einer lebhafteren gr\u00fcnen Farbe ist.<\/p>\n<p>&nbsp;<\/p>\n<h2>Sicherheitsinformationen<\/h2>\n<p>&nbsp;<\/p>\n<p>Bitte beachten Sie, dass die CBD-Bl\u00fcten von The Tree ein Dekorations-, Sammler- und Aromaprodukt sind. Sie sollten nicht w\u00e4hrend der Schwangerschaft oder Stillzeit verwendet werden. Au\u00dferhalb der Reichweite von Kindern aufbewahren. Unsere CBD-Bl\u00fcten k\u00f6nnen eine bestimmte Menge an THC enthalten. Dies liegt selbstverst\u00e4ndlich unter dem EU-Grenzwert von 0,2% THC. Der bereitgestellte Inhalt dient ausschlie\u00dflich zu Informations- und Schulungszwecken und ersetzt in keiner Weise die medizinische Beratung durch einen Arzt oder Apotheker. Unsere Texte sind nicht zur unabh\u00e4ngigen Diagnose und Behandlung von Krankheiten bestimmt. Z\u00f6gern Sie nicht, uns bei weiteren Fragen zu kontaktieren.<\/p>\n<p>&nbsp;<\/p>\n<h2>Lagerung<\/h2>\n<p>&nbsp;<\/p>\n<p>Idealerweise sollten die CBD-Bl\u00fcten von The Tree an einem k\u00fchlen und trockenen Ort, gesch\u00fctzt vor Licht und starken Ger\u00fcchen gelagert werden, um jegliche Art von Kontamination und\/oder Abbau zu vermeiden. Direkte Sonneneinstrahlung und Hitze vermeiden.<\/p>\n<p><strong>Achtung<\/strong>: Die angegebene Haltbarkeit betr\u00e4gt bei korrekter Lagerung einen Monat.<\/p>\n","protected":false},"excerpt":{"rendered":"<ul>\n<li>Premium-Hanfbl\u00fcten<\/li>\n<li>Weniger als 0,20% THC<\/li>\n<li>Zwischen 12% und 14% CBD<\/li>\n<li>Hybrid<\/li>\n<li>Frei von psychoaktiven Effekten<\/li>\n<li>Biologisch angebaut<\/li>\n<li>GVO-frei<\/li>\n<li>Pestizidfrei<\/li>\n<\/ul>\n","protected":false},"featured_media":181383,"template":"","meta":{"_acf_changed":false},"product_brand":[],"class_list":{"0":"post-177179","1":"product","2":"type-product","3":"status-publish","4":"has-post-thumbnail","6":"product_cat-black-friday-cbd","7":"product_cat-bluten","8":"product_cat-indoor-bluten","9":"product_cat-produkte-mit-20-cbd","11":"first","12":"instock","13":"taxable","14":"shipping-taxable","15":"purchasable","16":"product-type-variable"},"acf":[],"yoast_head":"<!-- This site is optimized with the Yoast SEO plugin v26.3 - https:\/\/yoast.com\/wordpress\/plugins\/seo\/ -->\n<title>Special Sauce CBD - The Tree CBD<\/title>\n<meta name=\"description\" content=\"Special Sauce, pure Cali-Essenz von The Tree CBD. Ein wahrer Genuss mit einem hohen CBD-Anteil. Probieren Sie es aus!\" \/>\n<meta name=\"robots\" content=\"index, follow, max-snippet:-1, max-image-preview:large, max-video-preview:-1\" \/>\n<link rel=\"canonical\" href=\"https:\/\/thetreecbd.com\/de\/cbd\/special-sauce-cbd\" \/>\n<meta property=\"og:locale\" content=\"de_DE\" \/>\n<meta property=\"og:type\" content=\"article\" \/>\n<meta property=\"og:title\" content=\"Special Sauce CBD - The Tree CBD\" \/>\n<meta property=\"og:description\" content=\"Special Sauce, pure Cali-Essenz von The Tree CBD. Ein wahrer Genuss mit einem hohen CBD-Anteil. Probieren Sie es aus!\" \/>\n<meta property=\"og:url\" content=\"https:\/\/thetreecbd.com\/de\/cbd\/special-sauce-cbd\" \/>\n<meta property=\"og:site_name\" content=\"The Tree CBD\" \/>\n<meta property=\"article:publisher\" content=\"https:\/\/www.facebook.com\/thetreeCBD\/\" \/>\n<meta property=\"article:modified_time\" content=\"2025-12-02T00:37:48+00:00\" \/>\n<meta property=\"og:image\" content=\"https:\/\/thetreecbd.com\/wp-content\/uploads\/2025\/09\/Special-sauce-thetree-web.jpg\" \/>\n\t<meta property=\"og:image:width\" content=\"1080\" \/>\n\t<meta property=\"og:image:height\" content=\"1350\" \/>\n\t<meta property=\"og:image:type\" content=\"image\/jpeg\" \/>\n<meta name=\"twitter:card\" content=\"summary_large_image\" \/>\n<meta name=\"twitter:site\" content=\"@TheTreeCBD_EU\" \/>\n<meta name=\"twitter:label1\" content=\"Gesch\u00e4tzte Lesezeit\" \/>\n\t<meta name=\"twitter:data1\" content=\"3\u00a0Minuten\" \/>\n<script type=\"application\/ld+json\" class=\"yoast-schema-graph\">{\"@context\":\"https:\/\/schema.org\",\"@graph\":[{\"@type\":[\"WebPage\",\"ItemPage\"],\"@id\":\"https:\/\/thetreecbd.com\/de\/cbd\/special-sauce-cbd\",\"url\":\"https:\/\/thetreecbd.com\/de\/cbd\/special-sauce-cbd\",\"name\":\"Special Sauce CBD - The Tree CBD\",\"isPartOf\":{\"@id\":\"https:\/\/thetreecbd.com\/de#website\"},\"primaryImageOfPage\":{\"@id\":\"https:\/\/thetreecbd.com\/de\/cbd\/special-sauce-cbd#primaryimage\"},\"image\":{\"@id\":\"https:\/\/thetreecbd.com\/de\/cbd\/special-sauce-cbd#primaryimage\"},\"thumbnailUrl\":\"https:\/\/thetreecbd.com\/wp-content\/uploads\/2025\/09\/Special-sauce-thetree-web.jpg\",\"datePublished\":\"2025-09-04T10:30:17+00:00\",\"dateModified\":\"2025-12-02T00:37:48+00:00\",\"description\":\"Special Sauce, pure Cali-Essenz von The Tree CBD. Ein wahrer Genuss mit einem hohen CBD-Anteil. Probieren Sie es aus!\",\"breadcrumb\":{\"@id\":\"https:\/\/thetreecbd.com\/de\/cbd\/special-sauce-cbd#breadcrumb\"},\"inLanguage\":\"de\",\"potentialAction\":[{\"@type\":\"ReadAction\",\"target\":[\"https:\/\/thetreecbd.com\/de\/cbd\/special-sauce-cbd\"]}]},{\"@type\":\"ImageObject\",\"inLanguage\":\"de\",\"@id\":\"https:\/\/thetreecbd.com\/de\/cbd\/special-sauce-cbd#primaryimage\",\"url\":\"https:\/\/thetreecbd.com\/wp-content\/uploads\/2025\/09\/Special-sauce-thetree-web.jpg\",\"contentUrl\":\"https:\/\/thetreecbd.com\/wp-content\/uploads\/2025\/09\/Special-sauce-thetree-web.jpg\",\"width\":1080,\"height\":1350},{\"@type\":\"BreadcrumbList\",\"@id\":\"https:\/\/thetreecbd.com\/de\/cbd\/special-sauce-cbd#breadcrumb\",\"itemListElement\":[{\"@type\":\"ListItem\",\"position\":1,\"name\":\"The Tree\",\"item\":\"https:\/\/thetreecbd.com\/de\"},{\"@type\":\"ListItem\",\"position\":2,\"name\":\"CBD\",\"item\":\"https:\/\/thetreecbd.com\/es\/cbd\"},{\"@type\":\"ListItem\",\"position\":3,\"name\":\"CBD-Bl\u00fcten kaufen\",\"item\":\"https:\/\/thetreecbd.com\/de\/bluten\"},{\"@type\":\"ListItem\",\"position\":4,\"name\":\"Indoor-Bl\u00fcten\",\"item\":\"https:\/\/thetreecbd.com\/de\/bluten\/indoor-bluten\"},{\"@type\":\"ListItem\",\"position\":5,\"name\":\"Special Sauce CBD\"}]},{\"@type\":\"WebSite\",\"@id\":\"https:\/\/thetreecbd.com\/de#website\",\"url\":\"https:\/\/thetreecbd.com\/de\",\"name\":\"The Tree CBD\",\"description\":\"Comprar CBD en Espa\u00f1a Online\",\"publisher\":{\"@id\":\"https:\/\/thetreecbd.com\/de#organization\"},\"potentialAction\":[{\"@type\":\"SearchAction\",\"target\":{\"@type\":\"EntryPoint\",\"urlTemplate\":\"https:\/\/thetreecbd.com\/de?s={search_term_string}\"},\"query-input\":{\"@type\":\"PropertyValueSpecification\",\"valueRequired\":true,\"valueName\":\"search_term_string\"}}],\"inLanguage\":\"de\"},{\"@type\":\"Organization\",\"@id\":\"https:\/\/thetreecbd.com\/de#organization\",\"name\":\"The Tree CBD\",\"url\":\"https:\/\/thetreecbd.com\/de\",\"logo\":{\"@type\":\"ImageObject\",\"inLanguage\":\"de\",\"@id\":\"https:\/\/thetreecbd.com\/de#\/schema\/logo\/image\/\",\"url\":\"https:\/\/thetreecbd.com\/wp-content\/uploads\/2022\/04\/logo-thetree.png\",\"contentUrl\":\"https:\/\/thetreecbd.com\/wp-content\/uploads\/2022\/04\/logo-thetree.png\",\"width\":172,\"height\":55,\"caption\":\"The Tree CBD\"},\"image\":{\"@id\":\"https:\/\/thetreecbd.com\/de#\/schema\/logo\/image\/\"},\"sameAs\":[\"https:\/\/www.facebook.com\/thetreeCBD\/\",\"https:\/\/x.com\/TheTreeCBD_EU\",\"https:\/\/www.instagram.com\/thetree.cbd\/\",\"https:\/\/es.trustpilot.com\/review\/thetreecbd.com\"]}]}<\/script>\n<!-- \/ Yoast SEO plugin. -->","yoast_head_json":{"title":"Special Sauce CBD - The Tree CBD","description":"Special Sauce, pure Cali-Essenz von The Tree CBD. Ein wahrer Genuss mit einem hohen CBD-Anteil. Probieren Sie es aus!","robots":{"index":"index","follow":"follow","max-snippet":"max-snippet:-1","max-image-preview":"max-image-preview:large","max-video-preview":"max-video-preview:-1"},"canonical":"https:\/\/thetreecbd.com\/de\/cbd\/special-sauce-cbd","og_locale":"de_DE","og_type":"article","og_title":"Special Sauce CBD - The Tree CBD","og_description":"Special Sauce, pure Cali-Essenz von The Tree CBD. Ein wahrer Genuss mit einem hohen CBD-Anteil. Probieren Sie es aus!","og_url":"https:\/\/thetreecbd.com\/de\/cbd\/special-sauce-cbd","og_site_name":"The Tree CBD","article_publisher":"https:\/\/www.facebook.com\/thetreeCBD\/","article_modified_time":"2025-12-02T00:37:48+00:00","og_image":[{"width":1080,"height":1350,"url":"https:\/\/thetreecbd.com\/wp-content\/uploads\/2025\/09\/Special-sauce-thetree-web.jpg","type":"image\/jpeg"}],"twitter_card":"summary_large_image","twitter_site":"@TheTreeCBD_EU","twitter_misc":{"Gesch\u00e4tzte Lesezeit":"3\u00a0Minuten"},"schema":{"@context":"https:\/\/schema.org","@graph":[{"@type":["WebPage","ItemPage"],"@id":"https:\/\/thetreecbd.com\/de\/cbd\/special-sauce-cbd","url":"https:\/\/thetreecbd.com\/de\/cbd\/special-sauce-cbd","name":"Special Sauce CBD - The Tree CBD","isPartOf":{"@id":"https:\/\/thetreecbd.com\/de#website"},"primaryImageOfPage":{"@id":"https:\/\/thetreecbd.com\/de\/cbd\/special-sauce-cbd#primaryimage"},"image":{"@id":"https:\/\/thetreecbd.com\/de\/cbd\/special-sauce-cbd#primaryimage"},"thumbnailUrl":"https:\/\/thetreecbd.com\/wp-content\/uploads\/2025\/09\/Special-sauce-thetree-web.jpg","datePublished":"2025-09-04T10:30:17+00:00","dateModified":"2025-12-02T00:37:48+00:00","description":"Special Sauce, pure Cali-Essenz von The Tree CBD. Ein wahrer Genuss mit einem hohen CBD-Anteil. Probieren Sie es aus!","breadcrumb":{"@id":"https:\/\/thetreecbd.com\/de\/cbd\/special-sauce-cbd#breadcrumb"},"inLanguage":"de","potentialAction":[{"@type":"ReadAction","target":["https:\/\/thetreecbd.com\/de\/cbd\/special-sauce-cbd"]}]},{"@type":"ImageObject","inLanguage":"de","@id":"https:\/\/thetreecbd.com\/de\/cbd\/special-sauce-cbd#primaryimage","url":"https:\/\/thetreecbd.com\/wp-content\/uploads\/2025\/09\/Special-sauce-thetree-web.jpg","contentUrl":"https:\/\/thetreecbd.com\/wp-content\/uploads\/2025\/09\/Special-sauce-thetree-web.jpg","width":1080,"height":1350},{"@type":"BreadcrumbList","@id":"https:\/\/thetreecbd.com\/de\/cbd\/special-sauce-cbd#breadcrumb","itemListElement":[{"@type":"ListItem","position":1,"name":"The Tree","item":"https:\/\/thetreecbd.com\/de"},{"@type":"ListItem","position":2,"name":"CBD","item":"https:\/\/thetreecbd.com\/es\/cbd"},{"@type":"ListItem","position":3,"name":"CBD-Bl\u00fcten kaufen","item":"https:\/\/thetreecbd.com\/de\/bluten"},{"@type":"ListItem","position":4,"name":"Indoor-Bl\u00fcten","item":"https:\/\/thetreecbd.com\/de\/bluten\/indoor-bluten"},{"@type":"ListItem","position":5,"name":"Special Sauce CBD"}]},{"@type":"WebSite","@id":"https:\/\/thetreecbd.com\/de#website","url":"https:\/\/thetreecbd.com\/de","name":"The Tree CBD","description":"Comprar CBD en Espa\u00f1a Online","publisher":{"@id":"https:\/\/thetreecbd.com\/de#organization"},"potentialAction":[{"@type":"SearchAction","target":{"@type":"EntryPoint","urlTemplate":"https:\/\/thetreecbd.com\/de?s={search_term_string}"},"query-input":{"@type":"PropertyValueSpecification","valueRequired":true,"valueName":"search_term_string"}}],"inLanguage":"de"},{"@type":"Organization","@id":"https:\/\/thetreecbd.com\/de#organization","name":"The Tree CBD","url":"https:\/\/thetreecbd.com\/de","logo":{"@type":"ImageObject","inLanguage":"de","@id":"https:\/\/thetreecbd.com\/de#\/schema\/logo\/image\/","url":"https:\/\/thetreecbd.com\/wp-content\/uploads\/2022\/04\/logo-thetree.png","contentUrl":"https:\/\/thetreecbd.com\/wp-content\/uploads\/2022\/04\/logo-thetree.png","width":172,"height":55,"caption":"The Tree CBD"},"image":{"@id":"https:\/\/thetreecbd.com\/de#\/schema\/logo\/image\/"},"sameAs":["https:\/\/www.facebook.com\/thetreeCBD\/","https:\/\/x.com\/TheTreeCBD_EU","https:\/\/www.instagram.com\/thetree.cbd\/","https:\/\/es.trustpilot.com\/review\/thetreecbd.com"]}]}},"_links":{"self":[{"href":"https:\/\/thetreecbd.com\/de\/wp-json\/wp\/v2\/product\/177179","targetHints":{"allow":["GET"]}}],"collection":[{"href":"https:\/\/thetreecbd.com\/de\/wp-json\/wp\/v2\/product"}],"about":[{"href":"https:\/\/thetreecbd.com\/de\/wp-json\/wp\/v2\/types\/product"}],"version-history":[{"count":0,"href":"https:\/\/thetreecbd.com\/de\/wp-json\/wp\/v2\/product\/177179\/revisions"}],"wp:featuredmedia":[{"embeddable":true,"href":"https:\/\/thetreecbd.com\/de\/wp-json\/wp\/v2\/media\/181383"}],"wp:attachment":[{"href":"https:\/\/thetreecbd.com\/de\/wp-json\/wp\/v2\/media?parent=177179"}],"wp:term":[{"taxonomy":"product_brand","embeddable":true,"href":"https:\/\/thetreecbd.com\/de\/wp-json\/wp\/v2\/product_brand?post=177179"}],"curies":[{"name":"wp","href":"https:\/\/api.w.org\/{rel}","templated":true}]}}