{"id":179459,"date":"2025-10-01T13:54:17","date_gmt":"2025-10-01T11:54:17","guid":{"rendered":"https:\/\/thetreecbd.com\/?post_type=product&#038;p=179459"},"modified":"2025-10-01T13:57:12","modified_gmt":"2025-10-01T11:57:12","slug":"ganzheitliches-wellness-paket-fresh-kase-honig-bio-infusionen-funktionelle-pilz-supplements","status":"publish","type":"product","link":"https:\/\/thetreecbd.com\/de\/cbd\/ganzheitliches-wellness-paket-fresh-kase-honig-bio-infusionen-funktionelle-pilz-supplements","title":{"rendered":"Ganzheitliches Wellness-Paket: Fresh Kase Honig + Bio-Infusionen + Funktionelle Pilz-Supplements"},"content":{"rendered":"<p>Das <strong>Ganzheitliche Wellness-Paket<\/strong> von The Tree CBD vereint das Beste der Natur in einem Set: die n\u00e4hrende S\u00fc\u00dfe des <strong>Fresh Kase Honigs<\/strong>, die aromatische Vielfalt unserer <strong>Bio-Hanf-Infusionen<\/strong> und die adaptogene Kraft unserer <strong>funktionellen Pilz-Supplements<\/strong> (L\u00f6wenm\u00e4hne, Reishi und Cordyceps). Eine einzigartige Auswahl f\u00fcr alle, die im Alltag Balance, Energie und nat\u00fcrliche Pflege suchen.<\/p>\n<p>&nbsp;<\/p>\n<ul>\n<li><strong>Fresh Kase Honig<\/strong>: hergestellt aus biologischem Wildblumenhonig, angereichert mit Hanfsamen\u00f6l. Eine Sonderedition in Zusammenarbeit mit Kase.O, die Geschmack, Kunst und Wohlbefinden vereint.<\/li>\n<li><strong>Bio-Infusionen<\/strong>: Sweet Kase, CannaCalm, HempLicious und ChillOut. Alle ECO-zertifiziert, aus nachhaltig angebauten Kr\u00e4utern und Hanf, entwickelt zur Entspannung, Balance und f\u00fcr ein gesundes Ritual.<\/li>\n<li><strong>Funktionelle Pilz-Supplements<\/strong>: L\u00f6wenm\u00e4hne, Reishi und Cordyceps. Drei organische, vegane und gentechnikfreie Adaptogene, die Ged\u00e4chtnis und Konzentration unterst\u00fctzen, das Immunsystem st\u00e4rken und Energie sowie Vitalit\u00e4t auf nat\u00fcrliche Weise steigern.<\/li>\n<\/ul>\n<p>Mit diesem Paket erlebst du ein ganzheitliches Wellness-Erlebnis, das Ern\u00e4hrung, Ruhe und Energie vereint \u2013 stets nach den h\u00f6chsten Qualit\u00e4ts- und Nachhaltigkeitsstandards von The Tree.<\/p>\n","protected":false},"excerpt":{"rendered":"<ul>\n<li><strong>Fresh Kase Honig<\/strong>: hergestellt aus biologischem Wildblumenhonig, angereichert mit Hanfsamen\u00f6l. Eine Sonderedition in Zusammenarbeit mit Kase.O, die Geschmack, Kunst und Wohlbefinden vereint.<\/li>\n<li><strong>Bio-Infusionen<\/strong>: Sweet Kase, CannaCalm, HempLicious und ChillOut. Alle ECO-zertifiziert, aus nachhaltig angebauten Kr\u00e4utern und Hanf, entwickelt zur Entspannung, Balance und f\u00fcr ein gesundes Ritual.<\/li>\n<li><strong>Funktionelle Pilz-Supplements<\/strong>: L\u00f6wenm\u00e4hne, Reishi und Cordyceps. Drei organische, vegane und gentechnikfreie Adaptogene, die Ged\u00e4chtnis und Konzentration unterst\u00fctzen, das Immunsystem st\u00e4rken und Energie sowie Vitalit\u00e4t auf nat\u00fcrliche Weise steigern.<\/li>\n<\/ul>\n","protected":false},"featured_media":179445,"template":"","meta":{"_acf_changed":false},"product_brand":[],"class_list":{"0":"post-179459","1":"product","2":"type-product","3":"status-publish","4":"has-post-thumbnail","6":"product_cat-cbd-pakete","7":"product_cat-cbd-spray","8":"product_cat-hanf-tees","9":"product_cat-honig","10":"product_cat-lebensmittel","11":"product_cat-pilze","13":"first","14":"instock","15":"taxable","16":"shipping-taxable","17":"purchasable","18":"product-type-variable"},"acf":[],"yoast_head":"<!-- This site is optimized with the Yoast SEO plugin v26.3 - https:\/\/yoast.com\/wordpress\/plugins\/seo\/ -->\n<title>Pack bienestar integral: Miel+Infusi\u00f3n+Shrooms - The Tree CBD<\/title>\n<meta name=\"description\" content=\"Das Integrales Wohlbefinden-Paket von The Tree CBD vereint das Beste der Natur in einem einzigen Set. Gleichgewicht, Energie und nat\u00fcrliche Pflege f\u00fcr Ihren Alltag.\" \/>\n<meta name=\"robots\" content=\"index, follow, max-snippet:-1, max-image-preview:large, max-video-preview:-1\" \/>\n<link rel=\"canonical\" href=\"https:\/\/thetreecbd.com\/de\/cbd\/ganzheitliches-wellness-paket-fresh-kase-honig-bio-infusionen-funktionelle-pilz-supplements\" \/>\n<meta property=\"og:locale\" content=\"de_DE\" \/>\n<meta property=\"og:type\" content=\"article\" \/>\n<meta property=\"og:title\" content=\"Pack bienestar integral: Miel+Infusi\u00f3n+Shrooms - The Tree CBD\" \/>\n<meta property=\"og:description\" content=\"Das Integrales Wohlbefinden-Paket von The Tree CBD vereint das Beste der Natur in einem einzigen Set. Gleichgewicht, Energie und nat\u00fcrliche Pflege f\u00fcr Ihren Alltag.\" \/>\n<meta property=\"og:url\" content=\"https:\/\/thetreecbd.com\/de\/cbd\/ganzheitliches-wellness-paket-fresh-kase-honig-bio-infusionen-funktionelle-pilz-supplements\" \/>\n<meta property=\"og:site_name\" content=\"The Tree CBD\" \/>\n<meta property=\"article:publisher\" content=\"https:\/\/www.facebook.com\/thetreeCBD\/\" \/>\n<meta property=\"article:modified_time\" content=\"2025-10-01T11:57:12+00:00\" \/>\n<meta property=\"og:image\" content=\"https:\/\/thetreecbd.com\/wp-content\/uploads\/2025\/09\/mielinfusetas.jpg\" \/>\n\t<meta property=\"og:image:width\" content=\"1080\" \/>\n\t<meta property=\"og:image:height\" content=\"1350\" \/>\n\t<meta property=\"og:image:type\" content=\"image\/jpeg\" \/>\n<meta name=\"twitter:card\" content=\"summary_large_image\" \/>\n<meta name=\"twitter:site\" content=\"@TheTreeCBD_EU\" \/>\n<meta name=\"twitter:label1\" content=\"Gesch\u00e4tzte Lesezeit\" \/>\n\t<meta name=\"twitter:data1\" content=\"1\u00a0Minute\" \/>\n<script type=\"application\/ld+json\" class=\"yoast-schema-graph\">{\"@context\":\"https:\/\/schema.org\",\"@graph\":[{\"@type\":[\"WebPage\",\"ItemPage\"],\"@id\":\"https:\/\/thetreecbd.com\/de\/cbd\/ganzheitliches-wellness-paket-fresh-kase-honig-bio-infusionen-funktionelle-pilz-supplements\",\"url\":\"https:\/\/thetreecbd.com\/de\/cbd\/ganzheitliches-wellness-paket-fresh-kase-honig-bio-infusionen-funktionelle-pilz-supplements\",\"name\":\"Pack bienestar integral: Miel+Infusi\u00f3n+Shrooms - The Tree CBD\",\"isPartOf\":{\"@id\":\"https:\/\/thetreecbd.com\/de#website\"},\"primaryImageOfPage\":{\"@id\":\"https:\/\/thetreecbd.com\/de\/cbd\/ganzheitliches-wellness-paket-fresh-kase-honig-bio-infusionen-funktionelle-pilz-supplements#primaryimage\"},\"image\":{\"@id\":\"https:\/\/thetreecbd.com\/de\/cbd\/ganzheitliches-wellness-paket-fresh-kase-honig-bio-infusionen-funktionelle-pilz-supplements#primaryimage\"},\"thumbnailUrl\":\"https:\/\/thetreecbd.com\/wp-content\/uploads\/2025\/09\/mielinfusetas.jpg\",\"datePublished\":\"2025-10-01T11:54:17+00:00\",\"dateModified\":\"2025-10-01T11:57:12+00:00\",\"description\":\"Das Integrales Wohlbefinden-Paket von The Tree CBD vereint das Beste der Natur in einem einzigen Set. Gleichgewicht, Energie und nat\u00fcrliche Pflege f\u00fcr Ihren Alltag.\",\"breadcrumb\":{\"@id\":\"https:\/\/thetreecbd.com\/de\/cbd\/ganzheitliches-wellness-paket-fresh-kase-honig-bio-infusionen-funktionelle-pilz-supplements#breadcrumb\"},\"inLanguage\":\"de\",\"potentialAction\":[{\"@type\":\"ReadAction\",\"target\":[\"https:\/\/thetreecbd.com\/de\/cbd\/ganzheitliches-wellness-paket-fresh-kase-honig-bio-infusionen-funktionelle-pilz-supplements\"]}]},{\"@type\":\"ImageObject\",\"inLanguage\":\"de\",\"@id\":\"https:\/\/thetreecbd.com\/de\/cbd\/ganzheitliches-wellness-paket-fresh-kase-honig-bio-infusionen-funktionelle-pilz-supplements#primaryimage\",\"url\":\"https:\/\/thetreecbd.com\/wp-content\/uploads\/2025\/09\/mielinfusetas.jpg\",\"contentUrl\":\"https:\/\/thetreecbd.com\/wp-content\/uploads\/2025\/09\/mielinfusetas.jpg\",\"width\":1080,\"height\":1350},{\"@type\":\"BreadcrumbList\",\"@id\":\"https:\/\/thetreecbd.com\/de\/cbd\/ganzheitliches-wellness-paket-fresh-kase-honig-bio-infusionen-funktionelle-pilz-supplements#breadcrumb\",\"itemListElement\":[{\"@type\":\"ListItem\",\"position\":1,\"name\":\"The Tree\",\"item\":\"https:\/\/thetreecbd.com\/de\"},{\"@type\":\"ListItem\",\"position\":2,\"name\":\"CBD\",\"item\":\"https:\/\/thetreecbd.com\/es\/cbd\"},{\"@type\":\"ListItem\",\"position\":3,\"name\":\"CBD-Pakete\",\"item\":\"https:\/\/thetreecbd.com\/de\/cbd-pakete\"},{\"@type\":\"ListItem\",\"position\":4,\"name\":\"Ganzheitliches Wellness-Paket: Fresh Kase Honig + Bio-Infusionen + Funktionelle Pilz-Supplements\"}]},{\"@type\":\"WebSite\",\"@id\":\"https:\/\/thetreecbd.com\/de#website\",\"url\":\"https:\/\/thetreecbd.com\/de\",\"name\":\"The Tree CBD\",\"description\":\"Comprar CBD en Espa\u00f1a Online\",\"publisher\":{\"@id\":\"https:\/\/thetreecbd.com\/de#organization\"},\"potentialAction\":[{\"@type\":\"SearchAction\",\"target\":{\"@type\":\"EntryPoint\",\"urlTemplate\":\"https:\/\/thetreecbd.com\/de?s={search_term_string}\"},\"query-input\":{\"@type\":\"PropertyValueSpecification\",\"valueRequired\":true,\"valueName\":\"search_term_string\"}}],\"inLanguage\":\"de\"},{\"@type\":\"Organization\",\"@id\":\"https:\/\/thetreecbd.com\/de#organization\",\"name\":\"The Tree CBD\",\"url\":\"https:\/\/thetreecbd.com\/de\",\"logo\":{\"@type\":\"ImageObject\",\"inLanguage\":\"de\",\"@id\":\"https:\/\/thetreecbd.com\/de#\/schema\/logo\/image\/\",\"url\":\"https:\/\/thetreecbd.com\/wp-content\/uploads\/2022\/04\/logo-thetree.png\",\"contentUrl\":\"https:\/\/thetreecbd.com\/wp-content\/uploads\/2022\/04\/logo-thetree.png\",\"width\":172,\"height\":55,\"caption\":\"The Tree CBD\"},\"image\":{\"@id\":\"https:\/\/thetreecbd.com\/de#\/schema\/logo\/image\/\"},\"sameAs\":[\"https:\/\/www.facebook.com\/thetreeCBD\/\",\"https:\/\/x.com\/TheTreeCBD_EU\",\"https:\/\/www.instagram.com\/thetree.cbd\/\",\"https:\/\/es.trustpilot.com\/review\/thetreecbd.com\"]}]}<\/script>\n<!-- \/ Yoast SEO plugin. -->","yoast_head_json":{"title":"Pack bienestar integral: Miel+Infusi\u00f3n+Shrooms - The Tree CBD","description":"Das Integrales Wohlbefinden-Paket von The Tree CBD vereint das Beste der Natur in einem einzigen Set. Gleichgewicht, Energie und nat\u00fcrliche Pflege f\u00fcr Ihren Alltag.","robots":{"index":"index","follow":"follow","max-snippet":"max-snippet:-1","max-image-preview":"max-image-preview:large","max-video-preview":"max-video-preview:-1"},"canonical":"https:\/\/thetreecbd.com\/de\/cbd\/ganzheitliches-wellness-paket-fresh-kase-honig-bio-infusionen-funktionelle-pilz-supplements","og_locale":"de_DE","og_type":"article","og_title":"Pack bienestar integral: Miel+Infusi\u00f3n+Shrooms - The Tree CBD","og_description":"Das Integrales Wohlbefinden-Paket von The Tree CBD vereint das Beste der Natur in einem einzigen Set. Gleichgewicht, Energie und nat\u00fcrliche Pflege f\u00fcr Ihren Alltag.","og_url":"https:\/\/thetreecbd.com\/de\/cbd\/ganzheitliches-wellness-paket-fresh-kase-honig-bio-infusionen-funktionelle-pilz-supplements","og_site_name":"The Tree CBD","article_publisher":"https:\/\/www.facebook.com\/thetreeCBD\/","article_modified_time":"2025-10-01T11:57:12+00:00","og_image":[{"width":1080,"height":1350,"url":"https:\/\/thetreecbd.com\/wp-content\/uploads\/2025\/09\/mielinfusetas.jpg","type":"image\/jpeg"}],"twitter_card":"summary_large_image","twitter_site":"@TheTreeCBD_EU","twitter_misc":{"Gesch\u00e4tzte Lesezeit":"1\u00a0Minute"},"schema":{"@context":"https:\/\/schema.org","@graph":[{"@type":["WebPage","ItemPage"],"@id":"https:\/\/thetreecbd.com\/de\/cbd\/ganzheitliches-wellness-paket-fresh-kase-honig-bio-infusionen-funktionelle-pilz-supplements","url":"https:\/\/thetreecbd.com\/de\/cbd\/ganzheitliches-wellness-paket-fresh-kase-honig-bio-infusionen-funktionelle-pilz-supplements","name":"Pack bienestar integral: Miel+Infusi\u00f3n+Shrooms - The Tree CBD","isPartOf":{"@id":"https:\/\/thetreecbd.com\/de#website"},"primaryImageOfPage":{"@id":"https:\/\/thetreecbd.com\/de\/cbd\/ganzheitliches-wellness-paket-fresh-kase-honig-bio-infusionen-funktionelle-pilz-supplements#primaryimage"},"image":{"@id":"https:\/\/thetreecbd.com\/de\/cbd\/ganzheitliches-wellness-paket-fresh-kase-honig-bio-infusionen-funktionelle-pilz-supplements#primaryimage"},"thumbnailUrl":"https:\/\/thetreecbd.com\/wp-content\/uploads\/2025\/09\/mielinfusetas.jpg","datePublished":"2025-10-01T11:54:17+00:00","dateModified":"2025-10-01T11:57:12+00:00","description":"Das Integrales Wohlbefinden-Paket von The Tree CBD vereint das Beste der Natur in einem einzigen Set. Gleichgewicht, Energie und nat\u00fcrliche Pflege f\u00fcr Ihren Alltag.","breadcrumb":{"@id":"https:\/\/thetreecbd.com\/de\/cbd\/ganzheitliches-wellness-paket-fresh-kase-honig-bio-infusionen-funktionelle-pilz-supplements#breadcrumb"},"inLanguage":"de","potentialAction":[{"@type":"ReadAction","target":["https:\/\/thetreecbd.com\/de\/cbd\/ganzheitliches-wellness-paket-fresh-kase-honig-bio-infusionen-funktionelle-pilz-supplements"]}]},{"@type":"ImageObject","inLanguage":"de","@id":"https:\/\/thetreecbd.com\/de\/cbd\/ganzheitliches-wellness-paket-fresh-kase-honig-bio-infusionen-funktionelle-pilz-supplements#primaryimage","url":"https:\/\/thetreecbd.com\/wp-content\/uploads\/2025\/09\/mielinfusetas.jpg","contentUrl":"https:\/\/thetreecbd.com\/wp-content\/uploads\/2025\/09\/mielinfusetas.jpg","width":1080,"height":1350},{"@type":"BreadcrumbList","@id":"https:\/\/thetreecbd.com\/de\/cbd\/ganzheitliches-wellness-paket-fresh-kase-honig-bio-infusionen-funktionelle-pilz-supplements#breadcrumb","itemListElement":[{"@type":"ListItem","position":1,"name":"The Tree","item":"https:\/\/thetreecbd.com\/de"},{"@type":"ListItem","position":2,"name":"CBD","item":"https:\/\/thetreecbd.com\/es\/cbd"},{"@type":"ListItem","position":3,"name":"CBD-Pakete","item":"https:\/\/thetreecbd.com\/de\/cbd-pakete"},{"@type":"ListItem","position":4,"name":"Ganzheitliches Wellness-Paket: Fresh Kase Honig + Bio-Infusionen + Funktionelle Pilz-Supplements"}]},{"@type":"WebSite","@id":"https:\/\/thetreecbd.com\/de#website","url":"https:\/\/thetreecbd.com\/de","name":"The Tree CBD","description":"Comprar CBD en Espa\u00f1a Online","publisher":{"@id":"https:\/\/thetreecbd.com\/de#organization"},"potentialAction":[{"@type":"SearchAction","target":{"@type":"EntryPoint","urlTemplate":"https:\/\/thetreecbd.com\/de?s={search_term_string}"},"query-input":{"@type":"PropertyValueSpecification","valueRequired":true,"valueName":"search_term_string"}}],"inLanguage":"de"},{"@type":"Organization","@id":"https:\/\/thetreecbd.com\/de#organization","name":"The Tree CBD","url":"https:\/\/thetreecbd.com\/de","logo":{"@type":"ImageObject","inLanguage":"de","@id":"https:\/\/thetreecbd.com\/de#\/schema\/logo\/image\/","url":"https:\/\/thetreecbd.com\/wp-content\/uploads\/2022\/04\/logo-thetree.png","contentUrl":"https:\/\/thetreecbd.com\/wp-content\/uploads\/2022\/04\/logo-thetree.png","width":172,"height":55,"caption":"The Tree CBD"},"image":{"@id":"https:\/\/thetreecbd.com\/de#\/schema\/logo\/image\/"},"sameAs":["https:\/\/www.facebook.com\/thetreeCBD\/","https:\/\/x.com\/TheTreeCBD_EU","https:\/\/www.instagram.com\/thetree.cbd\/","https:\/\/es.trustpilot.com\/review\/thetreecbd.com"]}]}},"_links":{"self":[{"href":"https:\/\/thetreecbd.com\/de\/wp-json\/wp\/v2\/product\/179459","targetHints":{"allow":["GET"]}}],"collection":[{"href":"https:\/\/thetreecbd.com\/de\/wp-json\/wp\/v2\/product"}],"about":[{"href":"https:\/\/thetreecbd.com\/de\/wp-json\/wp\/v2\/types\/product"}],"version-history":[{"count":0,"href":"https:\/\/thetreecbd.com\/de\/wp-json\/wp\/v2\/product\/179459\/revisions"}],"wp:featuredmedia":[{"embeddable":true,"href":"https:\/\/thetreecbd.com\/de\/wp-json\/wp\/v2\/media\/179445"}],"wp:attachment":[{"href":"https:\/\/thetreecbd.com\/de\/wp-json\/wp\/v2\/media?parent=179459"}],"wp:term":[{"taxonomy":"product_brand","embeddable":true,"href":"https:\/\/thetreecbd.com\/de\/wp-json\/wp\/v2\/product_brand?post=179459"}],"curies":[{"name":"wp","href":"https:\/\/api.w.org\/{rel}","templated":true}]}}