{"id":180516,"date":"2025-10-15T11:09:57","date_gmt":"2025-10-15T09:09:57","guid":{"rendered":"https:\/\/thetreecbd.com\/?post_type=product&#038;p=180516"},"modified":"2025-12-09T16:31:12","modified_gmt":"2025-12-09T15:31:12","slug":"super-lemon-cbd","status":"publish","type":"product","link":"https:\/\/thetreecbd.com\/de\/cbd\/super-lemon-cbd","title":{"rendered":"Super Lemon CBD"},"content":{"rendered":"<p>The Tree CBD pr\u00e4sentiert Ihnen die legalen Marihuana-Bl\u00fcten <b>Super Lemon CBD<\/b>, eine au\u00dfergew\u00f6hnliche Sorte, die zwei preisgekr\u00f6nte Genetiken \u2014Lemon Skunk x Super Silver Haze mit Carmagnola\u2014 kombiniert, um ein frisches, zitrusartiges und energetisierendes Erlebnis mit einem hohen CBD-Gehalt und der perfekten Balance zwischen Geschmack und Wohlbefinden zu bieten.<\/p>\n<p>Diese CBD-Bl\u00fcten stammen aus <b>Outdoor-Anbau<\/b>, der <b>100 % nat\u00fcrlich<\/b>, ohne Zusatzstoffe oder Pestizide, unter st\u00e4ndiger Achtung der Umwelt und optimaler Wachstumsbedingungen durchgef\u00fchrt wird.<\/p>\n<p>&nbsp;<\/p>\n<h2>Intensives Zitrusaroma<\/h2>\n<p>Diese Sorte zeichnet sich durch ihren <b>intensiven Zitronenduft<\/b> und ein Terpenprofil aus, das von Limonen dominiert wird, welches f\u00fcr ihr unverwechselbares frisches und revitalisierendes Aroma verantwortlich ist.<\/p>\n<p>Ihr Geruch ist zitrusartig und leicht s\u00fc\u00df, mit kr\u00e4uterigen und fruchtigen Nuancen, die an frisch geriebene Zitronenschale erinnern.<\/p>\n<p>Das Ergebnis ist eine lebendige und charaktervolle Bl\u00fcte, ideal f\u00fcr alle, die ein nat\u00fcrliches aromatisches Erlebnis mit einem Hauch von Energie und Frische suchen.<\/p>\n<p>&nbsp;<\/p>\n<h2>Genetik und Wirkung<\/h2>\n<p>Diese Sorte hat eine Genetik von <b>70 % Sativa und 30 % Indica<\/b>, was sich in einer leicht stimulierenden und gleichzeitig entspannenden Wirkung niederschl\u00e4gt, ideal f\u00fcr den Genuss w\u00e4hrend des Tages ohne Gef\u00fchl der Schwere.<\/p>\n<p>Dank ihres <b>hohen CBD-Gehalts (zwischen 12 % und 14 %)<\/b> und ihres THC-Gehalts von weniger als 0,20 % ist sie in Europa v\u00f6llig legal und hat keine psychoaktiven Wirkungen.<\/p>\n<p>&nbsp;<\/p>\n<h2>Eigenschaften des legalen Cannabis Super Lemon CBD<\/h2>\n<ul>\n<li>Hanfbl\u00fcten<\/li>\n<li>Weniger als 0,20 % THC<\/li>\n<li>Zwischen 12 % und 14 % CBD<\/li>\n<li>Genetik: Lemon Skunk x Super Silver Haze<\/li>\n<li>70 % Sativa \/ 30 % Indica<\/li>\n<li>Biologisch angebaut (<i>outdoor<\/i>)<\/li>\n<li>Keine psychoaktiven Wirkungen<\/li>\n<li>Frei von GVO und Pestiziden<\/li>\n<\/ul>\n<p>&nbsp;<\/p>\n<h2>Aromaprofil der Super Lemon CBD<\/h2>\n<p>Nat\u00fcrliche Terpene sind f\u00fcr das charakteristische Aroma jeder Sorte verantwortlich. In diesem Fall ist <b>Limonen<\/b> der Protagonist und sorgt f\u00fcr diesen zitrusartigen und spritzigen Touch, der Super Lemon CBD definiert.<\/p>\n<p>Ihr intensiver und erfrischender Duft macht jede Sitzung zu einem einzigartigen sensorischen Erlebnis \u2013 eine Explosion von Zitrone mit fruchtigen Noten, die niemanden unbeeindruckt l\u00e4sst.<\/p>\n","protected":false},"excerpt":{"rendered":"<ul>\n<li>\n<p data-path-to-node=\"4\">Offizielle Verpackung im Februar; vor\u00fcbergehender Versand mit generischer Verpackung.<\/p>\n<\/li>\n<li>Hanfbl\u00fcten<\/li>\n<li>Weniger als 0,20 % THC<\/li>\n<li>Zwischen 12 % und 14 % CBD<\/li>\n<li>Genetik: Lemon Skunk x Super Silver Haze<\/li>\n<li>70 % Sativa \/ 30 % Indica<\/li>\n<li>Biologisch angebaut (<i>outdoor<\/i>)<\/li>\n<li>Keine psychoaktiven Wirkungen<\/li>\n<li>Frei von GVO und Pestiziden<\/li>\n<\/ul>\n","protected":false},"featured_media":180472,"template":"","meta":{"_acf_changed":false},"product_brand":[],"class_list":{"0":"post-180516","1":"product","2":"type-product","3":"status-publish","4":"has-post-thumbnail","6":"product_cat-outdoor-anbau","7":"product_cat-bluten","9":"first","10":"instock","11":"taxable","12":"shipping-taxable","13":"purchasable","14":"product-type-variable"},"acf":[],"yoast_head":"<!-- This site is optimized with the Yoast SEO plugin v26.3 - https:\/\/yoast.com\/wordpress\/plugins\/seo\/ -->\n<title>Super Lemon CBD - The Tree CBD<\/title>\n<meta name=\"description\" content=\"Wir stellen Ihnen Super Lemon CBD vor, ein frisches, zitrusartiges und energetisierendes Erlebnis mit einem hohen CBD-Gehalt, der perfekten Balance zwischen Geschmack und Wohlbefinden.\" \/>\n<meta name=\"robots\" content=\"index, follow, max-snippet:-1, max-image-preview:large, max-video-preview:-1\" \/>\n<link rel=\"canonical\" href=\"https:\/\/thetreecbd.com\/de\/cbd\/super-lemon-cbd\" \/>\n<meta property=\"og:locale\" content=\"de_DE\" \/>\n<meta property=\"og:type\" content=\"article\" \/>\n<meta property=\"og:title\" content=\"Super Lemon CBD - The Tree CBD\" \/>\n<meta property=\"og:description\" content=\"Wir stellen Ihnen Super Lemon CBD vor, ein frisches, zitrusartiges und energetisierendes Erlebnis mit einem hohen CBD-Gehalt, der perfekten Balance zwischen Geschmack und Wohlbefinden.\" \/>\n<meta property=\"og:url\" content=\"https:\/\/thetreecbd.com\/de\/cbd\/super-lemon-cbd\" \/>\n<meta property=\"og:site_name\" content=\"The Tree CBD\" \/>\n<meta property=\"article:publisher\" content=\"https:\/\/www.facebook.com\/thetreeCBD\/\" \/>\n<meta property=\"article:modified_time\" content=\"2025-12-09T15:31:12+00:00\" \/>\n<meta property=\"og:image\" content=\"https:\/\/thetreecbd.com\/wp-content\/uploads\/2025\/10\/1.jpg\" \/>\n\t<meta property=\"og:image:width\" content=\"1080\" \/>\n\t<meta property=\"og:image:height\" content=\"1350\" \/>\n\t<meta property=\"og:image:type\" content=\"image\/jpeg\" \/>\n<meta name=\"twitter:card\" content=\"summary_large_image\" \/>\n<meta name=\"twitter:site\" content=\"@TheTreeCBD_EU\" \/>\n<meta name=\"twitter:label1\" content=\"Gesch\u00e4tzte Lesezeit\" \/>\n\t<meta name=\"twitter:data1\" content=\"2\u00a0Minuten\" \/>\n<script type=\"application\/ld+json\" class=\"yoast-schema-graph\">{\"@context\":\"https:\/\/schema.org\",\"@graph\":[{\"@type\":[\"WebPage\",\"ItemPage\"],\"@id\":\"https:\/\/thetreecbd.com\/de\/cbd\/super-lemon-cbd\",\"url\":\"https:\/\/thetreecbd.com\/de\/cbd\/super-lemon-cbd\",\"name\":\"Super Lemon CBD - The Tree CBD\",\"isPartOf\":{\"@id\":\"https:\/\/thetreecbd.com\/de#website\"},\"primaryImageOfPage\":{\"@id\":\"https:\/\/thetreecbd.com\/de\/cbd\/super-lemon-cbd#primaryimage\"},\"image\":{\"@id\":\"https:\/\/thetreecbd.com\/de\/cbd\/super-lemon-cbd#primaryimage\"},\"thumbnailUrl\":\"https:\/\/thetreecbd.com\/wp-content\/uploads\/2025\/10\/1.jpg\",\"datePublished\":\"2025-10-15T09:09:57+00:00\",\"dateModified\":\"2025-12-09T15:31:12+00:00\",\"description\":\"Wir stellen Ihnen Super Lemon CBD vor, ein frisches, zitrusartiges und energetisierendes Erlebnis mit einem hohen CBD-Gehalt, der perfekten Balance zwischen Geschmack und Wohlbefinden.\",\"breadcrumb\":{\"@id\":\"https:\/\/thetreecbd.com\/de\/cbd\/super-lemon-cbd#breadcrumb\"},\"inLanguage\":\"de\",\"potentialAction\":[{\"@type\":\"ReadAction\",\"target\":[\"https:\/\/thetreecbd.com\/de\/cbd\/super-lemon-cbd\"]}]},{\"@type\":\"ImageObject\",\"inLanguage\":\"de\",\"@id\":\"https:\/\/thetreecbd.com\/de\/cbd\/super-lemon-cbd#primaryimage\",\"url\":\"https:\/\/thetreecbd.com\/wp-content\/uploads\/2025\/10\/1.jpg\",\"contentUrl\":\"https:\/\/thetreecbd.com\/wp-content\/uploads\/2025\/10\/1.jpg\",\"width\":1080,\"height\":1350},{\"@type\":\"BreadcrumbList\",\"@id\":\"https:\/\/thetreecbd.com\/de\/cbd\/super-lemon-cbd#breadcrumb\",\"itemListElement\":[{\"@type\":\"ListItem\",\"position\":1,\"name\":\"The Tree\",\"item\":\"https:\/\/thetreecbd.com\/de\"},{\"@type\":\"ListItem\",\"position\":2,\"name\":\"CBD\",\"item\":\"https:\/\/thetreecbd.com\/es\/cbd\"},{\"@type\":\"ListItem\",\"position\":3,\"name\":\"CBD-Bl\u00fcten kaufen\",\"item\":\"https:\/\/thetreecbd.com\/de\/bluten\"},{\"@type\":\"ListItem\",\"position\":4,\"name\":\"Bl\u00fcten aus Outdoor-Anbau\",\"item\":\"https:\/\/thetreecbd.com\/de\/bluten\/outdoor-anbau\"},{\"@type\":\"ListItem\",\"position\":5,\"name\":\"Super Lemon CBD\"}]},{\"@type\":\"WebSite\",\"@id\":\"https:\/\/thetreecbd.com\/de#website\",\"url\":\"https:\/\/thetreecbd.com\/de\",\"name\":\"The Tree CBD\",\"description\":\"Comprar CBD en Espa\u00f1a Online\",\"publisher\":{\"@id\":\"https:\/\/thetreecbd.com\/de#organization\"},\"potentialAction\":[{\"@type\":\"SearchAction\",\"target\":{\"@type\":\"EntryPoint\",\"urlTemplate\":\"https:\/\/thetreecbd.com\/de?s={search_term_string}\"},\"query-input\":{\"@type\":\"PropertyValueSpecification\",\"valueRequired\":true,\"valueName\":\"search_term_string\"}}],\"inLanguage\":\"de\"},{\"@type\":\"Organization\",\"@id\":\"https:\/\/thetreecbd.com\/de#organization\",\"name\":\"The Tree CBD\",\"url\":\"https:\/\/thetreecbd.com\/de\",\"logo\":{\"@type\":\"ImageObject\",\"inLanguage\":\"de\",\"@id\":\"https:\/\/thetreecbd.com\/de#\/schema\/logo\/image\/\",\"url\":\"https:\/\/thetreecbd.com\/wp-content\/uploads\/2022\/04\/logo-thetree.png\",\"contentUrl\":\"https:\/\/thetreecbd.com\/wp-content\/uploads\/2022\/04\/logo-thetree.png\",\"width\":172,\"height\":55,\"caption\":\"The Tree CBD\"},\"image\":{\"@id\":\"https:\/\/thetreecbd.com\/de#\/schema\/logo\/image\/\"},\"sameAs\":[\"https:\/\/www.facebook.com\/thetreeCBD\/\",\"https:\/\/x.com\/TheTreeCBD_EU\",\"https:\/\/www.instagram.com\/thetree.cbd\/\",\"https:\/\/es.trustpilot.com\/review\/thetreecbd.com\"]}]}<\/script>\n<!-- \/ Yoast SEO plugin. -->","yoast_head_json":{"title":"Super Lemon CBD - The Tree CBD","description":"Wir stellen Ihnen Super Lemon CBD vor, ein frisches, zitrusartiges und energetisierendes Erlebnis mit einem hohen CBD-Gehalt, der perfekten Balance zwischen Geschmack und Wohlbefinden.","robots":{"index":"index","follow":"follow","max-snippet":"max-snippet:-1","max-image-preview":"max-image-preview:large","max-video-preview":"max-video-preview:-1"},"canonical":"https:\/\/thetreecbd.com\/de\/cbd\/super-lemon-cbd","og_locale":"de_DE","og_type":"article","og_title":"Super Lemon CBD - The Tree CBD","og_description":"Wir stellen Ihnen Super Lemon CBD vor, ein frisches, zitrusartiges und energetisierendes Erlebnis mit einem hohen CBD-Gehalt, der perfekten Balance zwischen Geschmack und Wohlbefinden.","og_url":"https:\/\/thetreecbd.com\/de\/cbd\/super-lemon-cbd","og_site_name":"The Tree CBD","article_publisher":"https:\/\/www.facebook.com\/thetreeCBD\/","article_modified_time":"2025-12-09T15:31:12+00:00","og_image":[{"width":1080,"height":1350,"url":"https:\/\/thetreecbd.com\/wp-content\/uploads\/2025\/10\/1.jpg","type":"image\/jpeg"}],"twitter_card":"summary_large_image","twitter_site":"@TheTreeCBD_EU","twitter_misc":{"Gesch\u00e4tzte Lesezeit":"2\u00a0Minuten"},"schema":{"@context":"https:\/\/schema.org","@graph":[{"@type":["WebPage","ItemPage"],"@id":"https:\/\/thetreecbd.com\/de\/cbd\/super-lemon-cbd","url":"https:\/\/thetreecbd.com\/de\/cbd\/super-lemon-cbd","name":"Super Lemon CBD - The Tree CBD","isPartOf":{"@id":"https:\/\/thetreecbd.com\/de#website"},"primaryImageOfPage":{"@id":"https:\/\/thetreecbd.com\/de\/cbd\/super-lemon-cbd#primaryimage"},"image":{"@id":"https:\/\/thetreecbd.com\/de\/cbd\/super-lemon-cbd#primaryimage"},"thumbnailUrl":"https:\/\/thetreecbd.com\/wp-content\/uploads\/2025\/10\/1.jpg","datePublished":"2025-10-15T09:09:57+00:00","dateModified":"2025-12-09T15:31:12+00:00","description":"Wir stellen Ihnen Super Lemon CBD vor, ein frisches, zitrusartiges und energetisierendes Erlebnis mit einem hohen CBD-Gehalt, der perfekten Balance zwischen Geschmack und Wohlbefinden.","breadcrumb":{"@id":"https:\/\/thetreecbd.com\/de\/cbd\/super-lemon-cbd#breadcrumb"},"inLanguage":"de","potentialAction":[{"@type":"ReadAction","target":["https:\/\/thetreecbd.com\/de\/cbd\/super-lemon-cbd"]}]},{"@type":"ImageObject","inLanguage":"de","@id":"https:\/\/thetreecbd.com\/de\/cbd\/super-lemon-cbd#primaryimage","url":"https:\/\/thetreecbd.com\/wp-content\/uploads\/2025\/10\/1.jpg","contentUrl":"https:\/\/thetreecbd.com\/wp-content\/uploads\/2025\/10\/1.jpg","width":1080,"height":1350},{"@type":"BreadcrumbList","@id":"https:\/\/thetreecbd.com\/de\/cbd\/super-lemon-cbd#breadcrumb","itemListElement":[{"@type":"ListItem","position":1,"name":"The Tree","item":"https:\/\/thetreecbd.com\/de"},{"@type":"ListItem","position":2,"name":"CBD","item":"https:\/\/thetreecbd.com\/es\/cbd"},{"@type":"ListItem","position":3,"name":"CBD-Bl\u00fcten kaufen","item":"https:\/\/thetreecbd.com\/de\/bluten"},{"@type":"ListItem","position":4,"name":"Bl\u00fcten aus Outdoor-Anbau","item":"https:\/\/thetreecbd.com\/de\/bluten\/outdoor-anbau"},{"@type":"ListItem","position":5,"name":"Super Lemon CBD"}]},{"@type":"WebSite","@id":"https:\/\/thetreecbd.com\/de#website","url":"https:\/\/thetreecbd.com\/de","name":"The Tree CBD","description":"Comprar CBD en Espa\u00f1a Online","publisher":{"@id":"https:\/\/thetreecbd.com\/de#organization"},"potentialAction":[{"@type":"SearchAction","target":{"@type":"EntryPoint","urlTemplate":"https:\/\/thetreecbd.com\/de?s={search_term_string}"},"query-input":{"@type":"PropertyValueSpecification","valueRequired":true,"valueName":"search_term_string"}}],"inLanguage":"de"},{"@type":"Organization","@id":"https:\/\/thetreecbd.com\/de#organization","name":"The Tree CBD","url":"https:\/\/thetreecbd.com\/de","logo":{"@type":"ImageObject","inLanguage":"de","@id":"https:\/\/thetreecbd.com\/de#\/schema\/logo\/image\/","url":"https:\/\/thetreecbd.com\/wp-content\/uploads\/2022\/04\/logo-thetree.png","contentUrl":"https:\/\/thetreecbd.com\/wp-content\/uploads\/2022\/04\/logo-thetree.png","width":172,"height":55,"caption":"The Tree CBD"},"image":{"@id":"https:\/\/thetreecbd.com\/de#\/schema\/logo\/image\/"},"sameAs":["https:\/\/www.facebook.com\/thetreeCBD\/","https:\/\/x.com\/TheTreeCBD_EU","https:\/\/www.instagram.com\/thetree.cbd\/","https:\/\/es.trustpilot.com\/review\/thetreecbd.com"]}]}},"_links":{"self":[{"href":"https:\/\/thetreecbd.com\/de\/wp-json\/wp\/v2\/product\/180516","targetHints":{"allow":["GET"]}}],"collection":[{"href":"https:\/\/thetreecbd.com\/de\/wp-json\/wp\/v2\/product"}],"about":[{"href":"https:\/\/thetreecbd.com\/de\/wp-json\/wp\/v2\/types\/product"}],"version-history":[{"count":0,"href":"https:\/\/thetreecbd.com\/de\/wp-json\/wp\/v2\/product\/180516\/revisions"}],"wp:featuredmedia":[{"embeddable":true,"href":"https:\/\/thetreecbd.com\/de\/wp-json\/wp\/v2\/media\/180472"}],"wp:attachment":[{"href":"https:\/\/thetreecbd.com\/de\/wp-json\/wp\/v2\/media?parent=180516"}],"wp:term":[{"taxonomy":"product_brand","embeddable":true,"href":"https:\/\/thetreecbd.com\/de\/wp-json\/wp\/v2\/product_brand?post=180516"}],"curies":[{"name":"wp","href":"https:\/\/api.w.org\/{rel}","templated":true}]}}