{"id":181744,"date":"2025-10-29T11:25:42","date_gmt":"2025-10-29T10:25:42","guid":{"rendered":"https:\/\/thetreecbd.com\/?post_type=product&#038;p=181744"},"modified":"2025-12-09T17:08:26","modified_gmt":"2025-12-09T16:08:26","slug":"tangie-banangi-cbd","status":"publish","type":"product","link":"https:\/\/thetreecbd.com\/de\/cbd\/tangie-banangi-cbd","title":{"rendered":"Tangie Banangi CBD"},"content":{"rendered":"<p>The Tree CBD pr\u00e4sentiert Ihnen <b>Tangie Banangi CBD<\/b>, eine legale <i>Premium<\/i>-Bl\u00fcte, die das Beste der Genetiken <b>Tangie x Sour Diesel<\/b> kombiniert und eine <b>80% Sativa \/ 20% Indica<\/b> Sorte mit einem lebhaften und stimulierenden Aromaprofil hervorbringt.<\/p>\n<p><b>100% nat\u00fcrlich (<i>outdoor<\/i>) angebaut<\/b>, ohne Zusatzstoffe oder Pestizide, bietet diese Bl\u00fcte ein authentisches und frisches Erlebnis, gedacht f\u00fcr alle, die <b>mentale Klarheit, Energie und Wohlbefinden<\/b> suchen, ohne psychoaktive Effekte.<\/p>\n<p>&nbsp;<\/p>\n<h3>Aroma und Geschmack<\/h3>\n<p>Sie zeichnet sich durch ihr <b>intensives Zitrusaroma<\/b> aus, mit Noten von <b>Mandarine und Orange<\/b>, die sich mit leichten <b>erdigen und s\u00fc\u00dfen<\/b> Nuancen vermischen und ein komplexes, aber ausgewogenes Aromaprofil schaffen.<\/p>\n<p>Ihr dominantes Terpen, das <b>Myrcen<\/b>, sorgt f\u00fcr Tiefe und Geschmeidigkeit, w\u00e4hrend das <b>Limonen<\/b> ihre Frische und ihren stimulierenden Charakter verst\u00e4rkt.<\/p>\n<p>Das Ergebnis ist eine Bl\u00fcte voller Pers\u00f6nlichkeit: <b>fruchtig, hell und mit einem subtilen gasartigen Hauch<\/b>, perfekt, um Momente der <b>Kreativit\u00e4t oder Konzentration<\/b> zu begleiten.<\/p>\n<p>&nbsp;<\/p>\n<h3>Wirkung und Empfindungen<\/h3>\n<p>Dank ihrer dominanten Sativa-Genetik bietet <b>Tangie Banangi CBD<\/b> eine <b>leicht energetisierende und positive<\/b> Wirkung, ideal f\u00fcr die Anwendung w\u00e4hrend des Tages.<\/p>\n<p>Sie hilft, die <b>Konzentration und die Stimmung zu verbessern<\/b>, ohne die innere Ruhe zu st\u00f6ren, und bietet ein nat\u00fcrliches Gef\u00fchl von <b>Gleichgewicht und Wohlbefinden<\/b>.<\/p>\n<p>&nbsp;<\/p>\n<h3>Eigenschaften des legalen Cannabis Tangie Banangi CBD<\/h3>\n<ul>\n<li>Hanfbl\u00fcten<\/li>\n<li>Zwischen <b>11% und 13% CBD<\/b><\/li>\n<li>Weniger als <b>0,20% THC<\/b><\/li>\n<li>Genetik: <b>Tangie x Sour Diesel<\/b><\/li>\n<li>80% Sativa \/ 20% Indica<\/li>\n<li>Biologisch angebaut (<i>outdoor<\/i>)<\/li>\n<li>Keine psychoaktiven Effekte<\/li>\n<li>Frei von GVO und Pestiziden<\/li>\n<\/ul>\n<p>&nbsp;<\/p>\n<h3>Aussehen<\/h3>\n<p>Die Bl\u00fcten von <b>Tangi Banangi CBD<\/b> weisen eine <b>hell-olivgr\u00fcne Farbe<\/b> mit <b>orangefarbenen und gl\u00e4nzenden<\/b> Bl\u00fctenstempeln auf, bedeckt von einer feinen Schicht von <b>Trichomen<\/b>, die eine leicht klebrige Textur und ein kristallines Aussehen verleihen.<\/p>\n<p>Wie alle Bl\u00fcten von The Tree CBD enth\u00e4lt <b>Tangie Banangi CBD<\/b> <b>weniger als 0,20% THC<\/b> und entspricht damit den geltenden europ\u00e4ischen Vorschriften. Sie ist <b>100% legal in ganz Europa<\/b> und v\u00f6llig <b>frei von Schwermetallen, Zusatzstoffen und Pestiziden<\/b>.<\/p>\n","protected":false},"excerpt":{"rendered":"<h3>Eigenschaften des legalen Cannabis Tangie Banangi CBD<\/h3>\n<ul>\n<li>Offizielle Verpackung im Februar; vor\u00fcbergehender Versand mit generischer Verpackung.<\/li>\n<li>Hanfbl\u00fcten<\/li>\n<li>Zwischen <b>11% und 13% CBD<\/b><\/li>\n<li>Weniger als <b>0,20% THC<\/b><\/li>\n<li>Genetik: <b>Tangie x Sour Diesel<\/b><\/li>\n<li>80% Sativa \/ 20% Indica<\/li>\n<li>Biologisch angebaut (<i>outdoor<\/i>)<\/li>\n<li>Keine psychoaktiven Effekte<\/li>\n<li>Frei von GVO und Pestiziden<\/li>\n<\/ul>\n","protected":false},"featured_media":181702,"template":"","meta":{"_acf_changed":false},"product_brand":[],"class_list":{"0":"post-181744","1":"product","2":"type-product","3":"status-publish","4":"has-post-thumbnail","6":"product_cat-outdoor-anbau","7":"product_cat-bluten","9":"first","10":"instock","11":"taxable","12":"shipping-taxable","13":"purchasable","14":"product-type-variable"},"acf":[],"yoast_head":"<!-- This site is optimized with the Yoast SEO plugin v26.3 - https:\/\/yoast.com\/wordpress\/plugins\/seo\/ -->\n<title>Tangie Banangi CBD - The Tree CBD<\/title>\n<meta name=\"description\" content=\"The Tree CBD pr\u00e4sentiert Ihnen Tangie Banangi CBD, das Beste der Genetiken Tangie x Sour Diesel, 80 % Sativa \/ 20 % Indica, lebendig und stimulierend aromatisch.\" \/>\n<meta name=\"robots\" content=\"index, follow, max-snippet:-1, max-image-preview:large, max-video-preview:-1\" \/>\n<link rel=\"canonical\" href=\"https:\/\/thetreecbd.com\/de\/cbd\/tangie-banangi-cbd\" \/>\n<meta property=\"og:locale\" content=\"de_DE\" \/>\n<meta property=\"og:type\" content=\"article\" \/>\n<meta property=\"og:title\" content=\"Tangie Banangi CBD - The Tree CBD\" \/>\n<meta property=\"og:description\" content=\"The Tree CBD pr\u00e4sentiert Ihnen Tangie Banangi CBD, das Beste der Genetiken Tangie x Sour Diesel, 80 % Sativa \/ 20 % Indica, lebendig und stimulierend aromatisch.\" \/>\n<meta property=\"og:url\" content=\"https:\/\/thetreecbd.com\/de\/cbd\/tangie-banangi-cbd\" \/>\n<meta property=\"og:site_name\" content=\"The Tree CBD\" \/>\n<meta property=\"article:publisher\" content=\"https:\/\/www.facebook.com\/thetreeCBD\/\" \/>\n<meta property=\"article:modified_time\" content=\"2025-12-09T16:08:26+00:00\" \/>\n<meta property=\"og:image\" content=\"https:\/\/thetreecbd.com\/wp-content\/uploads\/2025\/10\/1-1.jpg\" \/>\n\t<meta property=\"og:image:width\" content=\"1080\" \/>\n\t<meta property=\"og:image:height\" content=\"1350\" \/>\n\t<meta property=\"og:image:type\" content=\"image\/jpeg\" \/>\n<meta name=\"twitter:card\" content=\"summary_large_image\" \/>\n<meta name=\"twitter:site\" content=\"@TheTreeCBD_EU\" \/>\n<meta name=\"twitter:label1\" content=\"Gesch\u00e4tzte Lesezeit\" \/>\n\t<meta name=\"twitter:data1\" content=\"2\u00a0Minuten\" \/>\n<script type=\"application\/ld+json\" class=\"yoast-schema-graph\">{\"@context\":\"https:\/\/schema.org\",\"@graph\":[{\"@type\":[\"WebPage\",\"ItemPage\"],\"@id\":\"https:\/\/thetreecbd.com\/de\/cbd\/tangie-banangi-cbd\",\"url\":\"https:\/\/thetreecbd.com\/de\/cbd\/tangie-banangi-cbd\",\"name\":\"Tangie Banangi CBD - The Tree CBD\",\"isPartOf\":{\"@id\":\"https:\/\/thetreecbd.com\/de#website\"},\"primaryImageOfPage\":{\"@id\":\"https:\/\/thetreecbd.com\/de\/cbd\/tangie-banangi-cbd#primaryimage\"},\"image\":{\"@id\":\"https:\/\/thetreecbd.com\/de\/cbd\/tangie-banangi-cbd#primaryimage\"},\"thumbnailUrl\":\"https:\/\/thetreecbd.com\/wp-content\/uploads\/2025\/10\/1-1.jpg\",\"datePublished\":\"2025-10-29T10:25:42+00:00\",\"dateModified\":\"2025-12-09T16:08:26+00:00\",\"description\":\"The Tree CBD pr\u00e4sentiert Ihnen Tangie Banangi CBD, das Beste der Genetiken Tangie x Sour Diesel, 80 % Sativa \/ 20 % Indica, lebendig und stimulierend aromatisch.\",\"breadcrumb\":{\"@id\":\"https:\/\/thetreecbd.com\/de\/cbd\/tangie-banangi-cbd#breadcrumb\"},\"inLanguage\":\"de\",\"potentialAction\":[{\"@type\":\"ReadAction\",\"target\":[\"https:\/\/thetreecbd.com\/de\/cbd\/tangie-banangi-cbd\"]}]},{\"@type\":\"ImageObject\",\"inLanguage\":\"de\",\"@id\":\"https:\/\/thetreecbd.com\/de\/cbd\/tangie-banangi-cbd#primaryimage\",\"url\":\"https:\/\/thetreecbd.com\/wp-content\/uploads\/2025\/10\/1-1.jpg\",\"contentUrl\":\"https:\/\/thetreecbd.com\/wp-content\/uploads\/2025\/10\/1-1.jpg\",\"width\":1080,\"height\":1350},{\"@type\":\"BreadcrumbList\",\"@id\":\"https:\/\/thetreecbd.com\/de\/cbd\/tangie-banangi-cbd#breadcrumb\",\"itemListElement\":[{\"@type\":\"ListItem\",\"position\":1,\"name\":\"The Tree\",\"item\":\"https:\/\/thetreecbd.com\/de\"},{\"@type\":\"ListItem\",\"position\":2,\"name\":\"CBD\",\"item\":\"https:\/\/thetreecbd.com\/es\/cbd\"},{\"@type\":\"ListItem\",\"position\":3,\"name\":\"CBD-Bl\u00fcten kaufen\",\"item\":\"https:\/\/thetreecbd.com\/de\/bluten\"},{\"@type\":\"ListItem\",\"position\":4,\"name\":\"Bl\u00fcten aus Outdoor-Anbau\",\"item\":\"https:\/\/thetreecbd.com\/de\/bluten\/outdoor-anbau\"},{\"@type\":\"ListItem\",\"position\":5,\"name\":\"Tangie Banangi CBD\"}]},{\"@type\":\"WebSite\",\"@id\":\"https:\/\/thetreecbd.com\/de#website\",\"url\":\"https:\/\/thetreecbd.com\/de\",\"name\":\"The Tree CBD\",\"description\":\"Comprar CBD en Espa\u00f1a Online\",\"publisher\":{\"@id\":\"https:\/\/thetreecbd.com\/de#organization\"},\"potentialAction\":[{\"@type\":\"SearchAction\",\"target\":{\"@type\":\"EntryPoint\",\"urlTemplate\":\"https:\/\/thetreecbd.com\/de?s={search_term_string}\"},\"query-input\":{\"@type\":\"PropertyValueSpecification\",\"valueRequired\":true,\"valueName\":\"search_term_string\"}}],\"inLanguage\":\"de\"},{\"@type\":\"Organization\",\"@id\":\"https:\/\/thetreecbd.com\/de#organization\",\"name\":\"The Tree CBD\",\"url\":\"https:\/\/thetreecbd.com\/de\",\"logo\":{\"@type\":\"ImageObject\",\"inLanguage\":\"de\",\"@id\":\"https:\/\/thetreecbd.com\/de#\/schema\/logo\/image\/\",\"url\":\"https:\/\/thetreecbd.com\/wp-content\/uploads\/2022\/04\/logo-thetree.png\",\"contentUrl\":\"https:\/\/thetreecbd.com\/wp-content\/uploads\/2022\/04\/logo-thetree.png\",\"width\":172,\"height\":55,\"caption\":\"The Tree CBD\"},\"image\":{\"@id\":\"https:\/\/thetreecbd.com\/de#\/schema\/logo\/image\/\"},\"sameAs\":[\"https:\/\/www.facebook.com\/thetreeCBD\/\",\"https:\/\/x.com\/TheTreeCBD_EU\",\"https:\/\/www.instagram.com\/thetree.cbd\/\",\"https:\/\/es.trustpilot.com\/review\/thetreecbd.com\"]}]}<\/script>\n<!-- \/ Yoast SEO plugin. -->","yoast_head_json":{"title":"Tangie Banangi CBD - The Tree CBD","description":"The Tree CBD pr\u00e4sentiert Ihnen Tangie Banangi CBD, das Beste der Genetiken Tangie x Sour Diesel, 80 % Sativa \/ 20 % Indica, lebendig und stimulierend aromatisch.","robots":{"index":"index","follow":"follow","max-snippet":"max-snippet:-1","max-image-preview":"max-image-preview:large","max-video-preview":"max-video-preview:-1"},"canonical":"https:\/\/thetreecbd.com\/de\/cbd\/tangie-banangi-cbd","og_locale":"de_DE","og_type":"article","og_title":"Tangie Banangi CBD - The Tree CBD","og_description":"The Tree CBD pr\u00e4sentiert Ihnen Tangie Banangi CBD, das Beste der Genetiken Tangie x Sour Diesel, 80 % Sativa \/ 20 % Indica, lebendig und stimulierend aromatisch.","og_url":"https:\/\/thetreecbd.com\/de\/cbd\/tangie-banangi-cbd","og_site_name":"The Tree CBD","article_publisher":"https:\/\/www.facebook.com\/thetreeCBD\/","article_modified_time":"2025-12-09T16:08:26+00:00","og_image":[{"width":1080,"height":1350,"url":"https:\/\/thetreecbd.com\/wp-content\/uploads\/2025\/10\/1-1.jpg","type":"image\/jpeg"}],"twitter_card":"summary_large_image","twitter_site":"@TheTreeCBD_EU","twitter_misc":{"Gesch\u00e4tzte Lesezeit":"2\u00a0Minuten"},"schema":{"@context":"https:\/\/schema.org","@graph":[{"@type":["WebPage","ItemPage"],"@id":"https:\/\/thetreecbd.com\/de\/cbd\/tangie-banangi-cbd","url":"https:\/\/thetreecbd.com\/de\/cbd\/tangie-banangi-cbd","name":"Tangie Banangi CBD - The Tree CBD","isPartOf":{"@id":"https:\/\/thetreecbd.com\/de#website"},"primaryImageOfPage":{"@id":"https:\/\/thetreecbd.com\/de\/cbd\/tangie-banangi-cbd#primaryimage"},"image":{"@id":"https:\/\/thetreecbd.com\/de\/cbd\/tangie-banangi-cbd#primaryimage"},"thumbnailUrl":"https:\/\/thetreecbd.com\/wp-content\/uploads\/2025\/10\/1-1.jpg","datePublished":"2025-10-29T10:25:42+00:00","dateModified":"2025-12-09T16:08:26+00:00","description":"The Tree CBD pr\u00e4sentiert Ihnen Tangie Banangi CBD, das Beste der Genetiken Tangie x Sour Diesel, 80 % Sativa \/ 20 % Indica, lebendig und stimulierend aromatisch.","breadcrumb":{"@id":"https:\/\/thetreecbd.com\/de\/cbd\/tangie-banangi-cbd#breadcrumb"},"inLanguage":"de","potentialAction":[{"@type":"ReadAction","target":["https:\/\/thetreecbd.com\/de\/cbd\/tangie-banangi-cbd"]}]},{"@type":"ImageObject","inLanguage":"de","@id":"https:\/\/thetreecbd.com\/de\/cbd\/tangie-banangi-cbd#primaryimage","url":"https:\/\/thetreecbd.com\/wp-content\/uploads\/2025\/10\/1-1.jpg","contentUrl":"https:\/\/thetreecbd.com\/wp-content\/uploads\/2025\/10\/1-1.jpg","width":1080,"height":1350},{"@type":"BreadcrumbList","@id":"https:\/\/thetreecbd.com\/de\/cbd\/tangie-banangi-cbd#breadcrumb","itemListElement":[{"@type":"ListItem","position":1,"name":"The Tree","item":"https:\/\/thetreecbd.com\/de"},{"@type":"ListItem","position":2,"name":"CBD","item":"https:\/\/thetreecbd.com\/es\/cbd"},{"@type":"ListItem","position":3,"name":"CBD-Bl\u00fcten kaufen","item":"https:\/\/thetreecbd.com\/de\/bluten"},{"@type":"ListItem","position":4,"name":"Bl\u00fcten aus Outdoor-Anbau","item":"https:\/\/thetreecbd.com\/de\/bluten\/outdoor-anbau"},{"@type":"ListItem","position":5,"name":"Tangie Banangi CBD"}]},{"@type":"WebSite","@id":"https:\/\/thetreecbd.com\/de#website","url":"https:\/\/thetreecbd.com\/de","name":"The Tree CBD","description":"Comprar CBD en Espa\u00f1a Online","publisher":{"@id":"https:\/\/thetreecbd.com\/de#organization"},"potentialAction":[{"@type":"SearchAction","target":{"@type":"EntryPoint","urlTemplate":"https:\/\/thetreecbd.com\/de?s={search_term_string}"},"query-input":{"@type":"PropertyValueSpecification","valueRequired":true,"valueName":"search_term_string"}}],"inLanguage":"de"},{"@type":"Organization","@id":"https:\/\/thetreecbd.com\/de#organization","name":"The Tree CBD","url":"https:\/\/thetreecbd.com\/de","logo":{"@type":"ImageObject","inLanguage":"de","@id":"https:\/\/thetreecbd.com\/de#\/schema\/logo\/image\/","url":"https:\/\/thetreecbd.com\/wp-content\/uploads\/2022\/04\/logo-thetree.png","contentUrl":"https:\/\/thetreecbd.com\/wp-content\/uploads\/2022\/04\/logo-thetree.png","width":172,"height":55,"caption":"The Tree CBD"},"image":{"@id":"https:\/\/thetreecbd.com\/de#\/schema\/logo\/image\/"},"sameAs":["https:\/\/www.facebook.com\/thetreeCBD\/","https:\/\/x.com\/TheTreeCBD_EU","https:\/\/www.instagram.com\/thetree.cbd\/","https:\/\/es.trustpilot.com\/review\/thetreecbd.com"]}]}},"_links":{"self":[{"href":"https:\/\/thetreecbd.com\/de\/wp-json\/wp\/v2\/product\/181744","targetHints":{"allow":["GET"]}}],"collection":[{"href":"https:\/\/thetreecbd.com\/de\/wp-json\/wp\/v2\/product"}],"about":[{"href":"https:\/\/thetreecbd.com\/de\/wp-json\/wp\/v2\/types\/product"}],"version-history":[{"count":0,"href":"https:\/\/thetreecbd.com\/de\/wp-json\/wp\/v2\/product\/181744\/revisions"}],"wp:featuredmedia":[{"embeddable":true,"href":"https:\/\/thetreecbd.com\/de\/wp-json\/wp\/v2\/media\/181702"}],"wp:attachment":[{"href":"https:\/\/thetreecbd.com\/de\/wp-json\/wp\/v2\/media?parent=181744"}],"wp:term":[{"taxonomy":"product_brand","embeddable":true,"href":"https:\/\/thetreecbd.com\/de\/wp-json\/wp\/v2\/product_brand?post=181744"}],"curies":[{"name":"wp","href":"https:\/\/api.w.org\/{rel}","templated":true}]}}