{"id":182888,"date":"2025-11-12T10:55:34","date_gmt":"2025-11-12T09:55:34","guid":{"rendered":"https:\/\/thetreecbd.com\/?post_type=product&#038;p=182888"},"modified":"2026-02-24T14:50:37","modified_gmt":"2026-02-24T13:50:37","slug":"kritikal-bilbo-cbd","status":"publish","type":"product","link":"https:\/\/thetreecbd.com\/de\/cbd\/kritikal-bilbo-cbd","title":{"rendered":"Kritikal Bilbo CBD"},"content":{"rendered":"<p data-path-to-node=\"25\">The Tree CBD pr\u00e4sentiert Ihnen <b data-path-to-node=\"25\" data-index-in-node=\"31\">Kritikal Bilbo CBD<\/b>, eine legale Premium-Bl\u00fcte mit ausgewogener Genetik (40 % Sativa \/ 60 % Indica), die durch ihr s\u00fc\u00dfes und erdiges Aroma sowie eine sanfte Wirkung besticht, ideal f\u00fcr Entspannung und t\u00e4gliches Wohlbefinden.<\/p>\n<p data-path-to-node=\"26\">Zu 100 % nat\u00fcrlich im Freien (<i data-path-to-node=\"26\" data-index-in-node=\"30\">Outdoor<\/i>) angebaut, ohne Pestizide oder Zusatzstoffe, verk\u00f6rpert diese Sorte die Essenz des authentischsten Hanfs: Qualit\u00e4t, Reinheit und unverwechselbarer Geschmack.<\/p>\n<h3 data-path-to-node=\"27\">Aroma und Geschmack von Kritikal Bilbo<\/h3>\n<p data-path-to-node=\"28\"><b data-path-to-node=\"28\" data-index-in-node=\"0\">Kritikal Bilbo CBD<\/b> bietet ein intensives und einh\u00fcllendes Aromaprofil, bei dem s\u00fc\u00dfe und fruchtige Noten mit erdigen Nuancen dominieren. Sein Bouquet erinnert an reife Fr\u00fcchte und florale Akzente und schafft ein warmes und ausgewogenes Geschmackserlebnis.<\/p>\n<p data-path-to-node=\"29\">Ein moderner Klassiker unter den CBD-Bl\u00fcten aufgrund seines tiefen und angenehmen Geschmacks, ideal f\u00fcr alle, die ein reichhaltiges und nat\u00fcrliches sensorisches Erlebnis suchen.<\/p>\n<h3 data-path-to-node=\"30\">Wirkung und Empfindungen<\/h3>\n<p data-path-to-node=\"31\">Dank ihrer ausgewogenen Genetik zwischen Sativa und Indica bietet <b data-path-to-node=\"31\" data-index-in-node=\"66\">Kritikal Bilbo CBD<\/b> eine entspannende, aber klare Wirkung, die hilft, K\u00f6rper und Geist ohne psychoaktive Effekte zu beruhigen.<\/p>\n<p data-path-to-node=\"32\">Perfekt f\u00fcr alle, die Stress abbauen oder am Ende des Tages abschalten m\u00f6chten, ohne das Gef\u00fchl von Fokus und Gelassenheit zu verlieren. Ihre nat\u00fcrliche Balance macht sie zu einer vielseitigen Bl\u00fcte, die sowohl f\u00fcr Neueinsteiger als auch f\u00fcr erfahrene Konsumenten geeignet ist.<\/p>\n<h3 data-path-to-node=\"33\">Eigenschaften von legalem Cannabis Kritikal Bilbo CBD<\/h3>\n<ul data-path-to-node=\"34\">\n<li>\n<p data-path-to-node=\"34,0,0\">Nat\u00fcrliche Hanfbl\u00fcten<\/p>\n<\/li>\n<li>\n<p data-path-to-node=\"34,1,0\">Zwischen 11 % und 13 % CBD<\/p>\n<\/li>\n<li>\n<p data-path-to-node=\"34,2,0\">Weniger als 0,20 % THC<\/p>\n<\/li>\n<li>\n<p data-path-to-node=\"34,3,0\">Ausgewogene Genetik: 40 % Sativa \/ 60 % Indica<\/p>\n<\/li>\n<li>\n<p data-path-to-node=\"34,4,0\">Organischer Anbau (<i data-path-to-node=\"34,4,0\" data-index-in-node=\"19\">Outdoor<\/i>)<\/p>\n<\/li>\n<li>\n<p data-path-to-node=\"34,5,0\">Keine psychoaktiven Effekte<\/p>\n<\/li>\n<li>\n<p data-path-to-node=\"34,6,0\">GVO- und pestizidfrei<\/p>\n<\/li>\n<\/ul>\n<h3 data-path-to-node=\"35\">Aussehen von Kritikal Bilbo CBD<\/h3>\n<p data-path-to-node=\"36\">Die Bl\u00fcten von <b data-path-to-node=\"36\" data-index-in-node=\"15\">Kritikal Bilbo CBD<\/b> weisen intensive Gr\u00fcnt\u00f6ne mit orangefarbenen Stempeln und einer reichhaltigen Schicht von Trichomen auf, die f\u00fcr Glanz und eine kompakte Textur sorgen. Ihr dichtes und harziges Aussehen spiegelt die hohe Qualit\u00e4t des Anbaus und die Sorgfalt bei der Reifung wider.<\/p>\n<p data-path-to-node=\"37\">Wie alle Bl\u00fcten von The Tree CBD enth\u00e4lt sie weniger als 0,20 % THC, entspricht den geltenden europ\u00e4ischen Vorschriften und garantiert ein 100 % legales, sicheres und nat\u00fcrliches Erlebnis.<\/p>\n<h3 data-path-to-node=\"38\">Zielgruppe<\/h3>\n<p data-path-to-node=\"39\">Bl\u00fcten aus dem Au\u00dfenanbau oder <i data-path-to-node=\"39\" data-index-in-node=\"31\">Outdoor<\/i>-Bereich sind f\u00fcr diejenigen gedacht, die ein nat\u00fcrliches und preisg\u00fcnstiges Produkt suchen. Der <i data-path-to-node=\"39\" data-index-in-node=\"135\">Outdoor<\/i>-Anbau ist eine Methode, die von den Romantikern des Cannabis sehr gesch\u00e4tzt wird, da Umwelteinfl\u00fcsse kein Hindernis f\u00fcr exzellente Fr\u00fcchte sein sollten.<\/p>\n<p data-path-to-node=\"40\">Zwar kann das Sonnenlicht die Farbe der Bl\u00fcte etwas dunkler machen, doch sollte man Aspekte wie Nachhaltigkeit und Wirtschaftlichkeit sch\u00e4tzen, die dieses Produkt f\u00fcr den K\u00e4ufer erschwinglicher machen.<\/p>\n<h3 data-path-to-node=\"41\">Sicherheitshinweis<\/h3>\n<p data-path-to-node=\"42\">Bitte beachten Sie, dass die CBD-Bl\u00fcten von The Tree ein Dekorations-, Sammler- und Aromaprodukt sind. Sie d\u00fcrfen nicht w\u00e4hrend der Schwangerschaft oder Stillzeit verwendet werden. Au\u00dferhalb der Reichweite von Kindern aufbewahren.<\/p>\n<p data-path-to-node=\"43\">Dieser Inhalt dient nur zu Informationszwecken und ersetzt keine \u00e4rztliche Beratung. Unsere Texte sind nicht zur eigenst\u00e4ndigen Diagnose oder Behandlung von Krankheiten bestimmt.<\/p>\n<h3 data-path-to-node=\"44\">Lagerung<\/h3>\n<p data-path-to-node=\"45\">Idealerweise an einem k\u00fchlen, trockenen Ort, gesch\u00fctzt vor Licht und starken Ger\u00fcchen, lagern. Direktes Sonnenlicht und Hitze vermeiden. Die Haltbarkeit betr\u00e4gt bei korrekter Lagerung einen Monat.<\/p>\n<p><b>Achtung:<\/b> Die angegebene Haltbarkeit betr\u00e4gt einen Monat bei korrekter Lagerung.<\/p>\n","protected":false},"excerpt":{"rendered":"<ul>\n<li>Offizielle Verpackung im Februar; vor\u00fcbergehender Versand mit generischer Verpackung.<\/li>\n<li>Nat\u00fcrliche Hanfbl\u00fcten<\/li>\n<li>Zwischen <b>11% und 13% CBD<\/b><\/li>\n<li>Weniger als <b>0,20% THC<\/b><\/li>\n<li>Ausgewogene Genetik: <b>40% Sativa \/ 60% Indica<\/b><\/li>\n<li><b>Organischer Anbau (<i>outdoor<\/i>)<\/b><\/li>\n<li>Keine psychoaktiven Effekte<\/li>\n<li>Frei von GVO und Pestiziden<\/li>\n<\/ul>\n","protected":false},"featured_media":183147,"template":"","meta":{"_acf_changed":false},"product_brand":[],"class_list":{"0":"post-182888","1":"product","2":"type-product","3":"status-publish","4":"has-post-thumbnail","6":"product_cat-outdoor-anbau","7":"product_cat-bluten","9":"first","10":"instock","11":"taxable","12":"shipping-taxable","13":"purchasable","14":"product-type-variable"},"acf":[],"yoast_head":"<!-- This site is optimized with the Yoast SEO plugin v26.3 - https:\/\/yoast.com\/wordpress\/plugins\/seo\/ -->\n<title>Kritikal Bilbo CBD - The Tree CBD<\/title>\n<meta name=\"description\" content=\"Kritikal Bilbo CBD, eine Premium-Bl\u00fcte mit ausgewogener Genetik (40% Sativa \/ 60% Indica), die sich durch ihr s\u00fc\u00dfes und erdiges Aroma und eine sanfte Wirkung auszeichnet.\" \/>\n<meta name=\"robots\" content=\"index, follow, max-snippet:-1, max-image-preview:large, max-video-preview:-1\" \/>\n<link rel=\"canonical\" href=\"https:\/\/thetreecbd.com\/de\/cbd\/kritikal-bilbo-cbd\" \/>\n<meta property=\"og:locale\" content=\"de_DE\" \/>\n<meta property=\"og:type\" content=\"article\" \/>\n<meta property=\"og:title\" content=\"Kritikal Bilbo CBD - The Tree CBD\" \/>\n<meta property=\"og:description\" content=\"Kritikal Bilbo CBD, eine Premium-Bl\u00fcte mit ausgewogener Genetik (40% Sativa \/ 60% Indica), die sich durch ihr s\u00fc\u00dfes und erdiges Aroma und eine sanfte Wirkung auszeichnet.\" \/>\n<meta property=\"og:url\" content=\"https:\/\/thetreecbd.com\/de\/cbd\/kritikal-bilbo-cbd\" \/>\n<meta property=\"og:site_name\" content=\"The Tree CBD\" \/>\n<meta property=\"article:publisher\" content=\"https:\/\/www.facebook.com\/thetreeCBD\/\" \/>\n<meta property=\"article:modified_time\" content=\"2026-02-24T13:50:37+00:00\" \/>\n<meta property=\"og:image\" content=\"https:\/\/thetreecbd.com\/wp-content\/uploads\/2025\/11\/Kritikal-Bilbo-thetreecbd-web-1.jpg\" \/>\n\t<meta property=\"og:image:width\" content=\"1080\" \/>\n\t<meta property=\"og:image:height\" content=\"1350\" \/>\n\t<meta property=\"og:image:type\" content=\"image\/jpeg\" \/>\n<meta name=\"twitter:card\" content=\"summary_large_image\" \/>\n<meta name=\"twitter:site\" content=\"@TheTreeCBD_EU\" \/>\n<meta name=\"twitter:label1\" content=\"Gesch\u00e4tzte Lesezeit\" \/>\n\t<meta name=\"twitter:data1\" content=\"3\u00a0Minuten\" \/>\n<script type=\"application\/ld+json\" class=\"yoast-schema-graph\">{\"@context\":\"https:\/\/schema.org\",\"@graph\":[{\"@type\":[\"WebPage\",\"ItemPage\"],\"@id\":\"https:\/\/thetreecbd.com\/de\/cbd\/kritikal-bilbo-cbd\",\"url\":\"https:\/\/thetreecbd.com\/de\/cbd\/kritikal-bilbo-cbd\",\"name\":\"Kritikal Bilbo CBD - The Tree CBD\",\"isPartOf\":{\"@id\":\"https:\/\/thetreecbd.com\/de#website\"},\"primaryImageOfPage\":{\"@id\":\"https:\/\/thetreecbd.com\/de\/cbd\/kritikal-bilbo-cbd#primaryimage\"},\"image\":{\"@id\":\"https:\/\/thetreecbd.com\/de\/cbd\/kritikal-bilbo-cbd#primaryimage\"},\"thumbnailUrl\":\"https:\/\/thetreecbd.com\/wp-content\/uploads\/2025\/11\/Kritikal-Bilbo-thetreecbd-web-1.jpg\",\"datePublished\":\"2025-11-12T09:55:34+00:00\",\"dateModified\":\"2026-02-24T13:50:37+00:00\",\"description\":\"Kritikal Bilbo CBD, eine Premium-Bl\u00fcte mit ausgewogener Genetik (40% Sativa \/ 60% Indica), die sich durch ihr s\u00fc\u00dfes und erdiges Aroma und eine sanfte Wirkung auszeichnet.\",\"breadcrumb\":{\"@id\":\"https:\/\/thetreecbd.com\/de\/cbd\/kritikal-bilbo-cbd#breadcrumb\"},\"inLanguage\":\"de\",\"potentialAction\":[{\"@type\":\"ReadAction\",\"target\":[\"https:\/\/thetreecbd.com\/de\/cbd\/kritikal-bilbo-cbd\"]}]},{\"@type\":\"ImageObject\",\"inLanguage\":\"de\",\"@id\":\"https:\/\/thetreecbd.com\/de\/cbd\/kritikal-bilbo-cbd#primaryimage\",\"url\":\"https:\/\/thetreecbd.com\/wp-content\/uploads\/2025\/11\/Kritikal-Bilbo-thetreecbd-web-1.jpg\",\"contentUrl\":\"https:\/\/thetreecbd.com\/wp-content\/uploads\/2025\/11\/Kritikal-Bilbo-thetreecbd-web-1.jpg\",\"width\":1080,\"height\":1350},{\"@type\":\"BreadcrumbList\",\"@id\":\"https:\/\/thetreecbd.com\/de\/cbd\/kritikal-bilbo-cbd#breadcrumb\",\"itemListElement\":[{\"@type\":\"ListItem\",\"position\":1,\"name\":\"The Tree\",\"item\":\"https:\/\/thetreecbd.com\/de\"},{\"@type\":\"ListItem\",\"position\":2,\"name\":\"CBD\",\"item\":\"https:\/\/thetreecbd.com\/es\/cbd\"},{\"@type\":\"ListItem\",\"position\":3,\"name\":\"CBD-Bl\u00fcten kaufen\",\"item\":\"https:\/\/thetreecbd.com\/de\/bluten\"},{\"@type\":\"ListItem\",\"position\":4,\"name\":\"Bl\u00fcten aus Outdoor-Anbau\",\"item\":\"https:\/\/thetreecbd.com\/de\/bluten\/outdoor-anbau\"},{\"@type\":\"ListItem\",\"position\":5,\"name\":\"Kritikal Bilbo CBD\"}]},{\"@type\":\"WebSite\",\"@id\":\"https:\/\/thetreecbd.com\/de#website\",\"url\":\"https:\/\/thetreecbd.com\/de\",\"name\":\"The Tree CBD\",\"description\":\"Comprar CBD en Espa\u00f1a Online\",\"publisher\":{\"@id\":\"https:\/\/thetreecbd.com\/de#organization\"},\"potentialAction\":[{\"@type\":\"SearchAction\",\"target\":{\"@type\":\"EntryPoint\",\"urlTemplate\":\"https:\/\/thetreecbd.com\/de?s={search_term_string}\"},\"query-input\":{\"@type\":\"PropertyValueSpecification\",\"valueRequired\":true,\"valueName\":\"search_term_string\"}}],\"inLanguage\":\"de\"},{\"@type\":\"Organization\",\"@id\":\"https:\/\/thetreecbd.com\/de#organization\",\"name\":\"The Tree CBD\",\"url\":\"https:\/\/thetreecbd.com\/de\",\"logo\":{\"@type\":\"ImageObject\",\"inLanguage\":\"de\",\"@id\":\"https:\/\/thetreecbd.com\/de#\/schema\/logo\/image\/\",\"url\":\"https:\/\/thetreecbd.com\/wp-content\/uploads\/2022\/04\/logo-thetree.png\",\"contentUrl\":\"https:\/\/thetreecbd.com\/wp-content\/uploads\/2022\/04\/logo-thetree.png\",\"width\":172,\"height\":55,\"caption\":\"The Tree CBD\"},\"image\":{\"@id\":\"https:\/\/thetreecbd.com\/de#\/schema\/logo\/image\/\"},\"sameAs\":[\"https:\/\/www.facebook.com\/thetreeCBD\/\",\"https:\/\/x.com\/TheTreeCBD_EU\",\"https:\/\/www.instagram.com\/thetree.cbd\/\",\"https:\/\/es.trustpilot.com\/review\/thetreecbd.com\"]}]}<\/script>\n<!-- \/ Yoast SEO plugin. -->","yoast_head_json":{"title":"Kritikal Bilbo CBD - The Tree CBD","description":"Kritikal Bilbo CBD, eine Premium-Bl\u00fcte mit ausgewogener Genetik (40% Sativa \/ 60% Indica), die sich durch ihr s\u00fc\u00dfes und erdiges Aroma und eine sanfte Wirkung auszeichnet.","robots":{"index":"index","follow":"follow","max-snippet":"max-snippet:-1","max-image-preview":"max-image-preview:large","max-video-preview":"max-video-preview:-1"},"canonical":"https:\/\/thetreecbd.com\/de\/cbd\/kritikal-bilbo-cbd","og_locale":"de_DE","og_type":"article","og_title":"Kritikal Bilbo CBD - The Tree CBD","og_description":"Kritikal Bilbo CBD, eine Premium-Bl\u00fcte mit ausgewogener Genetik (40% Sativa \/ 60% Indica), die sich durch ihr s\u00fc\u00dfes und erdiges Aroma und eine sanfte Wirkung auszeichnet.","og_url":"https:\/\/thetreecbd.com\/de\/cbd\/kritikal-bilbo-cbd","og_site_name":"The Tree CBD","article_publisher":"https:\/\/www.facebook.com\/thetreeCBD\/","article_modified_time":"2026-02-24T13:50:37+00:00","og_image":[{"width":1080,"height":1350,"url":"https:\/\/thetreecbd.com\/wp-content\/uploads\/2025\/11\/Kritikal-Bilbo-thetreecbd-web-1.jpg","type":"image\/jpeg"}],"twitter_card":"summary_large_image","twitter_site":"@TheTreeCBD_EU","twitter_misc":{"Gesch\u00e4tzte Lesezeit":"3\u00a0Minuten"},"schema":{"@context":"https:\/\/schema.org","@graph":[{"@type":["WebPage","ItemPage"],"@id":"https:\/\/thetreecbd.com\/de\/cbd\/kritikal-bilbo-cbd","url":"https:\/\/thetreecbd.com\/de\/cbd\/kritikal-bilbo-cbd","name":"Kritikal Bilbo CBD - The Tree CBD","isPartOf":{"@id":"https:\/\/thetreecbd.com\/de#website"},"primaryImageOfPage":{"@id":"https:\/\/thetreecbd.com\/de\/cbd\/kritikal-bilbo-cbd#primaryimage"},"image":{"@id":"https:\/\/thetreecbd.com\/de\/cbd\/kritikal-bilbo-cbd#primaryimage"},"thumbnailUrl":"https:\/\/thetreecbd.com\/wp-content\/uploads\/2025\/11\/Kritikal-Bilbo-thetreecbd-web-1.jpg","datePublished":"2025-11-12T09:55:34+00:00","dateModified":"2026-02-24T13:50:37+00:00","description":"Kritikal Bilbo CBD, eine Premium-Bl\u00fcte mit ausgewogener Genetik (40% Sativa \/ 60% Indica), die sich durch ihr s\u00fc\u00dfes und erdiges Aroma und eine sanfte Wirkung auszeichnet.","breadcrumb":{"@id":"https:\/\/thetreecbd.com\/de\/cbd\/kritikal-bilbo-cbd#breadcrumb"},"inLanguage":"de","potentialAction":[{"@type":"ReadAction","target":["https:\/\/thetreecbd.com\/de\/cbd\/kritikal-bilbo-cbd"]}]},{"@type":"ImageObject","inLanguage":"de","@id":"https:\/\/thetreecbd.com\/de\/cbd\/kritikal-bilbo-cbd#primaryimage","url":"https:\/\/thetreecbd.com\/wp-content\/uploads\/2025\/11\/Kritikal-Bilbo-thetreecbd-web-1.jpg","contentUrl":"https:\/\/thetreecbd.com\/wp-content\/uploads\/2025\/11\/Kritikal-Bilbo-thetreecbd-web-1.jpg","width":1080,"height":1350},{"@type":"BreadcrumbList","@id":"https:\/\/thetreecbd.com\/de\/cbd\/kritikal-bilbo-cbd#breadcrumb","itemListElement":[{"@type":"ListItem","position":1,"name":"The Tree","item":"https:\/\/thetreecbd.com\/de"},{"@type":"ListItem","position":2,"name":"CBD","item":"https:\/\/thetreecbd.com\/es\/cbd"},{"@type":"ListItem","position":3,"name":"CBD-Bl\u00fcten kaufen","item":"https:\/\/thetreecbd.com\/de\/bluten"},{"@type":"ListItem","position":4,"name":"Bl\u00fcten aus Outdoor-Anbau","item":"https:\/\/thetreecbd.com\/de\/bluten\/outdoor-anbau"},{"@type":"ListItem","position":5,"name":"Kritikal Bilbo CBD"}]},{"@type":"WebSite","@id":"https:\/\/thetreecbd.com\/de#website","url":"https:\/\/thetreecbd.com\/de","name":"The Tree CBD","description":"Comprar CBD en Espa\u00f1a Online","publisher":{"@id":"https:\/\/thetreecbd.com\/de#organization"},"potentialAction":[{"@type":"SearchAction","target":{"@type":"EntryPoint","urlTemplate":"https:\/\/thetreecbd.com\/de?s={search_term_string}"},"query-input":{"@type":"PropertyValueSpecification","valueRequired":true,"valueName":"search_term_string"}}],"inLanguage":"de"},{"@type":"Organization","@id":"https:\/\/thetreecbd.com\/de#organization","name":"The Tree CBD","url":"https:\/\/thetreecbd.com\/de","logo":{"@type":"ImageObject","inLanguage":"de","@id":"https:\/\/thetreecbd.com\/de#\/schema\/logo\/image\/","url":"https:\/\/thetreecbd.com\/wp-content\/uploads\/2022\/04\/logo-thetree.png","contentUrl":"https:\/\/thetreecbd.com\/wp-content\/uploads\/2022\/04\/logo-thetree.png","width":172,"height":55,"caption":"The Tree CBD"},"image":{"@id":"https:\/\/thetreecbd.com\/de#\/schema\/logo\/image\/"},"sameAs":["https:\/\/www.facebook.com\/thetreeCBD\/","https:\/\/x.com\/TheTreeCBD_EU","https:\/\/www.instagram.com\/thetree.cbd\/","https:\/\/es.trustpilot.com\/review\/thetreecbd.com"]}]}},"_links":{"self":[{"href":"https:\/\/thetreecbd.com\/de\/wp-json\/wp\/v2\/product\/182888","targetHints":{"allow":["GET"]}}],"collection":[{"href":"https:\/\/thetreecbd.com\/de\/wp-json\/wp\/v2\/product"}],"about":[{"href":"https:\/\/thetreecbd.com\/de\/wp-json\/wp\/v2\/types\/product"}],"version-history":[{"count":0,"href":"https:\/\/thetreecbd.com\/de\/wp-json\/wp\/v2\/product\/182888\/revisions"}],"wp:featuredmedia":[{"embeddable":true,"href":"https:\/\/thetreecbd.com\/de\/wp-json\/wp\/v2\/media\/183147"}],"wp:attachment":[{"href":"https:\/\/thetreecbd.com\/de\/wp-json\/wp\/v2\/media?parent=182888"}],"wp:term":[{"taxonomy":"product_brand","embeddable":true,"href":"https:\/\/thetreecbd.com\/de\/wp-json\/wp\/v2\/product_brand?post=182888"}],"curies":[{"name":"wp","href":"https:\/\/api.w.org\/{rel}","templated":true}]}}