{"id":183694,"date":"2025-11-17T16:06:53","date_gmt":"2025-11-17T15:06:53","guid":{"rendered":"https:\/\/thetreecbd.com\/cbd\/cbd-pre-rolls-amnesia"},"modified":"2025-11-17T16:06:53","modified_gmt":"2025-11-17T15:06:53","slug":"cbd-pre-rolls-amnesia","status":"publish","type":"product","link":"https:\/\/thetreecbd.com\/de\/cbd\/cbd-pre-rolls-amnesia","title":{"rendered":"CBD Pre-Rolls. Amnesia"},"content":{"rendered":"<p data-path-to-node=\"26\">Die neuen <b>CBD Pre-rolls Amnesia<\/b>. Sie sind mit unserem Hanf in seiner nat\u00fcrlichsten Form gef\u00fcllt und mit einer perfekten Kombination aus <i>Top Trim<\/i> und <b>gemahlenen CBD-Bl\u00fcten<\/b> versehen.<\/p>\n<p data-path-to-node=\"27\">Hergestellt aus komplett nat\u00fcrlichem Hanf, enth\u00e4lt jeder <i>Pre-roll<\/i> etwa <b>150 mg CBD<\/b>. Dar\u00fcber hinaus wird er mit CBD von h\u00f6chster Qualit\u00e4t hergestellt, die die Natur zu bieten hat. Im Labor von Drittanbietern getestet, GMP-zertifiziert, ohne Zusatzstoffe und handverpackt.<\/p>\n<p data-path-to-node=\"28\">Hergestellt mit unseren <b>100% hochwertigen CBD-Bl\u00fcten<\/b>. Diese <b>CBD <i>Pre-rolls<\/i><\/b> aus Hanfbl\u00fcten sind die perfekte Art, eine exquisite Mischung unserer meistverkauften Hanfsorten zu genie\u00dfen, in diesem Fall <b>Amnesia<\/b>.<\/p>\n<p data-path-to-node=\"29\">Au\u00dferdem ist jedes dieser Produkte mit Bio-Hanfpapier hergestellt und verf\u00fcgt \u00fcber einen hochwertigen Filter (<i>crutch<\/i> \/ <i>mouthpiece<\/i>), um das sanfteste Erlebnis zu gew\u00e4hrleisten.<\/p>\n<p data-path-to-node=\"30\">Des Weiteren, egal ob Sie sozial oder alleine rauchen, das von uns angebotene Produkt ist eine der beliebtesten Arten, Cannabis zu konsumieren. Die meisten Konsumenten kennen THC-dominante <i>Pre-rolls<\/i>, aber diejenigen, die CBD enthalten, beginnen, die Cannabisindustrie im Sturm zu erobern.<\/p>\n<p data-path-to-node=\"31\">The Tree CBD bietet Ihnen die schnellste CBD-Liefermethode als nat\u00fcrliche, nikotin- und tabakfreie Alternative, perfekt zum Genie\u00dfen, wenn Sie eine Pause oder sofortige Ruhe ben\u00f6tigen.<\/p>\n<p data-path-to-node=\"32\">\n<h3>Eigenschaften der CBD Pre-rolls<\/h3>\n<ul data-path-to-node=\"33\">\n<li>\n<p data-path-to-node=\"33,0,0\">Pre-Rolls aus CBD-Bl\u00fcten<\/p>\n<\/li>\n<li>\n<p data-path-to-node=\"33,1,0\">Enth\u00e4lt keinen Tabak oder Nikotin<\/p>\n<\/li>\n<li>\n<p data-path-to-node=\"33,2,0\">Weniger als 0.19% THC<\/p>\n<\/li>\n<li>\n<p data-path-to-node=\"33,3,0\">20% bis 23% CBD<\/p>\n<\/li>\n<li>\n<p data-path-to-node=\"33,4,0\">Keine psychoaktiven Effekte<\/p>\n<\/li>\n<li>\n<p data-path-to-node=\"33,5,0\">Biologisch angebaut<\/p>\n<\/li>\n<li>\n<p data-path-to-node=\"33,6,0\">GMO-frei<\/p>\n<\/li>\n<li>\n<p data-path-to-node=\"33,7,0\">Frei von Pestiziden<\/p>\n<\/li>\n<\/ul>\n<p data-path-to-node=\"34\">\n<h3>Aroma CBD Pre-rolls<\/h3>\n<p data-path-to-node=\"35\">Terpene finden sich in den meisten \u00e4therischen \u00d6len vieler Pflanzen, Blumen und Fr\u00fcchte und sind f\u00fcr Geruch und Geschmack verantwortlich. In Cannabis finden wir ein breites Terpenprofil.<\/p>\n<p data-path-to-node=\"36\">Die Terpene, die Sie in den aromatischen Cones finden k\u00f6nnen, sind eine Mischung von Terpenen, die von unserem Team ausgew\u00e4hlt wurden, als das <i>Trim<\/i> zum F\u00fcllen der Cones gemischt wurde.<\/p>\n<p data-path-to-node=\"37\">\n<h3>Zielgruppe<\/h3>\n<p data-path-to-node=\"38\">CBD <i>Pre-rolls<\/i> sind ideal f\u00fcr K\u00e4ufer, die die gewohnte Qualit\u00e4t zu einem niedrigeren Preis suchen.<\/p>\n<p data-path-to-node=\"39\">Da es sich um ein Nebenprodukt oder eine Minderware handelt, erm\u00f6glichen diese aromatischen Cones den Zugang zu einem Mix von Top-Sorten zu einem stark reduzierten Preis, wobei jedoch immer die gleiche Qualit\u00e4t von The Tree CBD erhalten bleibt.<\/p>\n<p data-path-to-node=\"40\">\n<h3>Sicherheitshinweis<\/h3>\n<p data-path-to-node=\"41\">Bitte beachten Sie, dass die CBD <i>Pre-rolls<\/i> von The Tree ein Dekorations-, Sammler- und Aromaprodukt sind. Sie d\u00fcrfen w\u00e4hrend der Schwangerschaft oder Stillzeit nicht verwendet werden. Au\u00dferhalb der Reichweite von Kindern aufbewahren.<\/p>\n<p data-path-to-node=\"42\">Unsere CBD <i>Pre-rolls<\/i> k\u00f6nnen eine bestimmte Menge an THC enthalten. Dies liegt selbstverst\u00e4ndlich unter dem EU-Grenzwert von 0,2 % THC.<\/p>\n<p data-path-to-node=\"43\">Der bereitgestellte Inhalt dient nur zu Informations- und Schulungszwecken und ersetzt in keiner Weise die medizinische Beratung durch einen Arzt oder Apotheker. Unsere Texte sind nicht zur eigenst\u00e4ndigen Diagnose und Behandlung von Krankheiten bestimmt.<\/p>\n<p data-path-to-node=\"44\">Z\u00f6gern Sie nicht, uns bei weiteren Fragen zu kontaktieren.<\/p>\n<p data-path-to-node=\"45\">\n<h3>Lagerung<\/h3>\n<p data-path-to-node=\"46\">Idealerweise sollten die CBD-Bl\u00fcten von The Tree an einem k\u00fchlen und trockenen Ort gelagert werden, gesch\u00fctzt vor Licht und starken Ger\u00fcchen, um jegliche Art von Kontamination und\/oder Abbau zu vermeiden. Direkte Sonneneinstrahlung und Hitze vermeiden.<\/p>\n<p data-path-to-node=\"47\"><b>Achtung:<\/b> Die angegebene Haltbarkeit betr\u00e4gt einen Monat bei korrekter Lagerung.<\/p>\n","protected":false},"excerpt":{"rendered":"<ul data-path-to-node=\"33\">\n<li>\n<p data-path-to-node=\"33,0,0\">Pre-Rolls aus CBD-Bl\u00fcten<\/p>\n<\/li>\n<li>\n<p data-path-to-node=\"33,1,0\">Enth\u00e4lt keinen Tabak oder Nikotin<\/p>\n<\/li>\n<li>\n<p data-path-to-node=\"33,2,0\">Weniger als 0.19% THC<\/p>\n<\/li>\n<li>\n<p data-path-to-node=\"33,3,0\">20% bis 23% CBD<\/p>\n<\/li>\n<li>\n<p data-path-to-node=\"33,4,0\">Keine psychoaktiven Effekte<\/p>\n<\/li>\n<li>\n<p data-path-to-node=\"33,5,0\">Biologisch angebaut<\/p>\n<\/li>\n<li>\n<p data-path-to-node=\"33,6,0\">GMO-frei<\/p>\n<\/li>\n<li>\n<p data-path-to-node=\"33,7,0\">Frei von Pestiziden<\/p>\n<\/li>\n<\/ul>\n","protected":false},"featured_media":183783,"template":"","meta":{"_acf_changed":false},"product_brand":[],"class_list":{"0":"post-183694","1":"product","2":"type-product","3":"status-publish","4":"has-post-thumbnail","6":"product_cat-bluten","7":"product_cat-pre-rolls-de","9":"first","10":"outofstock","11":"taxable","12":"shipping-taxable","13":"purchasable","14":"product-type-variable"},"acf":[],"yoast_head":"<!-- This site is optimized with the Yoast SEO plugin v26.3 - https:\/\/yoast.com\/wordpress\/plugins\/seo\/ -->\n<title>CBD Pre-Rolls. Amnesia - The Tree CBD<\/title>\n<meta name=\"description\" content=\"Die neuen CBD Pre-rolls Amnesia. Unser Hanf in seiner nat\u00fcrlichsten Form und mit einer perfekten Kombination aus Top Trim und gemahlenen CBD-Bl\u00fcten.\" \/>\n<meta name=\"robots\" content=\"index, follow, max-snippet:-1, max-image-preview:large, max-video-preview:-1\" \/>\n<link rel=\"canonical\" href=\"https:\/\/thetreecbd.com\/de\/cbd\/cbd-pre-rolls-amnesia\" \/>\n<meta property=\"og:locale\" content=\"de_DE\" \/>\n<meta property=\"og:type\" content=\"article\" \/>\n<meta property=\"og:title\" content=\"CBD Pre-Rolls. Amnesia - The Tree CBD\" \/>\n<meta property=\"og:description\" content=\"Die neuen CBD Pre-rolls Amnesia. Unser Hanf in seiner nat\u00fcrlichsten Form und mit einer perfekten Kombination aus Top Trim und gemahlenen CBD-Bl\u00fcten.\" \/>\n<meta property=\"og:url\" content=\"https:\/\/thetreecbd.com\/de\/cbd\/cbd-pre-rolls-amnesia\" \/>\n<meta property=\"og:site_name\" content=\"The Tree CBD\" \/>\n<meta property=\"article:publisher\" content=\"https:\/\/www.facebook.com\/thetreeCBD\/\" \/>\n<meta property=\"og:image\" content=\"https:\/\/thetreecbd.com\/wp-content\/uploads\/2025\/11\/amnesia-preroll-cbd-thetree-web.jpg\" \/>\n\t<meta property=\"og:image:width\" content=\"1080\" \/>\n\t<meta property=\"og:image:height\" content=\"1350\" \/>\n\t<meta property=\"og:image:type\" content=\"image\/jpeg\" \/>\n<meta name=\"twitter:card\" content=\"summary_large_image\" \/>\n<meta name=\"twitter:site\" content=\"@TheTreeCBD_EU\" \/>\n<meta name=\"twitter:label1\" content=\"Gesch\u00e4tzte Lesezeit\" \/>\n\t<meta name=\"twitter:data1\" content=\"2\u00a0Minuten\" \/>\n<script type=\"application\/ld+json\" class=\"yoast-schema-graph\">{\"@context\":\"https:\/\/schema.org\",\"@graph\":[{\"@type\":[\"WebPage\",\"ItemPage\"],\"@id\":\"https:\/\/thetreecbd.com\/de\/cbd\/cbd-pre-rolls-amnesia\",\"url\":\"https:\/\/thetreecbd.com\/de\/cbd\/cbd-pre-rolls-amnesia\",\"name\":\"CBD Pre-Rolls. Amnesia - The Tree CBD\",\"isPartOf\":{\"@id\":\"https:\/\/thetreecbd.com\/de#website\"},\"primaryImageOfPage\":{\"@id\":\"https:\/\/thetreecbd.com\/de\/cbd\/cbd-pre-rolls-amnesia#primaryimage\"},\"image\":{\"@id\":\"https:\/\/thetreecbd.com\/de\/cbd\/cbd-pre-rolls-amnesia#primaryimage\"},\"thumbnailUrl\":\"https:\/\/thetreecbd.com\/wp-content\/uploads\/2025\/11\/amnesia-preroll-cbd-thetree-web.jpg\",\"datePublished\":\"2025-11-17T15:06:53+00:00\",\"description\":\"Die neuen CBD Pre-rolls Amnesia. Unser Hanf in seiner nat\u00fcrlichsten Form und mit einer perfekten Kombination aus Top Trim und gemahlenen CBD-Bl\u00fcten.\",\"breadcrumb\":{\"@id\":\"https:\/\/thetreecbd.com\/de\/cbd\/cbd-pre-rolls-amnesia#breadcrumb\"},\"inLanguage\":\"de\",\"potentialAction\":[{\"@type\":\"ReadAction\",\"target\":[\"https:\/\/thetreecbd.com\/de\/cbd\/cbd-pre-rolls-amnesia\"]}]},{\"@type\":\"ImageObject\",\"inLanguage\":\"de\",\"@id\":\"https:\/\/thetreecbd.com\/de\/cbd\/cbd-pre-rolls-amnesia#primaryimage\",\"url\":\"https:\/\/thetreecbd.com\/wp-content\/uploads\/2025\/11\/amnesia-preroll-cbd-thetree-web.jpg\",\"contentUrl\":\"https:\/\/thetreecbd.com\/wp-content\/uploads\/2025\/11\/amnesia-preroll-cbd-thetree-web.jpg\",\"width\":1080,\"height\":1350},{\"@type\":\"BreadcrumbList\",\"@id\":\"https:\/\/thetreecbd.com\/de\/cbd\/cbd-pre-rolls-amnesia#breadcrumb\",\"itemListElement\":[{\"@type\":\"ListItem\",\"position\":1,\"name\":\"The Tree\",\"item\":\"https:\/\/thetreecbd.com\/de\"},{\"@type\":\"ListItem\",\"position\":2,\"name\":\"CBD\",\"item\":\"https:\/\/thetreecbd.com\/es\/cbd\"},{\"@type\":\"ListItem\",\"position\":3,\"name\":\"CBD-Bl\u00fcten kaufen\",\"item\":\"https:\/\/thetreecbd.com\/de\/bluten\"},{\"@type\":\"ListItem\",\"position\":4,\"name\":\"CBD Pre-Rolls. Amnesia\"}]},{\"@type\":\"WebSite\",\"@id\":\"https:\/\/thetreecbd.com\/de#website\",\"url\":\"https:\/\/thetreecbd.com\/de\",\"name\":\"The Tree CBD\",\"description\":\"Comprar CBD en Espa\u00f1a Online\",\"publisher\":{\"@id\":\"https:\/\/thetreecbd.com\/de#organization\"},\"potentialAction\":[{\"@type\":\"SearchAction\",\"target\":{\"@type\":\"EntryPoint\",\"urlTemplate\":\"https:\/\/thetreecbd.com\/de?s={search_term_string}\"},\"query-input\":{\"@type\":\"PropertyValueSpecification\",\"valueRequired\":true,\"valueName\":\"search_term_string\"}}],\"inLanguage\":\"de\"},{\"@type\":\"Organization\",\"@id\":\"https:\/\/thetreecbd.com\/de#organization\",\"name\":\"The Tree CBD\",\"url\":\"https:\/\/thetreecbd.com\/de\",\"logo\":{\"@type\":\"ImageObject\",\"inLanguage\":\"de\",\"@id\":\"https:\/\/thetreecbd.com\/de#\/schema\/logo\/image\/\",\"url\":\"https:\/\/thetreecbd.com\/wp-content\/uploads\/2022\/04\/logo-thetree.png\",\"contentUrl\":\"https:\/\/thetreecbd.com\/wp-content\/uploads\/2022\/04\/logo-thetree.png\",\"width\":172,\"height\":55,\"caption\":\"The Tree CBD\"},\"image\":{\"@id\":\"https:\/\/thetreecbd.com\/de#\/schema\/logo\/image\/\"},\"sameAs\":[\"https:\/\/www.facebook.com\/thetreeCBD\/\",\"https:\/\/x.com\/TheTreeCBD_EU\",\"https:\/\/www.instagram.com\/thetree.cbd\/\",\"https:\/\/es.trustpilot.com\/review\/thetreecbd.com\"]}]}<\/script>\n<!-- \/ Yoast SEO plugin. -->","yoast_head_json":{"title":"CBD Pre-Rolls. Amnesia - The Tree CBD","description":"Die neuen CBD Pre-rolls Amnesia. Unser Hanf in seiner nat\u00fcrlichsten Form und mit einer perfekten Kombination aus Top Trim und gemahlenen CBD-Bl\u00fcten.","robots":{"index":"index","follow":"follow","max-snippet":"max-snippet:-1","max-image-preview":"max-image-preview:large","max-video-preview":"max-video-preview:-1"},"canonical":"https:\/\/thetreecbd.com\/de\/cbd\/cbd-pre-rolls-amnesia","og_locale":"de_DE","og_type":"article","og_title":"CBD Pre-Rolls. Amnesia - The Tree CBD","og_description":"Die neuen CBD Pre-rolls Amnesia. Unser Hanf in seiner nat\u00fcrlichsten Form und mit einer perfekten Kombination aus Top Trim und gemahlenen CBD-Bl\u00fcten.","og_url":"https:\/\/thetreecbd.com\/de\/cbd\/cbd-pre-rolls-amnesia","og_site_name":"The Tree CBD","article_publisher":"https:\/\/www.facebook.com\/thetreeCBD\/","og_image":[{"width":1080,"height":1350,"url":"https:\/\/thetreecbd.com\/wp-content\/uploads\/2025\/11\/amnesia-preroll-cbd-thetree-web.jpg","type":"image\/jpeg"}],"twitter_card":"summary_large_image","twitter_site":"@TheTreeCBD_EU","twitter_misc":{"Gesch\u00e4tzte Lesezeit":"2\u00a0Minuten"},"schema":{"@context":"https:\/\/schema.org","@graph":[{"@type":["WebPage","ItemPage"],"@id":"https:\/\/thetreecbd.com\/de\/cbd\/cbd-pre-rolls-amnesia","url":"https:\/\/thetreecbd.com\/de\/cbd\/cbd-pre-rolls-amnesia","name":"CBD Pre-Rolls. Amnesia - The Tree CBD","isPartOf":{"@id":"https:\/\/thetreecbd.com\/de#website"},"primaryImageOfPage":{"@id":"https:\/\/thetreecbd.com\/de\/cbd\/cbd-pre-rolls-amnesia#primaryimage"},"image":{"@id":"https:\/\/thetreecbd.com\/de\/cbd\/cbd-pre-rolls-amnesia#primaryimage"},"thumbnailUrl":"https:\/\/thetreecbd.com\/wp-content\/uploads\/2025\/11\/amnesia-preroll-cbd-thetree-web.jpg","datePublished":"2025-11-17T15:06:53+00:00","description":"Die neuen CBD Pre-rolls Amnesia. Unser Hanf in seiner nat\u00fcrlichsten Form und mit einer perfekten Kombination aus Top Trim und gemahlenen CBD-Bl\u00fcten.","breadcrumb":{"@id":"https:\/\/thetreecbd.com\/de\/cbd\/cbd-pre-rolls-amnesia#breadcrumb"},"inLanguage":"de","potentialAction":[{"@type":"ReadAction","target":["https:\/\/thetreecbd.com\/de\/cbd\/cbd-pre-rolls-amnesia"]}]},{"@type":"ImageObject","inLanguage":"de","@id":"https:\/\/thetreecbd.com\/de\/cbd\/cbd-pre-rolls-amnesia#primaryimage","url":"https:\/\/thetreecbd.com\/wp-content\/uploads\/2025\/11\/amnesia-preroll-cbd-thetree-web.jpg","contentUrl":"https:\/\/thetreecbd.com\/wp-content\/uploads\/2025\/11\/amnesia-preroll-cbd-thetree-web.jpg","width":1080,"height":1350},{"@type":"BreadcrumbList","@id":"https:\/\/thetreecbd.com\/de\/cbd\/cbd-pre-rolls-amnesia#breadcrumb","itemListElement":[{"@type":"ListItem","position":1,"name":"The Tree","item":"https:\/\/thetreecbd.com\/de"},{"@type":"ListItem","position":2,"name":"CBD","item":"https:\/\/thetreecbd.com\/es\/cbd"},{"@type":"ListItem","position":3,"name":"CBD-Bl\u00fcten kaufen","item":"https:\/\/thetreecbd.com\/de\/bluten"},{"@type":"ListItem","position":4,"name":"CBD Pre-Rolls. Amnesia"}]},{"@type":"WebSite","@id":"https:\/\/thetreecbd.com\/de#website","url":"https:\/\/thetreecbd.com\/de","name":"The Tree CBD","description":"Comprar CBD en Espa\u00f1a Online","publisher":{"@id":"https:\/\/thetreecbd.com\/de#organization"},"potentialAction":[{"@type":"SearchAction","target":{"@type":"EntryPoint","urlTemplate":"https:\/\/thetreecbd.com\/de?s={search_term_string}"},"query-input":{"@type":"PropertyValueSpecification","valueRequired":true,"valueName":"search_term_string"}}],"inLanguage":"de"},{"@type":"Organization","@id":"https:\/\/thetreecbd.com\/de#organization","name":"The Tree CBD","url":"https:\/\/thetreecbd.com\/de","logo":{"@type":"ImageObject","inLanguage":"de","@id":"https:\/\/thetreecbd.com\/de#\/schema\/logo\/image\/","url":"https:\/\/thetreecbd.com\/wp-content\/uploads\/2022\/04\/logo-thetree.png","contentUrl":"https:\/\/thetreecbd.com\/wp-content\/uploads\/2022\/04\/logo-thetree.png","width":172,"height":55,"caption":"The Tree CBD"},"image":{"@id":"https:\/\/thetreecbd.com\/de#\/schema\/logo\/image\/"},"sameAs":["https:\/\/www.facebook.com\/thetreeCBD\/","https:\/\/x.com\/TheTreeCBD_EU","https:\/\/www.instagram.com\/thetree.cbd\/","https:\/\/es.trustpilot.com\/review\/thetreecbd.com"]}]}},"_links":{"self":[{"href":"https:\/\/thetreecbd.com\/de\/wp-json\/wp\/v2\/product\/183694","targetHints":{"allow":["GET"]}}],"collection":[{"href":"https:\/\/thetreecbd.com\/de\/wp-json\/wp\/v2\/product"}],"about":[{"href":"https:\/\/thetreecbd.com\/de\/wp-json\/wp\/v2\/types\/product"}],"version-history":[{"count":0,"href":"https:\/\/thetreecbd.com\/de\/wp-json\/wp\/v2\/product\/183694\/revisions"}],"wp:featuredmedia":[{"embeddable":true,"href":"https:\/\/thetreecbd.com\/de\/wp-json\/wp\/v2\/media\/183783"}],"wp:attachment":[{"href":"https:\/\/thetreecbd.com\/de\/wp-json\/wp\/v2\/media?parent=183694"}],"wp:term":[{"taxonomy":"product_brand","embeddable":true,"href":"https:\/\/thetreecbd.com\/de\/wp-json\/wp\/v2\/product_brand?post=183694"}],"curies":[{"name":"wp","href":"https:\/\/api.w.org\/{rel}","templated":true}]}}