{"id":184981,"date":"2025-12-03T12:27:34","date_gmt":"2025-12-03T11:27:34","guid":{"rendered":"https:\/\/thetreecbd.com\/?post_type=product&#038;p=184981"},"modified":"2025-12-09T14:37:41","modified_gmt":"2025-12-09T13:37:41","slug":"gaz-octane-cbd","status":"publish","type":"product","link":"https:\/\/thetreecbd.com\/de\/cbd\/gaz-octane-cbd","title":{"rendered":"Gaz Octane CBD"},"content":{"rendered":"<p data-path-to-node=\"14\">The Tree CBD pr\u00e4sentiert Ihnen die legalen Marihuana-Bl\u00fcten der Sorte <b>Gaz Octane CBD<\/b>, eine Bl\u00fcte mit einer in Europa einzigartigen Genetik. Diese Bl\u00fcten stammen von einer <b>Indica-dominanten Hybridgenetik<\/b>, die aus von der Europ\u00e4ischen Union zertifizierten Samen entwickelt und aufgrund ihrer Stabilit\u00e4t und Qualit\u00e4t ausgew\u00e4hlt wurde.<\/p>\n<p data-path-to-node=\"15\">Die gut geformten und kompakten Bl\u00fcten weisen <b>helle Gr\u00fcnt\u00f6ne<\/b> und ein robustes Aussehen auf. Ihr Aromaprofil definiert diese Sorte wirklich: eine <b>intensive und ausgewogene Mischung aus \u201egassy\u201c-Noten<\/b>, die an den Geruch von sauberem Treibstoff erinnern, sowie tiefen erdigen Nuancen, wodurch ein besonderes, modernes und sehr charakteristisches Erlebnis innerhalb des CBD-Bereichs entsteht.<\/p>\n<p data-path-to-node=\"16\"><b>Gaz Octane CBD<\/b> bietet entspannende und ausgewogene Effekte, wobei der Geist stets klar bleibt und keinerlei psychoaktive Ver\u00e4nderung eintritt. Sie ist eine ideale Option, um den Tagesausklang mit Ruhe und Nat\u00fcrlichkeit zu begleiten.<\/p>\n<p data-path-to-node=\"17\">Diese Genetik zeichnet sich durch ihr intensives Aroma aus, bei dem <b>\u201eFuel\u201c-, kr\u00e4uterige und leicht w\u00fcrzige<\/b> Nuancen vorherrschen. Ihr Geschmack ist sanft und rund, schont den Hals und hinterl\u00e4sst ein lang anhaltendes aromatisches Gef\u00fchl. Diese Sorte enth\u00e4lt <b>potente 20 % CBD<\/b>, was eine sp\u00fcrbare und stabile entspannende Wirkung bietet.<\/p>\n<p data-path-to-node=\"18\">Optisch weisen ihre Bl\u00fcten die typische Indica-Struktur auf: kompakt, abgerundet und bedeckt mit einer feinen Schicht von Trichomen, die f\u00fcr das leicht klebrige Gef\u00fchl sorgt. Dar\u00fcber hinaus wird sie <b>100 % nat\u00fcrlich<\/b> angebaut, ohne Zusatzstoffe, ohne Pestizide und nach den Qualit\u00e4tsstandards von The Tree CBD.<\/p>\n<p data-path-to-node=\"19\">Da sie weniger als <b>0,20 % THC<\/b> enth\u00e4lt, ist sie in ganz Europa v\u00f6llig legal und erzeugt keine psychoaktiven Effekte.<\/p>\n<h2 data-path-to-node=\"20\">Eigenschaften des legalen Cannabis Gaz Octane CBD<\/h2>\n<ul data-path-to-node=\"21\">\n<li>\n<p data-path-to-node=\"21,0,0\">Hanfbl\u00fcten<\/p>\n<\/li>\n<li>\n<p data-path-to-node=\"21,1,0\">20% CBD<\/p>\n<\/li>\n<li>\n<p data-path-to-node=\"21,2,0\">Weniger als 0,20% THC<\/p>\n<\/li>\n<li>\n<p data-path-to-node=\"21,3,0\">Genetik: EU-zertifizierter Samen<\/p>\n<\/li>\n<li>\n<p data-path-to-node=\"21,4,0\">Indica-dominant<\/p>\n<\/li>\n<li>\n<p data-path-to-node=\"21,5,0\">Keine psychoaktiven Effekte<\/p>\n<\/li>\n<li>\n<p data-path-to-node=\"21,6,0\">Biologisch angebaut<\/p>\n<\/li>\n<li>\n<p data-path-to-node=\"21,7,0\">GMO-frei<\/p>\n<\/li>\n<li>\n<p data-path-to-node=\"21,8,0\">Frei von Pestiziden<\/p>\n<\/li>\n<\/ul>\n<h2 data-path-to-node=\"22\">Aroma von Gaz Octane CBD<\/h2>\n<p data-path-to-node=\"23\">Terpene sind f\u00fcr das Aroma und den Geschmack in Pflanzen und Blumen verantwortlich. In <b>Gaz Octane CBD<\/b> finden wir ein sehr unverwechselbares Aromaprofil, dominiert von <b>\u201egassy\u201c-Noten<\/b>, Akzenten von sauberem Treibstoff, Holz und getrockneten Kr\u00e4utern. Diese Kombination f\u00fchrt zu einem intensiven, modernen und wiedererkennbaren Aroma, das diese Bl\u00fcte zu einer einzigartigen Option im Katalog von The Tree CBD macht.<\/p>\n","protected":false},"excerpt":{"rendered":"<ul data-path-to-node=\"21\">\n<li>\n<p data-path-to-node=\"4\">Offizielle Verpackung im Februar; vor\u00fcbergehender Versand mit generischer Verpackung.<\/p>\n<\/li>\n<li>\n<p data-path-to-node=\"21,0,0\">Hanfbl\u00fcten<\/p>\n<\/li>\n<li>\n<p data-path-to-node=\"21,1,0\">20% CBD<\/p>\n<\/li>\n<li>\n<p data-path-to-node=\"21,2,0\">Weniger als 0,20% THC<\/p>\n<\/li>\n<li>\n<p data-path-to-node=\"21,3,0\">Genetik: EU-zertifizierter Samen<\/p>\n<\/li>\n<li>\n<p data-path-to-node=\"21,4,0\">Indica-dominant<\/p>\n<\/li>\n<li>\n<p data-path-to-node=\"21,5,0\">Keine psychoaktiven Effekte<\/p>\n<\/li>\n<li>\n<p data-path-to-node=\"21,6,0\">Biologisch angebaut<\/p>\n<\/li>\n<li>\n<p data-path-to-node=\"21,7,0\">GMO-frei<\/p>\n<\/li>\n<li>\n<p data-path-to-node=\"21,8,0\">Frei von Pestiziden<\/p>\n<\/li>\n<\/ul>\n","protected":false},"featured_media":185233,"template":"","meta":{"_acf_changed":false},"product_brand":[],"class_list":{"0":"post-184981","1":"product","2":"type-product","3":"status-publish","4":"has-post-thumbnail","6":"product_cat-outdoor-anbau","7":"product_cat-bluten","9":"first","10":"instock","11":"taxable","12":"shipping-taxable","13":"purchasable","14":"product-type-variable"},"acf":[],"yoast_head":"<!-- This site is optimized with the Yoast SEO plugin v26.3 - https:\/\/yoast.com\/wordpress\/plugins\/seo\/ -->\n<title>Gaz Octane CBD - The Tree CBD<\/title>\n<meta name=\"description\" content=\"Gaz Octane CBD, eine intensive und ausgewogene Mischung aus \u201egassy\u201c-Noten und tiefen erdigen Nuancen, ein besonderes, modernes und sehr charakteristisches Erlebnis.\" \/>\n<meta name=\"robots\" content=\"index, follow, max-snippet:-1, max-image-preview:large, max-video-preview:-1\" \/>\n<link rel=\"canonical\" href=\"https:\/\/thetreecbd.com\/de\/cbd\/gaz-octane-cbd\" \/>\n<meta property=\"og:locale\" content=\"de_DE\" \/>\n<meta property=\"og:type\" content=\"article\" \/>\n<meta property=\"og:title\" content=\"Gaz Octane CBD - The Tree CBD\" \/>\n<meta property=\"og:description\" content=\"Gaz Octane CBD, eine intensive und ausgewogene Mischung aus \u201egassy\u201c-Noten und tiefen erdigen Nuancen, ein besonderes, modernes und sehr charakteristisches Erlebnis.\" \/>\n<meta property=\"og:url\" content=\"https:\/\/thetreecbd.com\/de\/cbd\/gaz-octane-cbd\" \/>\n<meta property=\"og:site_name\" content=\"The Tree CBD\" \/>\n<meta property=\"article:publisher\" content=\"https:\/\/www.facebook.com\/thetreeCBD\/\" \/>\n<meta property=\"article:modified_time\" content=\"2025-12-09T13:37:41+00:00\" \/>\n<meta property=\"og:image\" content=\"https:\/\/thetreecbd.com\/wp-content\/uploads\/2025\/12\/thetreecbd-web-gaz-octane.jpg\" \/>\n\t<meta property=\"og:image:width\" content=\"1080\" \/>\n\t<meta property=\"og:image:height\" content=\"1350\" \/>\n\t<meta property=\"og:image:type\" content=\"image\/jpeg\" \/>\n<meta name=\"twitter:card\" content=\"summary_large_image\" \/>\n<meta name=\"twitter:site\" content=\"@TheTreeCBD_EU\" \/>\n<meta name=\"twitter:label1\" content=\"Gesch\u00e4tzte Lesezeit\" \/>\n\t<meta name=\"twitter:data1\" content=\"2\u00a0Minuten\" \/>\n<script type=\"application\/ld+json\" class=\"yoast-schema-graph\">{\"@context\":\"https:\/\/schema.org\",\"@graph\":[{\"@type\":[\"WebPage\",\"ItemPage\"],\"@id\":\"https:\/\/thetreecbd.com\/de\/cbd\/gaz-octane-cbd\",\"url\":\"https:\/\/thetreecbd.com\/de\/cbd\/gaz-octane-cbd\",\"name\":\"Gaz Octane CBD - The Tree CBD\",\"isPartOf\":{\"@id\":\"https:\/\/thetreecbd.com\/de#website\"},\"primaryImageOfPage\":{\"@id\":\"https:\/\/thetreecbd.com\/de\/cbd\/gaz-octane-cbd#primaryimage\"},\"image\":{\"@id\":\"https:\/\/thetreecbd.com\/de\/cbd\/gaz-octane-cbd#primaryimage\"},\"thumbnailUrl\":\"https:\/\/thetreecbd.com\/wp-content\/uploads\/2025\/12\/thetreecbd-web-gaz-octane.jpg\",\"datePublished\":\"2025-12-03T11:27:34+00:00\",\"dateModified\":\"2025-12-09T13:37:41+00:00\",\"description\":\"Gaz Octane CBD, eine intensive und ausgewogene Mischung aus \u201egassy\u201c-Noten und tiefen erdigen Nuancen, ein besonderes, modernes und sehr charakteristisches Erlebnis.\",\"breadcrumb\":{\"@id\":\"https:\/\/thetreecbd.com\/de\/cbd\/gaz-octane-cbd#breadcrumb\"},\"inLanguage\":\"de\",\"potentialAction\":[{\"@type\":\"ReadAction\",\"target\":[\"https:\/\/thetreecbd.com\/de\/cbd\/gaz-octane-cbd\"]}]},{\"@type\":\"ImageObject\",\"inLanguage\":\"de\",\"@id\":\"https:\/\/thetreecbd.com\/de\/cbd\/gaz-octane-cbd#primaryimage\",\"url\":\"https:\/\/thetreecbd.com\/wp-content\/uploads\/2025\/12\/thetreecbd-web-gaz-octane.jpg\",\"contentUrl\":\"https:\/\/thetreecbd.com\/wp-content\/uploads\/2025\/12\/thetreecbd-web-gaz-octane.jpg\",\"width\":1080,\"height\":1350},{\"@type\":\"BreadcrumbList\",\"@id\":\"https:\/\/thetreecbd.com\/de\/cbd\/gaz-octane-cbd#breadcrumb\",\"itemListElement\":[{\"@type\":\"ListItem\",\"position\":1,\"name\":\"The Tree\",\"item\":\"https:\/\/thetreecbd.com\/de\"},{\"@type\":\"ListItem\",\"position\":2,\"name\":\"CBD\",\"item\":\"https:\/\/thetreecbd.com\/es\/cbd\"},{\"@type\":\"ListItem\",\"position\":3,\"name\":\"CBD-Bl\u00fcten kaufen\",\"item\":\"https:\/\/thetreecbd.com\/de\/bluten\"},{\"@type\":\"ListItem\",\"position\":4,\"name\":\"Bl\u00fcten aus Outdoor-Anbau\",\"item\":\"https:\/\/thetreecbd.com\/de\/bluten\/outdoor-anbau\"},{\"@type\":\"ListItem\",\"position\":5,\"name\":\"Gaz Octane CBD\"}]},{\"@type\":\"WebSite\",\"@id\":\"https:\/\/thetreecbd.com\/de#website\",\"url\":\"https:\/\/thetreecbd.com\/de\",\"name\":\"The Tree CBD\",\"description\":\"Comprar CBD en Espa\u00f1a Online\",\"publisher\":{\"@id\":\"https:\/\/thetreecbd.com\/de#organization\"},\"potentialAction\":[{\"@type\":\"SearchAction\",\"target\":{\"@type\":\"EntryPoint\",\"urlTemplate\":\"https:\/\/thetreecbd.com\/de?s={search_term_string}\"},\"query-input\":{\"@type\":\"PropertyValueSpecification\",\"valueRequired\":true,\"valueName\":\"search_term_string\"}}],\"inLanguage\":\"de\"},{\"@type\":\"Organization\",\"@id\":\"https:\/\/thetreecbd.com\/de#organization\",\"name\":\"The Tree CBD\",\"url\":\"https:\/\/thetreecbd.com\/de\",\"logo\":{\"@type\":\"ImageObject\",\"inLanguage\":\"de\",\"@id\":\"https:\/\/thetreecbd.com\/de#\/schema\/logo\/image\/\",\"url\":\"https:\/\/thetreecbd.com\/wp-content\/uploads\/2022\/04\/logo-thetree.png\",\"contentUrl\":\"https:\/\/thetreecbd.com\/wp-content\/uploads\/2022\/04\/logo-thetree.png\",\"width\":172,\"height\":55,\"caption\":\"The Tree CBD\"},\"image\":{\"@id\":\"https:\/\/thetreecbd.com\/de#\/schema\/logo\/image\/\"},\"sameAs\":[\"https:\/\/www.facebook.com\/thetreeCBD\/\",\"https:\/\/x.com\/TheTreeCBD_EU\",\"https:\/\/www.instagram.com\/thetree.cbd\/\",\"https:\/\/es.trustpilot.com\/review\/thetreecbd.com\"]}]}<\/script>\n<!-- \/ Yoast SEO plugin. -->","yoast_head_json":{"title":"Gaz Octane CBD - The Tree CBD","description":"Gaz Octane CBD, eine intensive und ausgewogene Mischung aus \u201egassy\u201c-Noten und tiefen erdigen Nuancen, ein besonderes, modernes und sehr charakteristisches Erlebnis.","robots":{"index":"index","follow":"follow","max-snippet":"max-snippet:-1","max-image-preview":"max-image-preview:large","max-video-preview":"max-video-preview:-1"},"canonical":"https:\/\/thetreecbd.com\/de\/cbd\/gaz-octane-cbd","og_locale":"de_DE","og_type":"article","og_title":"Gaz Octane CBD - The Tree CBD","og_description":"Gaz Octane CBD, eine intensive und ausgewogene Mischung aus \u201egassy\u201c-Noten und tiefen erdigen Nuancen, ein besonderes, modernes und sehr charakteristisches Erlebnis.","og_url":"https:\/\/thetreecbd.com\/de\/cbd\/gaz-octane-cbd","og_site_name":"The Tree CBD","article_publisher":"https:\/\/www.facebook.com\/thetreeCBD\/","article_modified_time":"2025-12-09T13:37:41+00:00","og_image":[{"width":1080,"height":1350,"url":"https:\/\/thetreecbd.com\/wp-content\/uploads\/2025\/12\/thetreecbd-web-gaz-octane.jpg","type":"image\/jpeg"}],"twitter_card":"summary_large_image","twitter_site":"@TheTreeCBD_EU","twitter_misc":{"Gesch\u00e4tzte Lesezeit":"2\u00a0Minuten"},"schema":{"@context":"https:\/\/schema.org","@graph":[{"@type":["WebPage","ItemPage"],"@id":"https:\/\/thetreecbd.com\/de\/cbd\/gaz-octane-cbd","url":"https:\/\/thetreecbd.com\/de\/cbd\/gaz-octane-cbd","name":"Gaz Octane CBD - The Tree CBD","isPartOf":{"@id":"https:\/\/thetreecbd.com\/de#website"},"primaryImageOfPage":{"@id":"https:\/\/thetreecbd.com\/de\/cbd\/gaz-octane-cbd#primaryimage"},"image":{"@id":"https:\/\/thetreecbd.com\/de\/cbd\/gaz-octane-cbd#primaryimage"},"thumbnailUrl":"https:\/\/thetreecbd.com\/wp-content\/uploads\/2025\/12\/thetreecbd-web-gaz-octane.jpg","datePublished":"2025-12-03T11:27:34+00:00","dateModified":"2025-12-09T13:37:41+00:00","description":"Gaz Octane CBD, eine intensive und ausgewogene Mischung aus \u201egassy\u201c-Noten und tiefen erdigen Nuancen, ein besonderes, modernes und sehr charakteristisches Erlebnis.","breadcrumb":{"@id":"https:\/\/thetreecbd.com\/de\/cbd\/gaz-octane-cbd#breadcrumb"},"inLanguage":"de","potentialAction":[{"@type":"ReadAction","target":["https:\/\/thetreecbd.com\/de\/cbd\/gaz-octane-cbd"]}]},{"@type":"ImageObject","inLanguage":"de","@id":"https:\/\/thetreecbd.com\/de\/cbd\/gaz-octane-cbd#primaryimage","url":"https:\/\/thetreecbd.com\/wp-content\/uploads\/2025\/12\/thetreecbd-web-gaz-octane.jpg","contentUrl":"https:\/\/thetreecbd.com\/wp-content\/uploads\/2025\/12\/thetreecbd-web-gaz-octane.jpg","width":1080,"height":1350},{"@type":"BreadcrumbList","@id":"https:\/\/thetreecbd.com\/de\/cbd\/gaz-octane-cbd#breadcrumb","itemListElement":[{"@type":"ListItem","position":1,"name":"The Tree","item":"https:\/\/thetreecbd.com\/de"},{"@type":"ListItem","position":2,"name":"CBD","item":"https:\/\/thetreecbd.com\/es\/cbd"},{"@type":"ListItem","position":3,"name":"CBD-Bl\u00fcten kaufen","item":"https:\/\/thetreecbd.com\/de\/bluten"},{"@type":"ListItem","position":4,"name":"Bl\u00fcten aus Outdoor-Anbau","item":"https:\/\/thetreecbd.com\/de\/bluten\/outdoor-anbau"},{"@type":"ListItem","position":5,"name":"Gaz Octane CBD"}]},{"@type":"WebSite","@id":"https:\/\/thetreecbd.com\/de#website","url":"https:\/\/thetreecbd.com\/de","name":"The Tree CBD","description":"Comprar CBD en Espa\u00f1a Online","publisher":{"@id":"https:\/\/thetreecbd.com\/de#organization"},"potentialAction":[{"@type":"SearchAction","target":{"@type":"EntryPoint","urlTemplate":"https:\/\/thetreecbd.com\/de?s={search_term_string}"},"query-input":{"@type":"PropertyValueSpecification","valueRequired":true,"valueName":"search_term_string"}}],"inLanguage":"de"},{"@type":"Organization","@id":"https:\/\/thetreecbd.com\/de#organization","name":"The Tree CBD","url":"https:\/\/thetreecbd.com\/de","logo":{"@type":"ImageObject","inLanguage":"de","@id":"https:\/\/thetreecbd.com\/de#\/schema\/logo\/image\/","url":"https:\/\/thetreecbd.com\/wp-content\/uploads\/2022\/04\/logo-thetree.png","contentUrl":"https:\/\/thetreecbd.com\/wp-content\/uploads\/2022\/04\/logo-thetree.png","width":172,"height":55,"caption":"The Tree CBD"},"image":{"@id":"https:\/\/thetreecbd.com\/de#\/schema\/logo\/image\/"},"sameAs":["https:\/\/www.facebook.com\/thetreeCBD\/","https:\/\/x.com\/TheTreeCBD_EU","https:\/\/www.instagram.com\/thetree.cbd\/","https:\/\/es.trustpilot.com\/review\/thetreecbd.com"]}]}},"_links":{"self":[{"href":"https:\/\/thetreecbd.com\/de\/wp-json\/wp\/v2\/product\/184981","targetHints":{"allow":["GET"]}}],"collection":[{"href":"https:\/\/thetreecbd.com\/de\/wp-json\/wp\/v2\/product"}],"about":[{"href":"https:\/\/thetreecbd.com\/de\/wp-json\/wp\/v2\/types\/product"}],"version-history":[{"count":0,"href":"https:\/\/thetreecbd.com\/de\/wp-json\/wp\/v2\/product\/184981\/revisions"}],"wp:featuredmedia":[{"embeddable":true,"href":"https:\/\/thetreecbd.com\/de\/wp-json\/wp\/v2\/media\/185233"}],"wp:attachment":[{"href":"https:\/\/thetreecbd.com\/de\/wp-json\/wp\/v2\/media?parent=184981"}],"wp:term":[{"taxonomy":"product_brand","embeddable":true,"href":"https:\/\/thetreecbd.com\/de\/wp-json\/wp\/v2\/product_brand?post=184981"}],"curies":[{"name":"wp","href":"https:\/\/api.w.org\/{rel}","templated":true}]}}