{"id":191052,"date":"2026-03-10T15:21:53","date_gmt":"2026-03-10T14:21:53","guid":{"rendered":"https:\/\/thetreecbd.com\/?post_type=product&#038;p=191052"},"modified":"2026-03-12T19:20:48","modified_gmt":"2026-03-12T18:20:48","slug":"jelly-hash-cbd","status":"publish","type":"product","link":"https:\/\/thetreecbd.com\/de\/cbd\/jelly-hash-cbd","title":{"rendered":"Jelly Hash CBD"},"content":{"rendered":"<p data-path-to-node=\"17\"><b data-path-to-node=\"17\" data-index-in-node=\"0\">Jelly Hash CBD<\/b>, die Neuheit vom Team von The Tree CBD. Ein Produkt mit all seinen nat\u00fcrlichen Terpenen und einem starken Aroma ohne k\u00fcnstliche Zus\u00e4tze, nur <b data-path-to-node=\"17\" data-index-in-node=\"156\">echte Hanfterpene<\/b>.<\/p>\n<p data-path-to-node=\"18\">Dieses Cannabis-<b data-path-to-node=\"18\" data-index-in-node=\"16\">Harz<\/b> von The Tree CBD ist ein <b data-path-to-node=\"18\" data-index-in-node=\"46\">hochwertiges Produkt<\/b> im handwerklichen Stil, das sich von anderen kommerziellen CBD-Haschischsorten unterscheidet. Auf den ersten Blick sind nur Harzkristalle zu erkennen, und es verstr\u00f6mt eine angenehme Mischung aus Aromen. Die hohe Qualit\u00e4t dieses Produkts zeigt sich am Geruch und den ersten Eindr\u00fccken.<\/p>\n<p data-path-to-node=\"19\"><b data-path-to-node=\"19\" data-index-in-node=\"0\">Harze<\/b> sind besonders bei langj\u00e4hrigen Nutzern beliebt. Durch den Extraktionsprozess k\u00f6nnen wir den gr\u00f6\u00dften Teil des Pflanzenmaterials entfernen und so nur die Cannabinoide konzentrieren. Zudem darf nicht \u00fcbersehen werden, dass wir durch die Entfernung des Chlorophylls einen weniger intensiven Geschmack erhalten.<\/p>\n<p data-path-to-node=\"20\">Dieses <b data-path-to-node=\"20\" data-index-in-node=\"7\">Jelly Hash CBD<\/b> stammt aus <b data-path-to-node=\"20\" data-index-in-node=\"33\">\u00f6kologischem Hanfanbau<\/b> in Europa und enth\u00e4lt <b data-path-to-node=\"20\" data-index-in-node=\"78\">weniger als 0,2 % THC<\/b>, wodurch es in ganz Europa legal ist.<\/p>\n<h3 data-path-to-node=\"21\">Eigenschaften von Jelly Hash CBD<\/h3>\n<ul>\n<li data-path-to-node=\"22\">Hash CBD.<\/li>\n<li data-path-to-node=\"22\">Extrakt aus der Hanfpflanze.<\/li>\n<li data-path-to-node=\"22\">Format: Beutel zu 3g, 5g, 15g und 25g. 20,5 % CBD Weniger als 0,19 % THC<\/li>\n<li data-path-to-node=\"22\">Keine psychoaktiven Effekte<\/li>\n<li data-path-to-node=\"22\">Organisch angebauter Hanf<\/li>\n<li data-path-to-node=\"22\">GVO-frei<\/li>\n<li data-path-to-node=\"22\">Frei von Pestiziden<\/li>\n<\/ul>\n<p data-path-to-node=\"22\">\n<h3 data-path-to-node=\"23\">Aroma Jelly Hash CBD<\/h3>\n<p data-path-to-node=\"24\">Terpene finden sich in den meisten \u00e4therischen \u00d6len vieler Pflanzen, Blumen und Fr\u00fcchte; sie sind f\u00fcr Geruch und Geschmack verantwortlich. In Cannabis finden wir ein breites Terpenprofil. Das Jelly Hash CBD von The Tree weist ein s\u00fc\u00dfes und zitrusartiges Aroma auf.<\/p>\n<h3 data-path-to-node=\"25\">Zielgruppe<\/h3>\n<p data-path-to-node=\"26\"><span class=\"citation-286 citation-end-286\">Das Jelly Hash CBD ist durch seinen honigartigen, hellbraunen Ton sehr attraktiv.<\/span> Bei moderaten bis warmen Temperaturen sollte sich die Farbe des Haschischs von einem dunkleren in einen etwas goldgelben Ton mit leichter Transparenz \u00e4ndern, anstatt die gleiche Farbe zu behalten. Aus K\u00e4ufersicht ist Jelly Hash CBD f\u00fcr diejenigen gedacht, die ein handwerkliches, hochwertiges Produkt mit einem starken s\u00fc\u00dfen Aroma suchen.<\/p>\n<div class=\"source-inline-chip-container ng-star-inserted\"><\/div>\n<h3 data-path-to-node=\"27\">Sicherheitshinweis<\/h3>\n<p data-path-to-node=\"28\">Bitte beachten Sie, dass die CBD-Harze von The Tree ein Dekorations-, Sammler- und Aromaprodukt sind. Sie d\u00fcrfen nicht w\u00e4hrend der Schwangerschaft oder Stillzeit verwendet werden. Au\u00dferhalb der Reichweite von Kindern aufbewahren. Unsere CBD-Harze k\u00f6nnen eine gewisse Menge an THC enthalten, jedoch immer unter dem EU-Grenzwert von 0,2 %. Der bereitgestellte Inhalt dient nur zu Informationszwecken und ersetzt keine \u00e4rztliche Beratung.<\/p>\n<h3 data-path-to-node=\"29\">Lagerung<\/h3>\n<p data-path-to-node=\"30\">Idealerweise sollten die CBD-Harze von The Tree an einem k\u00fchlen und trockenen Ort gelagert werden (am besten im K\u00fchlschrank), gesch\u00fctzt vor Licht und starken Ger\u00fcchen, um jegliche Art von Kontamination und\/oder Abbau zu vermeiden. Direkte Sonneneinstrahlung und Hitze vermeiden.<\/p>\n<p data-path-to-node=\"30\"><b data-path-to-node=\"30\" data-index-in-node=\"279\">Achtung:<\/b> Die angegebene Haltbarkeit betr\u00e4gt einen Monat bei korrekter Lagerung.<\/p>\n","protected":false},"excerpt":{"rendered":"<ul>\n<li data-path-to-node=\"22\">Hash CBD.<\/li>\n<li data-path-to-node=\"22\">Extrakt aus der Hanfpflanze.<\/li>\n<li data-path-to-node=\"22\">Format: Beutel zu 3g, 5g, 15g und 25g. 20,5 % CBD Weniger als 0,19 % THC<\/li>\n<li data-path-to-node=\"22\">Keine psychoaktiven Effekte<\/li>\n<li data-path-to-node=\"22\">Organisch angebauter Hanf<\/li>\n<li data-path-to-node=\"22\">GVO-frei<\/li>\n<li data-path-to-node=\"22\">Frei von Pestiziden<\/li>\n<li data-start=\"78\" data-end=\"346\"><\/li>\n<\/ul>\n","protected":false},"featured_media":191440,"template":"","meta":{"_acf_changed":false},"product_brand":[],"class_list":{"0":"post-191052","1":"product","2":"type-product","3":"status-publish","4":"has-post-thumbnail","6":"product_cat-cbd-haschisch","7":"product_cat-produkte-mit-20-cbd","9":"first","10":"instock","11":"featured","12":"taxable","13":"shipping-taxable","14":"purchasable","15":"product-type-variable"},"acf":[],"yoast_head":"<!-- This site is optimized with the Yoast SEO plugin v26.3 - https:\/\/yoast.com\/wordpress\/plugins\/seo\/ -->\n<title>Jelly Hash CBD - Resina CBD | The Tree CBD<\/title>\n<meta name=\"description\" content=\"Jelly Hash CBD, das CBD-Harz mit all seinen nat\u00fcrlichen Terpenen, mit einem starken Aroma ohne k\u00fcnstliche Zus\u00e4tze und nur echten Hanfterpenen.\" \/>\n<meta name=\"robots\" content=\"index, follow, max-snippet:-1, max-image-preview:large, max-video-preview:-1\" \/>\n<link rel=\"canonical\" href=\"https:\/\/thetreecbd.com\/de\/cbd\/jelly-hash-cbd\" \/>\n<meta property=\"og:locale\" content=\"de_DE\" \/>\n<meta property=\"og:type\" content=\"article\" \/>\n<meta property=\"og:title\" content=\"Jelly Hash CBD - Resina CBD | The Tree CBD\" \/>\n<meta property=\"og:description\" content=\"Jelly Hash CBD, das CBD-Harz mit all seinen nat\u00fcrlichen Terpenen, mit einem starken Aroma ohne k\u00fcnstliche Zus\u00e4tze und nur echten Hanfterpenen.\" \/>\n<meta property=\"og:url\" content=\"https:\/\/thetreecbd.com\/de\/cbd\/jelly-hash-cbd\" \/>\n<meta property=\"og:site_name\" content=\"The Tree CBD\" \/>\n<meta property=\"article:publisher\" content=\"https:\/\/www.facebook.com\/thetreeCBD\/\" \/>\n<meta property=\"article:modified_time\" content=\"2026-03-12T18:20:48+00:00\" \/>\n<meta property=\"og:image\" content=\"https:\/\/thetreecbd.com\/wp-content\/uploads\/2026\/03\/WhatsApp-Image-2026-03-12-at-18.39.43.jpeg\" \/>\n\t<meta property=\"og:image:width\" content=\"1534\" \/>\n\t<meta property=\"og:image:height\" content=\"1439\" \/>\n\t<meta property=\"og:image:type\" content=\"image\/jpeg\" \/>\n<meta name=\"twitter:card\" content=\"summary_large_image\" \/>\n<meta name=\"twitter:site\" content=\"@TheTreeCBD_EU\" \/>\n<meta name=\"twitter:label1\" content=\"Gesch\u00e4tzte Lesezeit\" \/>\n\t<meta name=\"twitter:data1\" content=\"2\u00a0Minuten\" \/>\n<script type=\"application\/ld+json\" class=\"yoast-schema-graph\">{\"@context\":\"https:\/\/schema.org\",\"@graph\":[{\"@type\":[\"WebPage\",\"ItemPage\"],\"@id\":\"https:\/\/thetreecbd.com\/de\/cbd\/jelly-hash-cbd\",\"url\":\"https:\/\/thetreecbd.com\/de\/cbd\/jelly-hash-cbd\",\"name\":\"Jelly Hash CBD - Resina CBD | The Tree CBD\",\"isPartOf\":{\"@id\":\"https:\/\/thetreecbd.com\/de#website\"},\"primaryImageOfPage\":{\"@id\":\"https:\/\/thetreecbd.com\/de\/cbd\/jelly-hash-cbd#primaryimage\"},\"image\":{\"@id\":\"https:\/\/thetreecbd.com\/de\/cbd\/jelly-hash-cbd#primaryimage\"},\"thumbnailUrl\":\"https:\/\/thetreecbd.com\/wp-content\/uploads\/2026\/03\/jelly-hash-cbd-3.jpeg\",\"datePublished\":\"2026-03-10T14:21:53+00:00\",\"dateModified\":\"2026-03-12T18:20:48+00:00\",\"description\":\"Jelly Hash CBD, das CBD-Harz mit all seinen nat\u00fcrlichen Terpenen, mit einem starken Aroma ohne k\u00fcnstliche Zus\u00e4tze und nur echten Hanfterpenen.\",\"breadcrumb\":{\"@id\":\"https:\/\/thetreecbd.com\/de\/cbd\/jelly-hash-cbd#breadcrumb\"},\"inLanguage\":\"de\",\"potentialAction\":[{\"@type\":\"ReadAction\",\"target\":[\"https:\/\/thetreecbd.com\/de\/cbd\/jelly-hash-cbd\"]}]},{\"@type\":\"ImageObject\",\"inLanguage\":\"de\",\"@id\":\"https:\/\/thetreecbd.com\/de\/cbd\/jelly-hash-cbd#primaryimage\",\"url\":\"https:\/\/thetreecbd.com\/wp-content\/uploads\/2026\/03\/jelly-hash-cbd-3.jpeg\",\"contentUrl\":\"https:\/\/thetreecbd.com\/wp-content\/uploads\/2026\/03\/jelly-hash-cbd-3.jpeg\",\"width\":1088,\"height\":1350},{\"@type\":\"BreadcrumbList\",\"@id\":\"https:\/\/thetreecbd.com\/de\/cbd\/jelly-hash-cbd#breadcrumb\",\"itemListElement\":[{\"@type\":\"ListItem\",\"position\":1,\"name\":\"The Tree\",\"item\":\"https:\/\/thetreecbd.com\/de\"},{\"@type\":\"ListItem\",\"position\":2,\"name\":\"CBD\",\"item\":\"https:\/\/thetreecbd.com\/es\/cbd\"},{\"@type\":\"ListItem\",\"position\":3,\"name\":\"CBD-Haschisch. Cannabis-Extrakte\",\"item\":\"https:\/\/thetreecbd.com\/de\/cbd-haschisch\"},{\"@type\":\"ListItem\",\"position\":4,\"name\":\"Jelly Hash CBD\"}]},{\"@type\":\"WebSite\",\"@id\":\"https:\/\/thetreecbd.com\/de#website\",\"url\":\"https:\/\/thetreecbd.com\/de\",\"name\":\"The Tree CBD\",\"description\":\"Comprar CBD en Espa\u00f1a Online\",\"publisher\":{\"@id\":\"https:\/\/thetreecbd.com\/de#organization\"},\"potentialAction\":[{\"@type\":\"SearchAction\",\"target\":{\"@type\":\"EntryPoint\",\"urlTemplate\":\"https:\/\/thetreecbd.com\/de?s={search_term_string}\"},\"query-input\":{\"@type\":\"PropertyValueSpecification\",\"valueRequired\":true,\"valueName\":\"search_term_string\"}}],\"inLanguage\":\"de\"},{\"@type\":\"Organization\",\"@id\":\"https:\/\/thetreecbd.com\/de#organization\",\"name\":\"The Tree CBD\",\"url\":\"https:\/\/thetreecbd.com\/de\",\"logo\":{\"@type\":\"ImageObject\",\"inLanguage\":\"de\",\"@id\":\"https:\/\/thetreecbd.com\/de#\/schema\/logo\/image\/\",\"url\":\"https:\/\/thetreecbd.com\/wp-content\/uploads\/2022\/04\/logo-thetree.png\",\"contentUrl\":\"https:\/\/thetreecbd.com\/wp-content\/uploads\/2022\/04\/logo-thetree.png\",\"width\":172,\"height\":55,\"caption\":\"The Tree CBD\"},\"image\":{\"@id\":\"https:\/\/thetreecbd.com\/de#\/schema\/logo\/image\/\"},\"sameAs\":[\"https:\/\/www.facebook.com\/thetreeCBD\/\",\"https:\/\/x.com\/TheTreeCBD_EU\",\"https:\/\/www.instagram.com\/thetree.cbd\/\",\"https:\/\/es.trustpilot.com\/review\/thetreecbd.com\"]}]}<\/script>\n<!-- \/ Yoast SEO plugin. -->","yoast_head_json":{"title":"Jelly Hash CBD - Resina CBD | The Tree CBD","description":"Jelly Hash CBD, das CBD-Harz mit all seinen nat\u00fcrlichen Terpenen, mit einem starken Aroma ohne k\u00fcnstliche Zus\u00e4tze und nur echten Hanfterpenen.","robots":{"index":"index","follow":"follow","max-snippet":"max-snippet:-1","max-image-preview":"max-image-preview:large","max-video-preview":"max-video-preview:-1"},"canonical":"https:\/\/thetreecbd.com\/de\/cbd\/jelly-hash-cbd","og_locale":"de_DE","og_type":"article","og_title":"Jelly Hash CBD - Resina CBD | The Tree CBD","og_description":"Jelly Hash CBD, das CBD-Harz mit all seinen nat\u00fcrlichen Terpenen, mit einem starken Aroma ohne k\u00fcnstliche Zus\u00e4tze und nur echten Hanfterpenen.","og_url":"https:\/\/thetreecbd.com\/de\/cbd\/jelly-hash-cbd","og_site_name":"The Tree CBD","article_publisher":"https:\/\/www.facebook.com\/thetreeCBD\/","article_modified_time":"2026-03-12T18:20:48+00:00","og_image":[{"width":1534,"height":1439,"url":"https:\/\/thetreecbd.com\/wp-content\/uploads\/2026\/03\/WhatsApp-Image-2026-03-12-at-18.39.43.jpeg","type":"image\/jpeg"}],"twitter_card":"summary_large_image","twitter_site":"@TheTreeCBD_EU","twitter_misc":{"Gesch\u00e4tzte Lesezeit":"2\u00a0Minuten"},"schema":{"@context":"https:\/\/schema.org","@graph":[{"@type":["WebPage","ItemPage"],"@id":"https:\/\/thetreecbd.com\/de\/cbd\/jelly-hash-cbd","url":"https:\/\/thetreecbd.com\/de\/cbd\/jelly-hash-cbd","name":"Jelly Hash CBD - Resina CBD | The Tree CBD","isPartOf":{"@id":"https:\/\/thetreecbd.com\/de#website"},"primaryImageOfPage":{"@id":"https:\/\/thetreecbd.com\/de\/cbd\/jelly-hash-cbd#primaryimage"},"image":{"@id":"https:\/\/thetreecbd.com\/de\/cbd\/jelly-hash-cbd#primaryimage"},"thumbnailUrl":"https:\/\/thetreecbd.com\/wp-content\/uploads\/2026\/03\/jelly-hash-cbd-3.jpeg","datePublished":"2026-03-10T14:21:53+00:00","dateModified":"2026-03-12T18:20:48+00:00","description":"Jelly Hash CBD, das CBD-Harz mit all seinen nat\u00fcrlichen Terpenen, mit einem starken Aroma ohne k\u00fcnstliche Zus\u00e4tze und nur echten Hanfterpenen.","breadcrumb":{"@id":"https:\/\/thetreecbd.com\/de\/cbd\/jelly-hash-cbd#breadcrumb"},"inLanguage":"de","potentialAction":[{"@type":"ReadAction","target":["https:\/\/thetreecbd.com\/de\/cbd\/jelly-hash-cbd"]}]},{"@type":"ImageObject","inLanguage":"de","@id":"https:\/\/thetreecbd.com\/de\/cbd\/jelly-hash-cbd#primaryimage","url":"https:\/\/thetreecbd.com\/wp-content\/uploads\/2026\/03\/jelly-hash-cbd-3.jpeg","contentUrl":"https:\/\/thetreecbd.com\/wp-content\/uploads\/2026\/03\/jelly-hash-cbd-3.jpeg","width":1088,"height":1350},{"@type":"BreadcrumbList","@id":"https:\/\/thetreecbd.com\/de\/cbd\/jelly-hash-cbd#breadcrumb","itemListElement":[{"@type":"ListItem","position":1,"name":"The Tree","item":"https:\/\/thetreecbd.com\/de"},{"@type":"ListItem","position":2,"name":"CBD","item":"https:\/\/thetreecbd.com\/es\/cbd"},{"@type":"ListItem","position":3,"name":"CBD-Haschisch. Cannabis-Extrakte","item":"https:\/\/thetreecbd.com\/de\/cbd-haschisch"},{"@type":"ListItem","position":4,"name":"Jelly Hash CBD"}]},{"@type":"WebSite","@id":"https:\/\/thetreecbd.com\/de#website","url":"https:\/\/thetreecbd.com\/de","name":"The Tree CBD","description":"Comprar CBD en Espa\u00f1a Online","publisher":{"@id":"https:\/\/thetreecbd.com\/de#organization"},"potentialAction":[{"@type":"SearchAction","target":{"@type":"EntryPoint","urlTemplate":"https:\/\/thetreecbd.com\/de?s={search_term_string}"},"query-input":{"@type":"PropertyValueSpecification","valueRequired":true,"valueName":"search_term_string"}}],"inLanguage":"de"},{"@type":"Organization","@id":"https:\/\/thetreecbd.com\/de#organization","name":"The Tree CBD","url":"https:\/\/thetreecbd.com\/de","logo":{"@type":"ImageObject","inLanguage":"de","@id":"https:\/\/thetreecbd.com\/de#\/schema\/logo\/image\/","url":"https:\/\/thetreecbd.com\/wp-content\/uploads\/2022\/04\/logo-thetree.png","contentUrl":"https:\/\/thetreecbd.com\/wp-content\/uploads\/2022\/04\/logo-thetree.png","width":172,"height":55,"caption":"The Tree CBD"},"image":{"@id":"https:\/\/thetreecbd.com\/de#\/schema\/logo\/image\/"},"sameAs":["https:\/\/www.facebook.com\/thetreeCBD\/","https:\/\/x.com\/TheTreeCBD_EU","https:\/\/www.instagram.com\/thetree.cbd\/","https:\/\/es.trustpilot.com\/review\/thetreecbd.com"]}]}},"_links":{"self":[{"href":"https:\/\/thetreecbd.com\/de\/wp-json\/wp\/v2\/product\/191052","targetHints":{"allow":["GET"]}}],"collection":[{"href":"https:\/\/thetreecbd.com\/de\/wp-json\/wp\/v2\/product"}],"about":[{"href":"https:\/\/thetreecbd.com\/de\/wp-json\/wp\/v2\/types\/product"}],"version-history":[{"count":1,"href":"https:\/\/thetreecbd.com\/de\/wp-json\/wp\/v2\/product\/191052\/revisions"}],"predecessor-version":[{"id":191193,"href":"https:\/\/thetreecbd.com\/de\/wp-json\/wp\/v2\/product\/191052\/revisions\/191193"}],"wp:featuredmedia":[{"embeddable":true,"href":"https:\/\/thetreecbd.com\/de\/wp-json\/wp\/v2\/media\/191440"}],"wp:attachment":[{"href":"https:\/\/thetreecbd.com\/de\/wp-json\/wp\/v2\/media?parent=191052"}],"wp:term":[{"taxonomy":"product_brand","embeddable":true,"href":"https:\/\/thetreecbd.com\/de\/wp-json\/wp\/v2\/product_brand?post=191052"}],"curies":[{"name":"wp","href":"https:\/\/api.w.org\/{rel}","templated":true}]}}