{"id":193575,"date":"2026-04-15T11:46:10","date_gmt":"2026-04-15T09:46:10","guid":{"rendered":"https:\/\/thetreecbd.com\/?post_type=product&#038;p=193575"},"modified":"2026-04-21T16:21:37","modified_gmt":"2026-04-21T14:21:37","slug":"cbd-diamonds","status":"publish","type":"product","link":"https:\/\/thetreecbd.com\/de\/cbd\/cbd-diamonds","title":{"rendered":"CBD Diamonds"},"content":{"rendered":"<p data-path-to-node=\"14\">The Tree CBD pr\u00e4sentiert Ihnen die neuen <b data-path-to-node=\"14\" data-index-in-node=\"41\">CBD Diamonds<\/b>, eine der reinsten Formen, in denen Cannabidiol gewonnen werden kann. Die <b data-path-to-node=\"14\" data-index-in-node=\"128\">CBD Diamonds<\/b> von The Tree CBD verdanken ihren Namen ihrem kristallinen und durchscheinenden Aussehen, das an diese kleinen, gro\u00dfen Juwelen der Natur erinnert: \u201eRohdiamanten\u201c.<\/p>\n<p data-path-to-node=\"15\">Sie weisen in der Regel eine CBD-Konzentration zwischen <b data-path-to-node=\"15\" data-index-in-node=\"56\">97 % und 99 %<\/b> auf und werden durch einen Prozess namens \u201eDiamond Mining\u201c hergestellt. Dabei wird ein Vollspektrum-Extrakt \u00fcbers\u00e4ttigt und unter kontrolliertem Druck und Temperatur ruhen gelassen, bis die Cannabinoide kristallisieren. Wenn Sie maximale Potenz f\u00fcr tiefe Entspannung oder starke Schmerzen suchen, ist \u201eDiamond CBD\u201c im Kristallformat eine der empfehlenswertesten Optionen auf dem Markt.<\/p>\n<h3 data-path-to-node=\"16\">Eigenschaften von CBD Diamonds<\/h3>\n<ul data-path-to-node=\"17\">\n<li>\n<p data-path-to-node=\"17,0,0\">CBD-Isolat-Diamanten<\/p>\n<\/li>\n<li>\n<p data-path-to-node=\"17,1,0\">Beutel zu 3g, 5g, 15g und 25g<\/p>\n<\/li>\n<li>\n<p data-path-to-node=\"17,2,0\">97 \u2013 99 % CBD<\/p>\n<\/li>\n<li>\n<p data-path-to-node=\"17,3,0\">Ohne THC-Gehalt<\/p>\n<\/li>\n<li>\n<p data-path-to-node=\"17,4,0\">Keine psychoaktiven Effekte<\/p>\n<\/li>\n<li>\n<p data-path-to-node=\"17,5,0\">GVO- und pestizidfrei<\/p>\n<\/li>\n<\/ul>\n<h3 data-path-to-node=\"18\">Zielgruppe<\/h3>\n<p data-path-to-node=\"19\">Die <b data-path-to-node=\"19\" data-index-in-node=\"4\">CBD Diamonds<\/b> von The Tree CBD richten sich an Personen, die die h\u00f6chste CBD-Konzentration in einem einzigen Produkt suchen. Zu diesem Zweck geh\u00f6ren sie zu den empfehlenswertesten Optionen, die auf dem Markt erh\u00e4ltlich sind.<\/p>\n<h3 data-path-to-node=\"20\">Sicherheitshinweis<\/h3>\n<p data-path-to-node=\"21\">Bitte beachten Sie, dass die <b data-path-to-node=\"21\" data-index-in-node=\"29\">CBD Diamonds<\/b> von The Tree ein Dekorations-, Sammler- und Aromaprodukt sind. Sie d\u00fcrfen nicht w\u00e4hrend der Schwangerschaft oder Stillzeit verwendet werden. Au\u00dferhalb der Reichweite von Kindern aufbewahren. Unsere CBD Diamonds k\u00f6nnen Spuren von THC enthalten, jedoch immer unter dem EU-Grenzwert von 0,2 %. Dieser Inhalt dient nur zu Informationszwecken und ersetzt keine \u00e4rztliche Beratung.<\/p>\n<h3 data-path-to-node=\"22\">Lagerung<\/h3>\n<p data-path-to-node=\"23\">Idealerweise an einem k\u00fchlen und trockenen Ort lagern, gesch\u00fctzt vor Licht und starken Ger\u00fcchen, um Abbau zu vermeiden. Direktes Sonnenlicht und Hitze vermeiden.<\/p>\n<p data-path-to-node=\"23\"><b data-path-to-node=\"23\" data-index-in-node=\"162\">Achtung:<\/b> Die angegebene Haltbarkeit betr\u00e4gt einen Monat bei korrekter Lagerung.<\/p>\n","protected":false},"excerpt":{"rendered":"<ul data-path-to-node=\"17\">\n<li>\n<p data-path-to-node=\"17,0,0\">CBD-Isolat-Diamanten<\/p>\n<\/li>\n<li>\n<p data-path-to-node=\"17,1,0\">Beutel zu 3g, 5g, 15g und 25g<\/p>\n<\/li>\n<li>\n<p data-path-to-node=\"17,2,0\">97 \u2013 99 % CBD<\/p>\n<\/li>\n<li>\n<p data-path-to-node=\"17,3,0\">Ohne THC-Gehalt<\/p>\n<\/li>\n<li>\n<p data-path-to-node=\"17,4,0\">Keine psychoaktiven Effekte<\/p>\n<\/li>\n<li>\n<p data-path-to-node=\"17,5,0\">GVO- und pestizidfrei<\/p>\n<\/li>\n<\/ul>\n","protected":false},"featured_media":193684,"template":"","meta":{"_acf_changed":false},"product_brand":[],"class_list":{"0":"post-193575","1":"product","2":"type-product","3":"status-publish","4":"has-post-thumbnail","6":"product_cat-bluten","7":"product_cat-cbd-haschisch","9":"first","10":"instock","11":"taxable","12":"shipping-taxable","13":"purchasable","14":"product-type-variable","15":"has-default-attributes"},"acf":[],"yoast_head":"<!-- This site is optimized with the Yoast SEO plugin v26.3 - https:\/\/yoast.com\/wordpress\/plugins\/seo\/ -->\n<title>CBD DIamonds | The Tree CBD<\/title>\n<meta name=\"description\" content=\"Neue CBD Diamonds von The Tree CBD. Finde die maximale CBD-Konzentration in einem einzigen Produkt. Nur f\u00fcr Experten. Probiere sie aus!\" \/>\n<meta name=\"robots\" content=\"index, follow, max-snippet:-1, max-image-preview:large, max-video-preview:-1\" \/>\n<link rel=\"canonical\" href=\"https:\/\/thetreecbd.com\/de\/cbd\/cbd-diamonds\" \/>\n<meta property=\"og:locale\" content=\"de_DE\" \/>\n<meta property=\"og:type\" content=\"article\" \/>\n<meta property=\"og:title\" content=\"CBD DIamonds | The Tree CBD\" \/>\n<meta property=\"og:description\" content=\"Neue CBD Diamonds von The Tree CBD. Finde die maximale CBD-Konzentration in einem einzigen Produkt. Nur f\u00fcr Experten. Probiere sie aus!\" \/>\n<meta property=\"og:url\" content=\"https:\/\/thetreecbd.com\/de\/cbd\/cbd-diamonds\" \/>\n<meta property=\"og:site_name\" content=\"The Tree CBD\" \/>\n<meta property=\"article:publisher\" content=\"https:\/\/www.facebook.com\/thetreeCBD\/\" \/>\n<meta property=\"article:modified_time\" content=\"2026-04-21T14:21:37+00:00\" \/>\n<meta property=\"og:image\" content=\"https:\/\/thetreecbd.com\/wp-content\/uploads\/2024\/08\/cbd-diamonds1.jpeg\" \/>\n\t<meta property=\"og:image:width\" content=\"1088\" \/>\n\t<meta property=\"og:image:height\" content=\"1350\" \/>\n\t<meta property=\"og:image:type\" content=\"image\/jpeg\" \/>\n<meta name=\"twitter:card\" content=\"summary_large_image\" \/>\n<meta name=\"twitter:site\" content=\"@TheTreeCBD_EU\" \/>\n<meta name=\"twitter:label1\" content=\"Gesch\u00e4tzte Lesezeit\" \/>\n\t<meta name=\"twitter:data1\" content=\"1\u00a0Minute\" \/>\n<script type=\"application\/ld+json\" class=\"yoast-schema-graph\">{\"@context\":\"https:\/\/schema.org\",\"@graph\":[{\"@type\":[\"WebPage\",\"ItemPage\"],\"@id\":\"https:\/\/thetreecbd.com\/de\/cbd\/cbd-diamonds\",\"url\":\"https:\/\/thetreecbd.com\/de\/cbd\/cbd-diamonds\",\"name\":\"CBD DIamonds | The Tree CBD\",\"isPartOf\":{\"@id\":\"https:\/\/thetreecbd.com\/de#website\"},\"primaryImageOfPage\":{\"@id\":\"https:\/\/thetreecbd.com\/de\/cbd\/cbd-diamonds#primaryimage\"},\"image\":{\"@id\":\"https:\/\/thetreecbd.com\/de\/cbd\/cbd-diamonds#primaryimage\"},\"thumbnailUrl\":\"https:\/\/thetreecbd.com\/wp-content\/uploads\/2024\/08\/cbd-diamonds1.jpeg\",\"datePublished\":\"2026-04-15T09:46:10+00:00\",\"dateModified\":\"2026-04-21T14:21:37+00:00\",\"description\":\"Neue CBD Diamonds von The Tree CBD. Finde die maximale CBD-Konzentration in einem einzigen Produkt. Nur f\u00fcr Experten. Probiere sie aus!\",\"breadcrumb\":{\"@id\":\"https:\/\/thetreecbd.com\/de\/cbd\/cbd-diamonds#breadcrumb\"},\"inLanguage\":\"de\",\"potentialAction\":[{\"@type\":\"ReadAction\",\"target\":[\"https:\/\/thetreecbd.com\/de\/cbd\/cbd-diamonds\"]}]},{\"@type\":\"ImageObject\",\"inLanguage\":\"de\",\"@id\":\"https:\/\/thetreecbd.com\/de\/cbd\/cbd-diamonds#primaryimage\",\"url\":\"https:\/\/thetreecbd.com\/wp-content\/uploads\/2024\/08\/cbd-diamonds1.jpeg\",\"contentUrl\":\"https:\/\/thetreecbd.com\/wp-content\/uploads\/2024\/08\/cbd-diamonds1.jpeg\",\"width\":1088,\"height\":1350},{\"@type\":\"BreadcrumbList\",\"@id\":\"https:\/\/thetreecbd.com\/de\/cbd\/cbd-diamonds#breadcrumb\",\"itemListElement\":[{\"@type\":\"ListItem\",\"position\":1,\"name\":\"The Tree\",\"item\":\"https:\/\/thetreecbd.com\/de\"},{\"@type\":\"ListItem\",\"position\":2,\"name\":\"CBD\",\"item\":\"https:\/\/thetreecbd.com\/es\/cbd\"},{\"@type\":\"ListItem\",\"position\":3,\"name\":\"CBD-Haschisch. Cannabis-Extrakte\",\"item\":\"https:\/\/thetreecbd.com\/de\/cbd-haschisch\"},{\"@type\":\"ListItem\",\"position\":4,\"name\":\"CBD Diamonds\"}]},{\"@type\":\"WebSite\",\"@id\":\"https:\/\/thetreecbd.com\/de#website\",\"url\":\"https:\/\/thetreecbd.com\/de\",\"name\":\"The Tree CBD\",\"description\":\"Comprar CBD en Espa\u00f1a Online\",\"publisher\":{\"@id\":\"https:\/\/thetreecbd.com\/de#organization\"},\"potentialAction\":[{\"@type\":\"SearchAction\",\"target\":{\"@type\":\"EntryPoint\",\"urlTemplate\":\"https:\/\/thetreecbd.com\/de?s={search_term_string}\"},\"query-input\":{\"@type\":\"PropertyValueSpecification\",\"valueRequired\":true,\"valueName\":\"search_term_string\"}}],\"inLanguage\":\"de\"},{\"@type\":\"Organization\",\"@id\":\"https:\/\/thetreecbd.com\/de#organization\",\"name\":\"The Tree CBD\",\"url\":\"https:\/\/thetreecbd.com\/de\",\"logo\":{\"@type\":\"ImageObject\",\"inLanguage\":\"de\",\"@id\":\"https:\/\/thetreecbd.com\/de#\/schema\/logo\/image\/\",\"url\":\"https:\/\/thetreecbd.com\/wp-content\/uploads\/2022\/04\/logo-thetree.png\",\"contentUrl\":\"https:\/\/thetreecbd.com\/wp-content\/uploads\/2022\/04\/logo-thetree.png\",\"width\":172,\"height\":55,\"caption\":\"The Tree CBD\"},\"image\":{\"@id\":\"https:\/\/thetreecbd.com\/de#\/schema\/logo\/image\/\"},\"sameAs\":[\"https:\/\/www.facebook.com\/thetreeCBD\/\",\"https:\/\/x.com\/TheTreeCBD_EU\",\"https:\/\/www.instagram.com\/thetree.cbd\/\",\"https:\/\/es.trustpilot.com\/review\/thetreecbd.com\"]}]}<\/script>\n<!-- \/ Yoast SEO plugin. -->","yoast_head_json":{"title":"CBD DIamonds | The Tree CBD","description":"Neue CBD Diamonds von The Tree CBD. Finde die maximale CBD-Konzentration in einem einzigen Produkt. Nur f\u00fcr Experten. Probiere sie aus!","robots":{"index":"index","follow":"follow","max-snippet":"max-snippet:-1","max-image-preview":"max-image-preview:large","max-video-preview":"max-video-preview:-1"},"canonical":"https:\/\/thetreecbd.com\/de\/cbd\/cbd-diamonds","og_locale":"de_DE","og_type":"article","og_title":"CBD DIamonds | The Tree CBD","og_description":"Neue CBD Diamonds von The Tree CBD. Finde die maximale CBD-Konzentration in einem einzigen Produkt. Nur f\u00fcr Experten. Probiere sie aus!","og_url":"https:\/\/thetreecbd.com\/de\/cbd\/cbd-diamonds","og_site_name":"The Tree CBD","article_publisher":"https:\/\/www.facebook.com\/thetreeCBD\/","article_modified_time":"2026-04-21T14:21:37+00:00","og_image":[{"width":1088,"height":1350,"url":"https:\/\/thetreecbd.com\/wp-content\/uploads\/2024\/08\/cbd-diamonds1.jpeg","type":"image\/jpeg"}],"twitter_card":"summary_large_image","twitter_site":"@TheTreeCBD_EU","twitter_misc":{"Gesch\u00e4tzte Lesezeit":"1\u00a0Minute"},"schema":{"@context":"https:\/\/schema.org","@graph":[{"@type":["WebPage","ItemPage"],"@id":"https:\/\/thetreecbd.com\/de\/cbd\/cbd-diamonds","url":"https:\/\/thetreecbd.com\/de\/cbd\/cbd-diamonds","name":"CBD DIamonds | The Tree CBD","isPartOf":{"@id":"https:\/\/thetreecbd.com\/de#website"},"primaryImageOfPage":{"@id":"https:\/\/thetreecbd.com\/de\/cbd\/cbd-diamonds#primaryimage"},"image":{"@id":"https:\/\/thetreecbd.com\/de\/cbd\/cbd-diamonds#primaryimage"},"thumbnailUrl":"https:\/\/thetreecbd.com\/wp-content\/uploads\/2024\/08\/cbd-diamonds1.jpeg","datePublished":"2026-04-15T09:46:10+00:00","dateModified":"2026-04-21T14:21:37+00:00","description":"Neue CBD Diamonds von The Tree CBD. Finde die maximale CBD-Konzentration in einem einzigen Produkt. Nur f\u00fcr Experten. Probiere sie aus!","breadcrumb":{"@id":"https:\/\/thetreecbd.com\/de\/cbd\/cbd-diamonds#breadcrumb"},"inLanguage":"de","potentialAction":[{"@type":"ReadAction","target":["https:\/\/thetreecbd.com\/de\/cbd\/cbd-diamonds"]}]},{"@type":"ImageObject","inLanguage":"de","@id":"https:\/\/thetreecbd.com\/de\/cbd\/cbd-diamonds#primaryimage","url":"https:\/\/thetreecbd.com\/wp-content\/uploads\/2024\/08\/cbd-diamonds1.jpeg","contentUrl":"https:\/\/thetreecbd.com\/wp-content\/uploads\/2024\/08\/cbd-diamonds1.jpeg","width":1088,"height":1350},{"@type":"BreadcrumbList","@id":"https:\/\/thetreecbd.com\/de\/cbd\/cbd-diamonds#breadcrumb","itemListElement":[{"@type":"ListItem","position":1,"name":"The Tree","item":"https:\/\/thetreecbd.com\/de"},{"@type":"ListItem","position":2,"name":"CBD","item":"https:\/\/thetreecbd.com\/es\/cbd"},{"@type":"ListItem","position":3,"name":"CBD-Haschisch. Cannabis-Extrakte","item":"https:\/\/thetreecbd.com\/de\/cbd-haschisch"},{"@type":"ListItem","position":4,"name":"CBD Diamonds"}]},{"@type":"WebSite","@id":"https:\/\/thetreecbd.com\/de#website","url":"https:\/\/thetreecbd.com\/de","name":"The Tree CBD","description":"Comprar CBD en Espa\u00f1a Online","publisher":{"@id":"https:\/\/thetreecbd.com\/de#organization"},"potentialAction":[{"@type":"SearchAction","target":{"@type":"EntryPoint","urlTemplate":"https:\/\/thetreecbd.com\/de?s={search_term_string}"},"query-input":{"@type":"PropertyValueSpecification","valueRequired":true,"valueName":"search_term_string"}}],"inLanguage":"de"},{"@type":"Organization","@id":"https:\/\/thetreecbd.com\/de#organization","name":"The Tree CBD","url":"https:\/\/thetreecbd.com\/de","logo":{"@type":"ImageObject","inLanguage":"de","@id":"https:\/\/thetreecbd.com\/de#\/schema\/logo\/image\/","url":"https:\/\/thetreecbd.com\/wp-content\/uploads\/2022\/04\/logo-thetree.png","contentUrl":"https:\/\/thetreecbd.com\/wp-content\/uploads\/2022\/04\/logo-thetree.png","width":172,"height":55,"caption":"The Tree CBD"},"image":{"@id":"https:\/\/thetreecbd.com\/de#\/schema\/logo\/image\/"},"sameAs":["https:\/\/www.facebook.com\/thetreeCBD\/","https:\/\/x.com\/TheTreeCBD_EU","https:\/\/www.instagram.com\/thetree.cbd\/","https:\/\/es.trustpilot.com\/review\/thetreecbd.com"]}]}},"_links":{"self":[{"href":"https:\/\/thetreecbd.com\/de\/wp-json\/wp\/v2\/product\/193575","targetHints":{"allow":["GET"]}}],"collection":[{"href":"https:\/\/thetreecbd.com\/de\/wp-json\/wp\/v2\/product"}],"about":[{"href":"https:\/\/thetreecbd.com\/de\/wp-json\/wp\/v2\/types\/product"}],"version-history":[{"count":1,"href":"https:\/\/thetreecbd.com\/de\/wp-json\/wp\/v2\/product\/193575\/revisions"}],"predecessor-version":[{"id":194062,"href":"https:\/\/thetreecbd.com\/de\/wp-json\/wp\/v2\/product\/193575\/revisions\/194062"}],"wp:featuredmedia":[{"embeddable":true,"href":"https:\/\/thetreecbd.com\/de\/wp-json\/wp\/v2\/media\/193684"}],"wp:attachment":[{"href":"https:\/\/thetreecbd.com\/de\/wp-json\/wp\/v2\/media?parent=193575"}],"wp:term":[{"taxonomy":"product_brand","embeddable":true,"href":"https:\/\/thetreecbd.com\/de\/wp-json\/wp\/v2\/product_brand?post=193575"}],"curies":[{"name":"wp","href":"https:\/\/api.w.org\/{rel}","templated":true}]}}