{"id":193606,"date":"2026-04-15T14:17:37","date_gmt":"2026-04-15T12:17:37","guid":{"rendered":"https:\/\/thetreecbd.com\/?post_type=product&#038;p=193606"},"modified":"2026-05-07T15:30:38","modified_gmt":"2026-05-07T13:30:38","slug":"cbd-moonrocks","status":"publish","type":"product","link":"https:\/\/thetreecbd.com\/de\/cbd\/cbd-moonrocks","title":{"rendered":"CBD Moonrocks"},"content":{"rendered":"<p data-path-to-node=\"15\">The Tree CBD bringt Ihnen seine neuen <b data-path-to-node=\"15\" data-index-in-node=\"38\">CBD MoonRocks<\/b>, die aktuellen Favoriten, die entwickelt wurden, um das Hanferlebnis ohne Kompromisse zu verst\u00e4rken.<\/p>\n<p data-path-to-node=\"16\">Diese Moon Rocks sind ein Premiumprodukt, bestehend aus dichten, CBD-dominanten Hanfbl\u00fcten, einer sorgf\u00e4ltigen Beschichtung aus <b data-path-to-node=\"16\" data-index-in-node=\"128\">CBD Live Resin<\/b> und einer gro\u00dfz\u00fcgigen Schicht aus <b data-path-to-node=\"16\" data-index-in-node=\"177\">CBD Kief<\/b> mit hohem Harzgehalt. Dieses Verfahren versiegelt den gesamten Geschmack, das Aroma und die St\u00e4rke.<\/p>\n<p data-path-to-node=\"17\">Das Ergebnis ist eine extrem klebrige, harzreiche Bl\u00fcte mit einem gl\u00e4nzenden \u00c4u\u00dferen, das den Konsumenten beeindruckt, und tief beruhigenden Effekten. Ob Sie totale k\u00f6rperliche Entspannung, n\u00e4chtliche Ruhe oder einfach ein verbessertes CBD-Erlebnis suchen, diese Moon Rocks bieten eine intensive, geschmackvolle und besondere Sitzung zu jeder Tageszeit.<\/p>\n<h3 data-path-to-node=\"18\">Eigenschaften von CBD MoonRocks<\/h3>\n<ul data-path-to-node=\"19\">\n<li>\n<p data-path-to-node=\"19,0,0\">Hanfbl\u00fcten, beschichtet mit geschmolzenem CBD-Isolat + CBD-Kief<\/p>\n<\/li>\n<li>\n<p data-path-to-node=\"19,1,0\">Beutel zu 3g, 5g, 15g und 25g<\/p>\n<\/li>\n<li>\n<p data-path-to-node=\"19,2,0\">48-50 % CBD<\/p>\n<\/li>\n<li>\n<p data-path-to-node=\"19,3,0\">Weniger als 0,20 % THC<\/p>\n<\/li>\n<li>\n<p data-path-to-node=\"19,4,0\">Keine psychoaktiven Effekte<\/p>\n<\/li>\n<li>\n<p data-path-to-node=\"19,5,0\">Biologisch angebaut<\/p>\n<\/li>\n<li>\n<p data-path-to-node=\"19,6,0\">GVO- und pestizidfrei<\/p>\n<\/li>\n<\/ul>\n<h3 data-path-to-node=\"20\">Zielgruppe<\/h3>\n<p data-path-to-node=\"21\">Die <b data-path-to-node=\"21\" data-index-in-node=\"4\">CBD MoonRocks<\/b> richten sich prim\u00e4r an alle, die intensive Erfahrungen mit Cannabidiol suchen. Erfahrene CBD-Nutzer, die die Wirkung bereits kennen und eine h\u00f6here Intensit\u00e4t anstreben, sowie Liebhaber von intensivem Aroma und Geschmack, der aus der Kombination von Bl\u00fcte, \u00d6l und Kief resultiert.<\/p>\n<h3 data-path-to-node=\"22\">Sicherheitshinweis<\/h3>\n<p data-path-to-node=\"23\">Bitte beachten Sie, dass die CBD-Bl\u00fcten von The Tree ein Dekorations-, Sammler- und Aromaprodukt sind. Sie d\u00fcrfen nicht w\u00e4hrend der Schwangerschaft oder Stillzeit verwendet werden. Au\u00dferhalb der Reichweite von Kindern aufbewahren. Der Inhalt dient nur zu Informationszwecken und ersetzt keine \u00e4rztliche Beratung.<\/p>\n<h3 data-path-to-node=\"24\">Lagerung<\/h3>\n<p data-path-to-node=\"25\">Idealerweise an einem k\u00fchlen und trockenen Ort lagern, gesch\u00fctzt vor Licht und starken Ger\u00fcchen. Direktes Sonnenlicht und Hitze vermeiden.<\/p>\n<p data-path-to-node=\"25\"><b data-path-to-node=\"25\" data-index-in-node=\"139\">Achtung:<\/b> Die angegebene Haltbarkeit betr\u00e4gt einen Monat bei korrekter Lagerung.<\/p>\n","protected":false},"excerpt":{"rendered":"<ul data-path-to-node=\"17\">\n<li>\n<ul data-path-to-node=\"19\">\n<li>\n<p data-path-to-node=\"19,0,0\">Hanfbl\u00fcten, beschichtet mit geschmolzenem CBD-Isolat + CBD-Kief<\/p>\n<\/li>\n<li>\n<p data-path-to-node=\"19,1,0\">Beutel zu 3g, 5g, 15g und 25g<\/p>\n<\/li>\n<li>\n<p data-path-to-node=\"19,2,0\">48-50 % CBD<\/p>\n<\/li>\n<li>\n<p data-path-to-node=\"19,3,0\">Weniger als 0,20 % THC<\/p>\n<\/li>\n<li>\n<p data-path-to-node=\"19,4,0\">Keine psychoaktiven Effekte<\/p>\n<\/li>\n<li>\n<p data-path-to-node=\"19,5,0\">Biologisch angebaut<\/p>\n<\/li>\n<li>\n<p data-path-to-node=\"19,6,0\">GVO- und pestizidfrei<\/p>\n<\/li>\n<\/ul>\n<\/li>\n<\/ul>\n","protected":false},"featured_media":193690,"template":"","meta":{"_acf_changed":false},"product_brand":[],"class_list":{"0":"post-193606","1":"product","2":"type-product","3":"status-publish","4":"has-post-thumbnail","6":"product_cat-bluten","7":"product_cat-cbd-haschisch","9":"first","10":"instock","11":"taxable","12":"shipping-taxable","13":"purchasable","14":"product-type-variable","15":"has-default-attributes"},"acf":[],"yoast_head":"<!-- This site is optimized with the Yoast SEO plugin v26.3 - https:\/\/yoast.com\/wordpress\/plugins\/seo\/ -->\n<title>CBD Moonrocks | The Tree CBD<\/title>\n<meta name=\"description\" content=\"Neue CBD Moonrocks von The Tree CBD. Ein Premium-Produkt, das entwickelt wurde, um das Hanferlebnis ohne Kompromisse zu verst\u00e4rken.\" \/>\n<meta name=\"robots\" content=\"index, follow, max-snippet:-1, max-image-preview:large, max-video-preview:-1\" \/>\n<link rel=\"canonical\" href=\"https:\/\/thetreecbd.com\/de\/cbd\/cbd-moonrocks\" \/>\n<meta property=\"og:locale\" content=\"de_DE\" \/>\n<meta property=\"og:type\" content=\"article\" \/>\n<meta property=\"og:title\" content=\"CBD Moonrocks | The Tree CBD\" \/>\n<meta property=\"og:description\" content=\"Neue CBD Moonrocks von The Tree CBD. Ein Premium-Produkt, das entwickelt wurde, um das Hanferlebnis ohne Kompromisse zu verst\u00e4rken.\" \/>\n<meta property=\"og:url\" content=\"https:\/\/thetreecbd.com\/de\/cbd\/cbd-moonrocks\" \/>\n<meta property=\"og:site_name\" content=\"The Tree CBD\" \/>\n<meta property=\"article:publisher\" content=\"https:\/\/www.facebook.com\/thetreeCBD\/\" \/>\n<meta property=\"article:modified_time\" content=\"2026-05-07T13:30:38+00:00\" \/>\n<meta property=\"og:image\" content=\"https:\/\/thetreecbd.com\/wp-content\/uploads\/2024\/08\/cbd-moonrocks-1.jpeg\" \/>\n\t<meta property=\"og:image:width\" content=\"1088\" \/>\n\t<meta property=\"og:image:height\" content=\"1350\" \/>\n\t<meta property=\"og:image:type\" content=\"image\/jpeg\" \/>\n<meta name=\"twitter:card\" content=\"summary_large_image\" \/>\n<meta name=\"twitter:site\" content=\"@TheTreeCBD_EU\" \/>\n<meta name=\"twitter:label1\" content=\"Gesch\u00e4tzte Lesezeit\" \/>\n\t<meta name=\"twitter:data1\" content=\"1\u00a0Minute\" \/>\n<script type=\"application\/ld+json\" class=\"yoast-schema-graph\">{\"@context\":\"https:\/\/schema.org\",\"@graph\":[{\"@type\":[\"WebPage\",\"ItemPage\"],\"@id\":\"https:\/\/thetreecbd.com\/de\/cbd\/cbd-moonrocks\",\"url\":\"https:\/\/thetreecbd.com\/de\/cbd\/cbd-moonrocks\",\"name\":\"CBD Moonrocks | The Tree CBD\",\"isPartOf\":{\"@id\":\"https:\/\/thetreecbd.com\/de#website\"},\"primaryImageOfPage\":{\"@id\":\"https:\/\/thetreecbd.com\/de\/cbd\/cbd-moonrocks#primaryimage\"},\"image\":{\"@id\":\"https:\/\/thetreecbd.com\/de\/cbd\/cbd-moonrocks#primaryimage\"},\"thumbnailUrl\":\"https:\/\/thetreecbd.com\/wp-content\/uploads\/2024\/08\/cbd-moonrocks-1.jpeg\",\"datePublished\":\"2026-04-15T12:17:37+00:00\",\"dateModified\":\"2026-05-07T13:30:38+00:00\",\"description\":\"Neue CBD Moonrocks von The Tree CBD. Ein Premium-Produkt, das entwickelt wurde, um das Hanferlebnis ohne Kompromisse zu verst\u00e4rken.\",\"breadcrumb\":{\"@id\":\"https:\/\/thetreecbd.com\/de\/cbd\/cbd-moonrocks#breadcrumb\"},\"inLanguage\":\"de\",\"potentialAction\":[{\"@type\":\"ReadAction\",\"target\":[\"https:\/\/thetreecbd.com\/de\/cbd\/cbd-moonrocks\"]}]},{\"@type\":\"ImageObject\",\"inLanguage\":\"de\",\"@id\":\"https:\/\/thetreecbd.com\/de\/cbd\/cbd-moonrocks#primaryimage\",\"url\":\"https:\/\/thetreecbd.com\/wp-content\/uploads\/2024\/08\/cbd-moonrocks-1.jpeg\",\"contentUrl\":\"https:\/\/thetreecbd.com\/wp-content\/uploads\/2024\/08\/cbd-moonrocks-1.jpeg\",\"width\":1088,\"height\":1350},{\"@type\":\"BreadcrumbList\",\"@id\":\"https:\/\/thetreecbd.com\/de\/cbd\/cbd-moonrocks#breadcrumb\",\"itemListElement\":[{\"@type\":\"ListItem\",\"position\":1,\"name\":\"The Tree\",\"item\":\"https:\/\/thetreecbd.com\/de\"},{\"@type\":\"ListItem\",\"position\":2,\"name\":\"CBD\",\"item\":\"https:\/\/thetreecbd.com\/es\/cbd\"},{\"@type\":\"ListItem\",\"position\":3,\"name\":\"CBD-Haschisch. Cannabis-Extrakte\",\"item\":\"https:\/\/thetreecbd.com\/de\/cbd-haschisch\"},{\"@type\":\"ListItem\",\"position\":4,\"name\":\"CBD Moonrocks\"}]},{\"@type\":\"WebSite\",\"@id\":\"https:\/\/thetreecbd.com\/de#website\",\"url\":\"https:\/\/thetreecbd.com\/de\",\"name\":\"The Tree CBD\",\"description\":\"Comprar CBD en Espa\u00f1a Online\",\"publisher\":{\"@id\":\"https:\/\/thetreecbd.com\/de#organization\"},\"potentialAction\":[{\"@type\":\"SearchAction\",\"target\":{\"@type\":\"EntryPoint\",\"urlTemplate\":\"https:\/\/thetreecbd.com\/de?s={search_term_string}\"},\"query-input\":{\"@type\":\"PropertyValueSpecification\",\"valueRequired\":true,\"valueName\":\"search_term_string\"}}],\"inLanguage\":\"de\"},{\"@type\":\"Organization\",\"@id\":\"https:\/\/thetreecbd.com\/de#organization\",\"name\":\"The Tree CBD\",\"url\":\"https:\/\/thetreecbd.com\/de\",\"logo\":{\"@type\":\"ImageObject\",\"inLanguage\":\"de\",\"@id\":\"https:\/\/thetreecbd.com\/de#\/schema\/logo\/image\/\",\"url\":\"https:\/\/thetreecbd.com\/wp-content\/uploads\/2022\/04\/logo-thetree.png\",\"contentUrl\":\"https:\/\/thetreecbd.com\/wp-content\/uploads\/2022\/04\/logo-thetree.png\",\"width\":172,\"height\":55,\"caption\":\"The Tree CBD\"},\"image\":{\"@id\":\"https:\/\/thetreecbd.com\/de#\/schema\/logo\/image\/\"},\"sameAs\":[\"https:\/\/www.facebook.com\/thetreeCBD\/\",\"https:\/\/x.com\/TheTreeCBD_EU\",\"https:\/\/www.instagram.com\/thetree.cbd\/\",\"https:\/\/es.trustpilot.com\/review\/thetreecbd.com\"]}]}<\/script>\n<!-- \/ Yoast SEO plugin. -->","yoast_head_json":{"title":"CBD Moonrocks | The Tree CBD","description":"Neue CBD Moonrocks von The Tree CBD. Ein Premium-Produkt, das entwickelt wurde, um das Hanferlebnis ohne Kompromisse zu verst\u00e4rken.","robots":{"index":"index","follow":"follow","max-snippet":"max-snippet:-1","max-image-preview":"max-image-preview:large","max-video-preview":"max-video-preview:-1"},"canonical":"https:\/\/thetreecbd.com\/de\/cbd\/cbd-moonrocks","og_locale":"de_DE","og_type":"article","og_title":"CBD Moonrocks | The Tree CBD","og_description":"Neue CBD Moonrocks von The Tree CBD. Ein Premium-Produkt, das entwickelt wurde, um das Hanferlebnis ohne Kompromisse zu verst\u00e4rken.","og_url":"https:\/\/thetreecbd.com\/de\/cbd\/cbd-moonrocks","og_site_name":"The Tree CBD","article_publisher":"https:\/\/www.facebook.com\/thetreeCBD\/","article_modified_time":"2026-05-07T13:30:38+00:00","og_image":[{"width":1088,"height":1350,"url":"https:\/\/thetreecbd.com\/wp-content\/uploads\/2024\/08\/cbd-moonrocks-1.jpeg","type":"image\/jpeg"}],"twitter_card":"summary_large_image","twitter_site":"@TheTreeCBD_EU","twitter_misc":{"Gesch\u00e4tzte Lesezeit":"1\u00a0Minute"},"schema":{"@context":"https:\/\/schema.org","@graph":[{"@type":["WebPage","ItemPage"],"@id":"https:\/\/thetreecbd.com\/de\/cbd\/cbd-moonrocks","url":"https:\/\/thetreecbd.com\/de\/cbd\/cbd-moonrocks","name":"CBD Moonrocks | The Tree CBD","isPartOf":{"@id":"https:\/\/thetreecbd.com\/de#website"},"primaryImageOfPage":{"@id":"https:\/\/thetreecbd.com\/de\/cbd\/cbd-moonrocks#primaryimage"},"image":{"@id":"https:\/\/thetreecbd.com\/de\/cbd\/cbd-moonrocks#primaryimage"},"thumbnailUrl":"https:\/\/thetreecbd.com\/wp-content\/uploads\/2024\/08\/cbd-moonrocks-1.jpeg","datePublished":"2026-04-15T12:17:37+00:00","dateModified":"2026-05-07T13:30:38+00:00","description":"Neue CBD Moonrocks von The Tree CBD. Ein Premium-Produkt, das entwickelt wurde, um das Hanferlebnis ohne Kompromisse zu verst\u00e4rken.","breadcrumb":{"@id":"https:\/\/thetreecbd.com\/de\/cbd\/cbd-moonrocks#breadcrumb"},"inLanguage":"de","potentialAction":[{"@type":"ReadAction","target":["https:\/\/thetreecbd.com\/de\/cbd\/cbd-moonrocks"]}]},{"@type":"ImageObject","inLanguage":"de","@id":"https:\/\/thetreecbd.com\/de\/cbd\/cbd-moonrocks#primaryimage","url":"https:\/\/thetreecbd.com\/wp-content\/uploads\/2024\/08\/cbd-moonrocks-1.jpeg","contentUrl":"https:\/\/thetreecbd.com\/wp-content\/uploads\/2024\/08\/cbd-moonrocks-1.jpeg","width":1088,"height":1350},{"@type":"BreadcrumbList","@id":"https:\/\/thetreecbd.com\/de\/cbd\/cbd-moonrocks#breadcrumb","itemListElement":[{"@type":"ListItem","position":1,"name":"The Tree","item":"https:\/\/thetreecbd.com\/de"},{"@type":"ListItem","position":2,"name":"CBD","item":"https:\/\/thetreecbd.com\/es\/cbd"},{"@type":"ListItem","position":3,"name":"CBD-Haschisch. Cannabis-Extrakte","item":"https:\/\/thetreecbd.com\/de\/cbd-haschisch"},{"@type":"ListItem","position":4,"name":"CBD Moonrocks"}]},{"@type":"WebSite","@id":"https:\/\/thetreecbd.com\/de#website","url":"https:\/\/thetreecbd.com\/de","name":"The Tree CBD","description":"Comprar CBD en Espa\u00f1a Online","publisher":{"@id":"https:\/\/thetreecbd.com\/de#organization"},"potentialAction":[{"@type":"SearchAction","target":{"@type":"EntryPoint","urlTemplate":"https:\/\/thetreecbd.com\/de?s={search_term_string}"},"query-input":{"@type":"PropertyValueSpecification","valueRequired":true,"valueName":"search_term_string"}}],"inLanguage":"de"},{"@type":"Organization","@id":"https:\/\/thetreecbd.com\/de#organization","name":"The Tree CBD","url":"https:\/\/thetreecbd.com\/de","logo":{"@type":"ImageObject","inLanguage":"de","@id":"https:\/\/thetreecbd.com\/de#\/schema\/logo\/image\/","url":"https:\/\/thetreecbd.com\/wp-content\/uploads\/2022\/04\/logo-thetree.png","contentUrl":"https:\/\/thetreecbd.com\/wp-content\/uploads\/2022\/04\/logo-thetree.png","width":172,"height":55,"caption":"The Tree CBD"},"image":{"@id":"https:\/\/thetreecbd.com\/de#\/schema\/logo\/image\/"},"sameAs":["https:\/\/www.facebook.com\/thetreeCBD\/","https:\/\/x.com\/TheTreeCBD_EU","https:\/\/www.instagram.com\/thetree.cbd\/","https:\/\/es.trustpilot.com\/review\/thetreecbd.com"]}]}},"_links":{"self":[{"href":"https:\/\/thetreecbd.com\/de\/wp-json\/wp\/v2\/product\/193606","targetHints":{"allow":["GET"]}}],"collection":[{"href":"https:\/\/thetreecbd.com\/de\/wp-json\/wp\/v2\/product"}],"about":[{"href":"https:\/\/thetreecbd.com\/de\/wp-json\/wp\/v2\/types\/product"}],"version-history":[{"count":1,"href":"https:\/\/thetreecbd.com\/de\/wp-json\/wp\/v2\/product\/193606\/revisions"}],"predecessor-version":[{"id":193650,"href":"https:\/\/thetreecbd.com\/de\/wp-json\/wp\/v2\/product\/193606\/revisions\/193650"}],"wp:featuredmedia":[{"embeddable":true,"href":"https:\/\/thetreecbd.com\/de\/wp-json\/wp\/v2\/media\/193690"}],"wp:attachment":[{"href":"https:\/\/thetreecbd.com\/de\/wp-json\/wp\/v2\/media?parent=193606"}],"wp:term":[{"taxonomy":"product_brand","embeddable":true,"href":"https:\/\/thetreecbd.com\/de\/wp-json\/wp\/v2\/product_brand?post=193606"}],"curies":[{"name":"wp","href":"https:\/\/api.w.org\/{rel}","templated":true}]}}