{"id":3414,"date":"2019-01-20T10:00:17","date_gmt":"2019-01-20T10:00:17","guid":{"rendered":"http:\/\/thetreecbd.com\/?page_id=3414"},"modified":"2022-09-08T11:52:45","modified_gmt":"2022-09-08T09:52:45","slug":"cbd-faq","status":"publish","type":"page","link":"https:\/\/thetreecbd.com\/fr\/cbd-faq","title":{"rendered":"CBD FAQ"},"content":{"rendered":"\t\t<div data-elementor-type=\"wp-page\" data-elementor-id=\"3414\" class=\"elementor elementor-3414 elementor-1761\" data-elementor-post-type=\"page\">\n\t\t\t\t\t\t<section class=\"elementor-section elementor-top-section elementor-element elementor-element-aaec5c2 section-color-transparent elementor-section-boxed elementor-section-height-default elementor-section-height-default\" data-id=\"aaec5c2\" data-element_type=\"section\">\n\t\t\t\t\t\t<div class=\"elementor-container elementor-column-gap-default\">\n\t\t\t\t\t<div class=\"elementor-column elementor-col-100 elementor-top-column elementor-element elementor-element-2c70f4fd\" data-id=\"2c70f4fd\" data-element_type=\"column\">\n\t\t\t<div class=\"elementor-widget-wrap elementor-element-populated\">\n\t\t\t\t\t\t<div class=\"elementor-element elementor-element-20c3317 elementor-widget elementor-widget-image\" data-id=\"20c3317\" data-element_type=\"widget\" data-widget_type=\"image.default\">\n\t\t\t\t\t\t\t\t\t\t\t\t\t\t\t<img fetchpriority=\"high\" decoding=\"async\" width=\"595\" height=\"208\" src=\"https:\/\/thetreecbd.com\/wp-content\/uploads\/2018\/08\/banner-pagina-cbd-faq-1024x358.jpg\" class=\"attachment-large size-large wp-image-3416\" alt=\"faq cbd\" srcset=\"https:\/\/thetreecbd.com\/wp-content\/uploads\/2018\/08\/banner-pagina-cbd-faq.jpg 1024w, https:\/\/thetreecbd.com\/wp-content\/uploads\/2018\/08\/banner-pagina-cbd-faq-350x122.jpg 350w, https:\/\/thetreecbd.com\/wp-content\/uploads\/2018\/08\/banner-pagina-cbd-faq-595x208.jpg 595w, https:\/\/thetreecbd.com\/wp-content\/uploads\/2018\/08\/banner-pagina-cbd-faq-300x105.jpg 300w, https:\/\/thetreecbd.com\/wp-content\/uploads\/2018\/08\/banner-pagina-cbd-faq-768x269.jpg 768w, https:\/\/thetreecbd.com\/wp-content\/uploads\/2018\/08\/banner-pagina-cbd-faq-86x30.jpg 86w, https:\/\/thetreecbd.com\/wp-content\/uploads\/2018\/08\/banner-pagina-cbd-faq-600x210.jpg 600w\" sizes=\"(max-width: 595px) 100vw, 595px\" \/>\t\t\t\t\t\t\t\t\t\t\t\t\t\t\t<\/div>\n\t\t\t\t<div class=\"elementor-element elementor-element-bddb46b elementor-widget elementor-widget-text-editor\" data-id=\"bddb46b\" data-element_type=\"widget\" data-widget_type=\"text-editor.default\">\n\t\t\t\t\t\t\t\t\t<br>\r\n<br><h2>Qu\u2019est-ce que le CBD et comment est-il utilis\u00e9?<\/h2>\r\nLe cannabidiol ou cbd est l\u2019un des 400 compos\u00e9s du cannabis appartenant \u00e0 une classe de mol\u00e9cules appel\u00e9es cannabino\u00efdes. Il est utilis\u00e9 comme huile et dans de nombreux types de produits cosm\u00e9tiques et alimentaires. Le cbd est un compos\u00e9 non addictif, non toxique et non l\u00e9tal, raison pour laquelle le cbd est en train de devenir une tendance \u00e0 la croissance rapide de nos jours.\r\n\r\nThe TOP CBD studies of 2017: <a href=\"https:\/\/www.leafly.com\/news\/health\/top-cbd-cannabis-research-2017\">https:\/\/www.leafly.com\/news\/health\/top-cbd-cannabis-research-2017<\/a>\r\n\r\nSi vous souhaitez obtenir plus d&#8217;informations sur ce qu&#8217;est le CBD, nous vous recommandons ce site web complet qui r\u00e9pondra \u00e0 tous vos doutes :<a href=\"https:\/\/www.projectcbd.org\/es\">https:\/\/www.projectcbd.org\/es<\/a>\r\n<br>\r\n<br>\r\n<h2>Le CBD est-il legal?<\/h2>\r\nLe cbd est l\u00e9gal en europe. En vertu de la loi, ce qui rend un produit l\u00e9gal, ce sont ses niveaux de thc. Selon la l\u00e9gislation du r\u00e9gime d\u2019aides autoris\u00e9 pour la politique agricole r\u00e9gionale, il est l\u00e9gal de cultiver du chanvre contenant moins de 0,2% de thc. Aucun de nos produits ne d\u00e9passe ces pourcentages, ils sont donc parfaitement l\u00e9gaux.\r\n<br>\r\n<br>\r\n<h2>Ou les produits sont-ils analyses? Les resultats sont-ils fiables?<\/h2>\r\nNos produits sont analys\u00e9s par le laboratoire <a href=\"https:\/\/www.ctaex.com\/\">CTAEX<\/a>, une soci\u00e9t\u00e9 ind\u00e9pendante sp\u00e9cialis\u00e9e dans l\u2019investigation scientifique et l\u2019analyse du cannabis.\r\n<br>\r\n<br>\r\n<h2>Pour quelle condition m\u00e9dicale peut-il m\u2019aider?<\/h2>\r\nNos produits contiennent du cbd, mais il est important de comprendre qu\u2019ils ne sont pas des m\u00e9dicaments. Ils ne traitent ni ne gu\u00e9rissent aucune maladie ou condition physique. Les produits the tree cbd sont con\u00e7us pour adultes.\r\n\r\nSi vous souhaitez obtenir plus d&#8217;informations sur ce qu&#8217;est le CBD, nous vous recommandons ce site web complet qui r\u00e9pondra \u00e0 tous vos doutes :\r\n<a href=\"https:\/\/www.projectcbd.org\/es\/ciencia\/farmacologia-del-cannabis\/como-funciona-el-cbd\">https:\/\/www.projectcbd.org\/es\/ciencia\/farmacologia-del-cannabis\/como-funciona-el-cbd<\/a>\r\n<br>\r\n<br>\r\n<h2>Avez-vous des questions sur nos produits?<\/h2>\r\nContactez-nous et nous vous contacterons.\t\t\t\t\t\t\t\t<\/div>\n\t\t\t\t\t<\/div>\n\t\t<\/div>\n\t\t\t\t\t<\/div>\n\t\t<\/section>\n\t\t\t\t<\/div>\n\t\t","protected":false},"excerpt":{"rendered":"<p>Qu\u2019est-ce que le CBD et comment est-il utilis\u00e9? Le cannabidiol ou cbd est l\u2019un des 400 compos\u00e9s du cannabis appartenant \u00e0 une classe de mol\u00e9cules appel\u00e9es cannabino\u00efdes. Il est utilis\u00e9 comme huile et dans de nombreux types de produits cosm\u00e9tiques et alimentaires. Le cbd est un compos\u00e9 non addictif, non toxique et non l\u00e9tal, raison [&hellip;]<\/p>\n","protected":false},"author":485,"featured_media":0,"parent":0,"menu_order":0,"comment_status":"closed","ping_status":"closed","template":"","meta":{"_acf_changed":false,"footnotes":""},"class_list":["post-3414","page","type-page","status-publish","hentry"],"acf":[],"yoast_head":"<!-- This site is optimized with the Yoast SEO plugin v26.3 - https:\/\/yoast.com\/wordpress\/plugins\/seo\/ -->\n<title>CBD FAQ - The Tree CBD | Produits Naturels et Haute Qualit\u00e9|<\/title>\n<meta name=\"description\" content=\"Les FAQ CBD sont les questions les plus fr\u00e9quemment pos\u00e9es sur le CBD. Si vous avez encore des questions, n&#039;h\u00e9sitez pas \u00e0 nous les poser.\" \/>\n<meta name=\"robots\" content=\"index, follow, max-snippet:-1, max-image-preview:large, max-video-preview:-1\" \/>\n<link rel=\"canonical\" href=\"https:\/\/thetreecbd.com\/fr\/cbd-faq\" \/>\n<meta property=\"og:locale\" content=\"fr_FR\" \/>\n<meta property=\"og:type\" content=\"article\" \/>\n<meta property=\"og:title\" content=\"CBD FAQ - The Tree CBD | Produits Naturels et Haute Qualit\u00e9|\" \/>\n<meta property=\"og:description\" content=\"Les FAQ CBD sont les questions les plus fr\u00e9quemment pos\u00e9es sur le CBD. Si vous avez encore des questions, n&#039;h\u00e9sitez pas \u00e0 nous les poser.\" \/>\n<meta property=\"og:url\" content=\"https:\/\/thetreecbd.com\/fr\/cbd-faq\" \/>\n<meta property=\"og:site_name\" content=\"The Tree CBD\" \/>\n<meta property=\"article:publisher\" content=\"https:\/\/www.facebook.com\/thetreeCBD\/\" \/>\n<meta property=\"article:modified_time\" content=\"2022-09-08T09:52:45+00:00\" \/>\n<meta property=\"og:image\" content=\"https:\/\/thetreecbd.com\/wp-content\/uploads\/2018\/08\/banner-pagina-cbd-faq-1024x358.jpg\" \/>\n<meta name=\"twitter:card\" content=\"summary_large_image\" \/>\n<meta name=\"twitter:site\" content=\"@TheTreeCBD_EU\" \/>\n<meta name=\"twitter:label1\" content=\"Dur\u00e9e de lecture estim\u00e9e\" \/>\n\t<meta name=\"twitter:data1\" content=\"2 minutes\" \/>\n<script type=\"application\/ld+json\" class=\"yoast-schema-graph\">{\"@context\":\"https:\/\/schema.org\",\"@graph\":[{\"@type\":\"WebPage\",\"@id\":\"https:\/\/thetreecbd.com\/fr\/cbd-faq\",\"url\":\"https:\/\/thetreecbd.com\/fr\/cbd-faq\",\"name\":\"CBD FAQ - The Tree CBD | Produits Naturels et Haute Qualit\u00e9|\",\"isPartOf\":{\"@id\":\"https:\/\/thetreecbd.com\/fr#website\"},\"primaryImageOfPage\":{\"@id\":\"https:\/\/thetreecbd.com\/fr\/cbd-faq#primaryimage\"},\"image\":{\"@id\":\"https:\/\/thetreecbd.com\/fr\/cbd-faq#primaryimage\"},\"thumbnailUrl\":\"https:\/\/thetreecbd.com\/wp-content\/uploads\/2018\/08\/banner-pagina-cbd-faq-1024x358.jpg\",\"datePublished\":\"2019-01-20T10:00:17+00:00\",\"dateModified\":\"2022-09-08T09:52:45+00:00\",\"description\":\"Les FAQ CBD sont les questions les plus fr\u00e9quemment pos\u00e9es sur le CBD. Si vous avez encore des questions, n'h\u00e9sitez pas \u00e0 nous les poser.\",\"breadcrumb\":{\"@id\":\"https:\/\/thetreecbd.com\/fr\/cbd-faq#breadcrumb\"},\"inLanguage\":\"fr-FR\",\"potentialAction\":[{\"@type\":\"ReadAction\",\"target\":[\"https:\/\/thetreecbd.com\/fr\/cbd-faq\"]}]},{\"@type\":\"ImageObject\",\"inLanguage\":\"fr-FR\",\"@id\":\"https:\/\/thetreecbd.com\/fr\/cbd-faq#primaryimage\",\"url\":\"https:\/\/thetreecbd.com\/wp-content\/uploads\/2018\/08\/banner-pagina-cbd-faq-1024x358.jpg\",\"contentUrl\":\"https:\/\/thetreecbd.com\/wp-content\/uploads\/2018\/08\/banner-pagina-cbd-faq-1024x358.jpg\"},{\"@type\":\"BreadcrumbList\",\"@id\":\"https:\/\/thetreecbd.com\/fr\/cbd-faq#breadcrumb\",\"itemListElement\":[{\"@type\":\"ListItem\",\"position\":1,\"name\":\"The Tree\",\"item\":\"https:\/\/thetreecbd.com\/fr\"},{\"@type\":\"ListItem\",\"position\":2,\"name\":\"CBD FAQ\"}]},{\"@type\":\"WebSite\",\"@id\":\"https:\/\/thetreecbd.com\/fr#website\",\"url\":\"https:\/\/thetreecbd.com\/fr\",\"name\":\"The Tree CBD\",\"description\":\"Comprar CBD en Espa\u00f1a Online\",\"publisher\":{\"@id\":\"https:\/\/thetreecbd.com\/fr#organization\"},\"potentialAction\":[{\"@type\":\"SearchAction\",\"target\":{\"@type\":\"EntryPoint\",\"urlTemplate\":\"https:\/\/thetreecbd.com\/fr?s={search_term_string}\"},\"query-input\":{\"@type\":\"PropertyValueSpecification\",\"valueRequired\":true,\"valueName\":\"search_term_string\"}}],\"inLanguage\":\"fr-FR\"},{\"@type\":\"Organization\",\"@id\":\"https:\/\/thetreecbd.com\/fr#organization\",\"name\":\"The Tree CBD\",\"url\":\"https:\/\/thetreecbd.com\/fr\",\"logo\":{\"@type\":\"ImageObject\",\"inLanguage\":\"fr-FR\",\"@id\":\"https:\/\/thetreecbd.com\/fr#\/schema\/logo\/image\/\",\"url\":\"https:\/\/thetreecbd.com\/wp-content\/uploads\/2022\/04\/logo-thetree.png\",\"contentUrl\":\"https:\/\/thetreecbd.com\/wp-content\/uploads\/2022\/04\/logo-thetree.png\",\"width\":172,\"height\":55,\"caption\":\"The Tree CBD\"},\"image\":{\"@id\":\"https:\/\/thetreecbd.com\/fr#\/schema\/logo\/image\/\"},\"sameAs\":[\"https:\/\/www.facebook.com\/thetreeCBD\/\",\"https:\/\/x.com\/TheTreeCBD_EU\",\"https:\/\/www.instagram.com\/thetree.cbd\/\",\"https:\/\/es.trustpilot.com\/review\/thetreecbd.com\"]}]}<\/script>\n<!-- \/ Yoast SEO plugin. -->","yoast_head_json":{"title":"CBD FAQ - The Tree CBD | Produits Naturels et Haute Qualit\u00e9|","description":"Les FAQ CBD sont les questions les plus fr\u00e9quemment pos\u00e9es sur le CBD. Si vous avez encore des questions, n'h\u00e9sitez pas \u00e0 nous les poser.","robots":{"index":"index","follow":"follow","max-snippet":"max-snippet:-1","max-image-preview":"max-image-preview:large","max-video-preview":"max-video-preview:-1"},"canonical":"https:\/\/thetreecbd.com\/fr\/cbd-faq","og_locale":"fr_FR","og_type":"article","og_title":"CBD FAQ - The Tree CBD | Produits Naturels et Haute Qualit\u00e9|","og_description":"Les FAQ CBD sont les questions les plus fr\u00e9quemment pos\u00e9es sur le CBD. Si vous avez encore des questions, n'h\u00e9sitez pas \u00e0 nous les poser.","og_url":"https:\/\/thetreecbd.com\/fr\/cbd-faq","og_site_name":"The Tree CBD","article_publisher":"https:\/\/www.facebook.com\/thetreeCBD\/","article_modified_time":"2022-09-08T09:52:45+00:00","og_image":[{"url":"https:\/\/thetreecbd.com\/wp-content\/uploads\/2018\/08\/banner-pagina-cbd-faq-1024x358.jpg","type":"","width":"","height":""}],"twitter_card":"summary_large_image","twitter_site":"@TheTreeCBD_EU","twitter_misc":{"Dur\u00e9e de lecture estim\u00e9e":"2 minutes"},"schema":{"@context":"https:\/\/schema.org","@graph":[{"@type":"WebPage","@id":"https:\/\/thetreecbd.com\/fr\/cbd-faq","url":"https:\/\/thetreecbd.com\/fr\/cbd-faq","name":"CBD FAQ - The Tree CBD | Produits Naturels et Haute Qualit\u00e9|","isPartOf":{"@id":"https:\/\/thetreecbd.com\/fr#website"},"primaryImageOfPage":{"@id":"https:\/\/thetreecbd.com\/fr\/cbd-faq#primaryimage"},"image":{"@id":"https:\/\/thetreecbd.com\/fr\/cbd-faq#primaryimage"},"thumbnailUrl":"https:\/\/thetreecbd.com\/wp-content\/uploads\/2018\/08\/banner-pagina-cbd-faq-1024x358.jpg","datePublished":"2019-01-20T10:00:17+00:00","dateModified":"2022-09-08T09:52:45+00:00","description":"Les FAQ CBD sont les questions les plus fr\u00e9quemment pos\u00e9es sur le CBD. Si vous avez encore des questions, n'h\u00e9sitez pas \u00e0 nous les poser.","breadcrumb":{"@id":"https:\/\/thetreecbd.com\/fr\/cbd-faq#breadcrumb"},"inLanguage":"fr-FR","potentialAction":[{"@type":"ReadAction","target":["https:\/\/thetreecbd.com\/fr\/cbd-faq"]}]},{"@type":"ImageObject","inLanguage":"fr-FR","@id":"https:\/\/thetreecbd.com\/fr\/cbd-faq#primaryimage","url":"https:\/\/thetreecbd.com\/wp-content\/uploads\/2018\/08\/banner-pagina-cbd-faq-1024x358.jpg","contentUrl":"https:\/\/thetreecbd.com\/wp-content\/uploads\/2018\/08\/banner-pagina-cbd-faq-1024x358.jpg"},{"@type":"BreadcrumbList","@id":"https:\/\/thetreecbd.com\/fr\/cbd-faq#breadcrumb","itemListElement":[{"@type":"ListItem","position":1,"name":"The Tree","item":"https:\/\/thetreecbd.com\/fr"},{"@type":"ListItem","position":2,"name":"CBD FAQ"}]},{"@type":"WebSite","@id":"https:\/\/thetreecbd.com\/fr#website","url":"https:\/\/thetreecbd.com\/fr","name":"The Tree CBD","description":"Comprar CBD en Espa\u00f1a Online","publisher":{"@id":"https:\/\/thetreecbd.com\/fr#organization"},"potentialAction":[{"@type":"SearchAction","target":{"@type":"EntryPoint","urlTemplate":"https:\/\/thetreecbd.com\/fr?s={search_term_string}"},"query-input":{"@type":"PropertyValueSpecification","valueRequired":true,"valueName":"search_term_string"}}],"inLanguage":"fr-FR"},{"@type":"Organization","@id":"https:\/\/thetreecbd.com\/fr#organization","name":"The Tree CBD","url":"https:\/\/thetreecbd.com\/fr","logo":{"@type":"ImageObject","inLanguage":"fr-FR","@id":"https:\/\/thetreecbd.com\/fr#\/schema\/logo\/image\/","url":"https:\/\/thetreecbd.com\/wp-content\/uploads\/2022\/04\/logo-thetree.png","contentUrl":"https:\/\/thetreecbd.com\/wp-content\/uploads\/2022\/04\/logo-thetree.png","width":172,"height":55,"caption":"The Tree CBD"},"image":{"@id":"https:\/\/thetreecbd.com\/fr#\/schema\/logo\/image\/"},"sameAs":["https:\/\/www.facebook.com\/thetreeCBD\/","https:\/\/x.com\/TheTreeCBD_EU","https:\/\/www.instagram.com\/thetree.cbd\/","https:\/\/es.trustpilot.com\/review\/thetreecbd.com"]}]}},"_links":{"self":[{"href":"https:\/\/thetreecbd.com\/fr\/wp-json\/wp\/v2\/pages\/3414","targetHints":{"allow":["GET"]}}],"collection":[{"href":"https:\/\/thetreecbd.com\/fr\/wp-json\/wp\/v2\/pages"}],"about":[{"href":"https:\/\/thetreecbd.com\/fr\/wp-json\/wp\/v2\/types\/page"}],"author":[{"embeddable":true,"href":"https:\/\/thetreecbd.com\/fr\/wp-json\/wp\/v2\/users\/485"}],"replies":[{"embeddable":true,"href":"https:\/\/thetreecbd.com\/fr\/wp-json\/wp\/v2\/comments?post=3414"}],"version-history":[{"count":0,"href":"https:\/\/thetreecbd.com\/fr\/wp-json\/wp\/v2\/pages\/3414\/revisions"}],"wp:attachment":[{"href":"https:\/\/thetreecbd.com\/fr\/wp-json\/wp\/v2\/media?parent=3414"}],"curies":[{"name":"wp","href":"https:\/\/api.w.org\/{rel}","templated":true}]}}