{"id":3456,"date":"2018-08-02T17:35:31","date_gmt":"2018-08-02T15:35:31","guid":{"rendered":"http:\/\/thetreecbd.com\/?page_id=3456"},"modified":"2024-04-08T15:59:28","modified_gmt":"2024-04-08T13:59:28","slug":"informations-de-livraison-et-de-paiement","status":"publish","type":"page","link":"https:\/\/thetreecbd.com\/fr\/informations-de-livraison-et-de-paiement","title":{"rendered":"Livraison et de paiement"},"content":{"rendered":"\t\t<div data-elementor-type=\"wp-page\" data-elementor-id=\"3456\" class=\"elementor elementor-3456 elementor-1893\" data-elementor-post-type=\"page\">\n\t\t\t\t\t\t<section class=\"elementor-section elementor-top-section elementor-element elementor-element-5ae1ed83 section-color-transparent elementor-section-boxed elementor-section-height-default elementor-section-height-default\" data-id=\"5ae1ed83\" data-element_type=\"section\">\n\t\t\t\t\t\t<div class=\"elementor-container elementor-column-gap-default\">\n\t\t\t\t\t<div class=\"elementor-column elementor-col-100 elementor-top-column elementor-element elementor-element-7b58c1b4\" data-id=\"7b58c1b4\" data-element_type=\"column\">\n\t\t\t<div class=\"elementor-widget-wrap elementor-element-populated\">\n\t\t\t\t\t\t<div class=\"elementor-element elementor-element-56f48b52 elementor-widget elementor-widget-text-editor\" data-id=\"56f48b52\" data-element_type=\"widget\" data-widget_type=\"text-editor.default\">\n\t\t\t\t\t\t\t\t\t<h1><b>Livraison et paiements<\/b><\/h1>\n<p><span style=\"font-weight: 400;\">Tout l&#8217;info environ la livraison et paiements \u00e0 The Tree CBD\u00a0<\/span><\/p>\n<h2><b>Livraison \u00e0 l&#8217;Espagne et Portuga\u00f1 (peninsule)<\/b><\/h2>\n<p>Frais de port : 5,60\u20ac.<\/p>\n<p>Achats sup\u00e9rieurs \u00e0 50\u20ac : Livraison gratuite<\/p>\n<p>Les commandes sont livr\u00e9es en 24\/48h du lundi au vendredi. Les week-ends et les jours f\u00e9ri\u00e9s, il n&#8217;y a pas de livraison.<\/p>\n<h2><strong>Livraison aux Iles Bal\u00e9ares :<\/strong><br \/>\nFrais de port : 7,00\u20ac.<\/h2>\n<p>Achats sup\u00e9rieurs \u00e0 70\u20ac : Livraison gratuite<\/p>\n<p>&#8211; Les commandes seront livr\u00e9es en 24\/48h du lundi au vendredi. Les week-ends et les jours f\u00e9ri\u00e9s, il n&#8217;y a pas de livraison.<\/p>\n<p>&#8212;&#8212;&#8212;&#8212;&#8212;&#8212;&#8212;&#8212;&#8212;&#8212;&#8212;&#8212;&#8212;&#8212;&#8212;&#8212;&#8212;&#8212;&#8212;&#8212;&#8212;&#8212;&#8211;<\/p>\n<h2>Conditions de livraison :<\/h2>\n<p><span style=\"font-weight: 400;\">Les tableaux ci-dessus indiquent les d\u00e9lais de livraison en fonction de la commande. Les frais de port pour les envois vers la p\u00e9ninsule seront gratuits pour les commandes dont le montant est sup\u00e9rieur \u00e0 80 \u20ac, et pour les commandes d&#8217;un montant sup\u00e9rieur \u00e0 120 \u20ac \u00e0 destination des \u00eeles Bal\u00e9ares. \u00a0 <\/span><b><i>Notre soci\u00e9t\u00e9 de transport ne livre pas le week-end ni les jours f\u00e9ri\u00e9s, pour lesquels ceux-ci ne seront pas pris en compte pour le moment de la livraison \/ livraison de la commande.<\/i><\/b> <b><i>Pour des raisons douani\u00e8res, nous ne pouvons pas exp\u00e9dier \u00e0 Ibiza et aux \u00eeles Canaries.<\/i><\/b><span style=\"font-weight: 400;\"> Les frais d&#8217;exp\u00e9dition comprennent les frais de manutention et d&#8217;emballage, ainsi que les frais postaux. Les frais de manutention ont un prix fixe, tandis que les frais de transport peuvent varier en fonction du poids total du colis. Nous vous conseillons de regrouper tous vos articles en une seule commande. Nous ne pouvons pas combiner deux commandes diff\u00e9rentes, et les frais d\u2019exp\u00e9dition seront appliqu\u00e9s individuellement pour chacune d\u2019elles. Nous ne sommes pas responsables des dommages que votre colis pourrait subir apr\u00e8s l&#8217;exp\u00e9dition, mais nous faisons de notre mieux pour prot\u00e9ger tous les objets fragiles. Vos articles seront professionnellement emball\u00e9s et bien prot\u00e9g\u00e9s pour le transport. \u00a0\u00a0<\/span><\/p>\n<h2><b>Temps de Livraison \u00e0 l&#8217;Europe<\/b><\/h2>\n<p><b>EUROPE ZONE 1<\/b><span style=\"font-weight: 400;\"> &#8211; 2-3 jours ouvrables<\/span><\/p>\n<p><span style=\"font-weight: 400;\">Alemania (5), B\u00e9lgica (5), Francia (5), Italia (5), Pa\u00edses Bajos (5), Reino Unido (5)<\/span><\/p>\n<p><span style=\"font-weight: 400;\">Livraison gratuite pour les commandes de plus de 120 \u20ac \u00a0\u00a0<\/span><\/p>\n<p><b>EUROPE ZONE 2<\/b><span style=\"font-weight: 400;\"> &#8211; 3-4 jours ouvrables<\/span><\/p>\n<p><span style=\"font-weight: 400;\">Austria (5), Bulgaria (7), Chipre (7), Dinamarca (7), Eslovaquia (7), Eslovenia (7), Estonia (7), Finlandia (7), Grecia (7), Hungr\u00eda (7), Irlanda (7), Letonia (7), Lituania (7), Luxemburgo (5), Malta (7), Polonia (7), Rep\u00fablica Checa (7), Ruman\u00eda (7), Suecia (7)<\/span><\/p>\n<p><span style=\"font-weight: 400;\">Livraison gratuite pour les commandes de plus de 120 \u20ac \u00a0\u00a0<\/span><\/p>\n<h2><b>PAIEMENT<\/b><\/h2>\n<p><span style=\"font-weight: 400;\">Le paiement se fait par virement bancaire ou par carte de cr\u00e9dit et doit \u00eatre effectu\u00e9 imm\u00e9diatement une fois le processus d&#8217;achat termin\u00e9. Lorsque nous aurons re\u00e7u le paiement, vous recevrez un email pour notifier que votre commande est en route. <\/span><\/p>\n<p>&nbsp;<\/p>\n\t\t\t\t\t\t\t\t<\/div>\n\t\t\t\t\t<\/div>\n\t\t<\/div>\n\t\t\t\t\t<\/div>\n\t\t<\/section>\n\t\t\t\t<\/div>\n\t\t","protected":false},"excerpt":{"rendered":"<p>Livraison et paiements Tout l&#8217;info environ la livraison et paiements \u00e0 The Tree CBD\u00a0 Livraison \u00e0 l&#8217;Espagne et Portuga\u00f1 (peninsule) Frais de port : 5,60\u20ac. Achats sup\u00e9rieurs \u00e0 50\u20ac : Livraison gratuite Les commandes sont livr\u00e9es en 24\/48h du lundi au vendredi. Les week-ends et les jours f\u00e9ri\u00e9s, il n&#8217;y a pas de livraison. Livraison [&hellip;]<\/p>\n","protected":false},"author":485,"featured_media":0,"parent":0,"menu_order":0,"comment_status":"closed","ping_status":"closed","template":"","meta":{"_acf_changed":false,"footnotes":""},"class_list":["post-3456","page","type-page","status-publish","hentry"],"acf":[],"yoast_head":"<!-- This site is optimized with the Yoast SEO plugin v26.3 - https:\/\/yoast.com\/wordpress\/plugins\/seo\/ -->\n<title>Livraison et de paiement | The Tree CBD<\/title>\n<meta name=\"description\" content=\"D\u00e9lai, prix et conditions d&#039;exp\u00e9dition de tous les produits The Tree CBD. Ici vous pouvez trouver toutes les informations sur les envois et les paiements.\" \/>\n<meta name=\"robots\" content=\"index, follow, max-snippet:-1, max-image-preview:large, max-video-preview:-1\" \/>\n<link rel=\"canonical\" href=\"https:\/\/thetreecbd.com\/fr\/informations-de-livraison-et-de-paiement\" \/>\n<meta property=\"og:locale\" content=\"fr_FR\" \/>\n<meta property=\"og:type\" content=\"article\" \/>\n<meta property=\"og:title\" content=\"Livraison et de paiement | The Tree CBD\" \/>\n<meta property=\"og:description\" content=\"D\u00e9lai, prix et conditions d&#039;exp\u00e9dition de tous les produits The Tree CBD. Ici vous pouvez trouver toutes les informations sur les envois et les paiements.\" \/>\n<meta property=\"og:url\" content=\"https:\/\/thetreecbd.com\/fr\/informations-de-livraison-et-de-paiement\" \/>\n<meta property=\"og:site_name\" content=\"The Tree CBD\" \/>\n<meta property=\"article:publisher\" content=\"https:\/\/www.facebook.com\/thetreeCBD\/\" \/>\n<meta property=\"article:modified_time\" content=\"2024-04-08T13:59:28+00:00\" \/>\n<meta name=\"twitter:card\" content=\"summary_large_image\" \/>\n<meta name=\"twitter:site\" content=\"@TheTreeCBD_EU\" \/>\n<meta name=\"twitter:label1\" content=\"Dur\u00e9e de lecture estim\u00e9e\" \/>\n\t<meta name=\"twitter:data1\" content=\"3 minutes\" \/>\n<script type=\"application\/ld+json\" class=\"yoast-schema-graph\">{\"@context\":\"https:\/\/schema.org\",\"@graph\":[{\"@type\":\"WebPage\",\"@id\":\"https:\/\/thetreecbd.com\/fr\/informations-de-livraison-et-de-paiement\",\"url\":\"https:\/\/thetreecbd.com\/fr\/informations-de-livraison-et-de-paiement\",\"name\":\"Livraison et de paiement | The Tree CBD\",\"isPartOf\":{\"@id\":\"https:\/\/thetreecbd.com\/fr#website\"},\"datePublished\":\"2018-08-02T15:35:31+00:00\",\"dateModified\":\"2024-04-08T13:59:28+00:00\",\"description\":\"D\u00e9lai, prix et conditions d'exp\u00e9dition de tous les produits The Tree CBD. Ici vous pouvez trouver toutes les informations sur les envois et les paiements.\",\"breadcrumb\":{\"@id\":\"https:\/\/thetreecbd.com\/fr\/informations-de-livraison-et-de-paiement#breadcrumb\"},\"inLanguage\":\"fr-FR\",\"potentialAction\":[{\"@type\":\"ReadAction\",\"target\":[\"https:\/\/thetreecbd.com\/fr\/informations-de-livraison-et-de-paiement\"]}]},{\"@type\":\"BreadcrumbList\",\"@id\":\"https:\/\/thetreecbd.com\/fr\/informations-de-livraison-et-de-paiement#breadcrumb\",\"itemListElement\":[{\"@type\":\"ListItem\",\"position\":1,\"name\":\"The Tree\",\"item\":\"https:\/\/thetreecbd.com\/fr\"},{\"@type\":\"ListItem\",\"position\":2,\"name\":\"Livraison et de paiement\"}]},{\"@type\":\"WebSite\",\"@id\":\"https:\/\/thetreecbd.com\/fr#website\",\"url\":\"https:\/\/thetreecbd.com\/fr\",\"name\":\"The Tree CBD\",\"description\":\"Comprar CBD en Espa\u00f1a Online\",\"publisher\":{\"@id\":\"https:\/\/thetreecbd.com\/fr#organization\"},\"potentialAction\":[{\"@type\":\"SearchAction\",\"target\":{\"@type\":\"EntryPoint\",\"urlTemplate\":\"https:\/\/thetreecbd.com\/fr?s={search_term_string}\"},\"query-input\":{\"@type\":\"PropertyValueSpecification\",\"valueRequired\":true,\"valueName\":\"search_term_string\"}}],\"inLanguage\":\"fr-FR\"},{\"@type\":\"Organization\",\"@id\":\"https:\/\/thetreecbd.com\/fr#organization\",\"name\":\"The Tree CBD\",\"url\":\"https:\/\/thetreecbd.com\/fr\",\"logo\":{\"@type\":\"ImageObject\",\"inLanguage\":\"fr-FR\",\"@id\":\"https:\/\/thetreecbd.com\/fr#\/schema\/logo\/image\/\",\"url\":\"https:\/\/thetreecbd.com\/wp-content\/uploads\/2022\/04\/logo-thetree.png\",\"contentUrl\":\"https:\/\/thetreecbd.com\/wp-content\/uploads\/2022\/04\/logo-thetree.png\",\"width\":172,\"height\":55,\"caption\":\"The Tree CBD\"},\"image\":{\"@id\":\"https:\/\/thetreecbd.com\/fr#\/schema\/logo\/image\/\"},\"sameAs\":[\"https:\/\/www.facebook.com\/thetreeCBD\/\",\"https:\/\/x.com\/TheTreeCBD_EU\",\"https:\/\/www.instagram.com\/thetree.cbd\/\",\"https:\/\/es.trustpilot.com\/review\/thetreecbd.com\"]}]}<\/script>\n<!-- \/ Yoast SEO plugin. -->","yoast_head_json":{"title":"Livraison et de paiement | The Tree CBD","description":"D\u00e9lai, prix et conditions d'exp\u00e9dition de tous les produits The Tree CBD. Ici vous pouvez trouver toutes les informations sur les envois et les paiements.","robots":{"index":"index","follow":"follow","max-snippet":"max-snippet:-1","max-image-preview":"max-image-preview:large","max-video-preview":"max-video-preview:-1"},"canonical":"https:\/\/thetreecbd.com\/fr\/informations-de-livraison-et-de-paiement","og_locale":"fr_FR","og_type":"article","og_title":"Livraison et de paiement | The Tree CBD","og_description":"D\u00e9lai, prix et conditions d'exp\u00e9dition de tous les produits The Tree CBD. Ici vous pouvez trouver toutes les informations sur les envois et les paiements.","og_url":"https:\/\/thetreecbd.com\/fr\/informations-de-livraison-et-de-paiement","og_site_name":"The Tree CBD","article_publisher":"https:\/\/www.facebook.com\/thetreeCBD\/","article_modified_time":"2024-04-08T13:59:28+00:00","twitter_card":"summary_large_image","twitter_site":"@TheTreeCBD_EU","twitter_misc":{"Dur\u00e9e de lecture estim\u00e9e":"3 minutes"},"schema":{"@context":"https:\/\/schema.org","@graph":[{"@type":"WebPage","@id":"https:\/\/thetreecbd.com\/fr\/informations-de-livraison-et-de-paiement","url":"https:\/\/thetreecbd.com\/fr\/informations-de-livraison-et-de-paiement","name":"Livraison et de paiement | The Tree CBD","isPartOf":{"@id":"https:\/\/thetreecbd.com\/fr#website"},"datePublished":"2018-08-02T15:35:31+00:00","dateModified":"2024-04-08T13:59:28+00:00","description":"D\u00e9lai, prix et conditions d'exp\u00e9dition de tous les produits The Tree CBD. Ici vous pouvez trouver toutes les informations sur les envois et les paiements.","breadcrumb":{"@id":"https:\/\/thetreecbd.com\/fr\/informations-de-livraison-et-de-paiement#breadcrumb"},"inLanguage":"fr-FR","potentialAction":[{"@type":"ReadAction","target":["https:\/\/thetreecbd.com\/fr\/informations-de-livraison-et-de-paiement"]}]},{"@type":"BreadcrumbList","@id":"https:\/\/thetreecbd.com\/fr\/informations-de-livraison-et-de-paiement#breadcrumb","itemListElement":[{"@type":"ListItem","position":1,"name":"The Tree","item":"https:\/\/thetreecbd.com\/fr"},{"@type":"ListItem","position":2,"name":"Livraison et de paiement"}]},{"@type":"WebSite","@id":"https:\/\/thetreecbd.com\/fr#website","url":"https:\/\/thetreecbd.com\/fr","name":"The Tree CBD","description":"Comprar CBD en Espa\u00f1a Online","publisher":{"@id":"https:\/\/thetreecbd.com\/fr#organization"},"potentialAction":[{"@type":"SearchAction","target":{"@type":"EntryPoint","urlTemplate":"https:\/\/thetreecbd.com\/fr?s={search_term_string}"},"query-input":{"@type":"PropertyValueSpecification","valueRequired":true,"valueName":"search_term_string"}}],"inLanguage":"fr-FR"},{"@type":"Organization","@id":"https:\/\/thetreecbd.com\/fr#organization","name":"The Tree CBD","url":"https:\/\/thetreecbd.com\/fr","logo":{"@type":"ImageObject","inLanguage":"fr-FR","@id":"https:\/\/thetreecbd.com\/fr#\/schema\/logo\/image\/","url":"https:\/\/thetreecbd.com\/wp-content\/uploads\/2022\/04\/logo-thetree.png","contentUrl":"https:\/\/thetreecbd.com\/wp-content\/uploads\/2022\/04\/logo-thetree.png","width":172,"height":55,"caption":"The Tree CBD"},"image":{"@id":"https:\/\/thetreecbd.com\/fr#\/schema\/logo\/image\/"},"sameAs":["https:\/\/www.facebook.com\/thetreeCBD\/","https:\/\/x.com\/TheTreeCBD_EU","https:\/\/www.instagram.com\/thetree.cbd\/","https:\/\/es.trustpilot.com\/review\/thetreecbd.com"]}]}},"_links":{"self":[{"href":"https:\/\/thetreecbd.com\/fr\/wp-json\/wp\/v2\/pages\/3456","targetHints":{"allow":["GET"]}}],"collection":[{"href":"https:\/\/thetreecbd.com\/fr\/wp-json\/wp\/v2\/pages"}],"about":[{"href":"https:\/\/thetreecbd.com\/fr\/wp-json\/wp\/v2\/types\/page"}],"author":[{"embeddable":true,"href":"https:\/\/thetreecbd.com\/fr\/wp-json\/wp\/v2\/users\/485"}],"replies":[{"embeddable":true,"href":"https:\/\/thetreecbd.com\/fr\/wp-json\/wp\/v2\/comments?post=3456"}],"version-history":[{"count":0,"href":"https:\/\/thetreecbd.com\/fr\/wp-json\/wp\/v2\/pages\/3456\/revisions"}],"wp:attachment":[{"href":"https:\/\/thetreecbd.com\/fr\/wp-json\/wp\/v2\/media?parent=3456"}],"curies":[{"name":"wp","href":"https:\/\/api.w.org\/{rel}","templated":true}]}}