{"id":3461,"date":"2018-12-30T17:14:32","date_gmt":"2018-12-30T16:14:32","guid":{"rendered":"http:\/\/thetreecbd.com\/?page_id=3461"},"modified":"2024-08-02T12:45:33","modified_gmt":"2024-08-02T10:45:33","slug":"les-conditions-generales","status":"publish","type":"page","link":"https:\/\/thetreecbd.com\/fr\/les-conditions-generales","title":{"rendered":"Les conditions g\u00e9n\u00e9rales"},"content":{"rendered":"<h1><b>Conditions g\u00e9n\u00e9rales\u00a0<\/b><\/h1>\n<p>Conditions g\u00e9n\u00e9rales d&#8217;utilisation<br \/>\nConform\u00e9ment \u00e0 la r\u00e9glementation en vigueur et applicable en mati\u00e8re de protection des donn\u00e9es personnelles, nous vous informons que vos donn\u00e9es seront int\u00e9gr\u00e9es dans le syst\u00e8me de traitement appartenant \u00e0 GAMT LTD, dont le num\u00e9ro de TVA est CZ19376952 et dont le si\u00e8ge social est situ\u00e9 \u00e0<\/p>\n<p>\u0158\u00ed\u010dn\u00ed 456\/10<\/p>\n<p>PRAHA 1 &#8211; MAL\u00c1 STRANA<\/p>\n<p>118 00 PRAHA 011<\/p>\n<p>et les finalit\u00e9s, dur\u00e9es de conservation et bases l\u00e9gitimes respectives sont \u00e9num\u00e9r\u00e9es ci-dessous. Pour les traitements qui le n\u00e9cessitent, nous vous informons \u00e9galement de l&#8217;\u00e9laboration \u00e9ventuelle de profils et de d\u00e9cisions automatis\u00e9es, ainsi que des transferts possibles et des transferts internationaux que GAMT LTD. entend effectuer :<\/p>\n<ul>\n<li>Finalit\u00e9 : Gestion et traitement des obligations et devoirs d\u00e9coulant du respect de la r\u00e9glementation \u00e0 laquelle l&#8217;entit\u00e9 est soumise.<\/li>\n<li>Dur\u00e9e de conservation : conservation des copies des documents jusqu&#8217;\u00e0 la prescription pour faire valoir une \u00e9ventuelle responsabilit\u00e9.<\/li>\n<li>Base l\u00e9gitime : respect d&#8217;une loi.<\/li>\n<li>Transferts : vos donn\u00e9es seront communiqu\u00e9es, le cas \u00e9ch\u00e9ant, aux organismes et\/ou administrations publiques comp\u00e9tents en la mati\u00e8re afin de respecter les obligations \u00e9tablies dans la r\u00e9glementation applicable. En outre, nous vous informons que la base l\u00e9gitime du transfert est le respect de la loi.<\/li>\n<li>Finalit\u00e9 : Gestion administrative, facturation, comptabilit\u00e9 et obligations l\u00e9gales.<\/li>\n<li>Dur\u00e9e de conservation : 5 ans conform\u00e9ment \u00e0 la loi fiscale et 10 ans pour la documentation fiscale conform\u00e9ment \u00e0 la L.O. 7\/2012.<\/li>\n<li>Base l\u00e9gitime : respect de la loi.<\/li>\n<li>Transferts : vos donn\u00e9es seront communiqu\u00e9es si n\u00e9cessaire \u00e0 l&#8217;Agence fiscale, aux banques, aux caisses d&#8217;\u00e9pargne et aux agences et\/ou \u00e0 l&#8217;administration publique comp\u00e9tente en la mati\u00e8re afin de respecter les obligations fiscales et budg\u00e9taires \u00e9tablies dans la r\u00e9glementation applicable. En outre, nous vous informons que la base l\u00e9gitime du transfert est le respect de la loi.<\/li>\n<li>Finalit\u00e9 : Collecte, enregistrement et traitement des donn\u00e9es \u00e0 des fins de publicit\u00e9 et de prospection commerciale.<\/li>\n<li>Dur\u00e9e de conservation : tant que le consentement donn\u00e9 est maintenu.<\/li>\n<li>Base l\u00e9gitime : le consentement de la personne concern\u00e9e.<\/li>\n<\/ul>\n<p>Conform\u00e9ment aux droits conf\u00e9r\u00e9s par la l\u00e9gislation en vigueur et applicable en mati\u00e8re de protection des donn\u00e9es, vous pouvez exercer vos droits d&#8217;acc\u00e8s, de rectification, de limitation du traitement, d&#8217;effacement (&#8220;droit \u00e0 l&#8217;oubli&#8221;), de portabilit\u00e9 et d&#8217;opposition au traitement de vos donn\u00e9es \u00e0 caract\u00e8re personnel, ainsi que de r\u00e9vocation du consentement donn\u00e9 pour le traitement de celles-ci, en envoyant votre demande \u00e0 l&#8217;adresse postale indiqu\u00e9e ci-dessus ou \u00e0 l&#8217;adresse \u00e9lectronique proteccion.datos@thetreecbd.com . Vous pouvez vous adresser \u00e0 l&#8217;autorit\u00e9 de contr\u00f4le comp\u00e9tente pour introduire toute r\u00e9clamation que vous jugerez opportune.<\/p>\n<p>Les donn\u00e9es identifi\u00e9es par un ast\u00e9risque (*) sont consid\u00e9r\u00e9es comme des champs obligatoires et requis, et sont donc consid\u00e9r\u00e9es comme n\u00e9cessaires aux fins mentionn\u00e9es ci-dessus.<\/p>\n<p>GAMT LTD. vous informe qu&#8217;en signant le pr\u00e9sent document, vous donnez votre consentement explicite au traitement des donn\u00e9es aux fins susmentionn\u00e9es.<\/p>\n<h2><b>PAIEMENT<\/b><\/h2>\n<p>GAMT LTD. accepte et re\u00e7oit les paiements avec les principales cartes de cr\u00e9dit, y compris VISA, VISA Electron, Mastercard, Maestro et American Express. Le paiement sera d\u00e9bit\u00e9 de votre compte une fois la commande compl\u00e9t\u00e9e sur le Web.<\/p>\n<p>Tous les montants indiqu\u00e9s sont en \u20ac (Euros) et incluent la TVA.<\/p>\n<p>GAMT LTD. utilise un serveur de paiement approuv\u00e9 qui chiffre tous les d\u00e9tails de votre carte avec le protocole SSL (Secure Socket Layer). Cela signifie qu&#8217;il ne peut pas lire vos informations.<\/p>\n<h2><b>LIVRAISON<\/b><\/h2>\n<p>GAMT LTD. Livraison tous les jours du lundi au vendredi. En r\u00e8gle g\u00e9n\u00e9rale, les colis sont envoy\u00e9s via Nacex avec livraison apr\u00e8s signature. Les d\u00e9lais de livraison sont les suivants:<\/p>\n<ul>\n<li>Pour les commandes dans la p\u00e9ninsule ib\u00e9rique, les commandes seront livr\u00e9es dans les 24-48 heures.<\/li>\n<li>Pour les commandes aux Bal\u00e9ares ou aux Canaries, les commandes seront livr\u00e9es dans les 48-72h (du lundi au vendredi)<\/li>\n<li>GAMT LTD. vous fournira un lien vous permettant de suivre votre commande en ligne.<\/li>\n<\/ul>\n<p>Les frais d&#8217;exp\u00e9dition comprennent les frais de manutention et d&#8217;emballage, ainsi que les frais postaux.<\/p>\n<p>Nous vous recommandons de regrouper tous vos articles en une seule commande.<\/p>\n<p>Nous ne pouvons pas combiner deux commandes diff\u00e9rentes, et les frais d\u2019exp\u00e9dition seront appliqu\u00e9s \u00e0 chaque commande individuellement.<\/p>\n<p>Nous ne sommes pas responsables des dommages que votre colis pourrait subir apr\u00e8s l&#8217;exp\u00e9dition, mais nous faisons de notre mieux pour prot\u00e9ger tous les objets fragiles.<\/p>\n<p>Vos articles seront emball\u00e9s professionnellement et bien prot\u00e9g\u00e9s pour le transport.<\/p>\n<h2><b>GARANTIE<\/b><\/h2>\n<p>La loi sur les achats offre une garantie de 2 ans. Notre garantie s&#8217;applique aux erreurs de mat\u00e9riel et \/ ou de fabrication. La plainte ne concerne pas les d\u00e9fauts ou les dommages caus\u00e9s par un fonctionnement incorrect du produit \/ service. GAMT LTD. couvrira les frais de retour dans une mesure raisonnable. Lorsque vous retournez la demande d&#8217;enqu\u00eate et les plaintes sont envoy\u00e9es \u00e0:<\/p>\n<p>GAMT LTD<\/p>\n<p>\u0158\u00ed\u010dn\u00ed 456\/10<\/p>\n<p>PRAHA 1 &#8211; MAL\u00c1 STRANA<\/p>\n<p>118 00 PRAHA 011<\/p>\n<p>&nbsp;<\/p>\n<p>Les colis envoy\u00e9s sur demande ne sont pas re\u00e7us.<\/p>\n<h2><b>REMBOURSEMENTS<\/b><\/h2>\n<p>Si un remboursement a \u00e9t\u00e9 convenu, veuillez envoyer vos coordonn\u00e9es bancaires afin que nous puissions transf\u00e9rer le montant convenu.<\/p>\n<h2><b>DROIT DE R\u00c9TRACTION<\/b><\/h2>\n<p>La politique de retour complet des produits achet\u00e9s dans notre boutique en ligne est de 14 jours.<\/p>\n<p>La p\u00e9riode est calcul\u00e9e \u00e0 partir du jour o\u00f9 vous recevez la commande.<\/p>\n<p>Vous devez payer les frais de retour vous-m\u00eame.<\/p>\n<p>L&#8217;annulation doit nous \u00eatre notifi\u00e9e au plus tard 14 apr\u00e8s l&#8217;achat et vous devez l&#8217;annuler dans les 14 jours suivant le retour de l&#8217;envoi.<\/p>\n<p>La notification doit \u00eatre donn\u00e9e par courrier \u00e0 info@thetreecbd.com. Dans cette annonce, vous devez indiquer clairement que vous souhaitez exercer votre droit de r\u00e9tractation.<\/p>\n<p>Vous pouvez \u00e9galement choisir d&#8217;utiliser notre formulaire d&#8217;annulation standard et de le renvoyer. Vous le trouverez ici (<a href=\"https:\/\/thetreecbd.com\/wp-content\/uploads\/2019\/02\/FORMULAIRE-DE-RETRAIT.pdf\">https:\/\/thetreecbd.com\/wp-content\/uploads\/2019\/02\/FORMULAIRE-DE-RETRAIT.pdf<\/a>)<\/p>\n<p>La condition de la marchandise lorsque vous la retournez<\/p>\n<p>Vous ne serez tenu responsable que de toute d\u00e9t\u00e9rioration de la valeur de la marchandise caus\u00e9e par une manipulation autre que celle n\u00e9cessaire pour d\u00e9terminer la nature de la marchandise, ses propri\u00e9t\u00e9s et son mode de fonctionnement. En d&#8217;autres termes, vous pouvez essayer l&#8217;article de la m\u00eame mani\u00e8re que si vous l&#8217;aviez essay\u00e9 dans un magasin physique.<\/p>\n<p>Si l&#8217;article est test\u00e9 en plus de ce qui est d\u00e9crit ci-dessus, nous consid\u00e9rons qu&#8217;il est utilis\u00e9, ce qui signifie que lors de l&#8217;annulation de l&#8217;achat, vous ne recevrez qu&#8217;une partie ou rien du montant de l&#8217;achat, en fonction de la valeur commerciale de la marchandise.<\/p>\n<p>Afin de recevoir le montant d&#8217;achat total, vous devez faire comme vous pouvez dans un magasin physique. Vous devez tester l&#8217;\u00e9l\u00e9ment, mais ne l&#8217;utilisez pas en utilisation r\u00e9elle.<\/p>\n<h2><b>\u00c2GE L\u00c9GAL<\/b><\/h2>\n<p>En pla\u00e7ant une commande sur notre site Web, vous garantissez que vous avez au moins 18 ans. Si nous ne sommes pas s\u00fbr de votre \u00e2ge, nous nous r\u00e9servons le droit d&#8217;annuler votre commande.<\/p>\n<h2><b>PLAINTES &#8211; VUE D&#8217;ENSEMBLE ET LIENS:\u00a0<\/b><\/h2>\n<p>Si vous avez une r\u00e9clamation concernant un produit achet\u00e9 dans notre boutique en ligne, vous pouvez adresser votre r\u00e9clamation \u00e0:<\/p>\n<p>Oficina Municipal d\u2019Informaci\u00f3 al Consumidor (O.M.I.C.)<br \/>\nRonda de Sant Pau, 43-45<br \/>\n08015 Barcelone, Espagne<\/p>\n<p><a href=\"https:\/\/ajuntament.barcelona.cat\/omic\/en\/\">https:\/\/ajuntament.barcelona.cat\/omic\/en\/<\/a><\/p>\n<p>Si vous \u00eates un consommateur r\u00e9sidant dans un autre pays de l&#8217;UE, vous pouvez d\u00e9clarer votre plainte sur la plateforme de plainte en ligne de la Commission europ\u00e9enne.<\/p>\n<p>La plateforme peut \u00eatre trouv\u00e9e ici: http:\/\/ec.europa.eu\/consumers\/odr\/<\/p>\n<p>Si vous indiquez une r\u00e9clamation ici, veuillez indiquer notre adresse e-mail: info@thetreecbd.com<\/p>\n<div class=\"flex flex-grow flex-col max-w-full\">\n<div class=\"min-h-[20px] text-message flex w-full flex-col items-end gap-2 whitespace-pre-wrap break-words [.text-message+&amp;]:mt-5 overflow-x-auto\" dir=\"auto\" data-message-author-role=\"assistant\" data-message-id=\"c2eab47c-873d-40fa-9b97-186236216bc6\">\n<div class=\"flex w-full flex-col gap-1 empty:hidden first:pt-[3px]\">\n<div class=\"markdown prose w-full break-words dark:prose-invert light\">\n<h2>L\u00e9gislation Applicable et Juridiction<\/h2>\n<p>GAMT S.R.O se r\u00e9serve le droit d&#8217;engager toute action civile ou p\u00e9nale qu&#8217;elle juge appropri\u00e9e pour une utilisation inappropri\u00e9e du site Web ou pour toute violation des Conditions d&#8217;Utilisation.<\/p>\n<p>Les relations entre GAMT S.R.O et l&#8217;UTILISATEUR seront r\u00e9gies par la r\u00e9glementation en vigueur en R\u00e9publique tch\u00e8que et tout litige sera soumis aux cours et tribunaux de la ville de Prague (R\u00e9publique tch\u00e8que). Cependant, GAMT S.R.O s&#8217;efforce toujours de r\u00e9soudre tout conflit \u00e0 l&#8217;amiable.<\/p>\n<p><strong>Informations relatives \u00e0 la r\u00e9solution des litiges en ligne conform\u00e9ment \u00e0 l&#8217;Article 14, paragraphe 1 du R\u00e8glement ODR :<\/strong><\/p>\n<p>La Commission europ\u00e9enne offre aux consommateurs la possibilit\u00e9 de r\u00e9soudre les litiges en ligne conform\u00e9ment \u00e0 l&#8217;Article 14, paragraphe 1 du R\u00e8glement ODR sur l&#8217;une de ses plateformes. La plateforme (<a href=\"http:\/\/ec.europa.eu\/consumers\/odr\" target=\"_new\" rel=\"noreferrer noopener\">http:\/\/ec.europa.eu\/consumers\/odr<\/a>) sert de site Web o\u00f9 les consommateurs peuvent tenter de parvenir \u00e0 des accords extrajudiciaires concernant les litiges r\u00e9sultant des achats et contrats de services en ligne.<\/p>\n<\/div>\n<\/div>\n<\/div>\n<\/div>\n<div class=\"mt-1 flex gap-3 empty:hidden -ml-2\">\n<div class=\"items-center justify-start rounded-xl p-1 flex\">\n<div class=\"flex items-center\">\n<p>&nbsp;<\/p>\n<div class=\"flex\"><\/div>\n<div class=\"flex items-center pb-0\">\n<div class=\"[&amp;_svg]:h-full [&amp;_svg]:w-full icon-md h-4 w-4\"><\/div>\n<p><span class=\"overflow-hidden text-clip whitespace-nowrap text-sm\">4o<\/span><\/p>\n<\/div>\n<\/div>\n<\/div>\n<\/div>\n","protected":false},"excerpt":{"rendered":"<p>Conditions g\u00e9n\u00e9rales\u00a0 Conditions g\u00e9n\u00e9rales d&#8217;utilisation Conform\u00e9ment \u00e0 la r\u00e9glementation en vigueur et applicable en mati\u00e8re de protection des donn\u00e9es personnelles, nous vous informons que vos donn\u00e9es seront int\u00e9gr\u00e9es dans le syst\u00e8me de traitement appartenant \u00e0 GAMT LTD, dont le num\u00e9ro de TVA est CZ19376952 et dont le si\u00e8ge social est situ\u00e9 \u00e0 \u0158\u00ed\u010dn\u00ed 456\/10 PRAHA [&hellip;]<\/p>\n","protected":false},"author":485,"featured_media":0,"parent":0,"menu_order":0,"comment_status":"closed","ping_status":"closed","template":"","meta":{"_acf_changed":false,"footnotes":""},"class_list":["post-3461","page","type-page","status-publish","hentry"],"acf":[],"yoast_head":"<!-- This site is optimized with the Yoast SEO plugin v26.3 - https:\/\/yoast.com\/wordpress\/plugins\/seo\/ -->\n<title>Conditions g\u00e9n\u00e9rales | The Tree CBD<\/title>\n<meta name=\"description\" content=\"Les termes et conditions de The Tree CBD. D\u00e9tails sur le paiement, la livraison, les retours et les r\u00e9clamations des produits et services du web. Garantie et \u00e2ge l\u00e9gal\" \/>\n<meta name=\"robots\" content=\"index, follow, max-snippet:-1, max-image-preview:large, max-video-preview:-1\" \/>\n<link rel=\"canonical\" href=\"https:\/\/thetreecbd.com\/fr\/les-conditions-generales\" \/>\n<meta property=\"og:locale\" content=\"fr_FR\" \/>\n<meta property=\"og:type\" content=\"article\" \/>\n<meta property=\"og:title\" content=\"Conditions g\u00e9n\u00e9rales | The Tree CBD\" \/>\n<meta property=\"og:description\" content=\"Les termes et conditions de The Tree CBD. D\u00e9tails sur le paiement, la livraison, les retours et les r\u00e9clamations des produits et services du web. Garantie et \u00e2ge l\u00e9gal\" \/>\n<meta property=\"og:url\" content=\"https:\/\/thetreecbd.com\/fr\/les-conditions-generales\" \/>\n<meta property=\"og:site_name\" content=\"The Tree CBD\" \/>\n<meta property=\"article:publisher\" content=\"https:\/\/www.facebook.com\/thetreeCBD\/\" \/>\n<meta property=\"article:modified_time\" content=\"2024-08-02T10:45:33+00:00\" \/>\n<meta name=\"twitter:card\" content=\"summary_large_image\" \/>\n<meta name=\"twitter:site\" content=\"@TheTreeCBD_EU\" \/>\n<meta name=\"twitter:label1\" content=\"Dur\u00e9e de lecture estim\u00e9e\" \/>\n\t<meta name=\"twitter:data1\" content=\"7 minutes\" \/>\n<script type=\"application\/ld+json\" class=\"yoast-schema-graph\">{\"@context\":\"https:\/\/schema.org\",\"@graph\":[{\"@type\":\"WebPage\",\"@id\":\"https:\/\/thetreecbd.com\/fr\/les-conditions-generales\",\"url\":\"https:\/\/thetreecbd.com\/fr\/les-conditions-generales\",\"name\":\"Conditions g\u00e9n\u00e9rales | The Tree CBD\",\"isPartOf\":{\"@id\":\"https:\/\/thetreecbd.com\/fr#website\"},\"datePublished\":\"2018-12-30T16:14:32+00:00\",\"dateModified\":\"2024-08-02T10:45:33+00:00\",\"description\":\"Les termes et conditions de The Tree CBD. D\u00e9tails sur le paiement, la livraison, les retours et les r\u00e9clamations des produits et services du web. Garantie et \u00e2ge l\u00e9gal\",\"breadcrumb\":{\"@id\":\"https:\/\/thetreecbd.com\/fr\/les-conditions-generales#breadcrumb\"},\"inLanguage\":\"fr-FR\",\"potentialAction\":[{\"@type\":\"ReadAction\",\"target\":[\"https:\/\/thetreecbd.com\/fr\/les-conditions-generales\"]}]},{\"@type\":\"BreadcrumbList\",\"@id\":\"https:\/\/thetreecbd.com\/fr\/les-conditions-generales#breadcrumb\",\"itemListElement\":[{\"@type\":\"ListItem\",\"position\":1,\"name\":\"The Tree\",\"item\":\"https:\/\/thetreecbd.com\/fr\"},{\"@type\":\"ListItem\",\"position\":2,\"name\":\"Les conditions g\u00e9n\u00e9rales\"}]},{\"@type\":\"WebSite\",\"@id\":\"https:\/\/thetreecbd.com\/fr#website\",\"url\":\"https:\/\/thetreecbd.com\/fr\",\"name\":\"The Tree CBD\",\"description\":\"Comprar CBD en Espa\u00f1a Online\",\"publisher\":{\"@id\":\"https:\/\/thetreecbd.com\/fr#organization\"},\"potentialAction\":[{\"@type\":\"SearchAction\",\"target\":{\"@type\":\"EntryPoint\",\"urlTemplate\":\"https:\/\/thetreecbd.com\/fr?s={search_term_string}\"},\"query-input\":{\"@type\":\"PropertyValueSpecification\",\"valueRequired\":true,\"valueName\":\"search_term_string\"}}],\"inLanguage\":\"fr-FR\"},{\"@type\":\"Organization\",\"@id\":\"https:\/\/thetreecbd.com\/fr#organization\",\"name\":\"The Tree CBD\",\"url\":\"https:\/\/thetreecbd.com\/fr\",\"logo\":{\"@type\":\"ImageObject\",\"inLanguage\":\"fr-FR\",\"@id\":\"https:\/\/thetreecbd.com\/fr#\/schema\/logo\/image\/\",\"url\":\"https:\/\/thetreecbd.com\/wp-content\/uploads\/2022\/04\/logo-thetree.png\",\"contentUrl\":\"https:\/\/thetreecbd.com\/wp-content\/uploads\/2022\/04\/logo-thetree.png\",\"width\":172,\"height\":55,\"caption\":\"The Tree CBD\"},\"image\":{\"@id\":\"https:\/\/thetreecbd.com\/fr#\/schema\/logo\/image\/\"},\"sameAs\":[\"https:\/\/www.facebook.com\/thetreeCBD\/\",\"https:\/\/x.com\/TheTreeCBD_EU\",\"https:\/\/www.instagram.com\/thetree.cbd\/\",\"https:\/\/es.trustpilot.com\/review\/thetreecbd.com\"]}]}<\/script>\n<!-- \/ Yoast SEO plugin. -->","yoast_head_json":{"title":"Conditions g\u00e9n\u00e9rales | The Tree CBD","description":"Les termes et conditions de The Tree CBD. D\u00e9tails sur le paiement, la livraison, les retours et les r\u00e9clamations des produits et services du web. Garantie et \u00e2ge l\u00e9gal","robots":{"index":"index","follow":"follow","max-snippet":"max-snippet:-1","max-image-preview":"max-image-preview:large","max-video-preview":"max-video-preview:-1"},"canonical":"https:\/\/thetreecbd.com\/fr\/les-conditions-generales","og_locale":"fr_FR","og_type":"article","og_title":"Conditions g\u00e9n\u00e9rales | The Tree CBD","og_description":"Les termes et conditions de The Tree CBD. D\u00e9tails sur le paiement, la livraison, les retours et les r\u00e9clamations des produits et services du web. Garantie et \u00e2ge l\u00e9gal","og_url":"https:\/\/thetreecbd.com\/fr\/les-conditions-generales","og_site_name":"The Tree CBD","article_publisher":"https:\/\/www.facebook.com\/thetreeCBD\/","article_modified_time":"2024-08-02T10:45:33+00:00","twitter_card":"summary_large_image","twitter_site":"@TheTreeCBD_EU","twitter_misc":{"Dur\u00e9e de lecture estim\u00e9e":"7 minutes"},"schema":{"@context":"https:\/\/schema.org","@graph":[{"@type":"WebPage","@id":"https:\/\/thetreecbd.com\/fr\/les-conditions-generales","url":"https:\/\/thetreecbd.com\/fr\/les-conditions-generales","name":"Conditions g\u00e9n\u00e9rales | The Tree CBD","isPartOf":{"@id":"https:\/\/thetreecbd.com\/fr#website"},"datePublished":"2018-12-30T16:14:32+00:00","dateModified":"2024-08-02T10:45:33+00:00","description":"Les termes et conditions de The Tree CBD. D\u00e9tails sur le paiement, la livraison, les retours et les r\u00e9clamations des produits et services du web. Garantie et \u00e2ge l\u00e9gal","breadcrumb":{"@id":"https:\/\/thetreecbd.com\/fr\/les-conditions-generales#breadcrumb"},"inLanguage":"fr-FR","potentialAction":[{"@type":"ReadAction","target":["https:\/\/thetreecbd.com\/fr\/les-conditions-generales"]}]},{"@type":"BreadcrumbList","@id":"https:\/\/thetreecbd.com\/fr\/les-conditions-generales#breadcrumb","itemListElement":[{"@type":"ListItem","position":1,"name":"The Tree","item":"https:\/\/thetreecbd.com\/fr"},{"@type":"ListItem","position":2,"name":"Les conditions g\u00e9n\u00e9rales"}]},{"@type":"WebSite","@id":"https:\/\/thetreecbd.com\/fr#website","url":"https:\/\/thetreecbd.com\/fr","name":"The Tree CBD","description":"Comprar CBD en Espa\u00f1a Online","publisher":{"@id":"https:\/\/thetreecbd.com\/fr#organization"},"potentialAction":[{"@type":"SearchAction","target":{"@type":"EntryPoint","urlTemplate":"https:\/\/thetreecbd.com\/fr?s={search_term_string}"},"query-input":{"@type":"PropertyValueSpecification","valueRequired":true,"valueName":"search_term_string"}}],"inLanguage":"fr-FR"},{"@type":"Organization","@id":"https:\/\/thetreecbd.com\/fr#organization","name":"The Tree CBD","url":"https:\/\/thetreecbd.com\/fr","logo":{"@type":"ImageObject","inLanguage":"fr-FR","@id":"https:\/\/thetreecbd.com\/fr#\/schema\/logo\/image\/","url":"https:\/\/thetreecbd.com\/wp-content\/uploads\/2022\/04\/logo-thetree.png","contentUrl":"https:\/\/thetreecbd.com\/wp-content\/uploads\/2022\/04\/logo-thetree.png","width":172,"height":55,"caption":"The Tree CBD"},"image":{"@id":"https:\/\/thetreecbd.com\/fr#\/schema\/logo\/image\/"},"sameAs":["https:\/\/www.facebook.com\/thetreeCBD\/","https:\/\/x.com\/TheTreeCBD_EU","https:\/\/www.instagram.com\/thetree.cbd\/","https:\/\/es.trustpilot.com\/review\/thetreecbd.com"]}]}},"_links":{"self":[{"href":"https:\/\/thetreecbd.com\/fr\/wp-json\/wp\/v2\/pages\/3461","targetHints":{"allow":["GET"]}}],"collection":[{"href":"https:\/\/thetreecbd.com\/fr\/wp-json\/wp\/v2\/pages"}],"about":[{"href":"https:\/\/thetreecbd.com\/fr\/wp-json\/wp\/v2\/types\/page"}],"author":[{"embeddable":true,"href":"https:\/\/thetreecbd.com\/fr\/wp-json\/wp\/v2\/users\/485"}],"replies":[{"embeddable":true,"href":"https:\/\/thetreecbd.com\/fr\/wp-json\/wp\/v2\/comments?post=3461"}],"version-history":[{"count":0,"href":"https:\/\/thetreecbd.com\/fr\/wp-json\/wp\/v2\/pages\/3461\/revisions"}],"wp:attachment":[{"href":"https:\/\/thetreecbd.com\/fr\/wp-json\/wp\/v2\/media?parent=3461"}],"curies":[{"name":"wp","href":"https:\/\/api.w.org\/{rel}","templated":true}]}}