{"id":3562,"date":"2019-01-26T08:15:08","date_gmt":"2019-01-26T07:15:08","guid":{"rendered":"http:\/\/thetreecbd.com\/?page_id=3562"},"modified":"2024-04-08T15:28:13","modified_gmt":"2024-04-08T13:28:13","slug":"politique-de-remboursement","status":"publish","type":"page","link":"https:\/\/thetreecbd.com\/fr\/politique-de-remboursement","title":{"rendered":"Politique de remboursement"},"content":{"rendered":"<h1>Politique de remboursement<\/h1>\n<p>Chez TheTreeCBD, nous travaillons dur pour vous proposer des produits de haute qualit\u00e9 qui vous satisfont et qui r\u00e9pondent \u00e0 vos attentes.<\/p>\n<p>Si ce n&#8217;est pas le cas et que vous souhaitez retourner un article, vous pouvez le faire dans les 14 jours suivant la r\u00e9ception de votre commande. Vous recevrez un remboursement dans les 14 jours suivant la r\u00e9ception de l&#8217;article sur TheTreeCBD.com.<\/p>\n<p>Veuillez v\u00e9rifier soigneusement votre envoi \u00e0 l&#8217;arriv\u00e9e pour vous assurer qu&#8217;il n&#8217;a pas \u00e9t\u00e9 endommag\u00e9 pendant l&#8217;exp\u00e9dition. Toutes les r\u00e9clamations pour les produits endommag\u00e9s doivent \u00eatre faites au plus tard 48 heures apr\u00e8s leur r\u00e9ception.<\/p>\n<h2><b>Comment retourner un article<\/b><\/h2>\n<p>Vous devez envoyer un courrier \u00e9lectronique \u00e0 info@thetreecbd.com et vous pourrez retourner les produits uniquement apr\u00e8s avoir re\u00e7u un courrier \u00e9lectronique de confirmation du retour.<\/p>\n<p>L&#8217;adresse \u00e0 laquelle le produit doit \u00eatre retourn\u00e9 est:<\/p>\n<p class=\"p1\"><strong>GAMT LTD<\/strong><\/p>\n<p>RICNI, 456-10<\/p>\n<p>MALA STRANA<\/p>\n<p>118 00 PRAGA 1 &#8211; (CHECA, REPUBLICA)<\/p>\n<p>Les articles doivent \u00eatre retourn\u00e9s neufs et dans les conditions dans lesquelles ils ont \u00e9t\u00e9 livr\u00e9s.<\/p>\n<p>Veuillez joindre les informations pertinentes, le num\u00e9ro de commande et le compte bancaire.<\/p>\n<p>Et s&#8217;il vous pla\u00eet, conservez votre re\u00e7u de courrier comme preuve de livraison. Les co\u00fbts associ\u00e9s au retour: le processus de paiement et de livraison sont \u00e0 la charge du client (vous).<\/p>\n","protected":false},"excerpt":{"rendered":"<p>Politique de remboursement Chez TheTreeCBD, nous travaillons dur pour vous proposer des produits de haute qualit\u00e9 qui vous satisfont et qui r\u00e9pondent \u00e0 vos attentes. Si ce n&#8217;est pas le cas et que vous souhaitez retourner un article, vous pouvez le faire dans les 14 jours suivant la r\u00e9ception de votre commande. Vous recevrez un [&hellip;]<\/p>\n","protected":false},"author":485,"featured_media":0,"parent":0,"menu_order":0,"comment_status":"closed","ping_status":"closed","template":"","meta":{"_acf_changed":false,"footnotes":""},"class_list":["post-3562","page","type-page","status-publish","hentry"],"acf":[],"yoast_head":"<!-- This site is optimized with the Yoast SEO plugin v26.3 - https:\/\/yoast.com\/wordpress\/plugins\/seo\/ -->\n<title>Politique de remboursement - The Tree CBD<\/title>\n<meta name=\"description\" content=\"Nous travaillons pour que nos produits r\u00e9pondent aux attentes de nos clients. Si vous souhaitez retourner un article, vous pouvez le faire dans les 14 jours\" \/>\n<meta name=\"robots\" content=\"index, follow, max-snippet:-1, max-image-preview:large, max-video-preview:-1\" \/>\n<link rel=\"canonical\" href=\"https:\/\/thetreecbd.com\/fr\/politique-de-remboursement\" \/>\n<meta property=\"og:locale\" content=\"fr_FR\" \/>\n<meta property=\"og:type\" content=\"article\" \/>\n<meta property=\"og:title\" content=\"Politique de remboursement - The Tree CBD\" \/>\n<meta property=\"og:description\" content=\"Nous travaillons pour que nos produits r\u00e9pondent aux attentes de nos clients. Si vous souhaitez retourner un article, vous pouvez le faire dans les 14 jours\" \/>\n<meta property=\"og:url\" content=\"https:\/\/thetreecbd.com\/fr\/politique-de-remboursement\" \/>\n<meta property=\"og:site_name\" content=\"The Tree CBD\" \/>\n<meta property=\"article:publisher\" content=\"https:\/\/www.facebook.com\/thetreeCBD\/\" \/>\n<meta property=\"article:modified_time\" content=\"2024-04-08T13:28:13+00:00\" \/>\n<meta name=\"twitter:card\" content=\"summary_large_image\" \/>\n<meta name=\"twitter:site\" content=\"@TheTreeCBD_EU\" \/>\n<meta name=\"twitter:label1\" content=\"Dur\u00e9e de lecture estim\u00e9e\" \/>\n\t<meta name=\"twitter:data1\" content=\"1 minute\" \/>\n<script type=\"application\/ld+json\" class=\"yoast-schema-graph\">{\"@context\":\"https:\/\/schema.org\",\"@graph\":[{\"@type\":\"WebPage\",\"@id\":\"https:\/\/thetreecbd.com\/fr\/politique-de-remboursement\",\"url\":\"https:\/\/thetreecbd.com\/fr\/politique-de-remboursement\",\"name\":\"Politique de remboursement - The Tree CBD\",\"isPartOf\":{\"@id\":\"https:\/\/thetreecbd.com\/fr#website\"},\"datePublished\":\"2019-01-26T07:15:08+00:00\",\"dateModified\":\"2024-04-08T13:28:13+00:00\",\"description\":\"Nous travaillons pour que nos produits r\u00e9pondent aux attentes de nos clients. Si vous souhaitez retourner un article, vous pouvez le faire dans les 14 jours\",\"breadcrumb\":{\"@id\":\"https:\/\/thetreecbd.com\/fr\/politique-de-remboursement#breadcrumb\"},\"inLanguage\":\"fr-FR\",\"potentialAction\":[{\"@type\":\"ReadAction\",\"target\":[\"https:\/\/thetreecbd.com\/fr\/politique-de-remboursement\"]}]},{\"@type\":\"BreadcrumbList\",\"@id\":\"https:\/\/thetreecbd.com\/fr\/politique-de-remboursement#breadcrumb\",\"itemListElement\":[{\"@type\":\"ListItem\",\"position\":1,\"name\":\"The Tree\",\"item\":\"https:\/\/thetreecbd.com\/fr\"},{\"@type\":\"ListItem\",\"position\":2,\"name\":\"Politique de remboursement\"}]},{\"@type\":\"WebSite\",\"@id\":\"https:\/\/thetreecbd.com\/fr#website\",\"url\":\"https:\/\/thetreecbd.com\/fr\",\"name\":\"The Tree CBD\",\"description\":\"Comprar CBD en Espa\u00f1a Online\",\"publisher\":{\"@id\":\"https:\/\/thetreecbd.com\/fr#organization\"},\"potentialAction\":[{\"@type\":\"SearchAction\",\"target\":{\"@type\":\"EntryPoint\",\"urlTemplate\":\"https:\/\/thetreecbd.com\/fr?s={search_term_string}\"},\"query-input\":{\"@type\":\"PropertyValueSpecification\",\"valueRequired\":true,\"valueName\":\"search_term_string\"}}],\"inLanguage\":\"fr-FR\"},{\"@type\":\"Organization\",\"@id\":\"https:\/\/thetreecbd.com\/fr#organization\",\"name\":\"The Tree CBD\",\"url\":\"https:\/\/thetreecbd.com\/fr\",\"logo\":{\"@type\":\"ImageObject\",\"inLanguage\":\"fr-FR\",\"@id\":\"https:\/\/thetreecbd.com\/fr#\/schema\/logo\/image\/\",\"url\":\"https:\/\/thetreecbd.com\/wp-content\/uploads\/2022\/04\/logo-thetree.png\",\"contentUrl\":\"https:\/\/thetreecbd.com\/wp-content\/uploads\/2022\/04\/logo-thetree.png\",\"width\":172,\"height\":55,\"caption\":\"The Tree CBD\"},\"image\":{\"@id\":\"https:\/\/thetreecbd.com\/fr#\/schema\/logo\/image\/\"},\"sameAs\":[\"https:\/\/www.facebook.com\/thetreeCBD\/\",\"https:\/\/x.com\/TheTreeCBD_EU\",\"https:\/\/www.instagram.com\/thetree.cbd\/\",\"https:\/\/es.trustpilot.com\/review\/thetreecbd.com\"]}]}<\/script>\n<!-- \/ Yoast SEO plugin. -->","yoast_head_json":{"title":"Politique de remboursement - The Tree CBD","description":"Nous travaillons pour que nos produits r\u00e9pondent aux attentes de nos clients. Si vous souhaitez retourner un article, vous pouvez le faire dans les 14 jours","robots":{"index":"index","follow":"follow","max-snippet":"max-snippet:-1","max-image-preview":"max-image-preview:large","max-video-preview":"max-video-preview:-1"},"canonical":"https:\/\/thetreecbd.com\/fr\/politique-de-remboursement","og_locale":"fr_FR","og_type":"article","og_title":"Politique de remboursement - The Tree CBD","og_description":"Nous travaillons pour que nos produits r\u00e9pondent aux attentes de nos clients. Si vous souhaitez retourner un article, vous pouvez le faire dans les 14 jours","og_url":"https:\/\/thetreecbd.com\/fr\/politique-de-remboursement","og_site_name":"The Tree CBD","article_publisher":"https:\/\/www.facebook.com\/thetreeCBD\/","article_modified_time":"2024-04-08T13:28:13+00:00","twitter_card":"summary_large_image","twitter_site":"@TheTreeCBD_EU","twitter_misc":{"Dur\u00e9e de lecture estim\u00e9e":"1 minute"},"schema":{"@context":"https:\/\/schema.org","@graph":[{"@type":"WebPage","@id":"https:\/\/thetreecbd.com\/fr\/politique-de-remboursement","url":"https:\/\/thetreecbd.com\/fr\/politique-de-remboursement","name":"Politique de remboursement - The Tree CBD","isPartOf":{"@id":"https:\/\/thetreecbd.com\/fr#website"},"datePublished":"2019-01-26T07:15:08+00:00","dateModified":"2024-04-08T13:28:13+00:00","description":"Nous travaillons pour que nos produits r\u00e9pondent aux attentes de nos clients. Si vous souhaitez retourner un article, vous pouvez le faire dans les 14 jours","breadcrumb":{"@id":"https:\/\/thetreecbd.com\/fr\/politique-de-remboursement#breadcrumb"},"inLanguage":"fr-FR","potentialAction":[{"@type":"ReadAction","target":["https:\/\/thetreecbd.com\/fr\/politique-de-remboursement"]}]},{"@type":"BreadcrumbList","@id":"https:\/\/thetreecbd.com\/fr\/politique-de-remboursement#breadcrumb","itemListElement":[{"@type":"ListItem","position":1,"name":"The Tree","item":"https:\/\/thetreecbd.com\/fr"},{"@type":"ListItem","position":2,"name":"Politique de remboursement"}]},{"@type":"WebSite","@id":"https:\/\/thetreecbd.com\/fr#website","url":"https:\/\/thetreecbd.com\/fr","name":"The Tree CBD","description":"Comprar CBD en Espa\u00f1a Online","publisher":{"@id":"https:\/\/thetreecbd.com\/fr#organization"},"potentialAction":[{"@type":"SearchAction","target":{"@type":"EntryPoint","urlTemplate":"https:\/\/thetreecbd.com\/fr?s={search_term_string}"},"query-input":{"@type":"PropertyValueSpecification","valueRequired":true,"valueName":"search_term_string"}}],"inLanguage":"fr-FR"},{"@type":"Organization","@id":"https:\/\/thetreecbd.com\/fr#organization","name":"The Tree CBD","url":"https:\/\/thetreecbd.com\/fr","logo":{"@type":"ImageObject","inLanguage":"fr-FR","@id":"https:\/\/thetreecbd.com\/fr#\/schema\/logo\/image\/","url":"https:\/\/thetreecbd.com\/wp-content\/uploads\/2022\/04\/logo-thetree.png","contentUrl":"https:\/\/thetreecbd.com\/wp-content\/uploads\/2022\/04\/logo-thetree.png","width":172,"height":55,"caption":"The Tree CBD"},"image":{"@id":"https:\/\/thetreecbd.com\/fr#\/schema\/logo\/image\/"},"sameAs":["https:\/\/www.facebook.com\/thetreeCBD\/","https:\/\/x.com\/TheTreeCBD_EU","https:\/\/www.instagram.com\/thetree.cbd\/","https:\/\/es.trustpilot.com\/review\/thetreecbd.com"]}]}},"_links":{"self":[{"href":"https:\/\/thetreecbd.com\/fr\/wp-json\/wp\/v2\/pages\/3562","targetHints":{"allow":["GET"]}}],"collection":[{"href":"https:\/\/thetreecbd.com\/fr\/wp-json\/wp\/v2\/pages"}],"about":[{"href":"https:\/\/thetreecbd.com\/fr\/wp-json\/wp\/v2\/types\/page"}],"author":[{"embeddable":true,"href":"https:\/\/thetreecbd.com\/fr\/wp-json\/wp\/v2\/users\/485"}],"replies":[{"embeddable":true,"href":"https:\/\/thetreecbd.com\/fr\/wp-json\/wp\/v2\/comments?post=3562"}],"version-history":[{"count":0,"href":"https:\/\/thetreecbd.com\/fr\/wp-json\/wp\/v2\/pages\/3562\/revisions"}],"wp:attachment":[{"href":"https:\/\/thetreecbd.com\/fr\/wp-json\/wp\/v2\/media?parent=3562"}],"curies":[{"name":"wp","href":"https:\/\/api.w.org\/{rel}","templated":true}]}}