{"id":106267,"date":"2022-11-02T12:01:23","date_gmt":"2022-11-02T11:01:23","guid":{"rendered":"https:\/\/thetreecbd.com\/cbd\/huile-cbg-5"},"modified":"2025-07-14T16:35:07","modified_gmt":"2025-07-14T14:35:07","slug":"huile-cbg-5","status":"publish","type":"product","link":"https:\/\/thetreecbd.com\/fr\/cbd\/huile-cbg-5","title":{"rendered":"Huile de CBG 5%"},"content":{"rendered":"<p>Qu&#8217;est-ce que le CBG ? Le Cannabigerol ou CBG est un compos\u00e9 non psychoactif tr\u00e8s similaire au Cannabidiol (CBD), les deux font partie du m\u00eame groupe de cannabino\u00efdes et ont des qualit\u00e9s anti-inflammatoires, r\u00e9g\u00e9n\u00e9ratrices, antitumorales, antimicrobiennes, selon une \u00e9tude r\u00e9alis\u00e9e en 2018 par Navarro G, Varani K et Reyes-Resina I, o\u00f9 il est sugg\u00e9r\u00e9 qu&#8217;il poss\u00e8de des propri\u00e9t\u00e9s qui aident \u00e0 retarder la d\u00e9t\u00e9rioration cognitive et c\u00e9r\u00e9brale. Une autre \u00e9tude de 2020 de l&#8217;Universit\u00e9 McMaster sugg\u00e8re que le CBG augmente le taux de r\u00e9cup\u00e9ration des tissus dans le c\u00f4lon et r\u00e9duit l&#8217;inflammation. Comme sp\u00e9cifi\u00e9 dans ces \u00e9tudes, le CBG peut aider \u00e0 traiter les troubles de l&#8217;humeur, les troubles du sommeil, c&#8217;est un compos\u00e9 neuroprotecteur, il peut aider \u00e0 la r\u00e9cup\u00e9ration osseuse, il peut aider \u00e0 r\u00e9duire l&#8217;irritation des maladies de la peau en raison de ses propri\u00e9t\u00e9s antibact\u00e9riennes et a le potentiel d&#8217;\u00eatre un excellent analg\u00e9sique naturel entre autres propri\u00e9t\u00e9s.<\/p>\n<p>&nbsp;<\/p>\n<h2>CBG + CBD pour une huile de jour<\/h2>\n<p>Le CBG est un cannabino\u00efde qui peut beaucoup aider \u00e0 la sensation de soulagement et pas aussi relaxant qu&#8217;une huile de CBD pure qui est un cannabino\u00efde tr\u00e8s complet. Contenant du CBG, ce produit est une huile id\u00e9ale \u00e0 prendre pendant la journ\u00e9e, ce qui peut aider \u00e0 am\u00e9liorer la concentration et \u00e0 r\u00e9duire la douleur, sans un tel effet somnolent.<\/p>\n<p>Chez The Tree, nous accordons la plus haute importance \u00e0 la puret\u00e9 et \u00e0 la s\u00e9curit\u00e9, et pour cette raison nous n&#8217;utilisons comme mati\u00e8re premi\u00e8re que le meilleur chanvre cultiv\u00e9 en Europe de mani\u00e8re \u00e9cologique, exempt de pesticides, de produits chimiques nocifs et d&#8217;autres impuret\u00e9s, suivant les contr\u00f4les les plus rigoureux de qualit\u00e9 et avec des ingr\u00e9dients 100% v\u00e9g\u00e9taux. Nos produits CBG ne contiennent que des compos\u00e9s pr\u00e9cieux. Nous nous en assurons en utilisant des m\u00e9thodes s\u00fbres et responsables, de la graine au contenant, gr\u00e2ce \u00e0 des processus sophistiqu\u00e9s d&#8217;extraction et de purification au CO\u2082 et \u00e0 des tests ind\u00e9pendants de chaque bouteille.<\/p>\n<p>Notre huile Full Spectrum CBG 5% conserve tous les composants v\u00e9g\u00e9taux et est l\u00e9g\u00e8rement plus dense et opaque en couleur par rapport aux autres huiles. Alors que l&#8217;huile \u00e0 large spectre ne retient pas le THC de la plante ; Cette huile CBG \u00e0 spectre complet conserve le THC de la plante, bien que toujours inf\u00e9rieur \u00e0 0,2 %.<\/p>\n<p>&nbsp;<\/p>\n<p>L&#8217;huile de CBG \u00e0 5 %, comme son nom l&#8217;indique, a une concentration en CBG de 5 % du produit total. Ce rapport est consid\u00e9r\u00e9 comme plut\u00f4t faible, ce qui le rend id\u00e9al pour les personnes qui souhaitent commencer \u00e0 ressentir les effets relaxants du CBD.<\/p>\n<p>&nbsp;<\/p>\n<h2>Caract\u00e9ristiques de l&#8217;huile CBG 5%<\/h2>\n<p>Huile de graines de chanvre.<\/p>\n<p>5\u00a0% de CBG par goutte (2,5\u00a0mg par goutte).<\/p>\n<p>Flacon distributeur de 10 ml.<\/p>\n<p>Agriculture biologique, sans pesticides ni produits chimiques nocifs.<\/p>\n<p>Contient moins de 0,2 % de THC<\/p>\n<p>usage topique<\/p>\n<p>&nbsp;<\/p>\n<h2>Ingr\u00e9dients<\/h2>\n<p>Huile de graines de chanvre et extraction de chanvre au CO2.<\/p>\n<p>&nbsp;<\/p>\n<h2>Ar\u00f4me CBD<\/h2>\n<p>Les terp\u00e8nes peuvent \u00eatre trouv\u00e9s dans la plupart des huiles essentielles de nombreuses plantes, fleurs et fruits, ils sont charg\u00e9s de fournir l&#8217;odeur et la saveur. Dans le cannabis, nous pouvons trouver un large profil de terp\u00e8nes. parfum neutre<\/p>\n<p>&nbsp;<\/p>\n<h2>Emballage<\/h2>\n<p>L&#8217;huile de CBD \u00e0 5 % de The Tree est pr\u00e9sent\u00e9e dans une bo\u00eete sp\u00e9cialement con\u00e7ue pour prot\u00e9ger le contenu de la bouteille de la lumi\u00e8re et de la chaleur.<\/p>\n<h2>Format<\/h2>\n<p>L&#8217;huile de The Tree de CBG \u00e0 5% est livr\u00e9e dans un r\u00e9cipient en verre de 10 ml avec un distributeur.<\/p>\n<h2>Stockage<\/h2>\n<p>Id\u00e9alement, l&#8217;huile CBG \u00e0 5% de The Tree doit \u00eatre stock\u00e9e dans un endroit frais et sec, \u00e0 l&#8217;abri des odeurs l\u00e9g\u00e8res et fortes pour \u00e9viter tout type de contamination. \u00c9vitez la lumi\u00e8re directe du soleil et la chaleur.<\/p>\n<p>Attention : La dur\u00e9e de conservation indiqu\u00e9e est de deux ans si elle est conserv\u00e9e correctement.<\/p>\n<p>&nbsp;<\/p>\n<h2>C&#8217;est pour qui?<\/h2>\n<p>The Tree apporte sa nouvelle huile \u00e0 5 % de CBG \u00e0 toute personne de plus de 18 ans. Son ar\u00f4me unique donne envie m\u00eame aux plus sceptiques d&#8217;entrer dans ce nouveau monde du CBD.<\/p>\n<p>&nbsp;<\/p>\n<h2>Information sur la s\u00e9curit\u00e9<\/h2>\n<p>Veuillez noter que The Tree huile de CBG \u00e0 5% est un produit \u00e0 usage topique. Il ne doit pas \u00eatre utilis\u00e9 pendant la grossesse ou l&#8217;allaitement. Garder hors de la port\u00e9e des enfants.<\/p>\n<p>L&#8217;huile peut contenir une certaine quantit\u00e9 de THC. Bien s\u00fbr, cela est inf\u00e9rieur \u00e0 la limite europ\u00e9enne de 0,2 % de THC.<\/p>\n<p>Le contenu fourni est uniquement \u00e0 des fins d&#8217;information et de formation et ne se substitue en aucun cas \u00e0 l&#8217;avis m\u00e9dical d&#8217;un m\u00e9decin ou d&#8217;un pharmacien. Nos textes ne sont pas destin\u00e9s au diagnostic et au traitement ind\u00e9pendants des maladies.<\/p>\n<p>N&#8217;h\u00e9sitez pas \u00e0 nous contacter si vous avez d&#8217;autres questions.<\/p>\n","protected":false},"excerpt":{"rendered":"<p>Huile de graines de chanvre.<\/p>\n<p>5\u00a0% de CBG par goutte (2,5\u00a0mg par goutte).<\/p>\n<p>Flacon distributeur de 10 ml.<\/p>\n<p>Agriculture biologique, sans pesticides ni produits chimiques nocifs.<\/p>\n<p>Contient moins de 0,2 % de THC<\/p>\n<p>Usage topique<\/p>\n","protected":false},"featured_media":112433,"template":"","meta":{"_acf_changed":false},"product_brand":[],"class_list":{"0":"post-106267","1":"product","2":"type-product","3":"status-publish","4":"has-post-thumbnail","6":"product_cat-huiles-cbd","7":"product_cat-huiles-cbd-concentrees-5","8":"product_cat-huiles-cbg","9":"product_cat-cbd-concentrees-5","11":"first","12":"outofstock","13":"taxable","14":"shipping-taxable","15":"purchasable","16":"product-type-simple"},"acf":[],"yoast_head":"<!-- This site is optimized with the Yoast SEO plugin v26.3 - https:\/\/yoast.com\/wordpress\/plugins\/seo\/ -->\n<title>Huile CBG 5% | The Tree CBD<\/title>\n<meta name=\"description\" content=\"D\u00e9couvrez l&#039;huile 5% CBG. Agriculture biologique et sans pesticides ni produits chimiques. Essayez le cannabig\u00e9rol avec moins de 0,20 % de THC\" \/>\n<meta name=\"robots\" content=\"index, follow, max-snippet:-1, max-image-preview:large, max-video-preview:-1\" \/>\n<link rel=\"canonical\" href=\"https:\/\/thetreecbd.com\/fr\/cbd\/huile-cbg-5\" \/>\n<meta property=\"og:locale\" content=\"fr_FR\" \/>\n<meta property=\"og:type\" content=\"article\" \/>\n<meta property=\"og:title\" content=\"Huile CBG 5% | The Tree CBD\" \/>\n<meta property=\"og:description\" content=\"D\u00e9couvrez l&#039;huile 5% CBG. Agriculture biologique et sans pesticides ni produits chimiques. Essayez le cannabig\u00e9rol avec moins de 0,20 % de THC\" \/>\n<meta property=\"og:url\" content=\"https:\/\/thetreecbd.com\/fr\/cbd\/huile-cbg-5\" \/>\n<meta property=\"og:site_name\" content=\"The Tree CBD\" \/>\n<meta property=\"article:publisher\" content=\"https:\/\/www.facebook.com\/thetreeCBD\/\" \/>\n<meta property=\"article:modified_time\" content=\"2025-07-14T14:35:07+00:00\" \/>\n<meta property=\"og:image\" content=\"https:\/\/thetreecbd.com\/wp-content\/uploads\/2023\/02\/aceite-cbg-5.png\" \/>\n\t<meta property=\"og:image:width\" content=\"600\" \/>\n\t<meta property=\"og:image:height\" content=\"720\" \/>\n\t<meta property=\"og:image:type\" content=\"image\/png\" \/>\n<meta name=\"twitter:card\" content=\"summary_large_image\" \/>\n<meta name=\"twitter:site\" content=\"@TheTreeCBD_EU\" \/>\n<meta name=\"twitter:label1\" content=\"Dur\u00e9e de lecture estim\u00e9e\" \/>\n\t<meta name=\"twitter:data1\" content=\"4 minutes\" \/>\n<script type=\"application\/ld+json\" class=\"yoast-schema-graph\">{\"@context\":\"https:\/\/schema.org\",\"@graph\":[{\"@type\":[\"WebPage\",\"ItemPage\"],\"@id\":\"https:\/\/thetreecbd.com\/fr\/cbd\/huile-cbg-5\",\"url\":\"https:\/\/thetreecbd.com\/fr\/cbd\/huile-cbg-5\",\"name\":\"Huile CBG 5% | The Tree CBD\",\"isPartOf\":{\"@id\":\"https:\/\/thetreecbd.com\/fr#website\"},\"primaryImageOfPage\":{\"@id\":\"https:\/\/thetreecbd.com\/fr\/cbd\/huile-cbg-5#primaryimage\"},\"image\":{\"@id\":\"https:\/\/thetreecbd.com\/fr\/cbd\/huile-cbg-5#primaryimage\"},\"thumbnailUrl\":\"https:\/\/thetreecbd.com\/wp-content\/uploads\/2023\/02\/aceite-cbg-5.png\",\"datePublished\":\"2022-11-02T11:01:23+00:00\",\"dateModified\":\"2025-07-14T14:35:07+00:00\",\"description\":\"D\u00e9couvrez l'huile 5% CBG. Agriculture biologique et sans pesticides ni produits chimiques. Essayez le cannabig\u00e9rol avec moins de 0,20 % de THC\",\"breadcrumb\":{\"@id\":\"https:\/\/thetreecbd.com\/fr\/cbd\/huile-cbg-5#breadcrumb\"},\"inLanguage\":\"fr-FR\",\"potentialAction\":[{\"@type\":\"ReadAction\",\"target\":[\"https:\/\/thetreecbd.com\/fr\/cbd\/huile-cbg-5\"]}]},{\"@type\":\"ImageObject\",\"inLanguage\":\"fr-FR\",\"@id\":\"https:\/\/thetreecbd.com\/fr\/cbd\/huile-cbg-5#primaryimage\",\"url\":\"https:\/\/thetreecbd.com\/wp-content\/uploads\/2023\/02\/aceite-cbg-5.png\",\"contentUrl\":\"https:\/\/thetreecbd.com\/wp-content\/uploads\/2023\/02\/aceite-cbg-5.png\",\"width\":600,\"height\":720,\"caption\":\"aceite-cbg-5\"},{\"@type\":\"BreadcrumbList\",\"@id\":\"https:\/\/thetreecbd.com\/fr\/cbd\/huile-cbg-5#breadcrumb\",\"itemListElement\":[{\"@type\":\"ListItem\",\"position\":1,\"name\":\"The Tree\",\"item\":\"https:\/\/thetreecbd.com\/fr\"},{\"@type\":\"ListItem\",\"position\":2,\"name\":\"CBD\",\"item\":\"https:\/\/thetreecbd.com\/es\/cbd\"},{\"@type\":\"ListItem\",\"position\":3,\"name\":\"Huile de CBD\",\"item\":\"https:\/\/thetreecbd.com\/fr\/huiles-cbd\"},{\"@type\":\"ListItem\",\"position\":4,\"name\":\"Huile de CBG 5%\"}]},{\"@type\":\"WebSite\",\"@id\":\"https:\/\/thetreecbd.com\/fr#website\",\"url\":\"https:\/\/thetreecbd.com\/fr\",\"name\":\"The Tree CBD\",\"description\":\"Comprar CBD en Espa\u00f1a Online\",\"publisher\":{\"@id\":\"https:\/\/thetreecbd.com\/fr#organization\"},\"potentialAction\":[{\"@type\":\"SearchAction\",\"target\":{\"@type\":\"EntryPoint\",\"urlTemplate\":\"https:\/\/thetreecbd.com\/fr?s={search_term_string}\"},\"query-input\":{\"@type\":\"PropertyValueSpecification\",\"valueRequired\":true,\"valueName\":\"search_term_string\"}}],\"inLanguage\":\"fr-FR\"},{\"@type\":\"Organization\",\"@id\":\"https:\/\/thetreecbd.com\/fr#organization\",\"name\":\"The Tree CBD\",\"url\":\"https:\/\/thetreecbd.com\/fr\",\"logo\":{\"@type\":\"ImageObject\",\"inLanguage\":\"fr-FR\",\"@id\":\"https:\/\/thetreecbd.com\/fr#\/schema\/logo\/image\/\",\"url\":\"https:\/\/thetreecbd.com\/wp-content\/uploads\/2022\/04\/logo-thetree.png\",\"contentUrl\":\"https:\/\/thetreecbd.com\/wp-content\/uploads\/2022\/04\/logo-thetree.png\",\"width\":172,\"height\":55,\"caption\":\"The Tree CBD\"},\"image\":{\"@id\":\"https:\/\/thetreecbd.com\/fr#\/schema\/logo\/image\/\"},\"sameAs\":[\"https:\/\/www.facebook.com\/thetreeCBD\/\",\"https:\/\/x.com\/TheTreeCBD_EU\",\"https:\/\/www.instagram.com\/thetree.cbd\/\",\"https:\/\/es.trustpilot.com\/review\/thetreecbd.com\"]}]}<\/script>\n<!-- \/ Yoast SEO plugin. -->","yoast_head_json":{"title":"Huile CBG 5% | The Tree CBD","description":"D\u00e9couvrez l'huile 5% CBG. Agriculture biologique et sans pesticides ni produits chimiques. Essayez le cannabig\u00e9rol avec moins de 0,20 % de THC","robots":{"index":"index","follow":"follow","max-snippet":"max-snippet:-1","max-image-preview":"max-image-preview:large","max-video-preview":"max-video-preview:-1"},"canonical":"https:\/\/thetreecbd.com\/fr\/cbd\/huile-cbg-5","og_locale":"fr_FR","og_type":"article","og_title":"Huile CBG 5% | The Tree CBD","og_description":"D\u00e9couvrez l'huile 5% CBG. Agriculture biologique et sans pesticides ni produits chimiques. Essayez le cannabig\u00e9rol avec moins de 0,20 % de THC","og_url":"https:\/\/thetreecbd.com\/fr\/cbd\/huile-cbg-5","og_site_name":"The Tree CBD","article_publisher":"https:\/\/www.facebook.com\/thetreeCBD\/","article_modified_time":"2025-07-14T14:35:07+00:00","og_image":[{"width":600,"height":720,"url":"https:\/\/thetreecbd.com\/wp-content\/uploads\/2023\/02\/aceite-cbg-5.png","type":"image\/png"}],"twitter_card":"summary_large_image","twitter_site":"@TheTreeCBD_EU","twitter_misc":{"Dur\u00e9e de lecture estim\u00e9e":"4 minutes"},"schema":{"@context":"https:\/\/schema.org","@graph":[{"@type":["WebPage","ItemPage"],"@id":"https:\/\/thetreecbd.com\/fr\/cbd\/huile-cbg-5","url":"https:\/\/thetreecbd.com\/fr\/cbd\/huile-cbg-5","name":"Huile CBG 5% | The Tree CBD","isPartOf":{"@id":"https:\/\/thetreecbd.com\/fr#website"},"primaryImageOfPage":{"@id":"https:\/\/thetreecbd.com\/fr\/cbd\/huile-cbg-5#primaryimage"},"image":{"@id":"https:\/\/thetreecbd.com\/fr\/cbd\/huile-cbg-5#primaryimage"},"thumbnailUrl":"https:\/\/thetreecbd.com\/wp-content\/uploads\/2023\/02\/aceite-cbg-5.png","datePublished":"2022-11-02T11:01:23+00:00","dateModified":"2025-07-14T14:35:07+00:00","description":"D\u00e9couvrez l'huile 5% CBG. Agriculture biologique et sans pesticides ni produits chimiques. Essayez le cannabig\u00e9rol avec moins de 0,20 % de THC","breadcrumb":{"@id":"https:\/\/thetreecbd.com\/fr\/cbd\/huile-cbg-5#breadcrumb"},"inLanguage":"fr-FR","potentialAction":[{"@type":"ReadAction","target":["https:\/\/thetreecbd.com\/fr\/cbd\/huile-cbg-5"]}]},{"@type":"ImageObject","inLanguage":"fr-FR","@id":"https:\/\/thetreecbd.com\/fr\/cbd\/huile-cbg-5#primaryimage","url":"https:\/\/thetreecbd.com\/wp-content\/uploads\/2023\/02\/aceite-cbg-5.png","contentUrl":"https:\/\/thetreecbd.com\/wp-content\/uploads\/2023\/02\/aceite-cbg-5.png","width":600,"height":720,"caption":"aceite-cbg-5"},{"@type":"BreadcrumbList","@id":"https:\/\/thetreecbd.com\/fr\/cbd\/huile-cbg-5#breadcrumb","itemListElement":[{"@type":"ListItem","position":1,"name":"The Tree","item":"https:\/\/thetreecbd.com\/fr"},{"@type":"ListItem","position":2,"name":"CBD","item":"https:\/\/thetreecbd.com\/es\/cbd"},{"@type":"ListItem","position":3,"name":"Huile de CBD","item":"https:\/\/thetreecbd.com\/fr\/huiles-cbd"},{"@type":"ListItem","position":4,"name":"Huile de CBG 5%"}]},{"@type":"WebSite","@id":"https:\/\/thetreecbd.com\/fr#website","url":"https:\/\/thetreecbd.com\/fr","name":"The Tree CBD","description":"Comprar CBD en Espa\u00f1a Online","publisher":{"@id":"https:\/\/thetreecbd.com\/fr#organization"},"potentialAction":[{"@type":"SearchAction","target":{"@type":"EntryPoint","urlTemplate":"https:\/\/thetreecbd.com\/fr?s={search_term_string}"},"query-input":{"@type":"PropertyValueSpecification","valueRequired":true,"valueName":"search_term_string"}}],"inLanguage":"fr-FR"},{"@type":"Organization","@id":"https:\/\/thetreecbd.com\/fr#organization","name":"The Tree CBD","url":"https:\/\/thetreecbd.com\/fr","logo":{"@type":"ImageObject","inLanguage":"fr-FR","@id":"https:\/\/thetreecbd.com\/fr#\/schema\/logo\/image\/","url":"https:\/\/thetreecbd.com\/wp-content\/uploads\/2022\/04\/logo-thetree.png","contentUrl":"https:\/\/thetreecbd.com\/wp-content\/uploads\/2022\/04\/logo-thetree.png","width":172,"height":55,"caption":"The Tree CBD"},"image":{"@id":"https:\/\/thetreecbd.com\/fr#\/schema\/logo\/image\/"},"sameAs":["https:\/\/www.facebook.com\/thetreeCBD\/","https:\/\/x.com\/TheTreeCBD_EU","https:\/\/www.instagram.com\/thetree.cbd\/","https:\/\/es.trustpilot.com\/review\/thetreecbd.com"]}]}},"_links":{"self":[{"href":"https:\/\/thetreecbd.com\/fr\/wp-json\/wp\/v2\/product\/106267","targetHints":{"allow":["GET"]}}],"collection":[{"href":"https:\/\/thetreecbd.com\/fr\/wp-json\/wp\/v2\/product"}],"about":[{"href":"https:\/\/thetreecbd.com\/fr\/wp-json\/wp\/v2\/types\/product"}],"version-history":[{"count":0,"href":"https:\/\/thetreecbd.com\/fr\/wp-json\/wp\/v2\/product\/106267\/revisions"}],"wp:featuredmedia":[{"embeddable":true,"href":"https:\/\/thetreecbd.com\/fr\/wp-json\/wp\/v2\/media\/112433"}],"wp:attachment":[{"href":"https:\/\/thetreecbd.com\/fr\/wp-json\/wp\/v2\/media?parent=106267"}],"wp:term":[{"taxonomy":"product_brand","embeddable":true,"href":"https:\/\/thetreecbd.com\/fr\/wp-json\/wp\/v2\/product_brand?post=106267"}],"curies":[{"name":"wp","href":"https:\/\/api.w.org\/{rel}","templated":true}]}}