{"id":107158,"date":"2022-11-02T17:53:22","date_gmt":"2022-11-02T16:53:22","guid":{"rendered":"https:\/\/thetreecbd.com\/cbd\/huile-de-cbg-20"},"modified":"2025-07-14T15:50:50","modified_gmt":"2025-07-14T13:50:50","slug":"huile-de-cbg-20","status":"publish","type":"product","link":"https:\/\/thetreecbd.com\/fr\/cbd\/huile-de-cbg-20","title":{"rendered":"Huile de CBG 20%"},"content":{"rendered":"<p><span style=\"font-weight: 400;\">Le CBG ou Cannabigerol ou l&#8217;huile de CBG est un compos\u00e9 non psychoactif tr\u00e8s similaire au Cannabidiol (CBD). Le CBG a diverses propri\u00e9t\u00e9s telles que anti-inflammatoire, r\u00e9g\u00e9n\u00e9ratrice, antitumorale et anti microbienne selon des \u00e9tudes de 2018 et 2020.<\/span><\/p>\n<p><span style=\"font-weight: 400;\">Le CBG a des propri\u00e9t\u00e9s qui peuvent aider \u00e0 retarder le d\u00e9clin cognitif et c\u00e9r\u00e9bral, selon une \u00e9tude de 2018, et selon des \u00e9tudes de 2020, le CBG augmente le taux de r\u00e9cup\u00e9ration des tissus dans le c\u00f4lon et r\u00e9duit l&#8217;inflammation. Le CBG peut aider \u00e0 traiter les troubles de l&#8217;humeur et du sommeil, peut aider \u00e0 la r\u00e9cup\u00e9ration osseuse, \u00e0 r\u00e9duire l&#8217;irritation caus\u00e9e par les maladies de la peau en raison de ses propri\u00e9t\u00e9s antibact\u00e9riennes, et sert d&#8217;analg\u00e9sique naturel, entre autres propri\u00e9t\u00e9s. Le CBD et le CBG font partie du m\u00eame groupe de cannabino\u00efdes.<\/span><\/p>\n<h2><b>CBG + CBD: une huile id\u00e9ale pendant la journ\u00e9e<\/b><\/h2>\n<p><span style=\"font-weight: 400;\">Chaque cannabino\u00efde est diff\u00e9rent et chaque cannabino\u00efde a des propri\u00e9t\u00e9s diff\u00e9rentes. D&#8217;une part, le CBD est un cannabino\u00efde tr\u00e8s complet qui peut nous aider dans de nombreux aspects, tels que les probl\u00e8mes li\u00e9s \u00e0 la peau, \u00e0 la sant\u00e9, \u00e0 la concentration, au sommeil, \u00e0 l&#8217;humeur ou au soulagement. Au lieu de cela, le CBG a des propri\u00e9t\u00e9s sp\u00e9cifiques qui aident davantage \u00e0 r\u00e9soudre les probl\u00e8mes de soulagement.<\/span><\/p>\n<p><span style=\"font-weight: 400;\">En combinant les deux, CBD plus CBG, nous obtenons une huile optimale pour une utilisation pendant la journ\u00e9e, qui peut nous aider avec des probl\u00e8mes de douleur, de concentration et\/ou d&#8217;humeur, sans un effet aussi relaxant qu&#8217; une huile de CBD pur ou combin\u00e9 avec un autre type de cannabino\u00efdes.<\/span><\/p>\n<h2>Toujours la qualit\u00e9<\/h2>\n<p><span style=\"font-weight: 400;\">Chez The Tree, nous attachons la plus haute importance \u00e0 la puret\u00e9 et \u00e0 la s\u00e9curit\u00e9, et pour cette raison, nous n&#8217;utilisons comme mati\u00e8re premi\u00e8re que le meilleur chanvre issu de l&#8217;agriculture biologique en Europe, exempt de pesticides, de produits chimiques nocifs et d&#8217;autres impuret\u00e9s, suivant les contr\u00f4les de qualit\u00e9 les plus rigoureux, et avec des ingr\u00e9dients 100% v\u00e9g\u00e9taux Nous utilisons des m\u00e9thodes s\u00fbres et responsables de la graine au contenant gr\u00e2ce \u00e0 des proc\u00e9d\u00e9s sophistiqu\u00e9s d&#8217;extraction et de purification au CO\u2082 et \u00e0 des tests ind\u00e9pendants de chaque bouteille. Nos produits CBG ne contiennent que des compos\u00e9s pr\u00e9cieux<\/span><\/p>\n<p><span style=\"font-weight: 400;\">Notre huile Full Spectrum 20% CBG est un compos\u00e9 qui pr\u00e9serve tous les composants de la plante et est l\u00e9g\u00e8rement plus terne en couleur par rapport aux autres huiles. Alors que l&#8217;huile \u00e0 large spectre ne pr\u00e9serve pas le THC de la plante, l&#8217;huile CBG \u00e0 spectre complet le fait, bien que toujours en dessous de 0,2%.<\/span><\/p>\n<p><span style=\"font-weight: 400;\">Les huiles CBG \u00e0 une concentration de 20% sont tr\u00e8s puissantes, car le pourcentage de CBG qu&#8217;elles contiennent est assez \u00e9lev\u00e9. Elles sont id\u00e9ales pour ceux qui recherchent un effet intense ou qui ont beaucoup d&#8217;exp\u00e9rience dans l&#8217;utilisation de ce cannabino\u00efde.<\/span><\/p>\n<h2><b>Caract\u00e9ristiques de l&#8217;Huile CBG 20%<\/b><\/h2>\n<p><span style=\"font-weight: 400;\">Huile de graines de chanvre.<\/span><\/p>\n<p><span style=\"font-weight: 400;\">20% de CBG par goutte (10 mg par goutte).<\/span><\/p>\n<p><span style=\"font-weight: 400;\">R\u00e9cipient doseur de 10 ml.<\/span><\/p>\n<p><span style=\"font-weight: 400;\">Agriculture biologique, sans pesticides ni produits chimiques nocifs.<\/span><\/p>\n<p><span style=\"font-weight: 400;\">Contient moins de 0,2% de THC.<\/span><\/p>\n<p><span style=\"font-weight: 400;\">Usage topique.<\/span><\/p>\n<p>&nbsp;<\/p>\n<h2><b>Ingr\u00e9dients<\/b><\/h2>\n<p><span style=\"font-weight: 400;\">Huile de graines de chanvre et extraction de chanvre au CO2.<\/span><\/p>\n<p>&nbsp;<\/p>\n<h2><b>Ar\u00f4me CBD<\/b><\/h2>\n<p><span style=\"font-weight: 400;\">Les terp\u00e8nes peuvent \u00eatre trouv\u00e9s dans la plupart des huiles essentielles de nombreuses plantes, fleurs et fruits, ils sont charg\u00e9s de fournir l&#8217;odeur et la saveur. Dans le cannabis, nous pouvons trouver un large profil de terp\u00e8nes. Parfum neutre.<\/span><\/p>\n<p>&nbsp;<\/p>\n<h2><b>Emballage<\/b><\/h2>\n<p><span style=\"font-weight: 400;\">Cette huile de cbd \u00e0 20% est livr\u00e9e dans une bo\u00eete sp\u00e9cialement con\u00e7ue pour prot\u00e9ger le contenu de la bouteille de la lumi\u00e8re et de la chaleur.<\/span><\/p>\n<p>&nbsp;<\/p>\n<h2><b>Format<\/b><\/h2>\n<p><span style=\"font-weight: 400;\">L&#8217;\u00a0huile de cbd \u00e0 20% de The Tree CBD se pr\u00e9sente dans un r\u00e9cipient en verre de 10 ml avec un distributeur.<\/span><\/p>\n<p>&nbsp;<\/p>\n<h2><b>Stockage<\/b><\/h2>\n<p><span style=\"font-weight: 400;\">Id\u00e9alement, L&#8217;huile de cbd \u00e0 20% de The Tree CBD doit \u00eatre conserv\u00e9e dans un endroit frais et sec, \u00e0 l&#8217;abri des odeurs l\u00e9g\u00e8res et fortes pour \u00e9viter tout type de contamination. \u00c9vitez la lumi\u00e8re directe du soleil et la chaleur.<\/span><\/p>\n<p><span style=\"font-weight: 400;\">Attention : la dur\u00e9e de conservation indiqu\u00e9e est de deux ans si stock\u00e9 correctement.<\/span><\/p>\n<p>&nbsp;<\/p>\n<h2><b>C&#8217;est pour qui?<\/b><\/h2>\n<p><span style=\"font-weight: 400;\">Cette huile de cbd \u00e0 20% est destin\u00e9e \u00e0 \u00eatre utilis\u00e9e par toute personne de plus de 18 ans. Son ar\u00f4me unique donne envie \u00e0 de nombreuses nouvelles personnes d&#8217;entrer dans le monde du CBD.<\/span><\/p>\n<p>&nbsp;<\/p>\n<h2><b>Information sur la s\u00e9curit\u00e9<\/b><\/h2>\n<p><span style=\"font-weight: 400;\">L&#8217;huile de cbd \u00e0 20% de The Tree CBD est un produit \u00e0 usage topique. Il ne doit pas \u00eatre utilis\u00e9 pendant la grossesse ou l&#8217;allaitement. Garder hors de la port\u00e9e des enfants.<\/span><\/p>\n<p><span style=\"font-weight: 400;\">L&#8217;huile peut contenir une certaine quantit\u00e9 de THC. Mais toujours en dessous de la limite europ\u00e9enne de 0,2% de THC.<\/span><\/p>\n<p><span style=\"font-weight: 400;\">Le contenu fourni sur cette page est uniquement \u00e0 des fins d&#8217;information et de formation et ne remplace en aucun cas l&#8217;avis m\u00e9dical d&#8217;un m\u00e9decin ou d&#8217;un pharmacien. Nos textes ne sont pas destin\u00e9s au diagnostic et au traitement ind\u00e9pendants des maladies.<\/span><\/p>\n<p><span style=\"font-weight: 400;\">N&#8217;h\u00e9sitez pas \u00e0 nous contacter si vous avez d&#8217;autres questions.<\/span><\/p>\n","protected":false},"excerpt":{"rendered":"<p><span style=\"font-weight: 400;\">Huile de graines de chanvre.<\/span><\/p>\n<p><span style=\"font-weight: 400;\">20 % de CBG par goutte (5 mg par goutte).<\/span><\/p>\n<p><span style=\"font-weight: 400;\">R\u00e9cipient doseur de 10 ml.<\/span><\/p>\n<p><span style=\"font-weight: 400;\">Agriculture biologique, sans pesticides ni produits chimiques nocifs.<\/span><\/p>\n<p><span style=\"font-weight: 400;\">Contient moins de 0,2 % de THC.<\/span><\/p>\n<p><span style=\"font-weight: 400;\">Usage topique.<\/span><\/p>\n","protected":false},"featured_media":178351,"template":"","meta":{"_acf_changed":false},"product_brand":[],"class_list":{"0":"post-107158","1":"product","2":"type-product","3":"status-publish","4":"has-post-thumbnail","6":"product_cat-huiles-cbd","7":"product_cat-huiles-cbd-concentrees-20","8":"product_cat-huiles-cbg","9":"product_cat-cbd-concentrees-10","10":"product_cat-cbd-inflammations","12":"first","13":"outofstock","14":"taxable","15":"shipping-taxable","16":"purchasable","17":"product-type-simple"},"acf":[],"yoast_head":"<!-- This site is optimized with the Yoast SEO plugin v26.3 - https:\/\/yoast.com\/wordpress\/plugins\/seo\/ -->\n<title>Huile de CBG 20% | The Tree CBD<\/title>\n<meta name=\"description\" content=\"Essayez l&#039;huile de CBG \u00e0 20% avec moins de 0,20% de THC. Culture biologique et sans pesticides ni produits chimiques. Le meilleur cannabig\u00e9rol de The Tree CBD.\" \/>\n<meta name=\"robots\" content=\"index, follow, max-snippet:-1, max-image-preview:large, max-video-preview:-1\" \/>\n<link rel=\"canonical\" href=\"https:\/\/thetreecbd.com\/fr\/cbd\/huile-de-cbg-20\" \/>\n<meta property=\"og:locale\" content=\"fr_FR\" \/>\n<meta property=\"og:type\" content=\"article\" \/>\n<meta property=\"og:title\" content=\"Huile de CBG 20% | The Tree CBD\" \/>\n<meta property=\"og:description\" content=\"Essayez l&#039;huile de CBG \u00e0 20% avec moins de 0,20% de THC. Culture biologique et sans pesticides ni produits chimiques. Le meilleur cannabig\u00e9rol de The Tree CBD.\" \/>\n<meta property=\"og:url\" content=\"https:\/\/thetreecbd.com\/fr\/cbd\/huile-de-cbg-20\" \/>\n<meta property=\"og:site_name\" content=\"The Tree CBD\" \/>\n<meta property=\"article:publisher\" content=\"https:\/\/www.facebook.com\/thetreeCBD\/\" \/>\n<meta property=\"article:modified_time\" content=\"2025-07-14T13:50:50+00:00\" \/>\n<meta property=\"og:image\" content=\"https:\/\/thetreecbd.com\/wp-content\/uploads\/2021\/03\/full-spec-20-thetree.jpg\" \/>\n\t<meta property=\"og:image:width\" content=\"1080\" \/>\n\t<meta property=\"og:image:height\" content=\"1350\" \/>\n\t<meta property=\"og:image:type\" content=\"image\/jpeg\" \/>\n<meta name=\"twitter:card\" content=\"summary_large_image\" \/>\n<meta name=\"twitter:site\" content=\"@TheTreeCBD_EU\" \/>\n<meta name=\"twitter:label1\" content=\"Dur\u00e9e de lecture estim\u00e9e\" \/>\n\t<meta name=\"twitter:data1\" content=\"4 minutes\" \/>\n<script type=\"application\/ld+json\" class=\"yoast-schema-graph\">{\"@context\":\"https:\/\/schema.org\",\"@graph\":[{\"@type\":[\"WebPage\",\"ItemPage\"],\"@id\":\"https:\/\/thetreecbd.com\/fr\/cbd\/huile-de-cbg-20\",\"url\":\"https:\/\/thetreecbd.com\/fr\/cbd\/huile-de-cbg-20\",\"name\":\"Huile de CBG 20% | The Tree CBD\",\"isPartOf\":{\"@id\":\"https:\/\/thetreecbd.com\/fr#website\"},\"primaryImageOfPage\":{\"@id\":\"https:\/\/thetreecbd.com\/fr\/cbd\/huile-de-cbg-20#primaryimage\"},\"image\":{\"@id\":\"https:\/\/thetreecbd.com\/fr\/cbd\/huile-de-cbg-20#primaryimage\"},\"thumbnailUrl\":\"https:\/\/thetreecbd.com\/wp-content\/uploads\/2021\/03\/full-spec-20-thetree.jpg\",\"datePublished\":\"2022-11-02T16:53:22+00:00\",\"dateModified\":\"2025-07-14T13:50:50+00:00\",\"description\":\"Essayez l'huile de CBG \u00e0 20% avec moins de 0,20% de THC. Culture biologique et sans pesticides ni produits chimiques. Le meilleur cannabig\u00e9rol de The Tree CBD.\",\"breadcrumb\":{\"@id\":\"https:\/\/thetreecbd.com\/fr\/cbd\/huile-de-cbg-20#breadcrumb\"},\"inLanguage\":\"fr-FR\",\"potentialAction\":[{\"@type\":\"ReadAction\",\"target\":[\"https:\/\/thetreecbd.com\/fr\/cbd\/huile-de-cbg-20\"]}]},{\"@type\":\"ImageObject\",\"inLanguage\":\"fr-FR\",\"@id\":\"https:\/\/thetreecbd.com\/fr\/cbd\/huile-de-cbg-20#primaryimage\",\"url\":\"https:\/\/thetreecbd.com\/wp-content\/uploads\/2021\/03\/full-spec-20-thetree.jpg\",\"contentUrl\":\"https:\/\/thetreecbd.com\/wp-content\/uploads\/2021\/03\/full-spec-20-thetree.jpg\",\"width\":1080,\"height\":1350},{\"@type\":\"BreadcrumbList\",\"@id\":\"https:\/\/thetreecbd.com\/fr\/cbd\/huile-de-cbg-20#breadcrumb\",\"itemListElement\":[{\"@type\":\"ListItem\",\"position\":1,\"name\":\"The Tree\",\"item\":\"https:\/\/thetreecbd.com\/fr\"},{\"@type\":\"ListItem\",\"position\":2,\"name\":\"CBD\",\"item\":\"https:\/\/thetreecbd.com\/es\/cbd\"},{\"@type\":\"ListItem\",\"position\":3,\"name\":\"Huile de CBD\",\"item\":\"https:\/\/thetreecbd.com\/fr\/huiles-cbd\"},{\"@type\":\"ListItem\",\"position\":4,\"name\":\"Huiles de CBD concentr\u00e9es \u00e0 20%\",\"item\":\"https:\/\/thetreecbd.com\/fr\/huiles-cbd\/huiles-cbd-concentrees-20\"},{\"@type\":\"ListItem\",\"position\":5,\"name\":\"Huile de CBG 20%\"}]},{\"@type\":\"WebSite\",\"@id\":\"https:\/\/thetreecbd.com\/fr#website\",\"url\":\"https:\/\/thetreecbd.com\/fr\",\"name\":\"The Tree CBD\",\"description\":\"Comprar CBD en Espa\u00f1a Online\",\"publisher\":{\"@id\":\"https:\/\/thetreecbd.com\/fr#organization\"},\"potentialAction\":[{\"@type\":\"SearchAction\",\"target\":{\"@type\":\"EntryPoint\",\"urlTemplate\":\"https:\/\/thetreecbd.com\/fr?s={search_term_string}\"},\"query-input\":{\"@type\":\"PropertyValueSpecification\",\"valueRequired\":true,\"valueName\":\"search_term_string\"}}],\"inLanguage\":\"fr-FR\"},{\"@type\":\"Organization\",\"@id\":\"https:\/\/thetreecbd.com\/fr#organization\",\"name\":\"The Tree CBD\",\"url\":\"https:\/\/thetreecbd.com\/fr\",\"logo\":{\"@type\":\"ImageObject\",\"inLanguage\":\"fr-FR\",\"@id\":\"https:\/\/thetreecbd.com\/fr#\/schema\/logo\/image\/\",\"url\":\"https:\/\/thetreecbd.com\/wp-content\/uploads\/2022\/04\/logo-thetree.png\",\"contentUrl\":\"https:\/\/thetreecbd.com\/wp-content\/uploads\/2022\/04\/logo-thetree.png\",\"width\":172,\"height\":55,\"caption\":\"The Tree CBD\"},\"image\":{\"@id\":\"https:\/\/thetreecbd.com\/fr#\/schema\/logo\/image\/\"},\"sameAs\":[\"https:\/\/www.facebook.com\/thetreeCBD\/\",\"https:\/\/x.com\/TheTreeCBD_EU\",\"https:\/\/www.instagram.com\/thetree.cbd\/\",\"https:\/\/es.trustpilot.com\/review\/thetreecbd.com\"]}]}<\/script>\n<!-- \/ Yoast SEO plugin. -->","yoast_head_json":{"title":"Huile de CBG 20% | The Tree CBD","description":"Essayez l'huile de CBG \u00e0 20% avec moins de 0,20% de THC. Culture biologique et sans pesticides ni produits chimiques. Le meilleur cannabig\u00e9rol de The Tree CBD.","robots":{"index":"index","follow":"follow","max-snippet":"max-snippet:-1","max-image-preview":"max-image-preview:large","max-video-preview":"max-video-preview:-1"},"canonical":"https:\/\/thetreecbd.com\/fr\/cbd\/huile-de-cbg-20","og_locale":"fr_FR","og_type":"article","og_title":"Huile de CBG 20% | The Tree CBD","og_description":"Essayez l'huile de CBG \u00e0 20% avec moins de 0,20% de THC. Culture biologique et sans pesticides ni produits chimiques. Le meilleur cannabig\u00e9rol de The Tree CBD.","og_url":"https:\/\/thetreecbd.com\/fr\/cbd\/huile-de-cbg-20","og_site_name":"The Tree CBD","article_publisher":"https:\/\/www.facebook.com\/thetreeCBD\/","article_modified_time":"2025-07-14T13:50:50+00:00","og_image":[{"width":1080,"height":1350,"url":"https:\/\/thetreecbd.com\/wp-content\/uploads\/2021\/03\/full-spec-20-thetree.jpg","type":"image\/jpeg"}],"twitter_card":"summary_large_image","twitter_site":"@TheTreeCBD_EU","twitter_misc":{"Dur\u00e9e de lecture estim\u00e9e":"4 minutes"},"schema":{"@context":"https:\/\/schema.org","@graph":[{"@type":["WebPage","ItemPage"],"@id":"https:\/\/thetreecbd.com\/fr\/cbd\/huile-de-cbg-20","url":"https:\/\/thetreecbd.com\/fr\/cbd\/huile-de-cbg-20","name":"Huile de CBG 20% | The Tree CBD","isPartOf":{"@id":"https:\/\/thetreecbd.com\/fr#website"},"primaryImageOfPage":{"@id":"https:\/\/thetreecbd.com\/fr\/cbd\/huile-de-cbg-20#primaryimage"},"image":{"@id":"https:\/\/thetreecbd.com\/fr\/cbd\/huile-de-cbg-20#primaryimage"},"thumbnailUrl":"https:\/\/thetreecbd.com\/wp-content\/uploads\/2021\/03\/full-spec-20-thetree.jpg","datePublished":"2022-11-02T16:53:22+00:00","dateModified":"2025-07-14T13:50:50+00:00","description":"Essayez l'huile de CBG \u00e0 20% avec moins de 0,20% de THC. Culture biologique et sans pesticides ni produits chimiques. Le meilleur cannabig\u00e9rol de The Tree CBD.","breadcrumb":{"@id":"https:\/\/thetreecbd.com\/fr\/cbd\/huile-de-cbg-20#breadcrumb"},"inLanguage":"fr-FR","potentialAction":[{"@type":"ReadAction","target":["https:\/\/thetreecbd.com\/fr\/cbd\/huile-de-cbg-20"]}]},{"@type":"ImageObject","inLanguage":"fr-FR","@id":"https:\/\/thetreecbd.com\/fr\/cbd\/huile-de-cbg-20#primaryimage","url":"https:\/\/thetreecbd.com\/wp-content\/uploads\/2021\/03\/full-spec-20-thetree.jpg","contentUrl":"https:\/\/thetreecbd.com\/wp-content\/uploads\/2021\/03\/full-spec-20-thetree.jpg","width":1080,"height":1350},{"@type":"BreadcrumbList","@id":"https:\/\/thetreecbd.com\/fr\/cbd\/huile-de-cbg-20#breadcrumb","itemListElement":[{"@type":"ListItem","position":1,"name":"The Tree","item":"https:\/\/thetreecbd.com\/fr"},{"@type":"ListItem","position":2,"name":"CBD","item":"https:\/\/thetreecbd.com\/es\/cbd"},{"@type":"ListItem","position":3,"name":"Huile de CBD","item":"https:\/\/thetreecbd.com\/fr\/huiles-cbd"},{"@type":"ListItem","position":4,"name":"Huiles de CBD concentr\u00e9es \u00e0 20%","item":"https:\/\/thetreecbd.com\/fr\/huiles-cbd\/huiles-cbd-concentrees-20"},{"@type":"ListItem","position":5,"name":"Huile de CBG 20%"}]},{"@type":"WebSite","@id":"https:\/\/thetreecbd.com\/fr#website","url":"https:\/\/thetreecbd.com\/fr","name":"The Tree CBD","description":"Comprar CBD en Espa\u00f1a Online","publisher":{"@id":"https:\/\/thetreecbd.com\/fr#organization"},"potentialAction":[{"@type":"SearchAction","target":{"@type":"EntryPoint","urlTemplate":"https:\/\/thetreecbd.com\/fr?s={search_term_string}"},"query-input":{"@type":"PropertyValueSpecification","valueRequired":true,"valueName":"search_term_string"}}],"inLanguage":"fr-FR"},{"@type":"Organization","@id":"https:\/\/thetreecbd.com\/fr#organization","name":"The Tree CBD","url":"https:\/\/thetreecbd.com\/fr","logo":{"@type":"ImageObject","inLanguage":"fr-FR","@id":"https:\/\/thetreecbd.com\/fr#\/schema\/logo\/image\/","url":"https:\/\/thetreecbd.com\/wp-content\/uploads\/2022\/04\/logo-thetree.png","contentUrl":"https:\/\/thetreecbd.com\/wp-content\/uploads\/2022\/04\/logo-thetree.png","width":172,"height":55,"caption":"The Tree CBD"},"image":{"@id":"https:\/\/thetreecbd.com\/fr#\/schema\/logo\/image\/"},"sameAs":["https:\/\/www.facebook.com\/thetreeCBD\/","https:\/\/x.com\/TheTreeCBD_EU","https:\/\/www.instagram.com\/thetree.cbd\/","https:\/\/es.trustpilot.com\/review\/thetreecbd.com"]}]}},"_links":{"self":[{"href":"https:\/\/thetreecbd.com\/fr\/wp-json\/wp\/v2\/product\/107158","targetHints":{"allow":["GET"]}}],"collection":[{"href":"https:\/\/thetreecbd.com\/fr\/wp-json\/wp\/v2\/product"}],"about":[{"href":"https:\/\/thetreecbd.com\/fr\/wp-json\/wp\/v2\/types\/product"}],"version-history":[{"count":0,"href":"https:\/\/thetreecbd.com\/fr\/wp-json\/wp\/v2\/product\/107158\/revisions"}],"wp:featuredmedia":[{"embeddable":true,"href":"https:\/\/thetreecbd.com\/fr\/wp-json\/wp\/v2\/media\/178351"}],"wp:attachment":[{"href":"https:\/\/thetreecbd.com\/fr\/wp-json\/wp\/v2\/media?parent=107158"}],"wp:term":[{"taxonomy":"product_brand","embeddable":true,"href":"https:\/\/thetreecbd.com\/fr\/wp-json\/wp\/v2\/product_brand?post=107158"}],"curies":[{"name":"wp","href":"https:\/\/api.w.org\/{rel}","templated":true}]}}