{"id":107177,"date":"2022-11-02T17:33:03","date_gmt":"2022-11-02T16:33:03","guid":{"rendered":"https:\/\/thetreecbd.com\/cbd\/huile-de-cbg-10"},"modified":"2025-07-14T16:09:22","modified_gmt":"2025-07-14T14:09:22","slug":"huile-de-cbg-10","status":"publish","type":"product","link":"https:\/\/thetreecbd.com\/fr\/cbd\/huile-de-cbg-10","title":{"rendered":"Huile de CBG 10%"},"content":{"rendered":"<p><span style=\"font-weight: 400;\">Qu&#8217;est-ce que le CBG? Le cannabigerol ou CBG est un compos\u00e9 non psychoactif qui fait partie du m\u00eame groupe de cannabino\u00efdes que le cannabidiol (CBD) et poss\u00e8de des qualit\u00e9s anti-inflammatoires, r\u00e9g\u00e9n\u00e9ratives, antitumorales et antimicrobiennes, entre autres.<\/span><\/p>\n<p><span style=\"font-weight: 400;\">Selon une \u00e9tude de 2018, les propri\u00e9t\u00e9s du CBG peuvent aider \u00e0 retarder la d\u00e9t\u00e9rioration cognitive et c\u00e9r\u00e9brale. En 2020, une autre \u00e9tude est sortie, selon laquelle on sait qu&#8217;elle augmente le taux de r\u00e9cup\u00e9ration des tissus dans le c\u00f4lon et r\u00e9duit l&#8217;inflammation. Le CBG peut aider \u00e0 traiter des probl\u00e8mes de l&#8217;humeur et du sommeil, la r\u00e9cup\u00e9ration osseuse, c&#8217;est un analg\u00e9sique naturel, et aide \u00e0 r\u00e9duire l&#8217;irritation caus\u00e9e par les maladies de la peau gr\u00e2ce \u00e0 ses propri\u00e9t\u00e9s antibact\u00e9riennes.<\/span><\/p>\n<p>&nbsp;<\/p>\n<h2><b>CBG + CBD: une huile id\u00e9ale pendant la journ\u00e9e<\/b><\/h2>\n<p><span style=\"font-weight: 400;\">Alors que le CBD est un cannabino\u00efde tr\u00e8s complet, le CBG est un cannabino\u00efde qui peut \u00eatre beaucoup plus sp\u00e9cifique pour g\u00e9n\u00e9rer une sensation de soulagement, alors qu&#8217;une huile de CBD pure peut g\u00e9n\u00e9rer une sensation plus d\u00e9tendue ou am\u00e9liorant l&#8217;humeur. Cette huile de CBG est un produit id\u00e9al \u00e0 prendre pendant la journ\u00e9e, car elle peut aider \u00e0 am\u00e9liorer la concentration et \u00e0 r\u00e9duire la douleur, sans \u00eatre si somnolente.<\/span><\/p>\n<p><span style=\"font-weight: 400;\">Chez The Tree, nous n&#8217;utilisons que le meilleur chanvre biologique d&#8217;Europe comme mati\u00e8re premi\u00e8re, sans pesticides, produits chimiques nocifs et autres impuret\u00e9s, suivant les contr\u00f4les de qualit\u00e9 les plus rigoureux et avec des ingr\u00e9dients 100% v\u00e9g\u00e9taux. Nos produits CBG ne contiennent que des compos\u00e9s pr\u00e9cieux. Nous garantissons la qualit\u00e9 de notre produit en utilisant des m\u00e9thodes s\u00fbres et responsables de la graine au contenant gr\u00e2ce \u00e0 des proc\u00e9d\u00e9s sophistiqu\u00e9s d&#8217;extraction et de purification au CO\u2082 et \u00e0 des tests ind\u00e9pendants de chaque bouteille.<\/span><\/p>\n<p><span style=\"font-weight: 400;\">L&#8217;huile Full Spectrum 10% CBG conserve tous les composants v\u00e9g\u00e9taux et est un peu plus \u00e9paisse et plus opaque en couleur par rapport aux autres huiles. Cette huile CBG \u00e0 spectre complet pr\u00e9serve le THC de la plante, bien que toujours inf\u00e9rieur \u00e0 0,2%.<\/span><\/p>\n<p><span style=\"font-weight: 400;\">Les huiles 10% CBG ont une quantit\u00e9 de CBD de 10% du produit total. Cette concentration de CBG est la plus fr\u00e9quente chez les personnes ayant d\u00e9j\u00e0 une certaine exp\u00e9rience avec ce cannabino\u00efde, son effet \u00e9tant d&#8217;intensit\u00e9 moyenne.<\/span><\/p>\n<p>&nbsp;<\/p>\n<h2><b>Caract\u00e9ristiques de l&#8217;Huile CBG 10%<\/b><\/h2>\n<p><span style=\"font-weight: 400;\">Huile de graines de chanvre.<\/span><\/p>\n<p><span style=\"font-weight: 400;\">10% de CBG par goutte (5 mg par goutte).<\/span><\/p>\n<p><span style=\"font-weight: 400;\">R\u00e9cipient doseur de 10 ml.<\/span><\/p>\n<p><span style=\"font-weight: 400;\">Agriculture biologique, sans pesticides ni produits chimiques nocifs.<\/span><\/p>\n<p><span style=\"font-weight: 400;\">Contient moins de 0,2% de THC.<\/span><\/p>\n<p><span style=\"font-weight: 400;\">Usage topique.<\/span><\/p>\n<p>&nbsp;<\/p>\n<h2><b>Ingr\u00e9dients<\/b><\/h2>\n<p><span style=\"font-weight: 400;\">Huile de graines de chanvre et extraction de chanvre au CO2.<\/span><\/p>\n<p>&nbsp;<\/p>\n<h2><b>Ar\u00f4me CBD<\/b><\/h2>\n<p><span style=\"font-weight: 400;\">Les terp\u00e8nes peuvent \u00eatre trouv\u00e9s dans la plupart des huiles essentielles de nombreuses plantes, fleurs et fruits, ils sont charg\u00e9s de fournir l&#8217;odeur et la saveur. Dans le cannabis, nous pouvons trouver un large profil de terp\u00e8nes. Parfum neutre.<\/span><\/p>\n<p>&nbsp;<\/p>\n<h2><b>Emballage<\/b><\/h2>\n<p><span style=\"font-weight: 400;\">L&#8217;huile de CBG de 10% de The Tree CBD est livr\u00e9e dans une bo\u00eete sp\u00e9cialement con\u00e7ue pour prot\u00e9ger le contenu de la bouteille de la lumi\u00e8re et de la chaleur.<\/span><\/p>\n<p>&nbsp;<\/p>\n<h2><b>Format<\/b><\/h2>\n<p><span style=\"font-weight: 400;\">Cette huile de CBG de 10% se pr\u00e9sente dans un r\u00e9cipient en verre de 10 ml avec un distributeur.<\/span><\/p>\n<p>&nbsp;<\/p>\n<h2><b>Stockage<\/b><\/h2>\n<p><span style=\"font-weight: 400;\">Id\u00e9alement, l&#8217;huile de CBG 10% de The Tree CBD doit \u00eatre conserv\u00e9e dans un endroit frais et sec, \u00e0 l&#8217;abri des odeurs l\u00e9g\u00e8res et fortes pour \u00e9viter tout type de contamination. \u00c9vitez la lumi\u00e8re directe du soleil et la chaleur.<\/span><\/p>\n<p><span style=\"font-weight: 400;\">Attention : La dur\u00e9e de conservation indiqu\u00e9e est de deux ans si elle est conserv\u00e9e correctement.<\/span><\/p>\n<p>&nbsp;<\/p>\n<h2><b>C&#8217;est pour qui?<\/b><\/h2>\n<p><span style=\"font-weight: 400;\">L&#8217;huile de CBG de 10% de The Tree CBD peut \u00eatre utilis\u00e9e par toute personne de plus de 18 ans, \u00e0 quelques exceptions pr\u00e8s. Son ar\u00f4me unique donne envie m\u00eame aux plus sceptiques d&#8217;entrer dans ce nouveau monde du CBD.<\/span><\/p>\n<p>&nbsp;<\/p>\n<h2><b>Information sur la s\u00e9curit\u00e9<\/b><\/h2>\n<p><span style=\"font-weight: 400;\">Cette huile ne doit pas \u00eatre utilis\u00e9e pendant la grossesse ou l&#8217;allaitement. Garder hors de la port\u00e9e des enfants.<\/span><\/p>\n<p><span style=\"font-weight: 400;\">L&#8217;huile peut contenir une certaine quantit\u00e9 de THC. Bien s\u00fbr, cela est inf\u00e9rieur \u00e0 la limite europ\u00e9enne de 0,2 % de THC.<\/span><\/p>\n<p><span style=\"font-weight: 400;\">Ces informations ne remplacent pas l&#8217;avis m\u00e9dical d&#8217;un m\u00e9decin ou d&#8217;un pharmacien. Nos textes ne sont pas destin\u00e9s au diagnostic et au traitement ind\u00e9pendants des maladies.<\/span><\/p>\n<p><span style=\"font-weight: 400;\">L&#8217;huile CBG 10% de The Tree CBD est un produit \u00e0 usage topique.<\/span><\/p>\n<p><span style=\"font-weight: 400;\">N&#8217;h\u00e9sitez pas \u00e0 nous contacter si vous avez d&#8217;autres questions.<\/span><\/p>\n","protected":false},"excerpt":{"rendered":"<p><span style=\"font-weight: 400;\">Huile de graines de chanvre.<\/span><\/p>\n<p><span style=\"font-weight: 400;\">10 % de CBG par goutte (5 mg par goutte).<\/span><\/p>\n<p><span style=\"font-weight: 400;\">R\u00e9cipient doseur de 10 ml.<\/span><\/p>\n<p><span style=\"font-weight: 400;\">Agriculture biologique, sans pesticides ni produits chimiques nocifs.<\/span><\/p>\n<p><span style=\"font-weight: 400;\">Contient moins de 0,2 % de THC.<\/span><\/p>\n<p><span style=\"font-weight: 400;\">Usage topique.<\/span><\/p>\n","protected":false},"featured_media":112439,"template":"","meta":{"_acf_changed":false},"product_brand":[],"class_list":{"0":"post-107177","1":"product","2":"type-product","3":"status-publish","4":"has-post-thumbnail","6":"product_cat-huiles-cbd","7":"product_cat-huiles-cbd-concentrees-10","8":"product_cat-huiles-cbg","9":"product_cat-cbd-concentrees-20","11":"first","12":"outofstock","13":"taxable","14":"shipping-taxable","15":"purchasable","16":"product-type-simple"},"acf":[],"yoast_head":"<!-- This site is optimized with the Yoast SEO plugin v26.3 - https:\/\/yoast.com\/wordpress\/plugins\/seo\/ -->\n<title>Huile CBG 10% | The Tree CBD<\/title>\n<meta name=\"description\" content=\"L&#039;huile de CBG 10% avec moins de 0,20% de THC. Culture biologique et sans pesticides ni produits chimiques. Essayez le cannabig\u00e9rol de The Tree CBD!\" \/>\n<meta name=\"robots\" content=\"index, follow, max-snippet:-1, max-image-preview:large, max-video-preview:-1\" \/>\n<link rel=\"canonical\" href=\"https:\/\/thetreecbd.com\/fr\/cbd\/huile-de-cbg-10\" \/>\n<meta property=\"og:locale\" content=\"fr_FR\" \/>\n<meta property=\"og:type\" content=\"article\" \/>\n<meta property=\"og:title\" content=\"Huile CBG 10% | The Tree CBD\" \/>\n<meta property=\"og:description\" content=\"L&#039;huile de CBG 10% avec moins de 0,20% de THC. Culture biologique et sans pesticides ni produits chimiques. Essayez le cannabig\u00e9rol de The Tree CBD!\" \/>\n<meta property=\"og:url\" content=\"https:\/\/thetreecbd.com\/fr\/cbd\/huile-de-cbg-10\" \/>\n<meta property=\"og:site_name\" content=\"The Tree CBD\" \/>\n<meta property=\"article:publisher\" content=\"https:\/\/www.facebook.com\/thetreeCBD\/\" \/>\n<meta property=\"article:modified_time\" content=\"2025-07-14T14:09:22+00:00\" \/>\n<meta property=\"og:image\" content=\"https:\/\/thetreecbd.com\/wp-content\/uploads\/2023\/02\/aceite-cbg-10.png\" \/>\n\t<meta property=\"og:image:width\" content=\"600\" \/>\n\t<meta property=\"og:image:height\" content=\"720\" \/>\n\t<meta property=\"og:image:type\" content=\"image\/png\" \/>\n<meta name=\"twitter:card\" content=\"summary_large_image\" \/>\n<meta name=\"twitter:site\" content=\"@TheTreeCBD_EU\" \/>\n<meta name=\"twitter:label1\" content=\"Dur\u00e9e de lecture estim\u00e9e\" \/>\n\t<meta name=\"twitter:data1\" content=\"4 minutes\" \/>\n<script type=\"application\/ld+json\" class=\"yoast-schema-graph\">{\"@context\":\"https:\/\/schema.org\",\"@graph\":[{\"@type\":[\"WebPage\",\"ItemPage\"],\"@id\":\"https:\/\/thetreecbd.com\/fr\/cbd\/huile-de-cbg-10\",\"url\":\"https:\/\/thetreecbd.com\/fr\/cbd\/huile-de-cbg-10\",\"name\":\"Huile CBG 10% | The Tree CBD\",\"isPartOf\":{\"@id\":\"https:\/\/thetreecbd.com\/fr#website\"},\"primaryImageOfPage\":{\"@id\":\"https:\/\/thetreecbd.com\/fr\/cbd\/huile-de-cbg-10#primaryimage\"},\"image\":{\"@id\":\"https:\/\/thetreecbd.com\/fr\/cbd\/huile-de-cbg-10#primaryimage\"},\"thumbnailUrl\":\"https:\/\/thetreecbd.com\/wp-content\/uploads\/2023\/02\/aceite-cbg-10.png\",\"datePublished\":\"2022-11-02T16:33:03+00:00\",\"dateModified\":\"2025-07-14T14:09:22+00:00\",\"description\":\"L'huile de CBG 10% avec moins de 0,20% de THC. Culture biologique et sans pesticides ni produits chimiques. Essayez le cannabig\u00e9rol de The Tree CBD!\",\"breadcrumb\":{\"@id\":\"https:\/\/thetreecbd.com\/fr\/cbd\/huile-de-cbg-10#breadcrumb\"},\"inLanguage\":\"fr-FR\",\"potentialAction\":[{\"@type\":\"ReadAction\",\"target\":[\"https:\/\/thetreecbd.com\/fr\/cbd\/huile-de-cbg-10\"]}]},{\"@type\":\"ImageObject\",\"inLanguage\":\"fr-FR\",\"@id\":\"https:\/\/thetreecbd.com\/fr\/cbd\/huile-de-cbg-10#primaryimage\",\"url\":\"https:\/\/thetreecbd.com\/wp-content\/uploads\/2023\/02\/aceite-cbg-10.png\",\"contentUrl\":\"https:\/\/thetreecbd.com\/wp-content\/uploads\/2023\/02\/aceite-cbg-10.png\",\"width\":600,\"height\":720,\"caption\":\"aceite-cbg-10\"},{\"@type\":\"BreadcrumbList\",\"@id\":\"https:\/\/thetreecbd.com\/fr\/cbd\/huile-de-cbg-10#breadcrumb\",\"itemListElement\":[{\"@type\":\"ListItem\",\"position\":1,\"name\":\"The Tree\",\"item\":\"https:\/\/thetreecbd.com\/fr\"},{\"@type\":\"ListItem\",\"position\":2,\"name\":\"CBD\",\"item\":\"https:\/\/thetreecbd.com\/es\/cbd\"},{\"@type\":\"ListItem\",\"position\":3,\"name\":\"Huile de CBD\",\"item\":\"https:\/\/thetreecbd.com\/fr\/huiles-cbd\"},{\"@type\":\"ListItem\",\"position\":4,\"name\":\"Huile de CBG 10%\"}]},{\"@type\":\"WebSite\",\"@id\":\"https:\/\/thetreecbd.com\/fr#website\",\"url\":\"https:\/\/thetreecbd.com\/fr\",\"name\":\"The Tree CBD\",\"description\":\"Comprar CBD en Espa\u00f1a Online\",\"publisher\":{\"@id\":\"https:\/\/thetreecbd.com\/fr#organization\"},\"potentialAction\":[{\"@type\":\"SearchAction\",\"target\":{\"@type\":\"EntryPoint\",\"urlTemplate\":\"https:\/\/thetreecbd.com\/fr?s={search_term_string}\"},\"query-input\":{\"@type\":\"PropertyValueSpecification\",\"valueRequired\":true,\"valueName\":\"search_term_string\"}}],\"inLanguage\":\"fr-FR\"},{\"@type\":\"Organization\",\"@id\":\"https:\/\/thetreecbd.com\/fr#organization\",\"name\":\"The Tree CBD\",\"url\":\"https:\/\/thetreecbd.com\/fr\",\"logo\":{\"@type\":\"ImageObject\",\"inLanguage\":\"fr-FR\",\"@id\":\"https:\/\/thetreecbd.com\/fr#\/schema\/logo\/image\/\",\"url\":\"https:\/\/thetreecbd.com\/wp-content\/uploads\/2022\/04\/logo-thetree.png\",\"contentUrl\":\"https:\/\/thetreecbd.com\/wp-content\/uploads\/2022\/04\/logo-thetree.png\",\"width\":172,\"height\":55,\"caption\":\"The Tree CBD\"},\"image\":{\"@id\":\"https:\/\/thetreecbd.com\/fr#\/schema\/logo\/image\/\"},\"sameAs\":[\"https:\/\/www.facebook.com\/thetreeCBD\/\",\"https:\/\/x.com\/TheTreeCBD_EU\",\"https:\/\/www.instagram.com\/thetree.cbd\/\",\"https:\/\/es.trustpilot.com\/review\/thetreecbd.com\"]}]}<\/script>\n<!-- \/ Yoast SEO plugin. -->","yoast_head_json":{"title":"Huile CBG 10% | The Tree CBD","description":"L'huile de CBG 10% avec moins de 0,20% de THC. Culture biologique et sans pesticides ni produits chimiques. Essayez le cannabig\u00e9rol de The Tree CBD!","robots":{"index":"index","follow":"follow","max-snippet":"max-snippet:-1","max-image-preview":"max-image-preview:large","max-video-preview":"max-video-preview:-1"},"canonical":"https:\/\/thetreecbd.com\/fr\/cbd\/huile-de-cbg-10","og_locale":"fr_FR","og_type":"article","og_title":"Huile CBG 10% | The Tree CBD","og_description":"L'huile de CBG 10% avec moins de 0,20% de THC. Culture biologique et sans pesticides ni produits chimiques. Essayez le cannabig\u00e9rol de The Tree CBD!","og_url":"https:\/\/thetreecbd.com\/fr\/cbd\/huile-de-cbg-10","og_site_name":"The Tree CBD","article_publisher":"https:\/\/www.facebook.com\/thetreeCBD\/","article_modified_time":"2025-07-14T14:09:22+00:00","og_image":[{"width":600,"height":720,"url":"https:\/\/thetreecbd.com\/wp-content\/uploads\/2023\/02\/aceite-cbg-10.png","type":"image\/png"}],"twitter_card":"summary_large_image","twitter_site":"@TheTreeCBD_EU","twitter_misc":{"Dur\u00e9e de lecture estim\u00e9e":"4 minutes"},"schema":{"@context":"https:\/\/schema.org","@graph":[{"@type":["WebPage","ItemPage"],"@id":"https:\/\/thetreecbd.com\/fr\/cbd\/huile-de-cbg-10","url":"https:\/\/thetreecbd.com\/fr\/cbd\/huile-de-cbg-10","name":"Huile CBG 10% | The Tree CBD","isPartOf":{"@id":"https:\/\/thetreecbd.com\/fr#website"},"primaryImageOfPage":{"@id":"https:\/\/thetreecbd.com\/fr\/cbd\/huile-de-cbg-10#primaryimage"},"image":{"@id":"https:\/\/thetreecbd.com\/fr\/cbd\/huile-de-cbg-10#primaryimage"},"thumbnailUrl":"https:\/\/thetreecbd.com\/wp-content\/uploads\/2023\/02\/aceite-cbg-10.png","datePublished":"2022-11-02T16:33:03+00:00","dateModified":"2025-07-14T14:09:22+00:00","description":"L'huile de CBG 10% avec moins de 0,20% de THC. Culture biologique et sans pesticides ni produits chimiques. Essayez le cannabig\u00e9rol de The Tree CBD!","breadcrumb":{"@id":"https:\/\/thetreecbd.com\/fr\/cbd\/huile-de-cbg-10#breadcrumb"},"inLanguage":"fr-FR","potentialAction":[{"@type":"ReadAction","target":["https:\/\/thetreecbd.com\/fr\/cbd\/huile-de-cbg-10"]}]},{"@type":"ImageObject","inLanguage":"fr-FR","@id":"https:\/\/thetreecbd.com\/fr\/cbd\/huile-de-cbg-10#primaryimage","url":"https:\/\/thetreecbd.com\/wp-content\/uploads\/2023\/02\/aceite-cbg-10.png","contentUrl":"https:\/\/thetreecbd.com\/wp-content\/uploads\/2023\/02\/aceite-cbg-10.png","width":600,"height":720,"caption":"aceite-cbg-10"},{"@type":"BreadcrumbList","@id":"https:\/\/thetreecbd.com\/fr\/cbd\/huile-de-cbg-10#breadcrumb","itemListElement":[{"@type":"ListItem","position":1,"name":"The Tree","item":"https:\/\/thetreecbd.com\/fr"},{"@type":"ListItem","position":2,"name":"CBD","item":"https:\/\/thetreecbd.com\/es\/cbd"},{"@type":"ListItem","position":3,"name":"Huile de CBD","item":"https:\/\/thetreecbd.com\/fr\/huiles-cbd"},{"@type":"ListItem","position":4,"name":"Huile de CBG 10%"}]},{"@type":"WebSite","@id":"https:\/\/thetreecbd.com\/fr#website","url":"https:\/\/thetreecbd.com\/fr","name":"The Tree CBD","description":"Comprar CBD en Espa\u00f1a Online","publisher":{"@id":"https:\/\/thetreecbd.com\/fr#organization"},"potentialAction":[{"@type":"SearchAction","target":{"@type":"EntryPoint","urlTemplate":"https:\/\/thetreecbd.com\/fr?s={search_term_string}"},"query-input":{"@type":"PropertyValueSpecification","valueRequired":true,"valueName":"search_term_string"}}],"inLanguage":"fr-FR"},{"@type":"Organization","@id":"https:\/\/thetreecbd.com\/fr#organization","name":"The Tree CBD","url":"https:\/\/thetreecbd.com\/fr","logo":{"@type":"ImageObject","inLanguage":"fr-FR","@id":"https:\/\/thetreecbd.com\/fr#\/schema\/logo\/image\/","url":"https:\/\/thetreecbd.com\/wp-content\/uploads\/2022\/04\/logo-thetree.png","contentUrl":"https:\/\/thetreecbd.com\/wp-content\/uploads\/2022\/04\/logo-thetree.png","width":172,"height":55,"caption":"The Tree CBD"},"image":{"@id":"https:\/\/thetreecbd.com\/fr#\/schema\/logo\/image\/"},"sameAs":["https:\/\/www.facebook.com\/thetreeCBD\/","https:\/\/x.com\/TheTreeCBD_EU","https:\/\/www.instagram.com\/thetree.cbd\/","https:\/\/es.trustpilot.com\/review\/thetreecbd.com"]}]}},"_links":{"self":[{"href":"https:\/\/thetreecbd.com\/fr\/wp-json\/wp\/v2\/product\/107177","targetHints":{"allow":["GET"]}}],"collection":[{"href":"https:\/\/thetreecbd.com\/fr\/wp-json\/wp\/v2\/product"}],"about":[{"href":"https:\/\/thetreecbd.com\/fr\/wp-json\/wp\/v2\/types\/product"}],"version-history":[{"count":0,"href":"https:\/\/thetreecbd.com\/fr\/wp-json\/wp\/v2\/product\/107177\/revisions"}],"wp:featuredmedia":[{"embeddable":true,"href":"https:\/\/thetreecbd.com\/fr\/wp-json\/wp\/v2\/media\/112439"}],"wp:attachment":[{"href":"https:\/\/thetreecbd.com\/fr\/wp-json\/wp\/v2\/media?parent=107177"}],"wp:term":[{"taxonomy":"product_brand","embeddable":true,"href":"https:\/\/thetreecbd.com\/fr\/wp-json\/wp\/v2\/product_brand?post=107177"}],"curies":[{"name":"wp","href":"https:\/\/api.w.org\/{rel}","templated":true}]}}