{"id":107390,"date":"2022-12-07T16:07:42","date_gmt":"2022-12-07T15:07:42","guid":{"rendered":"https:\/\/thetreecbd.com\/?post_type=product&#038;p=107390"},"modified":"2025-07-14T14:11:13","modified_gmt":"2025-07-14T12:11:13","slug":"resines-cbd-pollen-full-melt","status":"publish","type":"product","link":"https:\/\/thetreecbd.com\/fr\/cbd\/resines-cbd-pollen-full-melt","title":{"rendered":"Full Melt Pollen"},"content":{"rendered":"<p>Le Pollen Full Melt CBD que nous vous proposons de The Tree CBD est une extraction r\u00e9alis\u00e9e \u00e0 partir d&#8217;une m\u00e9thode s\u00fbre, \u00e0 partir d&#8217;un processus m\u00e9thodique pour isoler les trichomes, du reste du mat\u00e9riel v\u00e9g\u00e9tal de la plante, ne laissant qu&#8217;une grande concentration de cannabino\u00efdes et les terp\u00e8nes, qui sont responsables de l&#8217;odeur et de l&#8217;ar\u00f4me des plantes. Les trichomes obtenus sont ensuite transform\u00e9s par chaleur et pression sous forme de glands ou de plaques rectangulaires, ce qui lui donne sa texture solide et cr\u00e9meuse dans ce cas pr\u00e9cis.<\/p>\n<p>Notre Pollen Full Melt est un concentr\u00e9 de cannabis produit avec le plus grand soin \u00e0 partir d&#8217;ingr\u00e9dients 100% naturels issus de la culture biologique et responsable.<\/p>\n<p>&nbsp;<\/p>\n<p>La puret\u00e9 de ce Pollen Full Melt, \u00e9galement appel\u00e9 &#8220;melt extract&#8221; ou &#8220;full melt&#8221;, est \u00e9vidente \u00e0 l&#8217;\u0153il, et les meilleurs sp\u00e9cimens sont de couleur tr\u00e8s claire et d&#8217;aspect presque cristallin. En plus d&#8217;\u00eatre visuellement \u00e9poustouflante, cette grande puret\u00e9 signifie que les ar\u00f4mes sont maximis\u00e9s, ce qui en fait probablement la forme de concentr\u00e9 de chanvre la plus convoit\u00e9e parmi les gourmets.<\/p>\n<p>Son ar\u00f4me d&#8217;agrumes est ind\u00e9niable, mais derri\u00e8re se cache une touche herbac\u00e9e et \u00e9pic\u00e9e digne des meilleurs critiques de hasch. Ce Pollen Full Melt de The Tree CBD vous apporte une r\u00e9sine CBD d&#8217;une qualit\u00e9 extr\u00eame et une texture tr\u00e8s cr\u00e9meuse.<\/p>\n<p>Notre The Tree CBD Pollen Full Melt provient de cultures de chanvre biologique en Europe et contient moins de 0,2 % de THC, ce qui le rend l\u00e9gal dans toute l&#8217;Europe<\/p>\n<h2><strong>Caract\u00e9ristiques de le Pollen Full Melt de The Tree CBD<\/strong><\/h2>\n<ul>\n<li>Hash CBD extrait de la plante de chanvre.<\/li>\n<li>Format : sachets de 3g. 5g, 15g. et 25 gr.<\/li>\n<li>20% CBD<\/li>\n<li>Moins de 0,19 % de THC<\/li>\n<li>Aucun effet psychoactif<\/li>\n<li>Chanvre issu de l&#8217;agriculture biologique<\/li>\n<li>Sans OGM<\/li>\n<li>Sans pesticides<\/li>\n<\/ul>\n<h2><strong>Ar\u00f4me CBD<\/strong><\/h2>\n<p><span style=\"font-weight: 400;\">Les terp\u00e8nes peuvent \u00eatre trouv\u00e9s dans la plupart des huiles essentielles de nombreuses plantes, fleurs et fruits, ils sont charg\u00e9s de fournir l&#8217;odeur et la saveur. Dans le cannabis, nous pouvons trouver un large profil de terp\u00e8nes. <\/span><\/p>\n<p><span style=\"font-weight: 400;\">Terp\u00e8ne principal de le Pollen Full Melt: Limon\u00e8ne.<\/span><\/p>\n<p>&nbsp;<\/p>\n<h2><strong>Emballage<\/strong><\/h2>\n<p><span style=\"font-weight: 400;\">Les extractions l\u00e9gales de Tree CBD sont livr\u00e9es dans un sac en plastique biod\u00e9gradable sp\u00e9cialement con\u00e7u pour prot\u00e9ger et maintenir correctement les extractions de CBD et peuvent \u00eatre referm\u00e9s afin qu&#8217;ils ne perdent pas leur fra\u00eecheur et leur odeur d&#8217;origine.<\/span><\/p>\n<p>&nbsp;<\/p>\n<h2><strong>Format<\/strong><\/h2>\n<p><span style=\"font-weight: 400;\">La vari\u00e9t\u00e9 Pollen Full Melt est disponible dans les formats suivants afin que vous puissiez choisir celui qui vous convient le mieux : 3g, 5g, 15g et 25g.<\/span><\/p>\n<p>&nbsp;<\/p>\n<h2><strong>Stockage<\/strong><\/h2>\n<p><span style=\"font-weight: 400;\">Id\u00e9alement, les r\u00e9sines The Tree CBD doivent \u00eatre stock\u00e9es dans un endroit frais et sec, \u00e0 l&#8217;abri des odeurs l\u00e9g\u00e8res et fortes pour \u00e9viter tout type de contamination et\/ou de d\u00e9gradation. \u00c9vitez la lumi\u00e8re directe du soleil et la chaleur. Garder hors de la port\u00e9e des enfants.<\/span><\/p>\n<p><span style=\"font-weight: 400;\">Attention : La dur\u00e9e de conservation indiqu\u00e9e est d&#8217;un mois si stock\u00e9 correctement.<\/span><\/p>\n<p>&nbsp;<\/p>\n<h2><strong>C&#8217;est pour qui?<\/strong><\/h2>\n<p>Le Pollen Full Melt est tr\u00e8s attrayant, en raison de son ton blond clair miell\u00e9, et d&#8217;une touche et de textures tr\u00e8s cr\u00e9meuses. Lorsqu&#8217;il est plac\u00e9 \u00e0 des temp\u00e9ratures mod\u00e9r\u00e9es \u00e0 chaudes, la couleur de votre hasch devrait passer d&#8217;une nuance de jaune plus fonc\u00e9e \u00e0 l\u00e9g\u00e8rement plus dor\u00e9e, plut\u00f4t que de rester de la m\u00eame couleur.<\/p>\n<p>&nbsp;<\/p>\n<p>Du point de vue de l&#8217;acheteur, ce Pollen Full Melt CBD est destin\u00e9 aux acheteurs qui recherchent un produit artisanal de haute qualit\u00e9 avec un fort ar\u00f4me de duce.<\/p>\n<p>&nbsp;<\/p>\n<p>Nos r\u00e9sines sont destin\u00e9es \u00e0 toute personne de plus de 18 ans.<\/p>\n<h2>Information sur la s\u00e9curit\u00e9<\/h2>\n<p>Gardez \u00e0 l&#8217;esprit que les extractions The Tree CBD sont un produit d\u00e9coratif, de collection et aromatique. Ils ne doivent pas \u00eatre utilis\u00e9s pendant la grossesse ou l&#8217;allaitement. Garder hors de la port\u00e9e des enfants.<\/p>\n<p>Nos extractions peuvent contenir une certaine quantit\u00e9 de THC. Bien s\u00fbr, cela est inf\u00e9rieur \u00e0 la limite europ\u00e9enne de 0,2 % de THC.<\/p>\n<p>Le contenu fourni est uniquement \u00e0 des fins d&#8217;information et de formation et ne se substitue en aucun cas \u00e0 l&#8217;avis m\u00e9dical d&#8217;un m\u00e9decin ou d&#8217;un pharmacien. Nos textes ne sont pas destin\u00e9s au diagnostic et au traitement ind\u00e9pendants des maladies.<\/p>\n<p>N&#8217;h\u00e9sitez pas \u00e0 nous contacter si vous avez d&#8217;autres questions.<\/p>\n","protected":false},"excerpt":{"rendered":"<ul>\n<li><span style=\"font-weight: 400;\">Hash CBD extrait de la plante de chanvre.<\/span><\/li>\n<li>Format : sachets de 3g. 5g, 15g. et 25 gr.<\/li>\n<li>20% CBD.<\/li>\n<li>Moins de 0,19 % de THC.<\/li>\n<li>Aucun effet psychoactif.<\/li>\n<li>Chanvre issu de l&#8217;agriculture biologique.<\/li>\n<li>Sans OGM.<\/li>\n<li>Sans pesticides.<\/li>\n<\/ul>\n","protected":false},"featured_media":113112,"template":"","meta":{"_acf_changed":false},"product_brand":[],"class_list":{"0":"post-107390","1":"product","2":"type-product","3":"status-publish","4":"has-post-thumbnail","6":"product_cat-cbd-concentrees-10","7":"product_cat-resines-cbd","9":"first","10":"instock","11":"taxable","12":"shipping-taxable","13":"purchasable","14":"product-type-variable"},"acf":[],"yoast_head":"<!-- This site is optimized with the Yoast SEO plugin v26.3 - https:\/\/yoast.com\/wordpress\/plugins\/seo\/ -->\n<title>Pollen Full Melt - Resine CBD | The Tree CBD<\/title>\n<meta name=\"description\" content=\"Le Pollen Full Melt est un produit de grande qualit\u00e9, ar\u00f4me et saveurs intenses, qui ravira les fumeurs de Hash les plus exigeants. R\u00e9sine CBD\" \/>\n<meta name=\"robots\" content=\"index, follow, max-snippet:-1, max-image-preview:large, max-video-preview:-1\" \/>\n<link rel=\"canonical\" href=\"https:\/\/thetreecbd.com\/fr\/cbd\/resines-cbd-pollen-full-melt\" \/>\n<meta property=\"og:locale\" content=\"fr_FR\" \/>\n<meta property=\"og:type\" content=\"article\" \/>\n<meta property=\"og:title\" content=\"Pollen Full Melt - Resine CBD | The Tree CBD\" \/>\n<meta property=\"og:description\" content=\"Le Pollen Full Melt est un produit de grande qualit\u00e9, ar\u00f4me et saveurs intenses, qui ravira les fumeurs de Hash les plus exigeants. R\u00e9sine CBD\" \/>\n<meta property=\"og:url\" content=\"https:\/\/thetreecbd.com\/fr\/cbd\/resines-cbd-pollen-full-melt\" \/>\n<meta property=\"og:site_name\" content=\"The Tree CBD\" \/>\n<meta property=\"article:publisher\" content=\"https:\/\/www.facebook.com\/thetreeCBD\/\" \/>\n<meta property=\"article:modified_time\" content=\"2025-07-14T12:11:13+00:00\" \/>\n<meta property=\"og:image\" content=\"https:\/\/thetreecbd.com\/wp-content\/uploads\/2022\/12\/polen-full-melt-web.png\" \/>\n\t<meta property=\"og:image:width\" content=\"600\" \/>\n\t<meta property=\"og:image:height\" content=\"720\" \/>\n\t<meta property=\"og:image:type\" content=\"image\/png\" \/>\n<meta name=\"twitter:card\" content=\"summary_large_image\" \/>\n<meta name=\"twitter:site\" content=\"@TheTreeCBD_EU\" \/>\n<meta name=\"twitter:label1\" content=\"Dur\u00e9e de lecture estim\u00e9e\" \/>\n\t<meta name=\"twitter:data1\" content=\"4 minutes\" \/>\n<script type=\"application\/ld+json\" class=\"yoast-schema-graph\">{\"@context\":\"https:\/\/schema.org\",\"@graph\":[{\"@type\":[\"WebPage\",\"ItemPage\"],\"@id\":\"https:\/\/thetreecbd.com\/fr\/cbd\/resines-cbd-pollen-full-melt\",\"url\":\"https:\/\/thetreecbd.com\/fr\/cbd\/resines-cbd-pollen-full-melt\",\"name\":\"Pollen Full Melt - Resine CBD | The Tree CBD\",\"isPartOf\":{\"@id\":\"https:\/\/thetreecbd.com\/fr#website\"},\"primaryImageOfPage\":{\"@id\":\"https:\/\/thetreecbd.com\/fr\/cbd\/resines-cbd-pollen-full-melt#primaryimage\"},\"image\":{\"@id\":\"https:\/\/thetreecbd.com\/fr\/cbd\/resines-cbd-pollen-full-melt#primaryimage\"},\"thumbnailUrl\":\"https:\/\/thetreecbd.com\/wp-content\/uploads\/2022\/12\/polen-full-melt-web.png\",\"datePublished\":\"2022-12-07T15:07:42+00:00\",\"dateModified\":\"2025-07-14T12:11:13+00:00\",\"description\":\"Le Pollen Full Melt est un produit de grande qualit\u00e9, ar\u00f4me et saveurs intenses, qui ravira les fumeurs de Hash les plus exigeants. R\u00e9sine CBD\",\"breadcrumb\":{\"@id\":\"https:\/\/thetreecbd.com\/fr\/cbd\/resines-cbd-pollen-full-melt#breadcrumb\"},\"inLanguage\":\"fr-FR\",\"potentialAction\":[{\"@type\":\"ReadAction\",\"target\":[\"https:\/\/thetreecbd.com\/fr\/cbd\/resines-cbd-pollen-full-melt\"]}]},{\"@type\":\"ImageObject\",\"inLanguage\":\"fr-FR\",\"@id\":\"https:\/\/thetreecbd.com\/fr\/cbd\/resines-cbd-pollen-full-melt#primaryimage\",\"url\":\"https:\/\/thetreecbd.com\/wp-content\/uploads\/2022\/12\/polen-full-melt-web.png\",\"contentUrl\":\"https:\/\/thetreecbd.com\/wp-content\/uploads\/2022\/12\/polen-full-melt-web.png\",\"width\":600,\"height\":720,\"caption\":\"polen full melt\"},{\"@type\":\"BreadcrumbList\",\"@id\":\"https:\/\/thetreecbd.com\/fr\/cbd\/resines-cbd-pollen-full-melt#breadcrumb\",\"itemListElement\":[{\"@type\":\"ListItem\",\"position\":1,\"name\":\"The Tree\",\"item\":\"https:\/\/thetreecbd.com\/fr\"},{\"@type\":\"ListItem\",\"position\":2,\"name\":\"CBD\",\"item\":\"https:\/\/thetreecbd.com\/es\/cbd\"},{\"@type\":\"ListItem\",\"position\":3,\"name\":\"Produits \u00e0 10% de CBD\",\"item\":\"https:\/\/thetreecbd.com\/fr\/cbd-concentrees-10\"},{\"@type\":\"ListItem\",\"position\":4,\"name\":\"Full Melt Pollen\"}]},{\"@type\":\"WebSite\",\"@id\":\"https:\/\/thetreecbd.com\/fr#website\",\"url\":\"https:\/\/thetreecbd.com\/fr\",\"name\":\"The Tree CBD\",\"description\":\"Comprar CBD en Espa\u00f1a Online\",\"publisher\":{\"@id\":\"https:\/\/thetreecbd.com\/fr#organization\"},\"potentialAction\":[{\"@type\":\"SearchAction\",\"target\":{\"@type\":\"EntryPoint\",\"urlTemplate\":\"https:\/\/thetreecbd.com\/fr?s={search_term_string}\"},\"query-input\":{\"@type\":\"PropertyValueSpecification\",\"valueRequired\":true,\"valueName\":\"search_term_string\"}}],\"inLanguage\":\"fr-FR\"},{\"@type\":\"Organization\",\"@id\":\"https:\/\/thetreecbd.com\/fr#organization\",\"name\":\"The Tree CBD\",\"url\":\"https:\/\/thetreecbd.com\/fr\",\"logo\":{\"@type\":\"ImageObject\",\"inLanguage\":\"fr-FR\",\"@id\":\"https:\/\/thetreecbd.com\/fr#\/schema\/logo\/image\/\",\"url\":\"https:\/\/thetreecbd.com\/wp-content\/uploads\/2022\/04\/logo-thetree.png\",\"contentUrl\":\"https:\/\/thetreecbd.com\/wp-content\/uploads\/2022\/04\/logo-thetree.png\",\"width\":172,\"height\":55,\"caption\":\"The Tree CBD\"},\"image\":{\"@id\":\"https:\/\/thetreecbd.com\/fr#\/schema\/logo\/image\/\"},\"sameAs\":[\"https:\/\/www.facebook.com\/thetreeCBD\/\",\"https:\/\/x.com\/TheTreeCBD_EU\",\"https:\/\/www.instagram.com\/thetree.cbd\/\",\"https:\/\/es.trustpilot.com\/review\/thetreecbd.com\"]}]}<\/script>\n<!-- \/ Yoast SEO plugin. -->","yoast_head_json":{"title":"Pollen Full Melt - Resine CBD | The Tree CBD","description":"Le Pollen Full Melt est un produit de grande qualit\u00e9, ar\u00f4me et saveurs intenses, qui ravira les fumeurs de Hash les plus exigeants. R\u00e9sine CBD","robots":{"index":"index","follow":"follow","max-snippet":"max-snippet:-1","max-image-preview":"max-image-preview:large","max-video-preview":"max-video-preview:-1"},"canonical":"https:\/\/thetreecbd.com\/fr\/cbd\/resines-cbd-pollen-full-melt","og_locale":"fr_FR","og_type":"article","og_title":"Pollen Full Melt - Resine CBD | The Tree CBD","og_description":"Le Pollen Full Melt est un produit de grande qualit\u00e9, ar\u00f4me et saveurs intenses, qui ravira les fumeurs de Hash les plus exigeants. R\u00e9sine CBD","og_url":"https:\/\/thetreecbd.com\/fr\/cbd\/resines-cbd-pollen-full-melt","og_site_name":"The Tree CBD","article_publisher":"https:\/\/www.facebook.com\/thetreeCBD\/","article_modified_time":"2025-07-14T12:11:13+00:00","og_image":[{"width":600,"height":720,"url":"https:\/\/thetreecbd.com\/wp-content\/uploads\/2022\/12\/polen-full-melt-web.png","type":"image\/png"}],"twitter_card":"summary_large_image","twitter_site":"@TheTreeCBD_EU","twitter_misc":{"Dur\u00e9e de lecture estim\u00e9e":"4 minutes"},"schema":{"@context":"https:\/\/schema.org","@graph":[{"@type":["WebPage","ItemPage"],"@id":"https:\/\/thetreecbd.com\/fr\/cbd\/resines-cbd-pollen-full-melt","url":"https:\/\/thetreecbd.com\/fr\/cbd\/resines-cbd-pollen-full-melt","name":"Pollen Full Melt - Resine CBD | The Tree CBD","isPartOf":{"@id":"https:\/\/thetreecbd.com\/fr#website"},"primaryImageOfPage":{"@id":"https:\/\/thetreecbd.com\/fr\/cbd\/resines-cbd-pollen-full-melt#primaryimage"},"image":{"@id":"https:\/\/thetreecbd.com\/fr\/cbd\/resines-cbd-pollen-full-melt#primaryimage"},"thumbnailUrl":"https:\/\/thetreecbd.com\/wp-content\/uploads\/2022\/12\/polen-full-melt-web.png","datePublished":"2022-12-07T15:07:42+00:00","dateModified":"2025-07-14T12:11:13+00:00","description":"Le Pollen Full Melt est un produit de grande qualit\u00e9, ar\u00f4me et saveurs intenses, qui ravira les fumeurs de Hash les plus exigeants. R\u00e9sine CBD","breadcrumb":{"@id":"https:\/\/thetreecbd.com\/fr\/cbd\/resines-cbd-pollen-full-melt#breadcrumb"},"inLanguage":"fr-FR","potentialAction":[{"@type":"ReadAction","target":["https:\/\/thetreecbd.com\/fr\/cbd\/resines-cbd-pollen-full-melt"]}]},{"@type":"ImageObject","inLanguage":"fr-FR","@id":"https:\/\/thetreecbd.com\/fr\/cbd\/resines-cbd-pollen-full-melt#primaryimage","url":"https:\/\/thetreecbd.com\/wp-content\/uploads\/2022\/12\/polen-full-melt-web.png","contentUrl":"https:\/\/thetreecbd.com\/wp-content\/uploads\/2022\/12\/polen-full-melt-web.png","width":600,"height":720,"caption":"polen full melt"},{"@type":"BreadcrumbList","@id":"https:\/\/thetreecbd.com\/fr\/cbd\/resines-cbd-pollen-full-melt#breadcrumb","itemListElement":[{"@type":"ListItem","position":1,"name":"The Tree","item":"https:\/\/thetreecbd.com\/fr"},{"@type":"ListItem","position":2,"name":"CBD","item":"https:\/\/thetreecbd.com\/es\/cbd"},{"@type":"ListItem","position":3,"name":"Produits \u00e0 10% de CBD","item":"https:\/\/thetreecbd.com\/fr\/cbd-concentrees-10"},{"@type":"ListItem","position":4,"name":"Full Melt Pollen"}]},{"@type":"WebSite","@id":"https:\/\/thetreecbd.com\/fr#website","url":"https:\/\/thetreecbd.com\/fr","name":"The Tree CBD","description":"Comprar CBD en Espa\u00f1a Online","publisher":{"@id":"https:\/\/thetreecbd.com\/fr#organization"},"potentialAction":[{"@type":"SearchAction","target":{"@type":"EntryPoint","urlTemplate":"https:\/\/thetreecbd.com\/fr?s={search_term_string}"},"query-input":{"@type":"PropertyValueSpecification","valueRequired":true,"valueName":"search_term_string"}}],"inLanguage":"fr-FR"},{"@type":"Organization","@id":"https:\/\/thetreecbd.com\/fr#organization","name":"The Tree CBD","url":"https:\/\/thetreecbd.com\/fr","logo":{"@type":"ImageObject","inLanguage":"fr-FR","@id":"https:\/\/thetreecbd.com\/fr#\/schema\/logo\/image\/","url":"https:\/\/thetreecbd.com\/wp-content\/uploads\/2022\/04\/logo-thetree.png","contentUrl":"https:\/\/thetreecbd.com\/wp-content\/uploads\/2022\/04\/logo-thetree.png","width":172,"height":55,"caption":"The Tree CBD"},"image":{"@id":"https:\/\/thetreecbd.com\/fr#\/schema\/logo\/image\/"},"sameAs":["https:\/\/www.facebook.com\/thetreeCBD\/","https:\/\/x.com\/TheTreeCBD_EU","https:\/\/www.instagram.com\/thetree.cbd\/","https:\/\/es.trustpilot.com\/review\/thetreecbd.com"]}]}},"_links":{"self":[{"href":"https:\/\/thetreecbd.com\/fr\/wp-json\/wp\/v2\/product\/107390","targetHints":{"allow":["GET"]}}],"collection":[{"href":"https:\/\/thetreecbd.com\/fr\/wp-json\/wp\/v2\/product"}],"about":[{"href":"https:\/\/thetreecbd.com\/fr\/wp-json\/wp\/v2\/types\/product"}],"version-history":[{"count":0,"href":"https:\/\/thetreecbd.com\/fr\/wp-json\/wp\/v2\/product\/107390\/revisions"}],"wp:featuredmedia":[{"embeddable":true,"href":"https:\/\/thetreecbd.com\/fr\/wp-json\/wp\/v2\/media\/113112"}],"wp:attachment":[{"href":"https:\/\/thetreecbd.com\/fr\/wp-json\/wp\/v2\/media?parent=107390"}],"wp:term":[{"taxonomy":"product_brand","embeddable":true,"href":"https:\/\/thetreecbd.com\/fr\/wp-json\/wp\/v2\/product_brand?post=107390"}],"curies":[{"name":"wp","href":"https:\/\/api.w.org\/{rel}","templated":true}]}}