{"id":108172,"date":"2022-12-15T19:20:05","date_gmt":"2022-12-15T18:20:05","guid":{"rendered":"https:\/\/thetreecbd.com\/?post_type=product&#038;p=108172"},"modified":"2025-07-14T13:51:56","modified_gmt":"2025-07-14T11:51:56","slug":"resines-cbd-cbn-cream","status":"publish","type":"product","link":"https:\/\/thetreecbd.com\/fr\/cbd\/resines-cbd-cbn-cream","title":{"rendered":"CBN Cream"},"content":{"rendered":"<p><span style=\"font-weight: 400;\">Le CBN Cream, comme son nom l&#8217;indique, est un <strong>dry hasch au CBN,<\/strong> la derni\u00e8re nouveaut\u00e9 apport\u00e9e par l&#8217;\u00e9quipe de The Tree CBD. Cette extraction est un haschisch sp\u00e9cial qui est obtenu en utilisant seulement une maille de 70 microns, extrayant uniquement les meilleures propri\u00e9t\u00e9s du chanvre. L&#8217;objectif est d&#8217;offrir un produit avec tous ses terp\u00e8nes naturels et avec un ar\u00f4me fort sans additifs artificiels, uniquement de vrais terp\u00e8nes de chanvre.<\/span><\/p>\n<p><span style=\"font-weight: 400;\">La r\u00e9sine de 70 microns mesh est la meilleure expression de notre hasch CBN Cream. Cette r\u00e9sine de cannabis de The Tree CBD est un <strong>produit artisanal de haute qualit\u00e9,<\/strong> contrairement aux autres types de haschich commercial. A l&#8217;\u0153il nu, seuls des cristaux de r\u00e9sine sont visibles et un agr\u00e9able m\u00e9lange d&#8217;ar\u00f4mes s&#8217;en d\u00e9gage. La qualit\u00e9 de ce produit devient \u00e9vidente avec l&#8217;odeur et les ar\u00f4mes initiaux. Avec un parfum comparable \u00e0 celui des plus belles extractions, il procure une <strong>exp\u00e9rience exceptionnelle et un ar\u00f4me terreux et nostalgique.<\/strong><\/span><\/p>\n<p><span style=\"font-weight: 400;\">Les r\u00e9sines sont particuli\u00e8rement <strong>appr\u00e9ci\u00e9es par des acheteurs exp\u00e9riment\u00e9s<\/strong>. Gr\u00e2ce au processus d&#8217;extraction, nous nous assurons d&#8217;\u00e9liminer la majeure partie du mat\u00e9riel v\u00e9g\u00e9tal, en parvenant \u00e0 concentrer uniquement les cannabino\u00efdes. De plus, en \u00e9liminant la chlorophylle, on obtient un ar\u00f4me beaucoup plus doux.<\/span><\/p>\n<p><span style=\"font-weight: 400;\">Cette r\u00e9sine CBD et CBN est tr\u00e8s riche en cannabino\u00efdes, car elle en contient une forte concentration, <strong>avec 20 % de CBD, 8 % de CBN et 3 % de CBG<\/strong>. De plus, il provient de cultures de chanvre biologique en Europe et contient <strong>moins de 0,2 % de THC, ce qui le rend l\u00e9gal dans toute l&#8217;Europe<\/strong>.<\/span><\/p>\n<p><span style=\"font-weight: 400;\">Ces r\u00e9sines de la plus haute qualit\u00e9 sont fabriqu\u00e9s \u00e0 l&#8217;aide de tamis \u00e0 mailles extr\u00eamement fines qui emp\u00eachent le mat\u00e9riel v\u00e9g\u00e9tal de passer \u00e0 travers, uniquement les minuscules t\u00eates de trichomes. Tout comme le Bubble Hash CBD propos\u00e9 par The Tree CBD.<\/span><\/p>\n<p>&nbsp;<\/p>\n<h2><strong>Qu&#8217;est-ce que le CBN?<\/strong><\/h2>\n<p><span style=\"font-weight: 400;\">Le cannabinol ou <strong>CBN est l&#8217;un des multiples cannabino\u00efdes trouv\u00e9s dans la plante de cannabis<\/strong> et est class\u00e9 comme un cannabino\u00efde mineur. Gr\u00e2ce \u00e0 des recherches plus approfondies sur les effets de ce cannabino\u00efde, <strong>la science se rapproche de la d\u00e9termination de l&#8217;influence b\u00e9n\u00e9fique du CBN sur des processus tels que le sommeil et l&#8217;app\u00e9tit.<\/strong><\/span><\/p>\n<p><span style=\"font-weight: 400;\">M\u00eame ainsi, la production, l&#8217;isolement et l&#8217;utilisation du CBN posent un plus grand d\u00e9fi que d&#8217;autres cannabino\u00efdes tels que le CBD ou le CBG. La raison principale est que, comme nous l&#8217;avons mentionn\u00e9, <strong>le cannabinol est consid\u00e9r\u00e9 comme un cannabino\u00efde &#8220;mineur&#8221; car sa pr\u00e9sence est g\u00e9n\u00e9ralement \u00e0 de tr\u00e8s faibles concentrations dans les plantes de cannabis vivantes,<\/strong> en particulier par rapport au CBD. Cela rend difficile la production et la r\u00e9colte de ce cannabino\u00efde pour son utilisation ult\u00e9rieure dans des produits, qu&#8217;ils soient cosm\u00e9tiques, aromatiques,&#8230;<\/span><\/p>\n<p>&nbsp;<\/p>\n<h2><strong>En quoi le CBN et le CBD sont-ils diff\u00e9rents?<\/strong><\/h2>\n<p><span style=\"font-weight: 400;\">La diff\u00e9rence la plus importante entre le CBN et le CBD est la fa\u00e7on dont ils sont cr\u00e9\u00e9s. Comme nous l&#8217;avons mentionn\u00e9, le CBN est la substance que le THC transforme avec le temps et l&#8217;exposition \u00e0 des facteurs environnementaux. Le CBD, en revanche, existe sur sa propre branche ind\u00e9pendante de l&#8217;arbre g\u00e9n\u00e9alogique des cannabino\u00efdes. Compte tenu de sa relative abondance dans les vari\u00e9t\u00e9s modernes de chanvre et de cannabis, le CBD est consid\u00e9r\u00e9 comme un cannabino\u00efde \u00ab majeur \u00bb tandis que le CBN est consid\u00e9r\u00e9 comme un \u00ab secondaire \u00bb.<\/span><\/p>\n<p><span style=\"font-weight: 400;\">La principale et la plus grande diff\u00e9rence entre le CBN et le CBD r\u00e9side dans leur production et leur collecte. Comme nous l&#8217;avons d\u00e9j\u00e0 dit, <strong>le CBN est cr\u00e9\u00e9 lorsque la plante de cannabis s&#8217;oxyde avec le temps et l&#8217;exposition aux facteurs environnementaux<\/strong>, c&#8217;est pourquoi on le trouve tr\u00e8s peu dans les plantes vivantes.<\/span><\/p>\n<p><span style=\"font-weight: 400;\"><strong>Le CBD poss\u00e8de sa propre branche ind\u00e9pendante de l&#8217;arbre g\u00e9n\u00e9alogique des cannabino\u00efdes.<\/strong> Puisqu&#8217;il s&#8217;agit d&#8217;un cannabino\u00efde que l&#8217;on trouve en abondance dans les vari\u00e9t\u00e9s modernes de chanvre et de cannabis, le CBD est consid\u00e9r\u00e9 comme un cannabino\u00efde primaire, tandis que le CBN est consid\u00e9r\u00e9 comme un cannabino\u00efde secondaire.<\/span><\/p>\n<p>&nbsp;<\/p>\n<h2><strong>Caract\u00e9ristiques de le CBN HASH CREAM<\/strong><\/h2>\n<ul>\n<li><span style=\"font-weight: 400;\">Hachage CBN extrait de la plante de chanvre.<\/span><\/li>\n<li>20% CBD<\/li>\n<li>8% CBN<\/li>\n<li>3 % de CBD<\/li>\n<li>Format : sachets de 3g. 5g, 15g. et 25 gr.<\/li>\n<li>Moins de 0,19 % de THC.<\/li>\n<li>Aucun effet psychoactif.<\/li>\n<li>Chanvre issu de l&#8217;agriculture biologique.<\/li>\n<li>Sans OGM.<\/li>\n<li>Sans pesticides.<\/li>\n<\/ul>\n<p>&nbsp;<\/p>\n<h2><strong>Ar\u00f4me CBD<\/strong><\/h2>\n<p><span style=\"font-weight: 400;\">Les terp\u00e8nes peuvent \u00eatre trouv\u00e9s dans la plupart des huiles essentielles de nombreuses plantes, fleurs et fruits, et sont responsables de l&#8217;odeur et de la saveur. Dans le cannabis, nous pouvons trouver un large profil de terp\u00e8nes.<\/span><\/p>\n<p>&nbsp;<\/p>\n<h2><strong>Emballage<\/strong><\/h2>\n<p><span style=\"font-weight: 400;\">Les extractions l\u00e9gales Tree CBD sont livr\u00e9es dans un sachet plastique biod\u00e9gradable, sp\u00e9cialement con\u00e7u pour prot\u00e9ger et entretenir correctement les extractions CBD. Ces sachets peuvent \u00eatre referm\u00e9s afin que le produit ne perde pas sa fra\u00eecheur et son odeur d&#8217;origine.<\/span><\/p>\n<p>&nbsp;<\/p>\n<h2><strong>Format<\/strong><\/h2>\n<p><span style=\"font-weight: 400;\">La vari\u00e9t\u00e9 CBN Cream est disponible dans les formats suivants afin que vous puissiez choisir celui qui vous convient le mieux : 3g, 5g, 15g et 25g.<\/span><\/p>\n<p>&nbsp;<\/p>\n<h2><strong>Espace de rangement<\/strong><\/h2>\n<p><span style=\"font-weight: 400;\">Id\u00e9alement, les r\u00e9sines The Tree CBD doivent \u00eatre stock\u00e9es dans un endroit frais et sec, \u00e0 l&#8217;abri des odeurs l\u00e9g\u00e8res et fortes pour \u00e9viter tout type de contamination et\/ou de d\u00e9gradation. \u00c9vitez la lumi\u00e8re directe du soleil et la chaleur. Garder hors de la port\u00e9e des enfants.<\/span><\/p>\n<p><span style=\"font-weight: 400;\">Attention : La dur\u00e9e de conservation indiqu\u00e9e est d&#8217;un mois si stock\u00e9 correctement.<\/span><\/p>\n<p>&nbsp;<\/p>\n<h2><span style=\"font-weight: 400;\"><strong>C&#8217;est pour qui?<\/strong><\/span><\/h2>\n<p><span style=\"font-weight: 400;\">La cr\u00e8me CBN est tr\u00e8s attrayante en raison de son ton sombre, ainsi que d&#8217;un toucher doux et d&#8217;une texture dense et collante. Sa combinaison de cannabino\u00efdes lui donne une apparence et un ar\u00f4me qui \u00e9manent de la terre et de la nostalgie.<\/span><\/p>\n<p><span style=\"font-weight: 400;\">Du point de vue de l&#8217;acheteur, la cr\u00e8me CBN est destin\u00e9e aux acheteurs \u00e0 la recherche d&#8217;un produit artisanal de haute qualit\u00e9 avec un fort ar\u00f4me terreux.<\/span><\/p>\n<p><span style=\"font-weight: 400;\">Nos r\u00e9sines sont destin\u00e9es \u00e0 toute personne de plus de 18 ans.<\/span><\/p>\n<p>&nbsp;<\/p>\n<h2><strong>Information de s\u00e9curit\u00e9<\/strong><\/h2>\n<p><span style=\"font-weight: 400;\">Il est important de garder \u00e0 l&#8217;esprit que les extractions The Tree CBD sont un produit d\u00e9coratif, de collection et aromatique. Ils ne doivent pas \u00eatre utilis\u00e9s pendant la grossesse ou l&#8217;allaitement. Garder hors de la port\u00e9e des enfants.<\/span><\/p>\n<p><span style=\"font-weight: 400;\">Nos extractions peuvent contenir une certaine quantit\u00e9 de THC. Bien s\u00fbr toujours en dessous de la limite l\u00e9gale autoris\u00e9e dans l&#8217;UE de 0,2 % de THC.<\/span><\/p>\n<p><span style=\"font-weight: 400;\">Le contenu fourni est uniquement \u00e0 des fins d&#8217;information et de formation et ne remplace en aucun cas l&#8217;avis d&#8217;un m\u00e9decin ou d&#8217;un pharmacien. Nos textes ne sont pas destin\u00e9s au diagnostic et au traitement ind\u00e9pendants des maladies.<\/span><\/p>\n<p><span style=\"font-weight: 400;\">N&#8217;h\u00e9sitez pas \u00e0 nous contacter si vous avez d&#8217;autres questions.<\/span><\/p>\n<p>&nbsp;<\/p>\n","protected":false},"excerpt":{"rendered":"<ul>\n<li><span style=\"font-weight: 400;\">Hachage CBN extrait de la plante de chanvre.<\/span><\/li>\n<li>20% CBD<\/li>\n<li>8% CBN<\/li>\n<li>3 % de CBD<\/li>\n<li>Format : sachets de 3g. 5g, 15g. et 25 gr.<\/li>\n<li>Moins de 0,19 % de THC.<\/li>\n<li>Aucun effet psychoactif.<\/li>\n<li>Chanvre issu de l&#8217;agriculture biologique.<\/li>\n<li>Sans OGM.<\/li>\n<li>Sans pesticides.<\/li>\n<\/ul>\n","protected":false},"featured_media":113106,"template":"","meta":{"_acf_changed":false},"product_brand":[],"class_list":{"0":"post-108172","1":"product","2":"type-product","3":"status-publish","4":"has-post-thumbnail","6":"product_cat-cbd-concentrees-10","7":"product_cat-resines-cbd","9":"first","10":"instock","11":"taxable","12":"shipping-taxable","13":"purchasable","14":"product-type-variable"},"acf":[],"yoast_head":"<!-- This site is optimized with the Yoast SEO plugin v26.3 - https:\/\/yoast.com\/wordpress\/plugins\/seo\/ -->\n<title>CBN Cream - Resine CBD | The Tree CBD<\/title>\n<meta name=\"description\" content=\"La cr\u00e8me CBN est un produit d&#039;haute qualit\u00e9, \u00e0 l&#039;ar\u00f4me intense qui ravira les clients les plus exigeants. D\u00e9couvrez les meilleures r\u00e9sines CBD et hasch CBN\" \/>\n<meta name=\"robots\" content=\"index, follow, max-snippet:-1, max-image-preview:large, max-video-preview:-1\" \/>\n<link rel=\"canonical\" href=\"https:\/\/thetreecbd.com\/fr\/cbd\/resines-cbd-cbn-cream\" \/>\n<meta property=\"og:locale\" content=\"fr_FR\" \/>\n<meta property=\"og:type\" content=\"article\" \/>\n<meta property=\"og:title\" content=\"CBN Cream - Resine CBD | The Tree CBD\" \/>\n<meta property=\"og:description\" content=\"La cr\u00e8me CBN est un produit d&#039;haute qualit\u00e9, \u00e0 l&#039;ar\u00f4me intense qui ravira les clients les plus exigeants. D\u00e9couvrez les meilleures r\u00e9sines CBD et hasch CBN\" \/>\n<meta property=\"og:url\" content=\"https:\/\/thetreecbd.com\/fr\/cbd\/resines-cbd-cbn-cream\" \/>\n<meta property=\"og:site_name\" content=\"The Tree CBD\" \/>\n<meta property=\"article:publisher\" content=\"https:\/\/www.facebook.com\/thetreeCBD\/\" \/>\n<meta property=\"article:modified_time\" content=\"2025-07-14T11:51:56+00:00\" \/>\n<meta property=\"og:image\" content=\"https:\/\/thetreecbd.com\/wp-content\/uploads\/2022\/12\/cbn-cream-web.png\" \/>\n\t<meta property=\"og:image:width\" content=\"600\" \/>\n\t<meta property=\"og:image:height\" content=\"720\" \/>\n\t<meta property=\"og:image:type\" content=\"image\/png\" \/>\n<meta name=\"twitter:card\" content=\"summary_large_image\" \/>\n<meta name=\"twitter:site\" content=\"@TheTreeCBD_EU\" \/>\n<meta name=\"twitter:label1\" content=\"Dur\u00e9e de lecture estim\u00e9e\" \/>\n\t<meta name=\"twitter:data1\" content=\"5 minutes\" \/>\n<script type=\"application\/ld+json\" class=\"yoast-schema-graph\">{\"@context\":\"https:\/\/schema.org\",\"@graph\":[{\"@type\":[\"WebPage\",\"ItemPage\"],\"@id\":\"https:\/\/thetreecbd.com\/fr\/cbd\/resines-cbd-cbn-cream\",\"url\":\"https:\/\/thetreecbd.com\/fr\/cbd\/resines-cbd-cbn-cream\",\"name\":\"CBN Cream - Resine CBD | The Tree CBD\",\"isPartOf\":{\"@id\":\"https:\/\/thetreecbd.com\/fr#website\"},\"primaryImageOfPage\":{\"@id\":\"https:\/\/thetreecbd.com\/fr\/cbd\/resines-cbd-cbn-cream#primaryimage\"},\"image\":{\"@id\":\"https:\/\/thetreecbd.com\/fr\/cbd\/resines-cbd-cbn-cream#primaryimage\"},\"thumbnailUrl\":\"https:\/\/thetreecbd.com\/wp-content\/uploads\/2022\/12\/cbn-cream-web.png\",\"datePublished\":\"2022-12-15T18:20:05+00:00\",\"dateModified\":\"2025-07-14T11:51:56+00:00\",\"description\":\"La cr\u00e8me CBN est un produit d'haute qualit\u00e9, \u00e0 l'ar\u00f4me intense qui ravira les clients les plus exigeants. D\u00e9couvrez les meilleures r\u00e9sines CBD et hasch CBN\",\"breadcrumb\":{\"@id\":\"https:\/\/thetreecbd.com\/fr\/cbd\/resines-cbd-cbn-cream#breadcrumb\"},\"inLanguage\":\"fr-FR\",\"potentialAction\":[{\"@type\":\"ReadAction\",\"target\":[\"https:\/\/thetreecbd.com\/fr\/cbd\/resines-cbd-cbn-cream\"]}]},{\"@type\":\"ImageObject\",\"inLanguage\":\"fr-FR\",\"@id\":\"https:\/\/thetreecbd.com\/fr\/cbd\/resines-cbd-cbn-cream#primaryimage\",\"url\":\"https:\/\/thetreecbd.com\/wp-content\/uploads\/2022\/12\/cbn-cream-web.png\",\"contentUrl\":\"https:\/\/thetreecbd.com\/wp-content\/uploads\/2022\/12\/cbn-cream-web.png\",\"width\":600,\"height\":720,\"caption\":\"cbn cream resina\"},{\"@type\":\"BreadcrumbList\",\"@id\":\"https:\/\/thetreecbd.com\/fr\/cbd\/resines-cbd-cbn-cream#breadcrumb\",\"itemListElement\":[{\"@type\":\"ListItem\",\"position\":1,\"name\":\"The Tree\",\"item\":\"https:\/\/thetreecbd.com\/fr\"},{\"@type\":\"ListItem\",\"position\":2,\"name\":\"CBD\",\"item\":\"https:\/\/thetreecbd.com\/es\/cbd\"},{\"@type\":\"ListItem\",\"position\":3,\"name\":\"Produits \u00e0 10% de CBD\",\"item\":\"https:\/\/thetreecbd.com\/fr\/cbd-concentrees-10\"},{\"@type\":\"ListItem\",\"position\":4,\"name\":\"CBN Cream\"}]},{\"@type\":\"WebSite\",\"@id\":\"https:\/\/thetreecbd.com\/fr#website\",\"url\":\"https:\/\/thetreecbd.com\/fr\",\"name\":\"The Tree CBD\",\"description\":\"Comprar CBD en Espa\u00f1a Online\",\"publisher\":{\"@id\":\"https:\/\/thetreecbd.com\/fr#organization\"},\"potentialAction\":[{\"@type\":\"SearchAction\",\"target\":{\"@type\":\"EntryPoint\",\"urlTemplate\":\"https:\/\/thetreecbd.com\/fr?s={search_term_string}\"},\"query-input\":{\"@type\":\"PropertyValueSpecification\",\"valueRequired\":true,\"valueName\":\"search_term_string\"}}],\"inLanguage\":\"fr-FR\"},{\"@type\":\"Organization\",\"@id\":\"https:\/\/thetreecbd.com\/fr#organization\",\"name\":\"The Tree CBD\",\"url\":\"https:\/\/thetreecbd.com\/fr\",\"logo\":{\"@type\":\"ImageObject\",\"inLanguage\":\"fr-FR\",\"@id\":\"https:\/\/thetreecbd.com\/fr#\/schema\/logo\/image\/\",\"url\":\"https:\/\/thetreecbd.com\/wp-content\/uploads\/2022\/04\/logo-thetree.png\",\"contentUrl\":\"https:\/\/thetreecbd.com\/wp-content\/uploads\/2022\/04\/logo-thetree.png\",\"width\":172,\"height\":55,\"caption\":\"The Tree CBD\"},\"image\":{\"@id\":\"https:\/\/thetreecbd.com\/fr#\/schema\/logo\/image\/\"},\"sameAs\":[\"https:\/\/www.facebook.com\/thetreeCBD\/\",\"https:\/\/x.com\/TheTreeCBD_EU\",\"https:\/\/www.instagram.com\/thetree.cbd\/\",\"https:\/\/es.trustpilot.com\/review\/thetreecbd.com\"]}]}<\/script>\n<!-- \/ Yoast SEO plugin. -->","yoast_head_json":{"title":"CBN Cream - Resine CBD | The Tree CBD","description":"La cr\u00e8me CBN est un produit d'haute qualit\u00e9, \u00e0 l'ar\u00f4me intense qui ravira les clients les plus exigeants. D\u00e9couvrez les meilleures r\u00e9sines CBD et hasch CBN","robots":{"index":"index","follow":"follow","max-snippet":"max-snippet:-1","max-image-preview":"max-image-preview:large","max-video-preview":"max-video-preview:-1"},"canonical":"https:\/\/thetreecbd.com\/fr\/cbd\/resines-cbd-cbn-cream","og_locale":"fr_FR","og_type":"article","og_title":"CBN Cream - Resine CBD | The Tree CBD","og_description":"La cr\u00e8me CBN est un produit d'haute qualit\u00e9, \u00e0 l'ar\u00f4me intense qui ravira les clients les plus exigeants. D\u00e9couvrez les meilleures r\u00e9sines CBD et hasch CBN","og_url":"https:\/\/thetreecbd.com\/fr\/cbd\/resines-cbd-cbn-cream","og_site_name":"The Tree CBD","article_publisher":"https:\/\/www.facebook.com\/thetreeCBD\/","article_modified_time":"2025-07-14T11:51:56+00:00","og_image":[{"width":600,"height":720,"url":"https:\/\/thetreecbd.com\/wp-content\/uploads\/2022\/12\/cbn-cream-web.png","type":"image\/png"}],"twitter_card":"summary_large_image","twitter_site":"@TheTreeCBD_EU","twitter_misc":{"Dur\u00e9e de lecture estim\u00e9e":"5 minutes"},"schema":{"@context":"https:\/\/schema.org","@graph":[{"@type":["WebPage","ItemPage"],"@id":"https:\/\/thetreecbd.com\/fr\/cbd\/resines-cbd-cbn-cream","url":"https:\/\/thetreecbd.com\/fr\/cbd\/resines-cbd-cbn-cream","name":"CBN Cream - Resine CBD | The Tree CBD","isPartOf":{"@id":"https:\/\/thetreecbd.com\/fr#website"},"primaryImageOfPage":{"@id":"https:\/\/thetreecbd.com\/fr\/cbd\/resines-cbd-cbn-cream#primaryimage"},"image":{"@id":"https:\/\/thetreecbd.com\/fr\/cbd\/resines-cbd-cbn-cream#primaryimage"},"thumbnailUrl":"https:\/\/thetreecbd.com\/wp-content\/uploads\/2022\/12\/cbn-cream-web.png","datePublished":"2022-12-15T18:20:05+00:00","dateModified":"2025-07-14T11:51:56+00:00","description":"La cr\u00e8me CBN est un produit d'haute qualit\u00e9, \u00e0 l'ar\u00f4me intense qui ravira les clients les plus exigeants. D\u00e9couvrez les meilleures r\u00e9sines CBD et hasch CBN","breadcrumb":{"@id":"https:\/\/thetreecbd.com\/fr\/cbd\/resines-cbd-cbn-cream#breadcrumb"},"inLanguage":"fr-FR","potentialAction":[{"@type":"ReadAction","target":["https:\/\/thetreecbd.com\/fr\/cbd\/resines-cbd-cbn-cream"]}]},{"@type":"ImageObject","inLanguage":"fr-FR","@id":"https:\/\/thetreecbd.com\/fr\/cbd\/resines-cbd-cbn-cream#primaryimage","url":"https:\/\/thetreecbd.com\/wp-content\/uploads\/2022\/12\/cbn-cream-web.png","contentUrl":"https:\/\/thetreecbd.com\/wp-content\/uploads\/2022\/12\/cbn-cream-web.png","width":600,"height":720,"caption":"cbn cream resina"},{"@type":"BreadcrumbList","@id":"https:\/\/thetreecbd.com\/fr\/cbd\/resines-cbd-cbn-cream#breadcrumb","itemListElement":[{"@type":"ListItem","position":1,"name":"The Tree","item":"https:\/\/thetreecbd.com\/fr"},{"@type":"ListItem","position":2,"name":"CBD","item":"https:\/\/thetreecbd.com\/es\/cbd"},{"@type":"ListItem","position":3,"name":"Produits \u00e0 10% de CBD","item":"https:\/\/thetreecbd.com\/fr\/cbd-concentrees-10"},{"@type":"ListItem","position":4,"name":"CBN Cream"}]},{"@type":"WebSite","@id":"https:\/\/thetreecbd.com\/fr#website","url":"https:\/\/thetreecbd.com\/fr","name":"The Tree CBD","description":"Comprar CBD en Espa\u00f1a Online","publisher":{"@id":"https:\/\/thetreecbd.com\/fr#organization"},"potentialAction":[{"@type":"SearchAction","target":{"@type":"EntryPoint","urlTemplate":"https:\/\/thetreecbd.com\/fr?s={search_term_string}"},"query-input":{"@type":"PropertyValueSpecification","valueRequired":true,"valueName":"search_term_string"}}],"inLanguage":"fr-FR"},{"@type":"Organization","@id":"https:\/\/thetreecbd.com\/fr#organization","name":"The Tree CBD","url":"https:\/\/thetreecbd.com\/fr","logo":{"@type":"ImageObject","inLanguage":"fr-FR","@id":"https:\/\/thetreecbd.com\/fr#\/schema\/logo\/image\/","url":"https:\/\/thetreecbd.com\/wp-content\/uploads\/2022\/04\/logo-thetree.png","contentUrl":"https:\/\/thetreecbd.com\/wp-content\/uploads\/2022\/04\/logo-thetree.png","width":172,"height":55,"caption":"The Tree CBD"},"image":{"@id":"https:\/\/thetreecbd.com\/fr#\/schema\/logo\/image\/"},"sameAs":["https:\/\/www.facebook.com\/thetreeCBD\/","https:\/\/x.com\/TheTreeCBD_EU","https:\/\/www.instagram.com\/thetree.cbd\/","https:\/\/es.trustpilot.com\/review\/thetreecbd.com"]}]}},"_links":{"self":[{"href":"https:\/\/thetreecbd.com\/fr\/wp-json\/wp\/v2\/product\/108172","targetHints":{"allow":["GET"]}}],"collection":[{"href":"https:\/\/thetreecbd.com\/fr\/wp-json\/wp\/v2\/product"}],"about":[{"href":"https:\/\/thetreecbd.com\/fr\/wp-json\/wp\/v2\/types\/product"}],"version-history":[{"count":0,"href":"https:\/\/thetreecbd.com\/fr\/wp-json\/wp\/v2\/product\/108172\/revisions"}],"wp:featuredmedia":[{"embeddable":true,"href":"https:\/\/thetreecbd.com\/fr\/wp-json\/wp\/v2\/media\/113106"}],"wp:attachment":[{"href":"https:\/\/thetreecbd.com\/fr\/wp-json\/wp\/v2\/media?parent=108172"}],"wp:term":[{"taxonomy":"product_brand","embeddable":true,"href":"https:\/\/thetreecbd.com\/fr\/wp-json\/wp\/v2\/product_brand?post=108172"}],"curies":[{"name":"wp","href":"https:\/\/api.w.org\/{rel}","templated":true}]}}