{"id":108384,"date":"2022-12-20T19:36:29","date_gmt":"2022-12-20T18:36:29","guid":{"rendered":"https:\/\/thetreecbd.com\/?post_type=product&#038;p=108384"},"modified":"2025-05-07T18:33:05","modified_gmt":"2025-05-07T16:33:05","slug":"sundae-driver-vape-cbd","status":"publish","type":"product","link":"https:\/\/thetreecbd.com\/fr\/cbd\/sundae-driver-vape-cbd","title":{"rendered":"Sundae Driver Vape CBD"},"content":{"rendered":"<p><span style=\"font-weight: 400;\">Le <strong>Sundae Driver vape CBD<\/strong> de The Tree CBD est un vapo tout-en-un, <strong>rechargeable et jetable, discret et styl\u00e9<\/strong>, ses performances ne doivent pas \u00eatre sous-estim\u00e9es de par sa taille, sa l\u00e9g\u00e8ret\u00e9 et le style apport\u00e9 par sa finition mate et son design distingu\u00e9 de diamants.<\/span><\/p>\n<p><span style=\"font-weight: 400;\">Ce vapo CBD <strong>ne contient pas de thc ni de nicotine,<\/strong> il n&#8217;a donc aucun effet psychoactif et ne cr\u00e9e aucune d\u00e9pendance. Il poss\u00e8de un <strong>r\u00e9servoir de 0,5 ml, rempli de distillat de CBD \u00e0 85 %, donnant une teneur totale de 425 mg \u00e0 chaque vape.<\/strong> Un vrai d\u00e9lice jetable qui vous procurera jusqu&#8217;\u00e0 800 bouff\u00e9es.<\/span><\/p>\n<p><span style=\"font-weight: 400;\">Avec cette vape particuli\u00e8re, vous pouvez profiter de l&#8217;ar\u00f4me du luxuriant et d\u00e9licieux <a href=\"https:\/\/thetreecbd.com\/fr\/cbd\/fleurs-cbd-cali-sundae-driver\">Sundae Driver<\/a>. Cette vari\u00e9t\u00e9, qui a remport\u00e9 le deuxi\u00e8me prix de la Harvest Cup, est facilement reconnaissable gr\u00e2ce \u00e0 sa <strong>saveur douce, cr\u00e9meuse et chocolat\u00e9e, avec une exhalation l\u00e9g\u00e8rement sucr\u00e9e et fruit\u00e9e.<\/strong> Un ar\u00f4me semblable \u00e0 un dessert sucr\u00e9 avec des morceaux de chocolat.<\/span><\/p>\n<p><span style=\"font-weight: 400;\">Ce produit innovant dispose d&#8217;un syst\u00e8me de<strong> r\u00e9servoir d&#8217;huile visible int\u00e9gr\u00e9,<\/strong> de sorte que The Tree CBD Disposable Vape offre un grand confort pour que vous puissiez profiter de chaque derni\u00e8re goutte.<\/span><\/p>\n<p><span style=\"font-weight: 400;\">Pensant le plus possible au soin,<strong> la structure interne de la &#8216;Poche&#8217; est en acier inoxydable 316L de qualit\u00e9 m\u00e9dicale, ce qui garantit un haut niveau de s\u00e9curit\u00e9.<\/strong> Le design moderne du vapo a une lumi\u00e8re LED int\u00e9gr\u00e9e qui s&#8217;active lorsque vous inspirez. Il est cr\u00e9\u00e9 pour \u00eatre votre excellent compagnon.<\/span><\/p>\n<p><span style=\"font-weight: 400;\">Contrairement \u00e0 d&#8217;autres vapoteurs jetables qui manquent de batterie \u00e0 mi-parcours d&#8217;utilisation, The Tree CBD <strong>Vape est aliment\u00e9 par une batterie stock\u00e9e de 350 mAh avec une fonction &#8216;Poche&#8217; rechargeable<\/strong> qui emp\u00eache la batterie de s&#8217;\u00e9puiser avant que l&#8217;huile ne le fasse, garantissant ainsi une exp\u00e9rience de longue dur\u00e9e. , sans surprises ni contretemps.<\/span><\/p>\n<p>&nbsp;<\/p>\n<h2><strong>Caract\u00e9ristiques de The Tree Jetable CBD Vape<\/strong><\/h2>\n<ul>\n<li><span style=\"font-weight: 400;\">Capacit\u00e9 du r\u00e9servoir : 0,5 ml.<\/span><\/li>\n<li>Contient 425 mg de CBD (85%).<\/li>\n<li>Parfum Sundae Driver.<\/li>\n<li>Conception avec r\u00e9servoir d&#8217;huile visible.<\/li>\n<li>Buse PCTG de qualit\u00e9 alimentaire.<\/li>\n<li>Structure interne en acier inoxydable 316L de qualit\u00e9 m\u00e9dicale.<\/li>\n<li>Il est activ\u00e9 par inhalation.<\/li>\n<li>Indicateur LED int\u00e9gr\u00e9.<\/li>\n<li>Taille : 93,7 x 22 x 11 mm.<\/li>\n<li>Batterie : int\u00e9gr\u00e9e 350 mAh.<\/li>\n<li>Capacit\u00e9 du r\u00e9servoir : 0,5 ml.<\/li>\n<li>Garanti sans THC et sans nicotine.<\/li>\n<li>Sans alcool et sans extraits d&#8217;animaux.<\/li>\n<\/ul>\n<p>&nbsp;<\/p>\n<h2><strong>Odeur<\/strong><\/h2>\n<p><span style=\"font-weight: 400;\">Les terp\u00e8nes peuvent \u00eatre trouv\u00e9s dans la plupart des huiles essentielles de nombreuses plantes, fleurs et fruits, ils sont charg\u00e9s de fournir l&#8217;odeur et la saveur. Dans le cannabis, nous pouvons trouver un large profil de terp\u00e8nes. Parfum : Sundae Driver.<\/span><\/p>\n<p>&nbsp;<\/p>\n<h2><strong>Format<\/strong><\/h2>\n<p><span style=\"font-weight: 400;\">Le Tree CBD Disposable Vape se pr\u00e9sente sous la forme d&#8217;une cigarette \u00e9lectronique qui tient dans la paume de la main, avec un design en forme de losange et un r\u00e9servoir d&#8217;huile visible qui lui donne beaucoup de style et de discr\u00e9tion.<\/span><\/p>\n<p>&nbsp;<\/p>\n<h2><strong>Espace de rangement<\/strong><\/h2>\n<p><span style=\"font-weight: 400;\">Le Tree CBD Disposable Vape doit \u00eatre stock\u00e9 dans un endroit frais et sec, \u00e0 l&#8217;abri des odeurs l\u00e9g\u00e8res et fortes pour \u00e9viter tout type de contamination. \u00c9vitez la lumi\u00e8re directe du soleil et la chaleur. Une fois termin\u00e9, il doit \u00eatre jet\u00e9.<\/span><\/p>\n<p>&nbsp;<\/p>\n<h2><strong>C&#8217;est pour qui?<\/strong><\/h2>\n<p><span style=\"font-weight: 400;\">Le CBD Disposable Vape est destin\u00e9 \u00e0 toute personne de plus de 18 ans.<\/span><\/p>\n<p>&nbsp;<\/p>\n<h2><strong>Information de s\u00e9curit\u00e9<\/strong><\/h2>\n<p><span style=\"font-weight: 400;\">Gardez \u00e0 l&#8217;esprit que le CBD Disposable Vape est un produit destin\u00e9 aux personnes majeures. Il ne doit pas \u00eatre utilis\u00e9 pendant la grossesse ou l&#8217;allaitement. Garder hors de la port\u00e9e des enfants.<\/span><\/p>\n<p><span style=\"font-weight: 400;\">Conserver dans le r\u00e9cipient\/emballage d&#8217;origine, ferm\u00e9 et correctement \u00e9tiquet\u00e9.<\/span><\/p>\n<p><span style=\"font-weight: 400;\">N&#8217;h\u00e9sitez pas \u00e0 nous contacter si vous avez d&#8217;autres questions.<\/span><\/p>\n<p>&nbsp;<\/p>\n","protected":false},"excerpt":{"rendered":"<ul>\n<li><span style=\"font-weight: 400;\">Capacit\u00e9 du r\u00e9servoir : 0,5 ml.<\/span><\/li>\n<li>Contient 425 mg de CBD (85%).<\/li>\n<li>Parfum Sundae Driver.<\/li>\n<li>Conception avec r\u00e9servoir d&#8217;huile visible.<\/li>\n<li>Buse PCTG de qualit\u00e9 alimentaire.<\/li>\n<li>Structure interne en acier inoxydable 316L de qualit\u00e9 m\u00e9dicale.<\/li>\n<li>Il est activ\u00e9 par inhalation.<\/li>\n<li>Indicateur LED int\u00e9gr\u00e9.<\/li>\n<li>Taille : 93,7 x 22 x 11 mm.<\/li>\n<li>Batterie : int\u00e9gr\u00e9e 350 mAh.<\/li>\n<li>Capacit\u00e9 du r\u00e9servoir : 0,5 ml.<\/li>\n<li>Garanti sans THC et sans nicotine.<\/li>\n<li>Sans alcool et sans extraits d&#8217;animaux.<\/li>\n<\/ul>\n","protected":false},"featured_media":135063,"template":"","meta":{"_acf_changed":false},"product_brand":[],"class_list":{"0":"post-108384","1":"product","2":"type-product","3":"status-publish","4":"has-post-thumbnail","6":"product_cat-promotions-cbd","7":"product_cat-pods-vapes-cbd-jetables","8":"product_cat-vapoteuse-cbd","10":"first","11":"outofstock","12":"sale","13":"taxable","14":"shipping-taxable","15":"purchasable","16":"product-type-simple"},"acf":[],"yoast_head":"<!-- This site is optimized with the Yoast SEO plugin v26.3 - https:\/\/yoast.com\/wordpress\/plugins\/seo\/ -->\n<title>Sundae Driver Vape CBD | The Tree CBD<\/title>\n<meta name=\"description\" content=\"Le Sundae Driver Vape CBD de The Tree avec 85% de CBD. Discret et styl\u00e9 pour profiter au maximum de votre CBD. Sans THC et Sans Nicotine.\" \/>\n<meta name=\"robots\" content=\"index, follow, max-snippet:-1, max-image-preview:large, max-video-preview:-1\" \/>\n<link rel=\"canonical\" href=\"https:\/\/thetreecbd.com\/fr\/cbd\/sundae-driver-vape-cbd\" \/>\n<meta property=\"og:locale\" content=\"fr_FR\" \/>\n<meta property=\"og:type\" content=\"article\" \/>\n<meta property=\"og:title\" content=\"Sundae Driver Vape CBD | The Tree CBD\" \/>\n<meta property=\"og:description\" content=\"Le Sundae Driver Vape CBD de The Tree avec 85% de CBD. Discret et styl\u00e9 pour profiter au maximum de votre CBD. Sans THC et Sans Nicotine.\" \/>\n<meta property=\"og:url\" content=\"https:\/\/thetreecbd.com\/fr\/cbd\/sundae-driver-vape-cbd\" \/>\n<meta property=\"og:site_name\" content=\"The Tree CBD\" \/>\n<meta property=\"article:publisher\" content=\"https:\/\/www.facebook.com\/thetreeCBD\/\" \/>\n<meta property=\"article:modified_time\" content=\"2025-05-07T16:33:05+00:00\" \/>\n<meta property=\"og:image\" content=\"https:\/\/thetreecbd.com\/wp-content\/uploads\/2023\/11\/vape-sundae-driver-cbd.png\" \/>\n\t<meta property=\"og:image:width\" content=\"600\" \/>\n\t<meta property=\"og:image:height\" content=\"720\" \/>\n\t<meta property=\"og:image:type\" content=\"image\/png\" \/>\n<meta name=\"twitter:card\" content=\"summary_large_image\" \/>\n<meta name=\"twitter:site\" content=\"@TheTreeCBD_EU\" \/>\n<meta name=\"twitter:label1\" content=\"Dur\u00e9e de lecture estim\u00e9e\" \/>\n\t<meta name=\"twitter:data1\" content=\"3 minutes\" \/>\n<script type=\"application\/ld+json\" class=\"yoast-schema-graph\">{\"@context\":\"https:\/\/schema.org\",\"@graph\":[{\"@type\":[\"WebPage\",\"ItemPage\"],\"@id\":\"https:\/\/thetreecbd.com\/fr\/cbd\/sundae-driver-vape-cbd\",\"url\":\"https:\/\/thetreecbd.com\/fr\/cbd\/sundae-driver-vape-cbd\",\"name\":\"Sundae Driver Vape CBD | The Tree CBD\",\"isPartOf\":{\"@id\":\"https:\/\/thetreecbd.com\/fr#website\"},\"primaryImageOfPage\":{\"@id\":\"https:\/\/thetreecbd.com\/fr\/cbd\/sundae-driver-vape-cbd#primaryimage\"},\"image\":{\"@id\":\"https:\/\/thetreecbd.com\/fr\/cbd\/sundae-driver-vape-cbd#primaryimage\"},\"thumbnailUrl\":\"https:\/\/thetreecbd.com\/wp-content\/uploads\/2023\/11\/vape-sundae-driver-cbd.png\",\"datePublished\":\"2022-12-20T18:36:29+00:00\",\"dateModified\":\"2025-05-07T16:33:05+00:00\",\"description\":\"Le Sundae Driver Vape CBD de The Tree avec 85% de CBD. Discret et styl\u00e9 pour profiter au maximum de votre CBD. Sans THC et Sans Nicotine.\",\"breadcrumb\":{\"@id\":\"https:\/\/thetreecbd.com\/fr\/cbd\/sundae-driver-vape-cbd#breadcrumb\"},\"inLanguage\":\"fr-FR\",\"potentialAction\":[{\"@type\":\"ReadAction\",\"target\":[\"https:\/\/thetreecbd.com\/fr\/cbd\/sundae-driver-vape-cbd\"]}]},{\"@type\":\"ImageObject\",\"inLanguage\":\"fr-FR\",\"@id\":\"https:\/\/thetreecbd.com\/fr\/cbd\/sundae-driver-vape-cbd#primaryimage\",\"url\":\"https:\/\/thetreecbd.com\/wp-content\/uploads\/2023\/11\/vape-sundae-driver-cbd.png\",\"contentUrl\":\"https:\/\/thetreecbd.com\/wp-content\/uploads\/2023\/11\/vape-sundae-driver-cbd.png\",\"width\":600,\"height\":720,\"caption\":\"vape-sundae-driver-cbd\"},{\"@type\":\"BreadcrumbList\",\"@id\":\"https:\/\/thetreecbd.com\/fr\/cbd\/sundae-driver-vape-cbd#breadcrumb\",\"itemListElement\":[{\"@type\":\"ListItem\",\"position\":1,\"name\":\"The Tree\",\"item\":\"https:\/\/thetreecbd.com\/fr\"},{\"@type\":\"ListItem\",\"position\":2,\"name\":\"CBD\",\"item\":\"https:\/\/thetreecbd.com\/es\/cbd\"},{\"@type\":\"ListItem\",\"position\":3,\"name\":\"Vapoteuse de CBD\",\"item\":\"https:\/\/thetreecbd.com\/fr\/vapoteuse-cbd\"},{\"@type\":\"ListItem\",\"position\":4,\"name\":\"Pods et vapes de CBD jetables\",\"item\":\"https:\/\/thetreecbd.com\/fr\/vapoteuse-cbd\/pods-vapes-cbd-jetables\"},{\"@type\":\"ListItem\",\"position\":5,\"name\":\"Sundae Driver Vape CBD\"}]},{\"@type\":\"WebSite\",\"@id\":\"https:\/\/thetreecbd.com\/fr#website\",\"url\":\"https:\/\/thetreecbd.com\/fr\",\"name\":\"The Tree CBD\",\"description\":\"Comprar CBD en Espa\u00f1a Online\",\"publisher\":{\"@id\":\"https:\/\/thetreecbd.com\/fr#organization\"},\"potentialAction\":[{\"@type\":\"SearchAction\",\"target\":{\"@type\":\"EntryPoint\",\"urlTemplate\":\"https:\/\/thetreecbd.com\/fr?s={search_term_string}\"},\"query-input\":{\"@type\":\"PropertyValueSpecification\",\"valueRequired\":true,\"valueName\":\"search_term_string\"}}],\"inLanguage\":\"fr-FR\"},{\"@type\":\"Organization\",\"@id\":\"https:\/\/thetreecbd.com\/fr#organization\",\"name\":\"The Tree CBD\",\"url\":\"https:\/\/thetreecbd.com\/fr\",\"logo\":{\"@type\":\"ImageObject\",\"inLanguage\":\"fr-FR\",\"@id\":\"https:\/\/thetreecbd.com\/fr#\/schema\/logo\/image\/\",\"url\":\"https:\/\/thetreecbd.com\/wp-content\/uploads\/2022\/04\/logo-thetree.png\",\"contentUrl\":\"https:\/\/thetreecbd.com\/wp-content\/uploads\/2022\/04\/logo-thetree.png\",\"width\":172,\"height\":55,\"caption\":\"The Tree CBD\"},\"image\":{\"@id\":\"https:\/\/thetreecbd.com\/fr#\/schema\/logo\/image\/\"},\"sameAs\":[\"https:\/\/www.facebook.com\/thetreeCBD\/\",\"https:\/\/x.com\/TheTreeCBD_EU\",\"https:\/\/www.instagram.com\/thetree.cbd\/\",\"https:\/\/es.trustpilot.com\/review\/thetreecbd.com\"]}]}<\/script>\n<!-- \/ Yoast SEO plugin. -->","yoast_head_json":{"title":"Sundae Driver Vape CBD | The Tree CBD","description":"Le Sundae Driver Vape CBD de The Tree avec 85% de CBD. Discret et styl\u00e9 pour profiter au maximum de votre CBD. Sans THC et Sans Nicotine.","robots":{"index":"index","follow":"follow","max-snippet":"max-snippet:-1","max-image-preview":"max-image-preview:large","max-video-preview":"max-video-preview:-1"},"canonical":"https:\/\/thetreecbd.com\/fr\/cbd\/sundae-driver-vape-cbd","og_locale":"fr_FR","og_type":"article","og_title":"Sundae Driver Vape CBD | The Tree CBD","og_description":"Le Sundae Driver Vape CBD de The Tree avec 85% de CBD. Discret et styl\u00e9 pour profiter au maximum de votre CBD. Sans THC et Sans Nicotine.","og_url":"https:\/\/thetreecbd.com\/fr\/cbd\/sundae-driver-vape-cbd","og_site_name":"The Tree CBD","article_publisher":"https:\/\/www.facebook.com\/thetreeCBD\/","article_modified_time":"2025-05-07T16:33:05+00:00","og_image":[{"width":600,"height":720,"url":"https:\/\/thetreecbd.com\/wp-content\/uploads\/2023\/11\/vape-sundae-driver-cbd.png","type":"image\/png"}],"twitter_card":"summary_large_image","twitter_site":"@TheTreeCBD_EU","twitter_misc":{"Dur\u00e9e de lecture estim\u00e9e":"3 minutes"},"schema":{"@context":"https:\/\/schema.org","@graph":[{"@type":["WebPage","ItemPage"],"@id":"https:\/\/thetreecbd.com\/fr\/cbd\/sundae-driver-vape-cbd","url":"https:\/\/thetreecbd.com\/fr\/cbd\/sundae-driver-vape-cbd","name":"Sundae Driver Vape CBD | The Tree CBD","isPartOf":{"@id":"https:\/\/thetreecbd.com\/fr#website"},"primaryImageOfPage":{"@id":"https:\/\/thetreecbd.com\/fr\/cbd\/sundae-driver-vape-cbd#primaryimage"},"image":{"@id":"https:\/\/thetreecbd.com\/fr\/cbd\/sundae-driver-vape-cbd#primaryimage"},"thumbnailUrl":"https:\/\/thetreecbd.com\/wp-content\/uploads\/2023\/11\/vape-sundae-driver-cbd.png","datePublished":"2022-12-20T18:36:29+00:00","dateModified":"2025-05-07T16:33:05+00:00","description":"Le Sundae Driver Vape CBD de The Tree avec 85% de CBD. Discret et styl\u00e9 pour profiter au maximum de votre CBD. Sans THC et Sans Nicotine.","breadcrumb":{"@id":"https:\/\/thetreecbd.com\/fr\/cbd\/sundae-driver-vape-cbd#breadcrumb"},"inLanguage":"fr-FR","potentialAction":[{"@type":"ReadAction","target":["https:\/\/thetreecbd.com\/fr\/cbd\/sundae-driver-vape-cbd"]}]},{"@type":"ImageObject","inLanguage":"fr-FR","@id":"https:\/\/thetreecbd.com\/fr\/cbd\/sundae-driver-vape-cbd#primaryimage","url":"https:\/\/thetreecbd.com\/wp-content\/uploads\/2023\/11\/vape-sundae-driver-cbd.png","contentUrl":"https:\/\/thetreecbd.com\/wp-content\/uploads\/2023\/11\/vape-sundae-driver-cbd.png","width":600,"height":720,"caption":"vape-sundae-driver-cbd"},{"@type":"BreadcrumbList","@id":"https:\/\/thetreecbd.com\/fr\/cbd\/sundae-driver-vape-cbd#breadcrumb","itemListElement":[{"@type":"ListItem","position":1,"name":"The Tree","item":"https:\/\/thetreecbd.com\/fr"},{"@type":"ListItem","position":2,"name":"CBD","item":"https:\/\/thetreecbd.com\/es\/cbd"},{"@type":"ListItem","position":3,"name":"Vapoteuse de CBD","item":"https:\/\/thetreecbd.com\/fr\/vapoteuse-cbd"},{"@type":"ListItem","position":4,"name":"Pods et vapes de CBD jetables","item":"https:\/\/thetreecbd.com\/fr\/vapoteuse-cbd\/pods-vapes-cbd-jetables"},{"@type":"ListItem","position":5,"name":"Sundae Driver Vape CBD"}]},{"@type":"WebSite","@id":"https:\/\/thetreecbd.com\/fr#website","url":"https:\/\/thetreecbd.com\/fr","name":"The Tree CBD","description":"Comprar CBD en Espa\u00f1a Online","publisher":{"@id":"https:\/\/thetreecbd.com\/fr#organization"},"potentialAction":[{"@type":"SearchAction","target":{"@type":"EntryPoint","urlTemplate":"https:\/\/thetreecbd.com\/fr?s={search_term_string}"},"query-input":{"@type":"PropertyValueSpecification","valueRequired":true,"valueName":"search_term_string"}}],"inLanguage":"fr-FR"},{"@type":"Organization","@id":"https:\/\/thetreecbd.com\/fr#organization","name":"The Tree CBD","url":"https:\/\/thetreecbd.com\/fr","logo":{"@type":"ImageObject","inLanguage":"fr-FR","@id":"https:\/\/thetreecbd.com\/fr#\/schema\/logo\/image\/","url":"https:\/\/thetreecbd.com\/wp-content\/uploads\/2022\/04\/logo-thetree.png","contentUrl":"https:\/\/thetreecbd.com\/wp-content\/uploads\/2022\/04\/logo-thetree.png","width":172,"height":55,"caption":"The Tree CBD"},"image":{"@id":"https:\/\/thetreecbd.com\/fr#\/schema\/logo\/image\/"},"sameAs":["https:\/\/www.facebook.com\/thetreeCBD\/","https:\/\/x.com\/TheTreeCBD_EU","https:\/\/www.instagram.com\/thetree.cbd\/","https:\/\/es.trustpilot.com\/review\/thetreecbd.com"]}]}},"_links":{"self":[{"href":"https:\/\/thetreecbd.com\/fr\/wp-json\/wp\/v2\/product\/108384","targetHints":{"allow":["GET"]}}],"collection":[{"href":"https:\/\/thetreecbd.com\/fr\/wp-json\/wp\/v2\/product"}],"about":[{"href":"https:\/\/thetreecbd.com\/fr\/wp-json\/wp\/v2\/types\/product"}],"version-history":[{"count":0,"href":"https:\/\/thetreecbd.com\/fr\/wp-json\/wp\/v2\/product\/108384\/revisions"}],"wp:featuredmedia":[{"embeddable":true,"href":"https:\/\/thetreecbd.com\/fr\/wp-json\/wp\/v2\/media\/135063"}],"wp:attachment":[{"href":"https:\/\/thetreecbd.com\/fr\/wp-json\/wp\/v2\/media?parent=108384"}],"wp:term":[{"taxonomy":"product_brand","embeddable":true,"href":"https:\/\/thetreecbd.com\/fr\/wp-json\/wp\/v2\/product_brand?post=108384"}],"curies":[{"name":"wp","href":"https:\/\/api.w.org\/{rel}","templated":true}]}}