{"id":108427,"date":"2022-12-20T18:21:52","date_gmt":"2022-12-20T17:21:52","guid":{"rendered":"https:\/\/thetreecbd.com\/?post_type=product&#038;p=108427"},"modified":"2025-05-07T18:39:39","modified_gmt":"2025-05-07T16:39:39","slug":"amnesia-vape-cbd","status":"publish","type":"product","link":"https:\/\/thetreecbd.com\/fr\/cbd\/amnesia-vape-cbd","title":{"rendered":"Amnesia Vape CBD"},"content":{"rendered":"<p><span style=\"font-weight: 400;\">L&#8217;<strong style=\"font-weight: 400;\">Amnesia Vape CBD<\/strong> <strong style=\"font-weight: 400;\">de The Tree CBD<\/strong> est un vapo tout-en-un <strong style=\"font-weight: 400;\">rechargeable et jetable, discret et \u00e9l\u00e9gant.<\/strong> Ses performances ne doivent pas \u00eatre sous-estim\u00e9es pour sa taille, sa l\u00e9g\u00e8ret\u00e9 et le style apport\u00e9 par sa finition mate et son motif de diamant distingu\u00e9.<\/span><\/p>\n<p><span style=\"font-weight: 400;\"><strong>Ce vapo CBD a un r\u00e9servoir de 0,5 ml, rempli de distillat de CBD \u00e0 85 %, donnant une teneur totale de 425 mg \u00e0 chaque vape. Un vrai d\u00e9lice jetable qui vous procurera environ 800 bouff\u00e9es.<\/strong> De plus, il est totalement exempt de THC et de nicotine, il n&#8217;a donc pas d&#8217;effets psychoactifs et ne cr\u00e9e aucune d\u00e9pendance.<\/span><\/p>\n<p><span style=\"font-weight: 400;\">Une belle \u0153uvre d&#8217;art, facile \u00e0 saisir et difficile \u00e0 l\u00e2cher. Le Amnesia Vape CBD a un<strong> syst\u00e8me de r\u00e9servoir d&#8217;huile visible<\/strong> int\u00e9gr\u00e9 et offre un grand confort pour que vous puissiez profiter de chaque derni\u00e8re goutte.<\/span><\/p>\n<p><span style=\"font-weight: 400;\">Quant \u00e0 la saveur, et comme vous l&#8217;avez peut-\u00eatre d\u00e9j\u00e0 d\u00e9duit de son nom, cette vape Amnesia a les m\u00eames caract\u00e9ristiques que la fleur classique qui nous accompagne depuis le d\u00e9but et qui est une constante dans nos meilleures ventes. Laissez-vous s\u00e9duire par son<strong> ar\u00f4me d&#8217;agrumes, fruit\u00e9 et aromatique.<\/strong><\/span><\/p>\n<p><span style=\"font-weight: 400;\">Ce vaporisateur CBD jetable pr\u00e9sente un design \u00e9l\u00e9gant qui le rend facile \u00e0 tenir et \u00e0 saisir dans la main. Et pour que vous puissiez profiter de chaque derni\u00e8re goutte, le <strong>r\u00e9servoir d&#8217;huile est int\u00e9gr\u00e9 \u00e0 un \u00e9cran transparent<\/strong> afin que la charge soit visible \u00e0 tout moment.<\/span><\/p>\n<p><span style=\"font-weight: 400;\"><strong>Pensant le plus possible au soin, la structure interne de la &#8216;Poche&#8217; est en acier inoxydable 316L de qualit\u00e9 m\u00e9dicale,<\/strong> ce qui garantit un haut niveau de s\u00e9curit\u00e9. Le design moderne du gadget a une lumi\u00e8re LED int\u00e9gr\u00e9e qui s&#8217;active lorsque vous inspirez. Il est cr\u00e9\u00e9 pour \u00eatre votre excellent compagnon.<\/span><\/p>\n<p><span style=\"font-weight: 400;\"><strong>Aliment\u00e9 par une batterie stock\u00e9e de 350mAh et avec fonction &#8216;Poche&#8217; rechargeable,<\/strong> le risque de manquer de batterie \u00e0 mi-utilisation, comme avec de nombreux vapoteurs jetables qui vident leur batterie avant leur huile, a \u00e9t\u00e9 compl\u00e8tement \u00e9limin\u00e9, cela garantit une exp\u00e9rience longue dur\u00e9e avec pas de gaspillage et pas de soucis.<\/span><\/p>\n<p>&nbsp;<\/p>\n<h2><strong>Caract\u00e9ristiques du Amnesia Vape CBD<\/strong><\/h2>\n<ul>\n<li><span style=\"font-weight: 400;\">Capacit\u00e9 du r\u00e9servoir : 0,5 ml.<\/span><\/li>\n<li>Contient 425 mg de CBD (85%).<\/li>\n<li>Parfum Amnesia.<\/li>\n<li>Conception avec r\u00e9servoir d&#8217;huile visible.<\/li>\n<li>Buse PCTG de qualit\u00e9 alimentaire.<\/li>\n<li>Structure interne en acier inoxydable 316L de qualit\u00e9 m\u00e9dicale.<\/li>\n<li>Il est activ\u00e9 par inhalation.<\/li>\n<li>Indicateur LED int\u00e9gr\u00e9.<\/li>\n<li>Taille : 93,7 x 22 x 11 mm.<\/li>\n<li>Batterie : int\u00e9gr\u00e9e 350 mAh.<\/li>\n<li>Capacit\u00e9 du r\u00e9servoir : 0,5 ml.<\/li>\n<li>Garanti sans THC et sans nicotine.<\/li>\n<li>Sans alcool et sans extraits d&#8217;animaux.<\/li>\n<\/ul>\n<p>&nbsp;<\/p>\n<h2><strong>Odeur<\/strong><\/h2>\n<p><span style=\"font-weight: 400;\">Les terp\u00e8nes peuvent \u00eatre trouv\u00e9s dans la plupart des huiles essentielles de nombreuses plantes, fleurs et fruits, ils sont charg\u00e9s de fournir l&#8217;odeur et la saveur. Dans le cannabis, nous pouvons trouver un large profil de terp\u00e8nes.<\/span><\/p>\n<p><span style=\"font-weight: 400;\">Parfum : Amnesia CBD<\/span><\/p>\n<p>&nbsp;<\/p>\n<h2><strong>Format<\/strong><\/h2>\n<p><span style=\"font-weight: 400;\">Le Tree CBD Disposable Vape se pr\u00e9sente sous la forme d&#8217;une cigarette \u00e9lectronique qui tient dans la paume de la main, avec un design en forme de losange et un r\u00e9servoir d&#8217;huile visible qui lui donne beaucoup de style et de discr\u00e9tion.<\/span><\/p>\n<h2><strong>Espace de rangement<\/strong><\/h2>\n<p><span style=\"font-weight: 400;\">Le Tree CBD Disposable Vape doit \u00eatre stock\u00e9 dans un endroit frais et sec, \u00e0 l&#8217;abri des odeurs l\u00e9g\u00e8res et fortes pour \u00e9viter tout type de contamination. \u00c9vitez la lumi\u00e8re directe du soleil et la chaleur. Une fois le produit \u00e9puis\u00e9, il doit \u00eatre jet\u00e9.<\/span><\/p>\n<p>&nbsp;<\/p>\n<h2><strong>C&#8217;est pour qui?<\/strong><\/h2>\n<p><span style=\"font-weight: 400;\">L&#8217;<strong>Amnesia CBD Vape<\/strong>\u00a0est destin\u00e9 \u00e0 toute personne de plus de 18 ans.<\/span><\/p>\n<p>&nbsp;<\/p>\n<h2><strong>Information de s\u00e9curit\u00e9<\/strong><\/h2>\n<p><span style=\"font-weight: 400;\">Gardez \u00e0 l&#8217;esprit que le CBD Disposable Vape est un produit destin\u00e9 aux personnes majeures. Il ne doit pas \u00eatre utilis\u00e9 pendant la grossesse ou l&#8217;allaitement. Garder hors de la port\u00e9e des enfants.<\/span><\/p>\n<p><span style=\"font-weight: 400;\">Conserver dans le r\u00e9cipient\/emballage d&#8217;origine, ferm\u00e9 et correctement \u00e9tiquet\u00e9.<\/span><\/p>\n<p><span style=\"font-weight: 400;\">N&#8217;h\u00e9sitez pas \u00e0 nous contacter si vous avez d&#8217;autres questions.<\/span><\/p>\n<p>&nbsp;<\/p>\n","protected":false},"excerpt":{"rendered":"<ul>\n<li><span style=\"font-weight: 400;\">Capacit\u00e9 du r\u00e9servoir : 0,5 ml.<\/span><\/li>\n<li>Contient 425 mg de CBD (85%).<\/li>\n<li>Parfum Amnesia.<\/li>\n<li>Conception avec r\u00e9servoir d&#8217;huile visible.<\/li>\n<li>Buse PCTG de qualit\u00e9 alimentaire.<\/li>\n<li>Structure interne en acier inoxydable 316L de qualit\u00e9 m\u00e9dicale.<\/li>\n<li>Il est activ\u00e9 par inhalation.<\/li>\n<li>Indicateur LED int\u00e9gr\u00e9.<\/li>\n<li>Taille : 93,7 x 22 x 11 mm.<\/li>\n<li>Batterie : int\u00e9gr\u00e9e 350 mAh.<\/li>\n<li>Capacit\u00e9 du r\u00e9servoir : 0,5 ml.<\/li>\n<li>Garanti sans THC et sans nicotine.<\/li>\n<li>Sans alcool et sans extraits d&#8217;animaux.<\/li>\n<\/ul>\n","protected":false},"featured_media":135057,"template":"","meta":{"_acf_changed":false},"product_brand":[],"class_list":{"0":"post-108427","1":"product","2":"type-product","3":"status-publish","4":"has-post-thumbnail","6":"product_cat-promotions-cbd","7":"product_cat-pods-vapes-cbd-jetables","8":"product_cat-vapoteuse-cbd","10":"first","11":"instock","12":"sale","13":"taxable","14":"shipping-taxable","15":"purchasable","16":"product-type-simple"},"acf":[],"yoast_head":"<!-- This site is optimized with the Yoast SEO plugin v26.3 - https:\/\/yoast.com\/wordpress\/plugins\/seo\/ -->\n<title>Amnesia Vape CBD | The Tree CBD<\/title>\n<meta name=\"description\" content=\"L&#039;Amnesia Vape CBD avec 85% de CBD! Un vapo styl\u00e9, discret, jetable et rechargeable pour profiter au maximum de votre CBD. Sans THC et Sans Nicotine.\" \/>\n<meta name=\"robots\" content=\"index, follow, max-snippet:-1, max-image-preview:large, max-video-preview:-1\" \/>\n<link rel=\"canonical\" href=\"https:\/\/thetreecbd.com\/fr\/cbd\/amnesia-vape-cbd\" \/>\n<meta property=\"og:locale\" content=\"fr_FR\" \/>\n<meta property=\"og:type\" content=\"article\" \/>\n<meta property=\"og:title\" content=\"Amnesia Vape CBD | The Tree CBD\" \/>\n<meta property=\"og:description\" content=\"L&#039;Amnesia Vape CBD avec 85% de CBD! Un vapo styl\u00e9, discret, jetable et rechargeable pour profiter au maximum de votre CBD. Sans THC et Sans Nicotine.\" \/>\n<meta property=\"og:url\" content=\"https:\/\/thetreecbd.com\/fr\/cbd\/amnesia-vape-cbd\" \/>\n<meta property=\"og:site_name\" content=\"The Tree CBD\" \/>\n<meta property=\"article:publisher\" content=\"https:\/\/www.facebook.com\/thetreeCBD\/\" \/>\n<meta property=\"article:modified_time\" content=\"2025-05-07T16:39:39+00:00\" \/>\n<meta property=\"og:image\" content=\"https:\/\/thetreecbd.com\/wp-content\/uploads\/2023\/11\/vape-amnesia-cbd.png\" \/>\n\t<meta property=\"og:image:width\" content=\"600\" \/>\n\t<meta property=\"og:image:height\" content=\"720\" \/>\n\t<meta property=\"og:image:type\" content=\"image\/png\" \/>\n<meta name=\"twitter:card\" content=\"summary_large_image\" \/>\n<meta name=\"twitter:site\" content=\"@TheTreeCBD_EU\" \/>\n<meta name=\"twitter:label1\" content=\"Dur\u00e9e de lecture estim\u00e9e\" \/>\n\t<meta name=\"twitter:data1\" content=\"3 minutes\" \/>\n<script type=\"application\/ld+json\" class=\"yoast-schema-graph\">{\"@context\":\"https:\/\/schema.org\",\"@graph\":[{\"@type\":[\"WebPage\",\"ItemPage\"],\"@id\":\"https:\/\/thetreecbd.com\/fr\/cbd\/amnesia-vape-cbd\",\"url\":\"https:\/\/thetreecbd.com\/fr\/cbd\/amnesia-vape-cbd\",\"name\":\"Amnesia Vape CBD | The Tree CBD\",\"isPartOf\":{\"@id\":\"https:\/\/thetreecbd.com\/fr#website\"},\"primaryImageOfPage\":{\"@id\":\"https:\/\/thetreecbd.com\/fr\/cbd\/amnesia-vape-cbd#primaryimage\"},\"image\":{\"@id\":\"https:\/\/thetreecbd.com\/fr\/cbd\/amnesia-vape-cbd#primaryimage\"},\"thumbnailUrl\":\"https:\/\/thetreecbd.com\/wp-content\/uploads\/2023\/11\/vape-amnesia-cbd.png\",\"datePublished\":\"2022-12-20T17:21:52+00:00\",\"dateModified\":\"2025-05-07T16:39:39+00:00\",\"description\":\"L'Amnesia Vape CBD avec 85% de CBD! Un vapo styl\u00e9, discret, jetable et rechargeable pour profiter au maximum de votre CBD. Sans THC et Sans Nicotine.\",\"breadcrumb\":{\"@id\":\"https:\/\/thetreecbd.com\/fr\/cbd\/amnesia-vape-cbd#breadcrumb\"},\"inLanguage\":\"fr-FR\",\"potentialAction\":[{\"@type\":\"ReadAction\",\"target\":[\"https:\/\/thetreecbd.com\/fr\/cbd\/amnesia-vape-cbd\"]}]},{\"@type\":\"ImageObject\",\"inLanguage\":\"fr-FR\",\"@id\":\"https:\/\/thetreecbd.com\/fr\/cbd\/amnesia-vape-cbd#primaryimage\",\"url\":\"https:\/\/thetreecbd.com\/wp-content\/uploads\/2023\/11\/vape-amnesia-cbd.png\",\"contentUrl\":\"https:\/\/thetreecbd.com\/wp-content\/uploads\/2023\/11\/vape-amnesia-cbd.png\",\"width\":600,\"height\":720,\"caption\":\"vape-amnesia-cbd\"},{\"@type\":\"BreadcrumbList\",\"@id\":\"https:\/\/thetreecbd.com\/fr\/cbd\/amnesia-vape-cbd#breadcrumb\",\"itemListElement\":[{\"@type\":\"ListItem\",\"position\":1,\"name\":\"The Tree\",\"item\":\"https:\/\/thetreecbd.com\/fr\"},{\"@type\":\"ListItem\",\"position\":2,\"name\":\"CBD\",\"item\":\"https:\/\/thetreecbd.com\/es\/cbd\"},{\"@type\":\"ListItem\",\"position\":3,\"name\":\"Vapoteuse de CBD\",\"item\":\"https:\/\/thetreecbd.com\/fr\/vapoteuse-cbd\"},{\"@type\":\"ListItem\",\"position\":4,\"name\":\"Pods et vapes de CBD jetables\",\"item\":\"https:\/\/thetreecbd.com\/fr\/vapoteuse-cbd\/pods-vapes-cbd-jetables\"},{\"@type\":\"ListItem\",\"position\":5,\"name\":\"Amnesia Vape CBD\"}]},{\"@type\":\"WebSite\",\"@id\":\"https:\/\/thetreecbd.com\/fr#website\",\"url\":\"https:\/\/thetreecbd.com\/fr\",\"name\":\"The Tree CBD\",\"description\":\"Comprar CBD en Espa\u00f1a Online\",\"publisher\":{\"@id\":\"https:\/\/thetreecbd.com\/fr#organization\"},\"potentialAction\":[{\"@type\":\"SearchAction\",\"target\":{\"@type\":\"EntryPoint\",\"urlTemplate\":\"https:\/\/thetreecbd.com\/fr?s={search_term_string}\"},\"query-input\":{\"@type\":\"PropertyValueSpecification\",\"valueRequired\":true,\"valueName\":\"search_term_string\"}}],\"inLanguage\":\"fr-FR\"},{\"@type\":\"Organization\",\"@id\":\"https:\/\/thetreecbd.com\/fr#organization\",\"name\":\"The Tree CBD\",\"url\":\"https:\/\/thetreecbd.com\/fr\",\"logo\":{\"@type\":\"ImageObject\",\"inLanguage\":\"fr-FR\",\"@id\":\"https:\/\/thetreecbd.com\/fr#\/schema\/logo\/image\/\",\"url\":\"https:\/\/thetreecbd.com\/wp-content\/uploads\/2022\/04\/logo-thetree.png\",\"contentUrl\":\"https:\/\/thetreecbd.com\/wp-content\/uploads\/2022\/04\/logo-thetree.png\",\"width\":172,\"height\":55,\"caption\":\"The Tree CBD\"},\"image\":{\"@id\":\"https:\/\/thetreecbd.com\/fr#\/schema\/logo\/image\/\"},\"sameAs\":[\"https:\/\/www.facebook.com\/thetreeCBD\/\",\"https:\/\/x.com\/TheTreeCBD_EU\",\"https:\/\/www.instagram.com\/thetree.cbd\/\",\"https:\/\/es.trustpilot.com\/review\/thetreecbd.com\"]}]}<\/script>\n<!-- \/ Yoast SEO plugin. -->","yoast_head_json":{"title":"Amnesia Vape CBD | The Tree CBD","description":"L'Amnesia Vape CBD avec 85% de CBD! Un vapo styl\u00e9, discret, jetable et rechargeable pour profiter au maximum de votre CBD. Sans THC et Sans Nicotine.","robots":{"index":"index","follow":"follow","max-snippet":"max-snippet:-1","max-image-preview":"max-image-preview:large","max-video-preview":"max-video-preview:-1"},"canonical":"https:\/\/thetreecbd.com\/fr\/cbd\/amnesia-vape-cbd","og_locale":"fr_FR","og_type":"article","og_title":"Amnesia Vape CBD | The Tree CBD","og_description":"L'Amnesia Vape CBD avec 85% de CBD! Un vapo styl\u00e9, discret, jetable et rechargeable pour profiter au maximum de votre CBD. Sans THC et Sans Nicotine.","og_url":"https:\/\/thetreecbd.com\/fr\/cbd\/amnesia-vape-cbd","og_site_name":"The Tree CBD","article_publisher":"https:\/\/www.facebook.com\/thetreeCBD\/","article_modified_time":"2025-05-07T16:39:39+00:00","og_image":[{"width":600,"height":720,"url":"https:\/\/thetreecbd.com\/wp-content\/uploads\/2023\/11\/vape-amnesia-cbd.png","type":"image\/png"}],"twitter_card":"summary_large_image","twitter_site":"@TheTreeCBD_EU","twitter_misc":{"Dur\u00e9e de lecture estim\u00e9e":"3 minutes"},"schema":{"@context":"https:\/\/schema.org","@graph":[{"@type":["WebPage","ItemPage"],"@id":"https:\/\/thetreecbd.com\/fr\/cbd\/amnesia-vape-cbd","url":"https:\/\/thetreecbd.com\/fr\/cbd\/amnesia-vape-cbd","name":"Amnesia Vape CBD | The Tree CBD","isPartOf":{"@id":"https:\/\/thetreecbd.com\/fr#website"},"primaryImageOfPage":{"@id":"https:\/\/thetreecbd.com\/fr\/cbd\/amnesia-vape-cbd#primaryimage"},"image":{"@id":"https:\/\/thetreecbd.com\/fr\/cbd\/amnesia-vape-cbd#primaryimage"},"thumbnailUrl":"https:\/\/thetreecbd.com\/wp-content\/uploads\/2023\/11\/vape-amnesia-cbd.png","datePublished":"2022-12-20T17:21:52+00:00","dateModified":"2025-05-07T16:39:39+00:00","description":"L'Amnesia Vape CBD avec 85% de CBD! Un vapo styl\u00e9, discret, jetable et rechargeable pour profiter au maximum de votre CBD. Sans THC et Sans Nicotine.","breadcrumb":{"@id":"https:\/\/thetreecbd.com\/fr\/cbd\/amnesia-vape-cbd#breadcrumb"},"inLanguage":"fr-FR","potentialAction":[{"@type":"ReadAction","target":["https:\/\/thetreecbd.com\/fr\/cbd\/amnesia-vape-cbd"]}]},{"@type":"ImageObject","inLanguage":"fr-FR","@id":"https:\/\/thetreecbd.com\/fr\/cbd\/amnesia-vape-cbd#primaryimage","url":"https:\/\/thetreecbd.com\/wp-content\/uploads\/2023\/11\/vape-amnesia-cbd.png","contentUrl":"https:\/\/thetreecbd.com\/wp-content\/uploads\/2023\/11\/vape-amnesia-cbd.png","width":600,"height":720,"caption":"vape-amnesia-cbd"},{"@type":"BreadcrumbList","@id":"https:\/\/thetreecbd.com\/fr\/cbd\/amnesia-vape-cbd#breadcrumb","itemListElement":[{"@type":"ListItem","position":1,"name":"The Tree","item":"https:\/\/thetreecbd.com\/fr"},{"@type":"ListItem","position":2,"name":"CBD","item":"https:\/\/thetreecbd.com\/es\/cbd"},{"@type":"ListItem","position":3,"name":"Vapoteuse de CBD","item":"https:\/\/thetreecbd.com\/fr\/vapoteuse-cbd"},{"@type":"ListItem","position":4,"name":"Pods et vapes de CBD jetables","item":"https:\/\/thetreecbd.com\/fr\/vapoteuse-cbd\/pods-vapes-cbd-jetables"},{"@type":"ListItem","position":5,"name":"Amnesia Vape CBD"}]},{"@type":"WebSite","@id":"https:\/\/thetreecbd.com\/fr#website","url":"https:\/\/thetreecbd.com\/fr","name":"The Tree CBD","description":"Comprar CBD en Espa\u00f1a Online","publisher":{"@id":"https:\/\/thetreecbd.com\/fr#organization"},"potentialAction":[{"@type":"SearchAction","target":{"@type":"EntryPoint","urlTemplate":"https:\/\/thetreecbd.com\/fr?s={search_term_string}"},"query-input":{"@type":"PropertyValueSpecification","valueRequired":true,"valueName":"search_term_string"}}],"inLanguage":"fr-FR"},{"@type":"Organization","@id":"https:\/\/thetreecbd.com\/fr#organization","name":"The Tree CBD","url":"https:\/\/thetreecbd.com\/fr","logo":{"@type":"ImageObject","inLanguage":"fr-FR","@id":"https:\/\/thetreecbd.com\/fr#\/schema\/logo\/image\/","url":"https:\/\/thetreecbd.com\/wp-content\/uploads\/2022\/04\/logo-thetree.png","contentUrl":"https:\/\/thetreecbd.com\/wp-content\/uploads\/2022\/04\/logo-thetree.png","width":172,"height":55,"caption":"The Tree CBD"},"image":{"@id":"https:\/\/thetreecbd.com\/fr#\/schema\/logo\/image\/"},"sameAs":["https:\/\/www.facebook.com\/thetreeCBD\/","https:\/\/x.com\/TheTreeCBD_EU","https:\/\/www.instagram.com\/thetree.cbd\/","https:\/\/es.trustpilot.com\/review\/thetreecbd.com"]}]}},"_links":{"self":[{"href":"https:\/\/thetreecbd.com\/fr\/wp-json\/wp\/v2\/product\/108427","targetHints":{"allow":["GET"]}}],"collection":[{"href":"https:\/\/thetreecbd.com\/fr\/wp-json\/wp\/v2\/product"}],"about":[{"href":"https:\/\/thetreecbd.com\/fr\/wp-json\/wp\/v2\/types\/product"}],"version-history":[{"count":0,"href":"https:\/\/thetreecbd.com\/fr\/wp-json\/wp\/v2\/product\/108427\/revisions"}],"wp:featuredmedia":[{"embeddable":true,"href":"https:\/\/thetreecbd.com\/fr\/wp-json\/wp\/v2\/media\/135057"}],"wp:attachment":[{"href":"https:\/\/thetreecbd.com\/fr\/wp-json\/wp\/v2\/media?parent=108427"}],"wp:term":[{"taxonomy":"product_brand","embeddable":true,"href":"https:\/\/thetreecbd.com\/fr\/wp-json\/wp\/v2\/product_brand?post=108427"}],"curies":[{"name":"wp","href":"https:\/\/api.w.org\/{rel}","templated":true}]}}