{"id":109744,"date":"2023-01-11T15:35:58","date_gmt":"2023-01-11T14:35:58","guid":{"rendered":"https:\/\/thetreecbd.com\/?post_type=product&#038;p=109744"},"modified":"2025-08-31T17:29:46","modified_gmt":"2025-08-31T15:29:46","slug":"fleurs-cbd-trim-greenhouse","status":"publish","type":"product","link":"https:\/\/thetreecbd.com\/fr\/cbd\/fleurs-cbd-trim-greenhouse","title":{"rendered":"Trim Greenhouse CBD. Fleurs de cannabis hach\u00e9es"},"content":{"rendered":"<p><span style=\"font-weight: 400;\">Le <strong>Trim Greenhouse CBD<\/strong> que The Tree vous propose est compos\u00e9 des restes de fleurs de CBD des meilleures vari\u00e9t\u00e9s de serre.<\/span><\/p>\n<p><span style=\"font-weight: 400;\">Dans ce nouveau produit, vous trouverez les restes de bourgeons hach\u00e9s, les feuilles avec le plus de r\u00e9sine, qui sont les plus proches de la fleur, quelques morceaux de bourgeons qui ont \u00e9t\u00e9 cass\u00e9s, et m\u00eame des bourgeons entiers d\u00e9mont\u00e9s avec des pourcentages de CBD de 10%.<\/span><\/p>\n<p><span style=\"font-weight: 400;\">Ce chanvre hach\u00e9 ou broy\u00e9 contient un <strong>m\u00e9lange des meilleures vari\u00e9t\u00e9s de serre de The Tree.<\/strong><\/span><\/p>\n<h3>Comment le fabriquons-nous ?<\/h3>\n<p><span style=\"font-weight: 400;\">Le <strong>Trim Greenhouse CBD<\/strong> est obtenue gr\u00e2ce \u00e0 la combinaison des feuilles les plus proches du bourgeon avec de petits morceaux de bourgeons qui ne peuvent pas \u00eatre commercialis\u00e9s en raison de leur taille. Vous trouverez \u00e9galement d&#8217;autres petits morceaux de gros bourgeons qui ont \u00e9t\u00e9 cass\u00e9s pendant le transport, ce qui n&#8217;affecte en rien la qualit\u00e9 du produit, mais la seule chose qui change est sa pr\u00e9sentation.<\/span><\/p>\n<p><span style=\"font-weight: 400;\">Ce produit tire son nom du mot &#8216;TRIM&#8217; qui signifie &#8220;pruning&#8221; ou &#8220;pruning&#8221; en anglais. En espagnol, nous l&#8217;utilisons pour d\u00e9signer tout ce mat\u00e9riel qui tombe de la fleur de chanvre lorsqu&#8217;elle est manucur\u00e9e ou nettoy\u00e9e avec des ciseaux apr\u00e8s s\u00e9chage.<\/span><\/p>\n<p><span style=\"font-weight: 400;\">Le <strong>Trim Greenhouse CBD<\/strong> de The Tree CBD est de <strong>la plus haute qualit\u00e9,<\/strong> comme son nom l&#8217;indique, il n&#8217;est compos\u00e9 que de restes de fleurs de CBD cultiv\u00e9es dans les serres les meilleures et les plus sophistiqu\u00e9es d&#8217;Europe, ce qui se traduit par une production de la plus haute qualit\u00e9.<\/span><\/p>\n<p><span style=\"font-weight: 400;\">Cette garniture, en plus d&#8217;\u00eatre compos\u00e9e de bourgeons de CBD \u00e9cras\u00e9s, a une s\u00e9lection unique de feuilles avec la plus grande quantit\u00e9 de r\u00e9sine et des niveaux \u00e9lev\u00e9s de CBD, ce qui nous donne un ar\u00f4me sp\u00e9cial tr\u00e8s particulier, vraiment appr\u00e9ci\u00e9 des amateurs de CBD.<\/span><\/p>\n<p><span style=\"font-weight: 400;\">Puisqu&#8217;il contient moins de 0,19% de THC, il est tout \u00e0 fait l\u00e9gal sur tout le territoire europ\u00e9en et n&#8217;a aucun type d&#8217;effet psychoactif.<\/span><\/p>\n<h2><strong>Caract\u00e9ristiques du cannabis l\u00e9gal Trim Greenhouse CBD<\/strong><\/h2>\n<ul>\n<li><span style=\"font-weight: 400;\">Restes de bourgeons et de feuilles de chanvre<\/span><\/li>\n<li>Moins de 0,20 % de THC<\/li>\n<li>9% \u00e0 12% CBD<\/li>\n<li>G\u00e9n\u00e9tique : m\u00e9lange de graines s\u00e9lectionn\u00e9es par l&#8217;UE<\/li>\n<li>Sativa 50% Indica 50%<\/li>\n<li>Aucun effet psychoactif<\/li>\n<li>De culture biologique<\/li>\n<li>Sans OGM<\/li>\n<li>Sans pesticides<\/li>\n<\/ul>\n<h2><b>Ar\u00f4me Trim de CBD<\/b><\/h2>\n<p><span style=\"font-weight: 400;\">Les terp\u00e8nes peuvent \u00eatre trouv\u00e9s dans la plupart des huiles essentielles de nombreuses plantes, fleurs et fruits, ils sont charg\u00e9s de fournir l&#8217;odeur et la saveur. Dans le cannabis, nous pouvons trouver un large profil de terp\u00e8nes.<\/span><\/p>\n<p><span style=\"font-weight: 400;\">Chez <strong>Trim Greenhouse CBD<\/strong>, nous trouverons un m\u00e9lange de diverses g\u00e9n\u00e9tiques l\u00e9gales de cannabis CBD de The Tree.<\/span><\/p>\n<h2><strong>Utilisateur auquel il est destin\u00e9<\/strong><\/h2>\n<p><span style=\"font-weight: 400;\">La garniture est destin\u00e9e aux acheteurs qui recherchent la qualit\u00e9 habituelle \u00e0 un prix inf\u00e9rieur.<\/span><\/p>\n<p><span style=\"font-weight: 400;\">\u00c9tant un sous-produit ou un d\u00e9chet, cette garniture vous donne acc\u00e8s \u00e0 un m\u00e9lange de vari\u00e9t\u00e9s pour un prix tr\u00e8s bas, mais en conservant toujours la m\u00eame qualit\u00e9 de The Tree CBD.<\/span><\/p>\n<h2><strong>Information sur la s\u00e9curit\u00e9<\/strong><\/h2>\n<p><span style=\"font-weight: 400;\">Gardez \u00e0 l&#8217;esprit que la garniture de serre CBD de The Tree est un produit d\u00e9coratif, de collection et aromatique. Cela ne doit pas \u00eatre utilis\u00e9 pendant la grossesse ou l&#8217;allaitement. Garder hors de la port\u00e9e des enfants.<\/span><\/p>\n<p><span style=\"font-weight: 400;\">Notre garniture CBD peut contenir une certaine quantit\u00e9 de THC. Bien s\u00fbr, cela est inf\u00e9rieur \u00e0 la limite europ\u00e9enne de 0,2 % de THC.<\/span><\/p>\n<p><span style=\"font-weight: 400;\">Le contenu fourni est uniquement \u00e0 des fins d&#8217;information et de formation et ne remplace en aucun cas l&#8217;avis d&#8217;un m\u00e9decin ou d&#8217;un pharmacien. Nos textes ne sont pas destin\u00e9s au diagnostic et au traitement ind\u00e9pendants des maladies.<\/span><\/p>\n<p><span style=\"font-weight: 400;\">N&#8217;h\u00e9sitez pas \u00e0 nous contacter si vous avez d&#8217;autres questions.<\/span><\/p>\n<h2><strong>Stockage<\/strong><\/h2>\n<p><span style=\"font-weight: 400;\">Id\u00e9alement, les bourgeons CBD de The Tree doivent \u00eatre stock\u00e9s dans un endroit frais et sec, \u00e0 l&#8217;abri des odeurs l\u00e9g\u00e8res et fortes pour \u00e9viter tout type de contamination et\/ou de d\u00e9gradation des bourgeons. \u00c9vitez la lumi\u00e8re directe du soleil et la chaleur.<\/span><\/p>\n<p><span style=\"font-weight: 400;\">Attention: La dur\u00e9e de conservation indiqu\u00e9e est d&#8217;un mois si stock\u00e9 correctement.<\/span><\/p>\n","protected":false},"excerpt":{"rendered":"<ul>\n<li><span style=\"font-weight: 400;\">Restes de fleurs et de feuilles de chanvre<\/span><\/li>\n<li><span style=\"font-weight: 400;\">Moins de 0,20 % de THC<\/span><\/li>\n<li><span style=\"font-weight: 400;\">De 9% \u00e0 12% CBD<\/span><\/li>\n<li><span style=\"font-weight: 400;\">G\u00e9n\u00e9tique : m\u00e9lange de graines s\u00e9lectionn\u00e9es par l\u2019UE<\/span><\/li>\n<li><span style=\"font-weight: 400;\">Sativa 50% Indica 50%<\/span><\/li>\n<li><span style=\"font-weight: 400;\">Aucun effet psychoactif<\/span><\/li>\n<li><span style=\"font-weight: 400;\">De culture biologique<\/span><\/li>\n<li><span style=\"font-weight: 400;\">Sans OGM<\/span><\/li>\n<li><span style=\"font-weight: 400;\">Sans pesticides<\/span><\/li>\n<\/ul>\n","protected":false},"featured_media":182719,"template":"","meta":{"_acf_changed":false},"product_brand":[],"class_list":{"0":"post-109744","1":"product","2":"type-product","3":"status-publish","4":"has-post-thumbnail","6":"product_cat-fleurs-cbd","7":"product_cat-cbd-concentrees-20","8":"product_cat-cbd-trim","10":"first","11":"instock","12":"taxable","13":"shipping-taxable","14":"purchasable","15":"product-type-variable"},"acf":[],"yoast_head":"<!-- This site is optimized with the Yoast SEO plugin v26.3 - https:\/\/yoast.com\/wordpress\/plugins\/seo\/ -->\n<title>Trim Greenhouse CBD. Fleurs de cannabis hach\u00e9es - Jusqu&#039;\u00e0 12% de CBD | The Tree CBD<\/title>\n<meta name=\"description\" content=\"T\u00eates de cannabis hach\u00e9es des vari\u00e9t\u00e9s s\u00e9lectionn\u00e9es avec une concentration de CBD jusqu&#039;\u00e0 12%. D\u00e9couvrez le chanvre hach\u00e9 et essayez Trim Greenhouse de The Tree CBD\" \/>\n<meta name=\"robots\" content=\"index, follow, max-snippet:-1, max-image-preview:large, max-video-preview:-1\" \/>\n<link rel=\"canonical\" href=\"https:\/\/thetreecbd.com\/fr\/cbd\/fleurs-cbd-trim-greenhouse\" \/>\n<meta property=\"og:locale\" content=\"fr_FR\" \/>\n<meta property=\"og:type\" content=\"article\" \/>\n<meta property=\"og:title\" content=\"Trim Greenhouse CBD. Fleurs de cannabis hach\u00e9es - Jusqu&#039;\u00e0 12% de CBD | The Tree CBD\" \/>\n<meta property=\"og:description\" content=\"T\u00eates de cannabis hach\u00e9es des vari\u00e9t\u00e9s s\u00e9lectionn\u00e9es avec une concentration de CBD jusqu&#039;\u00e0 12%. D\u00e9couvrez le chanvre hach\u00e9 et essayez Trim Greenhouse de The Tree CBD\" \/>\n<meta property=\"og:url\" content=\"https:\/\/thetreecbd.com\/fr\/cbd\/fleurs-cbd-trim-greenhouse\" \/>\n<meta property=\"og:site_name\" content=\"The Tree CBD\" \/>\n<meta property=\"article:publisher\" content=\"https:\/\/www.facebook.com\/thetreeCBD\/\" \/>\n<meta property=\"article:modified_time\" content=\"2025-08-31T15:29:46+00:00\" \/>\n<meta property=\"og:image\" content=\"https:\/\/thetreecbd.com\/wp-content\/uploads\/2024\/04\/Trim-Green-House-thetreecbd-web.jpg\" \/>\n\t<meta property=\"og:image:width\" content=\"1080\" \/>\n\t<meta property=\"og:image:height\" content=\"1350\" \/>\n\t<meta property=\"og:image:type\" content=\"image\/jpeg\" \/>\n<meta name=\"twitter:card\" content=\"summary_large_image\" \/>\n<meta name=\"twitter:site\" content=\"@TheTreeCBD_EU\" \/>\n<meta name=\"twitter:label1\" content=\"Dur\u00e9e de lecture estim\u00e9e\" \/>\n\t<meta name=\"twitter:data1\" content=\"3 minutes\" \/>\n<script type=\"application\/ld+json\" class=\"yoast-schema-graph\">{\"@context\":\"https:\/\/schema.org\",\"@graph\":[{\"@type\":[\"WebPage\",\"ItemPage\"],\"@id\":\"https:\/\/thetreecbd.com\/fr\/cbd\/fleurs-cbd-trim-greenhouse\",\"url\":\"https:\/\/thetreecbd.com\/fr\/cbd\/fleurs-cbd-trim-greenhouse\",\"name\":\"Trim Greenhouse CBD. Fleurs de cannabis hach\u00e9es - Jusqu'\u00e0 12% de CBD | The Tree CBD\",\"isPartOf\":{\"@id\":\"https:\/\/thetreecbd.com\/fr#website\"},\"primaryImageOfPage\":{\"@id\":\"https:\/\/thetreecbd.com\/fr\/cbd\/fleurs-cbd-trim-greenhouse#primaryimage\"},\"image\":{\"@id\":\"https:\/\/thetreecbd.com\/fr\/cbd\/fleurs-cbd-trim-greenhouse#primaryimage\"},\"thumbnailUrl\":\"https:\/\/thetreecbd.com\/wp-content\/uploads\/2024\/04\/Trim-Green-House-thetreecbd-web.jpg\",\"datePublished\":\"2023-01-11T14:35:58+00:00\",\"dateModified\":\"2025-08-31T15:29:46+00:00\",\"description\":\"T\u00eates de cannabis hach\u00e9es des vari\u00e9t\u00e9s s\u00e9lectionn\u00e9es avec une concentration de CBD jusqu'\u00e0 12%. D\u00e9couvrez le chanvre hach\u00e9 et essayez Trim Greenhouse de The Tree CBD\",\"breadcrumb\":{\"@id\":\"https:\/\/thetreecbd.com\/fr\/cbd\/fleurs-cbd-trim-greenhouse#breadcrumb\"},\"inLanguage\":\"fr-FR\",\"potentialAction\":[{\"@type\":\"ReadAction\",\"target\":[\"https:\/\/thetreecbd.com\/fr\/cbd\/fleurs-cbd-trim-greenhouse\"]}]},{\"@type\":\"ImageObject\",\"inLanguage\":\"fr-FR\",\"@id\":\"https:\/\/thetreecbd.com\/fr\/cbd\/fleurs-cbd-trim-greenhouse#primaryimage\",\"url\":\"https:\/\/thetreecbd.com\/wp-content\/uploads\/2024\/04\/Trim-Green-House-thetreecbd-web.jpg\",\"contentUrl\":\"https:\/\/thetreecbd.com\/wp-content\/uploads\/2024\/04\/Trim-Green-House-thetreecbd-web.jpg\",\"width\":1080,\"height\":1350},{\"@type\":\"BreadcrumbList\",\"@id\":\"https:\/\/thetreecbd.com\/fr\/cbd\/fleurs-cbd-trim-greenhouse#breadcrumb\",\"itemListElement\":[{\"@type\":\"ListItem\",\"position\":1,\"name\":\"The Tree\",\"item\":\"https:\/\/thetreecbd.com\/fr\"},{\"@type\":\"ListItem\",\"position\":2,\"name\":\"CBD\",\"item\":\"https:\/\/thetreecbd.com\/es\/cbd\"},{\"@type\":\"ListItem\",\"position\":3,\"name\":\"Fleurs de chanvre. Fleurs de CBD\",\"item\":\"https:\/\/thetreecbd.com\/fr\/fleurs-cbd\"},{\"@type\":\"ListItem\",\"position\":4,\"name\":\"Trim CBD. Fleurs de CBD hach\u00e9es\",\"item\":\"https:\/\/thetreecbd.com\/fr\/fleurs-cbd\/cbd-trim\"},{\"@type\":\"ListItem\",\"position\":5,\"name\":\"Trim Greenhouse CBD. Fleurs de cannabis hach\u00e9es\"}]},{\"@type\":\"WebSite\",\"@id\":\"https:\/\/thetreecbd.com\/fr#website\",\"url\":\"https:\/\/thetreecbd.com\/fr\",\"name\":\"The Tree CBD\",\"description\":\"Comprar CBD en Espa\u00f1a Online\",\"publisher\":{\"@id\":\"https:\/\/thetreecbd.com\/fr#organization\"},\"potentialAction\":[{\"@type\":\"SearchAction\",\"target\":{\"@type\":\"EntryPoint\",\"urlTemplate\":\"https:\/\/thetreecbd.com\/fr?s={search_term_string}\"},\"query-input\":{\"@type\":\"PropertyValueSpecification\",\"valueRequired\":true,\"valueName\":\"search_term_string\"}}],\"inLanguage\":\"fr-FR\"},{\"@type\":\"Organization\",\"@id\":\"https:\/\/thetreecbd.com\/fr#organization\",\"name\":\"The Tree CBD\",\"url\":\"https:\/\/thetreecbd.com\/fr\",\"logo\":{\"@type\":\"ImageObject\",\"inLanguage\":\"fr-FR\",\"@id\":\"https:\/\/thetreecbd.com\/fr#\/schema\/logo\/image\/\",\"url\":\"https:\/\/thetreecbd.com\/wp-content\/uploads\/2022\/04\/logo-thetree.png\",\"contentUrl\":\"https:\/\/thetreecbd.com\/wp-content\/uploads\/2022\/04\/logo-thetree.png\",\"width\":172,\"height\":55,\"caption\":\"The Tree CBD\"},\"image\":{\"@id\":\"https:\/\/thetreecbd.com\/fr#\/schema\/logo\/image\/\"},\"sameAs\":[\"https:\/\/www.facebook.com\/thetreeCBD\/\",\"https:\/\/x.com\/TheTreeCBD_EU\",\"https:\/\/www.instagram.com\/thetree.cbd\/\",\"https:\/\/es.trustpilot.com\/review\/thetreecbd.com\"]}]}<\/script>\n<!-- \/ Yoast SEO plugin. -->","yoast_head_json":{"title":"Trim Greenhouse CBD. Fleurs de cannabis hach\u00e9es - Jusqu'\u00e0 12% de CBD | The Tree CBD","description":"T\u00eates de cannabis hach\u00e9es des vari\u00e9t\u00e9s s\u00e9lectionn\u00e9es avec une concentration de CBD jusqu'\u00e0 12%. D\u00e9couvrez le chanvre hach\u00e9 et essayez Trim Greenhouse de The Tree CBD","robots":{"index":"index","follow":"follow","max-snippet":"max-snippet:-1","max-image-preview":"max-image-preview:large","max-video-preview":"max-video-preview:-1"},"canonical":"https:\/\/thetreecbd.com\/fr\/cbd\/fleurs-cbd-trim-greenhouse","og_locale":"fr_FR","og_type":"article","og_title":"Trim Greenhouse CBD. Fleurs de cannabis hach\u00e9es - Jusqu'\u00e0 12% de CBD | The Tree CBD","og_description":"T\u00eates de cannabis hach\u00e9es des vari\u00e9t\u00e9s s\u00e9lectionn\u00e9es avec une concentration de CBD jusqu'\u00e0 12%. D\u00e9couvrez le chanvre hach\u00e9 et essayez Trim Greenhouse de The Tree CBD","og_url":"https:\/\/thetreecbd.com\/fr\/cbd\/fleurs-cbd-trim-greenhouse","og_site_name":"The Tree CBD","article_publisher":"https:\/\/www.facebook.com\/thetreeCBD\/","article_modified_time":"2025-08-31T15:29:46+00:00","og_image":[{"width":1080,"height":1350,"url":"https:\/\/thetreecbd.com\/wp-content\/uploads\/2024\/04\/Trim-Green-House-thetreecbd-web.jpg","type":"image\/jpeg"}],"twitter_card":"summary_large_image","twitter_site":"@TheTreeCBD_EU","twitter_misc":{"Dur\u00e9e de lecture estim\u00e9e":"3 minutes"},"schema":{"@context":"https:\/\/schema.org","@graph":[{"@type":["WebPage","ItemPage"],"@id":"https:\/\/thetreecbd.com\/fr\/cbd\/fleurs-cbd-trim-greenhouse","url":"https:\/\/thetreecbd.com\/fr\/cbd\/fleurs-cbd-trim-greenhouse","name":"Trim Greenhouse CBD. Fleurs de cannabis hach\u00e9es - Jusqu'\u00e0 12% de CBD | The Tree CBD","isPartOf":{"@id":"https:\/\/thetreecbd.com\/fr#website"},"primaryImageOfPage":{"@id":"https:\/\/thetreecbd.com\/fr\/cbd\/fleurs-cbd-trim-greenhouse#primaryimage"},"image":{"@id":"https:\/\/thetreecbd.com\/fr\/cbd\/fleurs-cbd-trim-greenhouse#primaryimage"},"thumbnailUrl":"https:\/\/thetreecbd.com\/wp-content\/uploads\/2024\/04\/Trim-Green-House-thetreecbd-web.jpg","datePublished":"2023-01-11T14:35:58+00:00","dateModified":"2025-08-31T15:29:46+00:00","description":"T\u00eates de cannabis hach\u00e9es des vari\u00e9t\u00e9s s\u00e9lectionn\u00e9es avec une concentration de CBD jusqu'\u00e0 12%. D\u00e9couvrez le chanvre hach\u00e9 et essayez Trim Greenhouse de The Tree CBD","breadcrumb":{"@id":"https:\/\/thetreecbd.com\/fr\/cbd\/fleurs-cbd-trim-greenhouse#breadcrumb"},"inLanguage":"fr-FR","potentialAction":[{"@type":"ReadAction","target":["https:\/\/thetreecbd.com\/fr\/cbd\/fleurs-cbd-trim-greenhouse"]}]},{"@type":"ImageObject","inLanguage":"fr-FR","@id":"https:\/\/thetreecbd.com\/fr\/cbd\/fleurs-cbd-trim-greenhouse#primaryimage","url":"https:\/\/thetreecbd.com\/wp-content\/uploads\/2024\/04\/Trim-Green-House-thetreecbd-web.jpg","contentUrl":"https:\/\/thetreecbd.com\/wp-content\/uploads\/2024\/04\/Trim-Green-House-thetreecbd-web.jpg","width":1080,"height":1350},{"@type":"BreadcrumbList","@id":"https:\/\/thetreecbd.com\/fr\/cbd\/fleurs-cbd-trim-greenhouse#breadcrumb","itemListElement":[{"@type":"ListItem","position":1,"name":"The Tree","item":"https:\/\/thetreecbd.com\/fr"},{"@type":"ListItem","position":2,"name":"CBD","item":"https:\/\/thetreecbd.com\/es\/cbd"},{"@type":"ListItem","position":3,"name":"Fleurs de chanvre. Fleurs de CBD","item":"https:\/\/thetreecbd.com\/fr\/fleurs-cbd"},{"@type":"ListItem","position":4,"name":"Trim CBD. Fleurs de CBD hach\u00e9es","item":"https:\/\/thetreecbd.com\/fr\/fleurs-cbd\/cbd-trim"},{"@type":"ListItem","position":5,"name":"Trim Greenhouse CBD. Fleurs de cannabis hach\u00e9es"}]},{"@type":"WebSite","@id":"https:\/\/thetreecbd.com\/fr#website","url":"https:\/\/thetreecbd.com\/fr","name":"The Tree CBD","description":"Comprar CBD en Espa\u00f1a Online","publisher":{"@id":"https:\/\/thetreecbd.com\/fr#organization"},"potentialAction":[{"@type":"SearchAction","target":{"@type":"EntryPoint","urlTemplate":"https:\/\/thetreecbd.com\/fr?s={search_term_string}"},"query-input":{"@type":"PropertyValueSpecification","valueRequired":true,"valueName":"search_term_string"}}],"inLanguage":"fr-FR"},{"@type":"Organization","@id":"https:\/\/thetreecbd.com\/fr#organization","name":"The Tree CBD","url":"https:\/\/thetreecbd.com\/fr","logo":{"@type":"ImageObject","inLanguage":"fr-FR","@id":"https:\/\/thetreecbd.com\/fr#\/schema\/logo\/image\/","url":"https:\/\/thetreecbd.com\/wp-content\/uploads\/2022\/04\/logo-thetree.png","contentUrl":"https:\/\/thetreecbd.com\/wp-content\/uploads\/2022\/04\/logo-thetree.png","width":172,"height":55,"caption":"The Tree CBD"},"image":{"@id":"https:\/\/thetreecbd.com\/fr#\/schema\/logo\/image\/"},"sameAs":["https:\/\/www.facebook.com\/thetreeCBD\/","https:\/\/x.com\/TheTreeCBD_EU","https:\/\/www.instagram.com\/thetree.cbd\/","https:\/\/es.trustpilot.com\/review\/thetreecbd.com"]}]}},"_links":{"self":[{"href":"https:\/\/thetreecbd.com\/fr\/wp-json\/wp\/v2\/product\/109744","targetHints":{"allow":["GET"]}}],"collection":[{"href":"https:\/\/thetreecbd.com\/fr\/wp-json\/wp\/v2\/product"}],"about":[{"href":"https:\/\/thetreecbd.com\/fr\/wp-json\/wp\/v2\/types\/product"}],"version-history":[{"count":0,"href":"https:\/\/thetreecbd.com\/fr\/wp-json\/wp\/v2\/product\/109744\/revisions"}],"wp:featuredmedia":[{"embeddable":true,"href":"https:\/\/thetreecbd.com\/fr\/wp-json\/wp\/v2\/media\/182719"}],"wp:attachment":[{"href":"https:\/\/thetreecbd.com\/fr\/wp-json\/wp\/v2\/media?parent=109744"}],"wp:term":[{"taxonomy":"product_brand","embeddable":true,"href":"https:\/\/thetreecbd.com\/fr\/wp-json\/wp\/v2\/product_brand?post=109744"}],"curies":[{"name":"wp","href":"https:\/\/api.w.org\/{rel}","templated":true}]}}