{"id":111262,"date":"2023-01-24T11:02:58","date_gmt":"2023-01-24T10:02:58","guid":{"rendered":"https:\/\/thetreecbd.com\/?post_type=product&#038;p=111262"},"modified":"2025-07-11T15:43:14","modified_gmt":"2025-07-11T13:43:14","slug":"packs-cbd-pack-outdoor","status":"publish","type":"product","link":"https:\/\/thetreecbd.com\/fr\/cbd\/packs-cbd-pack-outdoor","title":{"rendered":"Pack Outdoor: Sweet Island Skunk, Super Boof et Matterhorn"},"content":{"rendered":"<p>Le <b>pack CBD Outdoor<\/b> est compos\u00e9 de 3 de nos vari\u00e9t\u00e9s les plus populaires parmi les personnes recherchant une option plus abordable. Ce <b>pack CBD Outdoor<\/b>, adapt\u00e9 \u00e0 tous les budgets, comprend notre <b>Sweet Island Skunk, notre Green Cure<\/b> et notre <b>Matterhorn CBG<\/b>.<\/p>\n<p>&nbsp;<\/p>\n<h3>Qu&#8217;allez-vous trouver dans ce pack ?<\/h3>\n<p>&nbsp;<\/p>\n<p>La <b>Sweet Island Skunk<\/b>, avec entre <b>12% et 14% de CBD<\/b>, est facilement reconnaissable gr\u00e2ce \u00e0 son ar\u00f4me, un m\u00e9lange caract\u00e9ristique entre aigre et doux. L&#8217;ar\u00f4me aigre de cette fleur peut nous rappeler le p\u00e9trole ; tandis que la partie douce, comme son nom l&#8217;indique, pourrait \u00e9voquer la cr\u00e8me de fromage. De plus, l&#8217;ar\u00f4me de la Sweet Island Skunk se dilue vers une <b>touche cr\u00e9meuse-sucr\u00e9e<\/b> qui lui conf\u00e8re corps et intensit\u00e9. Quant \u00e0 l&#8217;aspect de la fleur, on trouve des nuances chocolat\u00e9es avec des tons terreux, oranges et blancs comme ceux de la cr\u00e8me de fromage.<\/p>\n<p>Dans ce <b>pack CBD Outdoor<\/b>, vous pourrez \u00e9galement profiter de la populaire <b>Super Boof<\/b>. Avec <b>11% de CBD<\/b>, les t\u00eates de cette g\u00e9n\u00e9tique ont un ar\u00f4me intense, dans lequel se distinguent les <b>nuances fruit\u00e9es<\/b>, en particulier les fruits tropicaux. Son odeur intense compl\u00e8te, sans aucun doute, votre exp\u00e9rience CBD.<\/p>\n<p>Et, enfin, mais non des moindres, dans ce pack vous pourrez \u00e9galement essayer la <b>Matterhorn<\/b>, qui contient entre <b>12% et 14% de CBG<\/b>, avec des trichomes argent\u00e9s recouvrant les bourgeons de chanvre vert brillant. Une souche nouvelle et <span class=\"citation-206\">exclusive avec un <\/span><b><span class=\"citation-206\">ar\u00f4me incomparable et doux de noix et d&#8217;herbe<\/span><\/b><span class=\"citation-206 citation-end-206\">.<\/span><\/p>\n<div class=\"source-inline-chip-container ng-star-inserted\"><\/div>\n<p><span class=\"citation-205\">Tous nos produits sont cultiv\u00e9s <\/span><b><span class=\"citation-205\">en ext\u00e9rieur de mani\u00e8re 100% naturelle<\/span><\/b><span class=\"citation-205\">, sans utiliser d&#8217;<\/span><b><span class=\"citation-205\">additifs<\/span><\/b><span class=\"citation-205\"> ni de <\/span><b><span class=\"citation-205\">pesticides<\/span><\/b><span class=\"citation-205 citation-end-205\"> d&#8217;aucune sorte.<\/span> <span class=\"citation-204 citation-end-204\">De plus, comme ils contiennent <\/span>moins de <b>0,20% de THC<\/b>, ils sont enti\u00e8rement <b>l\u00e9gaux dans toute l&#8217;Europe<\/b>, et n&#8217;ont aucun effet psychoactif.<\/p>\n<div class=\"source-inline-chip-container ng-star-inserted\"><\/div>\n<div class=\"source-inline-chip-container ng-star-inserted\"><\/div>\n<p>&nbsp;<\/p>\n<h3>Caract\u00e9ristiques du Pack CBD Outdoor<\/h3>\n<p>&nbsp;<\/p>\n<ul>\n<li>1 <b>Sweet Island Skunk<\/b> (2gr \/ 5gr)<\/li>\n<li>1 <b>Super Boof<\/b> (3gr \/ 5gr)<\/li>\n<li>1 <b>Matterhorn<\/b> (3gr \/ 5gr)<\/li>\n<li>Fleurs de chanvre<\/li>\n<li>Moins de <b>0,20% de THC<\/b><\/li>\n<li>Sans effets psychoactifs<\/li>\n<li>Cultiv\u00e9es de mani\u00e8re biologique<\/li>\n<li>Sans OGM<\/li>\n<li>Sans pesticides<\/li>\n<\/ul>\n<p>&nbsp;<\/p>\n<h3>Composants du pack CBD Outdoor<\/h3>\n<p>&nbsp;<\/p>\n<p>Ce pack est compos\u00e9 de 3 \u00e9l\u00e9ments distincts : un sachet de Sweet Island Skunk, un de Green Cure et un de Matterhorn. Vous pouvez le choisir en petit format avec des sachets de fleurs de 2 grammes, ou en format plus grand avec des sachets de 5 grammes de chacun des composants inclus dans le pack.<\/p>\n<p>&nbsp;<\/p>\n<h3>Utilisateur cibl\u00e9<\/h3>\n<p>&nbsp;<\/p>\n<p>Le <b>Pack CBD Outdoor<\/b> est id\u00e9al pour les utilisateurs qui pr\u00e9f\u00e8rent une option plus abordable et adapt\u00e9e \u00e0 leur budget. De plus, ce pack offre la possibilit\u00e9 d&#8217;obtenir cette vari\u00e9t\u00e9 \u00e0 un prix r\u00e9duit, car il repr\u00e9sente une <b>r\u00e9duction de 10%<\/b> par rapport \u00e0 l&#8217;achat des produits s\u00e9par\u00e9ment.<\/p>\n<p>&nbsp;<\/p>\n<h3>Informations de s\u00e9curit\u00e9<\/h3>\n<p>&nbsp;<\/p>\n<p>Ce pack contient des fleurs non psychoactives, cultiv\u00e9es \u00e0 partir de graines certifi\u00e9es, sans additifs, avec un maximum de <b>0,2% de THC ou un Indice de Psychoactivit\u00e9 Inf\u00e9rieur \u00e0 1<\/b>. Cannabis Type Fibre selon le Manuel ST\/NAR 40 Nations Unies. C&#8217;est un produit d\u00e9coratif, aromatique et de collection. Son ingestion, inhalation ou usage th\u00e9rapeutique est interdit. L&#8217;entreprise n&#8217;est pas responsable de toute utilisation contraire \u00e0 la loi ou \u00e0 ces indications. Vente interdite aux mineurs. Tenir hors de port\u00e9e des enfants. Le contenu fourni est uniquement \u00e0 des fins d&#8217;information et de formation et ne remplace en aucun cas un avis m\u00e9dical d&#8217;un m\u00e9decin ou d&#8217;un pharmacien. Nos textes ne sont pas destin\u00e9s au diagnostic et au traitement ind\u00e9pendants de maladies. N&#8217;h\u00e9sitez pas \u00e0 nous contacter si vous avez d&#8217;autres questions.<\/p>\n<p>&nbsp;<\/p>\n<h3>Stockage<\/h3>\n<p>&nbsp;<\/p>\n<p>Id\u00e9alement, les fleurs et r\u00e9sines de CBD de The Tree doivent \u00eatre stock\u00e9es dans un endroit frais et sec, \u00e0 l&#8217;abri de la lumi\u00e8re et des odeurs fortes afin d&#8217;\u00e9viter tout type de contamination et\/ou de d\u00e9gradation. \u00c9viter la lumi\u00e8re directe du soleil et la chaleur.<\/p>\n<p><b>Attention<\/b> : La dur\u00e9e de conservation indiqu\u00e9e est d&#8217;un mois si stock\u00e9 correctement.<\/p>\n","protected":false},"excerpt":{"rendered":"<ul>\n<li><span style=\"font-weight: 400;\">1 Sweet Island Skunk (2gr \/ 5gr)<\/span><\/li>\n<li>1 Super Boof (2gr \/ 5gr)<\/li>\n<li>1 Matterhorn (2gr \/ 5gr)<\/li>\n<li>Bourgeons de chanvre<\/li>\n<li>Moins de 0,20 % de THC<\/li>\n<li>Aucun effet psychoactif<\/li>\n<li>De culture biologique<\/li>\n<li>Sans OGM<\/li>\n<li>Sans pesticides<\/li>\n<\/ul>\n","protected":false},"featured_media":137190,"template":"","meta":{"_acf_changed":false},"product_brand":[],"class_list":{"0":"post-111262","1":"product","2":"type-product","3":"status-publish","4":"has-post-thumbnail","6":"product_cat-outdoor","7":"product_cat-fleurs-cbd","8":"product_cat-packs-cbd","9":"product_cat-cbd-concentrees-20","11":"first","12":"instock","13":"taxable","14":"shipping-taxable","15":"purchasable","16":"product-type-variable","17":"has-default-attributes"},"acf":[],"yoast_head":"<!-- This site is optimized with the Yoast SEO plugin v26.3 - https:\/\/yoast.com\/wordpress\/plugins\/seo\/ -->\n<title>Pack CBD outdoor | The Tree CBD<\/title>\n<meta name=\"description\" content=\"Le pack outdoor CBD contient nos vari\u00e9t\u00e9s outdoor, Sweet Island Skunk, Super Boof et Matterhorn et vous permettra de les essayer \u00e0 un prix tr\u00e8s abordable.\" \/>\n<meta name=\"robots\" content=\"index, follow, max-snippet:-1, max-image-preview:large, max-video-preview:-1\" \/>\n<link rel=\"canonical\" href=\"https:\/\/thetreecbd.com\/fr\/cbd\/packs-cbd-pack-outdoor\" \/>\n<meta property=\"og:locale\" content=\"fr_FR\" \/>\n<meta property=\"og:type\" content=\"article\" \/>\n<meta property=\"og:title\" content=\"Pack CBD outdoor | The Tree CBD\" \/>\n<meta property=\"og:description\" content=\"Le pack outdoor CBD contient nos vari\u00e9t\u00e9s outdoor, Sweet Island Skunk, Super Boof et Matterhorn et vous permettra de les essayer \u00e0 un prix tr\u00e8s abordable.\" \/>\n<meta property=\"og:url\" content=\"https:\/\/thetreecbd.com\/fr\/cbd\/packs-cbd-pack-outdoor\" \/>\n<meta property=\"og:site_name\" content=\"The Tree CBD\" \/>\n<meta property=\"article:publisher\" content=\"https:\/\/www.facebook.com\/thetreeCBD\/\" \/>\n<meta property=\"article:modified_time\" content=\"2025-07-11T13:43:14+00:00\" \/>\n<meta property=\"og:image\" content=\"https:\/\/thetreecbd.com\/wp-content\/uploads\/2023\/12\/pack-outdoor-cbd.png\" \/>\n\t<meta property=\"og:image:width\" content=\"600\" \/>\n\t<meta property=\"og:image:height\" content=\"720\" \/>\n\t<meta property=\"og:image:type\" content=\"image\/png\" \/>\n<meta name=\"twitter:card\" content=\"summary_large_image\" \/>\n<meta name=\"twitter:site\" content=\"@TheTreeCBD_EU\" \/>\n<meta name=\"twitter:label1\" content=\"Dur\u00e9e de lecture estim\u00e9e\" \/>\n\t<meta name=\"twitter:data1\" content=\"3 minutes\" \/>\n<script type=\"application\/ld+json\" class=\"yoast-schema-graph\">{\"@context\":\"https:\/\/schema.org\",\"@graph\":[{\"@type\":[\"WebPage\",\"ItemPage\"],\"@id\":\"https:\/\/thetreecbd.com\/fr\/cbd\/packs-cbd-pack-outdoor\",\"url\":\"https:\/\/thetreecbd.com\/fr\/cbd\/packs-cbd-pack-outdoor\",\"name\":\"Pack CBD outdoor | The Tree CBD\",\"isPartOf\":{\"@id\":\"https:\/\/thetreecbd.com\/fr#website\"},\"primaryImageOfPage\":{\"@id\":\"https:\/\/thetreecbd.com\/fr\/cbd\/packs-cbd-pack-outdoor#primaryimage\"},\"image\":{\"@id\":\"https:\/\/thetreecbd.com\/fr\/cbd\/packs-cbd-pack-outdoor#primaryimage\"},\"thumbnailUrl\":\"https:\/\/thetreecbd.com\/wp-content\/uploads\/2023\/12\/pack-outdoor-cbd.png\",\"datePublished\":\"2023-01-24T10:02:58+00:00\",\"dateModified\":\"2025-07-11T13:43:14+00:00\",\"description\":\"Le pack outdoor CBD contient nos vari\u00e9t\u00e9s outdoor, Sweet Island Skunk, Super Boof et Matterhorn et vous permettra de les essayer \u00e0 un prix tr\u00e8s abordable.\",\"breadcrumb\":{\"@id\":\"https:\/\/thetreecbd.com\/fr\/cbd\/packs-cbd-pack-outdoor#breadcrumb\"},\"inLanguage\":\"fr-FR\",\"potentialAction\":[{\"@type\":\"ReadAction\",\"target\":[\"https:\/\/thetreecbd.com\/fr\/cbd\/packs-cbd-pack-outdoor\"]}]},{\"@type\":\"ImageObject\",\"inLanguage\":\"fr-FR\",\"@id\":\"https:\/\/thetreecbd.com\/fr\/cbd\/packs-cbd-pack-outdoor#primaryimage\",\"url\":\"https:\/\/thetreecbd.com\/wp-content\/uploads\/2023\/12\/pack-outdoor-cbd.png\",\"contentUrl\":\"https:\/\/thetreecbd.com\/wp-content\/uploads\/2023\/12\/pack-outdoor-cbd.png\",\"width\":600,\"height\":720,\"caption\":\"pack-outdoor-cbd\"},{\"@type\":\"BreadcrumbList\",\"@id\":\"https:\/\/thetreecbd.com\/fr\/cbd\/packs-cbd-pack-outdoor#breadcrumb\",\"itemListElement\":[{\"@type\":\"ListItem\",\"position\":1,\"name\":\"The Tree\",\"item\":\"https:\/\/thetreecbd.com\/fr\"},{\"@type\":\"ListItem\",\"position\":2,\"name\":\"CBD\",\"item\":\"https:\/\/thetreecbd.com\/es\/cbd\"},{\"@type\":\"ListItem\",\"position\":3,\"name\":\"Fleurs de chanvre. Fleurs de CBD\",\"item\":\"https:\/\/thetreecbd.com\/fr\/fleurs-cbd\"},{\"@type\":\"ListItem\",\"position\":4,\"name\":\"Fleurs de CBD d'ext\u00e9rieur\",\"item\":\"https:\/\/thetreecbd.com\/fr\/fleurs-cbd\/outdoor\"},{\"@type\":\"ListItem\",\"position\":5,\"name\":\"Pack Outdoor: Sweet Island Skunk, Super Boof et Matterhorn\"}]},{\"@type\":\"WebSite\",\"@id\":\"https:\/\/thetreecbd.com\/fr#website\",\"url\":\"https:\/\/thetreecbd.com\/fr\",\"name\":\"The Tree CBD\",\"description\":\"Comprar CBD en Espa\u00f1a Online\",\"publisher\":{\"@id\":\"https:\/\/thetreecbd.com\/fr#organization\"},\"potentialAction\":[{\"@type\":\"SearchAction\",\"target\":{\"@type\":\"EntryPoint\",\"urlTemplate\":\"https:\/\/thetreecbd.com\/fr?s={search_term_string}\"},\"query-input\":{\"@type\":\"PropertyValueSpecification\",\"valueRequired\":true,\"valueName\":\"search_term_string\"}}],\"inLanguage\":\"fr-FR\"},{\"@type\":\"Organization\",\"@id\":\"https:\/\/thetreecbd.com\/fr#organization\",\"name\":\"The Tree CBD\",\"url\":\"https:\/\/thetreecbd.com\/fr\",\"logo\":{\"@type\":\"ImageObject\",\"inLanguage\":\"fr-FR\",\"@id\":\"https:\/\/thetreecbd.com\/fr#\/schema\/logo\/image\/\",\"url\":\"https:\/\/thetreecbd.com\/wp-content\/uploads\/2022\/04\/logo-thetree.png\",\"contentUrl\":\"https:\/\/thetreecbd.com\/wp-content\/uploads\/2022\/04\/logo-thetree.png\",\"width\":172,\"height\":55,\"caption\":\"The Tree CBD\"},\"image\":{\"@id\":\"https:\/\/thetreecbd.com\/fr#\/schema\/logo\/image\/\"},\"sameAs\":[\"https:\/\/www.facebook.com\/thetreeCBD\/\",\"https:\/\/x.com\/TheTreeCBD_EU\",\"https:\/\/www.instagram.com\/thetree.cbd\/\",\"https:\/\/es.trustpilot.com\/review\/thetreecbd.com\"]}]}<\/script>\n<!-- \/ Yoast SEO plugin. -->","yoast_head_json":{"title":"Pack CBD outdoor | The Tree CBD","description":"Le pack outdoor CBD contient nos vari\u00e9t\u00e9s outdoor, Sweet Island Skunk, Super Boof et Matterhorn et vous permettra de les essayer \u00e0 un prix tr\u00e8s abordable.","robots":{"index":"index","follow":"follow","max-snippet":"max-snippet:-1","max-image-preview":"max-image-preview:large","max-video-preview":"max-video-preview:-1"},"canonical":"https:\/\/thetreecbd.com\/fr\/cbd\/packs-cbd-pack-outdoor","og_locale":"fr_FR","og_type":"article","og_title":"Pack CBD outdoor | The Tree CBD","og_description":"Le pack outdoor CBD contient nos vari\u00e9t\u00e9s outdoor, Sweet Island Skunk, Super Boof et Matterhorn et vous permettra de les essayer \u00e0 un prix tr\u00e8s abordable.","og_url":"https:\/\/thetreecbd.com\/fr\/cbd\/packs-cbd-pack-outdoor","og_site_name":"The Tree CBD","article_publisher":"https:\/\/www.facebook.com\/thetreeCBD\/","article_modified_time":"2025-07-11T13:43:14+00:00","og_image":[{"width":600,"height":720,"url":"https:\/\/thetreecbd.com\/wp-content\/uploads\/2023\/12\/pack-outdoor-cbd.png","type":"image\/png"}],"twitter_card":"summary_large_image","twitter_site":"@TheTreeCBD_EU","twitter_misc":{"Dur\u00e9e de lecture estim\u00e9e":"3 minutes"},"schema":{"@context":"https:\/\/schema.org","@graph":[{"@type":["WebPage","ItemPage"],"@id":"https:\/\/thetreecbd.com\/fr\/cbd\/packs-cbd-pack-outdoor","url":"https:\/\/thetreecbd.com\/fr\/cbd\/packs-cbd-pack-outdoor","name":"Pack CBD outdoor | The Tree CBD","isPartOf":{"@id":"https:\/\/thetreecbd.com\/fr#website"},"primaryImageOfPage":{"@id":"https:\/\/thetreecbd.com\/fr\/cbd\/packs-cbd-pack-outdoor#primaryimage"},"image":{"@id":"https:\/\/thetreecbd.com\/fr\/cbd\/packs-cbd-pack-outdoor#primaryimage"},"thumbnailUrl":"https:\/\/thetreecbd.com\/wp-content\/uploads\/2023\/12\/pack-outdoor-cbd.png","datePublished":"2023-01-24T10:02:58+00:00","dateModified":"2025-07-11T13:43:14+00:00","description":"Le pack outdoor CBD contient nos vari\u00e9t\u00e9s outdoor, Sweet Island Skunk, Super Boof et Matterhorn et vous permettra de les essayer \u00e0 un prix tr\u00e8s abordable.","breadcrumb":{"@id":"https:\/\/thetreecbd.com\/fr\/cbd\/packs-cbd-pack-outdoor#breadcrumb"},"inLanguage":"fr-FR","potentialAction":[{"@type":"ReadAction","target":["https:\/\/thetreecbd.com\/fr\/cbd\/packs-cbd-pack-outdoor"]}]},{"@type":"ImageObject","inLanguage":"fr-FR","@id":"https:\/\/thetreecbd.com\/fr\/cbd\/packs-cbd-pack-outdoor#primaryimage","url":"https:\/\/thetreecbd.com\/wp-content\/uploads\/2023\/12\/pack-outdoor-cbd.png","contentUrl":"https:\/\/thetreecbd.com\/wp-content\/uploads\/2023\/12\/pack-outdoor-cbd.png","width":600,"height":720,"caption":"pack-outdoor-cbd"},{"@type":"BreadcrumbList","@id":"https:\/\/thetreecbd.com\/fr\/cbd\/packs-cbd-pack-outdoor#breadcrumb","itemListElement":[{"@type":"ListItem","position":1,"name":"The Tree","item":"https:\/\/thetreecbd.com\/fr"},{"@type":"ListItem","position":2,"name":"CBD","item":"https:\/\/thetreecbd.com\/es\/cbd"},{"@type":"ListItem","position":3,"name":"Fleurs de chanvre. Fleurs de CBD","item":"https:\/\/thetreecbd.com\/fr\/fleurs-cbd"},{"@type":"ListItem","position":4,"name":"Fleurs de CBD d'ext\u00e9rieur","item":"https:\/\/thetreecbd.com\/fr\/fleurs-cbd\/outdoor"},{"@type":"ListItem","position":5,"name":"Pack Outdoor: Sweet Island Skunk, Super Boof et Matterhorn"}]},{"@type":"WebSite","@id":"https:\/\/thetreecbd.com\/fr#website","url":"https:\/\/thetreecbd.com\/fr","name":"The Tree CBD","description":"Comprar CBD en Espa\u00f1a Online","publisher":{"@id":"https:\/\/thetreecbd.com\/fr#organization"},"potentialAction":[{"@type":"SearchAction","target":{"@type":"EntryPoint","urlTemplate":"https:\/\/thetreecbd.com\/fr?s={search_term_string}"},"query-input":{"@type":"PropertyValueSpecification","valueRequired":true,"valueName":"search_term_string"}}],"inLanguage":"fr-FR"},{"@type":"Organization","@id":"https:\/\/thetreecbd.com\/fr#organization","name":"The Tree CBD","url":"https:\/\/thetreecbd.com\/fr","logo":{"@type":"ImageObject","inLanguage":"fr-FR","@id":"https:\/\/thetreecbd.com\/fr#\/schema\/logo\/image\/","url":"https:\/\/thetreecbd.com\/wp-content\/uploads\/2022\/04\/logo-thetree.png","contentUrl":"https:\/\/thetreecbd.com\/wp-content\/uploads\/2022\/04\/logo-thetree.png","width":172,"height":55,"caption":"The Tree CBD"},"image":{"@id":"https:\/\/thetreecbd.com\/fr#\/schema\/logo\/image\/"},"sameAs":["https:\/\/www.facebook.com\/thetreeCBD\/","https:\/\/x.com\/TheTreeCBD_EU","https:\/\/www.instagram.com\/thetree.cbd\/","https:\/\/es.trustpilot.com\/review\/thetreecbd.com"]}]}},"_links":{"self":[{"href":"https:\/\/thetreecbd.com\/fr\/wp-json\/wp\/v2\/product\/111262","targetHints":{"allow":["GET"]}}],"collection":[{"href":"https:\/\/thetreecbd.com\/fr\/wp-json\/wp\/v2\/product"}],"about":[{"href":"https:\/\/thetreecbd.com\/fr\/wp-json\/wp\/v2\/types\/product"}],"version-history":[{"count":0,"href":"https:\/\/thetreecbd.com\/fr\/wp-json\/wp\/v2\/product\/111262\/revisions"}],"wp:featuredmedia":[{"embeddable":true,"href":"https:\/\/thetreecbd.com\/fr\/wp-json\/wp\/v2\/media\/137190"}],"wp:attachment":[{"href":"https:\/\/thetreecbd.com\/fr\/wp-json\/wp\/v2\/media?parent=111262"}],"wp:term":[{"taxonomy":"product_brand","embeddable":true,"href":"https:\/\/thetreecbd.com\/fr\/wp-json\/wp\/v2\/product_brand?post=111262"}],"curies":[{"name":"wp","href":"https:\/\/api.w.org\/{rel}","templated":true}]}}