{"id":111289,"date":"2023-01-24T11:34:23","date_gmt":"2023-01-24T10:34:23","guid":{"rendered":"https:\/\/thetreecbd.com\/?post_type=product&#038;p=111289"},"modified":"2025-09-05T15:53:52","modified_gmt":"2025-09-05T13:53:52","slug":"packs-cbd-pack-greenhouse","status":"publish","type":"product","link":"https:\/\/thetreecbd.com\/fr\/cbd\/packs-cbd-pack-greenhouse","title":{"rendered":"Pack Greenhouse: OG Kush, Orange Cookies, Strawberry et Skywalker OG"},"content":{"rendered":"<p>Le <b>pack de t\u00eates CBD Greenhouse<\/b> contient nos meilleures vari\u00e9t\u00e9s de serre. Un pack qui inclut les d\u00e9licieuses <b>OG Kush, Orange Cookies, Strawberry<\/b> et <b>Skywalker OG<\/b>, destin\u00e9 \u00e0 ceux qui, recherchant une option plus abordable, ne veulent pas renoncer \u00e0 la qualit\u00e9.<\/p>\n<p>Qu&#8217;y a-t-il au menu ? L&#8217;<b>OG Kush<\/b>, avec entre <b>10% et 11% de CBD<\/b>, est, sans aucun doute, un classique ind\u00e9modable. Cette vari\u00e9t\u00e9 aux t\u00eates bien form\u00e9es et robustes, nous offre un <b>ar\u00f4me avec un go\u00fbt de terre, de plantes aromatiques et de bois<\/b>. Son ar\u00f4me est l&#8217;une des caract\u00e9ristiques les plus notables de cette t\u00eate, garantissant une intensit\u00e9 gr\u00e2ce \u00e0 son m\u00e9lange entre le bois, les notes de citron et les plantes aromatiques. Deuxi\u00e8mement, ce <b>pack CBD Greenhouse<\/b> nous apporte l&#8217;incomparable <b>Orange Cookies<\/b>, une fleur avec entre <b>10% et 12% de CBD<\/b>, \u00e0 l&#8217;odeur franche et enveloppante. <b>Un ar\u00f4me d&#8217;agrumes doux<\/b>, qui rappelle l&#8217;orange pure fra\u00eechement coup\u00e9e. En g\u00e9n\u00e9ral, cette fleur CBD a un ar\u00f4me aigre-doux qui m\u00e9lange l&#8217;acidit\u00e9 de l&#8217;orange, avec des notes de <i>kush<\/i>, et la douceur provenant des touches de terre douces et florales. D&#8217;o\u00f9 son nom : la douceur des <i>cookies<\/i> et l&#8217;acidit\u00e9 des agrumes. La d\u00e9licieuse <b>Strawberry<\/b>, avec entre <b>10% et 12% de CBD<\/b>, ne pouvait pas manquer \u00e0 ce pack. Cette fleur nous offre un ar\u00f4me enveloppant tr\u00e8s <b>doux, frais<\/b> et <b>fruit\u00e9<\/b> avec une touche \u00e9vidente de fraise, indiquant clairement son nom. L&#8217;aspect de la t\u00eate est d&#8217;une couleur vert tr\u00e8s fonc\u00e9 et de forme apicale, cons\u00e9quence de la technique de culture de la plante. Et, enfin, dans ce pack, vous pourrez \u00e9galement laisser le CBD vous accompagner avec la <b>Skywalker OG<\/b>. L&#8217;<b>ar\u00f4me doux et terreux<\/b> combin\u00e9 \u00e0 ses <b>9,5% de CBD<\/b>, font de cette fleur une excellente option pour tout moment. C&#8217;est une souche visuellement tr\u00e8s reconnaissable gr\u00e2ce \u00e0 ses t\u00eates <b>denses, rondes ou coniques, de couleur vert brillant<\/b> avec des poils orange br\u00fbl\u00e9 incrust\u00e9s dans une \u00e9paisse couche de trichomes, avec des fleurs qui ont tendance \u00e0 \u00eatre plus collantes et tr\u00e8s aromatiques.Tous nos produits sont cultiv\u00e9s <b><span class=\"citation-154\">de mani\u00e8re 100% naturelle<\/span><\/b><span class=\"citation-122\">, sans utiliser d&#8217;<\/span><b><span class=\"citation-154\">additifs<\/span><\/b><span class=\"citation-122\"> ni de <\/span><b><span class=\"citation-154\">pesticides<\/span><\/b><span class=\"citation-122 citation-end-122\"> d&#8217;aucune sorte.<\/span><span class=\"citation-121\">De plus, comme ils contiennent moins de <\/span><b><span class=\"citation-153\">0,20% de THC<\/span><\/b><span class=\"citation-121 citation-end-121\">, il<\/span>s sont enti\u00e8rement <b>l\u00e9gaux dans toute l&#8217;Europe<\/b>, et n&#8217;ont aucun effet psychoactif.<\/p>\n<p>&nbsp;<\/p>\n<h3>Caract\u00e9ristiques du Pack CBD Greenhouse<\/h3>\n<p>&nbsp;<\/p>\n<ul>\n<li>1 <b>OG Kush<\/b> (2gr \/ 5gr)<\/li>\n<li>1 <b>Orange Cookies<\/b> (2gr \/ 5gr)<\/li>\n<li>1 <b>Strawberry<\/b> (2gr \/ 5gr)<\/li>\n<li>1 <b>Skywalker OG<\/b> (2gr \/ 5gr)<\/li>\n<li>Fleurs de chanvre<\/li>\n<li>Moins de <b>0,20% de THC<\/b><\/li>\n<li>Sans effets psychoactifs<\/li>\n<li>Cultiv\u00e9es de mani\u00e8re biologique<\/li>\n<li>Sans OGM<\/li>\n<li>Sans pesticides<\/li>\n<\/ul>\n<p>&nbsp;<\/p>\n<h3>Composants du pack CBD Greenhouse<\/h3>\n<p>&nbsp;<\/p>\n<p>Ce pack est compos\u00e9 de 4 \u00e9l\u00e9ments distincts : un sachet d&#8217;OG Kush, un d&#8217;Orange Cookies, un de Strawberry et un de Skywalker OG. Vous pouvez le choisir en petit format avec des sachets de fleurs de 2 grammes, ou en format plus grand avec des sachets de 5 grammes de chacun des composants inclus dans le pack.<\/p>\n<p>&nbsp;<\/p>\n<h3>Utilisateur cibl\u00e9<\/h3>\n<p>&nbsp;<\/p>\n<p>Le <b>Pack CBD Greenhouse<\/b> est id\u00e9al pour les utilisateurs qui pr\u00e9f\u00e8rent une option plus abordable sans renoncer \u00e0 la qualit\u00e9. De plus, ce pack offre la possibilit\u00e9 d&#8217;obtenir ces vari\u00e9t\u00e9s \u00e0 un prix r\u00e9duit, car il repr\u00e9sente une <b>r\u00e9duction de 10%<\/b> par rapport \u00e0 l&#8217;achat des produits s\u00e9par\u00e9ment.<\/p>\n<p>&nbsp;<\/p>\n<h3>Informations de s\u00e9curit\u00e9<\/h3>\n<p>&nbsp;<\/p>\n<p>Ce pack contient des fleurs de chanvre non psychoactives, cultiv\u00e9es \u00e0 partir de graines certifi\u00e9es, sans additifs, avec un maximum de <b>0,2% de THC ou un Indice de Psychoactivit\u00e9 Inf\u00e9rieur \u00e0 1<\/b>. Cannabis Type Fibre selon le Manuel ST\/NAR 40 Nations Unies. C&#8217;est un produit d\u00e9coratif, aromatique et de collection. Son ingestion, inhalation ou usage th\u00e9rapeutique est interdit. L&#8217;entreprise n&#8217;est pas responsable de toute utilisation contraire \u00e0 la loi ou \u00e0 ces indications. Vente interdite aux mineurs. Tenir hors de port\u00e9e des enfants. Le contenu fourni est uniquement \u00e0 des fins d&#8217;information et de formation et ne remplace en aucun cas un avis m\u00e9dical d&#8217;un m\u00e9decin ou d&#8217;un pharmacien. Nos textes ne sont pas destin\u00e9s au diagnostic et au traitement ind\u00e9pendants de maladies. N&#8217;h\u00e9sitez pas \u00e0 nous contacter si vous avez d&#8217;autres questions.<\/p>\n<p>&nbsp;<\/p>\n<h3>Stockage<\/h3>\n<p>&nbsp;<\/p>\n<p>Id\u00e9alement, les fleurs et r\u00e9sines de CBD de The Tree doivent \u00eatre stock\u00e9es dans un endroit frais et sec, \u00e0 l&#8217;abri de la lumi\u00e8re et des odeurs fortes afin d&#8217;\u00e9viter tout type de contamination et\/ou de d\u00e9gradation. \u00c9viter la lumi\u00e8re directe du soleil et la chaleur.<\/p>\n<p><b>Attention<\/b> : La dur\u00e9e de conservation indiqu\u00e9e est d&#8217;un mois si stock\u00e9 correctement.<\/p>\n","protected":false},"excerpt":{"rendered":"<ul>\n<li><span style=\"font-weight: 400;\">1 Kusk OG (2gr \/ 5gr)<\/span><\/li>\n<li>1 Orange Cookies (2gr \/ 5gr)<\/li>\n<li>1 Strawberry (2gr \/ 5gr)<\/li>\n<li>1 Skywalker OG (2gr \/ 5gr)<\/li>\n<li>Bourgeons de chanvre<\/li>\n<li>Moins de 0,20 % de THC<\/li>\n<li>Aucun effet psychoactif<\/li>\n<li>De culture biologique<\/li>\n<li>Sans OGM<\/li>\n<li>Sans pesticides<\/li>\n<\/ul>\n","protected":false},"featured_media":186140,"template":"","meta":{"_acf_changed":false},"product_brand":[],"class_list":{"0":"post-111289","1":"product","2":"type-product","3":"status-publish","4":"has-post-thumbnail","6":"product_cat-fleurs-cbd","7":"product_cat-packs-cbd","8":"product_cat-cbd-concentrees-20","10":"first","11":"outofstock","12":"taxable","13":"shipping-taxable","14":"purchasable","15":"product-type-variable","16":"has-default-attributes"},"acf":[],"yoast_head":"<!-- This site is optimized with the Yoast SEO plugin v26.3 - https:\/\/yoast.com\/wordpress\/plugins\/seo\/ -->\n<title>Pack CBD greenhouse | The Tree CBD<\/title>\n<meta name=\"description\" content=\"Le pack CBD greenhouse contient nos vari\u00e9t\u00e9s de serre, OG Kush, Orange Cookies, Strawberry et Skywalker OG et vous permettra de les essayer \u00e0 un prix tr\u00e8s abordable.\" \/>\n<meta name=\"robots\" content=\"index, follow, max-snippet:-1, max-image-preview:large, max-video-preview:-1\" \/>\n<link rel=\"canonical\" href=\"https:\/\/thetreecbd.com\/fr\/cbd\/packs-cbd-pack-greenhouse\" \/>\n<meta property=\"og:locale\" content=\"fr_FR\" \/>\n<meta property=\"og:type\" content=\"article\" \/>\n<meta property=\"og:title\" content=\"Pack CBD greenhouse | The Tree CBD\" \/>\n<meta property=\"og:description\" content=\"Le pack CBD greenhouse contient nos vari\u00e9t\u00e9s de serre, OG Kush, Orange Cookies, Strawberry et Skywalker OG et vous permettra de les essayer \u00e0 un prix tr\u00e8s abordable.\" \/>\n<meta property=\"og:url\" content=\"https:\/\/thetreecbd.com\/fr\/cbd\/packs-cbd-pack-greenhouse\" \/>\n<meta property=\"og:site_name\" content=\"The Tree CBD\" \/>\n<meta property=\"article:publisher\" content=\"https:\/\/www.facebook.com\/thetreeCBD\/\" \/>\n<meta property=\"article:modified_time\" content=\"2025-09-05T13:53:52+00:00\" \/>\n<meta property=\"og:image\" content=\"https:\/\/thetreecbd.com\/wp-content\/uploads\/2023\/02\/pack-greenhouse-cbd-web.png\" \/>\n\t<meta property=\"og:image:width\" content=\"595\" \/>\n\t<meta property=\"og:image:height\" content=\"714\" \/>\n\t<meta property=\"og:image:type\" content=\"image\/png\" \/>\n<meta name=\"twitter:card\" content=\"summary_large_image\" \/>\n<meta name=\"twitter:site\" content=\"@TheTreeCBD_EU\" \/>\n<meta name=\"twitter:label1\" content=\"Dur\u00e9e de lecture estim\u00e9e\" \/>\n\t<meta name=\"twitter:data1\" content=\"4 minutes\" \/>\n<script type=\"application\/ld+json\" class=\"yoast-schema-graph\">{\"@context\":\"https:\/\/schema.org\",\"@graph\":[{\"@type\":[\"WebPage\",\"ItemPage\"],\"@id\":\"https:\/\/thetreecbd.com\/fr\/cbd\/packs-cbd-pack-greenhouse\",\"url\":\"https:\/\/thetreecbd.com\/fr\/cbd\/packs-cbd-pack-greenhouse\",\"name\":\"Pack CBD greenhouse | The Tree CBD\",\"isPartOf\":{\"@id\":\"https:\/\/thetreecbd.com\/fr#website\"},\"primaryImageOfPage\":{\"@id\":\"https:\/\/thetreecbd.com\/fr\/cbd\/packs-cbd-pack-greenhouse#primaryimage\"},\"image\":{\"@id\":\"https:\/\/thetreecbd.com\/fr\/cbd\/packs-cbd-pack-greenhouse#primaryimage\"},\"thumbnailUrl\":\"https:\/\/thetreecbd.com\/wp-content\/uploads\/2023\/01\/greenhousex4-thetree-web.jpg\",\"datePublished\":\"2023-01-24T10:34:23+00:00\",\"dateModified\":\"2025-09-05T13:53:52+00:00\",\"description\":\"Le pack CBD greenhouse contient nos vari\u00e9t\u00e9s de serre, OG Kush, Orange Cookies, Strawberry et Skywalker OG et vous permettra de les essayer \u00e0 un prix tr\u00e8s abordable.\",\"breadcrumb\":{\"@id\":\"https:\/\/thetreecbd.com\/fr\/cbd\/packs-cbd-pack-greenhouse#breadcrumb\"},\"inLanguage\":\"fr-FR\",\"potentialAction\":[{\"@type\":\"ReadAction\",\"target\":[\"https:\/\/thetreecbd.com\/fr\/cbd\/packs-cbd-pack-greenhouse\"]}]},{\"@type\":\"ImageObject\",\"inLanguage\":\"fr-FR\",\"@id\":\"https:\/\/thetreecbd.com\/fr\/cbd\/packs-cbd-pack-greenhouse#primaryimage\",\"url\":\"https:\/\/thetreecbd.com\/wp-content\/uploads\/2023\/01\/greenhousex4-thetree-web.jpg\",\"contentUrl\":\"https:\/\/thetreecbd.com\/wp-content\/uploads\/2023\/01\/greenhousex4-thetree-web.jpg\",\"width\":1080,\"height\":1350},{\"@type\":\"BreadcrumbList\",\"@id\":\"https:\/\/thetreecbd.com\/fr\/cbd\/packs-cbd-pack-greenhouse#breadcrumb\",\"itemListElement\":[{\"@type\":\"ListItem\",\"position\":1,\"name\":\"The Tree\",\"item\":\"https:\/\/thetreecbd.com\/fr\"},{\"@type\":\"ListItem\",\"position\":2,\"name\":\"CBD\",\"item\":\"https:\/\/thetreecbd.com\/es\/cbd\"},{\"@type\":\"ListItem\",\"position\":3,\"name\":\"Fleurs de chanvre. Fleurs de CBD\",\"item\":\"https:\/\/thetreecbd.com\/fr\/fleurs-cbd\"},{\"@type\":\"ListItem\",\"position\":4,\"name\":\"Pack Greenhouse: OG Kush, Orange Cookies, Strawberry et Skywalker OG\"}]},{\"@type\":\"WebSite\",\"@id\":\"https:\/\/thetreecbd.com\/fr#website\",\"url\":\"https:\/\/thetreecbd.com\/fr\",\"name\":\"The Tree CBD\",\"description\":\"Comprar CBD en Espa\u00f1a Online\",\"publisher\":{\"@id\":\"https:\/\/thetreecbd.com\/fr#organization\"},\"potentialAction\":[{\"@type\":\"SearchAction\",\"target\":{\"@type\":\"EntryPoint\",\"urlTemplate\":\"https:\/\/thetreecbd.com\/fr?s={search_term_string}\"},\"query-input\":{\"@type\":\"PropertyValueSpecification\",\"valueRequired\":true,\"valueName\":\"search_term_string\"}}],\"inLanguage\":\"fr-FR\"},{\"@type\":\"Organization\",\"@id\":\"https:\/\/thetreecbd.com\/fr#organization\",\"name\":\"The Tree CBD\",\"url\":\"https:\/\/thetreecbd.com\/fr\",\"logo\":{\"@type\":\"ImageObject\",\"inLanguage\":\"fr-FR\",\"@id\":\"https:\/\/thetreecbd.com\/fr#\/schema\/logo\/image\/\",\"url\":\"https:\/\/thetreecbd.com\/wp-content\/uploads\/2022\/04\/logo-thetree.png\",\"contentUrl\":\"https:\/\/thetreecbd.com\/wp-content\/uploads\/2022\/04\/logo-thetree.png\",\"width\":172,\"height\":55,\"caption\":\"The Tree CBD\"},\"image\":{\"@id\":\"https:\/\/thetreecbd.com\/fr#\/schema\/logo\/image\/\"},\"sameAs\":[\"https:\/\/www.facebook.com\/thetreeCBD\/\",\"https:\/\/x.com\/TheTreeCBD_EU\",\"https:\/\/www.instagram.com\/thetree.cbd\/\",\"https:\/\/es.trustpilot.com\/review\/thetreecbd.com\"]}]}<\/script>\n<!-- \/ Yoast SEO plugin. -->","yoast_head_json":{"title":"Pack CBD greenhouse | The Tree CBD","description":"Le pack CBD greenhouse contient nos vari\u00e9t\u00e9s de serre, OG Kush, Orange Cookies, Strawberry et Skywalker OG et vous permettra de les essayer \u00e0 un prix tr\u00e8s abordable.","robots":{"index":"index","follow":"follow","max-snippet":"max-snippet:-1","max-image-preview":"max-image-preview:large","max-video-preview":"max-video-preview:-1"},"canonical":"https:\/\/thetreecbd.com\/fr\/cbd\/packs-cbd-pack-greenhouse","og_locale":"fr_FR","og_type":"article","og_title":"Pack CBD greenhouse | The Tree CBD","og_description":"Le pack CBD greenhouse contient nos vari\u00e9t\u00e9s de serre, OG Kush, Orange Cookies, Strawberry et Skywalker OG et vous permettra de les essayer \u00e0 un prix tr\u00e8s abordable.","og_url":"https:\/\/thetreecbd.com\/fr\/cbd\/packs-cbd-pack-greenhouse","og_site_name":"The Tree CBD","article_publisher":"https:\/\/www.facebook.com\/thetreeCBD\/","article_modified_time":"2025-09-05T13:53:52+00:00","og_image":[{"width":595,"height":714,"url":"https:\/\/thetreecbd.com\/wp-content\/uploads\/2023\/02\/pack-greenhouse-cbd-web.png","type":"image\/png"}],"twitter_card":"summary_large_image","twitter_site":"@TheTreeCBD_EU","twitter_misc":{"Dur\u00e9e de lecture estim\u00e9e":"4 minutes"},"schema":{"@context":"https:\/\/schema.org","@graph":[{"@type":["WebPage","ItemPage"],"@id":"https:\/\/thetreecbd.com\/fr\/cbd\/packs-cbd-pack-greenhouse","url":"https:\/\/thetreecbd.com\/fr\/cbd\/packs-cbd-pack-greenhouse","name":"Pack CBD greenhouse | The Tree CBD","isPartOf":{"@id":"https:\/\/thetreecbd.com\/fr#website"},"primaryImageOfPage":{"@id":"https:\/\/thetreecbd.com\/fr\/cbd\/packs-cbd-pack-greenhouse#primaryimage"},"image":{"@id":"https:\/\/thetreecbd.com\/fr\/cbd\/packs-cbd-pack-greenhouse#primaryimage"},"thumbnailUrl":"https:\/\/thetreecbd.com\/wp-content\/uploads\/2023\/01\/greenhousex4-thetree-web.jpg","datePublished":"2023-01-24T10:34:23+00:00","dateModified":"2025-09-05T13:53:52+00:00","description":"Le pack CBD greenhouse contient nos vari\u00e9t\u00e9s de serre, OG Kush, Orange Cookies, Strawberry et Skywalker OG et vous permettra de les essayer \u00e0 un prix tr\u00e8s abordable.","breadcrumb":{"@id":"https:\/\/thetreecbd.com\/fr\/cbd\/packs-cbd-pack-greenhouse#breadcrumb"},"inLanguage":"fr-FR","potentialAction":[{"@type":"ReadAction","target":["https:\/\/thetreecbd.com\/fr\/cbd\/packs-cbd-pack-greenhouse"]}]},{"@type":"ImageObject","inLanguage":"fr-FR","@id":"https:\/\/thetreecbd.com\/fr\/cbd\/packs-cbd-pack-greenhouse#primaryimage","url":"https:\/\/thetreecbd.com\/wp-content\/uploads\/2023\/01\/greenhousex4-thetree-web.jpg","contentUrl":"https:\/\/thetreecbd.com\/wp-content\/uploads\/2023\/01\/greenhousex4-thetree-web.jpg","width":1080,"height":1350},{"@type":"BreadcrumbList","@id":"https:\/\/thetreecbd.com\/fr\/cbd\/packs-cbd-pack-greenhouse#breadcrumb","itemListElement":[{"@type":"ListItem","position":1,"name":"The Tree","item":"https:\/\/thetreecbd.com\/fr"},{"@type":"ListItem","position":2,"name":"CBD","item":"https:\/\/thetreecbd.com\/es\/cbd"},{"@type":"ListItem","position":3,"name":"Fleurs de chanvre. Fleurs de CBD","item":"https:\/\/thetreecbd.com\/fr\/fleurs-cbd"},{"@type":"ListItem","position":4,"name":"Pack Greenhouse: OG Kush, Orange Cookies, Strawberry et Skywalker OG"}]},{"@type":"WebSite","@id":"https:\/\/thetreecbd.com\/fr#website","url":"https:\/\/thetreecbd.com\/fr","name":"The Tree CBD","description":"Comprar CBD en Espa\u00f1a Online","publisher":{"@id":"https:\/\/thetreecbd.com\/fr#organization"},"potentialAction":[{"@type":"SearchAction","target":{"@type":"EntryPoint","urlTemplate":"https:\/\/thetreecbd.com\/fr?s={search_term_string}"},"query-input":{"@type":"PropertyValueSpecification","valueRequired":true,"valueName":"search_term_string"}}],"inLanguage":"fr-FR"},{"@type":"Organization","@id":"https:\/\/thetreecbd.com\/fr#organization","name":"The Tree CBD","url":"https:\/\/thetreecbd.com\/fr","logo":{"@type":"ImageObject","inLanguage":"fr-FR","@id":"https:\/\/thetreecbd.com\/fr#\/schema\/logo\/image\/","url":"https:\/\/thetreecbd.com\/wp-content\/uploads\/2022\/04\/logo-thetree.png","contentUrl":"https:\/\/thetreecbd.com\/wp-content\/uploads\/2022\/04\/logo-thetree.png","width":172,"height":55,"caption":"The Tree CBD"},"image":{"@id":"https:\/\/thetreecbd.com\/fr#\/schema\/logo\/image\/"},"sameAs":["https:\/\/www.facebook.com\/thetreeCBD\/","https:\/\/x.com\/TheTreeCBD_EU","https:\/\/www.instagram.com\/thetree.cbd\/","https:\/\/es.trustpilot.com\/review\/thetreecbd.com"]}]}},"_links":{"self":[{"href":"https:\/\/thetreecbd.com\/fr\/wp-json\/wp\/v2\/product\/111289","targetHints":{"allow":["GET"]}}],"collection":[{"href":"https:\/\/thetreecbd.com\/fr\/wp-json\/wp\/v2\/product"}],"about":[{"href":"https:\/\/thetreecbd.com\/fr\/wp-json\/wp\/v2\/types\/product"}],"version-history":[{"count":0,"href":"https:\/\/thetreecbd.com\/fr\/wp-json\/wp\/v2\/product\/111289\/revisions"}],"wp:featuredmedia":[{"embeddable":true,"href":"https:\/\/thetreecbd.com\/fr\/wp-json\/wp\/v2\/media\/186140"}],"wp:attachment":[{"href":"https:\/\/thetreecbd.com\/fr\/wp-json\/wp\/v2\/media?parent=111289"}],"wp:term":[{"taxonomy":"product_brand","embeddable":true,"href":"https:\/\/thetreecbd.com\/fr\/wp-json\/wp\/v2\/product_brand?post=111289"}],"curies":[{"name":"wp","href":"https:\/\/api.w.org\/{rel}","templated":true}]}}