{"id":111377,"date":"2023-01-25T16:01:33","date_gmt":"2023-01-25T15:01:33","guid":{"rendered":"https:\/\/thetreecbd.com\/?post_type=product&#038;p=111377"},"modified":"2025-12-02T01:37:51","modified_gmt":"2025-12-02T00:37:51","slug":"packs-cbd-pack-indoor","status":"publish","type":"product","link":"https:\/\/thetreecbd.com\/fr\/cbd\/packs-cbd-pack-indoor","title":{"rendered":"Pack fleurs Indoor: Gelato, Cali Orange, Pistacho et Lemon Tree"},"content":{"rendered":"<p>Le <b>pack de t\u00eates CBD indoor<\/b> contient nos meilleures vari\u00e9t\u00e9s d&#8217;int\u00e9rieur. Un pack qui comprend certaines de nos fleurs les plus haut de gamme. Ce pack, destin\u00e9 \u00e0 ceux qui ont un faible pour les vari\u00e9t\u00e9s <i>indoor<\/i>, vous permettra de profiter des vari\u00e9t\u00e9s <b>Gelato, Cali Orange, Pistache<\/b> et <b>Lemon Tree<\/b>. Au cas o\u00f9 l&#8217;une de ces vari\u00e9t\u00e9s serait en rupture de stock, elle serait remplac\u00e9e par une de qualit\u00e9 \u00e9gale ou sup\u00e9rieure, comme, par exemple, la Cali Orange ou la Malib\u00fa Exotic, d&#8217;autres de nos vari\u00e9t\u00e9s les plus recherch\u00e9es.<\/p>\n<p>Il ne pouvait manquer dans ce <b>pack de t\u00eates CBD indoor<\/b> l&#8217;une des fleurs les plus populaires aupr\u00e8s de nos clients : la <b>Gelato<\/b>, avec entre <b>10% et 12% de CBD<\/b>. Cette vari\u00e9t\u00e9 de la plus haute qualit\u00e9, nous offre un <b>ar\u00f4me cr\u00e9meux avec une saveur douce, citronn\u00e9e et naturelle<\/b> qui rappelle un dessert ou une glace avec des <b>notes d&#8217;orange et de biscuit sucr\u00e9<\/b>.<\/p>\n<p>Que vous apportons-nous ? La <b>Cali Orange<\/b>, avec entre <b>12% et 14% de CBD<\/b>, se caract\u00e9rise par des <b>terp\u00e8nes fruit\u00e9s, citriques et acides puissants<\/b>, ce qui en fait l&#8217;une des plus recherch\u00e9es, en raison de son ar\u00f4me si diff\u00e9rent et de sa saveur intense avec des nuances douces et \u00e9pic\u00e9es, des notes fortes similaires \u00e0 celles des agrumes qui lui conf\u00e8rent corps et intensit\u00e9. La <b>Pistache<\/b> fait \u00e9galement partie de ce nouveau pack. Une autre classique avec des pourcentages tr\u00e8s \u00e9lev\u00e9s de CBD, entre <b>20% et 23%<\/b>, qui offre un ar\u00f4me <b>exotique, sec et aigre-doux<\/b>. Des t\u00eates brillantes recouvertes d&#8217;un mince film de givre, une grande preuve de la haute qualit\u00e9 de cette fleur. Et, enfin, la <b>Lemon Tree<\/b>. Une fleur exclusive de The Tree destin\u00e9e aux clients les plus exigeants. Avec entre <b>14% et 16% de CBD<\/b>, elle offre un <b>ar\u00f4me citronn\u00e9 avec une saveur de citron acide et de citron doux<\/b>. Son odeur, en plus d&#8217;\u00eatre citronn\u00e9e, contient une pointe sucr\u00e9e qui rappelle la fleur de citronnier et qui fait de cette souche une vari\u00e9t\u00e9 unique. Toutes ces fleurs sont cultiv\u00e9es en <b>int\u00e9rieur<\/b> de mani\u00e8re 100% naturelle, sans utiliser d&#8217;<b>additifs<\/b> ni de <b>pesticides<\/b> d&#8217;aucune sorte. De plus, comme elles contiennent moins de <b>0,20% de THC<\/b>, elles sont enti\u00e8rement <b>l\u00e9gales dans toute l&#8217;Europe<\/b>, et n&#8217;ont aucun effet psychoactif.<\/p>\n<p>&nbsp;<\/p>\n<h3>Caract\u00e9ristiques du Pack CBD Indoor<\/h3>\n<p>&nbsp;<\/p>\n<ul>\n<li>1 <b>Gelato<\/b> (2gr \/ 5gr)<\/li>\n<li>1 <b>Cali Orange<\/b> (2gr \/ 5gr)<\/li>\n<li>1 <b>Pistache<\/b> (2gr \/ 5gr)<\/li>\n<li>1 <b>Lemon Tree<\/b> (2gr \/ 5gr)<\/li>\n<li>Fleurs de chanvre<\/li>\n<li>Moins de <b>0,20% de THC<\/b><\/li>\n<li>Sans effets psychoactifs<\/li>\n<li>Cultiv\u00e9es de mani\u00e8re biologique<\/li>\n<li>Sans OGM<\/li>\n<li>Sans pesticides<\/li>\n<\/ul>\n<p>&nbsp;<\/p>\n<h3>Composants<\/h3>\n<p>&nbsp;<\/p>\n<p>Ce pack est compos\u00e9 de 4 \u00e9l\u00e9ments distincts : un sachet de Gelato, un de Cali Orange, un de Pistache et un de Lemon Tree. Vous pouvez le choisir en petit format avec des sachets de fleurs de 2 grammes, ou en format plus grand avec des sachets de 5 grammes de chacun des composants inclus dans le pack.<\/p>\n<p>&nbsp;<\/p>\n<h3>Utilisateur cibl\u00e9<\/h3>\n<p>&nbsp;<\/p>\n<p>Le <b>Pack CBD Indoor<\/b> est id\u00e9al pour les utilisateurs qui recherchent la qualit\u00e9 avant tout. De plus, ce pack offre la possibilit\u00e9 d&#8217;obtenir cette vari\u00e9t\u00e9 \u00e0 un prix r\u00e9duit, car il repr\u00e9sente une <b>r\u00e9duction de 10%<\/b> par rapport \u00e0 l&#8217;achat des produits s\u00e9par\u00e9ment.<\/p>\n<p>&nbsp;<\/p>\n<h3>Informations de s\u00e9curit\u00e9<\/h3>\n<p>&nbsp;<\/p>\n<p>Ce pack contient des fleurs non psychoactives, cultiv\u00e9es \u00e0 partir de graines certifi\u00e9es, sans additifs, avec un maximum de <b>0,2% de THC ou un Indice de Psychoactivit\u00e9 Inf\u00e9rieur \u00e0 1<\/b>. Cannabis Type Fibre selon le Manuel ST\/NAR 40 Nations Unies. C&#8217;est un produit d\u00e9coratif, aromatique et de collection. Son ingestion, inhalation ou usage th\u00e9rapeutique est interdit. L&#8217;entreprise n&#8217;est pas responsable de toute utilisation contraire \u00e0 la loi ou \u00e0 ces indications. Vente interdite aux mineurs. Tenir hors de port\u00e9e des enfants. Le contenu fourni est uniquement \u00e0 des fins d&#8217;information et de formation et ne remplace en aucun cas un avis m\u00e9dical d&#8217;un m\u00e9decin ou d&#8217;un pharmacien. Nos textes ne sont pas destin\u00e9s au diagnostic et au traitement ind\u00e9pendants de maladies. N&#8217;h\u00e9sitez pas \u00e0 nous contacter si vous avez d&#8217;autres questions.<\/p>\n<p>&nbsp;<\/p>\n<h3>Stockage<\/h3>\n<p>&nbsp;<\/p>\n<p>Id\u00e9alement, les fleurs et r\u00e9sines de CBD de The Tree doivent \u00eatre stock\u00e9es dans un endroit frais et sec, \u00e0 l&#8217;abri de la lumi\u00e8re et des odeurs fortes afin d&#8217;\u00e9viter tout type de contamination et\/ou de d\u00e9gradation. \u00c9viter la lumi\u00e8re directe du soleil et la chaleur. <b>Attention<\/b> : La dur\u00e9e de conservation indiqu\u00e9e est d&#8217;un mois si stock\u00e9 correctement.<\/p>\n","protected":false},"excerpt":{"rendered":"<ul>\n<li><span style=\"font-weight: 400;\">1 Gelato (2gr \/ 5gr)<\/span><\/li>\n<li>1 Cali Orange (2gr \/ 5gr)<\/li>\n<li>1 Pistache (2gr \/ 5gr)<\/li>\n<li>1 Lemon Tree (2gr \/ 5gr)<\/li>\n<li>Bourgeons de chanvre<\/li>\n<li>Moins de 0,20 % de THC<\/li>\n<li>Aucun effet psychoactif<\/li>\n<li>De culture biologique<\/li>\n<li>Sans OGM<\/li>\n<li>Sans pesticides<\/li>\n<\/ul>\n","protected":false},"featured_media":119156,"template":"","meta":{"_acf_changed":false},"product_brand":[],"class_list":{"0":"post-111377","1":"product","2":"type-product","3":"status-publish","4":"has-post-thumbnail","6":"product_cat-black-friday-cbd","7":"product_cat-fleurs-cbd","8":"product_cat-packs-cbd","9":"product_cat-cbd-concentrees-10","11":"first","12":"outofstock","13":"taxable","14":"shipping-taxable","15":"purchasable","16":"product-type-variable","17":"has-default-attributes"},"acf":[],"yoast_head":"<!-- This site is optimized with the Yoast SEO plugin v26.3 - https:\/\/yoast.com\/wordpress\/plugins\/seo\/ -->\n<title>Pack fleurs CBD indoor | The Tree CBD<\/title>\n<meta name=\"description\" content=\"Le pack indoor CBD contient nos meilleures vari\u00e9t\u00e9s indoor : Pistachio, Gelato, Cali Orange et Lemon Tree, et vous permettra de les essayer \u00e0 un prix tr\u00e8s abordable.\" \/>\n<meta name=\"robots\" content=\"index, follow, max-snippet:-1, max-image-preview:large, max-video-preview:-1\" \/>\n<link rel=\"canonical\" href=\"https:\/\/thetreecbd.com\/fr\/cbd\/packs-cbd-pack-indoor\" \/>\n<meta property=\"og:locale\" content=\"fr_FR\" \/>\n<meta property=\"og:type\" content=\"article\" \/>\n<meta property=\"og:title\" content=\"Pack fleurs CBD indoor | The Tree CBD\" \/>\n<meta property=\"og:description\" content=\"Le pack indoor CBD contient nos meilleures vari\u00e9t\u00e9s indoor : Pistachio, Gelato, Cali Orange et Lemon Tree, et vous permettra de les essayer \u00e0 un prix tr\u00e8s abordable.\" \/>\n<meta property=\"og:url\" content=\"https:\/\/thetreecbd.com\/fr\/cbd\/packs-cbd-pack-indoor\" \/>\n<meta property=\"og:site_name\" content=\"The Tree CBD\" \/>\n<meta property=\"article:publisher\" content=\"https:\/\/www.facebook.com\/thetreeCBD\/\" \/>\n<meta property=\"article:modified_time\" content=\"2025-12-02T00:37:51+00:00\" \/>\n<meta property=\"og:image\" content=\"https:\/\/thetreecbd.com\/wp-content\/uploads\/2023\/01\/pack-indoor-web.png\" \/>\n\t<meta property=\"og:image:width\" content=\"595\" \/>\n\t<meta property=\"og:image:height\" content=\"714\" \/>\n\t<meta property=\"og:image:type\" content=\"image\/png\" \/>\n<meta name=\"twitter:card\" content=\"summary_large_image\" \/>\n<meta name=\"twitter:site\" content=\"@TheTreeCBD_EU\" \/>\n<meta name=\"twitter:label1\" content=\"Dur\u00e9e de lecture estim\u00e9e\" \/>\n\t<meta name=\"twitter:data1\" content=\"4 minutes\" \/>\n<script type=\"application\/ld+json\" class=\"yoast-schema-graph\">{\"@context\":\"https:\/\/schema.org\",\"@graph\":[{\"@type\":[\"WebPage\",\"ItemPage\"],\"@id\":\"https:\/\/thetreecbd.com\/fr\/cbd\/packs-cbd-pack-indoor\",\"url\":\"https:\/\/thetreecbd.com\/fr\/cbd\/packs-cbd-pack-indoor\",\"name\":\"Pack fleurs CBD indoor | The Tree CBD\",\"isPartOf\":{\"@id\":\"https:\/\/thetreecbd.com\/fr#website\"},\"primaryImageOfPage\":{\"@id\":\"https:\/\/thetreecbd.com\/fr\/cbd\/packs-cbd-pack-indoor#primaryimage\"},\"image\":{\"@id\":\"https:\/\/thetreecbd.com\/fr\/cbd\/packs-cbd-pack-indoor#primaryimage\"},\"thumbnailUrl\":\"https:\/\/thetreecbd.com\/wp-content\/uploads\/2023\/01\/pack-indoor-web.png\",\"datePublished\":\"2023-01-25T15:01:33+00:00\",\"dateModified\":\"2025-12-02T00:37:51+00:00\",\"description\":\"Le pack indoor CBD contient nos meilleures vari\u00e9t\u00e9s indoor : Pistachio, Gelato, Cali Orange et Lemon Tree, et vous permettra de les essayer \u00e0 un prix tr\u00e8s abordable.\",\"breadcrumb\":{\"@id\":\"https:\/\/thetreecbd.com\/fr\/cbd\/packs-cbd-pack-indoor#breadcrumb\"},\"inLanguage\":\"fr-FR\",\"potentialAction\":[{\"@type\":\"ReadAction\",\"target\":[\"https:\/\/thetreecbd.com\/fr\/cbd\/packs-cbd-pack-indoor\"]}]},{\"@type\":\"ImageObject\",\"inLanguage\":\"fr-FR\",\"@id\":\"https:\/\/thetreecbd.com\/fr\/cbd\/packs-cbd-pack-indoor#primaryimage\",\"url\":\"https:\/\/thetreecbd.com\/wp-content\/uploads\/2023\/01\/pack-indoor-web.png\",\"contentUrl\":\"https:\/\/thetreecbd.com\/wp-content\/uploads\/2023\/01\/pack-indoor-web.png\",\"width\":595,\"height\":714,\"caption\":\"pack-indoor-cbd\"},{\"@type\":\"BreadcrumbList\",\"@id\":\"https:\/\/thetreecbd.com\/fr\/cbd\/packs-cbd-pack-indoor#breadcrumb\",\"itemListElement\":[{\"@type\":\"ListItem\",\"position\":1,\"name\":\"The Tree\",\"item\":\"https:\/\/thetreecbd.com\/fr\"},{\"@type\":\"ListItem\",\"position\":2,\"name\":\"CBD\",\"item\":\"https:\/\/thetreecbd.com\/es\/cbd\"},{\"@type\":\"ListItem\",\"position\":3,\"name\":\"Black Friday\",\"item\":\"https:\/\/thetreecbd.com\/fr\/black-friday-cbd\"},{\"@type\":\"ListItem\",\"position\":4,\"name\":\"Pack fleurs Indoor: Gelato, Cali Orange, Pistacho et Lemon Tree\"}]},{\"@type\":\"WebSite\",\"@id\":\"https:\/\/thetreecbd.com\/fr#website\",\"url\":\"https:\/\/thetreecbd.com\/fr\",\"name\":\"The Tree CBD\",\"description\":\"Comprar CBD en Espa\u00f1a Online\",\"publisher\":{\"@id\":\"https:\/\/thetreecbd.com\/fr#organization\"},\"potentialAction\":[{\"@type\":\"SearchAction\",\"target\":{\"@type\":\"EntryPoint\",\"urlTemplate\":\"https:\/\/thetreecbd.com\/fr?s={search_term_string}\"},\"query-input\":{\"@type\":\"PropertyValueSpecification\",\"valueRequired\":true,\"valueName\":\"search_term_string\"}}],\"inLanguage\":\"fr-FR\"},{\"@type\":\"Organization\",\"@id\":\"https:\/\/thetreecbd.com\/fr#organization\",\"name\":\"The Tree CBD\",\"url\":\"https:\/\/thetreecbd.com\/fr\",\"logo\":{\"@type\":\"ImageObject\",\"inLanguage\":\"fr-FR\",\"@id\":\"https:\/\/thetreecbd.com\/fr#\/schema\/logo\/image\/\",\"url\":\"https:\/\/thetreecbd.com\/wp-content\/uploads\/2022\/04\/logo-thetree.png\",\"contentUrl\":\"https:\/\/thetreecbd.com\/wp-content\/uploads\/2022\/04\/logo-thetree.png\",\"width\":172,\"height\":55,\"caption\":\"The Tree CBD\"},\"image\":{\"@id\":\"https:\/\/thetreecbd.com\/fr#\/schema\/logo\/image\/\"},\"sameAs\":[\"https:\/\/www.facebook.com\/thetreeCBD\/\",\"https:\/\/x.com\/TheTreeCBD_EU\",\"https:\/\/www.instagram.com\/thetree.cbd\/\",\"https:\/\/es.trustpilot.com\/review\/thetreecbd.com\"]}]}<\/script>\n<!-- \/ Yoast SEO plugin. -->","yoast_head_json":{"title":"Pack fleurs CBD indoor | The Tree CBD","description":"Le pack indoor CBD contient nos meilleures vari\u00e9t\u00e9s indoor : Pistachio, Gelato, Cali Orange et Lemon Tree, et vous permettra de les essayer \u00e0 un prix tr\u00e8s abordable.","robots":{"index":"index","follow":"follow","max-snippet":"max-snippet:-1","max-image-preview":"max-image-preview:large","max-video-preview":"max-video-preview:-1"},"canonical":"https:\/\/thetreecbd.com\/fr\/cbd\/packs-cbd-pack-indoor","og_locale":"fr_FR","og_type":"article","og_title":"Pack fleurs CBD indoor | The Tree CBD","og_description":"Le pack indoor CBD contient nos meilleures vari\u00e9t\u00e9s indoor : Pistachio, Gelato, Cali Orange et Lemon Tree, et vous permettra de les essayer \u00e0 un prix tr\u00e8s abordable.","og_url":"https:\/\/thetreecbd.com\/fr\/cbd\/packs-cbd-pack-indoor","og_site_name":"The Tree CBD","article_publisher":"https:\/\/www.facebook.com\/thetreeCBD\/","article_modified_time":"2025-12-02T00:37:51+00:00","og_image":[{"width":595,"height":714,"url":"https:\/\/thetreecbd.com\/wp-content\/uploads\/2023\/01\/pack-indoor-web.png","type":"image\/png"}],"twitter_card":"summary_large_image","twitter_site":"@TheTreeCBD_EU","twitter_misc":{"Dur\u00e9e de lecture estim\u00e9e":"4 minutes"},"schema":{"@context":"https:\/\/schema.org","@graph":[{"@type":["WebPage","ItemPage"],"@id":"https:\/\/thetreecbd.com\/fr\/cbd\/packs-cbd-pack-indoor","url":"https:\/\/thetreecbd.com\/fr\/cbd\/packs-cbd-pack-indoor","name":"Pack fleurs CBD indoor | The Tree CBD","isPartOf":{"@id":"https:\/\/thetreecbd.com\/fr#website"},"primaryImageOfPage":{"@id":"https:\/\/thetreecbd.com\/fr\/cbd\/packs-cbd-pack-indoor#primaryimage"},"image":{"@id":"https:\/\/thetreecbd.com\/fr\/cbd\/packs-cbd-pack-indoor#primaryimage"},"thumbnailUrl":"https:\/\/thetreecbd.com\/wp-content\/uploads\/2023\/01\/pack-indoor-web.png","datePublished":"2023-01-25T15:01:33+00:00","dateModified":"2025-12-02T00:37:51+00:00","description":"Le pack indoor CBD contient nos meilleures vari\u00e9t\u00e9s indoor : Pistachio, Gelato, Cali Orange et Lemon Tree, et vous permettra de les essayer \u00e0 un prix tr\u00e8s abordable.","breadcrumb":{"@id":"https:\/\/thetreecbd.com\/fr\/cbd\/packs-cbd-pack-indoor#breadcrumb"},"inLanguage":"fr-FR","potentialAction":[{"@type":"ReadAction","target":["https:\/\/thetreecbd.com\/fr\/cbd\/packs-cbd-pack-indoor"]}]},{"@type":"ImageObject","inLanguage":"fr-FR","@id":"https:\/\/thetreecbd.com\/fr\/cbd\/packs-cbd-pack-indoor#primaryimage","url":"https:\/\/thetreecbd.com\/wp-content\/uploads\/2023\/01\/pack-indoor-web.png","contentUrl":"https:\/\/thetreecbd.com\/wp-content\/uploads\/2023\/01\/pack-indoor-web.png","width":595,"height":714,"caption":"pack-indoor-cbd"},{"@type":"BreadcrumbList","@id":"https:\/\/thetreecbd.com\/fr\/cbd\/packs-cbd-pack-indoor#breadcrumb","itemListElement":[{"@type":"ListItem","position":1,"name":"The Tree","item":"https:\/\/thetreecbd.com\/fr"},{"@type":"ListItem","position":2,"name":"CBD","item":"https:\/\/thetreecbd.com\/es\/cbd"},{"@type":"ListItem","position":3,"name":"Black Friday","item":"https:\/\/thetreecbd.com\/fr\/black-friday-cbd"},{"@type":"ListItem","position":4,"name":"Pack fleurs Indoor: Gelato, Cali Orange, Pistacho et Lemon Tree"}]},{"@type":"WebSite","@id":"https:\/\/thetreecbd.com\/fr#website","url":"https:\/\/thetreecbd.com\/fr","name":"The Tree CBD","description":"Comprar CBD en Espa\u00f1a Online","publisher":{"@id":"https:\/\/thetreecbd.com\/fr#organization"},"potentialAction":[{"@type":"SearchAction","target":{"@type":"EntryPoint","urlTemplate":"https:\/\/thetreecbd.com\/fr?s={search_term_string}"},"query-input":{"@type":"PropertyValueSpecification","valueRequired":true,"valueName":"search_term_string"}}],"inLanguage":"fr-FR"},{"@type":"Organization","@id":"https:\/\/thetreecbd.com\/fr#organization","name":"The Tree CBD","url":"https:\/\/thetreecbd.com\/fr","logo":{"@type":"ImageObject","inLanguage":"fr-FR","@id":"https:\/\/thetreecbd.com\/fr#\/schema\/logo\/image\/","url":"https:\/\/thetreecbd.com\/wp-content\/uploads\/2022\/04\/logo-thetree.png","contentUrl":"https:\/\/thetreecbd.com\/wp-content\/uploads\/2022\/04\/logo-thetree.png","width":172,"height":55,"caption":"The Tree CBD"},"image":{"@id":"https:\/\/thetreecbd.com\/fr#\/schema\/logo\/image\/"},"sameAs":["https:\/\/www.facebook.com\/thetreeCBD\/","https:\/\/x.com\/TheTreeCBD_EU","https:\/\/www.instagram.com\/thetree.cbd\/","https:\/\/es.trustpilot.com\/review\/thetreecbd.com"]}]}},"_links":{"self":[{"href":"https:\/\/thetreecbd.com\/fr\/wp-json\/wp\/v2\/product\/111377","targetHints":{"allow":["GET"]}}],"collection":[{"href":"https:\/\/thetreecbd.com\/fr\/wp-json\/wp\/v2\/product"}],"about":[{"href":"https:\/\/thetreecbd.com\/fr\/wp-json\/wp\/v2\/types\/product"}],"version-history":[{"count":0,"href":"https:\/\/thetreecbd.com\/fr\/wp-json\/wp\/v2\/product\/111377\/revisions"}],"wp:featuredmedia":[{"embeddable":true,"href":"https:\/\/thetreecbd.com\/fr\/wp-json\/wp\/v2\/media\/119156"}],"wp:attachment":[{"href":"https:\/\/thetreecbd.com\/fr\/wp-json\/wp\/v2\/media?parent=111377"}],"wp:term":[{"taxonomy":"product_brand","embeddable":true,"href":"https:\/\/thetreecbd.com\/fr\/wp-json\/wp\/v2\/product_brand?post=111377"}],"curies":[{"name":"wp","href":"https:\/\/api.w.org\/{rel}","templated":true}]}}