{"id":111401,"date":"2023-01-25T18:15:13","date_gmt":"2023-01-25T17:15:13","guid":{"rendered":"https:\/\/thetreecbd.com\/?post_type=product&#038;p=111401"},"modified":"2025-12-02T01:37:54","modified_gmt":"2025-12-02T00:37:54","slug":"packs-cbd-pack-cali-weed","status":"publish","type":"product","link":"https:\/\/thetreecbd.com\/fr\/cbd\/packs-cbd-pack-cali-weed","title":{"rendered":"Pack Cali Weed: Zkittlez, Sundae Driver, Royal Cheese et Mac"},"content":{"rendered":"<p><span style=\"font-weight: 400;\">Le<strong> pack CBD Cali Weed<\/strong> est, sans aucun doute, notre meilleur pack. Compos\u00e9 des plus hauts repr\u00e9sentants de Cali Weed, vous trouverez dans ce pack <strong>Zkittlez, Sundae Driver, Royal Cheese et Mac<\/strong> Toutes ces vari\u00e9t\u00e9s se caract\u00e9risent par une coupe sp\u00e9ciale qui donne \u00e0 la fleur un aspect rocheux, la finition dite californienne, d&#8217;o\u00f9 le terme &#8221;Cali Weed&#8221;. Une finition qui met en valeur les trichomes, am\u00e9liorant son ar\u00f4me.<\/span><\/p>\n<p><span style=\"font-weight: 400;\">Avec ce pack, vous pourrez profiter du best-seller <a href=\"https:\/\/thetreecbd.com\/fr\/cbd\/fleurs-cbd-cali-zkittlez\"><strong>Zkittlez<\/strong><\/a>, une fleur irrempla\u00e7able qui est devenue la plus populaire sur notre site gr\u00e2ce \u00e0 son <strong>pourcentage tr\u00e8s \u00e9lev\u00e9 de cbd : 26,96%.<\/strong> Avec des bourgeons compacts et retentissants, avec un aspect rocheux et un <strong>ar\u00f4me piquant, fort et doux,<\/strong> ce d\u00e9lice devient le pr\u00e9f\u00e9r\u00e9 de ceux qui l&#8217;essayent.<\/span><\/p>\n<p><span style=\"font-weight: 400;\">Le <a href=\"https:\/\/thetreecbd.com\/fr\/cbd\/fleurs-cbd-cali-sundae-driver\"><strong>Sundae Driver<\/strong><\/a> n&#8217;est pas loin derri\u00e8re. Cette vari\u00e9t\u00e9 <strong>chocolat\u00e9e, cr\u00e9meuse et sucr\u00e9e<\/strong> avec une exhalation l\u00e9g\u00e8rement fruit\u00e9e et <strong>20-23% de cbd<\/strong> est un vrai d\u00e9lice. Ses bourgeons ressemblant \u00e0 des roches contiennent des nuances de diff\u00e9rentes couleurs telles que le rouge\u00e2tre, le violet et le bleu\u00e2tre. Bref, un spectacle pour vos yeux.<\/span><\/p>\n<p><span style=\"font-weight: 400;\">La <strong>Royal Cheese<\/strong> donne une touche diff\u00e9rente \u00e0 ce pack CBD Cali Weed. Cette fleur, dont l&#8217;ar\u00f4me d\u00e9gage une odeur particuli\u00e8re, nous rappelle sans aucun doute le <strong>fromage cheddar ou le fromage bleu<\/strong> avec des touches \u00e9pic\u00e9es et douces-am\u00e8res qui se marient parfaitement. Avec entre <strong>14% et 16% de cbd<\/strong> vous aurez envie d&#8217;en mettre m\u00eame dans les macaronis.<\/span><\/p>\n<p><span style=\"font-weight: 400;\">Et pour compl\u00e9ter ce pack, le <strong>Mac<\/strong> ne pouvait pas manquer, une fleur miraculeuse avec entre <strong>14% et 16% de cbd.<\/strong> Cette fleur, dont les initiales signifient Miracle Alien Cookies, se caract\u00e9rise par son ar\u00f4me de biscuit, comme son nom l&#8217;indique. Cette touche sucr\u00e9e atteint son exposant maximum gr\u00e2ce \u00e0 la combinaison avec les <strong>notes douces et florales<\/strong>, <strong>ainsi que les touches de terre et de gaz<\/strong> que cette vari\u00e9t\u00e9 offre.<\/span><\/p>\n<p><span style=\"font-weight: 400;\">Toutes ces fleurs sont cultiv\u00e9es \u00e0 l&#8217;int\u00e9rieur de mani\u00e8re 100% naturelle, sans utiliser d&#8217;additifs ou de pesticides d&#8217;aucune sorte.<\/span><\/p>\n<p><span style=\"font-weight: 400;\">De plus, comme ils contiennent moins de 0,20 % de THC, ils sont totalement l\u00e9gaux dans toute l&#8217;Europe et n&#8217;ont aucun effet psychoactif d&#8217;aucune sorte.<\/span><\/p>\n<h2><strong>Caract\u00e9ristiques du pack CBD Cali Weed<\/strong><\/h2>\n<ul>\n<li><span style=\"font-weight: 400;\">1 Zkittlez (2gr \/ 5gr)<\/span><\/li>\n<li>1 Sundae Driver (2gr \/ 5gr)<\/li>\n<li>1 Royal Cheese (2gr \/ 5gr)<\/li>\n<li>1 Mac (2gr \/ 5gr)<\/li>\n<li>Bourgeons de chanvre<\/li>\n<li>Moins de 0,20 % de THC<\/li>\n<li>Aucun effet psychoactif<\/li>\n<li>De culture biologique<\/li>\n<li>Sans OGM<\/li>\n<li>Sans pesticides<\/li>\n<\/ul>\n<h2><strong>Composants<\/strong><\/h2>\n<p><span style=\"font-weight: 400;\">Ce pack se compose de 4 \u00e9l\u00e9ments diff\u00e9rents: un sac Zkittlez, un sac Sundae Driver, un sac Royal Cheese et un sac Mac.<\/span><\/p>\n<p><span style=\"font-weight: 400;\">Vous pouvez le choisir dans un petit format avec des sachets de fleurs de 2 grammes, ou dans un format plus grand avec des sachets de 5 grammes de chacun des composants qui entrent dans le pack.<\/span><\/p>\n<h2><strong>Utilisateur auquel il est destin\u00e9<\/strong><\/h2>\n<p><span style=\"font-weight: 400;\">Le CBD Cali Weed Pack est id\u00e9al pour les utilisateurs \u00e0 la recherche d&#8217;un CBD de la plus haute qualit\u00e9.<\/span><\/p>\n<p><span style=\"font-weight: 400;\">De plus, ce pack offre la possibilit\u00e9 d&#8217;obtenir cette vari\u00e9t\u00e9 \u00e0 un prix inf\u00e9rieur, puisqu&#8217;il repr\u00e9sente une remise de 10% par rapport \u00e0 l&#8217;achat des produits s\u00e9par\u00e9ment.<\/span><\/p>\n<h2><strong>Information sur la s\u00e9curit\u00e9<\/strong><\/h2>\n<p><span style=\"font-weight: 400;\">Ce pack contient des fleurs de chanvre non psychoactives sans r\u00e9sine, cultiv\u00e9es \u00e0 partir de graines certifi\u00e9es, sans additifs, avec un maximum de 0,2% de THC ou un indice de psychoactivit\u00e9 inf\u00e9rieur \u00e0 1. Fibre Type Cannabis selon le manuel ST\/NAR 40 des Nations Unies. C&#8217;est un produit d\u00e9coratif, aromatique et de collection. Son ingestion, son inhalation ou son usage th\u00e9rapeutique sont interdits. La soci\u00e9t\u00e9 n&#8217;est pas responsable de toute utilisation contraire \u00e0 la loi ou \u00e0 ces indications. Sa vente aux mineurs est interdite. Garder hors de la port\u00e9e des enfants.<\/span><\/p>\n<p><span style=\"font-weight: 400;\">Le contenu fourni est uniquement \u00e0 des fins d&#8217;information et de formation et ne se substitue en aucun cas \u00e0 l&#8217;avis m\u00e9dical d&#8217;un m\u00e9decin ou d&#8217;un pharmacien. Nos textes ne sont pas destin\u00e9s au diagnostic et au traitement ind\u00e9pendants des maladies.<\/span><\/p>\n<p><span style=\"font-weight: 400;\">N&#8217;h\u00e9sitez pas \u00e0 nous contacter si vous avez d&#8217;autres questions.<\/span><\/p>\n<h2><strong>Stockage<\/strong><\/h2>\n<p><span style=\"font-weight: 400;\">Id\u00e9alement, les bourgeons et les r\u00e9sines CBD de The Tree doivent \u00eatre stock\u00e9s dans un endroit frais et sec, \u00e0 l&#8217;abri des odeurs l\u00e9g\u00e8res et fortes pour \u00e9viter tout type de contamination et\/ou de d\u00e9gradation. \u00c9vitez la lumi\u00e8re directe du soleil et la chaleur.<\/span><\/p>\n<p><span style=\"font-weight: 400;\">Attention : La dur\u00e9e de conservation indiqu\u00e9e est d&#8217;un mois si stock\u00e9 correctement.<\/span><\/p>\n","protected":false},"excerpt":{"rendered":"<ul>\n<li><span style=\"font-weight: 400;\">1 Zkittlez (2gr \/ 5gr)<\/span><\/li>\n<li>1 Sundae Driver (2gr \/ 5gr)<\/li>\n<li>1 Royal Cheese (2gr \/ 5gr)<\/li>\n<li>1 Mac (2gr \/ 5gr)<\/li>\n<li>Bourgeons de chanvre<\/li>\n<li>Moins de 0,20 % de THC<\/li>\n<li>Aucun effet psychoactif<\/li>\n<li>De culture biologique<\/li>\n<li>Sans OGM<\/li>\n<li>Sans pesticides<\/li>\n<\/ul>\n","protected":false},"featured_media":186125,"template":"","meta":{"_acf_changed":false},"product_brand":[],"class_list":{"0":"post-111401","1":"product","2":"type-product","3":"status-publish","4":"has-post-thumbnail","6":"product_cat-black-friday-cbd","7":"product_cat-fleurs-cbd","8":"product_cat-packs-cbd","9":"product_cat-cbd-concentrees-10","11":"first","12":"outofstock","13":"taxable","14":"shipping-taxable","15":"purchasable","16":"product-type-variable","17":"has-default-attributes"},"acf":[],"yoast_head":"<!-- This site is optimized with the Yoast SEO plugin v26.3 - https:\/\/yoast.com\/wordpress\/plugins\/seo\/ -->\n<title>Pack CBD Cali Weed | The Tree CBD<\/title>\n<meta name=\"description\" content=\"Le pack CBD Cali Weed contient nos vari\u00e9t\u00e9s Zkittlez, Sundae Driver, Royal Cheese et Mac, et vous permettra de les essayer \u00e0 un prix tr\u00e8s abordable.\" \/>\n<meta name=\"robots\" content=\"index, follow, max-snippet:-1, max-image-preview:large, max-video-preview:-1\" \/>\n<link rel=\"canonical\" href=\"https:\/\/thetreecbd.com\/fr\/cbd\/packs-cbd-pack-cali-weed\" \/>\n<meta property=\"og:locale\" content=\"fr_FR\" \/>\n<meta property=\"og:type\" content=\"article\" \/>\n<meta property=\"og:title\" content=\"Pack CBD Cali Weed | The Tree CBD\" \/>\n<meta property=\"og:description\" content=\"Le pack CBD Cali Weed contient nos vari\u00e9t\u00e9s Zkittlez, Sundae Driver, Royal Cheese et Mac, et vous permettra de les essayer \u00e0 un prix tr\u00e8s abordable.\" \/>\n<meta property=\"og:url\" content=\"https:\/\/thetreecbd.com\/fr\/cbd\/packs-cbd-pack-cali-weed\" \/>\n<meta property=\"og:site_name\" content=\"The Tree CBD\" \/>\n<meta property=\"article:publisher\" content=\"https:\/\/www.facebook.com\/thetreeCBD\/\" \/>\n<meta property=\"article:modified_time\" content=\"2025-12-02T00:37:54+00:00\" \/>\n<meta property=\"og:image\" content=\"https:\/\/thetreecbd.com\/wp-content\/uploads\/2023\/01\/cali-weed-web.png\" \/>\n\t<meta property=\"og:image:width\" content=\"595\" \/>\n\t<meta property=\"og:image:height\" content=\"714\" \/>\n\t<meta property=\"og:image:type\" content=\"image\/png\" \/>\n<meta name=\"twitter:card\" content=\"summary_large_image\" \/>\n<meta name=\"twitter:site\" content=\"@TheTreeCBD_EU\" \/>\n<meta name=\"twitter:label1\" content=\"Dur\u00e9e de lecture estim\u00e9e\" \/>\n\t<meta name=\"twitter:data1\" content=\"4 minutes\" \/>\n<script type=\"application\/ld+json\" class=\"yoast-schema-graph\">{\"@context\":\"https:\/\/schema.org\",\"@graph\":[{\"@type\":[\"WebPage\",\"ItemPage\"],\"@id\":\"https:\/\/thetreecbd.com\/fr\/cbd\/packs-cbd-pack-cali-weed\",\"url\":\"https:\/\/thetreecbd.com\/fr\/cbd\/packs-cbd-pack-cali-weed\",\"name\":\"Pack CBD Cali Weed | The Tree CBD\",\"isPartOf\":{\"@id\":\"https:\/\/thetreecbd.com\/fr#website\"},\"primaryImageOfPage\":{\"@id\":\"https:\/\/thetreecbd.com\/fr\/cbd\/packs-cbd-pack-cali-weed#primaryimage\"},\"image\":{\"@id\":\"https:\/\/thetreecbd.com\/fr\/cbd\/packs-cbd-pack-cali-weed#primaryimage\"},\"thumbnailUrl\":\"https:\/\/thetreecbd.com\/wp-content\/uploads\/2023\/01\/pack-calithetree-web.jpg\",\"datePublished\":\"2023-01-25T17:15:13+00:00\",\"dateModified\":\"2025-12-02T00:37:54+00:00\",\"description\":\"Le pack CBD Cali Weed contient nos vari\u00e9t\u00e9s Zkittlez, Sundae Driver, Royal Cheese et Mac, et vous permettra de les essayer \u00e0 un prix tr\u00e8s abordable.\",\"breadcrumb\":{\"@id\":\"https:\/\/thetreecbd.com\/fr\/cbd\/packs-cbd-pack-cali-weed#breadcrumb\"},\"inLanguage\":\"fr-FR\",\"potentialAction\":[{\"@type\":\"ReadAction\",\"target\":[\"https:\/\/thetreecbd.com\/fr\/cbd\/packs-cbd-pack-cali-weed\"]}]},{\"@type\":\"ImageObject\",\"inLanguage\":\"fr-FR\",\"@id\":\"https:\/\/thetreecbd.com\/fr\/cbd\/packs-cbd-pack-cali-weed#primaryimage\",\"url\":\"https:\/\/thetreecbd.com\/wp-content\/uploads\/2023\/01\/pack-calithetree-web.jpg\",\"contentUrl\":\"https:\/\/thetreecbd.com\/wp-content\/uploads\/2023\/01\/pack-calithetree-web.jpg\",\"width\":1080,\"height\":1350},{\"@type\":\"BreadcrumbList\",\"@id\":\"https:\/\/thetreecbd.com\/fr\/cbd\/packs-cbd-pack-cali-weed#breadcrumb\",\"itemListElement\":[{\"@type\":\"ListItem\",\"position\":1,\"name\":\"The Tree\",\"item\":\"https:\/\/thetreecbd.com\/fr\"},{\"@type\":\"ListItem\",\"position\":2,\"name\":\"CBD\",\"item\":\"https:\/\/thetreecbd.com\/es\/cbd\"},{\"@type\":\"ListItem\",\"position\":3,\"name\":\"Black Friday\",\"item\":\"https:\/\/thetreecbd.com\/fr\/black-friday-cbd\"},{\"@type\":\"ListItem\",\"position\":4,\"name\":\"Pack Cali Weed: Zkittlez, Sundae Driver, Royal Cheese et Mac\"}]},{\"@type\":\"WebSite\",\"@id\":\"https:\/\/thetreecbd.com\/fr#website\",\"url\":\"https:\/\/thetreecbd.com\/fr\",\"name\":\"The Tree CBD\",\"description\":\"Comprar CBD en Espa\u00f1a Online\",\"publisher\":{\"@id\":\"https:\/\/thetreecbd.com\/fr#organization\"},\"potentialAction\":[{\"@type\":\"SearchAction\",\"target\":{\"@type\":\"EntryPoint\",\"urlTemplate\":\"https:\/\/thetreecbd.com\/fr?s={search_term_string}\"},\"query-input\":{\"@type\":\"PropertyValueSpecification\",\"valueRequired\":true,\"valueName\":\"search_term_string\"}}],\"inLanguage\":\"fr-FR\"},{\"@type\":\"Organization\",\"@id\":\"https:\/\/thetreecbd.com\/fr#organization\",\"name\":\"The Tree CBD\",\"url\":\"https:\/\/thetreecbd.com\/fr\",\"logo\":{\"@type\":\"ImageObject\",\"inLanguage\":\"fr-FR\",\"@id\":\"https:\/\/thetreecbd.com\/fr#\/schema\/logo\/image\/\",\"url\":\"https:\/\/thetreecbd.com\/wp-content\/uploads\/2022\/04\/logo-thetree.png\",\"contentUrl\":\"https:\/\/thetreecbd.com\/wp-content\/uploads\/2022\/04\/logo-thetree.png\",\"width\":172,\"height\":55,\"caption\":\"The Tree CBD\"},\"image\":{\"@id\":\"https:\/\/thetreecbd.com\/fr#\/schema\/logo\/image\/\"},\"sameAs\":[\"https:\/\/www.facebook.com\/thetreeCBD\/\",\"https:\/\/x.com\/TheTreeCBD_EU\",\"https:\/\/www.instagram.com\/thetree.cbd\/\",\"https:\/\/es.trustpilot.com\/review\/thetreecbd.com\"]}]}<\/script>\n<!-- \/ Yoast SEO plugin. -->","yoast_head_json":{"title":"Pack CBD Cali Weed | The Tree CBD","description":"Le pack CBD Cali Weed contient nos vari\u00e9t\u00e9s Zkittlez, Sundae Driver, Royal Cheese et Mac, et vous permettra de les essayer \u00e0 un prix tr\u00e8s abordable.","robots":{"index":"index","follow":"follow","max-snippet":"max-snippet:-1","max-image-preview":"max-image-preview:large","max-video-preview":"max-video-preview:-1"},"canonical":"https:\/\/thetreecbd.com\/fr\/cbd\/packs-cbd-pack-cali-weed","og_locale":"fr_FR","og_type":"article","og_title":"Pack CBD Cali Weed | The Tree CBD","og_description":"Le pack CBD Cali Weed contient nos vari\u00e9t\u00e9s Zkittlez, Sundae Driver, Royal Cheese et Mac, et vous permettra de les essayer \u00e0 un prix tr\u00e8s abordable.","og_url":"https:\/\/thetreecbd.com\/fr\/cbd\/packs-cbd-pack-cali-weed","og_site_name":"The Tree CBD","article_publisher":"https:\/\/www.facebook.com\/thetreeCBD\/","article_modified_time":"2025-12-02T00:37:54+00:00","og_image":[{"width":595,"height":714,"url":"https:\/\/thetreecbd.com\/wp-content\/uploads\/2023\/01\/cali-weed-web.png","type":"image\/png"}],"twitter_card":"summary_large_image","twitter_site":"@TheTreeCBD_EU","twitter_misc":{"Dur\u00e9e de lecture estim\u00e9e":"4 minutes"},"schema":{"@context":"https:\/\/schema.org","@graph":[{"@type":["WebPage","ItemPage"],"@id":"https:\/\/thetreecbd.com\/fr\/cbd\/packs-cbd-pack-cali-weed","url":"https:\/\/thetreecbd.com\/fr\/cbd\/packs-cbd-pack-cali-weed","name":"Pack CBD Cali Weed | The Tree CBD","isPartOf":{"@id":"https:\/\/thetreecbd.com\/fr#website"},"primaryImageOfPage":{"@id":"https:\/\/thetreecbd.com\/fr\/cbd\/packs-cbd-pack-cali-weed#primaryimage"},"image":{"@id":"https:\/\/thetreecbd.com\/fr\/cbd\/packs-cbd-pack-cali-weed#primaryimage"},"thumbnailUrl":"https:\/\/thetreecbd.com\/wp-content\/uploads\/2023\/01\/pack-calithetree-web.jpg","datePublished":"2023-01-25T17:15:13+00:00","dateModified":"2025-12-02T00:37:54+00:00","description":"Le pack CBD Cali Weed contient nos vari\u00e9t\u00e9s Zkittlez, Sundae Driver, Royal Cheese et Mac, et vous permettra de les essayer \u00e0 un prix tr\u00e8s abordable.","breadcrumb":{"@id":"https:\/\/thetreecbd.com\/fr\/cbd\/packs-cbd-pack-cali-weed#breadcrumb"},"inLanguage":"fr-FR","potentialAction":[{"@type":"ReadAction","target":["https:\/\/thetreecbd.com\/fr\/cbd\/packs-cbd-pack-cali-weed"]}]},{"@type":"ImageObject","inLanguage":"fr-FR","@id":"https:\/\/thetreecbd.com\/fr\/cbd\/packs-cbd-pack-cali-weed#primaryimage","url":"https:\/\/thetreecbd.com\/wp-content\/uploads\/2023\/01\/pack-calithetree-web.jpg","contentUrl":"https:\/\/thetreecbd.com\/wp-content\/uploads\/2023\/01\/pack-calithetree-web.jpg","width":1080,"height":1350},{"@type":"BreadcrumbList","@id":"https:\/\/thetreecbd.com\/fr\/cbd\/packs-cbd-pack-cali-weed#breadcrumb","itemListElement":[{"@type":"ListItem","position":1,"name":"The Tree","item":"https:\/\/thetreecbd.com\/fr"},{"@type":"ListItem","position":2,"name":"CBD","item":"https:\/\/thetreecbd.com\/es\/cbd"},{"@type":"ListItem","position":3,"name":"Black Friday","item":"https:\/\/thetreecbd.com\/fr\/black-friday-cbd"},{"@type":"ListItem","position":4,"name":"Pack Cali Weed: Zkittlez, Sundae Driver, Royal Cheese et Mac"}]},{"@type":"WebSite","@id":"https:\/\/thetreecbd.com\/fr#website","url":"https:\/\/thetreecbd.com\/fr","name":"The Tree CBD","description":"Comprar CBD en Espa\u00f1a Online","publisher":{"@id":"https:\/\/thetreecbd.com\/fr#organization"},"potentialAction":[{"@type":"SearchAction","target":{"@type":"EntryPoint","urlTemplate":"https:\/\/thetreecbd.com\/fr?s={search_term_string}"},"query-input":{"@type":"PropertyValueSpecification","valueRequired":true,"valueName":"search_term_string"}}],"inLanguage":"fr-FR"},{"@type":"Organization","@id":"https:\/\/thetreecbd.com\/fr#organization","name":"The Tree CBD","url":"https:\/\/thetreecbd.com\/fr","logo":{"@type":"ImageObject","inLanguage":"fr-FR","@id":"https:\/\/thetreecbd.com\/fr#\/schema\/logo\/image\/","url":"https:\/\/thetreecbd.com\/wp-content\/uploads\/2022\/04\/logo-thetree.png","contentUrl":"https:\/\/thetreecbd.com\/wp-content\/uploads\/2022\/04\/logo-thetree.png","width":172,"height":55,"caption":"The Tree CBD"},"image":{"@id":"https:\/\/thetreecbd.com\/fr#\/schema\/logo\/image\/"},"sameAs":["https:\/\/www.facebook.com\/thetreeCBD\/","https:\/\/x.com\/TheTreeCBD_EU","https:\/\/www.instagram.com\/thetree.cbd\/","https:\/\/es.trustpilot.com\/review\/thetreecbd.com"]}]}},"_links":{"self":[{"href":"https:\/\/thetreecbd.com\/fr\/wp-json\/wp\/v2\/product\/111401","targetHints":{"allow":["GET"]}}],"collection":[{"href":"https:\/\/thetreecbd.com\/fr\/wp-json\/wp\/v2\/product"}],"about":[{"href":"https:\/\/thetreecbd.com\/fr\/wp-json\/wp\/v2\/types\/product"}],"version-history":[{"count":0,"href":"https:\/\/thetreecbd.com\/fr\/wp-json\/wp\/v2\/product\/111401\/revisions"}],"wp:featuredmedia":[{"embeddable":true,"href":"https:\/\/thetreecbd.com\/fr\/wp-json\/wp\/v2\/media\/186125"}],"wp:attachment":[{"href":"https:\/\/thetreecbd.com\/fr\/wp-json\/wp\/v2\/media?parent=111401"}],"wp:term":[{"taxonomy":"product_brand","embeddable":true,"href":"https:\/\/thetreecbd.com\/fr\/wp-json\/wp\/v2\/product_brand?post=111401"}],"curies":[{"name":"wp","href":"https:\/\/api.w.org\/{rel}","templated":true}]}}