{"id":112210,"date":"2023-02-08T10:58:51","date_gmt":"2023-02-08T09:58:51","guid":{"rendered":"https:\/\/thetreecbd.com\/?post_type=product&#038;p=112210"},"modified":"2025-07-11T13:15:32","modified_gmt":"2025-07-11T11:15:32","slug":"pack-cbd-pack-resines","status":"publish","type":"product","link":"https:\/\/thetreecbd.com\/fr\/cbd\/pack-cbd-pack-resines","title":{"rendered":"Pack R\u00e9sines CBD: CBN Cream, Bubble Hash, Charas, Full Melt Pollen et Lemon Hash"},"content":{"rendered":"<p><span style=\"font-weight: 400;\">Sur notre site, vous ne pouviez pas manquer un pack compos\u00e9 exclusivement de r\u00e9sines. Dans ce nouveau <strong>pack r\u00e9sines cbd,<\/strong> vous appr\u00e9cierez nos 5 r\u00e9sines, toutes faites \u00e0 la main et de la plus haute qualit\u00e9. Compos\u00e9 de <strong>CBN Cream, Bubble Hash, Charas, Full Melt Pollen et Lemon Hash,<\/strong> ce pack est une \u00e9picerie fine con\u00e7ue pour les clients les plus exigeants. Le pack parfait pour acqu\u00e9rir toutes nos r\u00e9sines \u00e0 prix r\u00e9duit.<\/span><\/p>\n<p><span style=\"font-weight: 400;\">Dans ce pack de r\u00e9sine CBD, vous trouverez d&#8217;abord la nouvelle <strong>CBN Cream<\/strong>. La r\u00e9sine 2.0 pourrait \u00eatre consid\u00e9r\u00e9e car elle contient <strong>20% de CBD, 8% de CBN et 3% de CBG.<\/strong> Avec une odeur comparable aux extractions les plus fines, elle offre une exp\u00e9rience exceptionnelle et un <strong>ar\u00f4me terreux et nostalgique.<\/strong><\/span><\/p>\n<p><span style=\"font-weight: 400;\">Le <strong>Bubble Hash<\/strong> ne pouvait pas manquer dans ce nouveau pack. Avec <strong>20,5% de cbd et provenant d&#8217;un maillage de 90 microns<\/strong>, c&#8217;est un produit de la plus haute qualit\u00e9 et <strong>avec un style artisanal<\/strong> dont les cristaux de r\u00e9sine sont \u00e9vidents et, \u00e0 leur tour, d\u00e9gagent un agr\u00e9able m\u00e9lange d&#8217;ar\u00f4mes.<\/span><\/p>\n<p><span style=\"font-weight: 400;\">Notre <strong>Charas<\/strong> cr\u00e9meux fait \u00e9galement partie de ce pack gourmand. Avec <strong>12,2% de cbd<\/strong>, cette r\u00e9sine imite parfaitement la <strong>texture spongieuse et humide et le parfum dominant du soi-disant haschich indien<\/strong>, r\u00e9sultat d&#8217;un tamisage pr\u00e9cis des fleurs de chanvre.<\/span><\/p>\n<p><span style=\"font-weight: 400;\">Le <strong>Full Melt Pollen<\/strong>, qui a \u00e9t\u00e9 incroyablement bien accueilli par les clients de The Tree CBD, constitue \u00e9galement ce pack de r\u00e9sine CBD. \u00c0 <strong>20% de cbd<\/strong>, ce soi-disant \u00ab extrait fondu \u00bb ou \u00ab fusion compl\u00e8te \u00bb est visuellement \u00e9poustouflant. <strong>Gr\u00e2ce \u00e0 sa puret\u00e9, les ar\u00f4mes sont maximis\u00e9s<\/strong>. Sans aucun doute, le concentr\u00e9 de chanvre le plus convoit\u00e9 chez les plus gourmands.<\/span><\/p>\n<p><span style=\"font-weight: 400;\">Notre <strong>Lemon Hash<\/strong> ajoute une touche de couleur \u00e0 ce pack fantastique gr\u00e2ce \u00e0 sa couleur jaun\u00e2tre. Avec <strong>11% de cbd<\/strong>, ce haschich aux touches d&#8217;agrumes apporte l&#8217;<strong>ar\u00f4me doux et aromatique du pollen avec une plus grande intensit\u00e9<\/strong> gr\u00e2ce \u00e0 sa forte concentration en CBD, obtenu \u00e0 partir de trichomes r\u00e9sineux de cannabis.<\/span><\/p>\n<h2><strong>Caract\u00e9ristiques du Pack R\u00e9sines CBD<\/strong><\/h2>\n<ul>\n<li><span style=\"font-weight: 400;\">CBN Cream (3gr \/ 5gr)<\/span><\/li>\n<li>Bubble Hash (3gr \/ 5gr)<\/li>\n<li>Charas (3gr \/ 5gr)<\/li>\n<li>Full Melt Pollen (3gr \/ 5gr)<\/li>\n<li>Lemon Hash (3gr \/ 5gr)<\/li>\n<li>Bourgeons et r\u00e9sines de chanvre<\/li>\n<li>Moins de 0,20 % de THC<\/li>\n<li>Aucun effet psychoactif<\/li>\n<li>De culture biologique<\/li>\n<li>Sans OGM<\/li>\n<li>Sans pesticides<\/li>\n<\/ul>\n<h2><strong>Composants<\/strong><\/h2>\n<p><span style=\"font-weight: 400;\">Ce pack se compose de 5 \u00e9l\u00e9ments diff\u00e9rents : CBN Cream, Bubble Hash, Charas, Full Melt Pollen et Lemon Hash.<\/span><\/p>\n<p><span style=\"font-weight: 400;\">Vous pouvez le choisir dans un petit format avec des sachets de fleurs de 3 grammes, ou dans un format plus grand avec des sachets de 5 grammes de chacun des composants qui entrent dans le pack.<\/span><\/p>\n<h2><strong>Utilisateur auquel il est destin\u00e9<\/strong><\/h2>\n<p><span style=\"font-weight: 400;\">Le pack de r\u00e9sines CBD est id\u00e9al pour les utilisateurs qui ont un faible pour les r\u00e9sines de la plus haute qualit\u00e9.<\/span><\/p>\n<p><span style=\"font-weight: 400;\">De plus, ce pack offre la possibilit\u00e9 d&#8217;obtenir ces produits \u00e0 moindre prix, puisqu&#8217;il repr\u00e9sente une remise de 20% par rapport \u00e0 l&#8217;achat des produits s\u00e9par\u00e9ment.<\/span><\/p>\n<h2><strong>Information de s\u00e9curit\u00e9<\/strong><\/h2>\n<p><span style=\"font-weight: 400;\">Ce pack contient des r\u00e9sines non psychoactives, cultiv\u00e9es \u00e0 partir de graines certifi\u00e9es, sans additifs, avec un maximum de 0,2% de THC ou un indice de psychoactivit\u00e9 inf\u00e9rieur \u00e0 1. Fibre Type Cannabis selon le manuel ST\/NAR 40 des Nations Unies. C&#8217;est un produit d\u00e9coratif, aromatique et de collection. Son ingestion, son inhalation ou son usage th\u00e9rapeutique sont interdits. La soci\u00e9t\u00e9 n&#8217;est pas responsable de toute utilisation contraire \u00e0 la loi ou \u00e0 ces indications. Sa vente aux mineurs est interdite. Garder hors de la port\u00e9e des enfants.<\/span><\/p>\n<p><span style=\"font-weight: 400;\">Le contenu fourni est uniquement \u00e0 des fins d&#8217;information et de formation et ne se substitue en aucun cas \u00e0 l&#8217;avis m\u00e9dical d&#8217;un m\u00e9decin ou d&#8217;un pharmacien. Nos textes ne sont pas destin\u00e9s au diagnostic et au traitement ind\u00e9pendants des maladies.<\/span><\/p>\n<p><span style=\"font-weight: 400;\">N&#8217;h\u00e9sitez pas \u00e0 nous contacter si vous avez d&#8217;autres questions.<\/span><\/p>\n<h2><strong>Stockage<\/strong><\/h2>\n<p><span style=\"font-weight: 400;\">Id\u00e9alement, les bourgeons et les r\u00e9sines CBD de The Tree doivent \u00eatre stock\u00e9s dans un endroit frais et sec, \u00e0 l&#8217;abri des odeurs l\u00e9g\u00e8res et fortes pour \u00e9viter tout type de contamination et\/ou de d\u00e9gradation. \u00c9vitez la lumi\u00e8re directe du soleil et la chaleur.<\/span><\/p>\n<p><span style=\"font-weight: 400;\">Attention : La dur\u00e9e de conservation indiqu\u00e9e est d&#8217;un mois si stock\u00e9 correctement.<\/span><\/p>\n","protected":false},"excerpt":{"rendered":"<ul>\n<li><span style=\"font-weight: 400;\">CBN Cream (3gr \/ 5gr)<\/span><\/li>\n<li>Bubble Hash (3gr \/ 5gr)<\/li>\n<li>Charas (3gr \/ 5gr)<\/li>\n<li>Full Melt Pollen (3gr \/ 5gr)<\/li>\n<li>Lemon Hash (3gr \/ 5gr)<\/li>\n<li>Bourgeons et r\u00e9sines de chanvre<\/li>\n<li>Moins de 0,20 % de THC<\/li>\n<li>Aucun effet psychoactif<\/li>\n<li>De culture biologique<\/li>\n<li>Sans OGM<\/li>\n<li>Sans pesticides<\/li>\n<\/ul>\n","protected":false},"featured_media":113117,"template":"","meta":{"_acf_changed":false},"product_brand":[],"class_list":{"0":"post-112210","1":"product","2":"type-product","3":"status-publish","4":"has-post-thumbnail","6":"product_cat-fleurs-cbd","7":"product_cat-promotions-cbd","8":"product_cat-packs-cbd","9":"product_cat-cbd-concentrees-10","10":"product_cat-cbd-concentrees-20","11":"product_cat-resines-cbd","13":"first","14":"outofstock","15":"sale","16":"taxable","17":"shipping-taxable","18":"purchasable","19":"product-type-variable","20":"has-default-attributes"},"acf":[],"yoast_head":"<!-- This site is optimized with the Yoast SEO plugin v26.3 - https:\/\/yoast.com\/wordpress\/plugins\/seo\/ -->\n<title>Pack R\u00e9sines CBD | The Tree CBD<\/title>\n<meta name=\"description\" content=\"Avec le pack de r\u00e9sines CBD, vous pouvez essayer nos d\u00e9licieuses r\u00e9sines: CBN Cream, Bubble Hash, Charas, Full Melt Pollen et Lemon Hash.\" \/>\n<meta name=\"robots\" content=\"index, follow, max-snippet:-1, max-image-preview:large, max-video-preview:-1\" \/>\n<link rel=\"canonical\" href=\"https:\/\/thetreecbd.com\/fr\/cbd\/pack-cbd-pack-resines\" \/>\n<meta property=\"og:locale\" content=\"fr_FR\" \/>\n<meta property=\"og:type\" content=\"article\" \/>\n<meta property=\"og:title\" content=\"Pack R\u00e9sines CBD | The Tree CBD\" \/>\n<meta property=\"og:description\" content=\"Avec le pack de r\u00e9sines CBD, vous pouvez essayer nos d\u00e9licieuses r\u00e9sines: CBN Cream, Bubble Hash, Charas, Full Melt Pollen et Lemon Hash.\" \/>\n<meta property=\"og:url\" content=\"https:\/\/thetreecbd.com\/fr\/cbd\/pack-cbd-pack-resines\" \/>\n<meta property=\"og:site_name\" content=\"The Tree CBD\" \/>\n<meta property=\"article:publisher\" content=\"https:\/\/www.facebook.com\/thetreeCBD\/\" \/>\n<meta property=\"article:modified_time\" content=\"2025-07-11T11:15:32+00:00\" \/>\n<meta property=\"og:image\" content=\"https:\/\/thetreecbd.com\/wp-content\/uploads\/2023\/02\/pack-resinas-todas.png\" \/>\n\t<meta property=\"og:image:width\" content=\"983\" \/>\n\t<meta property=\"og:image:height\" content=\"1179\" \/>\n\t<meta property=\"og:image:type\" content=\"image\/png\" \/>\n<meta name=\"twitter:card\" content=\"summary_large_image\" \/>\n<meta name=\"twitter:site\" content=\"@TheTreeCBD_EU\" \/>\n<meta name=\"twitter:label1\" content=\"Dur\u00e9e de lecture estim\u00e9e\" \/>\n\t<meta name=\"twitter:data1\" content=\"4 minutes\" \/>\n<script type=\"application\/ld+json\" class=\"yoast-schema-graph\">{\"@context\":\"https:\/\/schema.org\",\"@graph\":[{\"@type\":[\"WebPage\",\"ItemPage\"],\"@id\":\"https:\/\/thetreecbd.com\/fr\/cbd\/pack-cbd-pack-resines\",\"url\":\"https:\/\/thetreecbd.com\/fr\/cbd\/pack-cbd-pack-resines\",\"name\":\"Pack R\u00e9sines CBD | The Tree CBD\",\"isPartOf\":{\"@id\":\"https:\/\/thetreecbd.com\/fr#website\"},\"primaryImageOfPage\":{\"@id\":\"https:\/\/thetreecbd.com\/fr\/cbd\/pack-cbd-pack-resines#primaryimage\"},\"image\":{\"@id\":\"https:\/\/thetreecbd.com\/fr\/cbd\/pack-cbd-pack-resines#primaryimage\"},\"thumbnailUrl\":\"https:\/\/thetreecbd.com\/wp-content\/uploads\/2023\/02\/pack-resinas-todas.png\",\"datePublished\":\"2023-02-08T09:58:51+00:00\",\"dateModified\":\"2025-07-11T11:15:32+00:00\",\"description\":\"Avec le pack de r\u00e9sines CBD, vous pouvez essayer nos d\u00e9licieuses r\u00e9sines: CBN Cream, Bubble Hash, Charas, Full Melt Pollen et Lemon Hash.\",\"breadcrumb\":{\"@id\":\"https:\/\/thetreecbd.com\/fr\/cbd\/pack-cbd-pack-resines#breadcrumb\"},\"inLanguage\":\"fr-FR\",\"potentialAction\":[{\"@type\":\"ReadAction\",\"target\":[\"https:\/\/thetreecbd.com\/fr\/cbd\/pack-cbd-pack-resines\"]}]},{\"@type\":\"ImageObject\",\"inLanguage\":\"fr-FR\",\"@id\":\"https:\/\/thetreecbd.com\/fr\/cbd\/pack-cbd-pack-resines#primaryimage\",\"url\":\"https:\/\/thetreecbd.com\/wp-content\/uploads\/2023\/02\/pack-resinas-todas.png\",\"contentUrl\":\"https:\/\/thetreecbd.com\/wp-content\/uploads\/2023\/02\/pack-resinas-todas.png\",\"width\":983,\"height\":1179,\"caption\":\"pack resinas cbd\"},{\"@type\":\"BreadcrumbList\",\"@id\":\"https:\/\/thetreecbd.com\/fr\/cbd\/pack-cbd-pack-resines#breadcrumb\",\"itemListElement\":[{\"@type\":\"ListItem\",\"position\":1,\"name\":\"The Tree\",\"item\":\"https:\/\/thetreecbd.com\/fr\"},{\"@type\":\"ListItem\",\"position\":2,\"name\":\"CBD\",\"item\":\"https:\/\/thetreecbd.com\/es\/cbd\"},{\"@type\":\"ListItem\",\"position\":3,\"name\":\"Fleurs de chanvre. Fleurs de CBD\",\"item\":\"https:\/\/thetreecbd.com\/fr\/fleurs-cbd\"},{\"@type\":\"ListItem\",\"position\":4,\"name\":\"Pack R\u00e9sines CBD: CBN Cream, Bubble Hash, Charas, Full Melt Pollen et Lemon Hash\"}]},{\"@type\":\"WebSite\",\"@id\":\"https:\/\/thetreecbd.com\/fr#website\",\"url\":\"https:\/\/thetreecbd.com\/fr\",\"name\":\"The Tree CBD\",\"description\":\"Comprar CBD en Espa\u00f1a Online\",\"publisher\":{\"@id\":\"https:\/\/thetreecbd.com\/fr#organization\"},\"potentialAction\":[{\"@type\":\"SearchAction\",\"target\":{\"@type\":\"EntryPoint\",\"urlTemplate\":\"https:\/\/thetreecbd.com\/fr?s={search_term_string}\"},\"query-input\":{\"@type\":\"PropertyValueSpecification\",\"valueRequired\":true,\"valueName\":\"search_term_string\"}}],\"inLanguage\":\"fr-FR\"},{\"@type\":\"Organization\",\"@id\":\"https:\/\/thetreecbd.com\/fr#organization\",\"name\":\"The Tree CBD\",\"url\":\"https:\/\/thetreecbd.com\/fr\",\"logo\":{\"@type\":\"ImageObject\",\"inLanguage\":\"fr-FR\",\"@id\":\"https:\/\/thetreecbd.com\/fr#\/schema\/logo\/image\/\",\"url\":\"https:\/\/thetreecbd.com\/wp-content\/uploads\/2022\/04\/logo-thetree.png\",\"contentUrl\":\"https:\/\/thetreecbd.com\/wp-content\/uploads\/2022\/04\/logo-thetree.png\",\"width\":172,\"height\":55,\"caption\":\"The Tree CBD\"},\"image\":{\"@id\":\"https:\/\/thetreecbd.com\/fr#\/schema\/logo\/image\/\"},\"sameAs\":[\"https:\/\/www.facebook.com\/thetreeCBD\/\",\"https:\/\/x.com\/TheTreeCBD_EU\",\"https:\/\/www.instagram.com\/thetree.cbd\/\",\"https:\/\/es.trustpilot.com\/review\/thetreecbd.com\"]}]}<\/script>\n<!-- \/ Yoast SEO plugin. -->","yoast_head_json":{"title":"Pack R\u00e9sines CBD | The Tree CBD","description":"Avec le pack de r\u00e9sines CBD, vous pouvez essayer nos d\u00e9licieuses r\u00e9sines: CBN Cream, Bubble Hash, Charas, Full Melt Pollen et Lemon Hash.","robots":{"index":"index","follow":"follow","max-snippet":"max-snippet:-1","max-image-preview":"max-image-preview:large","max-video-preview":"max-video-preview:-1"},"canonical":"https:\/\/thetreecbd.com\/fr\/cbd\/pack-cbd-pack-resines","og_locale":"fr_FR","og_type":"article","og_title":"Pack R\u00e9sines CBD | The Tree CBD","og_description":"Avec le pack de r\u00e9sines CBD, vous pouvez essayer nos d\u00e9licieuses r\u00e9sines: CBN Cream, Bubble Hash, Charas, Full Melt Pollen et Lemon Hash.","og_url":"https:\/\/thetreecbd.com\/fr\/cbd\/pack-cbd-pack-resines","og_site_name":"The Tree CBD","article_publisher":"https:\/\/www.facebook.com\/thetreeCBD\/","article_modified_time":"2025-07-11T11:15:32+00:00","og_image":[{"width":983,"height":1179,"url":"https:\/\/thetreecbd.com\/wp-content\/uploads\/2023\/02\/pack-resinas-todas.png","type":"image\/png"}],"twitter_card":"summary_large_image","twitter_site":"@TheTreeCBD_EU","twitter_misc":{"Dur\u00e9e de lecture estim\u00e9e":"4 minutes"},"schema":{"@context":"https:\/\/schema.org","@graph":[{"@type":["WebPage","ItemPage"],"@id":"https:\/\/thetreecbd.com\/fr\/cbd\/pack-cbd-pack-resines","url":"https:\/\/thetreecbd.com\/fr\/cbd\/pack-cbd-pack-resines","name":"Pack R\u00e9sines CBD | The Tree CBD","isPartOf":{"@id":"https:\/\/thetreecbd.com\/fr#website"},"primaryImageOfPage":{"@id":"https:\/\/thetreecbd.com\/fr\/cbd\/pack-cbd-pack-resines#primaryimage"},"image":{"@id":"https:\/\/thetreecbd.com\/fr\/cbd\/pack-cbd-pack-resines#primaryimage"},"thumbnailUrl":"https:\/\/thetreecbd.com\/wp-content\/uploads\/2023\/02\/pack-resinas-todas.png","datePublished":"2023-02-08T09:58:51+00:00","dateModified":"2025-07-11T11:15:32+00:00","description":"Avec le pack de r\u00e9sines CBD, vous pouvez essayer nos d\u00e9licieuses r\u00e9sines: CBN Cream, Bubble Hash, Charas, Full Melt Pollen et Lemon Hash.","breadcrumb":{"@id":"https:\/\/thetreecbd.com\/fr\/cbd\/pack-cbd-pack-resines#breadcrumb"},"inLanguage":"fr-FR","potentialAction":[{"@type":"ReadAction","target":["https:\/\/thetreecbd.com\/fr\/cbd\/pack-cbd-pack-resines"]}]},{"@type":"ImageObject","inLanguage":"fr-FR","@id":"https:\/\/thetreecbd.com\/fr\/cbd\/pack-cbd-pack-resines#primaryimage","url":"https:\/\/thetreecbd.com\/wp-content\/uploads\/2023\/02\/pack-resinas-todas.png","contentUrl":"https:\/\/thetreecbd.com\/wp-content\/uploads\/2023\/02\/pack-resinas-todas.png","width":983,"height":1179,"caption":"pack resinas cbd"},{"@type":"BreadcrumbList","@id":"https:\/\/thetreecbd.com\/fr\/cbd\/pack-cbd-pack-resines#breadcrumb","itemListElement":[{"@type":"ListItem","position":1,"name":"The Tree","item":"https:\/\/thetreecbd.com\/fr"},{"@type":"ListItem","position":2,"name":"CBD","item":"https:\/\/thetreecbd.com\/es\/cbd"},{"@type":"ListItem","position":3,"name":"Fleurs de chanvre. Fleurs de CBD","item":"https:\/\/thetreecbd.com\/fr\/fleurs-cbd"},{"@type":"ListItem","position":4,"name":"Pack R\u00e9sines CBD: CBN Cream, Bubble Hash, Charas, Full Melt Pollen et Lemon Hash"}]},{"@type":"WebSite","@id":"https:\/\/thetreecbd.com\/fr#website","url":"https:\/\/thetreecbd.com\/fr","name":"The Tree CBD","description":"Comprar CBD en Espa\u00f1a Online","publisher":{"@id":"https:\/\/thetreecbd.com\/fr#organization"},"potentialAction":[{"@type":"SearchAction","target":{"@type":"EntryPoint","urlTemplate":"https:\/\/thetreecbd.com\/fr?s={search_term_string}"},"query-input":{"@type":"PropertyValueSpecification","valueRequired":true,"valueName":"search_term_string"}}],"inLanguage":"fr-FR"},{"@type":"Organization","@id":"https:\/\/thetreecbd.com\/fr#organization","name":"The Tree CBD","url":"https:\/\/thetreecbd.com\/fr","logo":{"@type":"ImageObject","inLanguage":"fr-FR","@id":"https:\/\/thetreecbd.com\/fr#\/schema\/logo\/image\/","url":"https:\/\/thetreecbd.com\/wp-content\/uploads\/2022\/04\/logo-thetree.png","contentUrl":"https:\/\/thetreecbd.com\/wp-content\/uploads\/2022\/04\/logo-thetree.png","width":172,"height":55,"caption":"The Tree CBD"},"image":{"@id":"https:\/\/thetreecbd.com\/fr#\/schema\/logo\/image\/"},"sameAs":["https:\/\/www.facebook.com\/thetreeCBD\/","https:\/\/x.com\/TheTreeCBD_EU","https:\/\/www.instagram.com\/thetree.cbd\/","https:\/\/es.trustpilot.com\/review\/thetreecbd.com"]}]}},"_links":{"self":[{"href":"https:\/\/thetreecbd.com\/fr\/wp-json\/wp\/v2\/product\/112210","targetHints":{"allow":["GET"]}}],"collection":[{"href":"https:\/\/thetreecbd.com\/fr\/wp-json\/wp\/v2\/product"}],"about":[{"href":"https:\/\/thetreecbd.com\/fr\/wp-json\/wp\/v2\/types\/product"}],"version-history":[{"count":0,"href":"https:\/\/thetreecbd.com\/fr\/wp-json\/wp\/v2\/product\/112210\/revisions"}],"wp:featuredmedia":[{"embeddable":true,"href":"https:\/\/thetreecbd.com\/fr\/wp-json\/wp\/v2\/media\/113117"}],"wp:attachment":[{"href":"https:\/\/thetreecbd.com\/fr\/wp-json\/wp\/v2\/media?parent=112210"}],"wp:term":[{"taxonomy":"product_brand","embeddable":true,"href":"https:\/\/thetreecbd.com\/fr\/wp-json\/wp\/v2\/product_brand?post=112210"}],"curies":[{"name":"wp","href":"https:\/\/api.w.org\/{rel}","templated":true}]}}