{"id":112771,"date":"2023-02-09T10:43:02","date_gmt":"2023-02-09T09:43:02","guid":{"rendered":"https:\/\/thetreecbd.com\/?post_type=product&#038;p=112771"},"modified":"2025-07-11T11:46:27","modified_gmt":"2025-07-11T09:46:27","slug":"pack-vaporesso-e-liquid","status":"publish","type":"product","link":"https:\/\/thetreecbd.com\/fr\/cbd\/pack-vaporesso-e-liquid","title":{"rendered":"Pack Vaporesso e-liquid CBD"},"content":{"rendered":"<p>The Tree CBD vous pr\u00e9sente ce pack compos\u00e9 d&#8217;un <b>vape rechargeable et de l&#8217;un de nos 5 e-liquides au choix<\/b>. Dans ce <b>pack Vaporesso e-liquid<\/b>, vous trouverez le vape qui donne son nom \u00e0 ce pack : le <b>Vaporesso GTX GO80 Pod Kit<\/b> accompagn\u00e9 de l&#8217;e-liquide de votre choix parmi les saveurs suivantes : Gorilla Glue, Kali Mist, Northern Lights, Critical et Cheese. C&#8217;est sans aucun doute la meilleure fa\u00e7on de profiter de ces e-liquides innovants <b>sans THC et sans nicotine<\/b>. Ce <b>vape de style stylo<\/b> est dot\u00e9 d&#8217;un GTX POD 26\/22 magn\u00e9tique qui permet de <b>vaper en un instant<\/b>. De plus, le pod dispose d&#8217;un <b>syst\u00e8me de remplissage sup\u00e9rieur et d&#8217;une technologie SSS r\u00e9sistante aux fuites et aux d\u00e9versements<\/b>, ce qui facilite un processus de remplissage simple et sans complications.<\/p>\n<hr \/>\n<p>&nbsp;<\/p>\n<h3>Nouveaut\u00e9s<\/h3>\n<p>&nbsp;<\/p>\n<p>Le Vape GTX GO prend en charge la nouvelle s\u00e9rie de r\u00e9sistances GTX Coil. Il int\u00e8gre un flux d&#8217;air facilement r\u00e9glable, une <b>batterie int\u00e9gr\u00e9e de 3 000 mAh avec une puissance maximale de 45 \u00e0 60 W<\/b> et une <b>capacit\u00e9 de charge rapide TYPE-C<\/b>. Le GTX GO offre une exp\u00e9rience de vapotage compl\u00e8te. Les e-liquides qui compl\u00e8tent ce pack sont produits \u00e0 base de chanvre et ont \u00e9t\u00e9 con\u00e7us pour \u00eatre utilis\u00e9s dans des cigarettes \u00e9lectroniques. <b>Chaque bouteille d&#8217;e-liquide contient 10 ml avec une concentration de 5 % de CBD<\/b>. Au total, chaque flacon contient 500 mg de CBD.<\/p>\n<p><b>Gorilla Glue<\/b> vous permettra de profiter d&#8217;une saveur <b>terreuse et profonde avec une touche piquante naturelle<\/b> qui pourrait rappeler le pin. <b>Kali Mist<\/b> a une saveur <b>piquante et fruit\u00e9e avec des notes terreuses et citronn\u00e9es<\/b> gr\u00e2ce aux terp\u00e8nes Kali Mist (ar\u00f4me de Kali Mist) ajout\u00e9s \u00e0 sa formulation. Vous reconna\u00eetrez facilement une saveur de fruits des bois ou de tisane. <b>Northern Lights<\/b> a une saveur <b>\u00e9pic\u00e9e et herbac\u00e9e de type Afghani avec des notes r\u00e9sineuses et bois\u00e9es<\/b>, gr\u00e2ce aux terp\u00e8nes Northern Lights (ar\u00f4me de Northern Lights) ajout\u00e9s \u00e0 sa formulation, vous pourrez percevoir un ar\u00f4me de pins, de mousse et de gaz. <b>Critical<\/b> a une saveur classique, issue du croisement entre une Afghani et une Skunk, d\u00e9notant des ar\u00f4mes de <b>noix, de bois et de pins<\/b>. Gr\u00e2ce aux terp\u00e8nes Critical (ar\u00f4me de Critical) ajout\u00e9s \u00e0 sa formulation, un ar\u00f4me intense et terreux peut \u00eatre per\u00e7u. Cet e-liquide CBD saveur <b>Cheese<\/b> a une saveur douce et intense de type Skunk avec des <b>notes de fromage affin\u00e9 et d&#8217;encens<\/b>. Gr\u00e2ce aux terp\u00e8nes Cheese (ar\u00f4me de Cheese) ajout\u00e9s \u00e0 sa formulation, nous pouvons percevoir des ar\u00f4mes familiers tels que la noix, la terre et des notes acides comme un fort fromage bleu.<\/p>\n<hr \/>\n<p>&nbsp;<\/p>\n<h3>Caract\u00e9ristiques du vape Vaporesso GTX GO80<\/h3>\n<p>&nbsp;<\/p>\n<ul>\n<li>Vape rechargeable pour e-liquide CBD<\/li>\n<li>Syst\u00e8me de remplissage sup\u00e9rieur<\/li>\n<li>Capsule magn\u00e9tique avec r\u00e9glage pr\u00e9cis du flux d&#8217;air<\/li>\n<li>Satisfaction en un clic<\/li>\n<li>Hautement compatible avec les r\u00e9sistances GTX<\/li>\n<li>Technologie SSS de r\u00e9sistance aux fuites<\/li>\n<li>Dimensions : 22 x 110,3 mm<\/li>\n<li>Batterie : 3 000 mAh int\u00e9gr\u00e9e<\/li>\n<li>Capacit\u00e9 du r\u00e9servoir : 2 ml<\/li>\n<li>Garanti sans THC et sans nicotine.<\/li>\n<li>Sans alcool, sans extraits d&#8217;animaux.<\/li>\n<\/ul>\n<p>&nbsp;<\/p>\n<h3>Caract\u00e9ristiques des e-liquides<\/h3>\n<p>&nbsp;<\/p>\n<ul>\n<li>Extrait de chanvre biologique<\/li>\n<li>E-liquide CBD 5%<\/li>\n<li>1% de terp\u00e8nes (pour chacune des saveurs).<\/li>\n<li>Isolat de CBD pour vaper<\/li>\n<li>70VG \/ 30PG<\/li>\n<li>Garanti sans THC et sans nicotine<\/li>\n<li>Bouteille de 10 ml<\/li>\n<li>Convient aux v\u00e9g\u00e9tariens et aux v\u00e9g\u00e9taliens<\/li>\n<\/ul>\n<hr \/>\n<p>&nbsp;<\/p>\n<h3>Contenu du pack Vaporesso e-liquid<\/h3>\n<p>&nbsp;<\/p>\n<ul>\n<li>1 e-liquide au choix parmi Gorilla Glue, Kali Mist, Northern Lights, Critical ou Cheese.<\/li>\n<li>1x Batterie Vaporesso GTX GO 80<\/li>\n<li>1x Pod GTX 22 (2 ml)<\/li>\n<li>1x R\u00e9sistance GTX 0,6\u03a9 Mesh Coil<\/li>\n<li>1x C\u00e2ble USB Type-C<\/li>\n<li>1x Carte de garantie<\/li>\n<li>1x Manuel d&#8217;utilisation<\/li>\n<\/ul>\n<hr \/>\n<p>&nbsp;<\/p>\n<h3>Stockage<\/h3>\n<p>&nbsp;<\/p>\n<p>Id\u00e9alement, le <b>Vaporesso GTX GO80 Pod Kit<\/b> doit \u00eatre conserv\u00e9 dans un endroit frais et sec, \u00e0 l&#8217;abri de la lumi\u00e8re et des odeurs fortes afin d&#8217;\u00e9viter toute contamination. \u00c9vitez la lumi\u00e8re directe du soleil et la chaleur. Pour plus d&#8217;informations, nous vous recommandons de lire attentivement les instructions d&#8217;entretien et de stockage du manuel fourni avec le kit. Les E-liquides CBD 5% de The Tree doivent \u00eatre conserv\u00e9s dans un endroit frais et sec, \u00e0 l&#8217;abri de la lumi\u00e8re et des odeurs fortes afin d&#8217;\u00e9viter toute contamination. \u00c9vitez la lumi\u00e8re directe du soleil et la chaleur. <b>Attention<\/b> : La dur\u00e9e de conservation indiqu\u00e9e pour l&#8217;e-liquide est de trois ans si stock\u00e9 correctement.<\/p>\n<hr \/>\n<p>&nbsp;<\/p>\n<h3>\u00c0 qui s&#8217;adresse-t-il ?<\/h3>\n<p>&nbsp;<\/p>\n<p>Le pack Vaporesso s&#8217;adresse \u00e0 <b>toute personne de plus de 18 ans qui pr\u00e9f\u00e8re l&#8217;option de vapoter<\/b>.<\/p>\n<hr \/>\n<p>&nbsp;<\/p>\n<h3>Informations de s\u00e9curit\u00e9<\/h3>\n<p>&nbsp;<\/p>\n<p>L&#8217;utilisation du CBD est <b>d\u00e9conseill\u00e9e aux femmes qui allaitent ou enceintes<\/b>. Elle est \u00e9galement <b>d\u00e9conseill\u00e9e aux mineurs de moins de 18 ans<\/b>. Non pas parce qu&#8217;elle est consid\u00e9r\u00e9e comme dangereuse, mais parce qu&#8217;il y a un manque d&#8217;\u00e9tudes \u00e0 ce sujet. Le contenu fourni est uniquement \u00e0 des fins d&#8217;information et de formation et ne remplace en aucun cas un avis m\u00e9dical d&#8217;un m\u00e9decin ou d&#8217;un pharmacien. Nos textes ne sont pas destin\u00e9s au diagnostic et au traitement ind\u00e9pendants de maladies. N&#8217;h\u00e9sitez pas \u00e0 nous contacter si vous avez d&#8217;autres questions.<\/p>\n","protected":false},"excerpt":{"rendered":"<ul>\n<li><span style=\"font-weight: 400;\">1 eliquide au choix entre Gorilla Glue, Kali Mist, Northern Lights, Critical ou Cheese.<\/span><\/li>\n<li>1x Batterie Vaporesso GTX GO 80<\/li>\n<li>1x Pod GTX 22 (2 ml)<\/li>\n<li>1x bobine de maille GTX 0.6\u03a9<\/li>\n<li>1x c\u00e2ble USB de type C<\/li>\n<li>1x carte de garantie<\/li>\n<li>1x manuel d&#8217;utilisation<\/li>\n<\/ul>\n","protected":false},"featured_media":112682,"template":"","meta":{"_acf_changed":false},"product_brand":[],"class_list":{"0":"post-112771","1":"product","2":"type-product","3":"status-publish","4":"has-post-thumbnail","6":"product_cat-e-liquids-cbd","7":"product_cat-packs-cbd","8":"product_cat-cbd-concentrees-5","9":"product_cat-vapes-cbd-rechargeables","10":"product_cat-vapoteuse-cbd","12":"first","13":"instock","14":"taxable","15":"shipping-taxable","16":"purchasable","17":"product-type-variable","18":"has-default-attributes"},"acf":[],"yoast_head":"<!-- This site is optimized with the Yoast SEO plugin v26.3 - https:\/\/yoast.com\/wordpress\/plugins\/seo\/ -->\n<title>Pack Vaporesso e-liquid | The Tree CBD<\/title>\n<meta name=\"description\" content=\"Avec ce nouveau pack vous pourrez profiter de la vape Vaporesso GTX GO80 avec l&#039;un de nos d\u00e9licieux e-liquides, au choix entre 5 saveurs.\" \/>\n<meta name=\"robots\" content=\"index, follow, max-snippet:-1, max-image-preview:large, max-video-preview:-1\" \/>\n<link rel=\"canonical\" href=\"https:\/\/thetreecbd.com\/fr\/cbd\/pack-vaporesso-e-liquid\" \/>\n<meta property=\"og:locale\" content=\"fr_FR\" \/>\n<meta property=\"og:type\" content=\"article\" \/>\n<meta property=\"og:title\" content=\"Pack Vaporesso e-liquid | The Tree CBD\" \/>\n<meta property=\"og:description\" content=\"Avec ce nouveau pack vous pourrez profiter de la vape Vaporesso GTX GO80 avec l&#039;un de nos d\u00e9licieux e-liquides, au choix entre 5 saveurs.\" \/>\n<meta property=\"og:url\" content=\"https:\/\/thetreecbd.com\/fr\/cbd\/pack-vaporesso-e-liquid\" \/>\n<meta property=\"og:site_name\" content=\"The Tree CBD\" \/>\n<meta property=\"article:publisher\" content=\"https:\/\/www.facebook.com\/thetreeCBD\/\" \/>\n<meta property=\"article:modified_time\" content=\"2025-07-11T09:46:27+00:00\" \/>\n<meta property=\"og:image\" content=\"https:\/\/thetreecbd.com\/wp-content\/uploads\/2023\/02\/pack-vaporesso-eliquid.png\" \/>\n\t<meta property=\"og:image:width\" content=\"595\" \/>\n\t<meta property=\"og:image:height\" content=\"714\" \/>\n\t<meta property=\"og:image:type\" content=\"image\/png\" \/>\n<meta name=\"twitter:card\" content=\"summary_large_image\" \/>\n<meta name=\"twitter:site\" content=\"@TheTreeCBD_EU\" \/>\n<meta name=\"twitter:label1\" content=\"Dur\u00e9e de lecture estim\u00e9e\" \/>\n\t<meta name=\"twitter:data1\" content=\"4 minutes\" \/>\n<script type=\"application\/ld+json\" class=\"yoast-schema-graph\">{\"@context\":\"https:\/\/schema.org\",\"@graph\":[{\"@type\":[\"WebPage\",\"ItemPage\"],\"@id\":\"https:\/\/thetreecbd.com\/fr\/cbd\/pack-vaporesso-e-liquid\",\"url\":\"https:\/\/thetreecbd.com\/fr\/cbd\/pack-vaporesso-e-liquid\",\"name\":\"Pack Vaporesso e-liquid | The Tree CBD\",\"isPartOf\":{\"@id\":\"https:\/\/thetreecbd.com\/fr#website\"},\"primaryImageOfPage\":{\"@id\":\"https:\/\/thetreecbd.com\/fr\/cbd\/pack-vaporesso-e-liquid#primaryimage\"},\"image\":{\"@id\":\"https:\/\/thetreecbd.com\/fr\/cbd\/pack-vaporesso-e-liquid#primaryimage\"},\"thumbnailUrl\":\"https:\/\/thetreecbd.com\/wp-content\/uploads\/2023\/02\/pack-vaporesso-eliquid.png\",\"datePublished\":\"2023-02-09T09:43:02+00:00\",\"dateModified\":\"2025-07-11T09:46:27+00:00\",\"description\":\"Avec ce nouveau pack vous pourrez profiter de la vape Vaporesso GTX GO80 avec l'un de nos d\u00e9licieux e-liquides, au choix entre 5 saveurs.\",\"breadcrumb\":{\"@id\":\"https:\/\/thetreecbd.com\/fr\/cbd\/pack-vaporesso-e-liquid#breadcrumb\"},\"inLanguage\":\"fr-FR\",\"potentialAction\":[{\"@type\":\"ReadAction\",\"target\":[\"https:\/\/thetreecbd.com\/fr\/cbd\/pack-vaporesso-e-liquid\"]}]},{\"@type\":\"ImageObject\",\"inLanguage\":\"fr-FR\",\"@id\":\"https:\/\/thetreecbd.com\/fr\/cbd\/pack-vaporesso-e-liquid#primaryimage\",\"url\":\"https:\/\/thetreecbd.com\/wp-content\/uploads\/2023\/02\/pack-vaporesso-eliquid.png\",\"contentUrl\":\"https:\/\/thetreecbd.com\/wp-content\/uploads\/2023\/02\/pack-vaporesso-eliquid.png\",\"width\":595,\"height\":714,\"caption\":\"pack-vaporesso-eliquid\"},{\"@type\":\"BreadcrumbList\",\"@id\":\"https:\/\/thetreecbd.com\/fr\/cbd\/pack-vaporesso-e-liquid#breadcrumb\",\"itemListElement\":[{\"@type\":\"ListItem\",\"position\":1,\"name\":\"The Tree\",\"item\":\"https:\/\/thetreecbd.com\/fr\"},{\"@type\":\"ListItem\",\"position\":2,\"name\":\"CBD\",\"item\":\"https:\/\/thetreecbd.com\/es\/cbd\"},{\"@type\":\"ListItem\",\"position\":3,\"name\":\"Packs CBD\",\"item\":\"https:\/\/thetreecbd.com\/fr\/packs-cbd\"},{\"@type\":\"ListItem\",\"position\":4,\"name\":\"Pack Vaporesso e-liquid CBD\"}]},{\"@type\":\"WebSite\",\"@id\":\"https:\/\/thetreecbd.com\/fr#website\",\"url\":\"https:\/\/thetreecbd.com\/fr\",\"name\":\"The Tree CBD\",\"description\":\"Comprar CBD en Espa\u00f1a Online\",\"publisher\":{\"@id\":\"https:\/\/thetreecbd.com\/fr#organization\"},\"potentialAction\":[{\"@type\":\"SearchAction\",\"target\":{\"@type\":\"EntryPoint\",\"urlTemplate\":\"https:\/\/thetreecbd.com\/fr?s={search_term_string}\"},\"query-input\":{\"@type\":\"PropertyValueSpecification\",\"valueRequired\":true,\"valueName\":\"search_term_string\"}}],\"inLanguage\":\"fr-FR\"},{\"@type\":\"Organization\",\"@id\":\"https:\/\/thetreecbd.com\/fr#organization\",\"name\":\"The Tree CBD\",\"url\":\"https:\/\/thetreecbd.com\/fr\",\"logo\":{\"@type\":\"ImageObject\",\"inLanguage\":\"fr-FR\",\"@id\":\"https:\/\/thetreecbd.com\/fr#\/schema\/logo\/image\/\",\"url\":\"https:\/\/thetreecbd.com\/wp-content\/uploads\/2022\/04\/logo-thetree.png\",\"contentUrl\":\"https:\/\/thetreecbd.com\/wp-content\/uploads\/2022\/04\/logo-thetree.png\",\"width\":172,\"height\":55,\"caption\":\"The Tree CBD\"},\"image\":{\"@id\":\"https:\/\/thetreecbd.com\/fr#\/schema\/logo\/image\/\"},\"sameAs\":[\"https:\/\/www.facebook.com\/thetreeCBD\/\",\"https:\/\/x.com\/TheTreeCBD_EU\",\"https:\/\/www.instagram.com\/thetree.cbd\/\",\"https:\/\/es.trustpilot.com\/review\/thetreecbd.com\"]}]}<\/script>\n<!-- \/ Yoast SEO plugin. -->","yoast_head_json":{"title":"Pack Vaporesso e-liquid | The Tree CBD","description":"Avec ce nouveau pack vous pourrez profiter de la vape Vaporesso GTX GO80 avec l'un de nos d\u00e9licieux e-liquides, au choix entre 5 saveurs.","robots":{"index":"index","follow":"follow","max-snippet":"max-snippet:-1","max-image-preview":"max-image-preview:large","max-video-preview":"max-video-preview:-1"},"canonical":"https:\/\/thetreecbd.com\/fr\/cbd\/pack-vaporesso-e-liquid","og_locale":"fr_FR","og_type":"article","og_title":"Pack Vaporesso e-liquid | The Tree CBD","og_description":"Avec ce nouveau pack vous pourrez profiter de la vape Vaporesso GTX GO80 avec l'un de nos d\u00e9licieux e-liquides, au choix entre 5 saveurs.","og_url":"https:\/\/thetreecbd.com\/fr\/cbd\/pack-vaporesso-e-liquid","og_site_name":"The Tree CBD","article_publisher":"https:\/\/www.facebook.com\/thetreeCBD\/","article_modified_time":"2025-07-11T09:46:27+00:00","og_image":[{"width":595,"height":714,"url":"https:\/\/thetreecbd.com\/wp-content\/uploads\/2023\/02\/pack-vaporesso-eliquid.png","type":"image\/png"}],"twitter_card":"summary_large_image","twitter_site":"@TheTreeCBD_EU","twitter_misc":{"Dur\u00e9e de lecture estim\u00e9e":"4 minutes"},"schema":{"@context":"https:\/\/schema.org","@graph":[{"@type":["WebPage","ItemPage"],"@id":"https:\/\/thetreecbd.com\/fr\/cbd\/pack-vaporesso-e-liquid","url":"https:\/\/thetreecbd.com\/fr\/cbd\/pack-vaporesso-e-liquid","name":"Pack Vaporesso e-liquid | The Tree CBD","isPartOf":{"@id":"https:\/\/thetreecbd.com\/fr#website"},"primaryImageOfPage":{"@id":"https:\/\/thetreecbd.com\/fr\/cbd\/pack-vaporesso-e-liquid#primaryimage"},"image":{"@id":"https:\/\/thetreecbd.com\/fr\/cbd\/pack-vaporesso-e-liquid#primaryimage"},"thumbnailUrl":"https:\/\/thetreecbd.com\/wp-content\/uploads\/2023\/02\/pack-vaporesso-eliquid.png","datePublished":"2023-02-09T09:43:02+00:00","dateModified":"2025-07-11T09:46:27+00:00","description":"Avec ce nouveau pack vous pourrez profiter de la vape Vaporesso GTX GO80 avec l'un de nos d\u00e9licieux e-liquides, au choix entre 5 saveurs.","breadcrumb":{"@id":"https:\/\/thetreecbd.com\/fr\/cbd\/pack-vaporesso-e-liquid#breadcrumb"},"inLanguage":"fr-FR","potentialAction":[{"@type":"ReadAction","target":["https:\/\/thetreecbd.com\/fr\/cbd\/pack-vaporesso-e-liquid"]}]},{"@type":"ImageObject","inLanguage":"fr-FR","@id":"https:\/\/thetreecbd.com\/fr\/cbd\/pack-vaporesso-e-liquid#primaryimage","url":"https:\/\/thetreecbd.com\/wp-content\/uploads\/2023\/02\/pack-vaporesso-eliquid.png","contentUrl":"https:\/\/thetreecbd.com\/wp-content\/uploads\/2023\/02\/pack-vaporesso-eliquid.png","width":595,"height":714,"caption":"pack-vaporesso-eliquid"},{"@type":"BreadcrumbList","@id":"https:\/\/thetreecbd.com\/fr\/cbd\/pack-vaporesso-e-liquid#breadcrumb","itemListElement":[{"@type":"ListItem","position":1,"name":"The Tree","item":"https:\/\/thetreecbd.com\/fr"},{"@type":"ListItem","position":2,"name":"CBD","item":"https:\/\/thetreecbd.com\/es\/cbd"},{"@type":"ListItem","position":3,"name":"Packs CBD","item":"https:\/\/thetreecbd.com\/fr\/packs-cbd"},{"@type":"ListItem","position":4,"name":"Pack Vaporesso e-liquid CBD"}]},{"@type":"WebSite","@id":"https:\/\/thetreecbd.com\/fr#website","url":"https:\/\/thetreecbd.com\/fr","name":"The Tree CBD","description":"Comprar CBD en Espa\u00f1a Online","publisher":{"@id":"https:\/\/thetreecbd.com\/fr#organization"},"potentialAction":[{"@type":"SearchAction","target":{"@type":"EntryPoint","urlTemplate":"https:\/\/thetreecbd.com\/fr?s={search_term_string}"},"query-input":{"@type":"PropertyValueSpecification","valueRequired":true,"valueName":"search_term_string"}}],"inLanguage":"fr-FR"},{"@type":"Organization","@id":"https:\/\/thetreecbd.com\/fr#organization","name":"The Tree CBD","url":"https:\/\/thetreecbd.com\/fr","logo":{"@type":"ImageObject","inLanguage":"fr-FR","@id":"https:\/\/thetreecbd.com\/fr#\/schema\/logo\/image\/","url":"https:\/\/thetreecbd.com\/wp-content\/uploads\/2022\/04\/logo-thetree.png","contentUrl":"https:\/\/thetreecbd.com\/wp-content\/uploads\/2022\/04\/logo-thetree.png","width":172,"height":55,"caption":"The Tree CBD"},"image":{"@id":"https:\/\/thetreecbd.com\/fr#\/schema\/logo\/image\/"},"sameAs":["https:\/\/www.facebook.com\/thetreeCBD\/","https:\/\/x.com\/TheTreeCBD_EU","https:\/\/www.instagram.com\/thetree.cbd\/","https:\/\/es.trustpilot.com\/review\/thetreecbd.com"]}]}},"_links":{"self":[{"href":"https:\/\/thetreecbd.com\/fr\/wp-json\/wp\/v2\/product\/112771","targetHints":{"allow":["GET"]}}],"collection":[{"href":"https:\/\/thetreecbd.com\/fr\/wp-json\/wp\/v2\/product"}],"about":[{"href":"https:\/\/thetreecbd.com\/fr\/wp-json\/wp\/v2\/types\/product"}],"version-history":[{"count":0,"href":"https:\/\/thetreecbd.com\/fr\/wp-json\/wp\/v2\/product\/112771\/revisions"}],"wp:featuredmedia":[{"embeddable":true,"href":"https:\/\/thetreecbd.com\/fr\/wp-json\/wp\/v2\/media\/112682"}],"wp:attachment":[{"href":"https:\/\/thetreecbd.com\/fr\/wp-json\/wp\/v2\/media?parent=112771"}],"wp:term":[{"taxonomy":"product_brand","embeddable":true,"href":"https:\/\/thetreecbd.com\/fr\/wp-json\/wp\/v2\/product_brand?post=112771"}],"curies":[{"name":"wp","href":"https:\/\/api.w.org\/{rel}","templated":true}]}}