{"id":113766,"date":"2023-03-03T14:23:07","date_gmt":"2023-03-03T13:23:07","guid":{"rendered":"https:\/\/thetreecbd.com\/?post_type=product&#038;p=113766"},"modified":"2025-07-11T11:27:56","modified_gmt":"2025-07-11T09:27:56","slug":"huile-cbd-30-full-spectrum","status":"publish","type":"product","link":"https:\/\/thetreecbd.com\/fr\/cbd\/huile-cbd-30-full-spectrum","title":{"rendered":"Huile CBD 30% Full Spectrum"},"content":{"rendered":"<hr \/>\n<p>Voici la traduction du texte en <b>fran\u00e7ais<\/b> :<\/p>\n<hr \/>\n<p>The Tree CBD vous propose cette huile de CBD avec une <b>concentration de 30% de CBD, la plus \u00e9lev\u00e9e de la gamme d&#8217;huiles The Tree CBD.<\/b> Cette huile de CBD est \u00e0 <b>spectre complet<\/b>, ce qui signifie qu&#8217;elle conserve tous les cannabino\u00efdes pr\u00e9sents dans la plante, y compris le THC, bien que ce dernier soit pr\u00e9sent \u00e0 moins de 0,2% dans cette huile de CBD.<\/p>\n<p><b>Composants et aspect de l&#8217;huile 30% Spectre Complet<\/b> L&#8217;huile 30% Spectre Complet pr\u00e9sente un <b>aspect visqueux<\/b>, en raison de sa forte concentration en CBD. De plus, en conservant tous les composants de la plante et \u00e9tant filtr\u00e9e, sa <b>couleur est jaune dor\u00e9<\/b>, ce qui maintient la puret\u00e9 de l&#8217;huile. C&#8217;est assez diff\u00e9rent d&#8217;une huile \u00e0 large spectre, qui pr\u00e9sente toujours un aspect plus transparent, plus clair et moins visqueux. Ainsi, l&#8217;huile The Tree CBD pr\u00e9serve tous les composants de la fleur de chanvre et leurs propri\u00e9t\u00e9s, <b>apportant principalement du cannabidiol (CBD) \u00e0 30%<\/b>, et des parts mineures de CBG, CBF, CBN, CBC et plus de 40 terp\u00e8nes naturellement pr\u00e9sents dans le chanvre. Cette solution contient le spectre complet de la plante.<\/p>\n<p><b>Pourquoi choisir cette huile ?<\/b> L&#8217;huile \u00e0 30% est destin\u00e9e aux <b>utilisateurs d\u00e9j\u00e0 exp\u00e9riment\u00e9s qui utilisent le CBD quotidiennement<\/b>. Si vous connaissez d\u00e9j\u00e0 votre quantit\u00e9 id\u00e9ale, la concentration d&#8217;huile \u00e0 30% est la <b>meilleure option pour obtenir une efficacit\u00e9 maximale avec un minimum d&#8217;utilisation de gouttes<\/b>. De plus, si vous \u00eates un utilisateur quotidien, l&#8217;<b>huile CBD 30% Spectre Complet<\/b> est la solution la plus \u00e9conomique en calculant le co\u00fbt par milligramme de CBD. Notre huile est <b>cultiv\u00e9e de mani\u00e8re \u00e9cologique<\/b>, exempte de pesticides, de produits chimiques nocifs, et suivant les contr\u00f4les de qualit\u00e9 les plus rigoureux, avec des <b>ingr\u00e9dients 100% d&#8217;origine v\u00e9g\u00e9tale<\/b>. Chaque flacon de CBD est soumis \u00e0 un contr\u00f4le de qualit\u00e9 rigoureux et est extrait \u00e0 partir de chanvre cultiv\u00e9 \u00e9cologiquement. Gr\u00e2ce \u00e0 des processus sophistiqu\u00e9s d&#8217;extraction au CO\u2082 et de purification, et \u00e0 des tests ind\u00e9pendants, chaque flacon contient du CBD de haute qualit\u00e9 et est <b>exempt d&#8217;effets secondaires ind\u00e9sirables, d&#8217;additifs et de produits chimiques artificiels<\/b>. Cette huile contient moins de 0,2% de THC, n&#8217;a <b>pas d&#8217;effets psychoactifs et est l\u00e9gale dans toute l&#8217;Europe.<\/b><\/p>\n<p><b>Caract\u00e9ristiques de l&#8217;huile CBD 30% Spectre Complet<\/b><\/p>\n<ul>\n<li>Huile de graines de chanvre.<\/li>\n<li><b>30% de CBD par goutte (15 mg par goutte)<\/b>.<\/li>\n<li>Flacon doseur de 10 ml.<\/li>\n<li>Culture biologique, exempte de pesticides et de produits chimiques nocifs.<\/li>\n<li>Contient moins de 0,2% de THC.<\/li>\n<li><b>Usage topique<\/b>.<\/li>\n<\/ul>\n<p><b>Ingr\u00e9dients de l&#8217;huile CBD 30% Spectre Complet<\/b><\/p>\n<ul>\n<li>Huile de graines de chanvre et extraction de chanvre au CO2.<\/li>\n<\/ul>\n<p><b>Ar\u00f4me CBD<\/b> Les terp\u00e8nes se trouvent dans la plupart des huiles essentielles de nombreuses plantes, fleurs et fruits ; ils sont responsables de l&#8217;odeur et de la saveur. Dans le cannabis, nous pouvons trouver un large profil de terp\u00e8nes. Les huiles de CBD \u00e9labor\u00e9es \u00e0 partir d&#8217;extraits de spectre complet de haute qualit\u00e9 <b>sentiront le cannabis<\/b>. Cela est d\u00fb au fait que la majeure partie de l&#8217;odeur du cannabis r\u00e9sulte des terp\u00e8nes.<\/p>\n<p><b>Utilisateur cibl\u00e9<\/b> Les huiles de CBD \u00e0 30% de concentration sont de <b>haute puissance<\/b>, car le pourcentage de CBD qu&#8217;elles contiennent est assez \u00e9lev\u00e9. Elles sont id\u00e9ales pour les personnes qui recherchent un <b>effet intense<\/b> ou qui ont beaucoup d&#8217;exp\u00e9rience dans l&#8217;utilisation de ce cannabino\u00efde.<\/p>\n<p><b>Informations de s\u00e9curit\u00e9<\/b> Veuillez noter que l&#8217;huile de CBD 30% \u00e0 spectre complet de The Tree est un produit \u00e0 <b>usage topique<\/b>. Elle ne doit <b>pas \u00eatre utilis\u00e9e pendant la grossesse ou l&#8217;allaitement<\/b>. Tenir hors de port\u00e9e des enfants. Le contenu fourni est uniquement \u00e0 des fins d&#8217;information et de formation et ne remplace en aucun cas un avis m\u00e9dical d&#8217;un m\u00e9decin ou d&#8217;un pharmacien. Nos textes ne sont pas destin\u00e9s au diagnostic et au traitement ind\u00e9pendants de maladies. N&#8217;h\u00e9sitez pas \u00e0 nous contacter si vous avez d&#8217;autres questions.<\/p>\n<p><b>Stockage<\/b> Id\u00e9alement, l&#8217;huile de CBD de The Tree doit \u00eatre conserv\u00e9e dans un <b>endroit frais et sec, \u00e0 l&#8217;abri de la lumi\u00e8re et des odeurs fortes<\/b> pour \u00e9viter tout type de contamination. \u00c9viter la lumi\u00e8re directe du soleil et la chaleur. Conserver dans un endroit frais et sec. Tenir hors de port\u00e9e des enfants. <b>Attention<\/b> : La dur\u00e9e de conservation indiqu\u00e9e est de deux ans si stock\u00e9e correctement.<\/p>\n","protected":false},"excerpt":{"rendered":"<ul>\n<li><span style=\"font-weight: 400;\">Huile de graines de chanvre<\/span><\/li>\n<li><b>30% de CBD par goutte (15 mg par goutte)<\/b><\/li>\n<li><strong>R\u00e9cipient doseur de 10 ml.<\/strong><\/li>\n<li><span style=\"font-weight: 400;\">Agriculture biologique, sans pesticides ni produits chimiques nocifs<\/span><\/li>\n<li><span style=\"font-weight: 400;\">Contient moins de 0,2% de THC<\/span><\/li>\n<li><span style=\"font-weight: 400;\">Usage topique<\/span><\/li>\n<\/ul>\n","protected":false},"featured_media":178369,"template":"","meta":{"_acf_changed":false},"product_brand":[],"class_list":{"0":"post-113766","1":"product","2":"type-product","3":"status-publish","4":"has-post-thumbnail","6":"product_cat-spectre-complet","7":"product_cat-huiles-cbd","9":"first","10":"outofstock","11":"taxable","12":"shipping-taxable","13":"purchasable","14":"product-type-simple"},"acf":[],"yoast_head":"<!-- This site is optimized with the Yoast SEO plugin v26.3 - https:\/\/yoast.com\/wordpress\/plugins\/seo\/ -->\n<title>Huile CBD 30% Full Spectrum | The Tree CBD<\/title>\n<meta name=\"description\" content=\"Huile CBD 30% Full Spectrum. Fabriqu\u00e9e avec des extraits de fleur de chanvre. Avec tous les principes actifs du chanvre. Ingr\u00e9dients d&#039;origine 100% v\u00e9g\u00e9tale\" \/>\n<meta name=\"robots\" content=\"index, follow, max-snippet:-1, max-image-preview:large, max-video-preview:-1\" \/>\n<link rel=\"canonical\" href=\"https:\/\/thetreecbd.com\/fr\/boutique\/huile-de-cbd-20-a-spectre-complet\" \/>\n<meta property=\"og:locale\" content=\"fr_FR\" \/>\n<meta property=\"og:type\" content=\"article\" \/>\n<meta property=\"og:title\" content=\"Huile CBD 30% Full Spectrum | The Tree CBD\" \/>\n<meta property=\"og:description\" content=\"Huile CBD 30% Full Spectrum. Fabriqu\u00e9e avec des extraits de fleur de chanvre. Avec tous les principes actifs du chanvre. Ingr\u00e9dients d&#039;origine 100% v\u00e9g\u00e9tale\" \/>\n<meta property=\"og:url\" content=\"https:\/\/thetreecbd.com\/fr\/boutique\/huile-de-cbd-20-a-spectre-complet\/\" \/>\n<meta property=\"og:site_name\" content=\"The Tree CBD\" \/>\n<meta property=\"article:publisher\" content=\"https:\/\/www.facebook.com\/thetreeCBD\/\" \/>\n<meta property=\"article:modified_time\" content=\"2025-07-11T09:27:56+00:00\" \/>\n<meta property=\"og:image\" content=\"https:\/\/thetreecbd.com\/wp-content\/uploads\/2023\/03\/Oil30-thetree.jpg\" \/>\n\t<meta property=\"og:image:width\" content=\"1080\" \/>\n\t<meta property=\"og:image:height\" content=\"1350\" \/>\n\t<meta property=\"og:image:type\" content=\"image\/jpeg\" \/>\n<meta name=\"twitter:card\" content=\"summary_large_image\" \/>\n<meta name=\"twitter:site\" content=\"@TheTreeCBD_EU\" \/>\n<meta name=\"twitter:label1\" content=\"Dur\u00e9e de lecture estim\u00e9e\" \/>\n\t<meta name=\"twitter:data1\" content=\"4 minutes\" \/>\n<script type=\"application\/ld+json\" class=\"yoast-schema-graph\">{\"@context\":\"https:\/\/schema.org\",\"@graph\":[{\"@type\":[\"WebPage\",\"ItemPage\"],\"@id\":\"https:\/\/thetreecbd.com\/fr\/cbd\/huile-cbd-30-full-spectrum\",\"url\":\"https:\/\/thetreecbd.com\/fr\/boutique\/huile-de-cbd-20-a-spectre-complet\/\",\"name\":\"Huile CBD 30% Full Spectrum | The Tree CBD\",\"isPartOf\":{\"@id\":\"https:\/\/thetreecbd.com\/fr#website\"},\"primaryImageOfPage\":{\"@id\":\"https:\/\/thetreecbd.com\/fr\/boutique\/huile-de-cbd-20-a-spectre-complet\/#primaryimage\"},\"image\":{\"@id\":\"https:\/\/thetreecbd.com\/fr\/boutique\/huile-de-cbd-20-a-spectre-complet\/#primaryimage\"},\"thumbnailUrl\":\"https:\/\/thetreecbd.com\/wp-content\/uploads\/2023\/03\/Oil30-thetree.jpg\",\"datePublished\":\"2023-03-03T13:23:07+00:00\",\"dateModified\":\"2025-07-11T09:27:56+00:00\",\"description\":\"Huile CBD 30% Full Spectrum. Fabriqu\u00e9e avec des extraits de fleur de chanvre. Avec tous les principes actifs du chanvre. Ingr\u00e9dients d'origine 100% v\u00e9g\u00e9tale\",\"breadcrumb\":{\"@id\":\"https:\/\/thetreecbd.com\/fr\/boutique\/huile-de-cbd-20-a-spectre-complet\/#breadcrumb\"},\"inLanguage\":\"fr-FR\",\"potentialAction\":[{\"@type\":\"ReadAction\",\"target\":[\"https:\/\/thetreecbd.com\/fr\/boutique\/huile-de-cbd-20-a-spectre-complet\/\"]}]},{\"@type\":\"ImageObject\",\"inLanguage\":\"fr-FR\",\"@id\":\"https:\/\/thetreecbd.com\/fr\/boutique\/huile-de-cbd-20-a-spectre-complet\/#primaryimage\",\"url\":\"https:\/\/thetreecbd.com\/wp-content\/uploads\/2023\/03\/Oil30-thetree.jpg\",\"contentUrl\":\"https:\/\/thetreecbd.com\/wp-content\/uploads\/2023\/03\/Oil30-thetree.jpg\",\"width\":1080,\"height\":1350},{\"@type\":\"BreadcrumbList\",\"@id\":\"https:\/\/thetreecbd.com\/fr\/boutique\/huile-de-cbd-20-a-spectre-complet\/#breadcrumb\",\"itemListElement\":[{\"@type\":\"ListItem\",\"position\":1,\"name\":\"The Tree\",\"item\":\"https:\/\/thetreecbd.com\/fr\"},{\"@type\":\"ListItem\",\"position\":2,\"name\":\"CBD\",\"item\":\"https:\/\/thetreecbd.com\/es\/cbd\"},{\"@type\":\"ListItem\",\"position\":3,\"name\":\"Huile de CBD\",\"item\":\"https:\/\/thetreecbd.com\/fr\/huiles-cbd\"},{\"@type\":\"ListItem\",\"position\":4,\"name\":\"Huile CBD \u00e0 spectre complet\",\"item\":\"https:\/\/thetreecbd.com\/fr\/huiles-cbd\/spectre-complet\"},{\"@type\":\"ListItem\",\"position\":5,\"name\":\"Huile CBD 30% Full Spectrum\"}]},{\"@type\":\"WebSite\",\"@id\":\"https:\/\/thetreecbd.com\/fr#website\",\"url\":\"https:\/\/thetreecbd.com\/fr\",\"name\":\"The Tree CBD\",\"description\":\"Comprar CBD en Espa\u00f1a Online\",\"publisher\":{\"@id\":\"https:\/\/thetreecbd.com\/fr#organization\"},\"potentialAction\":[{\"@type\":\"SearchAction\",\"target\":{\"@type\":\"EntryPoint\",\"urlTemplate\":\"https:\/\/thetreecbd.com\/fr?s={search_term_string}\"},\"query-input\":{\"@type\":\"PropertyValueSpecification\",\"valueRequired\":true,\"valueName\":\"search_term_string\"}}],\"inLanguage\":\"fr-FR\"},{\"@type\":\"Organization\",\"@id\":\"https:\/\/thetreecbd.com\/fr#organization\",\"name\":\"The Tree CBD\",\"url\":\"https:\/\/thetreecbd.com\/fr\",\"logo\":{\"@type\":\"ImageObject\",\"inLanguage\":\"fr-FR\",\"@id\":\"https:\/\/thetreecbd.com\/fr#\/schema\/logo\/image\/\",\"url\":\"https:\/\/thetreecbd.com\/wp-content\/uploads\/2022\/04\/logo-thetree.png\",\"contentUrl\":\"https:\/\/thetreecbd.com\/wp-content\/uploads\/2022\/04\/logo-thetree.png\",\"width\":172,\"height\":55,\"caption\":\"The Tree CBD\"},\"image\":{\"@id\":\"https:\/\/thetreecbd.com\/fr#\/schema\/logo\/image\/\"},\"sameAs\":[\"https:\/\/www.facebook.com\/thetreeCBD\/\",\"https:\/\/x.com\/TheTreeCBD_EU\",\"https:\/\/www.instagram.com\/thetree.cbd\/\",\"https:\/\/es.trustpilot.com\/review\/thetreecbd.com\"]}]}<\/script>\n<!-- \/ Yoast SEO plugin. -->","yoast_head_json":{"title":"Huile CBD 30% Full Spectrum | The Tree CBD","description":"Huile CBD 30% Full Spectrum. Fabriqu\u00e9e avec des extraits de fleur de chanvre. Avec tous les principes actifs du chanvre. Ingr\u00e9dients d'origine 100% v\u00e9g\u00e9tale","robots":{"index":"index","follow":"follow","max-snippet":"max-snippet:-1","max-image-preview":"max-image-preview:large","max-video-preview":"max-video-preview:-1"},"canonical":"https:\/\/thetreecbd.com\/fr\/boutique\/huile-de-cbd-20-a-spectre-complet","og_locale":"fr_FR","og_type":"article","og_title":"Huile CBD 30% Full Spectrum | The Tree CBD","og_description":"Huile CBD 30% Full Spectrum. Fabriqu\u00e9e avec des extraits de fleur de chanvre. Avec tous les principes actifs du chanvre. Ingr\u00e9dients d'origine 100% v\u00e9g\u00e9tale","og_url":"https:\/\/thetreecbd.com\/fr\/boutique\/huile-de-cbd-20-a-spectre-complet\/","og_site_name":"The Tree CBD","article_publisher":"https:\/\/www.facebook.com\/thetreeCBD\/","article_modified_time":"2025-07-11T09:27:56+00:00","og_image":[{"width":1080,"height":1350,"url":"https:\/\/thetreecbd.com\/wp-content\/uploads\/2023\/03\/Oil30-thetree.jpg","type":"image\/jpeg"}],"twitter_card":"summary_large_image","twitter_site":"@TheTreeCBD_EU","twitter_misc":{"Dur\u00e9e de lecture estim\u00e9e":"4 minutes"},"schema":{"@context":"https:\/\/schema.org","@graph":[{"@type":["WebPage","ItemPage"],"@id":"https:\/\/thetreecbd.com\/fr\/cbd\/huile-cbd-30-full-spectrum","url":"https:\/\/thetreecbd.com\/fr\/boutique\/huile-de-cbd-20-a-spectre-complet\/","name":"Huile CBD 30% Full Spectrum | The Tree CBD","isPartOf":{"@id":"https:\/\/thetreecbd.com\/fr#website"},"primaryImageOfPage":{"@id":"https:\/\/thetreecbd.com\/fr\/boutique\/huile-de-cbd-20-a-spectre-complet\/#primaryimage"},"image":{"@id":"https:\/\/thetreecbd.com\/fr\/boutique\/huile-de-cbd-20-a-spectre-complet\/#primaryimage"},"thumbnailUrl":"https:\/\/thetreecbd.com\/wp-content\/uploads\/2023\/03\/Oil30-thetree.jpg","datePublished":"2023-03-03T13:23:07+00:00","dateModified":"2025-07-11T09:27:56+00:00","description":"Huile CBD 30% Full Spectrum. Fabriqu\u00e9e avec des extraits de fleur de chanvre. Avec tous les principes actifs du chanvre. Ingr\u00e9dients d'origine 100% v\u00e9g\u00e9tale","breadcrumb":{"@id":"https:\/\/thetreecbd.com\/fr\/boutique\/huile-de-cbd-20-a-spectre-complet\/#breadcrumb"},"inLanguage":"fr-FR","potentialAction":[{"@type":"ReadAction","target":["https:\/\/thetreecbd.com\/fr\/boutique\/huile-de-cbd-20-a-spectre-complet\/"]}]},{"@type":"ImageObject","inLanguage":"fr-FR","@id":"https:\/\/thetreecbd.com\/fr\/boutique\/huile-de-cbd-20-a-spectre-complet\/#primaryimage","url":"https:\/\/thetreecbd.com\/wp-content\/uploads\/2023\/03\/Oil30-thetree.jpg","contentUrl":"https:\/\/thetreecbd.com\/wp-content\/uploads\/2023\/03\/Oil30-thetree.jpg","width":1080,"height":1350},{"@type":"BreadcrumbList","@id":"https:\/\/thetreecbd.com\/fr\/boutique\/huile-de-cbd-20-a-spectre-complet\/#breadcrumb","itemListElement":[{"@type":"ListItem","position":1,"name":"The Tree","item":"https:\/\/thetreecbd.com\/fr"},{"@type":"ListItem","position":2,"name":"CBD","item":"https:\/\/thetreecbd.com\/es\/cbd"},{"@type":"ListItem","position":3,"name":"Huile de CBD","item":"https:\/\/thetreecbd.com\/fr\/huiles-cbd"},{"@type":"ListItem","position":4,"name":"Huile CBD \u00e0 spectre complet","item":"https:\/\/thetreecbd.com\/fr\/huiles-cbd\/spectre-complet"},{"@type":"ListItem","position":5,"name":"Huile CBD 30% Full Spectrum"}]},{"@type":"WebSite","@id":"https:\/\/thetreecbd.com\/fr#website","url":"https:\/\/thetreecbd.com\/fr","name":"The Tree CBD","description":"Comprar CBD en Espa\u00f1a Online","publisher":{"@id":"https:\/\/thetreecbd.com\/fr#organization"},"potentialAction":[{"@type":"SearchAction","target":{"@type":"EntryPoint","urlTemplate":"https:\/\/thetreecbd.com\/fr?s={search_term_string}"},"query-input":{"@type":"PropertyValueSpecification","valueRequired":true,"valueName":"search_term_string"}}],"inLanguage":"fr-FR"},{"@type":"Organization","@id":"https:\/\/thetreecbd.com\/fr#organization","name":"The Tree CBD","url":"https:\/\/thetreecbd.com\/fr","logo":{"@type":"ImageObject","inLanguage":"fr-FR","@id":"https:\/\/thetreecbd.com\/fr#\/schema\/logo\/image\/","url":"https:\/\/thetreecbd.com\/wp-content\/uploads\/2022\/04\/logo-thetree.png","contentUrl":"https:\/\/thetreecbd.com\/wp-content\/uploads\/2022\/04\/logo-thetree.png","width":172,"height":55,"caption":"The Tree CBD"},"image":{"@id":"https:\/\/thetreecbd.com\/fr#\/schema\/logo\/image\/"},"sameAs":["https:\/\/www.facebook.com\/thetreeCBD\/","https:\/\/x.com\/TheTreeCBD_EU","https:\/\/www.instagram.com\/thetree.cbd\/","https:\/\/es.trustpilot.com\/review\/thetreecbd.com"]}]}},"_links":{"self":[{"href":"https:\/\/thetreecbd.com\/fr\/wp-json\/wp\/v2\/product\/113766","targetHints":{"allow":["GET"]}}],"collection":[{"href":"https:\/\/thetreecbd.com\/fr\/wp-json\/wp\/v2\/product"}],"about":[{"href":"https:\/\/thetreecbd.com\/fr\/wp-json\/wp\/v2\/types\/product"}],"version-history":[{"count":0,"href":"https:\/\/thetreecbd.com\/fr\/wp-json\/wp\/v2\/product\/113766\/revisions"}],"wp:featuredmedia":[{"embeddable":true,"href":"https:\/\/thetreecbd.com\/fr\/wp-json\/wp\/v2\/media\/178369"}],"wp:attachment":[{"href":"https:\/\/thetreecbd.com\/fr\/wp-json\/wp\/v2\/media?parent=113766"}],"wp:term":[{"taxonomy":"product_brand","embeddable":true,"href":"https:\/\/thetreecbd.com\/fr\/wp-json\/wp\/v2\/product_brand?post=113766"}],"curies":[{"name":"wp","href":"https:\/\/api.w.org\/{rel}","templated":true}]}}