{"id":115121,"date":"2023-03-29T11:11:21","date_gmt":"2023-03-29T09:11:21","guid":{"rendered":"https:\/\/thetreecbd.com\/cbd\/vaporesso-gtx-go80"},"modified":"2025-07-28T12:32:49","modified_gmt":"2025-07-28T10:32:49","slug":"vaporesso-gtx-go80","status":"publish","type":"product","link":"https:\/\/thetreecbd.com\/fr\/cbd\/vaporesso-gtx-go80","title":{"rendered":"Vaporesso GTX GO80 pour CBD"},"content":{"rendered":"<p><strong>The Tree CBD vous pr\u00e9sente ce vapo rechargeable, \u00e0 utiliser avec vos <\/strong><a href=\"https:\/\/thetreecbd.com\/fr\/e-liquids-cbd\">e-liquides<\/a>. Le kit de pod Vaporesso GTX GO80 est une mise \u00e0 jour rafra\u00eechissante d&#8217;<strong>un vapo de style stylo<\/strong> qui comprend un GTX POD 26\/22 magn\u00e9tique pour un <strong>vapotage instantan\u00e9, id\u00e9al pour profiter des eliquides The Tree CBD.<\/strong><\/p>\n<p>La capsule est dot\u00e9e d&#8217;un <strong>syst\u00e8me de remplissage par le haut et d&#8217;une technologie SSS r\u00e9sistante aux fuites<\/strong>, facilitant un processus de remplissage simple et sans tracas. La technologie SSS aide \u00e0 cr\u00e9er une barri\u00e8re qui ne permet pas les fuites et vous permet ainsi de profiter de tout le liquide.<\/p>\n<p>Le Vape GTX GO prend en charge la s\u00e9rie GTX Coil New Version. Coupl\u00e9 \u00e0 un d\u00e9bit d&#8217;air facilement r\u00e9glable, une <strong>batterie int\u00e9gr\u00e9e de 3000 mAh avec une sortie maximale de 80 W et une capacit\u00e9 de charge rapide<\/strong> TYPE-C, GTX GO offre une exp\u00e9rience de vapotage compl\u00e8te.<\/p>\n<p>Le GTX GO est <strong>le premier vapo de style stylo livr\u00e9 avec une charge rapide de type C<\/strong>, sa taille et sa forme compactes procurent une sensation agr\u00e9able dans la main, il est discret et parfait \u00e0 emporter avec vous \u00e0 tout moment.<\/p>\n<p>Nous savons que le remplissage est un gros probl\u00e8me, le kit de pod Vaporesso GTX GO40 est dot\u00e9 de la technologie SSS qui facilite le remplissage s\u00fbr et facile.<\/p>\n<h2>Pod magn\u00e9tique<\/h2>\n<p>La technologie Vaporesso SSS Leak-Resitant renforce ce magnifique POD pour \u00e9viter \u00e0 tout prix les d\u00e9versements et les fuites de e-liquide. De plus, la connexion magn\u00e9tique assure un montage simple et 100% s\u00e9curis\u00e9 pour le pod 26\/22 GTX.<\/p>\n<h2>Prise d&#8217;air r\u00e9glable<\/h2>\n<p>Avec cette partie du pod aimant\u00e9e, le d\u00e9bit est ajust\u00e9 avec pr\u00e9cision et permet \u00e0 l&#8217;utilisateur de contr\u00f4ler la quantit\u00e9 de vapeur dont il souhaite profiter.<\/p>\n<h2>Batterie 3 000 mAh avec charge rapide<\/h2>\n<p>Un autre des points forts de ce Pod est la batterie de la GTX GO80. D&#8217;une capacit\u00e9 de 3000 mAh, et d&#8217;un port USB-C, elle permet une charge rapide pour toujours avoir le pod pr\u00eat. M\u00eame si vous utilisez votre appareil de mani\u00e8re trop intensive, vous pouvez le recharger \u00e0 100 % en un rien de temps !<\/p>\n<h2>Caract\u00e9ristiques du kit de pod Vaporesso GTX GO80<\/h2>\n<p>Vape rechargeable pour e-liquide CBD<\/p>\n<p>syst\u00e8me de remplissage sup\u00e9rieur<\/p>\n<p>Capsule magn\u00e9tique avec r\u00e9glage pr\u00e9cis de l&#8217;airflow<\/p>\n<p>Satisfaction en un clic<\/p>\n<p>Hautement compatible avec les bobines GTX<\/p>\n<p>R\u00e9sistance aux fuites Technologie SSS<\/p>\n<p>Taille\u00a0: 22 x 110,3\u00a0mm<\/p>\n<p>Batterie : int\u00e9gr\u00e9e 3000 mAh<\/p>\n<p>Capacit\u00e9 du r\u00e9servoir : 2 ml<\/p>\n<p>Garanti sans THC et sans nicotine.<\/p>\n<p>Sans alcool, sans extraits d&#8217;animaux.<\/p>\n<h2>Contenu<\/h2>\n<p>Qu&#8217;est-ce qui est inclus dans le kit de pod Vaporesso GTX GO80 ?<\/p>\n<p>1x Batterie Vaporesso GTX GO 80<br \/>\n1x Pod GTX 22 (2 ml)<br \/>\n1x bobine de maille GTX 0.6\u03a9<br \/>\n1x c\u00e2ble USB de type C<br \/>\n1x carte de garantie<br \/>\n1x manuel d&#8217;utilisation<\/p>\n<h2>Format<\/h2>\n<p>Le kit Pod Vaporesso GTX GO80 se pr\u00e9sente sous forme de cigarette \u00e9lectronique, son bo\u00eetier en caoutchouc et en m\u00e9tal ainsi que la forme et la taille du GTX GO lui conf\u00e8rent une prise en main confortable et une sensation agr\u00e9able dans les mains.<\/p>\n<h2>Stockage<\/h2>\n<p>Id\u00e9alement, le kit de pod Vaporesso GTX GO80 doit \u00eatre stock\u00e9 dans un endroit frais et sec, \u00e0 l&#8217;abri des odeurs l\u00e9g\u00e8res et fortes pour \u00e9viter tout type de contamination. \u00c9vitez la lumi\u00e8re directe du soleil et la chaleur. Pour plus d&#8217;informations, nous vous recommandons de lire attentivement les instructions d&#8217;entretien et de stockage dans le manuel fourni avec le kit.<\/p>\n<h2>C&#8217;est pour qui?<\/h2>\n<p>Le kit de pod Vaporesso GTX GO80 est destin\u00e9 \u00e0 toute personne de plus de 18 ans.<\/p>\n<h2>Information de s\u00e9curit\u00e9<\/h2>\n<p>Veuillez noter que le kit de pod Vaporesso GTX GO80 est un article de d\u00e9coration et de collection.<\/p>\n<p>Il ne doit pas \u00eatre utilis\u00e9 pendant la grossesse ou l&#8217;allaitement. Garder hors de la port\u00e9e des enfants. Vous devez avoir l&#8217;\u00e2ge l\u00e9gal pour utiliser ce produit.<\/p>\n","protected":false},"excerpt":{"rendered":"<p>Vape rechargeable pour e-liquide Syst\u00e8me de remplissage Top<\/p>\n<p>Capsule magn\u00e9tique avec r\u00e9glage pr\u00e9cis de l&#8217;airflow<\/p>\n<p>Hautement compatible avec les bobines GTX<\/p>\n<p>R\u00e9sistance aux fuites Technologie SSS<\/p>\n<p>Taille\u00a0: 22 x 110,3\u00a0mm<\/p>\n<p>Batterie : int\u00e9gr\u00e9e 3000 mAh<\/p>\n<p>Capacit\u00e9 du r\u00e9servoir : 2 ml<\/p>\n","protected":false},"featured_media":135073,"template":"","meta":{"_acf_changed":false},"product_brand":[],"class_list":{"0":"post-115121","1":"product","2":"type-product","3":"status-publish","4":"has-post-thumbnail","6":"product_cat-vapes-cbd-rechargeables","7":"product_cat-vapoteuse-cbd","9":"first","10":"instock","11":"taxable","12":"shipping-taxable","13":"purchasable","14":"product-type-simple"},"acf":[],"yoast_head":"<!-- This site is optimized with the Yoast SEO plugin v26.3 - https:\/\/yoast.com\/wordpress\/plugins\/seo\/ -->\n<title>Vaporesso GTX GO80 pour CBD | The Tree CBD<\/title>\n<meta name=\"description\" content=\"Profitez du meilleur e-liquide CBD avec ce pod CBD facile \u00e0 recharger et r\u00e9sistant aux fuites gr\u00e2ce \u00e0 la technologie SSS. Capacit\u00e9 de 2 ml et qualit\u00e9 maximale\" \/>\n<meta name=\"robots\" content=\"index, follow, max-snippet:-1, max-image-preview:large, max-video-preview:-1\" \/>\n<link rel=\"canonical\" href=\"https:\/\/thetreecbd.com\/fr\/cbd\/vaporesso-gtx-go80\" \/>\n<meta property=\"og:locale\" content=\"fr_FR\" \/>\n<meta property=\"og:type\" content=\"article\" \/>\n<meta property=\"og:title\" content=\"Vaporesso GTX GO80 pour CBD | The Tree CBD\" \/>\n<meta property=\"og:description\" content=\"Profitez du meilleur e-liquide CBD avec ce pod CBD facile \u00e0 recharger et r\u00e9sistant aux fuites gr\u00e2ce \u00e0 la technologie SSS. Capacit\u00e9 de 2 ml et qualit\u00e9 maximale\" \/>\n<meta property=\"og:url\" content=\"https:\/\/thetreecbd.com\/fr\/cbd\/vaporesso-gtx-go80\" \/>\n<meta property=\"og:site_name\" content=\"The Tree CBD\" \/>\n<meta property=\"article:publisher\" content=\"https:\/\/www.facebook.com\/thetreeCBD\/\" \/>\n<meta property=\"article:modified_time\" content=\"2025-07-28T10:32:49+00:00\" \/>\n<meta property=\"og:image\" content=\"https:\/\/thetreecbd.com\/wp-content\/uploads\/2023\/11\/vaporesso-cbd.png\" \/>\n\t<meta property=\"og:image:width\" content=\"600\" \/>\n\t<meta property=\"og:image:height\" content=\"720\" \/>\n\t<meta property=\"og:image:type\" content=\"image\/png\" \/>\n<meta name=\"twitter:card\" content=\"summary_large_image\" \/>\n<meta name=\"twitter:site\" content=\"@TheTreeCBD_EU\" \/>\n<meta name=\"twitter:label1\" content=\"Dur\u00e9e de lecture estim\u00e9e\" \/>\n\t<meta name=\"twitter:data1\" content=\"3 minutes\" \/>\n<script type=\"application\/ld+json\" class=\"yoast-schema-graph\">{\"@context\":\"https:\/\/schema.org\",\"@graph\":[{\"@type\":[\"WebPage\",\"ItemPage\"],\"@id\":\"https:\/\/thetreecbd.com\/fr\/cbd\/vaporesso-gtx-go80\",\"url\":\"https:\/\/thetreecbd.com\/fr\/cbd\/vaporesso-gtx-go80\",\"name\":\"Vaporesso GTX GO80 pour CBD | The Tree CBD\",\"isPartOf\":{\"@id\":\"https:\/\/thetreecbd.com\/fr#website\"},\"primaryImageOfPage\":{\"@id\":\"https:\/\/thetreecbd.com\/fr\/cbd\/vaporesso-gtx-go80#primaryimage\"},\"image\":{\"@id\":\"https:\/\/thetreecbd.com\/fr\/cbd\/vaporesso-gtx-go80#primaryimage\"},\"thumbnailUrl\":\"https:\/\/thetreecbd.com\/wp-content\/uploads\/2023\/11\/vaporesso-cbd.png\",\"datePublished\":\"2023-03-29T09:11:21+00:00\",\"dateModified\":\"2025-07-28T10:32:49+00:00\",\"description\":\"Profitez du meilleur e-liquide CBD avec ce pod CBD facile \u00e0 recharger et r\u00e9sistant aux fuites gr\u00e2ce \u00e0 la technologie SSS. Capacit\u00e9 de 2 ml et qualit\u00e9 maximale\",\"breadcrumb\":{\"@id\":\"https:\/\/thetreecbd.com\/fr\/cbd\/vaporesso-gtx-go80#breadcrumb\"},\"inLanguage\":\"fr-FR\",\"potentialAction\":[{\"@type\":\"ReadAction\",\"target\":[\"https:\/\/thetreecbd.com\/fr\/cbd\/vaporesso-gtx-go80\"]}]},{\"@type\":\"ImageObject\",\"inLanguage\":\"fr-FR\",\"@id\":\"https:\/\/thetreecbd.com\/fr\/cbd\/vaporesso-gtx-go80#primaryimage\",\"url\":\"https:\/\/thetreecbd.com\/wp-content\/uploads\/2023\/11\/vaporesso-cbd.png\",\"contentUrl\":\"https:\/\/thetreecbd.com\/wp-content\/uploads\/2023\/11\/vaporesso-cbd.png\",\"width\":600,\"height\":720,\"caption\":\"Vaporesso GTX GO80 Pod\"},{\"@type\":\"BreadcrumbList\",\"@id\":\"https:\/\/thetreecbd.com\/fr\/cbd\/vaporesso-gtx-go80#breadcrumb\",\"itemListElement\":[{\"@type\":\"ListItem\",\"position\":1,\"name\":\"The Tree\",\"item\":\"https:\/\/thetreecbd.com\/fr\"},{\"@type\":\"ListItem\",\"position\":2,\"name\":\"CBD\",\"item\":\"https:\/\/thetreecbd.com\/es\/cbd\"},{\"@type\":\"ListItem\",\"position\":3,\"name\":\"Vapoteuse de CBD\",\"item\":\"https:\/\/thetreecbd.com\/fr\/vapoteuse-cbd\"},{\"@type\":\"ListItem\",\"position\":4,\"name\":\"Vaporesso GTX GO80 pour CBD\"}]},{\"@type\":\"WebSite\",\"@id\":\"https:\/\/thetreecbd.com\/fr#website\",\"url\":\"https:\/\/thetreecbd.com\/fr\",\"name\":\"The Tree CBD\",\"description\":\"Comprar CBD en Espa\u00f1a Online\",\"publisher\":{\"@id\":\"https:\/\/thetreecbd.com\/fr#organization\"},\"potentialAction\":[{\"@type\":\"SearchAction\",\"target\":{\"@type\":\"EntryPoint\",\"urlTemplate\":\"https:\/\/thetreecbd.com\/fr?s={search_term_string}\"},\"query-input\":{\"@type\":\"PropertyValueSpecification\",\"valueRequired\":true,\"valueName\":\"search_term_string\"}}],\"inLanguage\":\"fr-FR\"},{\"@type\":\"Organization\",\"@id\":\"https:\/\/thetreecbd.com\/fr#organization\",\"name\":\"The Tree CBD\",\"url\":\"https:\/\/thetreecbd.com\/fr\",\"logo\":{\"@type\":\"ImageObject\",\"inLanguage\":\"fr-FR\",\"@id\":\"https:\/\/thetreecbd.com\/fr#\/schema\/logo\/image\/\",\"url\":\"https:\/\/thetreecbd.com\/wp-content\/uploads\/2022\/04\/logo-thetree.png\",\"contentUrl\":\"https:\/\/thetreecbd.com\/wp-content\/uploads\/2022\/04\/logo-thetree.png\",\"width\":172,\"height\":55,\"caption\":\"The Tree CBD\"},\"image\":{\"@id\":\"https:\/\/thetreecbd.com\/fr#\/schema\/logo\/image\/\"},\"sameAs\":[\"https:\/\/www.facebook.com\/thetreeCBD\/\",\"https:\/\/x.com\/TheTreeCBD_EU\",\"https:\/\/www.instagram.com\/thetree.cbd\/\",\"https:\/\/es.trustpilot.com\/review\/thetreecbd.com\"]}]}<\/script>\n<!-- \/ Yoast SEO plugin. -->","yoast_head_json":{"title":"Vaporesso GTX GO80 pour CBD | The Tree CBD","description":"Profitez du meilleur e-liquide CBD avec ce pod CBD facile \u00e0 recharger et r\u00e9sistant aux fuites gr\u00e2ce \u00e0 la technologie SSS. Capacit\u00e9 de 2 ml et qualit\u00e9 maximale","robots":{"index":"index","follow":"follow","max-snippet":"max-snippet:-1","max-image-preview":"max-image-preview:large","max-video-preview":"max-video-preview:-1"},"canonical":"https:\/\/thetreecbd.com\/fr\/cbd\/vaporesso-gtx-go80","og_locale":"fr_FR","og_type":"article","og_title":"Vaporesso GTX GO80 pour CBD | The Tree CBD","og_description":"Profitez du meilleur e-liquide CBD avec ce pod CBD facile \u00e0 recharger et r\u00e9sistant aux fuites gr\u00e2ce \u00e0 la technologie SSS. Capacit\u00e9 de 2 ml et qualit\u00e9 maximale","og_url":"https:\/\/thetreecbd.com\/fr\/cbd\/vaporesso-gtx-go80","og_site_name":"The Tree CBD","article_publisher":"https:\/\/www.facebook.com\/thetreeCBD\/","article_modified_time":"2025-07-28T10:32:49+00:00","og_image":[{"width":600,"height":720,"url":"https:\/\/thetreecbd.com\/wp-content\/uploads\/2023\/11\/vaporesso-cbd.png","type":"image\/png"}],"twitter_card":"summary_large_image","twitter_site":"@TheTreeCBD_EU","twitter_misc":{"Dur\u00e9e de lecture estim\u00e9e":"3 minutes"},"schema":{"@context":"https:\/\/schema.org","@graph":[{"@type":["WebPage","ItemPage"],"@id":"https:\/\/thetreecbd.com\/fr\/cbd\/vaporesso-gtx-go80","url":"https:\/\/thetreecbd.com\/fr\/cbd\/vaporesso-gtx-go80","name":"Vaporesso GTX GO80 pour CBD | The Tree CBD","isPartOf":{"@id":"https:\/\/thetreecbd.com\/fr#website"},"primaryImageOfPage":{"@id":"https:\/\/thetreecbd.com\/fr\/cbd\/vaporesso-gtx-go80#primaryimage"},"image":{"@id":"https:\/\/thetreecbd.com\/fr\/cbd\/vaporesso-gtx-go80#primaryimage"},"thumbnailUrl":"https:\/\/thetreecbd.com\/wp-content\/uploads\/2023\/11\/vaporesso-cbd.png","datePublished":"2023-03-29T09:11:21+00:00","dateModified":"2025-07-28T10:32:49+00:00","description":"Profitez du meilleur e-liquide CBD avec ce pod CBD facile \u00e0 recharger et r\u00e9sistant aux fuites gr\u00e2ce \u00e0 la technologie SSS. Capacit\u00e9 de 2 ml et qualit\u00e9 maximale","breadcrumb":{"@id":"https:\/\/thetreecbd.com\/fr\/cbd\/vaporesso-gtx-go80#breadcrumb"},"inLanguage":"fr-FR","potentialAction":[{"@type":"ReadAction","target":["https:\/\/thetreecbd.com\/fr\/cbd\/vaporesso-gtx-go80"]}]},{"@type":"ImageObject","inLanguage":"fr-FR","@id":"https:\/\/thetreecbd.com\/fr\/cbd\/vaporesso-gtx-go80#primaryimage","url":"https:\/\/thetreecbd.com\/wp-content\/uploads\/2023\/11\/vaporesso-cbd.png","contentUrl":"https:\/\/thetreecbd.com\/wp-content\/uploads\/2023\/11\/vaporesso-cbd.png","width":600,"height":720,"caption":"Vaporesso GTX GO80 Pod"},{"@type":"BreadcrumbList","@id":"https:\/\/thetreecbd.com\/fr\/cbd\/vaporesso-gtx-go80#breadcrumb","itemListElement":[{"@type":"ListItem","position":1,"name":"The Tree","item":"https:\/\/thetreecbd.com\/fr"},{"@type":"ListItem","position":2,"name":"CBD","item":"https:\/\/thetreecbd.com\/es\/cbd"},{"@type":"ListItem","position":3,"name":"Vapoteuse de CBD","item":"https:\/\/thetreecbd.com\/fr\/vapoteuse-cbd"},{"@type":"ListItem","position":4,"name":"Vaporesso GTX GO80 pour CBD"}]},{"@type":"WebSite","@id":"https:\/\/thetreecbd.com\/fr#website","url":"https:\/\/thetreecbd.com\/fr","name":"The Tree CBD","description":"Comprar CBD en Espa\u00f1a Online","publisher":{"@id":"https:\/\/thetreecbd.com\/fr#organization"},"potentialAction":[{"@type":"SearchAction","target":{"@type":"EntryPoint","urlTemplate":"https:\/\/thetreecbd.com\/fr?s={search_term_string}"},"query-input":{"@type":"PropertyValueSpecification","valueRequired":true,"valueName":"search_term_string"}}],"inLanguage":"fr-FR"},{"@type":"Organization","@id":"https:\/\/thetreecbd.com\/fr#organization","name":"The Tree CBD","url":"https:\/\/thetreecbd.com\/fr","logo":{"@type":"ImageObject","inLanguage":"fr-FR","@id":"https:\/\/thetreecbd.com\/fr#\/schema\/logo\/image\/","url":"https:\/\/thetreecbd.com\/wp-content\/uploads\/2022\/04\/logo-thetree.png","contentUrl":"https:\/\/thetreecbd.com\/wp-content\/uploads\/2022\/04\/logo-thetree.png","width":172,"height":55,"caption":"The Tree CBD"},"image":{"@id":"https:\/\/thetreecbd.com\/fr#\/schema\/logo\/image\/"},"sameAs":["https:\/\/www.facebook.com\/thetreeCBD\/","https:\/\/x.com\/TheTreeCBD_EU","https:\/\/www.instagram.com\/thetree.cbd\/","https:\/\/es.trustpilot.com\/review\/thetreecbd.com"]}]}},"_links":{"self":[{"href":"https:\/\/thetreecbd.com\/fr\/wp-json\/wp\/v2\/product\/115121","targetHints":{"allow":["GET"]}}],"collection":[{"href":"https:\/\/thetreecbd.com\/fr\/wp-json\/wp\/v2\/product"}],"about":[{"href":"https:\/\/thetreecbd.com\/fr\/wp-json\/wp\/v2\/types\/product"}],"version-history":[{"count":0,"href":"https:\/\/thetreecbd.com\/fr\/wp-json\/wp\/v2\/product\/115121\/revisions"}],"wp:featuredmedia":[{"embeddable":true,"href":"https:\/\/thetreecbd.com\/fr\/wp-json\/wp\/v2\/media\/135073"}],"wp:attachment":[{"href":"https:\/\/thetreecbd.com\/fr\/wp-json\/wp\/v2\/media?parent=115121"}],"wp:term":[{"taxonomy":"product_brand","embeddable":true,"href":"https:\/\/thetreecbd.com\/fr\/wp-json\/wp\/v2\/product_brand?post=115121"}],"curies":[{"name":"wp","href":"https:\/\/api.w.org\/{rel}","templated":true}]}}