{"id":117023,"date":"2023-05-02T13:42:57","date_gmt":"2023-05-02T11:42:57","guid":{"rendered":"https:\/\/thetreecbd.com\/?post_type=product&#038;p=117023"},"modified":"2025-06-16T00:00:04","modified_gmt":"2025-06-15T22:00:04","slug":"fleurs-cbd-outdoor-super-boof","status":"publish","type":"product","link":"https:\/\/thetreecbd.com\/fr\/cbd\/fleurs-cbd-outdoor-super-boof","title":{"rendered":"Super Boof CBD"},"content":{"rendered":"<p>The Tree CBD vous apporte les <a href=\"https:\/\/thetreecbd.com\/fr\/fleurs-cbd\">fleurs de CBD<\/a> de la <strong>vari\u00e9t\u00e9 Super Boof CBD<\/strong>, une fleur avec une g\u00e9n\u00e9tique exclusive en Europe. Ces bourgeons CBD sont <strong>une vari\u00e9t\u00e9 de cannabis hybride p\u00e9tillante obtenue gr\u00e2ce \u00e0 une s\u00e9lection de plantes issues d&#8217;une s\u00e9lection exclusive de g\u00e9n\u00e9tiques certifi\u00e9es.<\/strong><\/p>\n<p>Les bourgeons bien form\u00e9s et compacts ont les <strong>formes coniques d&#8217;un hybride \u00e0 pr\u00e9dominance indica<\/strong>. Ces bourgeons \u00e9pais ont des <strong>tons verts et fonc\u00e9s.<\/strong><\/p>\n<p>Cette vari\u00e9t\u00e9 est bien connue pour son ar\u00f4me exclusif qui ne laisse personne indiff\u00e9rent. Les bourgeons de cette g\u00e9n\u00e9tique ont <strong>un ar\u00f4me intense, dans lequel ressortent les nuances fruit\u00e9es, en particulier les agrumes.<\/strong><\/p>\n<p>Le terp\u00e8ne dominant est le myrc\u00e8ne, qui se traduit par des notes terreuses et de cerise. Son odeur intense compl\u00e8te votre exp\u00e9rience avec <strong>cette fleur de CBD qui contient entre 11% de CBD.<\/strong><\/p>\n<p>A vue, ses bourgeons r\u00e9pondent aux <strong>caract\u00e9ristiques typiques des vari\u00e9t\u00e9s Indica. Rondes, bien form\u00e9es et arrondies,<\/strong> ces t\u00eates pr\u00e9sentent une gamme de couleurs vert vif qui culminent en une fine mais \u00e9vidente couche de trichomes, ajoutant \u00e0 cette vari\u00e9t\u00e9 la touche collante attendue. De plus, <strong>cette vari\u00e9t\u00e9 est cultiv\u00e9e de mani\u00e8re 100% naturelle, sans utiliser d&#8217;additifs ni de pesticides d&#8217;aucune sorte.<\/strong><\/p>\n<p>De plus, comme <strong>ils contiennent moins de 0,20 % de THC,<\/strong> ils sont totalement l\u00e9gaux dans toute l&#8217;Europe <strong>et n&#8217;ont aucun effet psychoactif d&#8217;aucune sorte.<\/strong><\/p>\n<h2>Caract\u00e9ristiques du Cannabis L\u00e9gal Super Boof CBD<\/h2>\n<p>Bourgeons de chanvre<br \/>\n11% CBD<br \/>\nMoins de 0,20 % de THC<br \/>\nG\u00e9n\u00e9tique : semence certifi\u00e9e UE<br \/>\ndominante indica<br \/>\nAucun effet psychoactif<br \/>\nde culture biologique<br \/>\nSans OGM<br \/>\nsans pesticides<\/p>\n<h2>Ar\u00f4me Super Boof CBD<\/h2>\n<p>Les terp\u00e8nes peuvent \u00eatre trouv\u00e9s dans la plupart des huiles essentielles de nombreuses plantes, fleurs et fruits, ils sont charg\u00e9s de fournir l&#8217;odeur et la saveur. Dans le cannabis, nous pouvons trouver un large profil de terp\u00e8nes.<\/p>\n<p>The Tree&#8217;s Super Boof CBD a une <strong>odeur tr\u00e8s caract\u00e9ristique de fleurs et de fruits, avec une touche d&#8217;agrumes<\/strong>. Des ar\u00f4mes sucr\u00e9s se sont rapidement propag\u00e9s au nez, laissant les narines capter des ar\u00f4mes floraux et d&#8217;agrumes. Apr\u00e8s s&#8217;\u00eatre ajust\u00e9 \u00e0 l&#8217;explosion fruit\u00e9e, des notes de miel peuvent \u00e9galement \u00eatre per\u00e7ues, avec une finale humide et p\u00e9tillante.<\/p>\n<h2>Utilisateur auquel il est destin\u00e9<\/h2>\n<p>Les fleurs de culture en plein air ou en plein air sont destin\u00e9es <strong>\u00e0 ceux qui recherchent un produit naturel et abordable.<\/strong><\/p>\n<p>C&#8217;est pourquoi la culture en plein air ou en plein air est une m\u00e9thode tr\u00e8s appr\u00e9ci\u00e9e des plus romantiques du cannabis, car la variabilit\u00e9 environnementale qu&#8217;une plante peut subir ne doit pas l&#8217;emp\u00eacher de produire d&#8217;excellents fruits \u00e0 la fin de son cycle de vie.<\/p>\n<p>C&#8217;est vrai, les rayons du soleil peuvent assombrir un peu plus la couleur du bourgeon, mais, peut-\u00eatre, tout n&#8217;est pas apparence dans cette vie, mais d&#8217;autres aspects doivent \u00e9galement \u00eatre valoris\u00e9s, comme, par exemple, qu&#8217;il est g\u00e9n\u00e9ralement plus durable et \u00e9conomique.<\/p>\n<p><strong>Du point de vue des acheteurs, la fleur CBD d&#8217;ext\u00e9rieur offre un produit plus abordable car elle est souvent plus durable et moins ch\u00e8re \u00e0 produire.<\/strong><\/p>\n<h2>Information de s\u00e9curit\u00e9<\/h2>\n<p>Gardez \u00e0 l&#8217;esprit que les bourgeons CBD de The Tree sont un produit d\u00e9coratif, de collection et aromatique. Ils ne doivent pas \u00eatre utilis\u00e9s pendant la grossesse ou l&#8217;allaitement. Garder hors de la port\u00e9e des enfants.<\/p>\n<p>Nos bourgeons CBD sont des fleurs de chanvre sans r\u00e9sine et non psychoactives, cultiv\u00e9es \u00e0 partir de graines certifi\u00e9es, sans additifs, avec un maximum de 0,3 % de THC ou un indice de psychoactivit\u00e9 inf\u00e9rieur \u00e0 1. Type de fibre Cannabis selon le manuel ST\/NAR 40 United nations. Produit d\u00e9coratif, aromatique et collecteur. Son ingestion, inhalation ou usage th\u00e9rapeutique est interdit. La soci\u00e9t\u00e9 n&#8217;est pas responsable de toute utilisation contraire \u00e0 la loi ou \u00e0 ces indications. Sa vente aux mineurs est interdite. Garder loin des enfants<\/p>\n<p>Le contenu fourni est uniquement \u00e0 des fins d&#8217;information et de formation et ne se substitue en aucun cas \u00e0 l&#8217;avis m\u00e9dical d&#8217;un m\u00e9decin ou d&#8217;un pharmacien. Nos textes ne sont pas destin\u00e9s au diagnostic et au traitement ind\u00e9pendants des maladies.<\/p>\n<p>N&#8217;h\u00e9sitez pas \u00e0 nous contacter si vous avez d&#8217;autres questions.<\/p>\n<h2><strong>Stockage<\/strong><\/h2>\n<p>Id\u00e9alement, les bourgeons CBD de The Tree doivent \u00eatre stock\u00e9s dans un endroit frais et sec, \u00e0 l&#8217;abri des odeurs l\u00e9g\u00e8res et fortes pour \u00e9viter tout type de contamination et\/ou de d\u00e9gradation des bourgeons. \u00c9vitez la lumi\u00e8re directe du soleil et la chaleur.<\/p>\n<p><strong>Attention : La dur\u00e9e de conservation indiqu\u00e9e est d&#8217;un mois si stock\u00e9 correctement.<\/strong><\/p>\n","protected":false},"excerpt":{"rendered":"<ul>\n<li><strong>Bourgeons de chanvre<\/strong><\/li>\n<li><strong>11% de CBD<\/strong><\/li>\n<li><strong>Moins de 0,20% de THC<\/strong><\/li>\n<li><span style=\"font-weight: 400;\">G\u00e9n\u00e9tique: semences certifi\u00e9es UE<\/span><\/li>\n<li>Vari\u00e9t\u00e9 \u00e0 <strong>dominante Indica<\/strong><\/li>\n<li><strong>Aucun effet psychoactif<\/strong><\/li>\n<li><strong>Cultiv\u00e9 biologiquement<\/strong><\/li>\n<li><span style=\"font-weight: 400;\">Sans OGM<\/span><\/li>\n<li><span style=\"font-weight: 400;\">Sans pesticides<br \/>\n<\/span><\/li>\n<\/ul>\n<p>&nbsp;<\/p>\n","protected":false},"featured_media":117277,"template":"","meta":{"_acf_changed":false},"product_brand":[],"class_list":{"0":"post-117023","1":"product","2":"type-product","3":"status-publish","4":"has-post-thumbnail","6":"product_cat-outdoor","7":"product_cat-fleurs-cbd","8":"product_cat-cbd-concentrees-20","10":"first","11":"instock","12":"taxable","13":"shipping-taxable","14":"purchasable","15":"product-type-variable","16":"has-default-attributes"},"acf":[],"yoast_head":"<!-- This site is optimized with the Yoast SEO plugin v26.3 - https:\/\/yoast.com\/wordpress\/plugins\/seo\/ -->\n<title>Super Boof CBD - 11% CBD. Cannabis l\u00e9galis\u00e9 | The Tree CBD<\/title>\n<meta name=\"description\" content=\"Testez Super Boof CBD. Des t\u00eates de cannabis hybrides \u00e0 Indica dominant \u00e0 l&#039;arome intense et aux tonalit\u00e9s fruit\u00e9es. 11% de CBD et moins de 0,2% de THC\" \/>\n<meta name=\"robots\" content=\"index, follow, max-snippet:-1, max-image-preview:large, max-video-preview:-1\" \/>\n<link rel=\"canonical\" href=\"https:\/\/thetreecbd.com\/fr\/boutique\/green-cure-cbd\" \/>\n<meta property=\"og:locale\" content=\"fr_FR\" \/>\n<meta property=\"og:type\" content=\"article\" \/>\n<meta property=\"og:title\" content=\"Super Boof CBD - 11% CBD. Cannabis l\u00e9galis\u00e9 | The Tree CBD\" \/>\n<meta property=\"og:description\" content=\"Testez Super Boof CBD. Des t\u00eates de cannabis hybrides \u00e0 Indica dominant \u00e0 l&#039;arome intense et aux tonalit\u00e9s fruit\u00e9es. 11% de CBD et moins de 0,2% de THC\" \/>\n<meta property=\"og:url\" content=\"https:\/\/thetreecbd.com\/fr\/boutique\/green-cure-cbd\/\" \/>\n<meta property=\"og:site_name\" content=\"The Tree CBD\" \/>\n<meta property=\"article:publisher\" content=\"https:\/\/www.facebook.com\/thetreeCBD\/\" \/>\n<meta property=\"article:modified_time\" content=\"2025-06-15T22:00:04+00:00\" \/>\n<meta property=\"og:image\" content=\"https:\/\/thetreecbd.com\/wp-content\/uploads\/2023\/05\/super-boof-cbd.jpg\" \/>\n\t<meta property=\"og:image:width\" content=\"595\" \/>\n\t<meta property=\"og:image:height\" content=\"714\" \/>\n\t<meta property=\"og:image:type\" content=\"image\/jpeg\" \/>\n<meta name=\"twitter:card\" content=\"summary_large_image\" \/>\n<meta name=\"twitter:site\" content=\"@TheTreeCBD_EU\" \/>\n<meta name=\"twitter:label1\" content=\"Dur\u00e9e de lecture estim\u00e9e\" \/>\n\t<meta name=\"twitter:data1\" content=\"4 minutes\" \/>\n<script type=\"application\/ld+json\" class=\"yoast-schema-graph\">{\"@context\":\"https:\/\/schema.org\",\"@graph\":[{\"@type\":[\"WebPage\",\"ItemPage\"],\"@id\":\"https:\/\/thetreecbd.com\/fr\/cbd\/fleurs-cbd-outdoor-super-boof\",\"url\":\"https:\/\/thetreecbd.com\/fr\/boutique\/green-cure-cbd\/\",\"name\":\"Super Boof CBD - 11% CBD. Cannabis l\u00e9galis\u00e9 | The Tree CBD\",\"isPartOf\":{\"@id\":\"https:\/\/thetreecbd.com\/fr#website\"},\"primaryImageOfPage\":{\"@id\":\"https:\/\/thetreecbd.com\/fr\/boutique\/green-cure-cbd\/#primaryimage\"},\"image\":{\"@id\":\"https:\/\/thetreecbd.com\/fr\/boutique\/green-cure-cbd\/#primaryimage\"},\"thumbnailUrl\":\"https:\/\/thetreecbd.com\/wp-content\/uploads\/2023\/05\/super-boof-cbd.jpg\",\"datePublished\":\"2023-05-02T11:42:57+00:00\",\"dateModified\":\"2025-06-15T22:00:04+00:00\",\"description\":\"Testez Super Boof CBD. Des t\u00eates de cannabis hybrides \u00e0 Indica dominant \u00e0 l'arome intense et aux tonalit\u00e9s fruit\u00e9es. 11% de CBD et moins de 0,2% de THC\",\"breadcrumb\":{\"@id\":\"https:\/\/thetreecbd.com\/fr\/boutique\/green-cure-cbd\/#breadcrumb\"},\"inLanguage\":\"fr-FR\",\"potentialAction\":[{\"@type\":\"ReadAction\",\"target\":[\"https:\/\/thetreecbd.com\/fr\/boutique\/green-cure-cbd\/\"]}]},{\"@type\":\"ImageObject\",\"inLanguage\":\"fr-FR\",\"@id\":\"https:\/\/thetreecbd.com\/fr\/boutique\/green-cure-cbd\/#primaryimage\",\"url\":\"https:\/\/thetreecbd.com\/wp-content\/uploads\/2023\/05\/super-boof-cbd.jpg\",\"contentUrl\":\"https:\/\/thetreecbd.com\/wp-content\/uploads\/2023\/05\/super-boof-cbd.jpg\",\"width\":595,\"height\":714,\"caption\":\"super-boof-cbd\"},{\"@type\":\"BreadcrumbList\",\"@id\":\"https:\/\/thetreecbd.com\/fr\/boutique\/green-cure-cbd\/#breadcrumb\",\"itemListElement\":[{\"@type\":\"ListItem\",\"position\":1,\"name\":\"The Tree\",\"item\":\"https:\/\/thetreecbd.com\/fr\"},{\"@type\":\"ListItem\",\"position\":2,\"name\":\"CBD\",\"item\":\"https:\/\/thetreecbd.com\/es\/cbd\"},{\"@type\":\"ListItem\",\"position\":3,\"name\":\"Fleurs de chanvre. Fleurs de CBD\",\"item\":\"https:\/\/thetreecbd.com\/fr\/fleurs-cbd\"},{\"@type\":\"ListItem\",\"position\":4,\"name\":\"Fleurs de CBD d'ext\u00e9rieur\",\"item\":\"https:\/\/thetreecbd.com\/fr\/fleurs-cbd\/outdoor\"},{\"@type\":\"ListItem\",\"position\":5,\"name\":\"Super Boof CBD\"}]},{\"@type\":\"WebSite\",\"@id\":\"https:\/\/thetreecbd.com\/fr#website\",\"url\":\"https:\/\/thetreecbd.com\/fr\",\"name\":\"The Tree CBD\",\"description\":\"Comprar CBD en Espa\u00f1a Online\",\"publisher\":{\"@id\":\"https:\/\/thetreecbd.com\/fr#organization\"},\"potentialAction\":[{\"@type\":\"SearchAction\",\"target\":{\"@type\":\"EntryPoint\",\"urlTemplate\":\"https:\/\/thetreecbd.com\/fr?s={search_term_string}\"},\"query-input\":{\"@type\":\"PropertyValueSpecification\",\"valueRequired\":true,\"valueName\":\"search_term_string\"}}],\"inLanguage\":\"fr-FR\"},{\"@type\":\"Organization\",\"@id\":\"https:\/\/thetreecbd.com\/fr#organization\",\"name\":\"The Tree CBD\",\"url\":\"https:\/\/thetreecbd.com\/fr\",\"logo\":{\"@type\":\"ImageObject\",\"inLanguage\":\"fr-FR\",\"@id\":\"https:\/\/thetreecbd.com\/fr#\/schema\/logo\/image\/\",\"url\":\"https:\/\/thetreecbd.com\/wp-content\/uploads\/2022\/04\/logo-thetree.png\",\"contentUrl\":\"https:\/\/thetreecbd.com\/wp-content\/uploads\/2022\/04\/logo-thetree.png\",\"width\":172,\"height\":55,\"caption\":\"The Tree CBD\"},\"image\":{\"@id\":\"https:\/\/thetreecbd.com\/fr#\/schema\/logo\/image\/\"},\"sameAs\":[\"https:\/\/www.facebook.com\/thetreeCBD\/\",\"https:\/\/x.com\/TheTreeCBD_EU\",\"https:\/\/www.instagram.com\/thetree.cbd\/\",\"https:\/\/es.trustpilot.com\/review\/thetreecbd.com\"]}]}<\/script>\n<!-- \/ Yoast SEO plugin. -->","yoast_head_json":{"title":"Super Boof CBD - 11% CBD. Cannabis l\u00e9galis\u00e9 | The Tree CBD","description":"Testez Super Boof CBD. Des t\u00eates de cannabis hybrides \u00e0 Indica dominant \u00e0 l'arome intense et aux tonalit\u00e9s fruit\u00e9es. 11% de CBD et moins de 0,2% de THC","robots":{"index":"index","follow":"follow","max-snippet":"max-snippet:-1","max-image-preview":"max-image-preview:large","max-video-preview":"max-video-preview:-1"},"canonical":"https:\/\/thetreecbd.com\/fr\/boutique\/green-cure-cbd","og_locale":"fr_FR","og_type":"article","og_title":"Super Boof CBD - 11% CBD. Cannabis l\u00e9galis\u00e9 | The Tree CBD","og_description":"Testez Super Boof CBD. Des t\u00eates de cannabis hybrides \u00e0 Indica dominant \u00e0 l'arome intense et aux tonalit\u00e9s fruit\u00e9es. 11% de CBD et moins de 0,2% de THC","og_url":"https:\/\/thetreecbd.com\/fr\/boutique\/green-cure-cbd\/","og_site_name":"The Tree CBD","article_publisher":"https:\/\/www.facebook.com\/thetreeCBD\/","article_modified_time":"2025-06-15T22:00:04+00:00","og_image":[{"width":595,"height":714,"url":"https:\/\/thetreecbd.com\/wp-content\/uploads\/2023\/05\/super-boof-cbd.jpg","type":"image\/jpeg"}],"twitter_card":"summary_large_image","twitter_site":"@TheTreeCBD_EU","twitter_misc":{"Dur\u00e9e de lecture estim\u00e9e":"4 minutes"},"schema":{"@context":"https:\/\/schema.org","@graph":[{"@type":["WebPage","ItemPage"],"@id":"https:\/\/thetreecbd.com\/fr\/cbd\/fleurs-cbd-outdoor-super-boof","url":"https:\/\/thetreecbd.com\/fr\/boutique\/green-cure-cbd\/","name":"Super Boof CBD - 11% CBD. Cannabis l\u00e9galis\u00e9 | The Tree CBD","isPartOf":{"@id":"https:\/\/thetreecbd.com\/fr#website"},"primaryImageOfPage":{"@id":"https:\/\/thetreecbd.com\/fr\/boutique\/green-cure-cbd\/#primaryimage"},"image":{"@id":"https:\/\/thetreecbd.com\/fr\/boutique\/green-cure-cbd\/#primaryimage"},"thumbnailUrl":"https:\/\/thetreecbd.com\/wp-content\/uploads\/2023\/05\/super-boof-cbd.jpg","datePublished":"2023-05-02T11:42:57+00:00","dateModified":"2025-06-15T22:00:04+00:00","description":"Testez Super Boof CBD. Des t\u00eates de cannabis hybrides \u00e0 Indica dominant \u00e0 l'arome intense et aux tonalit\u00e9s fruit\u00e9es. 11% de CBD et moins de 0,2% de THC","breadcrumb":{"@id":"https:\/\/thetreecbd.com\/fr\/boutique\/green-cure-cbd\/#breadcrumb"},"inLanguage":"fr-FR","potentialAction":[{"@type":"ReadAction","target":["https:\/\/thetreecbd.com\/fr\/boutique\/green-cure-cbd\/"]}]},{"@type":"ImageObject","inLanguage":"fr-FR","@id":"https:\/\/thetreecbd.com\/fr\/boutique\/green-cure-cbd\/#primaryimage","url":"https:\/\/thetreecbd.com\/wp-content\/uploads\/2023\/05\/super-boof-cbd.jpg","contentUrl":"https:\/\/thetreecbd.com\/wp-content\/uploads\/2023\/05\/super-boof-cbd.jpg","width":595,"height":714,"caption":"super-boof-cbd"},{"@type":"BreadcrumbList","@id":"https:\/\/thetreecbd.com\/fr\/boutique\/green-cure-cbd\/#breadcrumb","itemListElement":[{"@type":"ListItem","position":1,"name":"The Tree","item":"https:\/\/thetreecbd.com\/fr"},{"@type":"ListItem","position":2,"name":"CBD","item":"https:\/\/thetreecbd.com\/es\/cbd"},{"@type":"ListItem","position":3,"name":"Fleurs de chanvre. Fleurs de CBD","item":"https:\/\/thetreecbd.com\/fr\/fleurs-cbd"},{"@type":"ListItem","position":4,"name":"Fleurs de CBD d'ext\u00e9rieur","item":"https:\/\/thetreecbd.com\/fr\/fleurs-cbd\/outdoor"},{"@type":"ListItem","position":5,"name":"Super Boof CBD"}]},{"@type":"WebSite","@id":"https:\/\/thetreecbd.com\/fr#website","url":"https:\/\/thetreecbd.com\/fr","name":"The Tree CBD","description":"Comprar CBD en Espa\u00f1a Online","publisher":{"@id":"https:\/\/thetreecbd.com\/fr#organization"},"potentialAction":[{"@type":"SearchAction","target":{"@type":"EntryPoint","urlTemplate":"https:\/\/thetreecbd.com\/fr?s={search_term_string}"},"query-input":{"@type":"PropertyValueSpecification","valueRequired":true,"valueName":"search_term_string"}}],"inLanguage":"fr-FR"},{"@type":"Organization","@id":"https:\/\/thetreecbd.com\/fr#organization","name":"The Tree CBD","url":"https:\/\/thetreecbd.com\/fr","logo":{"@type":"ImageObject","inLanguage":"fr-FR","@id":"https:\/\/thetreecbd.com\/fr#\/schema\/logo\/image\/","url":"https:\/\/thetreecbd.com\/wp-content\/uploads\/2022\/04\/logo-thetree.png","contentUrl":"https:\/\/thetreecbd.com\/wp-content\/uploads\/2022\/04\/logo-thetree.png","width":172,"height":55,"caption":"The Tree CBD"},"image":{"@id":"https:\/\/thetreecbd.com\/fr#\/schema\/logo\/image\/"},"sameAs":["https:\/\/www.facebook.com\/thetreeCBD\/","https:\/\/x.com\/TheTreeCBD_EU","https:\/\/www.instagram.com\/thetree.cbd\/","https:\/\/es.trustpilot.com\/review\/thetreecbd.com"]}]}},"_links":{"self":[{"href":"https:\/\/thetreecbd.com\/fr\/wp-json\/wp\/v2\/product\/117023","targetHints":{"allow":["GET"]}}],"collection":[{"href":"https:\/\/thetreecbd.com\/fr\/wp-json\/wp\/v2\/product"}],"about":[{"href":"https:\/\/thetreecbd.com\/fr\/wp-json\/wp\/v2\/types\/product"}],"version-history":[{"count":0,"href":"https:\/\/thetreecbd.com\/fr\/wp-json\/wp\/v2\/product\/117023\/revisions"}],"wp:featuredmedia":[{"embeddable":true,"href":"https:\/\/thetreecbd.com\/fr\/wp-json\/wp\/v2\/media\/117277"}],"wp:attachment":[{"href":"https:\/\/thetreecbd.com\/fr\/wp-json\/wp\/v2\/media?parent=117023"}],"wp:term":[{"taxonomy":"product_brand","embeddable":true,"href":"https:\/\/thetreecbd.com\/fr\/wp-json\/wp\/v2\/product_brand?post=117023"}],"curies":[{"name":"wp","href":"https:\/\/api.w.org\/{rel}","templated":true}]}}