{"id":120159,"date":"2023-06-22T16:40:41","date_gmt":"2023-06-22T14:40:41","guid":{"rendered":"https:\/\/thetreecbd.com\/?post_type=product&#038;p=120159"},"modified":"2025-07-07T11:05:55","modified_gmt":"2025-07-07T09:05:55","slug":"huile-cbd-cbn-dormir","status":"publish","type":"product","link":"https:\/\/thetreecbd.com\/fr\/cbd\/huile-cbd-cbn-dormir","title":{"rendered":"Night Time Oil 15 % : CBD + CBN d&#8217;huile pour dormir. Avec pasiflore et ar\u00f4me de myrtilles."},"content":{"rendered":"<p>The Tree CBD vous propose cette Night Time Oil : <strong>huile CBD et CBN id\u00e9ale pour dormir<\/strong>. L&#8217;huile <strong>CBD + CBN 15% \u00e0 spectre complet<\/strong> est fabriqu\u00e9e \u00e0 partir d&#8217;extrait de fleur de chanvre et contient tous les composants actifs du chanvre. De plus, pour renforcer son effet, nous avons ajout\u00e9 de la pasiflore et de l&#8217;ar\u00f4me de myrtille pour am\u00e9liorer l&#8217;exp\u00e9rience utilisateur.<\/p>\n<p>Cette <a href=\"https:\/\/thetreecbd.com\/fr\/huiles-cbd\">huile de CBD<\/a> a \u00e9t\u00e9 fabriqu\u00e9e sans solvants : exempte d&#8217;alcools, de gaz ou d&#8217;autres solvants plus agressifs pour l&#8217;extraction. Alors que l&#8217;huile \u00e0 spectre complet ne retient pas le THC de la plante ; <strong>Cette huile de CBD \u00e0 spectre complet pr\u00e9serve le THC de la plante, bien que toujours inf\u00e9rieur \u00e0 0,2 %.<\/strong><\/p>\n<p>De plus,<strong> l&#8217;huile de CBD Full Spectrum 15%<\/strong> est \u00e9galement diff\u00e9rente de Broad Spectrum. En pr\u00e9servant tous les composants de la plante et en \u00e9tant filtr\u00e9e, sa couleur est jaune dor\u00e9, semblable \u00e0 l&#8217;huile et malgr\u00e9 tout, elle continue \u00e0 maintenir la puret\u00e9 de l&#8217;huile ; par rapport \u00e0 l&#8217;huile \u00e0 large spectre car il s&#8217;agit d&#8217;une huile plus transparente et claire.<\/p>\n<p>De cette fa\u00e7on, l&#8217;huile The Tree CBD pr\u00e9serve tous les composants de la fleur de chanvre et ses propri\u00e9t\u00e9s, apportant principalement du cannabidiol (CBD) 20%, et des parties mineures de CBG, CBF, CBN, CBC et plus de 40 terp\u00e8nes pr\u00e9sents naturellement dans le chanvre . Cette solution contient le spectre complet de la plante.<\/p>\n<h2>Composants et aspect de l&#8217;huile<\/h2>\n<p>Night Time Oil est un produit innovant de The Tree CBD et est livr\u00e9 avec diff\u00e9rents composants pour am\u00e9liorer l&#8217;exp\u00e9rience de celui qui l&#8217;ach\u00e8te et obtenir des r\u00e9sultats surprenants.<\/p>\n<p>Pour commencer, on a affaire \u00e0 une huile \u00e0 spectre complet, c&#8217;est-\u00e0-dire qu&#8217;elle poss\u00e8de tous les composants actifs pr\u00e9sents dans la plante. D&#8217;une part on retrouve le CBD, le principal principe actif du reste des huiles que nous vous proposons chez The Tree CBD.<\/p>\n<h3>CBD et ses propri\u00e9t\u00e9s<\/h3>\n<p>D&#8217;une part, <strong>le CBD nous apporte ses propri\u00e9t\u00e9s anxiolytiques qui peuvent aider \u00e0 r\u00e9duire le stress et l&#8217;anxi\u00e9t\u00e9 sp\u00e9cifique<\/strong> (d&#8217;apr\u00e8s l&#8217;\u00e9tude Wright, M., Di Ciano, P., &amp; Brands, B. (2020). Use of cannabidiol for the traitement de l&#8217;anxi\u00e9t\u00e9\u00a0: une courte synth\u00e8se des preuves pr\u00e9cliniques et cliniques. Recherche sur le cannabis et les cannabino\u00efdes, 5(3), 191-196. doi.org\/10.1089\/can.2019.0052,)<\/p>\n<p>Gr\u00e2ce \u00e0 ces propri\u00e9t\u00e9s anxiolytiques qui sont attribu\u00e9es au CBD dans l&#8217;\u00e9tude Wright &amp; Brands, l<strong>&#8216;un des avantages que le CBD peut nous apporter est sa capacit\u00e9 \u00e0 vous aider \u00e0 mieux vous endormir<\/strong>, car en r\u00e9duisant les niveaux de stress et d&#8217;anxi\u00e9t\u00e9, nous aide \u00e0 trouver un meilleur d\u00e9tente et donc un meilleur sommeil.<\/p>\n<h3>Le CBN et ses propri\u00e9t\u00e9s<\/h3>\n<p>Le cannabinol, mieux connu sous le nom de CBN, est un autre des cannabino\u00efdes organiques pr\u00e9sents dans la plante de cannabis. Appartenant \u00e0 la famille des cannabino\u00efdes, il s&#8217;agit, contrairement au CBD, d&#8217;un cannabino\u00efde mineur, puisqu&#8217;on le trouve en petite quantit\u00e9 dans la plante de cannabis et sa production est plus compliqu\u00e9e que celle du CBD.<\/p>\n<p><strong>Le CBN n&#8217;a aucun effet psychotrope, il est totalement inoffensif pour la sant\u00e9 humaine et poss\u00e8de des propri\u00e9t\u00e9s tr\u00e8s int\u00e9ressantes.<\/strong><\/p>\n<p>Comme la plupart des cannabino\u00efdes, le CBN affecte \u00e9galement le corps humain en interagissant avec les r\u00e9cepteurs du syst\u00e8me endocannabino\u00efde (ECS) qui existent chez les mammif\u00e8res.<\/p>\n<p>Le syst\u00e8me endocannabino\u00efde influence de nombreux processus physiologiques, r\u00e9gulant une grande partie de nos fonctions m\u00e9taboliques telles que l&#8217;app\u00e9tit, le sommeil, la panique, les d\u00e9fenses&#8230; entre autres, comme l&#8217;indique l&#8217;\u00e9tude de Kim, H. Y., Ahn, S.H., Yang, I.J., Park , S.Y., &amp; Kim, K. (2020). Effet du traitement Hataedock sur le maintien de la structure \u00e9pidermique gr\u00e2ce \u00e0 une intervention dans le syst\u00e8me endocannabino\u00efde. M\u00e9decine compl\u00e9mentaire et alternative fond\u00e9e sur des preuves, 2020.<\/p>\n<p>S&#8217;il est vrai que les \u00e9tudes men\u00e9es sont encore tr\u00e8s pr\u00e9liminaires et n\u00e9cessitent davantage de recherches, les premiers r\u00e9sultats montrent que l<strong>e CBN pourrait aider \u00e0 r\u00e9guler des processus physiologiques aussi importants que le sommeil ou l&#8217;app\u00e9tit.<\/strong><\/p>\n<p>Un autre avantage important d\u00e9couvert dans les \u00e9tudes est que le CBN ne produit aucun effet psychotrope malgr\u00e9 sa relation avec le THC.<\/p>\n<p>Un avantage important du CBN est que, malgr\u00e9 sa relation avec le THC, il ne produit pas d&#8217;effets psychotropes.<\/p>\n<h2>Pourquoi choisir cette huile pour dormir ?<\/h2>\n<p>La vie est pleine de distractions qui emp\u00eachent souvent notre corps d&#8217;obtenir le sommeil r\u00e9parateur dont nous avons besoin.<\/p>\n<p><strong>L&#8217;Huile de Nuit au CBN et \u00e0 la Pasiflore, gr\u00e2ce \u00e0 son infusion de pasiflore, aide \u00e0 r\u00e9duire le temps d&#8217;endormissement.<\/strong><\/p>\n<p>Malgr\u00e9 le fait que la pasiflore soit une hormone que notre corps produit naturellement, il y a toujours de multiples facteurs dans notre vie quotidienne qui peuvent interrompre sa production. Et c&#8217;est l\u00e0 que cette huile peut \u00eatre tr\u00e8s utile.<\/p>\n<h2>Caract\u00e9ristiques de Night Time Oil avec CBD et CBN<\/h2>\n<p>Huile MCT<br \/>\n10% CBD par goutte (5 mg par goutte).<br \/>\n5 % de CBN par goutte (2,5 mg par goutte)<br \/>\nInfusion de pasiflore<br \/>\nparfum de myrtille<br \/>\nR\u00e9cipient doseur de 10 ml.<br \/>\nAgriculture biologique, sans pesticides ni produits chimiques nocifs.<br \/>\nContient moins de 0,2 % de THC<\/p>\n<h2>Ingr\u00e9dients de Night Time Oil avec CBD et CBN<\/h2>\n<p>Huile MCT, CBD, CBN, ar\u00f4me myrtille et pasiflore.<\/p>\n<h2>Parfum de myrtille<\/h2>\n<p>Bien que dans certains endroits, il soit m\u00eame d\u00e9crit comme \u00e9pic\u00e9, l&#8217;ar\u00f4me des myrtilles n&#8217;est pas du tout un ar\u00f4me fort, mais plut\u00f4t riche et doux.<\/p>\n<p><strong>En aromath\u00e9rapie, il est utilis\u00e9 pour cr\u00e9er une atmosph\u00e8re calme qui aide \u00e0 dormir paisiblement.<\/strong><\/p>\n<h2>Utilisateur auquel il est destin\u00e9<\/h2>\n<p><strong>L&#8217;huile de nuit au CBD et au CBN, comme son nom l&#8217;indique, est indiqu\u00e9e pour les utilisateurs qui cherchent \u00e0 am\u00e9liorer la qualit\u00e9 de leur sommeil.<\/strong><\/p>\n<p>Sa concentration en CBD et CBN est \u00e9lev\u00e9e et elle est recommand\u00e9e aux personnes ayant d\u00e9j\u00e0 une certaine exp\u00e9rience avec ce cannabino\u00efde, son effet \u00e9tant d&#8217;intensit\u00e9 moyenne.<\/p>\n<h2>Information de s\u00e9curit\u00e9<\/h2>\n<p>Veuillez noter que The Tree Night Time Oil avec CBD et CBN est un produit topique. Il ne doit pas \u00eatre utilis\u00e9 pendant la grossesse ou l&#8217;allaitement. Garder hors de la port\u00e9e des enfants.<\/p>\n<p><strong>Le contenu fourni est uniquement \u00e0 des fins d&#8217;information et de formation et ne se substitue en aucun cas \u00e0 l&#8217;avis m\u00e9dical d&#8217;un m\u00e9decin ou d&#8217;un pharmacien. Nos textes ne sont pas destin\u00e9s au diagnostic et au traitement ind\u00e9pendants des maladies.<\/strong><\/p>\n<p>N&#8217;h\u00e9sitez pas \u00e0 nous contacter si vous avez d&#8217;autres questions.<\/p>\n<h2>Stockage<\/h2>\n<p>Id\u00e9alement, l&#8217;huile de CBD The Tree doit \u00eatre conserv\u00e9e dans un endroit frais et sec, \u00e0 l&#8217;abri des odeurs l\u00e9g\u00e8res et fortes pour \u00e9viter tout type de contamination. \u00c9vitez la lumi\u00e8re directe du soleil et la chaleur.<\/p>\n<p>Conserver dans un endroit frais et sec. Tenir hors de port\u00e9e des enfants.<\/p>\n<p>Attention : La dur\u00e9e de conservation indiqu\u00e9e est de deux ans si elle est conserv\u00e9e correctement.<\/p>\n","protected":false},"excerpt":{"rendered":"<ul>\n<li><strong>Huile MCT<\/strong><\/li>\n<li><strong>10% CBD par goutte (5 mg par goutte).<\/strong><\/li>\n<li><strong>5 % de CBN par goutte (2,5 mg par goutte)<\/strong><\/li>\n<li><strong>Infusion de pasiflore<\/strong><\/li>\n<li><strong>Parfum de myrtille<\/strong><\/li>\n<li>R\u00e9cipient doseur de 10 ml.<\/li>\n<li>Agriculture biologique, sans pesticides ni produits chimiques nocifs.<\/li>\n<li>Contient moins de 0,2 % de THC<\/li>\n<\/ul>\n","protected":false},"featured_media":178375,"template":"","meta":{"_acf_changed":false},"product_brand":[],"class_list":{"0":"post-120159","1":"product","2":"type-product","3":"status-publish","4":"has-post-thumbnail","6":"product_cat-spectre-complet","7":"product_cat-huiles-cbd","8":"product_cat-huiles-cbd-concentrees-10","9":"product_cat-huiles-cbd-concentrees-20","10":"product_cat-cbd-concentrees-10","11":"product_cat-cbd-concentrees-20","13":"first","14":"outofstock","15":"taxable","16":"shipping-taxable","17":"purchasable","18":"product-type-simple"},"acf":[],"yoast_head":"<!-- This site is optimized with the Yoast SEO plugin v26.3 - https:\/\/yoast.com\/wordpress\/plugins\/seo\/ -->\n<title>Night Time Oil 15 % : CBD + CBN d&#039;huile pour dormir. Avec pasiflore et ar\u00f4me de myrtilles. | The Tree CBD<\/title>\n<meta name=\"description\" content=\"Huile CBD et CBN, au 15% Full Spectrum. A base d&#039;extrait de fleurs de chanvre. Avec tous les composants actifs du chanvre. Ingr\u00e9dients 100% d&#039;origine v\u00e9g\u00e9tale\" \/>\n<meta name=\"robots\" content=\"index, follow, max-snippet:-1, max-image-preview:large, max-video-preview:-1\" \/>\n<link rel=\"canonical\" href=\"https:\/\/thetreecbd.com\/fr\/cbd\/huile-cbd-cbn-dormir\" \/>\n<meta property=\"og:locale\" content=\"fr_FR\" \/>\n<meta property=\"og:type\" content=\"article\" \/>\n<meta property=\"og:title\" content=\"Night Time Oil 15 % : CBD + CBN d&#039;huile pour dormir. Avec pasiflore et ar\u00f4me de myrtilles. | The Tree CBD\" \/>\n<meta property=\"og:description\" content=\"Huile CBD et CBN, au 15% Full Spectrum. A base d&#039;extrait de fleurs de chanvre. Avec tous les composants actifs du chanvre. Ingr\u00e9dients 100% d&#039;origine v\u00e9g\u00e9tale\" \/>\n<meta property=\"og:url\" content=\"https:\/\/thetreecbd.com\/fr\/cbd\/huile-cbd-cbn-dormir\" \/>\n<meta property=\"og:site_name\" content=\"The Tree CBD\" \/>\n<meta property=\"article:publisher\" content=\"https:\/\/www.facebook.com\/thetreeCBD\/\" \/>\n<meta property=\"article:modified_time\" content=\"2025-07-07T09:05:55+00:00\" \/>\n<meta property=\"og:image\" content=\"https:\/\/thetreecbd.com\/wp-content\/uploads\/2023\/06\/NightTime-15-thetree.jpg\" \/>\n\t<meta property=\"og:image:width\" content=\"1080\" \/>\n\t<meta property=\"og:image:height\" content=\"1350\" \/>\n\t<meta property=\"og:image:type\" content=\"image\/jpeg\" \/>\n<meta name=\"twitter:card\" content=\"summary_large_image\" \/>\n<meta name=\"twitter:site\" content=\"@TheTreeCBD_EU\" \/>\n<meta name=\"twitter:label1\" content=\"Dur\u00e9e de lecture estim\u00e9e\" \/>\n\t<meta name=\"twitter:data1\" content=\"6 minutes\" \/>\n<script type=\"application\/ld+json\" class=\"yoast-schema-graph\">{\"@context\":\"https:\/\/schema.org\",\"@graph\":[{\"@type\":[\"WebPage\",\"ItemPage\"],\"@id\":\"https:\/\/thetreecbd.com\/fr\/cbd\/huile-cbd-cbn-dormir\",\"url\":\"https:\/\/thetreecbd.com\/fr\/cbd\/huile-cbd-cbn-dormir\",\"name\":\"Night Time Oil 15 % : CBD + CBN d'huile pour dormir. Avec pasiflore et ar\u00f4me de myrtilles. | The Tree CBD\",\"isPartOf\":{\"@id\":\"https:\/\/thetreecbd.com\/fr#website\"},\"primaryImageOfPage\":{\"@id\":\"https:\/\/thetreecbd.com\/fr\/cbd\/huile-cbd-cbn-dormir#primaryimage\"},\"image\":{\"@id\":\"https:\/\/thetreecbd.com\/fr\/cbd\/huile-cbd-cbn-dormir#primaryimage\"},\"thumbnailUrl\":\"https:\/\/thetreecbd.com\/wp-content\/uploads\/2023\/06\/NightTime-15-thetree.jpg\",\"datePublished\":\"2023-06-22T14:40:41+00:00\",\"dateModified\":\"2025-07-07T09:05:55+00:00\",\"description\":\"Huile CBD et CBN, au 15% Full Spectrum. A base d'extrait de fleurs de chanvre. Avec tous les composants actifs du chanvre. Ingr\u00e9dients 100% d'origine v\u00e9g\u00e9tale\",\"breadcrumb\":{\"@id\":\"https:\/\/thetreecbd.com\/fr\/cbd\/huile-cbd-cbn-dormir#breadcrumb\"},\"inLanguage\":\"fr-FR\",\"potentialAction\":[{\"@type\":\"ReadAction\",\"target\":[\"https:\/\/thetreecbd.com\/fr\/cbd\/huile-cbd-cbn-dormir\"]}]},{\"@type\":\"ImageObject\",\"inLanguage\":\"fr-FR\",\"@id\":\"https:\/\/thetreecbd.com\/fr\/cbd\/huile-cbd-cbn-dormir#primaryimage\",\"url\":\"https:\/\/thetreecbd.com\/wp-content\/uploads\/2023\/06\/NightTime-15-thetree.jpg\",\"contentUrl\":\"https:\/\/thetreecbd.com\/wp-content\/uploads\/2023\/06\/NightTime-15-thetree.jpg\",\"width\":1080,\"height\":1350},{\"@type\":\"BreadcrumbList\",\"@id\":\"https:\/\/thetreecbd.com\/fr\/cbd\/huile-cbd-cbn-dormir#breadcrumb\",\"itemListElement\":[{\"@type\":\"ListItem\",\"position\":1,\"name\":\"The Tree\",\"item\":\"https:\/\/thetreecbd.com\/fr\"},{\"@type\":\"ListItem\",\"position\":2,\"name\":\"CBD\",\"item\":\"https:\/\/thetreecbd.com\/es\/cbd\"},{\"@type\":\"ListItem\",\"position\":3,\"name\":\"Huile de CBD\",\"item\":\"https:\/\/thetreecbd.com\/fr\/huiles-cbd\"},{\"@type\":\"ListItem\",\"position\":4,\"name\":\"Huile CBD \u00e0 spectre complet\",\"item\":\"https:\/\/thetreecbd.com\/fr\/huiles-cbd\/spectre-complet\"},{\"@type\":\"ListItem\",\"position\":5,\"name\":\"Night Time Oil 15 % : CBD + CBN d&#8217;huile pour dormir. Avec pasiflore et ar\u00f4me de myrtilles.\"}]},{\"@type\":\"WebSite\",\"@id\":\"https:\/\/thetreecbd.com\/fr#website\",\"url\":\"https:\/\/thetreecbd.com\/fr\",\"name\":\"The Tree CBD\",\"description\":\"Comprar CBD en Espa\u00f1a Online\",\"publisher\":{\"@id\":\"https:\/\/thetreecbd.com\/fr#organization\"},\"potentialAction\":[{\"@type\":\"SearchAction\",\"target\":{\"@type\":\"EntryPoint\",\"urlTemplate\":\"https:\/\/thetreecbd.com\/fr?s={search_term_string}\"},\"query-input\":{\"@type\":\"PropertyValueSpecification\",\"valueRequired\":true,\"valueName\":\"search_term_string\"}}],\"inLanguage\":\"fr-FR\"},{\"@type\":\"Organization\",\"@id\":\"https:\/\/thetreecbd.com\/fr#organization\",\"name\":\"The Tree CBD\",\"url\":\"https:\/\/thetreecbd.com\/fr\",\"logo\":{\"@type\":\"ImageObject\",\"inLanguage\":\"fr-FR\",\"@id\":\"https:\/\/thetreecbd.com\/fr#\/schema\/logo\/image\/\",\"url\":\"https:\/\/thetreecbd.com\/wp-content\/uploads\/2022\/04\/logo-thetree.png\",\"contentUrl\":\"https:\/\/thetreecbd.com\/wp-content\/uploads\/2022\/04\/logo-thetree.png\",\"width\":172,\"height\":55,\"caption\":\"The Tree CBD\"},\"image\":{\"@id\":\"https:\/\/thetreecbd.com\/fr#\/schema\/logo\/image\/\"},\"sameAs\":[\"https:\/\/www.facebook.com\/thetreeCBD\/\",\"https:\/\/x.com\/TheTreeCBD_EU\",\"https:\/\/www.instagram.com\/thetree.cbd\/\",\"https:\/\/es.trustpilot.com\/review\/thetreecbd.com\"]}]}<\/script>\n<!-- \/ Yoast SEO plugin. -->","yoast_head_json":{"title":"Night Time Oil 15 % : CBD + CBN d'huile pour dormir. Avec pasiflore et ar\u00f4me de myrtilles. | The Tree CBD","description":"Huile CBD et CBN, au 15% Full Spectrum. A base d'extrait de fleurs de chanvre. Avec tous les composants actifs du chanvre. Ingr\u00e9dients 100% d'origine v\u00e9g\u00e9tale","robots":{"index":"index","follow":"follow","max-snippet":"max-snippet:-1","max-image-preview":"max-image-preview:large","max-video-preview":"max-video-preview:-1"},"canonical":"https:\/\/thetreecbd.com\/fr\/cbd\/huile-cbd-cbn-dormir","og_locale":"fr_FR","og_type":"article","og_title":"Night Time Oil 15 % : CBD + CBN d'huile pour dormir. Avec pasiflore et ar\u00f4me de myrtilles. | The Tree CBD","og_description":"Huile CBD et CBN, au 15% Full Spectrum. A base d'extrait de fleurs de chanvre. Avec tous les composants actifs du chanvre. Ingr\u00e9dients 100% d'origine v\u00e9g\u00e9tale","og_url":"https:\/\/thetreecbd.com\/fr\/cbd\/huile-cbd-cbn-dormir","og_site_name":"The Tree CBD","article_publisher":"https:\/\/www.facebook.com\/thetreeCBD\/","article_modified_time":"2025-07-07T09:05:55+00:00","og_image":[{"width":1080,"height":1350,"url":"https:\/\/thetreecbd.com\/wp-content\/uploads\/2023\/06\/NightTime-15-thetree.jpg","type":"image\/jpeg"}],"twitter_card":"summary_large_image","twitter_site":"@TheTreeCBD_EU","twitter_misc":{"Dur\u00e9e de lecture estim\u00e9e":"6 minutes"},"schema":{"@context":"https:\/\/schema.org","@graph":[{"@type":["WebPage","ItemPage"],"@id":"https:\/\/thetreecbd.com\/fr\/cbd\/huile-cbd-cbn-dormir","url":"https:\/\/thetreecbd.com\/fr\/cbd\/huile-cbd-cbn-dormir","name":"Night Time Oil 15 % : CBD + CBN d'huile pour dormir. Avec pasiflore et ar\u00f4me de myrtilles. | The Tree CBD","isPartOf":{"@id":"https:\/\/thetreecbd.com\/fr#website"},"primaryImageOfPage":{"@id":"https:\/\/thetreecbd.com\/fr\/cbd\/huile-cbd-cbn-dormir#primaryimage"},"image":{"@id":"https:\/\/thetreecbd.com\/fr\/cbd\/huile-cbd-cbn-dormir#primaryimage"},"thumbnailUrl":"https:\/\/thetreecbd.com\/wp-content\/uploads\/2023\/06\/NightTime-15-thetree.jpg","datePublished":"2023-06-22T14:40:41+00:00","dateModified":"2025-07-07T09:05:55+00:00","description":"Huile CBD et CBN, au 15% Full Spectrum. A base d'extrait de fleurs de chanvre. Avec tous les composants actifs du chanvre. Ingr\u00e9dients 100% d'origine v\u00e9g\u00e9tale","breadcrumb":{"@id":"https:\/\/thetreecbd.com\/fr\/cbd\/huile-cbd-cbn-dormir#breadcrumb"},"inLanguage":"fr-FR","potentialAction":[{"@type":"ReadAction","target":["https:\/\/thetreecbd.com\/fr\/cbd\/huile-cbd-cbn-dormir"]}]},{"@type":"ImageObject","inLanguage":"fr-FR","@id":"https:\/\/thetreecbd.com\/fr\/cbd\/huile-cbd-cbn-dormir#primaryimage","url":"https:\/\/thetreecbd.com\/wp-content\/uploads\/2023\/06\/NightTime-15-thetree.jpg","contentUrl":"https:\/\/thetreecbd.com\/wp-content\/uploads\/2023\/06\/NightTime-15-thetree.jpg","width":1080,"height":1350},{"@type":"BreadcrumbList","@id":"https:\/\/thetreecbd.com\/fr\/cbd\/huile-cbd-cbn-dormir#breadcrumb","itemListElement":[{"@type":"ListItem","position":1,"name":"The Tree","item":"https:\/\/thetreecbd.com\/fr"},{"@type":"ListItem","position":2,"name":"CBD","item":"https:\/\/thetreecbd.com\/es\/cbd"},{"@type":"ListItem","position":3,"name":"Huile de CBD","item":"https:\/\/thetreecbd.com\/fr\/huiles-cbd"},{"@type":"ListItem","position":4,"name":"Huile CBD \u00e0 spectre complet","item":"https:\/\/thetreecbd.com\/fr\/huiles-cbd\/spectre-complet"},{"@type":"ListItem","position":5,"name":"Night Time Oil 15 % : CBD + CBN d&#8217;huile pour dormir. Avec pasiflore et ar\u00f4me de myrtilles."}]},{"@type":"WebSite","@id":"https:\/\/thetreecbd.com\/fr#website","url":"https:\/\/thetreecbd.com\/fr","name":"The Tree CBD","description":"Comprar CBD en Espa\u00f1a Online","publisher":{"@id":"https:\/\/thetreecbd.com\/fr#organization"},"potentialAction":[{"@type":"SearchAction","target":{"@type":"EntryPoint","urlTemplate":"https:\/\/thetreecbd.com\/fr?s={search_term_string}"},"query-input":{"@type":"PropertyValueSpecification","valueRequired":true,"valueName":"search_term_string"}}],"inLanguage":"fr-FR"},{"@type":"Organization","@id":"https:\/\/thetreecbd.com\/fr#organization","name":"The Tree CBD","url":"https:\/\/thetreecbd.com\/fr","logo":{"@type":"ImageObject","inLanguage":"fr-FR","@id":"https:\/\/thetreecbd.com\/fr#\/schema\/logo\/image\/","url":"https:\/\/thetreecbd.com\/wp-content\/uploads\/2022\/04\/logo-thetree.png","contentUrl":"https:\/\/thetreecbd.com\/wp-content\/uploads\/2022\/04\/logo-thetree.png","width":172,"height":55,"caption":"The Tree CBD"},"image":{"@id":"https:\/\/thetreecbd.com\/fr#\/schema\/logo\/image\/"},"sameAs":["https:\/\/www.facebook.com\/thetreeCBD\/","https:\/\/x.com\/TheTreeCBD_EU","https:\/\/www.instagram.com\/thetree.cbd\/","https:\/\/es.trustpilot.com\/review\/thetreecbd.com"]}]}},"_links":{"self":[{"href":"https:\/\/thetreecbd.com\/fr\/wp-json\/wp\/v2\/product\/120159","targetHints":{"allow":["GET"]}}],"collection":[{"href":"https:\/\/thetreecbd.com\/fr\/wp-json\/wp\/v2\/product"}],"about":[{"href":"https:\/\/thetreecbd.com\/fr\/wp-json\/wp\/v2\/types\/product"}],"version-history":[{"count":0,"href":"https:\/\/thetreecbd.com\/fr\/wp-json\/wp\/v2\/product\/120159\/revisions"}],"wp:featuredmedia":[{"embeddable":true,"href":"https:\/\/thetreecbd.com\/fr\/wp-json\/wp\/v2\/media\/178375"}],"wp:attachment":[{"href":"https:\/\/thetreecbd.com\/fr\/wp-json\/wp\/v2\/media?parent=120159"}],"wp:term":[{"taxonomy":"product_brand","embeddable":true,"href":"https:\/\/thetreecbd.com\/fr\/wp-json\/wp\/v2\/product_brand?post=120159"}],"curies":[{"name":"wp","href":"https:\/\/api.w.org\/{rel}","templated":true}]}}