{"id":120287,"date":"2023-06-27T18:07:07","date_gmt":"2023-06-27T16:07:07","guid":{"rendered":"https:\/\/thetreecbd.com\/?post_type=product&#038;p=120287"},"modified":"2025-12-02T01:37:34","modified_gmt":"2025-12-02T00:37:34","slug":"fleurs-cbd-cali-sweet-kase","status":"publish","type":"product","link":"https:\/\/thetreecbd.com\/fr\/cbd\/fleurs-cbd-cali-sweet-kase","title":{"rendered":"Indoor Cali Sweet Kase: Fleur de CBD par Kase.O"},"content":{"rendered":"<p>Sweet Kase sont les fleurs de CBD de l&#8217;artiste renomm\u00e9 Kase.O, et sont le r\u00e9sultat d&#8217;une collaboration exceptionnelle avec The Tree CBD. Cette collaboration entre deux leaders dans leurs domaines respectifs a abouti \u00e0 une combinaison parfaite d&#8217;art et de bien-\u00eatre.<\/p>\n<p>Chaque fleur est soigneusement cultiv\u00e9e et s\u00e9lectionn\u00e9e pour garantir la qualit\u00e9 et la pr\u00e9sence des fleurs de CBD de Kase.O. Ces fleurs, riches en cannabidiol de premi\u00e8re qualit\u00e9 et avec une finition californienne, vous offrent un ar\u00f4me exceptionnel et incomparable.<\/p>\n<p>Pour cette collaboration, tout comme pour ses paroles et sa musique, les fleurs de CBD de Kase.O sont une expression de sa passion et de sa cr\u00e9ativit\u00e9. Chaque fleur est comme une \u0153uvre d&#8217;art en soi, avec des couleurs vibrantes et des formes coniques \u00e9l\u00e9gantes qui capturent l&#8217;essence de sa vision artistique.<\/p>\n<p>D&#8217;autre part, chez The Tree CBD, une marque leader dans les produits CBD de haute qualit\u00e9, nous avons apport\u00e9 notre expertise dans la production de fleurs et de produits CBD de premi\u00e8re qualit\u00e9. Notre engagement envers la qualit\u00e9 et la puret\u00e9 se refl\u00e8te dans chaque fleur de CBD cr\u00e9\u00e9e en collaboration avec Kase.O.<\/p>\n<p>&nbsp;<\/p>\n<h3>L&#8217;Union Fait la Force<\/h3>\n<p>&nbsp;<\/p>\n<p>Ensemble, Kase.O et The Tree CBD ont r\u00e9ussi \u00e0 \u00e9lever les fleurs de CBD \u00e0 un nouveau niveau. Notre vision partag\u00e9e et notre qu\u00eate d&#8217;excellence ont abouti \u00e0 un r\u00e9sultat unique : l&#8217;une des meilleures fleurs du march\u00e9.<\/p>\n<p>Cette nouvelle vari\u00e9t\u00e9 de fleurs de CBD <b>Sweet Kase<\/b> est un croisement entre Lemon Tree et V1. La plante a h\u00e9rit\u00e9 de la structure et du terp\u00e8ne d&#8217;un Lemon Tree, mais la fleur diff\u00e8re des deux g\u00e9n\u00e9tiques. En essayant de donner un peu de douceur \u00e0 notre Lemon Tree, nous avons plut\u00f4t obtenu la fleur la plus compacte du monde. Le terp\u00e8ne est tr\u00e8s intense et frais, avec une tr\u00e8s l\u00e9g\u00e8re note d&#8217;agrumes, une couleur vert \u00e9meraude et une r\u00e9sine blanche qui lui donne un effet &#8220;Frosty&#8221; difficile \u00e0 trouver dans le monde du CBD.<\/p>\n<p>La collaboration entre Kase.O et The Tree CBD a \u00e9t\u00e9 une synergie parfaite, unissant le monde de l&#8217;art et de l&#8217;innovation dans les produits CBD. Le r\u00e9sultat final est des fleurs de CBD qui ne sont pas seulement visuellement captivantes, mais qui offrent \u00e9galement une exp\u00e9rience aromatique in\u00e9gal\u00e9e.<\/p>\n<p>Que vous recherchiez un cadeau pour vous-m\u00eame ou pour quelqu&#8217;un de sp\u00e9cial, les fleurs de CBD de Kase.O sont le choix parfait. En achetant les fleurs de CBD de Kase.O, vous n&#8217;achetez pas seulement un produit de haute qualit\u00e9, mais aussi une exp\u00e9rience unique. Plongez dans le monde de l&#8217;art et de la relaxation avec ces fleurs exceptionnelles, cr\u00e9\u00e9es par le g\u00e9nie cr\u00e9atif de Kase.O.<\/p>\n<p>&nbsp;<\/p>\n<h3>Caract\u00e9ristiques Sweet Kase by Kase.O<\/h3>\n<p>&nbsp;<\/p>\n<ul>\n<li>Fleurs de chanvre<\/li>\n<li><b>18% de CBD<\/b><\/li>\n<li>Moins de 0.20% de THC<\/li>\n<li>G\u00e9n\u00e9tique : Kompolti x V1<\/li>\n<li>Dominante Indica<\/li>\n<li>Sans effets psychoactifs<\/li>\n<li>Cultiv\u00e9es de mani\u00e8re biologique<\/li>\n<li>Sans OGM<\/li>\n<li>Sans pesticides<\/li>\n<\/ul>\n<p>&nbsp;<\/p>\n<h3>Ar\u00f4me des fleurs de CBD Sweet Kase By Kase.O<\/h3>\n<p>&nbsp;<\/p>\n<p>Les terp\u00e8nes se trouvent dans la plupart des huiles essentielles de nombreuses plantes, fleurs et fruits ; ils sont responsables d&#8217;apporter l&#8217;odeur et la saveur. Dans le cannabis, nous pouvons trouver un large profil de terp\u00e8nes.<\/p>\n<p>Sweet Kase de Kase.O et The Tree a un <b>ar\u00f4me fruit\u00e9 et l\u00e9g\u00e8rement citronn\u00e9, avec un ar\u00f4me intense et frais.<\/b><\/p>\n<p>&nbsp;<\/p>\n<h3>Utilisateur Cible<\/h3>\n<p>&nbsp;<\/p>\n<p>Les fleurs de culture <i>indoor<\/i> sont destin\u00e9es \u00e0 ceux qui recherchent une <b>garantie de qualit\u00e9<\/b>, car la culture en int\u00e9rieur permet de cr\u00e9er des fleurs homog\u00e8nes avec une couleur verte et une forte concentration de CBD. De plus, leur finition californienne offre des fleurs sur mesure pour ceux qui recherchent le meilleur du march\u00e9.<\/p>\n<p>La culture en int\u00e9rieur est, sans aucun doute, une m\u00e9thode de culture beaucoup plus technique, o\u00f9 l&#8217;on peut contr\u00f4ler le milieu dans lequel une plante pousse pour obtenir les r\u00e9sultats pr\u00e9f\u00e9r\u00e9s par le cultivateur.<\/p>\n<p>C&#8217;est la m\u00e9thode favorite \u00e0 des <b>fins m\u00e9dicinales<\/b>, car de cette mani\u00e8re, le contr\u00f4le du climat et de la lumi\u00e8re peut \u00eatre atteint, standardisant le produit autant que possible ; il ne faut pas oublier que la variabilit\u00e9 en termes de pourcentage de CBD et d&#8217;autres cannabino\u00efdes d\u00e9pend beaucoup du milieu dans lequel il est cultiv\u00e9.<\/p>\n<p>Avec un contr\u00f4le climatique et nutritif, tant au niveau du support racinaire que des heures de lumi\u00e8re du jour, nous nous assurerons que le produit sera homog\u00e8ne et nous obtiendrons toujours une garantie de qualit\u00e9 avec les fleurs de CBD cultiv\u00e9es en int\u00e9rieur.<\/p>\n<p>Du point de vue des consommateurs, l&#8217;indoor peut \u00eatre meilleur en raison de ce qui a \u00e9t\u00e9 mentionn\u00e9, la garantie de qualit\u00e9, et les fleurs de CBD d&#8217;int\u00e9rieur sont \u00e9galement connues pour leur apparence, g\u00e9n\u00e9ralement plus r\u00e9sineuses et d&#8217;une couleur verte plus vive.<\/p>\n<p>&nbsp;<\/p>\n<h3>Informations de S\u00e9curit\u00e9<\/h3>\n<p>&nbsp;<\/p>\n<p>Veuillez noter que les t\u00eates de CBD de The Tree sont un produit d\u00e9coratif, de collection et aromatique. Elles ne doivent pas \u00eatre utilis\u00e9es pendant la grossesse ou l&#8217;allaitement. Tenir hors de port\u00e9e des enfants.<\/p>\n<p>Nos t\u00eates de <span class=\"citation-147 citation-end-147\">CBD sont des fleurs de Chanvre sans r\u00e9sine et non psychoactives, cultiv\u00e9es \u00e0 partir de graines certifi\u00e9es, sans additifs, avec un maximum de 0,3% de THC ou un Indice de Psychoactivit\u00e9 Inf\u00e9rieur \u00e0<\/span> 1. Cannabis Type Fibre selon le Manuel ST\/NAR 40 des Nations Unies. Produit d\u00e9coratif, aromatique et de collection. <b>Leur ingestion, inhalation ou usage th\u00e9rapeutique est interdit.<\/b> L&#8217;entreprise n&#8217;est pas responsable de toute utilisation contraire \u00e0 la loi ou \u00e0 ces indications. Leur vente aux mineurs est interdite. Tenir \u00e9loign\u00e9 des enfants.<\/p>\n<div class=\"source-inline-chip-container ng-star-inserted\"><\/div>\n<p>Le contenu fourni est uniquement \u00e0 des fins d&#8217;information et de formation et ne remplace en aucun cas l&#8217;avis m\u00e9dical d&#8217;un m\u00e9decin ou d&#8217;un pharmacien. Nos textes ne sont pas destin\u00e9s au diagnostic et au traitement ind\u00e9pendants de maladies.<\/p>\n<p>N&#8217;h\u00e9sitez pas \u00e0 nous contacter si vous avez d&#8217;autres questions.<\/p>\n<p>&nbsp;<\/p>\n<h3>Stockage<\/h3>\n<p>&nbsp;<\/p>\n<p>Id\u00e9alement, les t\u00eates de CBD de The Tree doivent \u00eatre stock\u00e9es dans un <b>endroit frais et sec<\/b>, \u00e0 l&#8217;abri de la lumi\u00e8re et des odeurs fortes pour \u00e9viter tout type de contamination et\/ou de d\u00e9gradation. \u00c9viter la lumi\u00e8re directe du soleil et la chaleur.<\/p>\n<p><b>Attention :<\/b> La dur\u00e9e de conservation indiqu\u00e9e est d&#8217;un mois si le produit est stock\u00e9 correctement.<\/p>\n","protected":false},"excerpt":{"rendered":"<ul>\n<li><strong>Bourgeons de chanvre<\/strong><\/li>\n<li><strong>18% CBD<\/strong><\/li>\n<li><strong>Moins de 0,20 % de THC<\/strong><\/li>\n<li><strong>G\u00e9n\u00e9tique : Kompolti x V1<\/strong><\/li>\n<li><strong>Dominante indica<\/strong><\/li>\n<li><strong>Aucun effet psychoactif<\/strong><\/li>\n<li>De culture biologique<\/li>\n<li>Sans OGM<\/li>\n<li>Sans pesticides<\/li>\n<\/ul>\n","protected":false},"featured_media":125979,"template":"","meta":{"_acf_changed":false},"product_brand":[],"class_list":{"0":"post-120287","1":"product","2":"type-product","3":"status-publish","4":"has-post-thumbnail","6":"product_cat-black-friday-cbd","7":"product_cat-indoor","8":"product_cat-fleurs-cbd","9":"product_cat-cbd-concentrees-10","10":"product_cat-sweet-kase-cbd-by-kase-o-fr","12":"first","13":"instock","14":"featured","15":"taxable","16":"shipping-taxable","17":"purchasable","18":"product-type-variable"},"acf":[],"yoast_head":"<!-- This site is optimized with the Yoast SEO plugin v26.3 - https:\/\/yoast.com\/wordpress\/plugins\/seo\/ -->\n<title>Cali Sweet Kase: Fleurs de CBD par Kase.O | The Tree CBD<\/title>\n<meta name=\"description\" content=\"D\u00e9couvrez la vari\u00e9t\u00e9 de fleurs californienne pr\u00e9f\u00e9r\u00e9e de Kase.O --&gt; Indoor Cali Sweet Case est un bourgeon de la plus haute qualit\u00e9 uniquement disponible chez The Tree CBD\" \/>\n<meta name=\"robots\" content=\"index, follow, max-snippet:-1, max-image-preview:large, max-video-preview:-1\" \/>\n<link rel=\"canonical\" href=\"https:\/\/thetreecbd.com\/fr\/cbd\/fleurs-cbd-cali-sweet-kase\" \/>\n<meta property=\"og:locale\" content=\"fr_FR\" \/>\n<meta property=\"og:type\" content=\"article\" \/>\n<meta property=\"og:title\" content=\"Cali Sweet Kase: Fleurs de CBD par Kase.O | The Tree CBD\" \/>\n<meta property=\"og:description\" content=\"D\u00e9couvrez la vari\u00e9t\u00e9 de fleurs californienne pr\u00e9f\u00e9r\u00e9e de Kase.O --&gt; Indoor Cali Sweet Case est un bourgeon de la plus haute qualit\u00e9 uniquement disponible chez The Tree CBD\" \/>\n<meta property=\"og:url\" content=\"https:\/\/thetreecbd.com\/fr\/cbd\/fleurs-cbd-cali-sweet-kase\" \/>\n<meta property=\"og:site_name\" content=\"The Tree CBD\" \/>\n<meta property=\"article:publisher\" content=\"https:\/\/www.facebook.com\/thetreeCBD\/\" \/>\n<meta property=\"article:modified_time\" content=\"2025-12-02T00:37:34+00:00\" \/>\n<meta property=\"og:image\" content=\"https:\/\/thetreecbd.com\/wp-content\/uploads\/2023\/06\/cali-sweet-kase-cbd.png\" \/>\n\t<meta property=\"og:image:width\" content=\"600\" \/>\n\t<meta property=\"og:image:height\" content=\"720\" \/>\n\t<meta property=\"og:image:type\" content=\"image\/png\" \/>\n<meta name=\"twitter:card\" content=\"summary_large_image\" \/>\n<meta name=\"twitter:site\" content=\"@TheTreeCBD_EU\" \/>\n<meta name=\"twitter:label1\" content=\"Dur\u00e9e de lecture estim\u00e9e\" \/>\n\t<meta name=\"twitter:data1\" content=\"5 minutes\" \/>\n<script type=\"application\/ld+json\" class=\"yoast-schema-graph\">{\"@context\":\"https:\/\/schema.org\",\"@graph\":[{\"@type\":[\"WebPage\",\"ItemPage\"],\"@id\":\"https:\/\/thetreecbd.com\/fr\/cbd\/fleurs-cbd-cali-sweet-kase\",\"url\":\"https:\/\/thetreecbd.com\/fr\/cbd\/fleurs-cbd-cali-sweet-kase\",\"name\":\"Cali Sweet Kase: Fleurs de CBD par Kase.O | The Tree CBD\",\"isPartOf\":{\"@id\":\"https:\/\/thetreecbd.com\/fr#website\"},\"primaryImageOfPage\":{\"@id\":\"https:\/\/thetreecbd.com\/fr\/cbd\/fleurs-cbd-cali-sweet-kase#primaryimage\"},\"image\":{\"@id\":\"https:\/\/thetreecbd.com\/fr\/cbd\/fleurs-cbd-cali-sweet-kase#primaryimage\"},\"thumbnailUrl\":\"https:\/\/thetreecbd.com\/wp-content\/uploads\/2023\/06\/cali-sweet-kase-cbd.png\",\"datePublished\":\"2023-06-27T16:07:07+00:00\",\"dateModified\":\"2025-12-02T00:37:34+00:00\",\"description\":\"D\u00e9couvrez la vari\u00e9t\u00e9 de fleurs californienne pr\u00e9f\u00e9r\u00e9e de Kase.O --> Indoor Cali Sweet Case est un bourgeon de la plus haute qualit\u00e9 uniquement disponible chez The Tree CBD\",\"breadcrumb\":{\"@id\":\"https:\/\/thetreecbd.com\/fr\/cbd\/fleurs-cbd-cali-sweet-kase#breadcrumb\"},\"inLanguage\":\"fr-FR\",\"potentialAction\":[{\"@type\":\"ReadAction\",\"target\":[\"https:\/\/thetreecbd.com\/fr\/cbd\/fleurs-cbd-cali-sweet-kase\"]}]},{\"@type\":\"ImageObject\",\"inLanguage\":\"fr-FR\",\"@id\":\"https:\/\/thetreecbd.com\/fr\/cbd\/fleurs-cbd-cali-sweet-kase#primaryimage\",\"url\":\"https:\/\/thetreecbd.com\/wp-content\/uploads\/2023\/06\/cali-sweet-kase-cbd.png\",\"contentUrl\":\"https:\/\/thetreecbd.com\/wp-content\/uploads\/2023\/06\/cali-sweet-kase-cbd.png\",\"width\":600,\"height\":720,\"caption\":\"cali-sweet-kase-cbd\"},{\"@type\":\"BreadcrumbList\",\"@id\":\"https:\/\/thetreecbd.com\/fr\/cbd\/fleurs-cbd-cali-sweet-kase#breadcrumb\",\"itemListElement\":[{\"@type\":\"ListItem\",\"position\":1,\"name\":\"The Tree\",\"item\":\"https:\/\/thetreecbd.com\/fr\"},{\"@type\":\"ListItem\",\"position\":2,\"name\":\"CBD\",\"item\":\"https:\/\/thetreecbd.com\/es\/cbd\"},{\"@type\":\"ListItem\",\"position\":3,\"name\":\"Fleurs de chanvre. Fleurs de CBD\",\"item\":\"https:\/\/thetreecbd.com\/fr\/fleurs-cbd\"},{\"@type\":\"ListItem\",\"position\":4,\"name\":\"Fleurs de CBD d'int\u00e9rieur\",\"item\":\"https:\/\/thetreecbd.com\/fr\/fleurs-cbd\/indoor\"},{\"@type\":\"ListItem\",\"position\":5,\"name\":\"Indoor Cali Sweet Kase: Fleur de CBD par Kase.O\"}]},{\"@type\":\"WebSite\",\"@id\":\"https:\/\/thetreecbd.com\/fr#website\",\"url\":\"https:\/\/thetreecbd.com\/fr\",\"name\":\"The Tree CBD\",\"description\":\"Comprar CBD en Espa\u00f1a Online\",\"publisher\":{\"@id\":\"https:\/\/thetreecbd.com\/fr#organization\"},\"potentialAction\":[{\"@type\":\"SearchAction\",\"target\":{\"@type\":\"EntryPoint\",\"urlTemplate\":\"https:\/\/thetreecbd.com\/fr?s={search_term_string}\"},\"query-input\":{\"@type\":\"PropertyValueSpecification\",\"valueRequired\":true,\"valueName\":\"search_term_string\"}}],\"inLanguage\":\"fr-FR\"},{\"@type\":\"Organization\",\"@id\":\"https:\/\/thetreecbd.com\/fr#organization\",\"name\":\"The Tree CBD\",\"url\":\"https:\/\/thetreecbd.com\/fr\",\"logo\":{\"@type\":\"ImageObject\",\"inLanguage\":\"fr-FR\",\"@id\":\"https:\/\/thetreecbd.com\/fr#\/schema\/logo\/image\/\",\"url\":\"https:\/\/thetreecbd.com\/wp-content\/uploads\/2022\/04\/logo-thetree.png\",\"contentUrl\":\"https:\/\/thetreecbd.com\/wp-content\/uploads\/2022\/04\/logo-thetree.png\",\"width\":172,\"height\":55,\"caption\":\"The Tree CBD\"},\"image\":{\"@id\":\"https:\/\/thetreecbd.com\/fr#\/schema\/logo\/image\/\"},\"sameAs\":[\"https:\/\/www.facebook.com\/thetreeCBD\/\",\"https:\/\/x.com\/TheTreeCBD_EU\",\"https:\/\/www.instagram.com\/thetree.cbd\/\",\"https:\/\/es.trustpilot.com\/review\/thetreecbd.com\"]}]}<\/script>\n<!-- \/ Yoast SEO plugin. -->","yoast_head_json":{"title":"Cali Sweet Kase: Fleurs de CBD par Kase.O | The Tree CBD","description":"D\u00e9couvrez la vari\u00e9t\u00e9 de fleurs californienne pr\u00e9f\u00e9r\u00e9e de Kase.O --> Indoor Cali Sweet Case est un bourgeon de la plus haute qualit\u00e9 uniquement disponible chez The Tree CBD","robots":{"index":"index","follow":"follow","max-snippet":"max-snippet:-1","max-image-preview":"max-image-preview:large","max-video-preview":"max-video-preview:-1"},"canonical":"https:\/\/thetreecbd.com\/fr\/cbd\/fleurs-cbd-cali-sweet-kase","og_locale":"fr_FR","og_type":"article","og_title":"Cali Sweet Kase: Fleurs de CBD par Kase.O | The Tree CBD","og_description":"D\u00e9couvrez la vari\u00e9t\u00e9 de fleurs californienne pr\u00e9f\u00e9r\u00e9e de Kase.O --> Indoor Cali Sweet Case est un bourgeon de la plus haute qualit\u00e9 uniquement disponible chez The Tree CBD","og_url":"https:\/\/thetreecbd.com\/fr\/cbd\/fleurs-cbd-cali-sweet-kase","og_site_name":"The Tree CBD","article_publisher":"https:\/\/www.facebook.com\/thetreeCBD\/","article_modified_time":"2025-12-02T00:37:34+00:00","og_image":[{"width":600,"height":720,"url":"https:\/\/thetreecbd.com\/wp-content\/uploads\/2023\/06\/cali-sweet-kase-cbd.png","type":"image\/png"}],"twitter_card":"summary_large_image","twitter_site":"@TheTreeCBD_EU","twitter_misc":{"Dur\u00e9e de lecture estim\u00e9e":"5 minutes"},"schema":{"@context":"https:\/\/schema.org","@graph":[{"@type":["WebPage","ItemPage"],"@id":"https:\/\/thetreecbd.com\/fr\/cbd\/fleurs-cbd-cali-sweet-kase","url":"https:\/\/thetreecbd.com\/fr\/cbd\/fleurs-cbd-cali-sweet-kase","name":"Cali Sweet Kase: Fleurs de CBD par Kase.O | The Tree CBD","isPartOf":{"@id":"https:\/\/thetreecbd.com\/fr#website"},"primaryImageOfPage":{"@id":"https:\/\/thetreecbd.com\/fr\/cbd\/fleurs-cbd-cali-sweet-kase#primaryimage"},"image":{"@id":"https:\/\/thetreecbd.com\/fr\/cbd\/fleurs-cbd-cali-sweet-kase#primaryimage"},"thumbnailUrl":"https:\/\/thetreecbd.com\/wp-content\/uploads\/2023\/06\/cali-sweet-kase-cbd.png","datePublished":"2023-06-27T16:07:07+00:00","dateModified":"2025-12-02T00:37:34+00:00","description":"D\u00e9couvrez la vari\u00e9t\u00e9 de fleurs californienne pr\u00e9f\u00e9r\u00e9e de Kase.O --> Indoor Cali Sweet Case est un bourgeon de la plus haute qualit\u00e9 uniquement disponible chez The Tree CBD","breadcrumb":{"@id":"https:\/\/thetreecbd.com\/fr\/cbd\/fleurs-cbd-cali-sweet-kase#breadcrumb"},"inLanguage":"fr-FR","potentialAction":[{"@type":"ReadAction","target":["https:\/\/thetreecbd.com\/fr\/cbd\/fleurs-cbd-cali-sweet-kase"]}]},{"@type":"ImageObject","inLanguage":"fr-FR","@id":"https:\/\/thetreecbd.com\/fr\/cbd\/fleurs-cbd-cali-sweet-kase#primaryimage","url":"https:\/\/thetreecbd.com\/wp-content\/uploads\/2023\/06\/cali-sweet-kase-cbd.png","contentUrl":"https:\/\/thetreecbd.com\/wp-content\/uploads\/2023\/06\/cali-sweet-kase-cbd.png","width":600,"height":720,"caption":"cali-sweet-kase-cbd"},{"@type":"BreadcrumbList","@id":"https:\/\/thetreecbd.com\/fr\/cbd\/fleurs-cbd-cali-sweet-kase#breadcrumb","itemListElement":[{"@type":"ListItem","position":1,"name":"The Tree","item":"https:\/\/thetreecbd.com\/fr"},{"@type":"ListItem","position":2,"name":"CBD","item":"https:\/\/thetreecbd.com\/es\/cbd"},{"@type":"ListItem","position":3,"name":"Fleurs de chanvre. Fleurs de CBD","item":"https:\/\/thetreecbd.com\/fr\/fleurs-cbd"},{"@type":"ListItem","position":4,"name":"Fleurs de CBD d'int\u00e9rieur","item":"https:\/\/thetreecbd.com\/fr\/fleurs-cbd\/indoor"},{"@type":"ListItem","position":5,"name":"Indoor Cali Sweet Kase: Fleur de CBD par Kase.O"}]},{"@type":"WebSite","@id":"https:\/\/thetreecbd.com\/fr#website","url":"https:\/\/thetreecbd.com\/fr","name":"The Tree CBD","description":"Comprar CBD en Espa\u00f1a Online","publisher":{"@id":"https:\/\/thetreecbd.com\/fr#organization"},"potentialAction":[{"@type":"SearchAction","target":{"@type":"EntryPoint","urlTemplate":"https:\/\/thetreecbd.com\/fr?s={search_term_string}"},"query-input":{"@type":"PropertyValueSpecification","valueRequired":true,"valueName":"search_term_string"}}],"inLanguage":"fr-FR"},{"@type":"Organization","@id":"https:\/\/thetreecbd.com\/fr#organization","name":"The Tree CBD","url":"https:\/\/thetreecbd.com\/fr","logo":{"@type":"ImageObject","inLanguage":"fr-FR","@id":"https:\/\/thetreecbd.com\/fr#\/schema\/logo\/image\/","url":"https:\/\/thetreecbd.com\/wp-content\/uploads\/2022\/04\/logo-thetree.png","contentUrl":"https:\/\/thetreecbd.com\/wp-content\/uploads\/2022\/04\/logo-thetree.png","width":172,"height":55,"caption":"The Tree CBD"},"image":{"@id":"https:\/\/thetreecbd.com\/fr#\/schema\/logo\/image\/"},"sameAs":["https:\/\/www.facebook.com\/thetreeCBD\/","https:\/\/x.com\/TheTreeCBD_EU","https:\/\/www.instagram.com\/thetree.cbd\/","https:\/\/es.trustpilot.com\/review\/thetreecbd.com"]}]}},"_links":{"self":[{"href":"https:\/\/thetreecbd.com\/fr\/wp-json\/wp\/v2\/product\/120287","targetHints":{"allow":["GET"]}}],"collection":[{"href":"https:\/\/thetreecbd.com\/fr\/wp-json\/wp\/v2\/product"}],"about":[{"href":"https:\/\/thetreecbd.com\/fr\/wp-json\/wp\/v2\/types\/product"}],"version-history":[{"count":0,"href":"https:\/\/thetreecbd.com\/fr\/wp-json\/wp\/v2\/product\/120287\/revisions"}],"wp:featuredmedia":[{"embeddable":true,"href":"https:\/\/thetreecbd.com\/fr\/wp-json\/wp\/v2\/media\/125979"}],"wp:attachment":[{"href":"https:\/\/thetreecbd.com\/fr\/wp-json\/wp\/v2\/media?parent=120287"}],"wp:term":[{"taxonomy":"product_brand","embeddable":true,"href":"https:\/\/thetreecbd.com\/fr\/wp-json\/wp\/v2\/product_brand?post=120287"}],"curies":[{"name":"wp","href":"https:\/\/api.w.org\/{rel}","templated":true}]}}