{"id":122397,"date":"2023-08-04T14:43:33","date_gmt":"2023-08-04T12:43:33","guid":{"rendered":"https:\/\/thetreecbd.com\/cbd\/pack-pax-mini-vaporisateur-cbd-12gr-cbd"},"modified":"2025-08-08T16:18:56","modified_gmt":"2025-08-08T14:18:56","slug":"packs-cbd-pax-mini","status":"publish","type":"product","link":"https:\/\/thetreecbd.com\/fr\/cbd\/packs-cbd-pax-mini","title":{"rendered":"Pack PAX Mini: Vaporisateur CBD + 12gr. CBD"},"content":{"rendered":"<p><strong>Le pack PAX Mini CBD<\/strong> est dej\u00e0 disponible chez The Tree CBD, la meilleure fa\u00e7on de profiter des fleurs de The Tree CBD. Pour que vous puissiez en profiter chez The Tree CBD, le PAX Mini est livr\u00e9 avec deux sacs-cadeaux de <a href=\"https:\/\/thetreecbd.com\/fr\/fleurs-cbd\">fleurs CBD<\/a>. Les sachets qui seront inclus dans le Pack seront un sachet de <strong>2gr. de Zkittlez<\/strong> <strong>et un sachet de 10 gr. de petits bourgeons Green Cure<\/strong>, de cette fa\u00e7on, vous aurez tout pr\u00eat pour profiter du PAX 2 CBD.<\/p>\n<h2><strong>Disponible en 2 couleurs :<\/strong><\/h2>\n<p><strong>Platinum<\/strong> (1 sachet de 2 grammes Zkittlez + 1 sachet de 10 grammes de petits bourgeons Green Cure)<\/p>\n<p><strong>Onyx<\/strong> (1 sachet de 2 grammes Zkittlez + 1 sachet de 10 grammes de petits bourgeons Green Cure)<\/p>\n<p>PAX Mini est le r\u00e9sultat de plus d&#8217;une d\u00e9cennie d&#8217;innovation. Cet appareil PAX \u00e0 la pointe de la technologie est con\u00e7u pour faire ressortir le meilleur avec un contr\u00f4le de temp\u00e9rature brevet\u00e9 qui chauffe et ne br\u00fble jamais. PAX Mini est le plus petit PAX \u00e0 ce jour, con\u00e7u pour des sessions rapides et faciles en d\u00e9placement.<\/p>\n<h2>PAX Mini Pack : Mieux qu&#8217;un bol<\/h2>\n<p>PAX Mini est un vaporisateur de poche qui offre une exp\u00e9rience compl\u00e8te. Avec plus de deux heures d&#8217;autonomie, ils vous permettent de faire passer vos sessions au niveau sup\u00e9rieur, n&#8217;importe o\u00f9 que vous voulez gr\u00e2ce \u00e0 sa taille et sa grande portabilit\u00e9. Les nouvelles mises \u00e0 jour de conception incluent une LED plus grande, une finition mate lisse et des bords arrondis qui facilitent la prise en main du PAX Mini.<\/p>\n<h3>Il suffit d&#8217;allumer et d&#8217;utiliser<\/h3>\n<p>PAX Mini chauffe en seulement 22 secondes pour fournir rapidement une vapeur de qualit\u00e9. Sans param\u00e8tres \u00e0 modifier et avec un simple bouton, le PAX Mini est \u00e9l\u00e9gant, sophistiqu\u00e9 et aussi super simple. Emballez-le, allumez-le et profitez-en n&#8217;importe o\u00f9.<\/p>\n<h3>Grandes hauteurs. Faible entretien<\/h3>\n<p>PAX Mini pr\u00e9sente une nouvelle conception de four pour un chauffage plus uniforme et sa taille de 0,25 g en fait la taille id\u00e9ale pour les sessions en solo. Un nouvel \u00e9cran 3D et la brosse m\u00e9tallique incluse rendent le nettoyage du PAX Mini rapide et facile.<\/p>\n<h3>Plus portable qu&#8217;un tuyau<\/h3>\n<p>Avec seulement 93 mm de haut, le PAX Mini est le plus petit vaporisateur PAX \u00e0 ce jour. La conception de la poche comprend un couvercle de four magn\u00e9tique pour aider \u00e0 maintenir le s\u00e9jour ferm\u00e9 de mani\u00e8re plus s\u00e9curis\u00e9e.<\/p>\n<h3>La discr\u00e9tion rencontre la durabilit\u00e9<\/h3>\n<p>L&#8217;un des principaux avantages de PAX Mini est qu&#8217;il ne g\u00e9n\u00e8re pas de fum\u00e9e et a une odeur nettement inf\u00e9rieure aux m\u00e9thodes de combustion traditionnelles. PAX Mini est \u00e9galement couvert par une garantie limit\u00e9e de deux ans, ce qui en fait un appareil qui offre \u00e9galement la tranquillit\u00e9 d&#8217;esprit sans tracas.<\/p>\n<h3>PAX Mini Pack : Mieux qu&#8217;un bol<\/h3>\n<p>PAX Mini est un vaporisateur de poche qui offre une exp\u00e9rience compl\u00e8te. Avec plus de deux heures d&#8217;autonomie, ils vous permettent de faire passer vos sessions au niveau sup\u00e9rieur, n&#8217;importe o\u00f9 que vous voulez gr\u00e2ce \u00e0 sa taille et sa grande portabilit\u00e9. Les nouvelles mises \u00e0 jour de conception incluent une LED plus grande, une finition mate lisse et des bords arrondis qui facilitent la prise en main du PAX Mini.<\/p>\n<h2>Caract\u00e9ristiques du pack PAX Mini CBD \u2013 The Tree CBD<\/h2>\n<ul>\n<li><strong>Vaporisateur portable<\/strong> compatible avec des fleurs et BHO<\/li>\n<li><strong>1 sachet de 2 grammes de Zkittlez + 1 sachet de 10 grammes de petits bourgeons <\/strong><strong>Green Cure<\/strong><\/li>\n<li>Garantie constructeur 2 ans<\/li>\n<li>Autonomie d&#8217;environ 150 minutes<\/li>\n<li>Chargement USB via station d&#8217;accueil<\/li>\n<li>Comprend un kit d&#8217;entretien (1 brosse m\u00e9tallique)<\/li>\n<li>Embouchure d&#8217;origine<\/li>\n<li>Embouchure sur\u00e9lev\u00e9e<\/li>\n<li>\u00c9cran 3D : pour un nettoyage et un retrait faciles (NOUVEAU)<\/li>\n<\/ul>\n<h2>Composants du pack PAX 2 CBD<\/h2>\n<p>Sachets de fleurs : 1 sachet de 2 grammes Zkittlez + 1 sachet de 10 grammes de petits bourgeons Green Cure.<\/p>\n<p>Vaporisateur portable compatible weed et BHO, chargement USB via dock, avec kit d&#8217;entretien (1 brosse m\u00e9tallique, embout buccal d&#8217;origine, embout sur\u00e9lev\u00e9, \u00e9cran 3D.<\/p>\n<h2>Utilisateur auquel il est destin\u00e9<\/h2>\n<p>Ce pack The Tree CBD est id\u00e9al pour tous ceux qui veulent \u00e9viter d&#8217;inhaler des substances nocives pour notre sant\u00e9 et nous permettre de profiter de leurs propri\u00e9t\u00e9s m\u00e9dicinales.<\/p>\n<p>Il offre \u00e9galement un degr\u00e9 de propret\u00e9, puisque ce vaporisateur g\u00e9n\u00e8re de la fum\u00e9e et non de la vapeur, donc l&#8217;ar\u00f4me de la plante sera beaucoup plus propre et laissera une odeur moins envahissante que la fum\u00e9e de combustion.<\/p>\n<h2>Information de s\u00e9curit\u00e9<\/h2>\n<p>PAX Mini est livr\u00e9 avec une garantie limit\u00e9e de deux ans \u00e0 compter de la date d&#8217;achat au d\u00e9tail par l&#8217;acheteur d&#8217;origine.<\/p>\n<p>PAX Labs garantit uniquement le PAX Mini contre les dommages caus\u00e9s par les pods PAX Era et les d\u00e9fauts de mat\u00e9riaux et de fabrication dans des conditions normales d&#8217;utilisation, dans les deux cas, pendant 2 ans \u00e0 compter de la date d&#8217;achat aupr\u00e8s du revendeur PAX ou aupr\u00e8s de l&#8217;acheteur d&#8217;origine (le &#8221; Garantie limit\u00e9e&#8221;). Cette garantie limit\u00e9e n&#8217;est PAS transf\u00e9rable aux acheteurs ult\u00e9rieurs. La garantie ne s&#8217;applique pas si vous achetez par l&#8217;interm\u00e9diaire d&#8217;un revendeur non autoris\u00e9 ou d&#8217;un revendeur tiers, tel qu&#8217;eBay ou Craigslist.<\/p>\n<h2>Stockage<\/h2>\n<p>L&#8217;entretien est tr\u00e8s facile et prend moins d&#8217;une minute : il suffit de retirer la buse et le couvercle de la chambre de chauffe et d&#8217;utiliser l&#8217;une des brosses de nettoyage incluses avec un peu d&#8217;alcool ISO (\u00e9galement inclus) pour frotter le chemin de vapeur.<\/p>\n","protected":false},"excerpt":{"rendered":"<ul>\n<li><strong>Vaporisateur portable<\/strong> compatible avec des fleurs et BHO<\/li>\n<li><strong>1 sachet de 2 grammes de Zkittlez + 1 sachet de 10 grammes de petits bourgeons <\/strong><strong>Green Cure<\/strong><\/li>\n<li>Garantie constructeur 2 ans<\/li>\n<li>Autonomie d&#8217;environ 150 minutes<\/li>\n<li>Chargement USB via station d&#8217;accueil<\/li>\n<li>Comprend un kit d&#8217;entretien (1 brosse m\u00e9tallique)<\/li>\n<li>Embouchure d&#8217;origine<\/li>\n<li>Embouchure sur\u00e9lev\u00e9e<\/li>\n<li>\u00c9cran 3D : pour un nettoyage et un retrait faciles (NOUVEAU)<\/li>\n<\/ul>\n","protected":false},"featured_media":122487,"template":"","meta":{"_acf_changed":false},"product_brand":[],"class_list":{"0":"post-122397","1":"product","2":"type-product","3":"status-publish","4":"has-post-thumbnail","6":"product_cat-packs-cbd","7":"product_cat-vaporisateurs-fleurs-cbd","8":"product_cat-vapoteuse-cbd","10":"first","11":"instock","12":"sale","13":"taxable","14":"shipping-taxable","15":"purchasable","16":"product-type-variable"},"acf":[],"yoast_head":"<!-- This site is optimized with the Yoast SEO plugin v26.3 - https:\/\/yoast.com\/wordpress\/plugins\/seo\/ -->\n<title>Pack PAX Mini: Vaporisateur CBD + 12gr. CBD | The Tree CBD<\/title>\n<meta name=\"description\" content=\"Paquet PAX Mini CBD. Vaporisateur CBD + sachet 2 gr. de Zkittlez et un sac de 10 grammes de petits bourgeons Green Cure en cadeau. L\u00e9gal dans toute l&#039;Europe.\" \/>\n<meta name=\"robots\" content=\"index, follow, max-snippet:-1, max-image-preview:large, max-video-preview:-1\" \/>\n<link rel=\"canonical\" href=\"https:\/\/thetreecbd.com\/fr\/cbd\/packs-cbd-pax-mini\" \/>\n<meta property=\"og:locale\" content=\"fr_FR\" \/>\n<meta property=\"og:type\" content=\"article\" \/>\n<meta property=\"og:title\" content=\"Pack PAX Mini: Vaporisateur CBD + 12gr. CBD | The Tree CBD\" \/>\n<meta property=\"og:description\" content=\"Paquet PAX Mini CBD. Vaporisateur CBD + sachet 2 gr. de Zkittlez et un sac de 10 grammes de petits bourgeons Green Cure en cadeau. L\u00e9gal dans toute l&#039;Europe.\" \/>\n<meta property=\"og:url\" content=\"https:\/\/thetreecbd.com\/fr\/cbd\/packs-cbd-pax-mini\" \/>\n<meta property=\"og:site_name\" content=\"The Tree CBD\" \/>\n<meta property=\"article:publisher\" content=\"https:\/\/www.facebook.com\/thetreeCBD\/\" \/>\n<meta property=\"article:modified_time\" content=\"2025-08-08T14:18:56+00:00\" \/>\n<meta property=\"og:image\" content=\"https:\/\/thetreecbd.com\/wp-content\/uploads\/2023\/08\/pax-mini-cbd.png\" \/>\n\t<meta property=\"og:image:width\" content=\"600\" \/>\n\t<meta property=\"og:image:height\" content=\"720\" \/>\n\t<meta property=\"og:image:type\" content=\"image\/png\" \/>\n<meta name=\"twitter:card\" content=\"summary_large_image\" \/>\n<meta name=\"twitter:site\" content=\"@TheTreeCBD_EU\" \/>\n<meta name=\"twitter:label1\" content=\"Dur\u00e9e de lecture estim\u00e9e\" \/>\n\t<meta name=\"twitter:data1\" content=\"4 minutes\" \/>\n<script type=\"application\/ld+json\" class=\"yoast-schema-graph\">{\"@context\":\"https:\/\/schema.org\",\"@graph\":[{\"@type\":[\"WebPage\",\"ItemPage\"],\"@id\":\"https:\/\/thetreecbd.com\/fr\/cbd\/packs-cbd-pax-mini\",\"url\":\"https:\/\/thetreecbd.com\/fr\/cbd\/packs-cbd-pax-mini\",\"name\":\"Pack PAX Mini: Vaporisateur CBD + 12gr. CBD | The Tree CBD\",\"isPartOf\":{\"@id\":\"https:\/\/thetreecbd.com\/fr#website\"},\"primaryImageOfPage\":{\"@id\":\"https:\/\/thetreecbd.com\/fr\/cbd\/packs-cbd-pax-mini#primaryimage\"},\"image\":{\"@id\":\"https:\/\/thetreecbd.com\/fr\/cbd\/packs-cbd-pax-mini#primaryimage\"},\"thumbnailUrl\":\"https:\/\/thetreecbd.com\/wp-content\/uploads\/2023\/08\/pax-mini-cbd.png\",\"datePublished\":\"2023-08-04T12:43:33+00:00\",\"dateModified\":\"2025-08-08T14:18:56+00:00\",\"description\":\"Paquet PAX Mini CBD. Vaporisateur CBD + sachet 2 gr. de Zkittlez et un sac de 10 grammes de petits bourgeons Green Cure en cadeau. L\u00e9gal dans toute l'Europe.\",\"breadcrumb\":{\"@id\":\"https:\/\/thetreecbd.com\/fr\/cbd\/packs-cbd-pax-mini#breadcrumb\"},\"inLanguage\":\"fr-FR\",\"potentialAction\":[{\"@type\":\"ReadAction\",\"target\":[\"https:\/\/thetreecbd.com\/fr\/cbd\/packs-cbd-pax-mini\"]}]},{\"@type\":\"ImageObject\",\"inLanguage\":\"fr-FR\",\"@id\":\"https:\/\/thetreecbd.com\/fr\/cbd\/packs-cbd-pax-mini#primaryimage\",\"url\":\"https:\/\/thetreecbd.com\/wp-content\/uploads\/2023\/08\/pax-mini-cbd.png\",\"contentUrl\":\"https:\/\/thetreecbd.com\/wp-content\/uploads\/2023\/08\/pax-mini-cbd.png\",\"width\":600,\"height\":720,\"caption\":\"pax-mini-cbd\"},{\"@type\":\"BreadcrumbList\",\"@id\":\"https:\/\/thetreecbd.com\/fr\/cbd\/packs-cbd-pax-mini#breadcrumb\",\"itemListElement\":[{\"@type\":\"ListItem\",\"position\":1,\"name\":\"The Tree\",\"item\":\"https:\/\/thetreecbd.com\/fr\"},{\"@type\":\"ListItem\",\"position\":2,\"name\":\"CBD\",\"item\":\"https:\/\/thetreecbd.com\/es\/cbd\"},{\"@type\":\"ListItem\",\"position\":3,\"name\":\"Vapoteuse de CBD\",\"item\":\"https:\/\/thetreecbd.com\/fr\/vapoteuse-cbd\"},{\"@type\":\"ListItem\",\"position\":4,\"name\":\"Pack PAX Mini: Vaporisateur CBD + 12gr. CBD\"}]},{\"@type\":\"WebSite\",\"@id\":\"https:\/\/thetreecbd.com\/fr#website\",\"url\":\"https:\/\/thetreecbd.com\/fr\",\"name\":\"The Tree CBD\",\"description\":\"Comprar CBD en Espa\u00f1a Online\",\"publisher\":{\"@id\":\"https:\/\/thetreecbd.com\/fr#organization\"},\"potentialAction\":[{\"@type\":\"SearchAction\",\"target\":{\"@type\":\"EntryPoint\",\"urlTemplate\":\"https:\/\/thetreecbd.com\/fr?s={search_term_string}\"},\"query-input\":{\"@type\":\"PropertyValueSpecification\",\"valueRequired\":true,\"valueName\":\"search_term_string\"}}],\"inLanguage\":\"fr-FR\"},{\"@type\":\"Organization\",\"@id\":\"https:\/\/thetreecbd.com\/fr#organization\",\"name\":\"The Tree CBD\",\"url\":\"https:\/\/thetreecbd.com\/fr\",\"logo\":{\"@type\":\"ImageObject\",\"inLanguage\":\"fr-FR\",\"@id\":\"https:\/\/thetreecbd.com\/fr#\/schema\/logo\/image\/\",\"url\":\"https:\/\/thetreecbd.com\/wp-content\/uploads\/2022\/04\/logo-thetree.png\",\"contentUrl\":\"https:\/\/thetreecbd.com\/wp-content\/uploads\/2022\/04\/logo-thetree.png\",\"width\":172,\"height\":55,\"caption\":\"The Tree CBD\"},\"image\":{\"@id\":\"https:\/\/thetreecbd.com\/fr#\/schema\/logo\/image\/\"},\"sameAs\":[\"https:\/\/www.facebook.com\/thetreeCBD\/\",\"https:\/\/x.com\/TheTreeCBD_EU\",\"https:\/\/www.instagram.com\/thetree.cbd\/\",\"https:\/\/es.trustpilot.com\/review\/thetreecbd.com\"]}]}<\/script>\n<!-- \/ Yoast SEO plugin. -->","yoast_head_json":{"title":"Pack PAX Mini: Vaporisateur CBD + 12gr. CBD | The Tree CBD","description":"Paquet PAX Mini CBD. Vaporisateur CBD + sachet 2 gr. de Zkittlez et un sac de 10 grammes de petits bourgeons Green Cure en cadeau. L\u00e9gal dans toute l'Europe.","robots":{"index":"index","follow":"follow","max-snippet":"max-snippet:-1","max-image-preview":"max-image-preview:large","max-video-preview":"max-video-preview:-1"},"canonical":"https:\/\/thetreecbd.com\/fr\/cbd\/packs-cbd-pax-mini","og_locale":"fr_FR","og_type":"article","og_title":"Pack PAX Mini: Vaporisateur CBD + 12gr. CBD | The Tree CBD","og_description":"Paquet PAX Mini CBD. Vaporisateur CBD + sachet 2 gr. de Zkittlez et un sac de 10 grammes de petits bourgeons Green Cure en cadeau. L\u00e9gal dans toute l'Europe.","og_url":"https:\/\/thetreecbd.com\/fr\/cbd\/packs-cbd-pax-mini","og_site_name":"The Tree CBD","article_publisher":"https:\/\/www.facebook.com\/thetreeCBD\/","article_modified_time":"2025-08-08T14:18:56+00:00","og_image":[{"width":600,"height":720,"url":"https:\/\/thetreecbd.com\/wp-content\/uploads\/2023\/08\/pax-mini-cbd.png","type":"image\/png"}],"twitter_card":"summary_large_image","twitter_site":"@TheTreeCBD_EU","twitter_misc":{"Dur\u00e9e de lecture estim\u00e9e":"4 minutes"},"schema":{"@context":"https:\/\/schema.org","@graph":[{"@type":["WebPage","ItemPage"],"@id":"https:\/\/thetreecbd.com\/fr\/cbd\/packs-cbd-pax-mini","url":"https:\/\/thetreecbd.com\/fr\/cbd\/packs-cbd-pax-mini","name":"Pack PAX Mini: Vaporisateur CBD + 12gr. CBD | The Tree CBD","isPartOf":{"@id":"https:\/\/thetreecbd.com\/fr#website"},"primaryImageOfPage":{"@id":"https:\/\/thetreecbd.com\/fr\/cbd\/packs-cbd-pax-mini#primaryimage"},"image":{"@id":"https:\/\/thetreecbd.com\/fr\/cbd\/packs-cbd-pax-mini#primaryimage"},"thumbnailUrl":"https:\/\/thetreecbd.com\/wp-content\/uploads\/2023\/08\/pax-mini-cbd.png","datePublished":"2023-08-04T12:43:33+00:00","dateModified":"2025-08-08T14:18:56+00:00","description":"Paquet PAX Mini CBD. Vaporisateur CBD + sachet 2 gr. de Zkittlez et un sac de 10 grammes de petits bourgeons Green Cure en cadeau. L\u00e9gal dans toute l'Europe.","breadcrumb":{"@id":"https:\/\/thetreecbd.com\/fr\/cbd\/packs-cbd-pax-mini#breadcrumb"},"inLanguage":"fr-FR","potentialAction":[{"@type":"ReadAction","target":["https:\/\/thetreecbd.com\/fr\/cbd\/packs-cbd-pax-mini"]}]},{"@type":"ImageObject","inLanguage":"fr-FR","@id":"https:\/\/thetreecbd.com\/fr\/cbd\/packs-cbd-pax-mini#primaryimage","url":"https:\/\/thetreecbd.com\/wp-content\/uploads\/2023\/08\/pax-mini-cbd.png","contentUrl":"https:\/\/thetreecbd.com\/wp-content\/uploads\/2023\/08\/pax-mini-cbd.png","width":600,"height":720,"caption":"pax-mini-cbd"},{"@type":"BreadcrumbList","@id":"https:\/\/thetreecbd.com\/fr\/cbd\/packs-cbd-pax-mini#breadcrumb","itemListElement":[{"@type":"ListItem","position":1,"name":"The Tree","item":"https:\/\/thetreecbd.com\/fr"},{"@type":"ListItem","position":2,"name":"CBD","item":"https:\/\/thetreecbd.com\/es\/cbd"},{"@type":"ListItem","position":3,"name":"Vapoteuse de CBD","item":"https:\/\/thetreecbd.com\/fr\/vapoteuse-cbd"},{"@type":"ListItem","position":4,"name":"Pack PAX Mini: Vaporisateur CBD + 12gr. CBD"}]},{"@type":"WebSite","@id":"https:\/\/thetreecbd.com\/fr#website","url":"https:\/\/thetreecbd.com\/fr","name":"The Tree CBD","description":"Comprar CBD en Espa\u00f1a Online","publisher":{"@id":"https:\/\/thetreecbd.com\/fr#organization"},"potentialAction":[{"@type":"SearchAction","target":{"@type":"EntryPoint","urlTemplate":"https:\/\/thetreecbd.com\/fr?s={search_term_string}"},"query-input":{"@type":"PropertyValueSpecification","valueRequired":true,"valueName":"search_term_string"}}],"inLanguage":"fr-FR"},{"@type":"Organization","@id":"https:\/\/thetreecbd.com\/fr#organization","name":"The Tree CBD","url":"https:\/\/thetreecbd.com\/fr","logo":{"@type":"ImageObject","inLanguage":"fr-FR","@id":"https:\/\/thetreecbd.com\/fr#\/schema\/logo\/image\/","url":"https:\/\/thetreecbd.com\/wp-content\/uploads\/2022\/04\/logo-thetree.png","contentUrl":"https:\/\/thetreecbd.com\/wp-content\/uploads\/2022\/04\/logo-thetree.png","width":172,"height":55,"caption":"The Tree CBD"},"image":{"@id":"https:\/\/thetreecbd.com\/fr#\/schema\/logo\/image\/"},"sameAs":["https:\/\/www.facebook.com\/thetreeCBD\/","https:\/\/x.com\/TheTreeCBD_EU","https:\/\/www.instagram.com\/thetree.cbd\/","https:\/\/es.trustpilot.com\/review\/thetreecbd.com"]}]}},"_links":{"self":[{"href":"https:\/\/thetreecbd.com\/fr\/wp-json\/wp\/v2\/product\/122397","targetHints":{"allow":["GET"]}}],"collection":[{"href":"https:\/\/thetreecbd.com\/fr\/wp-json\/wp\/v2\/product"}],"about":[{"href":"https:\/\/thetreecbd.com\/fr\/wp-json\/wp\/v2\/types\/product"}],"version-history":[{"count":0,"href":"https:\/\/thetreecbd.com\/fr\/wp-json\/wp\/v2\/product\/122397\/revisions"}],"wp:featuredmedia":[{"embeddable":true,"href":"https:\/\/thetreecbd.com\/fr\/wp-json\/wp\/v2\/media\/122487"}],"wp:attachment":[{"href":"https:\/\/thetreecbd.com\/fr\/wp-json\/wp\/v2\/media?parent=122397"}],"wp:term":[{"taxonomy":"product_brand","embeddable":true,"href":"https:\/\/thetreecbd.com\/fr\/wp-json\/wp\/v2\/product_brand?post=122397"}],"curies":[{"name":"wp","href":"https:\/\/api.w.org\/{rel}","templated":true}]}}