{"id":123267,"date":"2023-07-19T17:32:53","date_gmt":"2023-07-19T15:32:53","guid":{"rendered":"https:\/\/thetreecbd.com\/?post_type=product&#038;p=123267"},"modified":"2025-07-04T18:16:15","modified_gmt":"2025-07-04T16:16:15","slug":"huile-cbd-sweet-kase","status":"publish","type":"product","link":"https:\/\/thetreecbd.com\/fr\/cbd\/huile-cbd-sweet-kase","title":{"rendered":"Huile Sweet Kase: CBD + CBG par Kase.O"},"content":{"rendered":"<p>Chez The Tree CBD, nous pr\u00e9sentons notre nouvelle huile <strong>Sweet Kase 10% Full Spectrum.<\/strong> Une h<strong>uile de CBD de qualit\u00e9 sup\u00e9rieure enrichie en CBG, rehauss\u00e9e de l&#8217;essence apaisante de m\u00e9lisse et d&#8217;un doux ar\u00f4me de miel.<\/strong><\/p>\n<p>Ce m\u00e9lange extraordinaire combine les bienfaits du CBD et du CBG avec les propri\u00e9t\u00e9s calmantes de la m\u00e9lisse, cr\u00e9ant un produit vraiment exceptionnel.<\/p>\n<p>L&#8217;<a href=\"https:\/\/thetreecbd.com\/fr\/huiles-cbd\">huile de CBD<\/a> Sweet Kase aux ar\u00f4mes de CBG, de m\u00e9lisse et de miel <strong>a \u00e9t\u00e9 cr\u00e9\u00e9e en collaboration avec Kase.O. L&#8217;artiste Javier Ibarra a apport\u00e9 sa vision et sa passion pour la sant\u00e9 et le bien-\u00eatre<\/strong> g\u00e9n\u00e9ral, <strong>avec son engagement en faveur de produits naturels et efficaces qui se refl\u00e8tent clairement dans tous les aspects de cette huile.<\/strong><\/p>\n<p>Cette huile de CBD, \u00e0 <a href=\"https:\/\/thetreecbd.com\/fr\/huiles-cbd\/spectre-complet\">spectre complet<\/a>, pr\u00e9serve tous les composants de la fleur de chanvre et ses propri\u00e9t\u00e9s, a<strong>pportant principalement 5 % de <a href=\"https:\/\/thetreecbd.com\/fr\/huiles-cbd\/huiles-cbd-concentrees-5\">cannabidiol (CBD), 5 %<\/a> de cannabig\u00e9rol (CBG), et des parties mineures de CBF, CBN, CBC et plus de 40 terp\u00e8nes. naturellement pr\u00e9sent dans le chanvre.<\/strong><\/p>\n<h2>Composants et aspect de l&#8217;huile<\/h2>\n<p>Notre huile CBD Sweet Kase de Kase.O et The Tree CBD pr\u00e9sente <strong>une formule innovante qui combine plusieurs ingr\u00e9dients actifs<\/strong> pour offrir une exp\u00e9rience imbattable.<\/p>\n<p><strong>Cette huile de CBD<\/strong> <strong>unique avec de CBG<\/strong>, de m\u00e9lisse et de miel <strong>est fabriqu\u00e9e avec soin et pr\u00e9cision, en utilisant des m\u00e9thodes d&#8217;extraction de pointe pour pr\u00e9server l&#8217;int\u00e9grit\u00e9 des cannabino\u00efdes et des plantes<\/strong>. Chaque lot est <strong>rigoureusement test\u00e9 par des laboratoires tiers pour garantir la puissance, la puret\u00e9 et la s\u00e9curit\u00e9.<\/strong><\/p>\n<p>En pr\u00e9servant tous les composants de la plante et en \u00e9tant filtr\u00e9e, sa couleur est jaune dor\u00e9, semblable \u00e0 l&#8217;huile, et malgr\u00e9 cela, elle continue de maintenir la puret\u00e9 de l&#8217;extrait v\u00e9g\u00e9tal.<\/p>\n<p>Dans notre huile Sweet Kase, vous pouvez retrouver les composants suivants :<\/p>\n<h3>Combinaison de CBD et CBG<\/h3>\n<p>Avec des extraits de plantes de chanvre cultiv\u00e9es biologiquement, il offre une combinaison de deux cannabino\u00efdes majeurs : d&#8217;une part, <strong>le CBD, connu pour ses propri\u00e9t\u00e9s naturelles, agit en synergie avec le CBG pour apporter une puissante combinaison de cannabino\u00efdes et un effet am\u00e9liorant l&#8217;entourage<\/strong>. Souvent appel\u00e9 \u00ab cannabino\u00efde m\u00e8re \u00bb, le CBG offre son propre ensemble unique d\u2019avantages, qui compl\u00e8tent les propri\u00e9t\u00e9s du CBD.<\/p>\n<p><strong>La combinaison du CBD (cannabidiol) et du <a href=\"https:\/\/thetreecbd.com\/fr\/huiles-cbd\/huiles-cbg\">CBG<\/a> (cannabig\u00e9rol) peut renforcer les effets des deux cannabino\u00efdes.<\/strong> Bien que des recherches suppl\u00e9mentaires soient n\u00e9cessaires, on pense que l\u2019interaction entre le CBD et le CBG peut apporter des avantages suppl\u00e9mentaires lorsqu\u2019elle est utilis\u00e9e en combinaison.<\/p>\n<h3>Le pouvoir de M\u00e9lissa<\/h3>\n<p>L&#8217;inclusion d&#8217;extrait de m\u00e9lisse dans notre formule ajoute une couche suppl\u00e9mentaire de calme \u00e0 cette <a href=\"https:\/\/thetreecbd.com\/fr\/huiles-cbd\">huile de CBD<\/a> et CBG. <strong>La m\u00e9lisse, \u00e9galement connue sous le nom de m\u00e9lisse, est utilis\u00e9e depuis des si\u00e8cles pour favoriser la relaxation et soulager le stress.<\/strong><\/p>\n<p>Son ar\u00f4me relaxant peut aider \u00e0 cr\u00e9er un environnement calme et paisible, vous permettant de vous d\u00e9tendre et de trouver un \u00e9quilibre face aux exigences de la vie quotidienne.<\/p>\n<h3>Le pouvoir apaisant de l&#8217;ar\u00f4me du miel<\/h3>\n<p>Pour compl\u00e9ter le m\u00e9lange, nous avons infus\u00e9 nos huiles CBD et CBG avec le d\u00e9licieux ar\u00f4me de miel. Le parfum naturellement doux du <strong>miel ajoute une touche d\u2019indulgence \u00e0 votre exp\u00e9rience d\u2019huile cannabino\u00efde, faisant de l\u2019huile Sweet Kase un voyage v\u00e9ritablement agr\u00e9able et aromatique.<\/strong><\/p>\n<p>Le parfum riche persiste subtilement \u00e0 mesure que l&#8217;huile s&#8217;use, am\u00e9liorant vos sens et am\u00e9liorant l&#8217;exp\u00e9rience globale.<\/p>\n<p>Le miel d&#8217;abeille naturel, tout au long de l&#8217;histoire, s&#8217;est av\u00e9r\u00e9 avoir d&#8217;innombrables propri\u00e9t\u00e9s saines, et pas seulement lors de sa consommation, mais peut \u00e9galement \u00eatre apport\u00e9 au moment de sentir le miel.<\/p>\n<h3>Pourquoi choisir cette huile ?<\/h3>\n<p>Si vous avez besoin d\u2019une dose puissante de CBD, notre formule Sweet Kase 10 % CBD:CBG (1:1) est parfaite.<\/p>\n<p><strong>Nous l&#8217;avons fait sp\u00e9cialement pour ceux qui ont d\u00e9j\u00e0 essay\u00e9 le CBD et recherchent un effet puissant qu&#8217;ils peuvent utiliser pendant la journ\u00e9e, pour ceux qui recherchent une solution qui les d\u00e9tend, les aide \u00e0 se concentrer, \u00e0 se d\u00e9tendre et \u00e0 trouver un soulagement, mais quand m\u00eame. actif pour poursuivre les t\u00e2ches quotidiennes.<\/strong><\/p>\n<p>Gr\u00e2ce \u00e0 des processus sophistiqu\u00e9s d\u2019extraction et de purification du CO\u2082 et \u00e0 des tests ind\u00e9pendants, chaque bouteille contient du CBD de haute qualit\u00e9 sans effets secondaires ind\u00e9sirables, sans additifs ni produits chimiques artificiels.<\/p>\n<p>Notre huile est cultiv\u00e9e de mani\u00e8re biologique, sans pesticides, sans produits chimiques nocifs, selon les contr\u00f4les de qualit\u00e9 les plus rigoureux et avec des ingr\u00e9dients 100 % d&#8217;origine v\u00e9g\u00e9tale.<\/p>\n<p>Cette huile contient moins de 0,2 % de THC, n\u2019a aucun effet psychoactif et est l\u00e9gale dans toute l\u2019Europe.<\/p>\n<h2>Caract\u00e9ristiques de Sweet Kase CBD + CBG Oil 10% Spectre Complet<\/h2>\n<p><strong>5 % de CBD par goutte (2,5 mg par goutte)<\/strong><br \/>\n<strong>5\u00a0% de CBG par goutte (2,5\u00a0mg par goutte)<\/strong><br \/>\n<strong>1% Melisa par goutte (0,5 mg par goutte)<\/strong><br \/>\n<strong>Huile MCT<\/strong><br \/>\n<strong>Parfum de miel<\/strong><br \/>\nR\u00e9cipient doseur de 10 ml.<br \/>\nAgriculture biologique, sans pesticides ni produits chimiques nocifs.<br \/>\nContient moins de 0,2% de THC<br \/>\nUsage topique<\/p>\n<h2>Ingr\u00e9dients de l&#8217;huile Sweet Kase par Kase.O<\/h2>\n<p>Cannabidiol, cannabig\u00e9rol, huile MCT, M\u00e9lisse, Ar\u00f4me Miel<\/p>\n<h2>Ar\u00f4me CBD<\/h2>\n<p>L&#8217;huile Sweet Kase de Kase.O, r\u00e9alis\u00e9e en collaboration avec The Tree CBD, a un doux ar\u00f4me de miel.<\/p>\n<p><strong>Cet ar\u00f4me de miel am\u00e9liore non seulement l&#8217;exp\u00e9rience de cette huile avec son parfum, mais apporte \u00e9galement les bienfaits et les propri\u00e9t\u00e9s du miel.<\/strong><\/p>\n<h2>Utilisateur auquel il est destin\u00e9<\/h2>\n<p>Sweet Kase 10 % (1:1) CBD et CBG Oil, comme son nom l&#8217;indique, contient une quantit\u00e9 de CBD de 10 % du produit total. <strong>Cette concentration de CBD et de CBG est la plus courante chez les personnes ayant d\u00e9j\u00e0 une certaine exp\u00e9rience avec ce cannabino\u00efde, son effet \u00e9tant d&#8217;intensit\u00e9 moyenne\/\u00e9lev\u00e9e.<\/strong><\/p>\n<h2>Information de s\u00e9curit\u00e9<\/h2>\n<p>Veuillez noter que Sweet Kase Full Spectrum 10 % CBD &amp; CBG Oil (1:1) est un produit topique. Il ne doit pas \u00eatre utilis\u00e9 pendant la grossesse ou l&#8217;allaitement. Garder hors de la port\u00e9e des enfants.<\/p>\n<p>Le contenu propos\u00e9 est uniquement \u00e0 des fins d\u2019information et de formation et ne se substitue en aucun cas \u00e0 l\u2019avis m\u00e9dical d\u2019un m\u00e9decin ou d\u2019un pharmacien. Nos textes ne sont pas destin\u00e9s au diagnostic et au traitement ind\u00e9pendants des maladies.<\/p>\n<p>N&#8217;h\u00e9sitez pas \u00e0 nous contacter si vous avez d&#8217;autres questions.<\/p>\n<h2>Stockage<\/h2>\n<p>Id\u00e9alement, l\u2019huile de CBD The Tree doit \u00eatre conserv\u00e9e dans un endroit frais et sec, \u00e0 l\u2019abri des odeurs l\u00e9g\u00e8res et fortes pour \u00e9viter tout type de contamination. \u00c9vitez la lumi\u00e8re directe du soleil et la chaleur.<\/p>\n<p>Conserver dans un endroit frais et sec. Tenir hors de port\u00e9e des enfants.<\/p>\n<p>Attention : La dur\u00e9e de conservation indiqu\u00e9e est de deux ans si elle est stock\u00e9e correctement.<\/p>\n","protected":false},"excerpt":{"rendered":"<p><strong>5 % de CBD par goutte (2,5 mg par goutte)<\/strong><br \/>\n<strong>5\u00a0% de CBG par goutte (2,5\u00a0mg par goutte)<\/strong><br \/>\n<strong>1% Melisa par goutte (0,5 mg par goutte)<\/strong><br \/>\n<strong>Huile MCT<\/strong><br \/>\n<strong>Parfum de miel<\/strong><br \/>\nR\u00e9cipient doseur de 10 ml.<br \/>\nAgriculture biologique, sans pesticides ni produits chimiques nocifs.<br \/>\nContient moins de 0,2% de THC<br \/>\nUsage topique<\/p>\n","protected":false},"featured_media":125963,"template":"","meta":{"_acf_changed":false},"product_brand":[],"class_list":{"0":"post-123267","1":"product","2":"type-product","3":"status-publish","4":"has-post-thumbnail","6":"product_cat-spectre-complet","7":"product_cat-huiles-cbd","8":"product_cat-huiles-cbd-concentrees-10","9":"product_cat-huiles-cbg","10":"product_cat-cbd-concentrees-20","11":"product_cat-cbd-sommeil","12":"product_cat-sweet-kase-cbd-by-kase-o-fr","14":"first","15":"outofstock","16":"taxable","17":"shipping-taxable","18":"purchasable","19":"product-type-simple"},"acf":[],"yoast_head":"<!-- This site is optimized with the Yoast SEO plugin v26.3 - https:\/\/yoast.com\/wordpress\/plugins\/seo\/ -->\n<title>Huile Sweet Kase: CBD + CBG par Kase.O | The Tree CBD<\/title>\n<meta name=\"description\" content=\"Huile Kase.O 10% dans un \u00e9quilibre parfait entre CBD et CBG. Ar\u00f4me de miel et concentration de m\u00e9lisse pour une d\u00e9tente optimale. Ne le manquez pas!\" \/>\n<meta name=\"robots\" content=\"index, follow, max-snippet:-1, max-image-preview:large, max-video-preview:-1\" \/>\n<link rel=\"canonical\" href=\"https:\/\/thetreecbd.com\/fr\/cbd\/huile-cbd-sweet-kase\" \/>\n<meta property=\"og:locale\" content=\"fr_FR\" \/>\n<meta property=\"og:type\" content=\"article\" \/>\n<meta property=\"og:title\" content=\"Huile Sweet Kase: CBD + CBG par Kase.O | The Tree CBD\" \/>\n<meta property=\"og:description\" content=\"Huile Kase.O 10% dans un \u00e9quilibre parfait entre CBD et CBG. Ar\u00f4me de miel et concentration de m\u00e9lisse pour une d\u00e9tente optimale. Ne le manquez pas!\" \/>\n<meta property=\"og:url\" content=\"https:\/\/thetreecbd.com\/fr\/cbd\/huile-cbd-sweet-kase\" \/>\n<meta property=\"og:site_name\" content=\"The Tree CBD\" \/>\n<meta property=\"article:publisher\" content=\"https:\/\/www.facebook.com\/thetreeCBD\/\" \/>\n<meta property=\"article:modified_time\" content=\"2025-07-04T16:16:15+00:00\" \/>\n<meta property=\"og:image\" content=\"https:\/\/thetreecbd.com\/wp-content\/uploads\/2023\/09\/aceite-sweet-kase-web.png\" \/>\n\t<meta property=\"og:image:width\" content=\"600\" \/>\n\t<meta property=\"og:image:height\" content=\"720\" \/>\n\t<meta property=\"og:image:type\" content=\"image\/png\" \/>\n<meta name=\"twitter:card\" content=\"summary_large_image\" \/>\n<meta name=\"twitter:site\" content=\"@TheTreeCBD_EU\" \/>\n<meta name=\"twitter:label1\" content=\"Dur\u00e9e de lecture estim\u00e9e\" \/>\n\t<meta name=\"twitter:data1\" content=\"5 minutes\" \/>\n<script type=\"application\/ld+json\" class=\"yoast-schema-graph\">{\"@context\":\"https:\/\/schema.org\",\"@graph\":[{\"@type\":[\"WebPage\",\"ItemPage\"],\"@id\":\"https:\/\/thetreecbd.com\/fr\/cbd\/huile-cbd-sweet-kase\",\"url\":\"https:\/\/thetreecbd.com\/fr\/cbd\/huile-cbd-sweet-kase\",\"name\":\"Huile Sweet Kase: CBD + CBG par Kase.O | The Tree CBD\",\"isPartOf\":{\"@id\":\"https:\/\/thetreecbd.com\/fr#website\"},\"primaryImageOfPage\":{\"@id\":\"https:\/\/thetreecbd.com\/fr\/cbd\/huile-cbd-sweet-kase#primaryimage\"},\"image\":{\"@id\":\"https:\/\/thetreecbd.com\/fr\/cbd\/huile-cbd-sweet-kase#primaryimage\"},\"thumbnailUrl\":\"https:\/\/thetreecbd.com\/wp-content\/uploads\/2023\/09\/aceite-sweet-kase-web.png\",\"datePublished\":\"2023-07-19T15:32:53+00:00\",\"dateModified\":\"2025-07-04T16:16:15+00:00\",\"description\":\"Huile Kase.O 10% dans un \u00e9quilibre parfait entre CBD et CBG. Ar\u00f4me de miel et concentration de m\u00e9lisse pour une d\u00e9tente optimale. Ne le manquez pas!\",\"breadcrumb\":{\"@id\":\"https:\/\/thetreecbd.com\/fr\/cbd\/huile-cbd-sweet-kase#breadcrumb\"},\"inLanguage\":\"fr-FR\",\"potentialAction\":[{\"@type\":\"ReadAction\",\"target\":[\"https:\/\/thetreecbd.com\/fr\/cbd\/huile-cbd-sweet-kase\"]}]},{\"@type\":\"ImageObject\",\"inLanguage\":\"fr-FR\",\"@id\":\"https:\/\/thetreecbd.com\/fr\/cbd\/huile-cbd-sweet-kase#primaryimage\",\"url\":\"https:\/\/thetreecbd.com\/wp-content\/uploads\/2023\/09\/aceite-sweet-kase-web.png\",\"contentUrl\":\"https:\/\/thetreecbd.com\/wp-content\/uploads\/2023\/09\/aceite-sweet-kase-web.png\",\"width\":600,\"height\":720,\"caption\":\"aceite-sweet-kase-cbd-cbg\"},{\"@type\":\"BreadcrumbList\",\"@id\":\"https:\/\/thetreecbd.com\/fr\/cbd\/huile-cbd-sweet-kase#breadcrumb\",\"itemListElement\":[{\"@type\":\"ListItem\",\"position\":1,\"name\":\"The Tree\",\"item\":\"https:\/\/thetreecbd.com\/fr\"},{\"@type\":\"ListItem\",\"position\":2,\"name\":\"CBD\",\"item\":\"https:\/\/thetreecbd.com\/es\/cbd\"},{\"@type\":\"ListItem\",\"position\":3,\"name\":\"Huile de CBD\",\"item\":\"https:\/\/thetreecbd.com\/fr\/huiles-cbd\"},{\"@type\":\"ListItem\",\"position\":4,\"name\":\"Huile Sweet Kase: CBD + CBG par Kase.O\"}]},{\"@type\":\"WebSite\",\"@id\":\"https:\/\/thetreecbd.com\/fr#website\",\"url\":\"https:\/\/thetreecbd.com\/fr\",\"name\":\"The Tree CBD\",\"description\":\"Comprar CBD en Espa\u00f1a Online\",\"publisher\":{\"@id\":\"https:\/\/thetreecbd.com\/fr#organization\"},\"potentialAction\":[{\"@type\":\"SearchAction\",\"target\":{\"@type\":\"EntryPoint\",\"urlTemplate\":\"https:\/\/thetreecbd.com\/fr?s={search_term_string}\"},\"query-input\":{\"@type\":\"PropertyValueSpecification\",\"valueRequired\":true,\"valueName\":\"search_term_string\"}}],\"inLanguage\":\"fr-FR\"},{\"@type\":\"Organization\",\"@id\":\"https:\/\/thetreecbd.com\/fr#organization\",\"name\":\"The Tree CBD\",\"url\":\"https:\/\/thetreecbd.com\/fr\",\"logo\":{\"@type\":\"ImageObject\",\"inLanguage\":\"fr-FR\",\"@id\":\"https:\/\/thetreecbd.com\/fr#\/schema\/logo\/image\/\",\"url\":\"https:\/\/thetreecbd.com\/wp-content\/uploads\/2022\/04\/logo-thetree.png\",\"contentUrl\":\"https:\/\/thetreecbd.com\/wp-content\/uploads\/2022\/04\/logo-thetree.png\",\"width\":172,\"height\":55,\"caption\":\"The Tree CBD\"},\"image\":{\"@id\":\"https:\/\/thetreecbd.com\/fr#\/schema\/logo\/image\/\"},\"sameAs\":[\"https:\/\/www.facebook.com\/thetreeCBD\/\",\"https:\/\/x.com\/TheTreeCBD_EU\",\"https:\/\/www.instagram.com\/thetree.cbd\/\",\"https:\/\/es.trustpilot.com\/review\/thetreecbd.com\"]}]}<\/script>\n<!-- \/ Yoast SEO plugin. -->","yoast_head_json":{"title":"Huile Sweet Kase: CBD + CBG par Kase.O | The Tree CBD","description":"Huile Kase.O 10% dans un \u00e9quilibre parfait entre CBD et CBG. Ar\u00f4me de miel et concentration de m\u00e9lisse pour une d\u00e9tente optimale. Ne le manquez pas!","robots":{"index":"index","follow":"follow","max-snippet":"max-snippet:-1","max-image-preview":"max-image-preview:large","max-video-preview":"max-video-preview:-1"},"canonical":"https:\/\/thetreecbd.com\/fr\/cbd\/huile-cbd-sweet-kase","og_locale":"fr_FR","og_type":"article","og_title":"Huile Sweet Kase: CBD + CBG par Kase.O | The Tree CBD","og_description":"Huile Kase.O 10% dans un \u00e9quilibre parfait entre CBD et CBG. Ar\u00f4me de miel et concentration de m\u00e9lisse pour une d\u00e9tente optimale. Ne le manquez pas!","og_url":"https:\/\/thetreecbd.com\/fr\/cbd\/huile-cbd-sweet-kase","og_site_name":"The Tree CBD","article_publisher":"https:\/\/www.facebook.com\/thetreeCBD\/","article_modified_time":"2025-07-04T16:16:15+00:00","og_image":[{"width":600,"height":720,"url":"https:\/\/thetreecbd.com\/wp-content\/uploads\/2023\/09\/aceite-sweet-kase-web.png","type":"image\/png"}],"twitter_card":"summary_large_image","twitter_site":"@TheTreeCBD_EU","twitter_misc":{"Dur\u00e9e de lecture estim\u00e9e":"5 minutes"},"schema":{"@context":"https:\/\/schema.org","@graph":[{"@type":["WebPage","ItemPage"],"@id":"https:\/\/thetreecbd.com\/fr\/cbd\/huile-cbd-sweet-kase","url":"https:\/\/thetreecbd.com\/fr\/cbd\/huile-cbd-sweet-kase","name":"Huile Sweet Kase: CBD + CBG par Kase.O | The Tree CBD","isPartOf":{"@id":"https:\/\/thetreecbd.com\/fr#website"},"primaryImageOfPage":{"@id":"https:\/\/thetreecbd.com\/fr\/cbd\/huile-cbd-sweet-kase#primaryimage"},"image":{"@id":"https:\/\/thetreecbd.com\/fr\/cbd\/huile-cbd-sweet-kase#primaryimage"},"thumbnailUrl":"https:\/\/thetreecbd.com\/wp-content\/uploads\/2023\/09\/aceite-sweet-kase-web.png","datePublished":"2023-07-19T15:32:53+00:00","dateModified":"2025-07-04T16:16:15+00:00","description":"Huile Kase.O 10% dans un \u00e9quilibre parfait entre CBD et CBG. Ar\u00f4me de miel et concentration de m\u00e9lisse pour une d\u00e9tente optimale. Ne le manquez pas!","breadcrumb":{"@id":"https:\/\/thetreecbd.com\/fr\/cbd\/huile-cbd-sweet-kase#breadcrumb"},"inLanguage":"fr-FR","potentialAction":[{"@type":"ReadAction","target":["https:\/\/thetreecbd.com\/fr\/cbd\/huile-cbd-sweet-kase"]}]},{"@type":"ImageObject","inLanguage":"fr-FR","@id":"https:\/\/thetreecbd.com\/fr\/cbd\/huile-cbd-sweet-kase#primaryimage","url":"https:\/\/thetreecbd.com\/wp-content\/uploads\/2023\/09\/aceite-sweet-kase-web.png","contentUrl":"https:\/\/thetreecbd.com\/wp-content\/uploads\/2023\/09\/aceite-sweet-kase-web.png","width":600,"height":720,"caption":"aceite-sweet-kase-cbd-cbg"},{"@type":"BreadcrumbList","@id":"https:\/\/thetreecbd.com\/fr\/cbd\/huile-cbd-sweet-kase#breadcrumb","itemListElement":[{"@type":"ListItem","position":1,"name":"The Tree","item":"https:\/\/thetreecbd.com\/fr"},{"@type":"ListItem","position":2,"name":"CBD","item":"https:\/\/thetreecbd.com\/es\/cbd"},{"@type":"ListItem","position":3,"name":"Huile de CBD","item":"https:\/\/thetreecbd.com\/fr\/huiles-cbd"},{"@type":"ListItem","position":4,"name":"Huile Sweet Kase: CBD + CBG par Kase.O"}]},{"@type":"WebSite","@id":"https:\/\/thetreecbd.com\/fr#website","url":"https:\/\/thetreecbd.com\/fr","name":"The Tree CBD","description":"Comprar CBD en Espa\u00f1a Online","publisher":{"@id":"https:\/\/thetreecbd.com\/fr#organization"},"potentialAction":[{"@type":"SearchAction","target":{"@type":"EntryPoint","urlTemplate":"https:\/\/thetreecbd.com\/fr?s={search_term_string}"},"query-input":{"@type":"PropertyValueSpecification","valueRequired":true,"valueName":"search_term_string"}}],"inLanguage":"fr-FR"},{"@type":"Organization","@id":"https:\/\/thetreecbd.com\/fr#organization","name":"The Tree CBD","url":"https:\/\/thetreecbd.com\/fr","logo":{"@type":"ImageObject","inLanguage":"fr-FR","@id":"https:\/\/thetreecbd.com\/fr#\/schema\/logo\/image\/","url":"https:\/\/thetreecbd.com\/wp-content\/uploads\/2022\/04\/logo-thetree.png","contentUrl":"https:\/\/thetreecbd.com\/wp-content\/uploads\/2022\/04\/logo-thetree.png","width":172,"height":55,"caption":"The Tree CBD"},"image":{"@id":"https:\/\/thetreecbd.com\/fr#\/schema\/logo\/image\/"},"sameAs":["https:\/\/www.facebook.com\/thetreeCBD\/","https:\/\/x.com\/TheTreeCBD_EU","https:\/\/www.instagram.com\/thetree.cbd\/","https:\/\/es.trustpilot.com\/review\/thetreecbd.com"]}]}},"_links":{"self":[{"href":"https:\/\/thetreecbd.com\/fr\/wp-json\/wp\/v2\/product\/123267","targetHints":{"allow":["GET"]}}],"collection":[{"href":"https:\/\/thetreecbd.com\/fr\/wp-json\/wp\/v2\/product"}],"about":[{"href":"https:\/\/thetreecbd.com\/fr\/wp-json\/wp\/v2\/types\/product"}],"version-history":[{"count":0,"href":"https:\/\/thetreecbd.com\/fr\/wp-json\/wp\/v2\/product\/123267\/revisions"}],"wp:featuredmedia":[{"embeddable":true,"href":"https:\/\/thetreecbd.com\/fr\/wp-json\/wp\/v2\/media\/125963"}],"wp:attachment":[{"href":"https:\/\/thetreecbd.com\/fr\/wp-json\/wp\/v2\/media?parent=123267"}],"wp:term":[{"taxonomy":"product_brand","embeddable":true,"href":"https:\/\/thetreecbd.com\/fr\/wp-json\/wp\/v2\/product_brand?post=123267"}],"curies":[{"name":"wp","href":"https:\/\/api.w.org\/{rel}","templated":true}]}}