{"id":123442,"date":"2023-09-04T16:31:16","date_gmt":"2023-09-04T14:31:16","guid":{"rendered":"https:\/\/thetreecbd.com\/?post_type=product&#038;p=123442"},"modified":"2025-07-04T17:24:29","modified_gmt":"2025-07-04T15:24:29","slug":"infusion-chanvre-sweet-kase","status":"publish","type":"product","link":"https:\/\/thetreecbd.com\/fr\/cbd\/infusion-chanvre-sweet-kase","title":{"rendered":"Infusion Sweet Kase : Infusion de chanvre par Kase.O"},"content":{"rendered":"<p>Plongez dans un monde de s\u00e9r\u00e9nit\u00e9 et de d\u00e9tente avec notre infusion biologique Sweet Kase, une collaboration sp\u00e9ciale entre The Tree CBD et l&#8217;artiste de renom Kase.O. Cette infusion soigneusement pr\u00e9par\u00e9e associe une s\u00e9lection d&#8217;ingr\u00e9dients naturels de la plus haute qualit\u00e9 pour vous offrir un moment de paix et de repos.<\/p>\n<p><strong>Le Rooibos<\/strong>, connu pour ses propri\u00e9t\u00e9s relaxantes, e<strong>st associ\u00e9 au chanvre,<\/strong> plante exceptionnellement b\u00e9n\u00e9fique pour le bien-\u00eatre g\u00e9n\u00e9ral. Ensemble, <strong>ils cr\u00e9ent une base douce et r\u00e9confortante qui vous aide \u00e0 vous lib\u00e9rer du stress du quotidien. La camomille, la menthe et le zeste de citron s&#8217;ajoutent \u00e0 ce m\u00e9lange, apportant une sensation apaisante et rafra\u00eechissante \u00e0 chaque gorg\u00e9e.<\/strong><\/p>\n<p>Pour ajouter une touche de douceur naturelle, nous avons incorpor\u00e9 de <strong>la pomme<\/strong>, <strong>qui s&#8217;associe parfaitement \u00e0 la r\u00e9glisse et aux p\u00e9tales de rose, offrant un \u00e9quilibre harmonieux de saveurs.<\/strong> Ces ingr\u00e9dients ont \u00e9t\u00e9 <strong>soigneusement s\u00e9lectionn\u00e9s pour leur capacit\u00e9 \u00e0 favoriser la tranquillit\u00e9 et \u00e0 cr\u00e9er une exp\u00e9rience sensorielle unique<\/strong>.<\/p>\n<p><strong>Notre infusion biologique Sweet Kase est compos\u00e9e \u00e0 100 % d&#8217;ingr\u00e9dients issus de sources durables et est certifi\u00e9e biologique.<\/strong> Chaque composant a \u00e9t\u00e9 cultiv\u00e9 de mani\u00e8re responsable, sans utilisation de produits chimiques ou de pesticides nocifs, pr\u00e9servant ainsi sa puret\u00e9 et ses bienfaits naturels.<\/p>\n<p>Pour garantir la plus haute qualit\u00e9 et la puissance de nos ingr\u00e9dients, nous avons ajout\u00e9 un ar\u00f4me naturel qui am\u00e9liore encore l&#8217;exp\u00e9rience de cette infusion. Chaque tasse vous enveloppera de son parfum doux et r\u00e9confortant, vous invitant \u00e0 un sommeil r\u00e9parateur.<\/p>\n<p>Profitez de l&#8217;infusion biologique Sweet Kase de The Tree CBD et Kase.O avant de vous coucher pour d\u00e9tendre votre esprit et vous pr\u00e9parer \u00e0 un repos profond et revitalisant. \u00c0 chaque gorg\u00e9e, vous serez transport\u00e9 dans un \u00e9tat de calme et de bien-\u00eatre, vous permettant de faire de doux r\u00eaves nocturnes.<\/p>\n<p>D\u00e9couvrez le pouvoir de la nature et offrez-vous un moment de paix avec notre infusion bio Sweet Kase by The Tree et Kase.O.<\/p>\n<h2>Caract\u00e9ristiques de l&#8217;infusion Sweet Kase de Kase.O<\/h2>\n<ul>\n<li>Infusion relaxante certifi\u00e9e biologique<\/li>\n<li>Format 50 gr.<\/li>\n<li>Ingr\u00e9dients : Rooibos, chanvre, camomille, menthe, pomme, r\u00e9glisse, zeste de citron, p\u00e9tales de rose, ar\u00f4me naturel<\/li>\n<\/ul>\n<h2>Ar\u00f4me de fleurs de CBD Sweet Kase By Kase.O<\/h2>\n<p>L&#8217;ar\u00f4me de l&#8217;infusion Sweet Kase est <strong>une combinaison exquise de notes douces et r\u00e9confortantes qui vous enveloppent d&#8217;une sensation chaleureuse et relaxante.<\/strong> En rapprochant la tasse de votre nez, vous serez accueilli par un <strong>d\u00e9licat parfum floral provenant des p\u00e9tales de rose,<\/strong> qui ajoute une touche \u00e9l\u00e9gante et s\u00e9duisante.<\/p>\n<p><strong>Les nuances douces et fra\u00eeches du zeste de pomme et de citron<\/strong> s&#8217;entrelacent doucement, procurant une sensation accueillante et rajeunissante. <strong>La camomille et la menthe ajoutent une note herbac\u00e9e rafra\u00eechissante<\/strong> qui contribue \u00e0 une sensation globale de bien-\u00eatre.<\/p>\n<p><strong>Le Rooibos et le chanvre ajoutent une touche terreuse et bois\u00e9e au parfum<\/strong>, rappelant la nature \u00e0 l&#8217;\u00e9tat pur. La pr\u00e9sence de <strong>r\u00e9glisse se fait \u00e9galement sentir, ajoutant une note subtilement sucr\u00e9e qui \u00e9quilibre le reste des ingr\u00e9dients.<\/strong><\/p>\n<p>Ensemble, l&#8217;ar\u00f4me naturel ajout\u00e9 am\u00e9liore toute l&#8217;exp\u00e9rience olfactive, intensifiant les propri\u00e9t\u00e9s relaxantes et calmantes de l&#8217;infusion. C&#8217;est un ar\u00f4me doux mais distinctif, qui cr\u00e9e une sensation de confort et de bien-\u00eatre avant m\u00eame de l&#8217;essayer.<\/p>\n<p>L&#8217;infusion Sweet Kase poss\u00e8de un parfum subtil et harmonieux qui \u00e9voque la paix et la s\u00e9r\u00e9nit\u00e9, vous pr\u00e9parant \u00e0 un moment de repos et de d\u00e9tente. Chaque inhalation vous invite \u00e0 vous d\u00e9connecter de l&#8217;agitation de la journ\u00e9e et \u00e0 vous plonger dans une exp\u00e9rience sensorielle favorisant la relaxation et l&#8217;\u00e9quilibre.<\/p>\n<h2>Utilisateur auquel il est destin\u00e9<\/h2>\n<p><strong>Le th\u00e9 biologique Sweet Kase est parfait pour tous ceux qui recherchent un moment calme et relaxant avant de se coucher.<\/strong> Il est sp\u00e9cialement con\u00e7u pour les personnes qui souhaitent am\u00e9liorer la qualit\u00e9 de leur sommeil nocturne et faire de beaux r\u00eaves.<\/p>\n<p><strong>Il est id\u00e9al pour ceux qui vivent des moments de stress ou d&#8217;anxi\u00e9t\u00e9 et qui souhaitent trouver un rem\u00e8de naturel pour calmer l&#8217;esprit<\/strong> et se pr\u00e9parer \u00e0 une bonne nuit de sommeil. Des ingr\u00e9dients soigneusement s\u00e9lectionn\u00e9s, comme l<strong>a camomille et la menthe poivr\u00e9e, ont des propri\u00e9t\u00e9s calmantes qui aident \u00e0 soulager les tensions et favorisent un \u00e9tat de calme et de bien-\u00eatre.<\/strong><\/p>\n<p><strong>L&#8217;infusion convient \u00e9galement \u00e0 ceux qui souhaitent vivre une exp\u00e9rience sensorielle agr\u00e9able en buvant une tasse d&#8217;infusion avant de se coucher<\/strong>. Son ar\u00f4me doux et r\u00e9confortant, alli\u00e9 \u00e0 la d\u00e9licatesse des saveurs, invite \u00e0 un moment de pause et de r\u00e9flexion, cr\u00e9ant un environnement propice \u00e0 la d\u00e9tente.<\/p>\n<p>De plus, \u00e9tant une infusion biologique avec des ingr\u00e9dients naturels, c&#8217;est une excellente option pour ceux qui appr\u00e9cient le soin de l&#8217;environnement et recherchent des produits durables et respectueux de la nature.<\/p>\n<p>Cette infusion <strong>vous invite \u00e0 vous d\u00e9connecter du monde ext\u00e9rieur et \u00e0 cr\u00e9er un moment de soin personnel et de bien-\u00eatre<\/strong> authentique, vous pr\u00e9parant \u00e0 un sommeil paisible et r\u00e9parateur qui vous permet de vous r\u00e9veiller frais et plein d&#8217;\u00e9nergie chaque matin.<\/p>\n<h2>Information de s\u00e9curit\u00e9<\/h2>\n<p>La lumi\u00e8re d\u00e9t\u00e9riore les herbes, il est donc d\u00e9conseill\u00e9 de les conserver dans des bocaux en verre m\u00eame s&#8217;ils sont tr\u00e8s beaux comme \u00e9l\u00e9ment d\u00e9coratif. Nous recommandons une canette avec un joint herm\u00e9tique.<\/p>\n<p>Il est pr\u00e9f\u00e9rable de conserver l&#8217;infusion dans un r\u00e9cipient herm\u00e9tiquement ferm\u00e9, qui emp\u00eachera le passage de toute odeur et la prot\u00e9gera ad\u00e9quatement de l&#8217;humidit\u00e9 et de l&#8217;air.<\/p>\n<h2>Stockage<\/h2>\n<p>Une fois que vous avez achet\u00e9 l&#8217;infusion Sweet Kase, il est important de savoir comment la conserver, pour cela il est pr\u00e9f\u00e9rable de<strong> la conserver dans une bo\u00eete herm\u00e9tique qui n&#8217;est pas en verre et de la mettre dans un endroit frais et sec,<\/strong> \u00e0 l&#8217;\u00e9cart de odeurs fortes.<\/p>\n<p>L&#8217;infusion Sweet Kase doit \u00eatre conserv\u00e9e dans un endroit sec, propre et sans odeur afin de garantir qu&#8217;elle ne perde pas ses qualit\u00e9s organoleptiques. Nous vous <strong>recommandons de ne pas d\u00e9passer une temp\u00e9rature de 20\u00baC, en faisant particuli\u00e8rement attention pendant les mois les plus chauds.<\/strong><\/p>\n","protected":false},"excerpt":{"rendered":"<ul>\n<li>Infusion relaxante certifi\u00e9e biologique<\/li>\n<li>Format 50 gr.<\/li>\n<li>Ingr\u00e9dients : Rooibos, chanvre, camomille, menthe, pomme, r\u00e9glisse, zeste de citron, p\u00e9tales de rose, ar\u00f4me naturel<\/li>\n<\/ul>\n","protected":false},"featured_media":125966,"template":"","meta":{"_acf_changed":false},"product_brand":[],"class_list":{"0":"post-123442","1":"product","2":"type-product","3":"status-publish","4":"has-post-thumbnail","6":"product_cat-infusions-chanvre","7":"product_cat-nourriture-et-boissons","8":"product_cat-promotions-cbd","9":"product_cat-sweet-kase-cbd-by-kase-o-fr","11":"first","12":"instock","13":"sale","14":"taxable","15":"shipping-taxable","16":"purchasable","17":"product-type-simple"},"acf":[],"yoast_head":"<!-- This site is optimized with the Yoast SEO plugin v26.3 - https:\/\/yoast.com\/wordpress\/plugins\/seo\/ -->\n<title>Infusion Sweet Kase : Infusion de chanvre par Kase.O - The Tree CBD<\/title>\n<meta name=\"description\" content=\"Infusion de chanvre Kase.O pour une d\u00e9tente totale. D\u00e9couvrez l&#039;\u00e9quilibre de Sweet Kase entre agrumes et produits relaxants \u00e0 l&#039;ar\u00f4me agr\u00e9able\" \/>\n<meta name=\"robots\" content=\"index, follow, max-snippet:-1, max-image-preview:large, max-video-preview:-1\" \/>\n<link rel=\"canonical\" href=\"https:\/\/thetreecbd.com\/fr\/cbd\/infusion-chanvre-sweet-kase\" \/>\n<meta property=\"og:locale\" content=\"fr_FR\" \/>\n<meta property=\"og:type\" content=\"article\" \/>\n<meta property=\"og:title\" content=\"Infusion Sweet Kase : Infusion de chanvre par Kase.O - The Tree CBD\" \/>\n<meta property=\"og:description\" content=\"Infusion de chanvre Kase.O pour une d\u00e9tente totale. D\u00e9couvrez l&#039;\u00e9quilibre de Sweet Kase entre agrumes et produits relaxants \u00e0 l&#039;ar\u00f4me agr\u00e9able\" \/>\n<meta property=\"og:url\" content=\"https:\/\/thetreecbd.com\/fr\/cbd\/infusion-chanvre-sweet-kase\" \/>\n<meta property=\"og:site_name\" content=\"The Tree CBD\" \/>\n<meta property=\"article:publisher\" content=\"https:\/\/www.facebook.com\/thetreeCBD\/\" \/>\n<meta property=\"article:modified_time\" content=\"2025-07-04T15:24:29+00:00\" \/>\n<meta property=\"og:image\" content=\"https:\/\/thetreecbd.com\/wp-content\/uploads\/2023\/09\/flor-sweet-kase-web.png\" \/>\n\t<meta property=\"og:image:width\" content=\"600\" \/>\n\t<meta property=\"og:image:height\" content=\"720\" \/>\n\t<meta property=\"og:image:type\" content=\"image\/png\" \/>\n<meta name=\"twitter:card\" content=\"summary_large_image\" \/>\n<meta name=\"twitter:site\" content=\"@TheTreeCBD_EU\" \/>\n<meta name=\"twitter:label1\" content=\"Dur\u00e9e de lecture estim\u00e9e\" \/>\n\t<meta name=\"twitter:data1\" content=\"5 minutes\" \/>\n<script type=\"application\/ld+json\" class=\"yoast-schema-graph\">{\"@context\":\"https:\/\/schema.org\",\"@graph\":[{\"@type\":[\"WebPage\",\"ItemPage\"],\"@id\":\"https:\/\/thetreecbd.com\/fr\/cbd\/infusion-chanvre-sweet-kase\",\"url\":\"https:\/\/thetreecbd.com\/fr\/cbd\/infusion-chanvre-sweet-kase\",\"name\":\"Infusion Sweet Kase : Infusion de chanvre par Kase.O - The Tree CBD\",\"isPartOf\":{\"@id\":\"https:\/\/thetreecbd.com\/fr#website\"},\"primaryImageOfPage\":{\"@id\":\"https:\/\/thetreecbd.com\/fr\/cbd\/infusion-chanvre-sweet-kase#primaryimage\"},\"image\":{\"@id\":\"https:\/\/thetreecbd.com\/fr\/cbd\/infusion-chanvre-sweet-kase#primaryimage\"},\"thumbnailUrl\":\"https:\/\/thetreecbd.com\/wp-content\/uploads\/2023\/09\/flor-sweet-kase-web.png\",\"datePublished\":\"2023-09-04T14:31:16+00:00\",\"dateModified\":\"2025-07-04T15:24:29+00:00\",\"description\":\"Infusion de chanvre Kase.O pour une d\u00e9tente totale. D\u00e9couvrez l'\u00e9quilibre de Sweet Kase entre agrumes et produits relaxants \u00e0 l'ar\u00f4me agr\u00e9able\",\"breadcrumb\":{\"@id\":\"https:\/\/thetreecbd.com\/fr\/cbd\/infusion-chanvre-sweet-kase#breadcrumb\"},\"inLanguage\":\"fr-FR\",\"potentialAction\":[{\"@type\":\"ReadAction\",\"target\":[\"https:\/\/thetreecbd.com\/fr\/cbd\/infusion-chanvre-sweet-kase\"]}]},{\"@type\":\"ImageObject\",\"inLanguage\":\"fr-FR\",\"@id\":\"https:\/\/thetreecbd.com\/fr\/cbd\/infusion-chanvre-sweet-kase#primaryimage\",\"url\":\"https:\/\/thetreecbd.com\/wp-content\/uploads\/2023\/09\/flor-sweet-kase-web.png\",\"contentUrl\":\"https:\/\/thetreecbd.com\/wp-content\/uploads\/2023\/09\/flor-sweet-kase-web.png\",\"width\":600,\"height\":720,\"caption\":\"flor-infusi\u00f3n-sweet-kase-cbd\"},{\"@type\":\"BreadcrumbList\",\"@id\":\"https:\/\/thetreecbd.com\/fr\/cbd\/infusion-chanvre-sweet-kase#breadcrumb\",\"itemListElement\":[{\"@type\":\"ListItem\",\"position\":1,\"name\":\"The Tree\",\"item\":\"https:\/\/thetreecbd.com\/fr\"},{\"@type\":\"ListItem\",\"position\":2,\"name\":\"CBD\",\"item\":\"https:\/\/thetreecbd.com\/es\/cbd\"},{\"@type\":\"ListItem\",\"position\":3,\"name\":\"Infusions de chanvre\",\"item\":\"https:\/\/thetreecbd.com\/fr\/infusions-chanvre\"},{\"@type\":\"ListItem\",\"position\":4,\"name\":\"Infusion Sweet Kase : Infusion de chanvre par Kase.O\"}]},{\"@type\":\"WebSite\",\"@id\":\"https:\/\/thetreecbd.com\/fr#website\",\"url\":\"https:\/\/thetreecbd.com\/fr\",\"name\":\"The Tree CBD\",\"description\":\"Comprar CBD en Espa\u00f1a Online\",\"publisher\":{\"@id\":\"https:\/\/thetreecbd.com\/fr#organization\"},\"potentialAction\":[{\"@type\":\"SearchAction\",\"target\":{\"@type\":\"EntryPoint\",\"urlTemplate\":\"https:\/\/thetreecbd.com\/fr?s={search_term_string}\"},\"query-input\":{\"@type\":\"PropertyValueSpecification\",\"valueRequired\":true,\"valueName\":\"search_term_string\"}}],\"inLanguage\":\"fr-FR\"},{\"@type\":\"Organization\",\"@id\":\"https:\/\/thetreecbd.com\/fr#organization\",\"name\":\"The Tree CBD\",\"url\":\"https:\/\/thetreecbd.com\/fr\",\"logo\":{\"@type\":\"ImageObject\",\"inLanguage\":\"fr-FR\",\"@id\":\"https:\/\/thetreecbd.com\/fr#\/schema\/logo\/image\/\",\"url\":\"https:\/\/thetreecbd.com\/wp-content\/uploads\/2022\/04\/logo-thetree.png\",\"contentUrl\":\"https:\/\/thetreecbd.com\/wp-content\/uploads\/2022\/04\/logo-thetree.png\",\"width\":172,\"height\":55,\"caption\":\"The Tree CBD\"},\"image\":{\"@id\":\"https:\/\/thetreecbd.com\/fr#\/schema\/logo\/image\/\"},\"sameAs\":[\"https:\/\/www.facebook.com\/thetreeCBD\/\",\"https:\/\/x.com\/TheTreeCBD_EU\",\"https:\/\/www.instagram.com\/thetree.cbd\/\",\"https:\/\/es.trustpilot.com\/review\/thetreecbd.com\"]}]}<\/script>\n<!-- \/ Yoast SEO plugin. -->","yoast_head_json":{"title":"Infusion Sweet Kase : Infusion de chanvre par Kase.O - The Tree CBD","description":"Infusion de chanvre Kase.O pour une d\u00e9tente totale. D\u00e9couvrez l'\u00e9quilibre de Sweet Kase entre agrumes et produits relaxants \u00e0 l'ar\u00f4me agr\u00e9able","robots":{"index":"index","follow":"follow","max-snippet":"max-snippet:-1","max-image-preview":"max-image-preview:large","max-video-preview":"max-video-preview:-1"},"canonical":"https:\/\/thetreecbd.com\/fr\/cbd\/infusion-chanvre-sweet-kase","og_locale":"fr_FR","og_type":"article","og_title":"Infusion Sweet Kase : Infusion de chanvre par Kase.O - The Tree CBD","og_description":"Infusion de chanvre Kase.O pour une d\u00e9tente totale. D\u00e9couvrez l'\u00e9quilibre de Sweet Kase entre agrumes et produits relaxants \u00e0 l'ar\u00f4me agr\u00e9able","og_url":"https:\/\/thetreecbd.com\/fr\/cbd\/infusion-chanvre-sweet-kase","og_site_name":"The Tree CBD","article_publisher":"https:\/\/www.facebook.com\/thetreeCBD\/","article_modified_time":"2025-07-04T15:24:29+00:00","og_image":[{"width":600,"height":720,"url":"https:\/\/thetreecbd.com\/wp-content\/uploads\/2023\/09\/flor-sweet-kase-web.png","type":"image\/png"}],"twitter_card":"summary_large_image","twitter_site":"@TheTreeCBD_EU","twitter_misc":{"Dur\u00e9e de lecture estim\u00e9e":"5 minutes"},"schema":{"@context":"https:\/\/schema.org","@graph":[{"@type":["WebPage","ItemPage"],"@id":"https:\/\/thetreecbd.com\/fr\/cbd\/infusion-chanvre-sweet-kase","url":"https:\/\/thetreecbd.com\/fr\/cbd\/infusion-chanvre-sweet-kase","name":"Infusion Sweet Kase : Infusion de chanvre par Kase.O - The Tree CBD","isPartOf":{"@id":"https:\/\/thetreecbd.com\/fr#website"},"primaryImageOfPage":{"@id":"https:\/\/thetreecbd.com\/fr\/cbd\/infusion-chanvre-sweet-kase#primaryimage"},"image":{"@id":"https:\/\/thetreecbd.com\/fr\/cbd\/infusion-chanvre-sweet-kase#primaryimage"},"thumbnailUrl":"https:\/\/thetreecbd.com\/wp-content\/uploads\/2023\/09\/flor-sweet-kase-web.png","datePublished":"2023-09-04T14:31:16+00:00","dateModified":"2025-07-04T15:24:29+00:00","description":"Infusion de chanvre Kase.O pour une d\u00e9tente totale. D\u00e9couvrez l'\u00e9quilibre de Sweet Kase entre agrumes et produits relaxants \u00e0 l'ar\u00f4me agr\u00e9able","breadcrumb":{"@id":"https:\/\/thetreecbd.com\/fr\/cbd\/infusion-chanvre-sweet-kase#breadcrumb"},"inLanguage":"fr-FR","potentialAction":[{"@type":"ReadAction","target":["https:\/\/thetreecbd.com\/fr\/cbd\/infusion-chanvre-sweet-kase"]}]},{"@type":"ImageObject","inLanguage":"fr-FR","@id":"https:\/\/thetreecbd.com\/fr\/cbd\/infusion-chanvre-sweet-kase#primaryimage","url":"https:\/\/thetreecbd.com\/wp-content\/uploads\/2023\/09\/flor-sweet-kase-web.png","contentUrl":"https:\/\/thetreecbd.com\/wp-content\/uploads\/2023\/09\/flor-sweet-kase-web.png","width":600,"height":720,"caption":"flor-infusi\u00f3n-sweet-kase-cbd"},{"@type":"BreadcrumbList","@id":"https:\/\/thetreecbd.com\/fr\/cbd\/infusion-chanvre-sweet-kase#breadcrumb","itemListElement":[{"@type":"ListItem","position":1,"name":"The Tree","item":"https:\/\/thetreecbd.com\/fr"},{"@type":"ListItem","position":2,"name":"CBD","item":"https:\/\/thetreecbd.com\/es\/cbd"},{"@type":"ListItem","position":3,"name":"Infusions de chanvre","item":"https:\/\/thetreecbd.com\/fr\/infusions-chanvre"},{"@type":"ListItem","position":4,"name":"Infusion Sweet Kase : Infusion de chanvre par Kase.O"}]},{"@type":"WebSite","@id":"https:\/\/thetreecbd.com\/fr#website","url":"https:\/\/thetreecbd.com\/fr","name":"The Tree CBD","description":"Comprar CBD en Espa\u00f1a Online","publisher":{"@id":"https:\/\/thetreecbd.com\/fr#organization"},"potentialAction":[{"@type":"SearchAction","target":{"@type":"EntryPoint","urlTemplate":"https:\/\/thetreecbd.com\/fr?s={search_term_string}"},"query-input":{"@type":"PropertyValueSpecification","valueRequired":true,"valueName":"search_term_string"}}],"inLanguage":"fr-FR"},{"@type":"Organization","@id":"https:\/\/thetreecbd.com\/fr#organization","name":"The Tree CBD","url":"https:\/\/thetreecbd.com\/fr","logo":{"@type":"ImageObject","inLanguage":"fr-FR","@id":"https:\/\/thetreecbd.com\/fr#\/schema\/logo\/image\/","url":"https:\/\/thetreecbd.com\/wp-content\/uploads\/2022\/04\/logo-thetree.png","contentUrl":"https:\/\/thetreecbd.com\/wp-content\/uploads\/2022\/04\/logo-thetree.png","width":172,"height":55,"caption":"The Tree CBD"},"image":{"@id":"https:\/\/thetreecbd.com\/fr#\/schema\/logo\/image\/"},"sameAs":["https:\/\/www.facebook.com\/thetreeCBD\/","https:\/\/x.com\/TheTreeCBD_EU","https:\/\/www.instagram.com\/thetree.cbd\/","https:\/\/es.trustpilot.com\/review\/thetreecbd.com"]}]}},"_links":{"self":[{"href":"https:\/\/thetreecbd.com\/fr\/wp-json\/wp\/v2\/product\/123442","targetHints":{"allow":["GET"]}}],"collection":[{"href":"https:\/\/thetreecbd.com\/fr\/wp-json\/wp\/v2\/product"}],"about":[{"href":"https:\/\/thetreecbd.com\/fr\/wp-json\/wp\/v2\/types\/product"}],"version-history":[{"count":0,"href":"https:\/\/thetreecbd.com\/fr\/wp-json\/wp\/v2\/product\/123442\/revisions"}],"wp:featuredmedia":[{"embeddable":true,"href":"https:\/\/thetreecbd.com\/fr\/wp-json\/wp\/v2\/media\/125966"}],"wp:attachment":[{"href":"https:\/\/thetreecbd.com\/fr\/wp-json\/wp\/v2\/media?parent=123442"}],"wp:term":[{"taxonomy":"product_brand","embeddable":true,"href":"https:\/\/thetreecbd.com\/fr\/wp-json\/wp\/v2\/product_brand?post=123442"}],"curies":[{"name":"wp","href":"https:\/\/api.w.org\/{rel}","templated":true}]}}