{"id":123453,"date":"2023-09-04T16:31:05","date_gmt":"2023-09-04T14:31:05","guid":{"rendered":"https:\/\/thetreecbd.com\/?post_type=product&#038;p=123453"},"modified":"2025-07-04T17:38:10","modified_gmt":"2025-07-04T15:38:10","slug":"pack-cbd-sweet-kase","status":"publish","type":"product","link":"https:\/\/thetreecbd.com\/fr\/cbd\/pack-cbd-sweet-kase","title":{"rendered":"Pack Sweet Kase CBD par Kase.O"},"content":{"rendered":"<p>The Tree CBD vous propose cet incroyable <strong>pack Sweet Kase, cr\u00e9\u00e9 en collaboration avec l&#8217;artiste Kase.O.<\/strong> Sur la base de l&#8217;exp\u00e9rience de Kase.O avec le CBD, nous avons \u00e9labor\u00e9 un pack qui est exactement le m\u00eame que l&#8217;exp\u00e9rience de Kase.O avec le CBD.<\/p>\n<p>Le premier article de ce pack est constitu\u00e9 de<strong><a href=\"https:\/\/thetreecbd.com\/fr\/fleurs-cbd\"> fleurs CBD<\/a> d\u2019int\u00e9rieur haut de gamme de la vari\u00e9t\u00e9 Sweet Kase.<\/strong><\/p>\n<p>Cultiv\u00e9es avec le plus grand soin et d\u00e9vouement pour garantir leur qualit\u00e9 et leur puret\u00e9, ces fleurs ont une finition californienne qui rehausse leur ar\u00f4me. <strong>Ces fleurs riches en cannabidiol de premi\u00e8re qualit\u00e9 et au final californien vous offrent un ar\u00f4me exceptionnel et incomparable.<\/strong><\/p>\n<p>La collaboration entre Kase.O et The Tree CBD a \u00e9t\u00e9 une synergie parfaite, unissant le monde de l&#8217;art et de l&#8217;innovation dans les produits CBD. L<strong>e r\u00e9sultat final est des fleurs de CBD qui sont non seulement visuellement captivantes, mais offrent \u00e9galement une exp\u00e9rience aromatique pas comme les autres.<\/strong><\/p>\n<p>Pour ce faire, <strong>vous pouvez choisir votre pack avec le format<\/strong> de fleurs que vous souhaitez, soit avec le sachet <strong>de 2, 5, 15, 25 ou 50 grammes.<\/strong><\/p>\n<p><strong>Le deuxi\u00e8me \u00e9l\u00e9ment de ce pack est l&#8217;huile<\/strong>. L&#8217;<a href=\"https:\/\/thetreecbd.com\/fr\/huiles-cbd\">huile de CBD<\/a> Sweet Kase aux ar\u00f4mes de CBG, de m\u00e9lisse et de miel a \u00e9t\u00e9 cr\u00e9\u00e9e en collaboration avec l&#8217;<strong>artiste Kase.O qui a apport\u00e9 sa vision et sa passion pour la sant\u00e9 et le bien-\u00eatre g\u00e9n\u00e9ral,<\/strong> avec son engagement envers les produits naturels et efficaces qui sont clairement refl\u00e9t\u00e9 dans tous les aspects de cette huile.<\/p>\n<p>Cette huile de CBD et CBG, \u00e0 spectre complet, pr\u00e9serve tous les composants de la fleur de chanvre et ses propri\u00e9t\u00e9s, <strong>apportant principalement 5% de cannabidiol (CBD), 5% de <a href=\"https:\/\/thetreecbd.com\/fr\/huiles-cbd\/huiles-cbg\">cannabig\u00e9rol (CBG)<\/a>, et des parties mineures de CBF, CBN, CBC et plus de 40 terp\u00e8nes naturellement pr\u00e9sents dans le chanvre.<\/strong><\/p>\n<p>L&#8217;huile Sweet Kase est <strong>enrichie d&#8217;un extrait de feuilles de m\u00e9lisse qui apporte les propri\u00e9t\u00e9s bien-\u00eatre de la plante<\/strong>, <strong>et d&#8217;un ar\u00f4me de miel qui rehausse l&#8217;exp\u00e9rience sensorielle de cette huile.<\/strong><\/p>\n<p>Mais ce n&#8217;est pas tout, <strong>car dans le Sweet Kase vous trouverez \u00e9galement une infusion<\/strong>. Comme chacun le sait, l&#8217;artiste Kase.O est fan d&#8217;infusions, et avec eux, nous avons d\u00e9velopp\u00e9 un produit pour compl\u00e9ter l&#8217;exp\u00e9rience.<\/p>\n<p><strong>Cette infusion, \u00e0 base de Rooibos et de chanvre pr\u00e9sente une boisson r\u00e9confortante et d\u00e9licieuse.<\/strong> Le Rooibos, \u00e0 la saveur douce et l\u00e9g\u00e8rement sucr\u00e9e, se marie parfaitement au chanvre, offrant une exp\u00e9rience relaxante et unique. C&#8217;est une merveilleuse fa\u00e7on de se d\u00e9tendre et de profiter d&#8217;un moment de calme \u00e0 tout moment de la journ\u00e9e.<\/p>\n<p>Le pack \u00ab Sweet Kase \u00bb est bien plus qu&#8217;un ensemble de produits, c&#8217;est une invitation \u00e0 s&#8217;immerger dans une exp\u00e9rience sensorielle unique, o\u00f9 bien-\u00eatre et plaisir sont en parfaite harmonie. D\u00e9couvrez la puissance du CBD et du CBG, la puret\u00e9 des fleurs d&#8217;int\u00e9rieur premium et la d\u00e9licieuse infusion de Rooibos et de Chanvre. Pr\u00e9parez votre corps et votre esprit \u00e0 profiter de moments inoubliables de d\u00e9tente et de calme.<\/p>\n<p>N&#8217;attendez plus et plongez-vous dans l&#8217;univers sucr\u00e9 du pack Sweet Kase de Kase.O et The Tree CBD. Votre bien-\u00eatre vous remerciera.<\/p>\n<h2>Caract\u00e9ristiques du pack Sweet Kase CBD<\/h2>\n<p>Ce pack fleurs, huile et infusion de CBD vous propose trois produits stars d\u00e9velopp\u00e9s en collaboration avec l&#8217;artiste Kase.O. Une invitation \u00e0 s&#8217;immerger dans une exp\u00e9rience sensorielle unique, o\u00f9 bien-\u00eatre et plaisir sont en parfaite harmonie.<\/p>\n<h2>Composants<\/h2>\n<ul>\n<li>1 Sachet de fleurs Sweet Kase 2\/5\/15\/25\/50gr<\/li>\n<li>1 Huile Sweet Kase aux ar\u00f4mes CBD, CBG, Melisa et Miel de 10ml<\/li>\n<li>1 infusion relaxante Sweet Kase \u00e0 base de Chanvre et Rooibos 50gr<\/li>\n<\/ul>\n<h2>Utilisateur auquel il est destin\u00e9<\/h2>\n<p>Ce pack s&#8217;adresse \u00e0 ceux qui souhaitent essayer tous les produits de la gamme Sweet Kase \u00e0 un prix r\u00e9duit, puisqu&#8217;avec ce pack vous pourrez profiter de toute la gamme de produits mais avec une r\u00e9duction de 10%.<\/p>\n<h2>Information de s\u00e9curit\u00e9<\/h2>\n<p>Gardez \u00e0 l\u2019esprit que les t\u00eates CBD de The Tree sont un produit d\u00e9coratif, de collection et aromatique. Ils ne doivent pas \u00eatre utilis\u00e9s pendant la grossesse ou l&#8217;allaitement. Garder hors de la port\u00e9e des enfants.<\/p>\n<p>Nos t\u00eates CBD sont des fleurs de chanvre sans r\u00e9sine et non psychoactives, cultiv\u00e9es \u00e0 partir de graines certifi\u00e9es, sans additifs, avec un maximum de 0,3% de THC ou un indice de psychoactivit\u00e9 inf\u00e9rieur \u00e0 1. Type de fibre Cannabis selon le Manuel ST\/NAR 40 United Nations. Produit d\u00e9coratif, aromatique et collectionneur. Son ingestion, inhalation ou usage th\u00e9rapeutique est interdit. La soci\u00e9t\u00e9 n&#8217;est pas responsable de toute utilisation contraire \u00e0 la loi ou \u00e0 ces indications. Sa vente aux mineurs est interdite. Garder loin des enfants.<\/p>\n<p>L&#8217;huile Sweet Kase est un produit topique et ne doit pas \u00eatre utilis\u00e9e pendant la grossesse ou l&#8217;allaitement. Garder hors de la port\u00e9e des enfants.<\/p>\n<p>Le contenu propos\u00e9 est uniquement \u00e0 des fins d\u2019information et de formation et ne se substitue en aucun cas \u00e0 l\u2019avis m\u00e9dical d\u2019un m\u00e9decin ou d\u2019un pharmacien. Nos textes ne sont pas destin\u00e9s au diagnostic et au traitement ind\u00e9pendants des maladies.<\/p>\n<p>N&#8217;h\u00e9sitez pas \u00e0 nous contacter si vous avez d&#8217;autres questions.<\/p>\n<h2>Stockage<\/h2>\n<p>Id\u00e9alement, les produits Sweet Kase pack doivent \u00eatre stock\u00e9s dans un endroit frais et sec, \u00e0 l\u2019abri des odeurs l\u00e9g\u00e8res et fortes pour \u00e9viter tout type de contamination. \u00c9vitez la lumi\u00e8re directe du soleil et la chaleur.<\/p>\n<p>Attention : La dur\u00e9e de conservation indiqu\u00e9e est de deux ans si elle est stock\u00e9e correctement.<\/p>\n","protected":false},"excerpt":{"rendered":"<p>Ce pack fleurs, huile et infusion de CBD vous propose trois produits stars d\u00e9velopp\u00e9s en collaboration avec l&#8217;artiste Kase.O. Une invitation \u00e0 s&#8217;immerger dans une exp\u00e9rience sensorielle unique, o\u00f9 bien-\u00eatre et plaisir sont en parfaite harmonie.<\/p>\n<ul>\n<li>1 Sachet de fleurs Sweet Kase de 2, 5, 15, 25 ou 50 grammes<\/li>\n<li>1 Huile Sweet Kase aux ar\u00f4mes CBD, CBG, Melisa et Miel de 10ml<\/li>\n<li>1 infusion relaxante Sweet Kase \u00e0 base de Chanvre et Rooibos 50gr<\/li>\n<\/ul>\n","protected":false},"featured_media":125975,"template":"","meta":{"_acf_changed":false},"product_brand":[],"class_list":{"0":"post-123453","1":"product","2":"type-product","3":"status-publish","4":"has-post-thumbnail","6":"product_cat-fleurs-cbd","7":"product_cat-huiles-cbd","8":"product_cat-packs-cbd","9":"product_cat-cbd-concentrees-20","10":"product_cat-sweet-kase-cbd-by-kase-o-fr","12":"first","13":"outofstock","14":"taxable","15":"shipping-taxable","16":"purchasable","17":"product-type-variable","18":"has-default-attributes"},"acf":[],"yoast_head":"<!-- This site is optimized with the Yoast SEO plugin v26.3 - https:\/\/yoast.com\/wordpress\/plugins\/seo\/ -->\n<title>Pack Sweet Kase CBD par Kase.O - The Tree CBD<\/title>\n<meta name=\"description\" content=\"Le pack CBD by Kase.O Sweet Kase pour The Tree CBD est la meilleure option pour essayer et d\u00e9couvrir les produits pr\u00e9f\u00e9r\u00e9s du chanteur.\" \/>\n<meta name=\"robots\" content=\"index, follow, max-snippet:-1, max-image-preview:large, max-video-preview:-1\" \/>\n<link rel=\"canonical\" href=\"https:\/\/thetreecbd.com\/fr\/cbd\/pack-cbd-sweet-kase\" \/>\n<meta property=\"og:locale\" content=\"fr_FR\" \/>\n<meta property=\"og:type\" content=\"article\" \/>\n<meta property=\"og:title\" content=\"Pack Sweet Kase CBD par Kase.O - The Tree CBD\" \/>\n<meta property=\"og:description\" content=\"Le pack CBD by Kase.O Sweet Kase pour The Tree CBD est la meilleure option pour essayer et d\u00e9couvrir les produits pr\u00e9f\u00e9r\u00e9s du chanteur.\" \/>\n<meta property=\"og:url\" content=\"https:\/\/thetreecbd.com\/fr\/cbd\/pack-cbd-sweet-kase\" \/>\n<meta property=\"og:site_name\" content=\"The Tree CBD\" \/>\n<meta property=\"article:publisher\" content=\"https:\/\/www.facebook.com\/thetreeCBD\/\" \/>\n<meta property=\"article:modified_time\" content=\"2025-07-04T15:38:10+00:00\" \/>\n<meta property=\"og:image\" content=\"https:\/\/thetreecbd.com\/wp-content\/uploads\/2023\/09\/pack-sweet-kase-web.png\" \/>\n\t<meta property=\"og:image:width\" content=\"600\" \/>\n\t<meta property=\"og:image:height\" content=\"720\" \/>\n\t<meta property=\"og:image:type\" content=\"image\/png\" \/>\n<meta name=\"twitter:card\" content=\"summary_large_image\" \/>\n<meta name=\"twitter:site\" content=\"@TheTreeCBD_EU\" \/>\n<meta name=\"twitter:label1\" content=\"Dur\u00e9e de lecture estim\u00e9e\" \/>\n\t<meta name=\"twitter:data1\" content=\"5 minutes\" \/>\n<script type=\"application\/ld+json\" class=\"yoast-schema-graph\">{\"@context\":\"https:\/\/schema.org\",\"@graph\":[{\"@type\":[\"WebPage\",\"ItemPage\"],\"@id\":\"https:\/\/thetreecbd.com\/fr\/cbd\/pack-cbd-sweet-kase\",\"url\":\"https:\/\/thetreecbd.com\/fr\/cbd\/pack-cbd-sweet-kase\",\"name\":\"Pack Sweet Kase CBD par Kase.O - The Tree CBD\",\"isPartOf\":{\"@id\":\"https:\/\/thetreecbd.com\/fr#website\"},\"primaryImageOfPage\":{\"@id\":\"https:\/\/thetreecbd.com\/fr\/cbd\/pack-cbd-sweet-kase#primaryimage\"},\"image\":{\"@id\":\"https:\/\/thetreecbd.com\/fr\/cbd\/pack-cbd-sweet-kase#primaryimage\"},\"thumbnailUrl\":\"https:\/\/thetreecbd.com\/wp-content\/uploads\/2023\/09\/pack-sweet-kase-web.png\",\"datePublished\":\"2023-09-04T14:31:05+00:00\",\"dateModified\":\"2025-07-04T15:38:10+00:00\",\"description\":\"Le pack CBD by Kase.O Sweet Kase pour The Tree CBD est la meilleure option pour essayer et d\u00e9couvrir les produits pr\u00e9f\u00e9r\u00e9s du chanteur.\",\"breadcrumb\":{\"@id\":\"https:\/\/thetreecbd.com\/fr\/cbd\/pack-cbd-sweet-kase#breadcrumb\"},\"inLanguage\":\"fr-FR\",\"potentialAction\":[{\"@type\":\"ReadAction\",\"target\":[\"https:\/\/thetreecbd.com\/fr\/cbd\/pack-cbd-sweet-kase\"]}]},{\"@type\":\"ImageObject\",\"inLanguage\":\"fr-FR\",\"@id\":\"https:\/\/thetreecbd.com\/fr\/cbd\/pack-cbd-sweet-kase#primaryimage\",\"url\":\"https:\/\/thetreecbd.com\/wp-content\/uploads\/2023\/09\/pack-sweet-kase-web.png\",\"contentUrl\":\"https:\/\/thetreecbd.com\/wp-content\/uploads\/2023\/09\/pack-sweet-kase-web.png\",\"width\":600,\"height\":720,\"caption\":\"pack-sweet-kase-cbd\"},{\"@type\":\"BreadcrumbList\",\"@id\":\"https:\/\/thetreecbd.com\/fr\/cbd\/pack-cbd-sweet-kase#breadcrumb\",\"itemListElement\":[{\"@type\":\"ListItem\",\"position\":1,\"name\":\"The Tree\",\"item\":\"https:\/\/thetreecbd.com\/fr\"},{\"@type\":\"ListItem\",\"position\":2,\"name\":\"CBD\",\"item\":\"https:\/\/thetreecbd.com\/es\/cbd\"},{\"@type\":\"ListItem\",\"position\":3,\"name\":\"Huile de CBD\",\"item\":\"https:\/\/thetreecbd.com\/fr\/huiles-cbd\"},{\"@type\":\"ListItem\",\"position\":4,\"name\":\"Pack Sweet Kase CBD par Kase.O\"}]},{\"@type\":\"WebSite\",\"@id\":\"https:\/\/thetreecbd.com\/fr#website\",\"url\":\"https:\/\/thetreecbd.com\/fr\",\"name\":\"The Tree CBD\",\"description\":\"Comprar CBD en Espa\u00f1a Online\",\"publisher\":{\"@id\":\"https:\/\/thetreecbd.com\/fr#organization\"},\"potentialAction\":[{\"@type\":\"SearchAction\",\"target\":{\"@type\":\"EntryPoint\",\"urlTemplate\":\"https:\/\/thetreecbd.com\/fr?s={search_term_string}\"},\"query-input\":{\"@type\":\"PropertyValueSpecification\",\"valueRequired\":true,\"valueName\":\"search_term_string\"}}],\"inLanguage\":\"fr-FR\"},{\"@type\":\"Organization\",\"@id\":\"https:\/\/thetreecbd.com\/fr#organization\",\"name\":\"The Tree CBD\",\"url\":\"https:\/\/thetreecbd.com\/fr\",\"logo\":{\"@type\":\"ImageObject\",\"inLanguage\":\"fr-FR\",\"@id\":\"https:\/\/thetreecbd.com\/fr#\/schema\/logo\/image\/\",\"url\":\"https:\/\/thetreecbd.com\/wp-content\/uploads\/2022\/04\/logo-thetree.png\",\"contentUrl\":\"https:\/\/thetreecbd.com\/wp-content\/uploads\/2022\/04\/logo-thetree.png\",\"width\":172,\"height\":55,\"caption\":\"The Tree CBD\"},\"image\":{\"@id\":\"https:\/\/thetreecbd.com\/fr#\/schema\/logo\/image\/\"},\"sameAs\":[\"https:\/\/www.facebook.com\/thetreeCBD\/\",\"https:\/\/x.com\/TheTreeCBD_EU\",\"https:\/\/www.instagram.com\/thetree.cbd\/\",\"https:\/\/es.trustpilot.com\/review\/thetreecbd.com\"]}]}<\/script>\n<!-- \/ Yoast SEO plugin. -->","yoast_head_json":{"title":"Pack Sweet Kase CBD par Kase.O - The Tree CBD","description":"Le pack CBD by Kase.O Sweet Kase pour The Tree CBD est la meilleure option pour essayer et d\u00e9couvrir les produits pr\u00e9f\u00e9r\u00e9s du chanteur.","robots":{"index":"index","follow":"follow","max-snippet":"max-snippet:-1","max-image-preview":"max-image-preview:large","max-video-preview":"max-video-preview:-1"},"canonical":"https:\/\/thetreecbd.com\/fr\/cbd\/pack-cbd-sweet-kase","og_locale":"fr_FR","og_type":"article","og_title":"Pack Sweet Kase CBD par Kase.O - The Tree CBD","og_description":"Le pack CBD by Kase.O Sweet Kase pour The Tree CBD est la meilleure option pour essayer et d\u00e9couvrir les produits pr\u00e9f\u00e9r\u00e9s du chanteur.","og_url":"https:\/\/thetreecbd.com\/fr\/cbd\/pack-cbd-sweet-kase","og_site_name":"The Tree CBD","article_publisher":"https:\/\/www.facebook.com\/thetreeCBD\/","article_modified_time":"2025-07-04T15:38:10+00:00","og_image":[{"width":600,"height":720,"url":"https:\/\/thetreecbd.com\/wp-content\/uploads\/2023\/09\/pack-sweet-kase-web.png","type":"image\/png"}],"twitter_card":"summary_large_image","twitter_site":"@TheTreeCBD_EU","twitter_misc":{"Dur\u00e9e de lecture estim\u00e9e":"5 minutes"},"schema":{"@context":"https:\/\/schema.org","@graph":[{"@type":["WebPage","ItemPage"],"@id":"https:\/\/thetreecbd.com\/fr\/cbd\/pack-cbd-sweet-kase","url":"https:\/\/thetreecbd.com\/fr\/cbd\/pack-cbd-sweet-kase","name":"Pack Sweet Kase CBD par Kase.O - The Tree CBD","isPartOf":{"@id":"https:\/\/thetreecbd.com\/fr#website"},"primaryImageOfPage":{"@id":"https:\/\/thetreecbd.com\/fr\/cbd\/pack-cbd-sweet-kase#primaryimage"},"image":{"@id":"https:\/\/thetreecbd.com\/fr\/cbd\/pack-cbd-sweet-kase#primaryimage"},"thumbnailUrl":"https:\/\/thetreecbd.com\/wp-content\/uploads\/2023\/09\/pack-sweet-kase-web.png","datePublished":"2023-09-04T14:31:05+00:00","dateModified":"2025-07-04T15:38:10+00:00","description":"Le pack CBD by Kase.O Sweet Kase pour The Tree CBD est la meilleure option pour essayer et d\u00e9couvrir les produits pr\u00e9f\u00e9r\u00e9s du chanteur.","breadcrumb":{"@id":"https:\/\/thetreecbd.com\/fr\/cbd\/pack-cbd-sweet-kase#breadcrumb"},"inLanguage":"fr-FR","potentialAction":[{"@type":"ReadAction","target":["https:\/\/thetreecbd.com\/fr\/cbd\/pack-cbd-sweet-kase"]}]},{"@type":"ImageObject","inLanguage":"fr-FR","@id":"https:\/\/thetreecbd.com\/fr\/cbd\/pack-cbd-sweet-kase#primaryimage","url":"https:\/\/thetreecbd.com\/wp-content\/uploads\/2023\/09\/pack-sweet-kase-web.png","contentUrl":"https:\/\/thetreecbd.com\/wp-content\/uploads\/2023\/09\/pack-sweet-kase-web.png","width":600,"height":720,"caption":"pack-sweet-kase-cbd"},{"@type":"BreadcrumbList","@id":"https:\/\/thetreecbd.com\/fr\/cbd\/pack-cbd-sweet-kase#breadcrumb","itemListElement":[{"@type":"ListItem","position":1,"name":"The Tree","item":"https:\/\/thetreecbd.com\/fr"},{"@type":"ListItem","position":2,"name":"CBD","item":"https:\/\/thetreecbd.com\/es\/cbd"},{"@type":"ListItem","position":3,"name":"Huile de CBD","item":"https:\/\/thetreecbd.com\/fr\/huiles-cbd"},{"@type":"ListItem","position":4,"name":"Pack Sweet Kase CBD par Kase.O"}]},{"@type":"WebSite","@id":"https:\/\/thetreecbd.com\/fr#website","url":"https:\/\/thetreecbd.com\/fr","name":"The Tree CBD","description":"Comprar CBD en Espa\u00f1a Online","publisher":{"@id":"https:\/\/thetreecbd.com\/fr#organization"},"potentialAction":[{"@type":"SearchAction","target":{"@type":"EntryPoint","urlTemplate":"https:\/\/thetreecbd.com\/fr?s={search_term_string}"},"query-input":{"@type":"PropertyValueSpecification","valueRequired":true,"valueName":"search_term_string"}}],"inLanguage":"fr-FR"},{"@type":"Organization","@id":"https:\/\/thetreecbd.com\/fr#organization","name":"The Tree CBD","url":"https:\/\/thetreecbd.com\/fr","logo":{"@type":"ImageObject","inLanguage":"fr-FR","@id":"https:\/\/thetreecbd.com\/fr#\/schema\/logo\/image\/","url":"https:\/\/thetreecbd.com\/wp-content\/uploads\/2022\/04\/logo-thetree.png","contentUrl":"https:\/\/thetreecbd.com\/wp-content\/uploads\/2022\/04\/logo-thetree.png","width":172,"height":55,"caption":"The Tree CBD"},"image":{"@id":"https:\/\/thetreecbd.com\/fr#\/schema\/logo\/image\/"},"sameAs":["https:\/\/www.facebook.com\/thetreeCBD\/","https:\/\/x.com\/TheTreeCBD_EU","https:\/\/www.instagram.com\/thetree.cbd\/","https:\/\/es.trustpilot.com\/review\/thetreecbd.com"]}]}},"_links":{"self":[{"href":"https:\/\/thetreecbd.com\/fr\/wp-json\/wp\/v2\/product\/123453","targetHints":{"allow":["GET"]}}],"collection":[{"href":"https:\/\/thetreecbd.com\/fr\/wp-json\/wp\/v2\/product"}],"about":[{"href":"https:\/\/thetreecbd.com\/fr\/wp-json\/wp\/v2\/types\/product"}],"version-history":[{"count":0,"href":"https:\/\/thetreecbd.com\/fr\/wp-json\/wp\/v2\/product\/123453\/revisions"}],"wp:featuredmedia":[{"embeddable":true,"href":"https:\/\/thetreecbd.com\/fr\/wp-json\/wp\/v2\/media\/125975"}],"wp:attachment":[{"href":"https:\/\/thetreecbd.com\/fr\/wp-json\/wp\/v2\/media?parent=123453"}],"wp:term":[{"taxonomy":"product_brand","embeddable":true,"href":"https:\/\/thetreecbd.com\/fr\/wp-json\/wp\/v2\/product_brand?post=123453"}],"curies":[{"name":"wp","href":"https:\/\/api.w.org\/{rel}","templated":true}]}}