{"id":123488,"date":"2023-08-05T00:00:20","date_gmt":"2023-08-04T22:00:20","guid":{"rendered":"https:\/\/thetreecbd.com\/?post_type=product&#038;p=123488"},"modified":"2025-07-04T17:53:10","modified_gmt":"2025-07-04T15:53:10","slug":"pack-sweet-kase-cbd-par-kase-o-edition-limitee-500-unites","status":"publish","type":"product","link":"https:\/\/thetreecbd.com\/fr\/cbd\/pack-sweet-kase-cbd-par-kase-o-edition-limitee-500-unites","title":{"rendered":"Pack No\u00ebl Sweet Kase CBD par Kase.O : \u00c9dition Limit\u00e9e 200 unit\u00e9s"},"content":{"rendered":"<p>The Tree CBD et Kase.O vous proposent <strong>ce pack de No\u00ebl exclusif Sweet Kase en \u00e9dition limit\u00e9e !<\/strong> Ce forfait extraordinaire est un v\u00e9ritable joyau, c<strong>ompos\u00e9 de 200 unit\u00e9s uniques<\/strong> qui vous transporteront dans une exp\u00e9rience exceptionnelle de bien-\u00eatre et d&#8217;art. <strong>Le cadeau parfait pour cettes vacances.<\/strong><\/p>\n<p>Chaque pack Sweet Kase en \u00e9dition limit\u00e9e est livr\u00e9 <strong>avec une \u00e9l\u00e9gante bo\u00eete en m\u00e9tal de le c\u00e9l\u00e8bre artiste Kase.O<\/strong>. Ce d\u00e9tail fait de chaque unit\u00e9 une pi\u00e8ce de collection, vous garantissant ainsi <strong>d&#8217;acqu\u00e9rir une pi\u00e8ce unique au monde.<\/strong><\/p>\n<p>Cette \u00e9dition limit\u00e9e \u00e0 500 unit\u00e9s est une opportunit\u00e9 \u00e0 ne pas manquer. <strong>Vous obtiendrez non seulement des produits CBD haut de gamme de la gamme Sweet, mais aussi un coffret design, par l&#8217;artiste Kase.O.<\/strong><\/p>\n<p>Plongez dans l&#8217;univers de \u00ab Sweet Kase \u00bb, un lieu o\u00f9 bien-\u00eatre et art se fondent dans une exp\u00e9rience incomparable. Profitez de la s\u00e9r\u00e9nit\u00e9 que procure le CBD et de l&#8217;inspiration que suscite l&#8217;art de Kase O. <strong>Ne manquez pas cette opportunit\u00e9 unique de poss\u00e9der une pi\u00e8ce unique au monde qui \u00e9l\u00e8vera vos sens et enrichira votre vie d&#8217;une mani\u00e8re extraordinaire.<\/strong><\/p>\n<h2>Caract\u00e9ristiques du pack No\u00ebl Sweet Kase CBD \u00e9dition limit\u00e9e<\/h2>\n<p>Une bo\u00eete en m\u00e9tal sign\u00e9e Kase.O qui contient \u00e9galement un pack de fleurs, d&#8217;<a href=\"https:\/\/thetreecbd.com\/fr\/huiles-cbd\">huile<\/a> et d&#8217;infusion de la collection Sweet Kase. Une v\u00e9ritable pi\u00e8ce de collection pour les amateurs de CBD et de Kase.O et dont il existe seulement 500 unit\u00e9s.<\/p>\n<h2>Composants<\/h2>\n<ul>\n<li>Bo\u00eete en m\u00e9tal Sweet Kase en \u00e9dition limit\u00e9e, par Kase.O (200 unit\u00e9s)<\/li>\n<li>1 Sachet de fleurs Sweet Kase 2\/5\/15\/25\/50gr<\/li>\n<li>1 Huile Sweet Kase aux ar\u00f4mes CBD, CBG, Melisa et Miel de 10ml<\/li>\n<li>1 infusion relaxante Sweet Kase \u00e0 base de Chanvre et Rooibos 50gr<\/li>\n<\/ul>\n<h2>Utilisateur auquel il est destin\u00e9<\/h2>\n<p><strong>Ce pack s&#8217;adresse \u00e0 ceux qui souhaitent non seulement acheter des produits de la gamme Sweet Kase \u00e0 prix r\u00e9duit,<\/strong> mais qui souhaitent <strong>\u00e9galement se procurer un authentique objet de collection comme la bo\u00eete en m\u00e9tal de la ligne Sweet Kase, unique au monde.<\/strong> , et sign\u00e9 par Kase.O.<\/p>\n<h2>Information de s\u00e9curit\u00e9<\/h2>\n<p>Gardez \u00e0 l\u2019esprit que les t\u00eates CBD de The Tree sont un produit d\u00e9coratif, de collection et aromatique. Ils ne doivent pas \u00eatre utilis\u00e9s pendant la grossesse ou l&#8217;allaitement. Garder hors de la port\u00e9e des enfants.<\/p>\n<p>Nos t\u00eates CBD sont des <a href=\"https:\/\/thetreecbd.com\/fr\/fleurs-cbd\">fleurs de chanvre<\/a> sans r\u00e9sine et non psychoactives, cultiv\u00e9es \u00e0 partir de graines certifi\u00e9es, sans additifs, avec un maximum de 0,3% de THC ou un indice de psychoactivit\u00e9 inf\u00e9rieur \u00e0 1. Type de fibre Cannabis selon le Manuel ST\/NAR 40 United Nations. Produit d\u00e9coratif, aromatique et collectionneur. Son ingestion, inhalation ou usage th\u00e9rapeutique est interdit. La soci\u00e9t\u00e9 n&#8217;est pas responsable de toute utilisation contraire \u00e0 la loi ou \u00e0 ces indications. Sa vente aux mineurs est interdite. Garder loin des enfants.<\/p>\n<p>L&#8217;huile Sweet Kase est un produit topique et ne doit pas \u00eatre utilis\u00e9e pendant la grossesse ou l&#8217;allaitement. Garder hors de la port\u00e9e des enfants.<\/p>\n<p>Le contenu propos\u00e9 est uniquement \u00e0 des fins d\u2019information et de formation et ne se substitue en aucun cas \u00e0 l\u2019avis m\u00e9dical d\u2019un m\u00e9decin ou d\u2019un pharmacien. Nos textes ne sont pas destin\u00e9s au diagnostic et au traitement ind\u00e9pendants des maladies.<\/p>\n<p>N&#8217;h\u00e9sitez pas \u00e0 nous contacter si vous avez d&#8217;autres questions.<\/p>\n<h2>Stockage<\/h2>\n<p>Id\u00e9alement, les produits Sweet Kase pack doivent \u00eatre stock\u00e9s dans un endroit frais et sec, \u00e0 l\u2019abri des odeurs l\u00e9g\u00e8res et fortes pour \u00e9viter tout type de contamination. \u00c9vitez la lumi\u00e8re directe du soleil et la chaleur.<\/p>\n<p>Attention : La dur\u00e9e de conservation indiqu\u00e9e est de deux ans si elle est stock\u00e9e correctement.<\/p>\n","protected":false},"excerpt":{"rendered":"<p><strong>Le cadeau id\u00e9al pour ces vacances,<\/strong> <strong>pour offrir d\u00e9tente et bien-\u00eatre.<\/strong> Une bo\u00eete en m\u00e9tal con\u00e7ue par Kase.O qui contient \u00e9galement un pack de fleurs, d&#8217;huile et d&#8217;infusion de la collection Sweet Kase. <strong>Une v\u00e9ritable pi\u00e8ce de collection pour les amateurs de CBD et de Kase.O et dont il existe seulement 200 unit\u00e9s.<\/strong><\/p>\n<ul>\n<li>\u00c9dition de No\u00ebl Sweet Kase Metal Box, par Kase.O (200 unit\u00e9s)<\/li>\n<li>1 Sachet de fleurs Sweet Kase 2\/5\/15\/25\/50gr<\/li>\n<li>1 Huile Sweet Kase aux ar\u00f4mes CBD, CBG, Melisa et Miel de 10ml<\/li>\n<li>1 infusion relaxante Sweet Kase \u00e0 base de Chanvre et Rooibos 50gr<\/li>\n<\/ul>\n","protected":false},"featured_media":125972,"template":"","meta":{"_acf_changed":false},"product_brand":[],"class_list":{"0":"post-123488","1":"product","2":"type-product","3":"status-publish","4":"has-post-thumbnail","6":"product_cat-huiles-cbd","7":"product_cat-sweet-kase-cbd-by-kase-o-fr","9":"first","10":"outofstock","11":"taxable","12":"shipping-taxable","13":"purchasable","14":"product-type-variable","15":"has-default-attributes"},"acf":[],"yoast_head":"<!-- This site is optimized with the Yoast SEO plugin v26.3 - https:\/\/yoast.com\/wordpress\/plugins\/seo\/ -->\n<title>CBD Xmas Pack Sweet Kase par Kase.O : \u00c9dition Limit\u00e9e 200 unit\u00e9s | The Tree CBD<\/title>\n<meta name=\"description\" content=\"Pack de No\u00ebl Sweet Kase de CBD par Kase.O pour The Tree CBD. Seulement 200 unit\u00e9s avec bo\u00eete m\u00e9tallique exclusive. Ne manquez pas votre cadeau Sweet Kase\u00a0!\" \/>\n<meta name=\"robots\" content=\"index, follow, max-snippet:-1, max-image-preview:large, max-video-preview:-1\" \/>\n<link rel=\"canonical\" href=\"https:\/\/thetreecbd.com\/fr\/cbd\/pack-sweet-kase-cbd-par-kase-o-edition-limitee-500-unites\" \/>\n<meta property=\"og:locale\" content=\"fr_FR\" \/>\n<meta property=\"og:type\" content=\"article\" \/>\n<meta property=\"og:title\" content=\"CBD Xmas Pack Sweet Kase par Kase.O : \u00c9dition Limit\u00e9e 200 unit\u00e9s | The Tree CBD\" \/>\n<meta property=\"og:description\" content=\"Pack de No\u00ebl Sweet Kase de CBD par Kase.O pour The Tree CBD. Seulement 200 unit\u00e9s avec bo\u00eete m\u00e9tallique exclusive. Ne manquez pas votre cadeau Sweet Kase\u00a0!\" \/>\n<meta property=\"og:url\" content=\"https:\/\/thetreecbd.com\/fr\/cbd\/pack-sweet-kase-cbd-par-kase-o-edition-limitee-500-unites\" \/>\n<meta property=\"og:site_name\" content=\"The Tree CBD\" \/>\n<meta property=\"article:publisher\" content=\"https:\/\/www.facebook.com\/thetreeCBD\/\" \/>\n<meta property=\"article:modified_time\" content=\"2025-07-04T15:53:10+00:00\" \/>\n<meta property=\"og:image\" content=\"https:\/\/thetreecbd.com\/wp-content\/uploads\/2023\/09\/pack-premium-sweet-kase-web.png\" \/>\n\t<meta property=\"og:image:width\" content=\"600\" \/>\n\t<meta property=\"og:image:height\" content=\"720\" \/>\n\t<meta property=\"og:image:type\" content=\"image\/png\" \/>\n<meta name=\"twitter:card\" content=\"summary_large_image\" \/>\n<meta name=\"twitter:site\" content=\"@TheTreeCBD_EU\" \/>\n<meta name=\"twitter:label1\" content=\"Dur\u00e9e de lecture estim\u00e9e\" \/>\n\t<meta name=\"twitter:data1\" content=\"3 minutes\" \/>\n<script type=\"application\/ld+json\" class=\"yoast-schema-graph\">{\"@context\":\"https:\/\/schema.org\",\"@graph\":[{\"@type\":[\"WebPage\",\"ItemPage\"],\"@id\":\"https:\/\/thetreecbd.com\/fr\/cbd\/pack-sweet-kase-cbd-par-kase-o-edition-limitee-500-unites\",\"url\":\"https:\/\/thetreecbd.com\/fr\/cbd\/pack-sweet-kase-cbd-par-kase-o-edition-limitee-500-unites\",\"name\":\"CBD Xmas Pack Sweet Kase par Kase.O : \u00c9dition Limit\u00e9e 200 unit\u00e9s | The Tree CBD\",\"isPartOf\":{\"@id\":\"https:\/\/thetreecbd.com\/fr#website\"},\"primaryImageOfPage\":{\"@id\":\"https:\/\/thetreecbd.com\/fr\/cbd\/pack-sweet-kase-cbd-par-kase-o-edition-limitee-500-unites#primaryimage\"},\"image\":{\"@id\":\"https:\/\/thetreecbd.com\/fr\/cbd\/pack-sweet-kase-cbd-par-kase-o-edition-limitee-500-unites#primaryimage\"},\"thumbnailUrl\":\"https:\/\/thetreecbd.com\/wp-content\/uploads\/2023\/09\/pack-premium-sweet-kase-web.png\",\"datePublished\":\"2023-08-04T22:00:20+00:00\",\"dateModified\":\"2025-07-04T15:53:10+00:00\",\"description\":\"Pack de No\u00ebl Sweet Kase de CBD par Kase.O pour The Tree CBD. Seulement 200 unit\u00e9s avec bo\u00eete m\u00e9tallique exclusive. Ne manquez pas votre cadeau Sweet Kase\u00a0!\",\"breadcrumb\":{\"@id\":\"https:\/\/thetreecbd.com\/fr\/cbd\/pack-sweet-kase-cbd-par-kase-o-edition-limitee-500-unites#breadcrumb\"},\"inLanguage\":\"fr-FR\",\"potentialAction\":[{\"@type\":\"ReadAction\",\"target\":[\"https:\/\/thetreecbd.com\/fr\/cbd\/pack-sweet-kase-cbd-par-kase-o-edition-limitee-500-unites\"]}]},{\"@type\":\"ImageObject\",\"inLanguage\":\"fr-FR\",\"@id\":\"https:\/\/thetreecbd.com\/fr\/cbd\/pack-sweet-kase-cbd-par-kase-o-edition-limitee-500-unites#primaryimage\",\"url\":\"https:\/\/thetreecbd.com\/wp-content\/uploads\/2023\/09\/pack-premium-sweet-kase-web.png\",\"contentUrl\":\"https:\/\/thetreecbd.com\/wp-content\/uploads\/2023\/09\/pack-premium-sweet-kase-web.png\",\"width\":600,\"height\":720,\"caption\":\"pack-premium-sweet-kase-cbd\"},{\"@type\":\"BreadcrumbList\",\"@id\":\"https:\/\/thetreecbd.com\/fr\/cbd\/pack-sweet-kase-cbd-par-kase-o-edition-limitee-500-unites#breadcrumb\",\"itemListElement\":[{\"@type\":\"ListItem\",\"position\":1,\"name\":\"The Tree\",\"item\":\"https:\/\/thetreecbd.com\/fr\"},{\"@type\":\"ListItem\",\"position\":2,\"name\":\"CBD\",\"item\":\"https:\/\/thetreecbd.com\/es\/cbd\"},{\"@type\":\"ListItem\",\"position\":3,\"name\":\"Sweet Kase CBD by Kase.O\",\"item\":\"https:\/\/thetreecbd.com\/fr\/sweet-kase-cbd-by-kase-o-fr\"},{\"@type\":\"ListItem\",\"position\":4,\"name\":\"Pack No\u00ebl Sweet Kase CBD par Kase.O : \u00c9dition Limit\u00e9e 200 unit\u00e9s\"}]},{\"@type\":\"WebSite\",\"@id\":\"https:\/\/thetreecbd.com\/fr#website\",\"url\":\"https:\/\/thetreecbd.com\/fr\",\"name\":\"The Tree CBD\",\"description\":\"Comprar CBD en Espa\u00f1a Online\",\"publisher\":{\"@id\":\"https:\/\/thetreecbd.com\/fr#organization\"},\"potentialAction\":[{\"@type\":\"SearchAction\",\"target\":{\"@type\":\"EntryPoint\",\"urlTemplate\":\"https:\/\/thetreecbd.com\/fr?s={search_term_string}\"},\"query-input\":{\"@type\":\"PropertyValueSpecification\",\"valueRequired\":true,\"valueName\":\"search_term_string\"}}],\"inLanguage\":\"fr-FR\"},{\"@type\":\"Organization\",\"@id\":\"https:\/\/thetreecbd.com\/fr#organization\",\"name\":\"The Tree CBD\",\"url\":\"https:\/\/thetreecbd.com\/fr\",\"logo\":{\"@type\":\"ImageObject\",\"inLanguage\":\"fr-FR\",\"@id\":\"https:\/\/thetreecbd.com\/fr#\/schema\/logo\/image\/\",\"url\":\"https:\/\/thetreecbd.com\/wp-content\/uploads\/2022\/04\/logo-thetree.png\",\"contentUrl\":\"https:\/\/thetreecbd.com\/wp-content\/uploads\/2022\/04\/logo-thetree.png\",\"width\":172,\"height\":55,\"caption\":\"The Tree CBD\"},\"image\":{\"@id\":\"https:\/\/thetreecbd.com\/fr#\/schema\/logo\/image\/\"},\"sameAs\":[\"https:\/\/www.facebook.com\/thetreeCBD\/\",\"https:\/\/x.com\/TheTreeCBD_EU\",\"https:\/\/www.instagram.com\/thetree.cbd\/\",\"https:\/\/es.trustpilot.com\/review\/thetreecbd.com\"]}]}<\/script>\n<!-- \/ Yoast SEO plugin. -->","yoast_head_json":{"title":"CBD Xmas Pack Sweet Kase par Kase.O : \u00c9dition Limit\u00e9e 200 unit\u00e9s | The Tree CBD","description":"Pack de No\u00ebl Sweet Kase de CBD par Kase.O pour The Tree CBD. Seulement 200 unit\u00e9s avec bo\u00eete m\u00e9tallique exclusive. Ne manquez pas votre cadeau Sweet Kase\u00a0!","robots":{"index":"index","follow":"follow","max-snippet":"max-snippet:-1","max-image-preview":"max-image-preview:large","max-video-preview":"max-video-preview:-1"},"canonical":"https:\/\/thetreecbd.com\/fr\/cbd\/pack-sweet-kase-cbd-par-kase-o-edition-limitee-500-unites","og_locale":"fr_FR","og_type":"article","og_title":"CBD Xmas Pack Sweet Kase par Kase.O : \u00c9dition Limit\u00e9e 200 unit\u00e9s | The Tree CBD","og_description":"Pack de No\u00ebl Sweet Kase de CBD par Kase.O pour The Tree CBD. Seulement 200 unit\u00e9s avec bo\u00eete m\u00e9tallique exclusive. Ne manquez pas votre cadeau Sweet Kase\u00a0!","og_url":"https:\/\/thetreecbd.com\/fr\/cbd\/pack-sweet-kase-cbd-par-kase-o-edition-limitee-500-unites","og_site_name":"The Tree CBD","article_publisher":"https:\/\/www.facebook.com\/thetreeCBD\/","article_modified_time":"2025-07-04T15:53:10+00:00","og_image":[{"width":600,"height":720,"url":"https:\/\/thetreecbd.com\/wp-content\/uploads\/2023\/09\/pack-premium-sweet-kase-web.png","type":"image\/png"}],"twitter_card":"summary_large_image","twitter_site":"@TheTreeCBD_EU","twitter_misc":{"Dur\u00e9e de lecture estim\u00e9e":"3 minutes"},"schema":{"@context":"https:\/\/schema.org","@graph":[{"@type":["WebPage","ItemPage"],"@id":"https:\/\/thetreecbd.com\/fr\/cbd\/pack-sweet-kase-cbd-par-kase-o-edition-limitee-500-unites","url":"https:\/\/thetreecbd.com\/fr\/cbd\/pack-sweet-kase-cbd-par-kase-o-edition-limitee-500-unites","name":"CBD Xmas Pack Sweet Kase par Kase.O : \u00c9dition Limit\u00e9e 200 unit\u00e9s | The Tree CBD","isPartOf":{"@id":"https:\/\/thetreecbd.com\/fr#website"},"primaryImageOfPage":{"@id":"https:\/\/thetreecbd.com\/fr\/cbd\/pack-sweet-kase-cbd-par-kase-o-edition-limitee-500-unites#primaryimage"},"image":{"@id":"https:\/\/thetreecbd.com\/fr\/cbd\/pack-sweet-kase-cbd-par-kase-o-edition-limitee-500-unites#primaryimage"},"thumbnailUrl":"https:\/\/thetreecbd.com\/wp-content\/uploads\/2023\/09\/pack-premium-sweet-kase-web.png","datePublished":"2023-08-04T22:00:20+00:00","dateModified":"2025-07-04T15:53:10+00:00","description":"Pack de No\u00ebl Sweet Kase de CBD par Kase.O pour The Tree CBD. Seulement 200 unit\u00e9s avec bo\u00eete m\u00e9tallique exclusive. Ne manquez pas votre cadeau Sweet Kase\u00a0!","breadcrumb":{"@id":"https:\/\/thetreecbd.com\/fr\/cbd\/pack-sweet-kase-cbd-par-kase-o-edition-limitee-500-unites#breadcrumb"},"inLanguage":"fr-FR","potentialAction":[{"@type":"ReadAction","target":["https:\/\/thetreecbd.com\/fr\/cbd\/pack-sweet-kase-cbd-par-kase-o-edition-limitee-500-unites"]}]},{"@type":"ImageObject","inLanguage":"fr-FR","@id":"https:\/\/thetreecbd.com\/fr\/cbd\/pack-sweet-kase-cbd-par-kase-o-edition-limitee-500-unites#primaryimage","url":"https:\/\/thetreecbd.com\/wp-content\/uploads\/2023\/09\/pack-premium-sweet-kase-web.png","contentUrl":"https:\/\/thetreecbd.com\/wp-content\/uploads\/2023\/09\/pack-premium-sweet-kase-web.png","width":600,"height":720,"caption":"pack-premium-sweet-kase-cbd"},{"@type":"BreadcrumbList","@id":"https:\/\/thetreecbd.com\/fr\/cbd\/pack-sweet-kase-cbd-par-kase-o-edition-limitee-500-unites#breadcrumb","itemListElement":[{"@type":"ListItem","position":1,"name":"The Tree","item":"https:\/\/thetreecbd.com\/fr"},{"@type":"ListItem","position":2,"name":"CBD","item":"https:\/\/thetreecbd.com\/es\/cbd"},{"@type":"ListItem","position":3,"name":"Sweet Kase CBD by Kase.O","item":"https:\/\/thetreecbd.com\/fr\/sweet-kase-cbd-by-kase-o-fr"},{"@type":"ListItem","position":4,"name":"Pack No\u00ebl Sweet Kase CBD par Kase.O : \u00c9dition Limit\u00e9e 200 unit\u00e9s"}]},{"@type":"WebSite","@id":"https:\/\/thetreecbd.com\/fr#website","url":"https:\/\/thetreecbd.com\/fr","name":"The Tree CBD","description":"Comprar CBD en Espa\u00f1a Online","publisher":{"@id":"https:\/\/thetreecbd.com\/fr#organization"},"potentialAction":[{"@type":"SearchAction","target":{"@type":"EntryPoint","urlTemplate":"https:\/\/thetreecbd.com\/fr?s={search_term_string}"},"query-input":{"@type":"PropertyValueSpecification","valueRequired":true,"valueName":"search_term_string"}}],"inLanguage":"fr-FR"},{"@type":"Organization","@id":"https:\/\/thetreecbd.com\/fr#organization","name":"The Tree CBD","url":"https:\/\/thetreecbd.com\/fr","logo":{"@type":"ImageObject","inLanguage":"fr-FR","@id":"https:\/\/thetreecbd.com\/fr#\/schema\/logo\/image\/","url":"https:\/\/thetreecbd.com\/wp-content\/uploads\/2022\/04\/logo-thetree.png","contentUrl":"https:\/\/thetreecbd.com\/wp-content\/uploads\/2022\/04\/logo-thetree.png","width":172,"height":55,"caption":"The Tree CBD"},"image":{"@id":"https:\/\/thetreecbd.com\/fr#\/schema\/logo\/image\/"},"sameAs":["https:\/\/www.facebook.com\/thetreeCBD\/","https:\/\/x.com\/TheTreeCBD_EU","https:\/\/www.instagram.com\/thetree.cbd\/","https:\/\/es.trustpilot.com\/review\/thetreecbd.com"]}]}},"_links":{"self":[{"href":"https:\/\/thetreecbd.com\/fr\/wp-json\/wp\/v2\/product\/123488","targetHints":{"allow":["GET"]}}],"collection":[{"href":"https:\/\/thetreecbd.com\/fr\/wp-json\/wp\/v2\/product"}],"about":[{"href":"https:\/\/thetreecbd.com\/fr\/wp-json\/wp\/v2\/types\/product"}],"version-history":[{"count":0,"href":"https:\/\/thetreecbd.com\/fr\/wp-json\/wp\/v2\/product\/123488\/revisions"}],"wp:featuredmedia":[{"embeddable":true,"href":"https:\/\/thetreecbd.com\/fr\/wp-json\/wp\/v2\/media\/125972"}],"wp:attachment":[{"href":"https:\/\/thetreecbd.com\/fr\/wp-json\/wp\/v2\/media?parent=123488"}],"wp:term":[{"taxonomy":"product_brand","embeddable":true,"href":"https:\/\/thetreecbd.com\/fr\/wp-json\/wp\/v2\/product_brand?post=123488"}],"curies":[{"name":"wp","href":"https:\/\/api.w.org\/{rel}","templated":true}]}}